{"id":32099,"date":"2021-09-13T19:47:06","date_gmt":"2021-09-13T17:47:06","guid":{"rendered":"https:\/\/marktxxl.de\/markt\/produkt\/original-seit-1949-suesse-ddr-box-1949-geschenke\/"},"modified":"2023-04-11T01:44:15","modified_gmt":"2023-04-10T23:44:15","slug":"original-seit-1949-suesse-ddr-box-1949-geschenke","status":"publish","type":"product","link":"https:\/\/marktxxl.de\/markt\/produkt\/original-seit-1949-suesse-ddr-box-1949-geschenke\/","title":{"rendered":"Original 1949 \/ Geschenkbox 24er Allerlei \/ Ideen Geburtstagsgeschenk 70"},"content":{"rendered":"<p>In der bedruckten Geschenkbox: Trabi Puffreis Schokolade, Butterkeks Original Wittenberger, Liebesperlen Babyfl\u00e4schchen, Wurzener Extra Waffelbl\u00e4tter Milchschokolade, Othello Keks Wikana, Brausepulver, Schokolade DDR Geld, Kalter Hund Blister, Zetti Knusperflocken Vollmilch, Halloren-Kugeln Classic, Viba Nougat Stange, Mokkabohnen, Rotk\u00e4ppchen Sekt 0,2l, Pfeffi Stange 5er, Mintkissen Viba, Zetti Cocosflocken + anlassbezogene Geschenkbox mit Aufkleber (siehe Bilder).<br \/>\nGratis B\u00fcchlein im handlichen A6 Format (114 S., UPV: 3,99\u20ac), festes Cover. Auf geht\u2019s zur kulinarischen Zeitreise mit dem DDR Kochbuch. Mit gro\u00dfem Einfallsreichtum meisterten die \u201eDDR Hausfrauen\u201c so manchen Versorgungsengpass und zauberten eine ganze Reihe an leckeren Gerichten, die wir heute nicht missen m\u00f6chten. \u00dcber 40 neu fotografierte K\u00f6stlichkeiten mit leicht verst\u00e4ndlichen Anleitungen zum Nachkochen und Schlemmen: Soljanka, Letscho, Senfeier, Kalter Hund und Quarkkeulchen- Guten Appetit!<br \/>\n**Bestellungen werden werktags innerhalb von max. 24h in den DHL-Versand gegeben!** GRATIS: Die hier angezeigte DDR Geschenkkarte (copyright Ostprodukte-Versand !! + \u00dcber 1000 weitere DDR Geschenkideen in unserem H\u00e4ndlershop + Geschenkboxen sind wiederverschlie\u00dfbar \u2013 legen Sie noch individuelle Geschenkideen dazu! + Mehr als 100.000 zufriedene Kunden + Ihr Geschenkespezialist &amp; Spezialist f\u00fcr DDR-Produkte + Geld-zur\u00fcck-Garantie + Ostprodukte Versand seit 2003 Deutschlands Nummer 1 f\u00fcr Ostalgie<br \/>\nBei uns gibt es viele weitere Ideen f\u00fcr DDR-Pr\u00e4sentk\u00f6rbe gef\u00fcllt mit Ostprodukten. Wir bieten Ihnen eine au\u00dfergew\u00f6hnliche Geschenkidee f\u00fcr jeden &#8220;Ossi&#8221; mit Ostalgie-Produkten und f\u00fcr jeden &#8220;Wessi&#8221; mit traditionsreichen, hochwertigen &#8220;DDR&#8221;-Produkten. Unsere Ostpakete sind genau das Richtige f\u00fcr Geburtstag oder Weihnachten. Dazu neben dem \u201eOssi-Shop\u201c eine breite Palette an Geschenkideen. Geschenkk\u00f6rbe, Ostpakete und Geschenksets f\u00fcr jeden Anlass.<br \/>\nAuch bei Amazon erh\u00e4ltlich: Geburtstag 70, Geburtstag Set 70 Geschenke, witzig Geburtstags Geschenke 70, Geburtstags Geschenke 70 Jahre, Geburtstags Geschenke zum 70, Geschenke 70 Geburtstag, Geschenke 70 Geburtstag Damen, Geschenke 70 Geburtstag Frau, Geschenke 70 Geburtstag Frau lustig, Geschenke 70 Geburtstag Frauen, Geschenke 70 Geburtstag Frauen lustig, Geschenke 70 Geburtstag glas, Geschenke 70 Geburtstag lustig, Geschenke 70 Geburtstag Mama, Geschenke 70 Geburtstag Mann<br \/>\n<div class=\"main-cross-sell\" data-asin=\"B07KX4WLR4\">\n\n\t<div class=\"WooZone-cross-sell-loader\">\n\t\t<div>\n\t\t\t<div id=\"floatingBarsG\">\n\t\t\t\t<div class=\"blockG\" id=\"rotateG_01\"><\/div>\n\t\t\t\t<div class=\"blockG\" id=\"rotateG_02\"><\/div>\n\t\t\t\t<div class=\"blockG\" id=\"rotateG_03\"><\/div>\n\t\t\t\t<div class=\"blockG\" id=\"rotateG_04\"><\/div>\n\t\t\t\t<div class=\"blockG\" id=\"rotateG_05\"><\/div>\n\t\t\t\t<div class=\"blockG\" id=\"rotateG_06\"><\/div>\n\t\t\t\t<div class=\"blockG\" id=\"rotateG_07\"><\/div>\n\t\t\t\t<div class=\"blockG\" id=\"rotateG_08\"><\/div>\n\t\t\t<\/div>\n\t\t\t<div class=\"WooZone-cross-sell-loader-text\"><\/div>\n\t\t<\/div>\n\t<\/div>\n\n\t\t\n<\/div>\n<div style=\"clear:both;\"><\/div><\/p>\n","protected":false},"excerpt":{"rendered":"<p>In der bedruckten Geschenkbox: Trabi Puffreis Schokolade, Butterkeks Original Wittenberger, Liebesperlen Babyfl\u00e4schchen, Wurzener Extra Waffelbl\u00e4tter Milchschokolade, Othello Keks Wikana, Brausepulver, Schokolade DDR Geld, Kalter Hund Blister, Zetti Knusperflocken Vollmilch, Halloren-Kugeln Classic, Viba Nougat Stange, Mokkabohnen, Rotk\u00e4ppchen Sekt 0,2l, Pfeffi Stange 5er, Mintkissen Viba, Zetti Cocosflocken + anlassbezogene Geschenkbox mit Aufkleber (siehe Bilder).<br \/>\nGratis B\u00fcchlein im handlichen A6 Format (114 S., UPV: 3,99\u20ac), festes Cover. Auf geht\u2019s zur kulinarischen Zeitreise mit dem DDR Kochbuch. Mit gro\u00dfem Einfallsreichtum meisterten die \u201eDDR Hausfrauen\u201c so manchen Versorgungsengpass und zauberten eine ganze Reihe an leckeren Gerichten, die wir heute nicht missen m\u00f6chten. \u00dcber 40 neu fotografierte K\u00f6stlichkeiten mit leicht verst\u00e4ndlichen Anleitungen zum Nachkochen und Schlemmen: Soljanka, Letscho, Senfeier, Kalter Hund und Quarkkeulchen- Guten Appetit!<br \/>\n**Bestellungen werden werktags innerhalb von max. 24h in den DHL-Versand gegeben!** GRATIS: Die hier angezeigte DDR Geschenkkarte (copyright Ostprodukte-Versand !! + \u00dcber 1000 weitere DDR Geschenkideen in unserem H\u00e4ndlershop + Geschenkboxen sind wiederverschlie\u00dfbar \u2013 legen Sie noch individuelle Geschenkideen dazu! + Mehr als 100.000 zufriedene Kunden + Ihr Geschenkespezialist &amp; Spezialist f\u00fcr DDR-Produkte + Geld-zur\u00fcck-Garantie + Ostprodukte Versand seit 2003 Deutschlands Nummer 1 f\u00fcr Ostalgie<\/p>\n","protected":false},"featured_media":32110,"comment_status":"open","ping_status":"closed","template":"","meta":[],"product_brand":[],"product_cat":[2858,6632],"product_tag":[],"class_list":{"0":"post-32099","1":"product","2":"type-product","3":"status-publish","4":"has-post-thumbnail","6":"product_cat-beauty","7":"product_cat-beauty-pflegesets","8":"pa_binding-misc","9":"pa_brand-ostprodukte-versand-de","10":"pa_manufacturer-ostprodukte-versand-de","11":"pa_stil-24-tlg-geschenkbox","12":"pa_stil-keks-box","13":"pa_stil-maenner-pflege-set-ddr","14":"pa_stil-pflege-geschenkset","15":"pa_stil-schoko-set-l","16":"pa_stil-schoko-set-m","17":"pa_stil-schoko-set-xl","18":"pa_stil-suessigkeiten-box-xxl-1950","19":"pa_stil-suessigkeiten-box-ddr","20":"pa_stil-suessigkeiten-set-l","22":"first","23":"instock","24":"shipping-taxable","25":"purchasable","26":"product-type-variable","27":"customify-col","28":"product-has-gallery"},"yoast_head":"<!-- This site is optimized with the Yoast SEO plugin v27.4 - https:\/\/yoast.com\/product\/yoast-seo-wordpress\/ -->\n<title>Original 1949 \/ Geschenkbox 24er Allerlei \/ Ideen Geburtstagsgeschenk 70 - Markt-XXL<\/title>\n<meta name=\"description\" content=\"Markt-XXL Original 1949 \/ Geschenkbox 24er Allerlei \/ Ideen Geburtstagsgeschenk 70\" \/>\n<meta name=\"robots\" content=\"index, follow, max-snippet:-1, max-image-preview:large, max-video-preview:-1\" \/>\n<link rel=\"canonical\" href=\"https:\/\/marktxxl.de\/markt\/produkt\/original-seit-1949-suesse-ddr-box-1949-geschenke\/\" \/>\n<meta property=\"og:locale\" content=\"de_DE\" \/>\n<meta property=\"og:type\" content=\"article\" \/>\n<meta property=\"og:title\" content=\"Original 1949 \/ Geschenkbox 24er Allerlei \/ Ideen Geburtstagsgeschenk 70 - Markt-XXL\" \/>\n<meta property=\"og:description\" content=\"Markt-XXL Original 1949 \/ Geschenkbox 24er Allerlei \/ Ideen Geburtstagsgeschenk 70\" \/>\n<meta property=\"og:url\" content=\"https:\/\/marktxxl.de\/markt\/produkt\/original-seit-1949-suesse-ddr-box-1949-geschenke\/\" \/>\n<meta property=\"og:site_name\" content=\"Markt-XXL\" \/>\n<meta property=\"article:modified_time\" content=\"2023-04-10T23:44:15+00:00\" \/>\n<meta property=\"og:image\" content=\"https:\/\/m.media-amazon.com\/images\/I\/61ZAkJsXbOL._SL500_.jpg\" \/>\n\t<meta property=\"og:image:width\" content=\"500\" \/>\n\t<meta property=\"og:image:height\" content=\"500\" \/>\n\t<meta property=\"og:image:type\" content=\"image\/jpeg\" \/>\n<meta name=\"twitter:card\" content=\"summary_large_image\" \/>\n<meta name=\"twitter:label1\" content=\"Gesch\u00e4tzte Lesezeit\" \/>\n\t<meta name=\"twitter:data1\" content=\"2\u00a0Minuten\" \/>\n<script type=\"application\/ld+json\" class=\"yoast-schema-graph\">{\"@context\":\"https:\\\/\\\/schema.org\",\"@graph\":[{\"@type\":\"WebPage\",\"@id\":\"https:\\\/\\\/marktxxl.de\\\/markt\\\/produkt\\\/original-seit-1949-suesse-ddr-box-1949-geschenke\\\/\",\"url\":\"https:\\\/\\\/marktxxl.de\\\/markt\\\/produkt\\\/original-seit-1949-suesse-ddr-box-1949-geschenke\\\/\",\"name\":\"Original 1949 \\\/ Geschenkbox 24er Allerlei \\\/ Ideen Geburtstagsgeschenk 70 - Markt-XXL\",\"isPartOf\":{\"@id\":\"https:\\\/\\\/marktxxl.de\\\/markt\\\/#website\"},\"primaryImageOfPage\":{\"@id\":\"https:\\\/\\\/marktxxl.de\\\/markt\\\/produkt\\\/original-seit-1949-suesse-ddr-box-1949-geschenke\\\/#primaryimage\"},\"image\":{\"@id\":\"https:\\\/\\\/marktxxl.de\\\/markt\\\/produkt\\\/original-seit-1949-suesse-ddr-box-1949-geschenke\\\/#primaryimage\"},\"thumbnailUrl\":\"https:\\\/\\\/m.media-amazon.com\\\/images\\\/I\\\/61ZAkJsXbOL._SL500_.jpg\",\"datePublished\":\"2021-09-13T17:47:06+00:00\",\"dateModified\":\"2023-04-10T23:44:15+00:00\",\"description\":\"Markt-XXL Original 1949 \\\/ Geschenkbox 24er Allerlei \\\/ Ideen Geburtstagsgeschenk 70\",\"breadcrumb\":{\"@id\":\"https:\\\/\\\/marktxxl.de\\\/markt\\\/produkt\\\/original-seit-1949-suesse-ddr-box-1949-geschenke\\\/#breadcrumb\"},\"inLanguage\":\"de\",\"potentialAction\":[{\"@type\":\"ReadAction\",\"target\":[\"https:\\\/\\\/marktxxl.de\\\/markt\\\/produkt\\\/original-seit-1949-suesse-ddr-box-1949-geschenke\\\/\"]}]},{\"@type\":\"ImageObject\",\"inLanguage\":\"de\",\"@id\":\"https:\\\/\\\/marktxxl.de\\\/markt\\\/produkt\\\/original-seit-1949-suesse-ddr-box-1949-geschenke\\\/#primaryimage\",\"url\":\"https:\\\/\\\/m.media-amazon.com\\\/images\\\/I\\\/61ZAkJsXbOL._SL500_.jpg\",\"contentUrl\":\"https:\\\/\\\/m.media-amazon.com\\\/images\\\/I\\\/61ZAkJsXbOL._SL500_.jpg\",\"width\":500,\"height\":500},{\"@type\":\"BreadcrumbList\",\"@id\":\"https:\\\/\\\/marktxxl.de\\\/markt\\\/produkt\\\/original-seit-1949-suesse-ddr-box-1949-geschenke\\\/#breadcrumb\",\"itemListElement\":[{\"@type\":\"ListItem\",\"position\":1,\"name\":\"Startseite\",\"item\":\"https:\\\/\\\/marktxxl.de\\\/markt\\\/\"},{\"@type\":\"ListItem\",\"position\":2,\"name\":\"Markt\",\"item\":\"https:\\\/\\\/marktxxl.de\\\/markt\\\/\"},{\"@type\":\"ListItem\",\"position\":3,\"name\":\"Original 1949 \\\/ Geschenkbox 24er Allerlei \\\/ Ideen Geburtstagsgeschenk 70\"}]},{\"@type\":\"WebSite\",\"@id\":\"https:\\\/\\\/marktxxl.de\\\/markt\\\/#website\",\"url\":\"https:\\\/\\\/marktxxl.de\\\/markt\\\/\",\"name\":\"Markt-XXL\",\"description\":\"Ihr Markt Online\",\"publisher\":{\"@id\":\"https:\\\/\\\/marktxxl.de\\\/markt\\\/#organization\"},\"potentialAction\":[{\"@type\":\"SearchAction\",\"target\":{\"@type\":\"EntryPoint\",\"urlTemplate\":\"https:\\\/\\\/marktxxl.de\\\/markt\\\/?s={search_term_string}\"},\"query-input\":{\"@type\":\"PropertyValueSpecification\",\"valueRequired\":true,\"valueName\":\"search_term_string\"}}],\"inLanguage\":\"de\"},{\"@type\":\"Organization\",\"@id\":\"https:\\\/\\\/marktxxl.de\\\/markt\\\/#organization\",\"name\":\"Markt-XXL\",\"url\":\"https:\\\/\\\/marktxxl.de\\\/markt\\\/\",\"logo\":{\"@type\":\"ImageObject\",\"inLanguage\":\"de\",\"@id\":\"https:\\\/\\\/marktxxl.de\\\/markt\\\/#\\\/schema\\\/logo\\\/image\\\/\",\"url\":\"https:\\\/\\\/marktxxl.de\\\/markt\\\/wp-content\\\/uploads\\\/sites\\\/3\\\/2020\\\/12\\\/logo.png\",\"contentUrl\":\"https:\\\/\\\/marktxxl.de\\\/markt\\\/wp-content\\\/uploads\\\/sites\\\/3\\\/2020\\\/12\\\/logo.png\",\"width\":200,\"height\":70,\"caption\":\"Markt-XXL\"},\"image\":{\"@id\":\"https:\\\/\\\/marktxxl.de\\\/markt\\\/#\\\/schema\\\/logo\\\/image\\\/\"}}]}<\/script>\n<!-- \/ Yoast SEO plugin. -->","yoast_head_json":{"title":"Original 1949 \/ Geschenkbox 24er Allerlei \/ Ideen Geburtstagsgeschenk 70 - Markt-XXL","description":"Markt-XXL Original 1949 \/ Geschenkbox 24er Allerlei \/ Ideen Geburtstagsgeschenk 70","robots":{"index":"index","follow":"follow","max-snippet":"max-snippet:-1","max-image-preview":"max-image-preview:large","max-video-preview":"max-video-preview:-1"},"canonical":"https:\/\/marktxxl.de\/markt\/produkt\/original-seit-1949-suesse-ddr-box-1949-geschenke\/","og_locale":"de_DE","og_type":"article","og_title":"Original 1949 \/ Geschenkbox 24er Allerlei \/ Ideen Geburtstagsgeschenk 70 - Markt-XXL","og_description":"Markt-XXL Original 1949 \/ Geschenkbox 24er Allerlei \/ Ideen Geburtstagsgeschenk 70","og_url":"https:\/\/marktxxl.de\/markt\/produkt\/original-seit-1949-suesse-ddr-box-1949-geschenke\/","og_site_name":"Markt-XXL","article_modified_time":"2023-04-10T23:44:15+00:00","og_image":[{"width":500,"height":500,"url":"https:\/\/m.media-amazon.com\/images\/I\/61ZAkJsXbOL._SL500_.jpg","type":"image\/jpeg"}],"twitter_card":"summary_large_image","twitter_misc":{"Gesch\u00e4tzte Lesezeit":"2\u00a0Minuten"},"schema":{"@context":"https:\/\/schema.org","@graph":[{"@type":"WebPage","@id":"https:\/\/marktxxl.de\/markt\/produkt\/original-seit-1949-suesse-ddr-box-1949-geschenke\/","url":"https:\/\/marktxxl.de\/markt\/produkt\/original-seit-1949-suesse-ddr-box-1949-geschenke\/","name":"Original 1949 \/ Geschenkbox 24er Allerlei \/ Ideen Geburtstagsgeschenk 70 - Markt-XXL","isPartOf":{"@id":"https:\/\/marktxxl.de\/markt\/#website"},"primaryImageOfPage":{"@id":"https:\/\/marktxxl.de\/markt\/produkt\/original-seit-1949-suesse-ddr-box-1949-geschenke\/#primaryimage"},"image":{"@id":"https:\/\/marktxxl.de\/markt\/produkt\/original-seit-1949-suesse-ddr-box-1949-geschenke\/#primaryimage"},"thumbnailUrl":"https:\/\/m.media-amazon.com\/images\/I\/61ZAkJsXbOL._SL500_.jpg","datePublished":"2021-09-13T17:47:06+00:00","dateModified":"2023-04-10T23:44:15+00:00","description":"Markt-XXL Original 1949 \/ Geschenkbox 24er Allerlei \/ Ideen Geburtstagsgeschenk 70","breadcrumb":{"@id":"https:\/\/marktxxl.de\/markt\/produkt\/original-seit-1949-suesse-ddr-box-1949-geschenke\/#breadcrumb"},"inLanguage":"de","potentialAction":[{"@type":"ReadAction","target":["https:\/\/marktxxl.de\/markt\/produkt\/original-seit-1949-suesse-ddr-box-1949-geschenke\/"]}]},{"@type":"ImageObject","inLanguage":"de","@id":"https:\/\/marktxxl.de\/markt\/produkt\/original-seit-1949-suesse-ddr-box-1949-geschenke\/#primaryimage","url":"https:\/\/m.media-amazon.com\/images\/I\/61ZAkJsXbOL._SL500_.jpg","contentUrl":"https:\/\/m.media-amazon.com\/images\/I\/61ZAkJsXbOL._SL500_.jpg","width":500,"height":500},{"@type":"BreadcrumbList","@id":"https:\/\/marktxxl.de\/markt\/produkt\/original-seit-1949-suesse-ddr-box-1949-geschenke\/#breadcrumb","itemListElement":[{"@type":"ListItem","position":1,"name":"Startseite","item":"https:\/\/marktxxl.de\/markt\/"},{"@type":"ListItem","position":2,"name":"Markt","item":"https:\/\/marktxxl.de\/markt\/"},{"@type":"ListItem","position":3,"name":"Original 1949 \/ Geschenkbox 24er Allerlei \/ Ideen Geburtstagsgeschenk 70"}]},{"@type":"WebSite","@id":"https:\/\/marktxxl.de\/markt\/#website","url":"https:\/\/marktxxl.de\/markt\/","name":"Markt-XXL","description":"Ihr Markt Online","publisher":{"@id":"https:\/\/marktxxl.de\/markt\/#organization"},"potentialAction":[{"@type":"SearchAction","target":{"@type":"EntryPoint","urlTemplate":"https:\/\/marktxxl.de\/markt\/?s={search_term_string}"},"query-input":{"@type":"PropertyValueSpecification","valueRequired":true,"valueName":"search_term_string"}}],"inLanguage":"de"},{"@type":"Organization","@id":"https:\/\/marktxxl.de\/markt\/#organization","name":"Markt-XXL","url":"https:\/\/marktxxl.de\/markt\/","logo":{"@type":"ImageObject","inLanguage":"de","@id":"https:\/\/marktxxl.de\/markt\/#\/schema\/logo\/image\/","url":"https:\/\/marktxxl.de\/markt\/wp-content\/uploads\/sites\/3\/2020\/12\/logo.png","contentUrl":"https:\/\/marktxxl.de\/markt\/wp-content\/uploads\/sites\/3\/2020\/12\/logo.png","width":200,"height":70,"caption":"Markt-XXL"},"image":{"@id":"https:\/\/marktxxl.de\/markt\/#\/schema\/logo\/image\/"}}]}},"_links":{"self":[{"href":"https:\/\/marktxxl.de\/markt\/wp-json\/wp\/v2\/product\/32099","targetHints":{"allow":["GET"]}}],"collection":[{"href":"https:\/\/marktxxl.de\/markt\/wp-json\/wp\/v2\/product"}],"about":[{"href":"https:\/\/marktxxl.de\/markt\/wp-json\/wp\/v2\/types\/product"}],"replies":[{"embeddable":true,"href":"https:\/\/marktxxl.de\/markt\/wp-json\/wp\/v2\/comments?post=32099"}],"wp:featuredmedia":[{"embeddable":true,"href":"https:\/\/marktxxl.de\/markt\/wp-json\/wp\/v2\/media\/32110"}],"wp:attachment":[{"href":"https:\/\/marktxxl.de\/markt\/wp-json\/wp\/v2\/media?parent=32099"}],"wp:term":[{"taxonomy":"product_brand","embeddable":true,"href":"https:\/\/marktxxl.de\/markt\/wp-json\/wp\/v2\/product_brand?post=32099"},{"taxonomy":"product_cat","embeddable":true,"href":"https:\/\/marktxxl.de\/markt\/wp-json\/wp\/v2\/product_cat?post=32099"},{"taxonomy":"product_tag","embeddable":true,"href":"https:\/\/marktxxl.de\/markt\/wp-json\/wp\/v2\/product_tag?post=32099"}],"curies":[{"name":"wp","href":"https:\/\/api.w.org\/{rel}","templated":true}]}}