{"id":32082,"date":"2021-09-13T19:47:00","date_gmt":"2021-09-13T17:47:00","guid":{"rendered":"https:\/\/marktxxl.de\/markt\/produkt\/yves-rocher-riche-creme-pflege-set-regenerierende-intensivpflege-mildert-falten-gesichtspflege-set-mit-anti-aging-creme-augenpflege-geschenk-idee\/"},"modified":"2023-04-11T01:44:14","modified_gmt":"2023-04-10T23:44:14","slug":"yves-rocher-riche-creme-pflege-set-regenerierende-intensivpflege-mildert-falten-gesichtspflege-set-mit-anti-aging-creme-augenpflege-geschenk-idee","status":"publish","type":"product","link":"https:\/\/marktxxl.de\/markt\/produkt\/yves-rocher-riche-creme-pflege-set-regenerierende-intensivpflege-mildert-falten-gesichtspflege-set-mit-anti-aging-creme-augenpflege-geschenk-idee\/","title":{"rendered":"Yves Rocher RICHE CR\u00c8ME Pflege-Set regenerierende Intensivpflege, mildert Falten, Gesichtspflege-Set mit Anti-Aging\u2026"},"content":{"rendered":"<p>Intensive Regeneration, Tag und Nacht: Die reichhaltige Intensivpflege versorgt die Haut mit wertvollen Aufbaustoffen und gl\u00e4ttet Falten, w\u00e4hrend die zarte Textur der Augenpflege die Augenpartie gl\u00e4ttet und einen wachen Blick verleiht \u2013 f\u00fcr sch\u00f6ne Haut und ein geschmeidiges Hautgef\u00fchl.<br \/>\nAnwendungsempfehlung: Morgens und abends die Gesichtscreme auf das gesamte Gesicht auftragen, w\u00e4hrend die intensiv pflegende Augencreme ohne Duftstoffe gezielt auf die Augenkontur aufgetragen und in kreisenden Bewegungen einmassiert wird.<br \/>\n30 kostbare \u00d6le: Die Basis der Pflegeformeln der Linie RICHE CR\u00c8ME sind 30 wertvolle \u00d6le, die reich an Anti-Aging-Wirkstoffen sind. Angereichert wird die au\u00dfergew\u00f6hnliche Komposition nun mit dem \u00d6l aus 1.000 Bl\u00fcten der Damaszener Rose. Mit seinen essenziellen Inhaltsstoffen unterst\u00fctzt und f\u00f6rdert es die Regeneration der Zellen und der Haut.<br \/>\nAnti-Aging Set f\u00fcr Frauen: Dieses vegane Anti-Falten Intensivpflege-Duo ist f\u00fcr Damen mit F\u00e4ltchen und Falten, deren Haut ein Plus an aufbauenden Inhaltsstoffen ben\u00f6tigt \u2013 f\u00fcr eine mit Aufbaustoffen versorgte und geschmeidigere Haut, voller Wohlbefinden!<br \/>\nLieferumfang: 1 x RICHE CR\u00c8ME Pflege-Set regenerierende Intensivpflege bestehend aus 1 x Glas-Tiegel 75 ml Intensivpflege Tag &amp; Nacht und 1 x Tube 14 ml Antifalten Verw\u00f6hn-Augenpflege von Yves Rocher.<br \/>\n<div class=\"main-cross-sell\" data-asin=\"B071LDX1RS\">\n\n\t<div class=\"WooZone-cross-sell-loader\">\n\t\t<div>\n\t\t\t<div id=\"floatingBarsG\">\n\t\t\t\t<div class=\"blockG\" id=\"rotateG_01\"><\/div>\n\t\t\t\t<div class=\"blockG\" id=\"rotateG_02\"><\/div>\n\t\t\t\t<div class=\"blockG\" id=\"rotateG_03\"><\/div>\n\t\t\t\t<div class=\"blockG\" id=\"rotateG_04\"><\/div>\n\t\t\t\t<div class=\"blockG\" id=\"rotateG_05\"><\/div>\n\t\t\t\t<div class=\"blockG\" id=\"rotateG_06\"><\/div>\n\t\t\t\t<div class=\"blockG\" id=\"rotateG_07\"><\/div>\n\t\t\t\t<div class=\"blockG\" id=\"rotateG_08\"><\/div>\n\t\t\t<\/div>\n\t\t\t<div class=\"WooZone-cross-sell-loader-text\"><\/div>\n\t\t<\/div>\n\t<\/div>\n\n\t\t\n<\/div>\n<div style=\"clear:both;\"><\/div><\/p>\n","protected":false},"excerpt":{"rendered":"<p>Intensive Regeneration, Tag und Nacht: Die reichhaltige Intensivpflege versorgt die Haut mit wertvollen Aufbaustoffen und gl\u00e4ttet Falten, w\u00e4hrend die zarte Textur der Augenpflege die Augenpartie gl\u00e4ttet und einen wachen Blick verleiht \u2013 f\u00fcr sch\u00f6ne Haut und ein geschmeidiges Hautgef\u00fchl.<br \/>\nAnwendungsempfehlung: Morgens und abends die Gesichtscreme auf das gesamte Gesicht auftragen, w\u00e4hrend die intensiv pflegende Augencreme ohne Duftstoffe gezielt auf die Augenkontur aufgetragen und in kreisenden Bewegungen einmassiert wird.<br \/>\n30 kostbare \u00d6le: Die Basis der Pflegeformeln der Linie RICHE CR\u00c8ME sind 30 wertvolle \u00d6le, die reich an Anti-Aging-Wirkstoffen sind. Angereichert wird die au\u00dfergew\u00f6hnliche Komposition nun mit dem \u00d6l aus 1.000 Bl\u00fcten der Damaszener Rose. Mit seinen essenziellen Inhaltsstoffen unterst\u00fctzt und f\u00f6rdert es die Regeneration der Zellen und der Haut.<\/p>\n","protected":false},"featured_media":32083,"comment_status":"open","ping_status":"closed","template":"","meta":[],"product_brand":[],"product_cat":[2858,6632],"product_tag":[],"class_list":{"0":"post-32082","1":"product","2":"type-product","3":"status-publish","4":"has-post-thumbnail","6":"product_cat-beauty","7":"product_cat-beauty-pflegesets","8":"pa_binding-misc","9":"pa_brand-yves-rocher","10":"pa_manufacturer-yves-rocher","11":"pa_size-75-ml-1er-pack","13":"first","14":"instock","15":"shipping-taxable","16":"purchasable","17":"product-type-simple","18":"customify-col","19":"product-has-gallery"},"yoast_head":"<!-- This site is optimized with the Yoast SEO plugin v27.4 - https:\/\/yoast.com\/product\/yoast-seo-wordpress\/ -->\n<title>Yves Rocher RICHE CR\u00c8ME Pflege-Set regenerierende Intensivpflege, mildert Falten, Gesichtspflege-Set mit Anti-Aging\u2026 - Markt-XXL<\/title>\n<meta name=\"description\" content=\"Markt-XXL Yves Rocher RICHE CR\u00c8ME Pflege-Set regenerierende Intensivpflege, mildert Falten, Gesichtspflege-Set mit Anti-Aging\u2026\" \/>\n<meta name=\"robots\" content=\"index, follow, max-snippet:-1, max-image-preview:large, max-video-preview:-1\" \/>\n<link rel=\"canonical\" href=\"https:\/\/marktxxl.de\/markt\/produkt\/yves-rocher-riche-creme-pflege-set-regenerierende-intensivpflege-mildert-falten-gesichtspflege-set-mit-anti-aging-creme-augenpflege-geschenk-idee\/\" \/>\n<meta property=\"og:locale\" content=\"de_DE\" \/>\n<meta property=\"og:type\" content=\"article\" \/>\n<meta property=\"og:title\" content=\"Yves Rocher RICHE CR\u00c8ME Pflege-Set regenerierende Intensivpflege, mildert Falten, Gesichtspflege-Set mit Anti-Aging\u2026 - Markt-XXL\" \/>\n<meta property=\"og:description\" content=\"Markt-XXL Yves Rocher RICHE CR\u00c8ME Pflege-Set regenerierende Intensivpflege, mildert Falten, Gesichtspflege-Set mit Anti-Aging\u2026\" \/>\n<meta property=\"og:url\" content=\"https:\/\/marktxxl.de\/markt\/produkt\/yves-rocher-riche-creme-pflege-set-regenerierende-intensivpflege-mildert-falten-gesichtspflege-set-mit-anti-aging-creme-augenpflege-geschenk-idee\/\" \/>\n<meta property=\"og:site_name\" content=\"Markt-XXL\" \/>\n<meta property=\"article:modified_time\" content=\"2023-04-10T23:44:14+00:00\" \/>\n<meta property=\"og:image\" content=\"https:\/\/m.media-amazon.com\/images\/I\/41y5swihk3L._SL500_.jpg\" \/>\n\t<meta property=\"og:image:width\" content=\"423\" \/>\n\t<meta property=\"og:image:height\" content=\"448\" \/>\n\t<meta property=\"og:image:type\" content=\"image\/jpeg\" \/>\n<meta name=\"twitter:card\" content=\"summary_large_image\" \/>\n<meta name=\"twitter:label1\" content=\"Gesch\u00e4tzte Lesezeit\" \/>\n\t<meta name=\"twitter:data1\" content=\"1\u00a0Minute\" \/>\n<script type=\"application\/ld+json\" class=\"yoast-schema-graph\">{\"@context\":\"https:\\\/\\\/schema.org\",\"@graph\":[{\"@type\":\"WebPage\",\"@id\":\"https:\\\/\\\/marktxxl.de\\\/markt\\\/produkt\\\/yves-rocher-riche-creme-pflege-set-regenerierende-intensivpflege-mildert-falten-gesichtspflege-set-mit-anti-aging-creme-augenpflege-geschenk-idee\\\/\",\"url\":\"https:\\\/\\\/marktxxl.de\\\/markt\\\/produkt\\\/yves-rocher-riche-creme-pflege-set-regenerierende-intensivpflege-mildert-falten-gesichtspflege-set-mit-anti-aging-creme-augenpflege-geschenk-idee\\\/\",\"name\":\"Yves Rocher RICHE CR\u00c8ME Pflege-Set regenerierende Intensivpflege, mildert Falten, Gesichtspflege-Set mit Anti-Aging\u2026 - Markt-XXL\",\"isPartOf\":{\"@id\":\"https:\\\/\\\/marktxxl.de\\\/markt\\\/#website\"},\"primaryImageOfPage\":{\"@id\":\"https:\\\/\\\/marktxxl.de\\\/markt\\\/produkt\\\/yves-rocher-riche-creme-pflege-set-regenerierende-intensivpflege-mildert-falten-gesichtspflege-set-mit-anti-aging-creme-augenpflege-geschenk-idee\\\/#primaryimage\"},\"image\":{\"@id\":\"https:\\\/\\\/marktxxl.de\\\/markt\\\/produkt\\\/yves-rocher-riche-creme-pflege-set-regenerierende-intensivpflege-mildert-falten-gesichtspflege-set-mit-anti-aging-creme-augenpflege-geschenk-idee\\\/#primaryimage\"},\"thumbnailUrl\":\"https:\\\/\\\/m.media-amazon.com\\\/images\\\/I\\\/41y5swihk3L._SL500_.jpg\",\"datePublished\":\"2021-09-13T17:47:00+00:00\",\"dateModified\":\"2023-04-10T23:44:14+00:00\",\"description\":\"Markt-XXL Yves Rocher RICHE CR\u00c8ME Pflege-Set regenerierende Intensivpflege, mildert Falten, Gesichtspflege-Set mit Anti-Aging\u2026\",\"breadcrumb\":{\"@id\":\"https:\\\/\\\/marktxxl.de\\\/markt\\\/produkt\\\/yves-rocher-riche-creme-pflege-set-regenerierende-intensivpflege-mildert-falten-gesichtspflege-set-mit-anti-aging-creme-augenpflege-geschenk-idee\\\/#breadcrumb\"},\"inLanguage\":\"de\",\"potentialAction\":[{\"@type\":\"ReadAction\",\"target\":[\"https:\\\/\\\/marktxxl.de\\\/markt\\\/produkt\\\/yves-rocher-riche-creme-pflege-set-regenerierende-intensivpflege-mildert-falten-gesichtspflege-set-mit-anti-aging-creme-augenpflege-geschenk-idee\\\/\"]}]},{\"@type\":\"ImageObject\",\"inLanguage\":\"de\",\"@id\":\"https:\\\/\\\/marktxxl.de\\\/markt\\\/produkt\\\/yves-rocher-riche-creme-pflege-set-regenerierende-intensivpflege-mildert-falten-gesichtspflege-set-mit-anti-aging-creme-augenpflege-geschenk-idee\\\/#primaryimage\",\"url\":\"https:\\\/\\\/m.media-amazon.com\\\/images\\\/I\\\/41y5swihk3L._SL500_.jpg\",\"contentUrl\":\"https:\\\/\\\/m.media-amazon.com\\\/images\\\/I\\\/41y5swihk3L._SL500_.jpg\",\"width\":423,\"height\":448},{\"@type\":\"BreadcrumbList\",\"@id\":\"https:\\\/\\\/marktxxl.de\\\/markt\\\/produkt\\\/yves-rocher-riche-creme-pflege-set-regenerierende-intensivpflege-mildert-falten-gesichtspflege-set-mit-anti-aging-creme-augenpflege-geschenk-idee\\\/#breadcrumb\",\"itemListElement\":[{\"@type\":\"ListItem\",\"position\":1,\"name\":\"Startseite\",\"item\":\"https:\\\/\\\/marktxxl.de\\\/markt\\\/\"},{\"@type\":\"ListItem\",\"position\":2,\"name\":\"Markt\",\"item\":\"https:\\\/\\\/marktxxl.de\\\/markt\\\/\"},{\"@type\":\"ListItem\",\"position\":3,\"name\":\"Yves Rocher RICHE CR\u00c8ME Pflege-Set regenerierende Intensivpflege, mildert Falten, Gesichtspflege-Set mit Anti-Aging\u2026\"}]},{\"@type\":\"WebSite\",\"@id\":\"https:\\\/\\\/marktxxl.de\\\/markt\\\/#website\",\"url\":\"https:\\\/\\\/marktxxl.de\\\/markt\\\/\",\"name\":\"Markt-XXL\",\"description\":\"Ihr Markt Online\",\"publisher\":{\"@id\":\"https:\\\/\\\/marktxxl.de\\\/markt\\\/#organization\"},\"potentialAction\":[{\"@type\":\"SearchAction\",\"target\":{\"@type\":\"EntryPoint\",\"urlTemplate\":\"https:\\\/\\\/marktxxl.de\\\/markt\\\/?s={search_term_string}\"},\"query-input\":{\"@type\":\"PropertyValueSpecification\",\"valueRequired\":true,\"valueName\":\"search_term_string\"}}],\"inLanguage\":\"de\"},{\"@type\":\"Organization\",\"@id\":\"https:\\\/\\\/marktxxl.de\\\/markt\\\/#organization\",\"name\":\"Markt-XXL\",\"url\":\"https:\\\/\\\/marktxxl.de\\\/markt\\\/\",\"logo\":{\"@type\":\"ImageObject\",\"inLanguage\":\"de\",\"@id\":\"https:\\\/\\\/marktxxl.de\\\/markt\\\/#\\\/schema\\\/logo\\\/image\\\/\",\"url\":\"https:\\\/\\\/marktxxl.de\\\/markt\\\/wp-content\\\/uploads\\\/sites\\\/3\\\/2020\\\/12\\\/logo.png\",\"contentUrl\":\"https:\\\/\\\/marktxxl.de\\\/markt\\\/wp-content\\\/uploads\\\/sites\\\/3\\\/2020\\\/12\\\/logo.png\",\"width\":200,\"height\":70,\"caption\":\"Markt-XXL\"},\"image\":{\"@id\":\"https:\\\/\\\/marktxxl.de\\\/markt\\\/#\\\/schema\\\/logo\\\/image\\\/\"}}]}<\/script>\n<!-- \/ Yoast SEO plugin. -->","yoast_head_json":{"title":"Yves Rocher RICHE CR\u00c8ME Pflege-Set regenerierende Intensivpflege, mildert Falten, Gesichtspflege-Set mit Anti-Aging\u2026 - Markt-XXL","description":"Markt-XXL Yves Rocher RICHE CR\u00c8ME Pflege-Set regenerierende Intensivpflege, mildert Falten, Gesichtspflege-Set mit Anti-Aging\u2026","robots":{"index":"index","follow":"follow","max-snippet":"max-snippet:-1","max-image-preview":"max-image-preview:large","max-video-preview":"max-video-preview:-1"},"canonical":"https:\/\/marktxxl.de\/markt\/produkt\/yves-rocher-riche-creme-pflege-set-regenerierende-intensivpflege-mildert-falten-gesichtspflege-set-mit-anti-aging-creme-augenpflege-geschenk-idee\/","og_locale":"de_DE","og_type":"article","og_title":"Yves Rocher RICHE CR\u00c8ME Pflege-Set regenerierende Intensivpflege, mildert Falten, Gesichtspflege-Set mit Anti-Aging\u2026 - Markt-XXL","og_description":"Markt-XXL Yves Rocher RICHE CR\u00c8ME Pflege-Set regenerierende Intensivpflege, mildert Falten, Gesichtspflege-Set mit Anti-Aging\u2026","og_url":"https:\/\/marktxxl.de\/markt\/produkt\/yves-rocher-riche-creme-pflege-set-regenerierende-intensivpflege-mildert-falten-gesichtspflege-set-mit-anti-aging-creme-augenpflege-geschenk-idee\/","og_site_name":"Markt-XXL","article_modified_time":"2023-04-10T23:44:14+00:00","og_image":[{"width":423,"height":448,"url":"https:\/\/m.media-amazon.com\/images\/I\/41y5swihk3L._SL500_.jpg","type":"image\/jpeg"}],"twitter_card":"summary_large_image","twitter_misc":{"Gesch\u00e4tzte Lesezeit":"1\u00a0Minute"},"schema":{"@context":"https:\/\/schema.org","@graph":[{"@type":"WebPage","@id":"https:\/\/marktxxl.de\/markt\/produkt\/yves-rocher-riche-creme-pflege-set-regenerierende-intensivpflege-mildert-falten-gesichtspflege-set-mit-anti-aging-creme-augenpflege-geschenk-idee\/","url":"https:\/\/marktxxl.de\/markt\/produkt\/yves-rocher-riche-creme-pflege-set-regenerierende-intensivpflege-mildert-falten-gesichtspflege-set-mit-anti-aging-creme-augenpflege-geschenk-idee\/","name":"Yves Rocher RICHE CR\u00c8ME Pflege-Set regenerierende Intensivpflege, mildert Falten, Gesichtspflege-Set mit Anti-Aging\u2026 - Markt-XXL","isPartOf":{"@id":"https:\/\/marktxxl.de\/markt\/#website"},"primaryImageOfPage":{"@id":"https:\/\/marktxxl.de\/markt\/produkt\/yves-rocher-riche-creme-pflege-set-regenerierende-intensivpflege-mildert-falten-gesichtspflege-set-mit-anti-aging-creme-augenpflege-geschenk-idee\/#primaryimage"},"image":{"@id":"https:\/\/marktxxl.de\/markt\/produkt\/yves-rocher-riche-creme-pflege-set-regenerierende-intensivpflege-mildert-falten-gesichtspflege-set-mit-anti-aging-creme-augenpflege-geschenk-idee\/#primaryimage"},"thumbnailUrl":"https:\/\/m.media-amazon.com\/images\/I\/41y5swihk3L._SL500_.jpg","datePublished":"2021-09-13T17:47:00+00:00","dateModified":"2023-04-10T23:44:14+00:00","description":"Markt-XXL Yves Rocher RICHE CR\u00c8ME Pflege-Set regenerierende Intensivpflege, mildert Falten, Gesichtspflege-Set mit Anti-Aging\u2026","breadcrumb":{"@id":"https:\/\/marktxxl.de\/markt\/produkt\/yves-rocher-riche-creme-pflege-set-regenerierende-intensivpflege-mildert-falten-gesichtspflege-set-mit-anti-aging-creme-augenpflege-geschenk-idee\/#breadcrumb"},"inLanguage":"de","potentialAction":[{"@type":"ReadAction","target":["https:\/\/marktxxl.de\/markt\/produkt\/yves-rocher-riche-creme-pflege-set-regenerierende-intensivpflege-mildert-falten-gesichtspflege-set-mit-anti-aging-creme-augenpflege-geschenk-idee\/"]}]},{"@type":"ImageObject","inLanguage":"de","@id":"https:\/\/marktxxl.de\/markt\/produkt\/yves-rocher-riche-creme-pflege-set-regenerierende-intensivpflege-mildert-falten-gesichtspflege-set-mit-anti-aging-creme-augenpflege-geschenk-idee\/#primaryimage","url":"https:\/\/m.media-amazon.com\/images\/I\/41y5swihk3L._SL500_.jpg","contentUrl":"https:\/\/m.media-amazon.com\/images\/I\/41y5swihk3L._SL500_.jpg","width":423,"height":448},{"@type":"BreadcrumbList","@id":"https:\/\/marktxxl.de\/markt\/produkt\/yves-rocher-riche-creme-pflege-set-regenerierende-intensivpflege-mildert-falten-gesichtspflege-set-mit-anti-aging-creme-augenpflege-geschenk-idee\/#breadcrumb","itemListElement":[{"@type":"ListItem","position":1,"name":"Startseite","item":"https:\/\/marktxxl.de\/markt\/"},{"@type":"ListItem","position":2,"name":"Markt","item":"https:\/\/marktxxl.de\/markt\/"},{"@type":"ListItem","position":3,"name":"Yves Rocher RICHE CR\u00c8ME Pflege-Set regenerierende Intensivpflege, mildert Falten, Gesichtspflege-Set mit Anti-Aging\u2026"}]},{"@type":"WebSite","@id":"https:\/\/marktxxl.de\/markt\/#website","url":"https:\/\/marktxxl.de\/markt\/","name":"Markt-XXL","description":"Ihr Markt Online","publisher":{"@id":"https:\/\/marktxxl.de\/markt\/#organization"},"potentialAction":[{"@type":"SearchAction","target":{"@type":"EntryPoint","urlTemplate":"https:\/\/marktxxl.de\/markt\/?s={search_term_string}"},"query-input":{"@type":"PropertyValueSpecification","valueRequired":true,"valueName":"search_term_string"}}],"inLanguage":"de"},{"@type":"Organization","@id":"https:\/\/marktxxl.de\/markt\/#organization","name":"Markt-XXL","url":"https:\/\/marktxxl.de\/markt\/","logo":{"@type":"ImageObject","inLanguage":"de","@id":"https:\/\/marktxxl.de\/markt\/#\/schema\/logo\/image\/","url":"https:\/\/marktxxl.de\/markt\/wp-content\/uploads\/sites\/3\/2020\/12\/logo.png","contentUrl":"https:\/\/marktxxl.de\/markt\/wp-content\/uploads\/sites\/3\/2020\/12\/logo.png","width":200,"height":70,"caption":"Markt-XXL"},"image":{"@id":"https:\/\/marktxxl.de\/markt\/#\/schema\/logo\/image\/"}}]}},"_links":{"self":[{"href":"https:\/\/marktxxl.de\/markt\/wp-json\/wp\/v2\/product\/32082","targetHints":{"allow":["GET"]}}],"collection":[{"href":"https:\/\/marktxxl.de\/markt\/wp-json\/wp\/v2\/product"}],"about":[{"href":"https:\/\/marktxxl.de\/markt\/wp-json\/wp\/v2\/types\/product"}],"replies":[{"embeddable":true,"href":"https:\/\/marktxxl.de\/markt\/wp-json\/wp\/v2\/comments?post=32082"}],"wp:featuredmedia":[{"embeddable":true,"href":"https:\/\/marktxxl.de\/markt\/wp-json\/wp\/v2\/media\/32083"}],"wp:attachment":[{"href":"https:\/\/marktxxl.de\/markt\/wp-json\/wp\/v2\/media?parent=32082"}],"wp:term":[{"taxonomy":"product_brand","embeddable":true,"href":"https:\/\/marktxxl.de\/markt\/wp-json\/wp\/v2\/product_brand?post=32082"},{"taxonomy":"product_cat","embeddable":true,"href":"https:\/\/marktxxl.de\/markt\/wp-json\/wp\/v2\/product_cat?post=32082"},{"taxonomy":"product_tag","embeddable":true,"href":"https:\/\/marktxxl.de\/markt\/wp-json\/wp\/v2\/product_tag?post=32082"}],"curies":[{"name":"wp","href":"https:\/\/api.w.org\/{rel}","templated":true}]}}