{"id":32014,"date":"2021-09-13T19:46:45","date_gmt":"2021-09-13T17:46:45","guid":{"rendered":"https:\/\/marktxxl.de\/markt\/produkt\/koilda-abschminkset16wiederverwendbare-und-waschbare-make-up-entferner-pads-aus-bambuskohle1-bambusgefaess1-waschnetz1-konjac-schwamm1-haarband2-waschbare-wattestaebchen-mit-fester-spitze\/"},"modified":"2023-04-11T01:44:13","modified_gmt":"2023-04-10T23:44:13","slug":"koilda-abschminkset16wiederverwendbare-und-waschbare-make-up-entferner-pads-aus-bambuskohle1-bambusgefaess1-waschnetz1-konjac-schwamm1-haarband2-waschbare-wattestaebchen-mit-fester-spitze","status":"publish","type":"product","link":"https:\/\/marktxxl.de\/markt\/produkt\/koilda-abschminkset16wiederverwendbare-und-waschbare-make-up-entferner-pads-aus-bambuskohle1-bambusgefaess1-waschnetz1-konjac-schwamm1-haarband2-waschbare-wattestaebchen-mit-fester-spitze\/","title":{"rendered":"KOILDA Abschminkset,16wiederverwendbare und waschbare Make-up-Entferner-Pads aus Bambuskohle,1 Bambusgef\u00e4\u00df,1 Waschnetz,1\u2026"},"content":{"rendered":"<p>&#8211; ? die Tampons: Um unseren Planeten zu erhalten, sind sie wiederverwendbar und waschbar, sehr weich und nicht aggressiv f\u00fcr Ihre Haut. Wir haben Holzkohle-Bambus-Tampons gew\u00e4hlt, die selbst bei 60\u00b0 in der Maschine waschmaschinenfest sind. Sie sind antibakteriell und eignen sich auch sehr gut f\u00fcr Babyhaut oder f\u00fcr M\u00e4nner, keine Baumwollreste am Bart. Wir bieten Ihnen auch eine Tasche zum Waschen Ihrer Tampons an. Gr\u00f6\u00dfe ca. 8 cm.<br \/>\n&#8211; ? DER KONJAC-SCHWAMM: ein Schwamm japanischer Herkunft auf der Basis der Konjakknolle, der sanft abbl\u00e4ttert und die Gesichtshaut tief reinigt. Beseitigt Mitesser und verengt die Poren. Seine mit Bambuskohle angereicherte Formel ist f\u00fcr alle zu Unvollkommenheiten neigenden H\u00e4ute geeignet. 100% nat\u00fcrlich und biologisch abbaubar.<br \/>\n&#8211; ? COTTONS: \u00f6kologisch und schadstofffrei, eine nachhaltigere Alternative. Aus sehr weichem medizinischen Silikon hergestellt, entfernen sie wirksam Schmutz, ideal auch f\u00fcr Make-up, k\u00f6nnen als Kosmetikpinsel f\u00fcr den Augen- und Mundbereich verwendet werden. Perfekt f\u00fcr Ihre t\u00e4gliche Hygiene. Leicht und tragbar. Keine BPA.FESTGESETZTE TIPPS KEIN RISIKO DER BEST\u00c4NDIGKEIT<br \/>\n&#8211; ? DAS BAND: ideal zum Abschminken ohne Haare im Gesicht oder f\u00fcr Ihr SPA. Hergestellt aus Frottee.<br \/>\n&#8211; ? Dieses Paket wird Sie voll zufrieden stellen, weil es praktisch, \u00f6kologisch und nachhaltig ist, Zufrieden oder 30 Tage lang erstattet. Z\u00f6gern Sie also nicht, sie in Ihren Warenkorb zu legen.franz\u00f6sische Marke.<br \/>\n<div class=\"main-cross-sell\" data-asin=\"B086VMVJLH\">\n\n\t<div class=\"WooZone-cross-sell-loader\">\n\t\t<div>\n\t\t\t<div id=\"floatingBarsG\">\n\t\t\t\t<div class=\"blockG\" id=\"rotateG_01\"><\/div>\n\t\t\t\t<div class=\"blockG\" id=\"rotateG_02\"><\/div>\n\t\t\t\t<div class=\"blockG\" id=\"rotateG_03\"><\/div>\n\t\t\t\t<div class=\"blockG\" id=\"rotateG_04\"><\/div>\n\t\t\t\t<div class=\"blockG\" id=\"rotateG_05\"><\/div>\n\t\t\t\t<div class=\"blockG\" id=\"rotateG_06\"><\/div>\n\t\t\t\t<div class=\"blockG\" id=\"rotateG_07\"><\/div>\n\t\t\t\t<div class=\"blockG\" id=\"rotateG_08\"><\/div>\n\t\t\t<\/div>\n\t\t\t<div class=\"WooZone-cross-sell-loader-text\"><\/div>\n\t\t<\/div>\n\t<\/div>\n\n\t\t\n<\/div>\n<div style=\"clear:both;\"><\/div><\/p>\n","protected":false},"excerpt":{"rendered":"<p>&#8211; ? die Tampons: Um unseren Planeten zu erhalten, sind sie wiederverwendbar und waschbar, sehr weich und nicht aggressiv f\u00fcr Ihre Haut. Wir haben Holzkohle-Bambus-Tampons gew\u00e4hlt, die selbst bei 60\u00b0 in der Maschine waschmaschinenfest sind. Sie sind antibakteriell und eignen sich auch sehr gut f\u00fcr Babyhaut oder f\u00fcr M\u00e4nner, keine Baumwollreste am Bart. Wir bieten Ihnen auch eine Tasche zum Waschen Ihrer Tampons an. Gr\u00f6\u00dfe ca. 8 cm.<br \/>\n&#8211; ? DER KONJAC-SCHWAMM: ein Schwamm japanischer Herkunft auf der Basis der Konjakknolle, der sanft abbl\u00e4ttert und die Gesichtshaut tief reinigt. Beseitigt Mitesser und verengt die Poren. Seine mit Bambuskohle angereicherte Formel ist f\u00fcr alle zu Unvollkommenheiten neigenden H\u00e4ute geeignet. 100% nat\u00fcrlich und biologisch abbaubar.<br \/>\n&#8211; ? COTTONS: \u00f6kologisch und schadstofffrei, eine nachhaltigere Alternative. Aus sehr weichem medizinischen Silikon hergestellt, entfernen sie wirksam Schmutz, ideal auch f\u00fcr Make-up, k\u00f6nnen als Kosmetikpinsel f\u00fcr den Augen- und Mundbereich verwendet werden. Perfekt f\u00fcr Ihre t\u00e4gliche Hygiene. Leicht und tragbar. Keine BPA.FESTGESETZTE TIPPS KEIN RISIKO DER BEST\u00c4NDIGKEIT<\/p>\n","protected":false},"featured_media":32015,"comment_status":"open","ping_status":"closed","template":"","meta":[],"product_brand":[],"product_cat":[2858,6632],"product_tag":[],"class_list":{"0":"post-32014","1":"product","2":"type-product","3":"status-publish","4":"has-post-thumbnail","6":"product_cat-beauty","7":"product_cat-beauty-pflegesets","8":"pa_binding-misc","9":"pa_brand-koilda","10":"pa_manufacturer-koilda","11":"pa_size-1-stueck-1er-pack","13":"first","14":"instock","15":"shipping-taxable","16":"purchasable","17":"product-type-simple","18":"customify-col","19":"product-has-gallery"},"yoast_head":"<!-- This site is optimized with the Yoast SEO plugin v27.4 - https:\/\/yoast.com\/product\/yoast-seo-wordpress\/ -->\n<title>KOILDA Abschminkset,16wiederverwendbare und waschbare Make-up-Entferner-Pads aus Bambuskohle,1 Bambusgef\u00e4\u00df,1 Waschnetz,1\u2026 - Markt-XXL<\/title>\n<meta name=\"description\" content=\"Markt-XXL KOILDA Abschminkset,16wiederverwendbare und waschbare Make-up-Entferner-Pads aus Bambuskohle,1 Bambusgef\u00e4\u00df,1 Waschnetz,1\u2026\" \/>\n<meta name=\"robots\" content=\"index, follow, max-snippet:-1, max-image-preview:large, max-video-preview:-1\" \/>\n<link rel=\"canonical\" href=\"https:\/\/marktxxl.de\/markt\/produkt\/koilda-abschminkset16wiederverwendbare-und-waschbare-make-up-entferner-pads-aus-bambuskohle1-bambusgefaess1-waschnetz1-konjac-schwamm1-haarband2-waschbare-wattestaebchen-mit-fester-spitze\/\" \/>\n<meta property=\"og:locale\" content=\"de_DE\" \/>\n<meta property=\"og:type\" content=\"article\" \/>\n<meta property=\"og:title\" content=\"KOILDA Abschminkset,16wiederverwendbare und waschbare Make-up-Entferner-Pads aus Bambuskohle,1 Bambusgef\u00e4\u00df,1 Waschnetz,1\u2026 - Markt-XXL\" \/>\n<meta property=\"og:description\" content=\"Markt-XXL KOILDA Abschminkset,16wiederverwendbare und waschbare Make-up-Entferner-Pads aus Bambuskohle,1 Bambusgef\u00e4\u00df,1 Waschnetz,1\u2026\" \/>\n<meta property=\"og:url\" content=\"https:\/\/marktxxl.de\/markt\/produkt\/koilda-abschminkset16wiederverwendbare-und-waschbare-make-up-entferner-pads-aus-bambuskohle1-bambusgefaess1-waschnetz1-konjac-schwamm1-haarband2-waschbare-wattestaebchen-mit-fester-spitze\/\" \/>\n<meta property=\"og:site_name\" content=\"Markt-XXL\" \/>\n<meta property=\"article:modified_time\" content=\"2023-04-10T23:44:13+00:00\" \/>\n<meta property=\"og:image\" content=\"https:\/\/m.media-amazon.com\/images\/I\/41+TgwwynPL._SL500_.jpg\" \/>\n\t<meta property=\"og:image:width\" content=\"500\" \/>\n\t<meta property=\"og:image:height\" content=\"500\" \/>\n\t<meta property=\"og:image:type\" content=\"image\/jpeg\" \/>\n<meta name=\"twitter:card\" content=\"summary_large_image\" \/>\n<meta name=\"twitter:label1\" content=\"Gesch\u00e4tzte Lesezeit\" \/>\n\t<meta name=\"twitter:data1\" content=\"1\u00a0Minute\" \/>\n<script type=\"application\/ld+json\" class=\"yoast-schema-graph\">{\"@context\":\"https:\\\/\\\/schema.org\",\"@graph\":[{\"@type\":\"WebPage\",\"@id\":\"https:\\\/\\\/marktxxl.de\\\/markt\\\/produkt\\\/koilda-abschminkset16wiederverwendbare-und-waschbare-make-up-entferner-pads-aus-bambuskohle1-bambusgefaess1-waschnetz1-konjac-schwamm1-haarband2-waschbare-wattestaebchen-mit-fester-spitze\\\/\",\"url\":\"https:\\\/\\\/marktxxl.de\\\/markt\\\/produkt\\\/koilda-abschminkset16wiederverwendbare-und-waschbare-make-up-entferner-pads-aus-bambuskohle1-bambusgefaess1-waschnetz1-konjac-schwamm1-haarband2-waschbare-wattestaebchen-mit-fester-spitze\\\/\",\"name\":\"KOILDA Abschminkset,16wiederverwendbare und waschbare Make-up-Entferner-Pads aus Bambuskohle,1 Bambusgef\u00e4\u00df,1 Waschnetz,1\u2026 - Markt-XXL\",\"isPartOf\":{\"@id\":\"https:\\\/\\\/marktxxl.de\\\/markt\\\/#website\"},\"primaryImageOfPage\":{\"@id\":\"https:\\\/\\\/marktxxl.de\\\/markt\\\/produkt\\\/koilda-abschminkset16wiederverwendbare-und-waschbare-make-up-entferner-pads-aus-bambuskohle1-bambusgefaess1-waschnetz1-konjac-schwamm1-haarband2-waschbare-wattestaebchen-mit-fester-spitze\\\/#primaryimage\"},\"image\":{\"@id\":\"https:\\\/\\\/marktxxl.de\\\/markt\\\/produkt\\\/koilda-abschminkset16wiederverwendbare-und-waschbare-make-up-entferner-pads-aus-bambuskohle1-bambusgefaess1-waschnetz1-konjac-schwamm1-haarband2-waschbare-wattestaebchen-mit-fester-spitze\\\/#primaryimage\"},\"thumbnailUrl\":\"https:\\\/\\\/m.media-amazon.com\\\/images\\\/I\\\/41+TgwwynPL._SL500_.jpg\",\"datePublished\":\"2021-09-13T17:46:45+00:00\",\"dateModified\":\"2023-04-10T23:44:13+00:00\",\"description\":\"Markt-XXL KOILDA Abschminkset,16wiederverwendbare und waschbare Make-up-Entferner-Pads aus Bambuskohle,1 Bambusgef\u00e4\u00df,1 Waschnetz,1\u2026\",\"breadcrumb\":{\"@id\":\"https:\\\/\\\/marktxxl.de\\\/markt\\\/produkt\\\/koilda-abschminkset16wiederverwendbare-und-waschbare-make-up-entferner-pads-aus-bambuskohle1-bambusgefaess1-waschnetz1-konjac-schwamm1-haarband2-waschbare-wattestaebchen-mit-fester-spitze\\\/#breadcrumb\"},\"inLanguage\":\"de\",\"potentialAction\":[{\"@type\":\"ReadAction\",\"target\":[\"https:\\\/\\\/marktxxl.de\\\/markt\\\/produkt\\\/koilda-abschminkset16wiederverwendbare-und-waschbare-make-up-entferner-pads-aus-bambuskohle1-bambusgefaess1-waschnetz1-konjac-schwamm1-haarband2-waschbare-wattestaebchen-mit-fester-spitze\\\/\"]}]},{\"@type\":\"ImageObject\",\"inLanguage\":\"de\",\"@id\":\"https:\\\/\\\/marktxxl.de\\\/markt\\\/produkt\\\/koilda-abschminkset16wiederverwendbare-und-waschbare-make-up-entferner-pads-aus-bambuskohle1-bambusgefaess1-waschnetz1-konjac-schwamm1-haarband2-waschbare-wattestaebchen-mit-fester-spitze\\\/#primaryimage\",\"url\":\"https:\\\/\\\/m.media-amazon.com\\\/images\\\/I\\\/41+TgwwynPL._SL500_.jpg\",\"contentUrl\":\"https:\\\/\\\/m.media-amazon.com\\\/images\\\/I\\\/41+TgwwynPL._SL500_.jpg\",\"width\":500,\"height\":500},{\"@type\":\"BreadcrumbList\",\"@id\":\"https:\\\/\\\/marktxxl.de\\\/markt\\\/produkt\\\/koilda-abschminkset16wiederverwendbare-und-waschbare-make-up-entferner-pads-aus-bambuskohle1-bambusgefaess1-waschnetz1-konjac-schwamm1-haarband2-waschbare-wattestaebchen-mit-fester-spitze\\\/#breadcrumb\",\"itemListElement\":[{\"@type\":\"ListItem\",\"position\":1,\"name\":\"Startseite\",\"item\":\"https:\\\/\\\/marktxxl.de\\\/markt\\\/\"},{\"@type\":\"ListItem\",\"position\":2,\"name\":\"Markt\",\"item\":\"https:\\\/\\\/marktxxl.de\\\/markt\\\/\"},{\"@type\":\"ListItem\",\"position\":3,\"name\":\"KOILDA Abschminkset,16wiederverwendbare und waschbare Make-up-Entferner-Pads aus Bambuskohle,1 Bambusgef\u00e4\u00df,1 Waschnetz,1\u2026\"}]},{\"@type\":\"WebSite\",\"@id\":\"https:\\\/\\\/marktxxl.de\\\/markt\\\/#website\",\"url\":\"https:\\\/\\\/marktxxl.de\\\/markt\\\/\",\"name\":\"Markt-XXL\",\"description\":\"Ihr Markt Online\",\"publisher\":{\"@id\":\"https:\\\/\\\/marktxxl.de\\\/markt\\\/#organization\"},\"potentialAction\":[{\"@type\":\"SearchAction\",\"target\":{\"@type\":\"EntryPoint\",\"urlTemplate\":\"https:\\\/\\\/marktxxl.de\\\/markt\\\/?s={search_term_string}\"},\"query-input\":{\"@type\":\"PropertyValueSpecification\",\"valueRequired\":true,\"valueName\":\"search_term_string\"}}],\"inLanguage\":\"de\"},{\"@type\":\"Organization\",\"@id\":\"https:\\\/\\\/marktxxl.de\\\/markt\\\/#organization\",\"name\":\"Markt-XXL\",\"url\":\"https:\\\/\\\/marktxxl.de\\\/markt\\\/\",\"logo\":{\"@type\":\"ImageObject\",\"inLanguage\":\"de\",\"@id\":\"https:\\\/\\\/marktxxl.de\\\/markt\\\/#\\\/schema\\\/logo\\\/image\\\/\",\"url\":\"https:\\\/\\\/marktxxl.de\\\/markt\\\/wp-content\\\/uploads\\\/sites\\\/3\\\/2020\\\/12\\\/logo.png\",\"contentUrl\":\"https:\\\/\\\/marktxxl.de\\\/markt\\\/wp-content\\\/uploads\\\/sites\\\/3\\\/2020\\\/12\\\/logo.png\",\"width\":200,\"height\":70,\"caption\":\"Markt-XXL\"},\"image\":{\"@id\":\"https:\\\/\\\/marktxxl.de\\\/markt\\\/#\\\/schema\\\/logo\\\/image\\\/\"}}]}<\/script>\n<!-- \/ Yoast SEO plugin. -->","yoast_head_json":{"title":"KOILDA Abschminkset,16wiederverwendbare und waschbare Make-up-Entferner-Pads aus Bambuskohle,1 Bambusgef\u00e4\u00df,1 Waschnetz,1\u2026 - Markt-XXL","description":"Markt-XXL KOILDA Abschminkset,16wiederverwendbare und waschbare Make-up-Entferner-Pads aus Bambuskohle,1 Bambusgef\u00e4\u00df,1 Waschnetz,1\u2026","robots":{"index":"index","follow":"follow","max-snippet":"max-snippet:-1","max-image-preview":"max-image-preview:large","max-video-preview":"max-video-preview:-1"},"canonical":"https:\/\/marktxxl.de\/markt\/produkt\/koilda-abschminkset16wiederverwendbare-und-waschbare-make-up-entferner-pads-aus-bambuskohle1-bambusgefaess1-waschnetz1-konjac-schwamm1-haarband2-waschbare-wattestaebchen-mit-fester-spitze\/","og_locale":"de_DE","og_type":"article","og_title":"KOILDA Abschminkset,16wiederverwendbare und waschbare Make-up-Entferner-Pads aus Bambuskohle,1 Bambusgef\u00e4\u00df,1 Waschnetz,1\u2026 - Markt-XXL","og_description":"Markt-XXL KOILDA Abschminkset,16wiederverwendbare und waschbare Make-up-Entferner-Pads aus Bambuskohle,1 Bambusgef\u00e4\u00df,1 Waschnetz,1\u2026","og_url":"https:\/\/marktxxl.de\/markt\/produkt\/koilda-abschminkset16wiederverwendbare-und-waschbare-make-up-entferner-pads-aus-bambuskohle1-bambusgefaess1-waschnetz1-konjac-schwamm1-haarband2-waschbare-wattestaebchen-mit-fester-spitze\/","og_site_name":"Markt-XXL","article_modified_time":"2023-04-10T23:44:13+00:00","og_image":[{"width":500,"height":500,"url":"https:\/\/m.media-amazon.com\/images\/I\/41+TgwwynPL._SL500_.jpg","type":"image\/jpeg"}],"twitter_card":"summary_large_image","twitter_misc":{"Gesch\u00e4tzte Lesezeit":"1\u00a0Minute"},"schema":{"@context":"https:\/\/schema.org","@graph":[{"@type":"WebPage","@id":"https:\/\/marktxxl.de\/markt\/produkt\/koilda-abschminkset16wiederverwendbare-und-waschbare-make-up-entferner-pads-aus-bambuskohle1-bambusgefaess1-waschnetz1-konjac-schwamm1-haarband2-waschbare-wattestaebchen-mit-fester-spitze\/","url":"https:\/\/marktxxl.de\/markt\/produkt\/koilda-abschminkset16wiederverwendbare-und-waschbare-make-up-entferner-pads-aus-bambuskohle1-bambusgefaess1-waschnetz1-konjac-schwamm1-haarband2-waschbare-wattestaebchen-mit-fester-spitze\/","name":"KOILDA Abschminkset,16wiederverwendbare und waschbare Make-up-Entferner-Pads aus Bambuskohle,1 Bambusgef\u00e4\u00df,1 Waschnetz,1\u2026 - Markt-XXL","isPartOf":{"@id":"https:\/\/marktxxl.de\/markt\/#website"},"primaryImageOfPage":{"@id":"https:\/\/marktxxl.de\/markt\/produkt\/koilda-abschminkset16wiederverwendbare-und-waschbare-make-up-entferner-pads-aus-bambuskohle1-bambusgefaess1-waschnetz1-konjac-schwamm1-haarband2-waschbare-wattestaebchen-mit-fester-spitze\/#primaryimage"},"image":{"@id":"https:\/\/marktxxl.de\/markt\/produkt\/koilda-abschminkset16wiederverwendbare-und-waschbare-make-up-entferner-pads-aus-bambuskohle1-bambusgefaess1-waschnetz1-konjac-schwamm1-haarband2-waschbare-wattestaebchen-mit-fester-spitze\/#primaryimage"},"thumbnailUrl":"https:\/\/m.media-amazon.com\/images\/I\/41+TgwwynPL._SL500_.jpg","datePublished":"2021-09-13T17:46:45+00:00","dateModified":"2023-04-10T23:44:13+00:00","description":"Markt-XXL KOILDA Abschminkset,16wiederverwendbare und waschbare Make-up-Entferner-Pads aus Bambuskohle,1 Bambusgef\u00e4\u00df,1 Waschnetz,1\u2026","breadcrumb":{"@id":"https:\/\/marktxxl.de\/markt\/produkt\/koilda-abschminkset16wiederverwendbare-und-waschbare-make-up-entferner-pads-aus-bambuskohle1-bambusgefaess1-waschnetz1-konjac-schwamm1-haarband2-waschbare-wattestaebchen-mit-fester-spitze\/#breadcrumb"},"inLanguage":"de","potentialAction":[{"@type":"ReadAction","target":["https:\/\/marktxxl.de\/markt\/produkt\/koilda-abschminkset16wiederverwendbare-und-waschbare-make-up-entferner-pads-aus-bambuskohle1-bambusgefaess1-waschnetz1-konjac-schwamm1-haarband2-waschbare-wattestaebchen-mit-fester-spitze\/"]}]},{"@type":"ImageObject","inLanguage":"de","@id":"https:\/\/marktxxl.de\/markt\/produkt\/koilda-abschminkset16wiederverwendbare-und-waschbare-make-up-entferner-pads-aus-bambuskohle1-bambusgefaess1-waschnetz1-konjac-schwamm1-haarband2-waschbare-wattestaebchen-mit-fester-spitze\/#primaryimage","url":"https:\/\/m.media-amazon.com\/images\/I\/41+TgwwynPL._SL500_.jpg","contentUrl":"https:\/\/m.media-amazon.com\/images\/I\/41+TgwwynPL._SL500_.jpg","width":500,"height":500},{"@type":"BreadcrumbList","@id":"https:\/\/marktxxl.de\/markt\/produkt\/koilda-abschminkset16wiederverwendbare-und-waschbare-make-up-entferner-pads-aus-bambuskohle1-bambusgefaess1-waschnetz1-konjac-schwamm1-haarband2-waschbare-wattestaebchen-mit-fester-spitze\/#breadcrumb","itemListElement":[{"@type":"ListItem","position":1,"name":"Startseite","item":"https:\/\/marktxxl.de\/markt\/"},{"@type":"ListItem","position":2,"name":"Markt","item":"https:\/\/marktxxl.de\/markt\/"},{"@type":"ListItem","position":3,"name":"KOILDA Abschminkset,16wiederverwendbare und waschbare Make-up-Entferner-Pads aus Bambuskohle,1 Bambusgef\u00e4\u00df,1 Waschnetz,1\u2026"}]},{"@type":"WebSite","@id":"https:\/\/marktxxl.de\/markt\/#website","url":"https:\/\/marktxxl.de\/markt\/","name":"Markt-XXL","description":"Ihr Markt Online","publisher":{"@id":"https:\/\/marktxxl.de\/markt\/#organization"},"potentialAction":[{"@type":"SearchAction","target":{"@type":"EntryPoint","urlTemplate":"https:\/\/marktxxl.de\/markt\/?s={search_term_string}"},"query-input":{"@type":"PropertyValueSpecification","valueRequired":true,"valueName":"search_term_string"}}],"inLanguage":"de"},{"@type":"Organization","@id":"https:\/\/marktxxl.de\/markt\/#organization","name":"Markt-XXL","url":"https:\/\/marktxxl.de\/markt\/","logo":{"@type":"ImageObject","inLanguage":"de","@id":"https:\/\/marktxxl.de\/markt\/#\/schema\/logo\/image\/","url":"https:\/\/marktxxl.de\/markt\/wp-content\/uploads\/sites\/3\/2020\/12\/logo.png","contentUrl":"https:\/\/marktxxl.de\/markt\/wp-content\/uploads\/sites\/3\/2020\/12\/logo.png","width":200,"height":70,"caption":"Markt-XXL"},"image":{"@id":"https:\/\/marktxxl.de\/markt\/#\/schema\/logo\/image\/"}}]}},"_links":{"self":[{"href":"https:\/\/marktxxl.de\/markt\/wp-json\/wp\/v2\/product\/32014","targetHints":{"allow":["GET"]}}],"collection":[{"href":"https:\/\/marktxxl.de\/markt\/wp-json\/wp\/v2\/product"}],"about":[{"href":"https:\/\/marktxxl.de\/markt\/wp-json\/wp\/v2\/types\/product"}],"replies":[{"embeddable":true,"href":"https:\/\/marktxxl.de\/markt\/wp-json\/wp\/v2\/comments?post=32014"}],"wp:featuredmedia":[{"embeddable":true,"href":"https:\/\/marktxxl.de\/markt\/wp-json\/wp\/v2\/media\/32015"}],"wp:attachment":[{"href":"https:\/\/marktxxl.de\/markt\/wp-json\/wp\/v2\/media?parent=32014"}],"wp:term":[{"taxonomy":"product_brand","embeddable":true,"href":"https:\/\/marktxxl.de\/markt\/wp-json\/wp\/v2\/product_brand?post=32014"},{"taxonomy":"product_cat","embeddable":true,"href":"https:\/\/marktxxl.de\/markt\/wp-json\/wp\/v2\/product_cat?post=32014"},{"taxonomy":"product_tag","embeddable":true,"href":"https:\/\/marktxxl.de\/markt\/wp-json\/wp\/v2\/product_tag?post=32014"}],"curies":[{"name":"wp","href":"https:\/\/api.w.org\/{rel}","templated":true}]}}