{"id":31933,"date":"2021-09-13T19:45:30","date_gmt":"2021-09-13T17:45:30","guid":{"rendered":"https:\/\/marktxxl.de\/markt\/produkt\/lynx-afrika-25-years-xl-duo-pflegedose-geschenk-set-2-teilig\/"},"modified":"2023-04-11T01:44:12","modified_gmt":"2023-04-10T23:44:12","slug":"lynx-afrika-25-years-xl-duo-pflegedose-geschenk-set-2-teilig","status":"publish","type":"product","link":"https:\/\/marktxxl.de\/markt\/produkt\/lynx-afrika-25-years-xl-duo-pflegedose-geschenk-set-2-teilig\/","title":{"rendered":"Lynx Afrika 25 Years XL Duo Pflegedose Geschenk-Set 2-teilig"},"content":{"rendered":"<p>Lynx Africa 25 Jahre Limited Edition XL Duo Pflegedose Geschenkset enth\u00e4lt Lynx Africa Bodywash 400 ml und Lynx Africa Bodyspray 200 ml<br \/>\nLynx XL Africa Bodyspray h\u00e4lt ihn k\u00fchl egal was &#8211; mit einem exotischen, maskulinen Duft nach warmen afrikanischen Gew\u00fcrzen und Aromen<br \/>\nDie Bodywash ist eine ultra-frische K\u00f6rper-, Haar- und Gesichtsw\u00e4sche mit dem gleichen ikonischen Duft, der Sie frisch und sauber riechen l\u00e4sst.<br \/>\nDieses Weihnachtsgeschenk-Set f\u00fcr Ihn wird in einer Dose mit Lynx Pflege-Set und einem Paar unserer exklusiven Lynx Africa Socken zum 25. Geburtstag geliefert.<br \/>\nDie Jubil\u00e4umsausgabe in diesem Geschenk-Set ist der perfekte Ort f\u00fcr ihn, um alle wichtigen Dinge f\u00fcr die kommenden Jahre aufzubewahren.<br \/>\n<div class=\"main-cross-sell\" data-asin=\"B08JL2CDSB\">\n\n\t<div class=\"WooZone-cross-sell-loader\">\n\t\t<div>\n\t\t\t<div id=\"floatingBarsG\">\n\t\t\t\t<div class=\"blockG\" id=\"rotateG_01\"><\/div>\n\t\t\t\t<div class=\"blockG\" id=\"rotateG_02\"><\/div>\n\t\t\t\t<div class=\"blockG\" id=\"rotateG_03\"><\/div>\n\t\t\t\t<div class=\"blockG\" id=\"rotateG_04\"><\/div>\n\t\t\t\t<div class=\"blockG\" id=\"rotateG_05\"><\/div>\n\t\t\t\t<div class=\"blockG\" id=\"rotateG_06\"><\/div>\n\t\t\t\t<div class=\"blockG\" id=\"rotateG_07\"><\/div>\n\t\t\t\t<div class=\"blockG\" id=\"rotateG_08\"><\/div>\n\t\t\t<\/div>\n\t\t\t<div class=\"WooZone-cross-sell-loader-text\"><\/div>\n\t\t<\/div>\n\t<\/div>\n\n\t\t\n<\/div>\n<div style=\"clear:both;\"><\/div><\/p>\n","protected":false},"excerpt":{"rendered":"<p>Lynx Africa 25 Jahre Limited Edition XL Duo Pflegedose Geschenkset enth\u00e4lt Lynx Africa Bodywash 400 ml und Lynx Africa Bodyspray 200 ml<br \/>\nLynx XL Africa Bodyspray h\u00e4lt ihn k\u00fchl egal was &#8211; mit einem exotischen, maskulinen Duft nach warmen afrikanischen Gew\u00fcrzen und Aromen<br \/>\nDie Bodywash ist eine ultra-frische K\u00f6rper-, Haar- und Gesichtsw\u00e4sche mit dem gleichen ikonischen Duft, der Sie frisch und sauber riechen l\u00e4sst.<\/p>\n","protected":false},"featured_media":31934,"comment_status":"open","ping_status":"closed","template":"","meta":[],"product_brand":[],"product_cat":[6565,2858],"product_tag":[],"class_list":{"0":"post-31933","1":"product","2":"type-product","3":"status-publish","4":"has-post-thumbnail","6":"product_cat-baden-koerperpflege-beauty","7":"product_cat-beauty","8":"pa_binding-badartikel","9":"pa_brand-lynx","10":"pa_height-8-3858267631-zoll","11":"pa_length-5-3149606245-zoll","12":"pa_manufacturer-unilever","13":"pa_model-14631","14":"pa_weight-1-19711008266-pfund","15":"pa_width-5-2362204671-zoll","17":"first","18":"instock","19":"shipping-taxable","20":"purchasable","21":"product-type-simple","22":"customify-col","23":"product-has-gallery"},"yoast_head":"<!-- This site is optimized with the Yoast SEO plugin v27.4 - https:\/\/yoast.com\/product\/yoast-seo-wordpress\/ -->\n<title>Lynx Afrika 25 Years XL Duo Pflegedose Geschenk-Set 2-teilig - Markt-XXL<\/title>\n<meta name=\"description\" content=\"Markt-XXL Lynx Afrika 25 Years XL Duo Pflegedose Geschenk-Set 2-teilig\" \/>\n<meta name=\"robots\" content=\"index, follow, max-snippet:-1, max-image-preview:large, max-video-preview:-1\" \/>\n<link rel=\"canonical\" href=\"https:\/\/marktxxl.de\/markt\/produkt\/lynx-afrika-25-years-xl-duo-pflegedose-geschenk-set-2-teilig\/\" \/>\n<meta property=\"og:locale\" content=\"de_DE\" \/>\n<meta property=\"og:type\" content=\"article\" \/>\n<meta property=\"og:title\" content=\"Lynx Afrika 25 Years XL Duo Pflegedose Geschenk-Set 2-teilig - Markt-XXL\" \/>\n<meta property=\"og:description\" content=\"Markt-XXL Lynx Afrika 25 Years XL Duo Pflegedose Geschenk-Set 2-teilig\" \/>\n<meta property=\"og:url\" content=\"https:\/\/marktxxl.de\/markt\/produkt\/lynx-afrika-25-years-xl-duo-pflegedose-geschenk-set-2-teilig\/\" \/>\n<meta property=\"og:site_name\" content=\"Markt-XXL\" \/>\n<meta property=\"article:modified_time\" content=\"2023-04-10T23:44:12+00:00\" \/>\n<meta property=\"og:image\" content=\"https:\/\/m.media-amazon.com\/images\/I\/41ioqyYq-QL._SL500_.jpg\" \/>\n\t<meta property=\"og:image:width\" content=\"500\" \/>\n\t<meta property=\"og:image:height\" content=\"500\" \/>\n\t<meta property=\"og:image:type\" content=\"image\/jpeg\" \/>\n<meta name=\"twitter:card\" content=\"summary_large_image\" \/>\n<meta name=\"twitter:label1\" content=\"Gesch\u00e4tzte Lesezeit\" \/>\n\t<meta name=\"twitter:data1\" content=\"1\u00a0Minute\" \/>\n<script type=\"application\/ld+json\" class=\"yoast-schema-graph\">{\"@context\":\"https:\\\/\\\/schema.org\",\"@graph\":[{\"@type\":\"WebPage\",\"@id\":\"https:\\\/\\\/marktxxl.de\\\/markt\\\/produkt\\\/lynx-afrika-25-years-xl-duo-pflegedose-geschenk-set-2-teilig\\\/\",\"url\":\"https:\\\/\\\/marktxxl.de\\\/markt\\\/produkt\\\/lynx-afrika-25-years-xl-duo-pflegedose-geschenk-set-2-teilig\\\/\",\"name\":\"Lynx Afrika 25 Years XL Duo Pflegedose Geschenk-Set 2-teilig - Markt-XXL\",\"isPartOf\":{\"@id\":\"https:\\\/\\\/marktxxl.de\\\/markt\\\/#website\"},\"primaryImageOfPage\":{\"@id\":\"https:\\\/\\\/marktxxl.de\\\/markt\\\/produkt\\\/lynx-afrika-25-years-xl-duo-pflegedose-geschenk-set-2-teilig\\\/#primaryimage\"},\"image\":{\"@id\":\"https:\\\/\\\/marktxxl.de\\\/markt\\\/produkt\\\/lynx-afrika-25-years-xl-duo-pflegedose-geschenk-set-2-teilig\\\/#primaryimage\"},\"thumbnailUrl\":\"https:\\\/\\\/m.media-amazon.com\\\/images\\\/I\\\/41ioqyYq-QL._SL500_.jpg\",\"datePublished\":\"2021-09-13T17:45:30+00:00\",\"dateModified\":\"2023-04-10T23:44:12+00:00\",\"description\":\"Markt-XXL Lynx Afrika 25 Years XL Duo Pflegedose Geschenk-Set 2-teilig\",\"breadcrumb\":{\"@id\":\"https:\\\/\\\/marktxxl.de\\\/markt\\\/produkt\\\/lynx-afrika-25-years-xl-duo-pflegedose-geschenk-set-2-teilig\\\/#breadcrumb\"},\"inLanguage\":\"de\",\"potentialAction\":[{\"@type\":\"ReadAction\",\"target\":[\"https:\\\/\\\/marktxxl.de\\\/markt\\\/produkt\\\/lynx-afrika-25-years-xl-duo-pflegedose-geschenk-set-2-teilig\\\/\"]}]},{\"@type\":\"ImageObject\",\"inLanguage\":\"de\",\"@id\":\"https:\\\/\\\/marktxxl.de\\\/markt\\\/produkt\\\/lynx-afrika-25-years-xl-duo-pflegedose-geschenk-set-2-teilig\\\/#primaryimage\",\"url\":\"https:\\\/\\\/m.media-amazon.com\\\/images\\\/I\\\/41ioqyYq-QL._SL500_.jpg\",\"contentUrl\":\"https:\\\/\\\/m.media-amazon.com\\\/images\\\/I\\\/41ioqyYq-QL._SL500_.jpg\",\"width\":500,\"height\":500},{\"@type\":\"BreadcrumbList\",\"@id\":\"https:\\\/\\\/marktxxl.de\\\/markt\\\/produkt\\\/lynx-afrika-25-years-xl-duo-pflegedose-geschenk-set-2-teilig\\\/#breadcrumb\",\"itemListElement\":[{\"@type\":\"ListItem\",\"position\":1,\"name\":\"Startseite\",\"item\":\"https:\\\/\\\/marktxxl.de\\\/markt\\\/\"},{\"@type\":\"ListItem\",\"position\":2,\"name\":\"Markt\",\"item\":\"https:\\\/\\\/marktxxl.de\\\/markt\\\/\"},{\"@type\":\"ListItem\",\"position\":3,\"name\":\"Lynx Afrika 25 Years XL Duo Pflegedose Geschenk-Set 2-teilig\"}]},{\"@type\":\"WebSite\",\"@id\":\"https:\\\/\\\/marktxxl.de\\\/markt\\\/#website\",\"url\":\"https:\\\/\\\/marktxxl.de\\\/markt\\\/\",\"name\":\"Markt-XXL\",\"description\":\"Ihr Markt Online\",\"publisher\":{\"@id\":\"https:\\\/\\\/marktxxl.de\\\/markt\\\/#organization\"},\"potentialAction\":[{\"@type\":\"SearchAction\",\"target\":{\"@type\":\"EntryPoint\",\"urlTemplate\":\"https:\\\/\\\/marktxxl.de\\\/markt\\\/?s={search_term_string}\"},\"query-input\":{\"@type\":\"PropertyValueSpecification\",\"valueRequired\":true,\"valueName\":\"search_term_string\"}}],\"inLanguage\":\"de\"},{\"@type\":\"Organization\",\"@id\":\"https:\\\/\\\/marktxxl.de\\\/markt\\\/#organization\",\"name\":\"Markt-XXL\",\"url\":\"https:\\\/\\\/marktxxl.de\\\/markt\\\/\",\"logo\":{\"@type\":\"ImageObject\",\"inLanguage\":\"de\",\"@id\":\"https:\\\/\\\/marktxxl.de\\\/markt\\\/#\\\/schema\\\/logo\\\/image\\\/\",\"url\":\"https:\\\/\\\/marktxxl.de\\\/markt\\\/wp-content\\\/uploads\\\/sites\\\/3\\\/2020\\\/12\\\/logo.png\",\"contentUrl\":\"https:\\\/\\\/marktxxl.de\\\/markt\\\/wp-content\\\/uploads\\\/sites\\\/3\\\/2020\\\/12\\\/logo.png\",\"width\":200,\"height\":70,\"caption\":\"Markt-XXL\"},\"image\":{\"@id\":\"https:\\\/\\\/marktxxl.de\\\/markt\\\/#\\\/schema\\\/logo\\\/image\\\/\"}}]}<\/script>\n<!-- \/ Yoast SEO plugin. -->","yoast_head_json":{"title":"Lynx Afrika 25 Years XL Duo Pflegedose Geschenk-Set 2-teilig - Markt-XXL","description":"Markt-XXL Lynx Afrika 25 Years XL Duo Pflegedose Geschenk-Set 2-teilig","robots":{"index":"index","follow":"follow","max-snippet":"max-snippet:-1","max-image-preview":"max-image-preview:large","max-video-preview":"max-video-preview:-1"},"canonical":"https:\/\/marktxxl.de\/markt\/produkt\/lynx-afrika-25-years-xl-duo-pflegedose-geschenk-set-2-teilig\/","og_locale":"de_DE","og_type":"article","og_title":"Lynx Afrika 25 Years XL Duo Pflegedose Geschenk-Set 2-teilig - Markt-XXL","og_description":"Markt-XXL Lynx Afrika 25 Years XL Duo Pflegedose Geschenk-Set 2-teilig","og_url":"https:\/\/marktxxl.de\/markt\/produkt\/lynx-afrika-25-years-xl-duo-pflegedose-geschenk-set-2-teilig\/","og_site_name":"Markt-XXL","article_modified_time":"2023-04-10T23:44:12+00:00","og_image":[{"width":500,"height":500,"url":"https:\/\/m.media-amazon.com\/images\/I\/41ioqyYq-QL._SL500_.jpg","type":"image\/jpeg"}],"twitter_card":"summary_large_image","twitter_misc":{"Gesch\u00e4tzte Lesezeit":"1\u00a0Minute"},"schema":{"@context":"https:\/\/schema.org","@graph":[{"@type":"WebPage","@id":"https:\/\/marktxxl.de\/markt\/produkt\/lynx-afrika-25-years-xl-duo-pflegedose-geschenk-set-2-teilig\/","url":"https:\/\/marktxxl.de\/markt\/produkt\/lynx-afrika-25-years-xl-duo-pflegedose-geschenk-set-2-teilig\/","name":"Lynx Afrika 25 Years XL Duo Pflegedose Geschenk-Set 2-teilig - Markt-XXL","isPartOf":{"@id":"https:\/\/marktxxl.de\/markt\/#website"},"primaryImageOfPage":{"@id":"https:\/\/marktxxl.de\/markt\/produkt\/lynx-afrika-25-years-xl-duo-pflegedose-geschenk-set-2-teilig\/#primaryimage"},"image":{"@id":"https:\/\/marktxxl.de\/markt\/produkt\/lynx-afrika-25-years-xl-duo-pflegedose-geschenk-set-2-teilig\/#primaryimage"},"thumbnailUrl":"https:\/\/m.media-amazon.com\/images\/I\/41ioqyYq-QL._SL500_.jpg","datePublished":"2021-09-13T17:45:30+00:00","dateModified":"2023-04-10T23:44:12+00:00","description":"Markt-XXL Lynx Afrika 25 Years XL Duo Pflegedose Geschenk-Set 2-teilig","breadcrumb":{"@id":"https:\/\/marktxxl.de\/markt\/produkt\/lynx-afrika-25-years-xl-duo-pflegedose-geschenk-set-2-teilig\/#breadcrumb"},"inLanguage":"de","potentialAction":[{"@type":"ReadAction","target":["https:\/\/marktxxl.de\/markt\/produkt\/lynx-afrika-25-years-xl-duo-pflegedose-geschenk-set-2-teilig\/"]}]},{"@type":"ImageObject","inLanguage":"de","@id":"https:\/\/marktxxl.de\/markt\/produkt\/lynx-afrika-25-years-xl-duo-pflegedose-geschenk-set-2-teilig\/#primaryimage","url":"https:\/\/m.media-amazon.com\/images\/I\/41ioqyYq-QL._SL500_.jpg","contentUrl":"https:\/\/m.media-amazon.com\/images\/I\/41ioqyYq-QL._SL500_.jpg","width":500,"height":500},{"@type":"BreadcrumbList","@id":"https:\/\/marktxxl.de\/markt\/produkt\/lynx-afrika-25-years-xl-duo-pflegedose-geschenk-set-2-teilig\/#breadcrumb","itemListElement":[{"@type":"ListItem","position":1,"name":"Startseite","item":"https:\/\/marktxxl.de\/markt\/"},{"@type":"ListItem","position":2,"name":"Markt","item":"https:\/\/marktxxl.de\/markt\/"},{"@type":"ListItem","position":3,"name":"Lynx Afrika 25 Years XL Duo Pflegedose Geschenk-Set 2-teilig"}]},{"@type":"WebSite","@id":"https:\/\/marktxxl.de\/markt\/#website","url":"https:\/\/marktxxl.de\/markt\/","name":"Markt-XXL","description":"Ihr Markt Online","publisher":{"@id":"https:\/\/marktxxl.de\/markt\/#organization"},"potentialAction":[{"@type":"SearchAction","target":{"@type":"EntryPoint","urlTemplate":"https:\/\/marktxxl.de\/markt\/?s={search_term_string}"},"query-input":{"@type":"PropertyValueSpecification","valueRequired":true,"valueName":"search_term_string"}}],"inLanguage":"de"},{"@type":"Organization","@id":"https:\/\/marktxxl.de\/markt\/#organization","name":"Markt-XXL","url":"https:\/\/marktxxl.de\/markt\/","logo":{"@type":"ImageObject","inLanguage":"de","@id":"https:\/\/marktxxl.de\/markt\/#\/schema\/logo\/image\/","url":"https:\/\/marktxxl.de\/markt\/wp-content\/uploads\/sites\/3\/2020\/12\/logo.png","contentUrl":"https:\/\/marktxxl.de\/markt\/wp-content\/uploads\/sites\/3\/2020\/12\/logo.png","width":200,"height":70,"caption":"Markt-XXL"},"image":{"@id":"https:\/\/marktxxl.de\/markt\/#\/schema\/logo\/image\/"}}]}},"_links":{"self":[{"href":"https:\/\/marktxxl.de\/markt\/wp-json\/wp\/v2\/product\/31933","targetHints":{"allow":["GET"]}}],"collection":[{"href":"https:\/\/marktxxl.de\/markt\/wp-json\/wp\/v2\/product"}],"about":[{"href":"https:\/\/marktxxl.de\/markt\/wp-json\/wp\/v2\/types\/product"}],"replies":[{"embeddable":true,"href":"https:\/\/marktxxl.de\/markt\/wp-json\/wp\/v2\/comments?post=31933"}],"wp:featuredmedia":[{"embeddable":true,"href":"https:\/\/marktxxl.de\/markt\/wp-json\/wp\/v2\/media\/31934"}],"wp:attachment":[{"href":"https:\/\/marktxxl.de\/markt\/wp-json\/wp\/v2\/media?parent=31933"}],"wp:term":[{"taxonomy":"product_brand","embeddable":true,"href":"https:\/\/marktxxl.de\/markt\/wp-json\/wp\/v2\/product_brand?post=31933"},{"taxonomy":"product_cat","embeddable":true,"href":"https:\/\/marktxxl.de\/markt\/wp-json\/wp\/v2\/product_cat?post=31933"},{"taxonomy":"product_tag","embeddable":true,"href":"https:\/\/marktxxl.de\/markt\/wp-json\/wp\/v2\/product_tag?post=31933"}],"curies":[{"name":"wp","href":"https:\/\/api.w.org\/{rel}","templated":true}]}}