{"id":31872,"date":"2021-09-13T19:45:17","date_gmt":"2021-09-13T17:45:17","guid":{"rendered":"https:\/\/marktxxl.de\/markt\/produkt\/compagnie-de-provence-fluessigseife-pink-grapefruit-1l-nachfuellgroesse-frische-fruchtige-noten-von-pampelmuse-und-orange-rosmarin-und-thymian-wuerzig-und-fruchtig\/"},"modified":"2023-04-11T01:44:11","modified_gmt":"2023-04-10T23:44:11","slug":"compagnie-de-provence-fluessigseife-pink-grapefruit-1l-nachfuellgroesse-frische-fruchtige-noten-von-pampelmuse-und-orange-rosmarin-und-thymian-wuerzig-und-fruchtig","status":"publish","type":"product","link":"https:\/\/marktxxl.de\/markt\/produkt\/compagnie-de-provence-fluessigseife-pink-grapefruit-1l-nachfuellgroesse-frische-fruchtige-noten-von-pampelmuse-und-orange-rosmarin-und-thymian-wuerzig-und-fruchtig\/","title":{"rendered":"Compagnie de Provence\u00ae Fl\u00fcssigseife Pink Grapefruit 1l | Nachf\u00fcllgr\u00f6\u00dfe | frische, fruchtige Noten von Pampelmuse und\u2026"},"content":{"rendered":"<p>fl\u00fcssigseife pink grapefruit: die luxuri\u00f6se marseiller fl\u00fcssigseife pink grapefruit verwandelt sich mit wasser in einen cremigen schaum, der die haut effektiv reinigt.<br \/>\npraktische nachf\u00fcllgr\u00f6\u00dfe: die fl\u00fcssigseife pr\u00e4sentiert sich in einer praktischen nachf\u00fcllflasche.\u00a0inhalt: 1 liter.<br \/>\n95 % nat\u00fcrliche inhaltsstoffe: lassen sie sich von pflanzlichen \u00f6len wie oliven- und s\u00fc\u00dfmandel\u00f6l aus der provence und traubenkern\u00f6l aus frankreich verw\u00f6hnen.<br \/>\nhervorragend f\u00fcr die reinigung des gesamten k\u00f6rpers geeignet: die ultra sanfte formel eignet sich optimal zum h\u00e4ufigen h\u00e4ndewaschen und kann auch f\u00fcr die reinigung des gesamten k\u00f6rpers verwendet werden.<br \/>\nla compagnie de provence: viel mehr als eine franz\u00f6sische beauty marke. es ist ein lebensstil, der von der lebensfreude der provence inspiriert ist. fr\u00f6hliche, farbenfrohe und nat\u00fcrliche produkte, inspiriert von der strahlenden sonne der provence.<br \/>\nAnzahl\u00a0der\u00a0einheiten: 1000.0<br \/>\nEinheitenanzahltyp: milliliter<br \/>\n<div class=\"main-cross-sell\" data-asin=\"B071HGXSZ9\">\n\n\t<div class=\"WooZone-cross-sell-loader\">\n\t\t<div>\n\t\t\t<div id=\"floatingBarsG\">\n\t\t\t\t<div class=\"blockG\" id=\"rotateG_01\"><\/div>\n\t\t\t\t<div class=\"blockG\" id=\"rotateG_02\"><\/div>\n\t\t\t\t<div class=\"blockG\" id=\"rotateG_03\"><\/div>\n\t\t\t\t<div class=\"blockG\" id=\"rotateG_04\"><\/div>\n\t\t\t\t<div class=\"blockG\" id=\"rotateG_05\"><\/div>\n\t\t\t\t<div class=\"blockG\" id=\"rotateG_06\"><\/div>\n\t\t\t\t<div class=\"blockG\" id=\"rotateG_07\"><\/div>\n\t\t\t\t<div class=\"blockG\" id=\"rotateG_08\"><\/div>\n\t\t\t<\/div>\n\t\t\t<div class=\"WooZone-cross-sell-loader-text\"><\/div>\n\t\t<\/div>\n\t<\/div>\n\n\t\t\n<\/div>\n<div style=\"clear:both;\"><\/div><\/p>\n","protected":false},"excerpt":{"rendered":"<p>fl\u00fcssigseife pink grapefruit: die luxuri\u00f6se marseiller fl\u00fcssigseife pink grapefruit verwandelt sich mit wasser in einen cremigen schaum, der die haut effektiv reinigt.<br \/>\npraktische nachf\u00fcllgr\u00f6\u00dfe: die fl\u00fcssigseife pr\u00e4sentiert sich in einer praktischen nachf\u00fcllflasche.\u00a0inhalt: 1 liter.<br \/>\n95 % nat\u00fcrliche inhaltsstoffe: lassen sie sich von pflanzlichen \u00f6len wie oliven- und s\u00fc\u00dfmandel\u00f6l aus der provence und traubenkern\u00f6l aus frankreich verw\u00f6hnen.<\/p>\n","protected":false},"featured_media":31873,"comment_status":"open","ping_status":"closed","template":"","meta":[],"product_brand":[],"product_cat":[6565,2858],"product_tag":[],"class_list":{"0":"post-31872","1":"product","2":"type-product","3":"status-publish","4":"has-post-thumbnail","6":"product_cat-baden-koerperpflege-beauty","7":"product_cat-beauty","8":"pa_binding-badartikel","9":"pa_brand-compagnie-de-provence","10":"pa_height-3-4251968469-zoll","11":"pa_length-3-4251968469-zoll","12":"pa_manufacturer-compagnie-de-provence","13":"pa_model-pf0101sl01lpa","14":"pa_weight-2-2-pfund","15":"pa_width-8-8582677075-zoll","17":"first","18":"instock","19":"shipping-taxable","20":"purchasable","21":"product-type-simple","22":"customify-col","23":"product-has-gallery"},"yoast_head":"<!-- This site is optimized with the Yoast SEO plugin v27.3 - https:\/\/yoast.com\/product\/yoast-seo-wordpress\/ -->\n<title>Compagnie de Provence\u00ae Fl\u00fcssigseife Pink Grapefruit 1l | Nachf\u00fcllgr\u00f6\u00dfe | frische, fruchtige Noten von Pampelmuse und\u2026 - Markt-XXL<\/title>\n<meta name=\"description\" content=\"Markt-XXL Compagnie de Provence\u00ae Fl\u00fcssigseife Pink Grapefruit 1l | Nachf\u00fcllgr\u00f6\u00dfe | frische, fruchtige Noten von Pampelmuse und\u2026\" \/>\n<meta name=\"robots\" content=\"index, follow, max-snippet:-1, max-image-preview:large, max-video-preview:-1\" \/>\n<link rel=\"canonical\" href=\"https:\/\/marktxxl.de\/markt\/produkt\/compagnie-de-provence-fluessigseife-pink-grapefruit-1l-nachfuellgroesse-frische-fruchtige-noten-von-pampelmuse-und-orange-rosmarin-und-thymian-wuerzig-und-fruchtig\/\" \/>\n<meta property=\"og:locale\" content=\"de_DE\" \/>\n<meta property=\"og:type\" content=\"article\" \/>\n<meta property=\"og:title\" content=\"Compagnie de Provence\u00ae Fl\u00fcssigseife Pink Grapefruit 1l | Nachf\u00fcllgr\u00f6\u00dfe | frische, fruchtige Noten von Pampelmuse und\u2026 - Markt-XXL\" \/>\n<meta property=\"og:description\" content=\"Markt-XXL Compagnie de Provence\u00ae Fl\u00fcssigseife Pink Grapefruit 1l | Nachf\u00fcllgr\u00f6\u00dfe | frische, fruchtige Noten von Pampelmuse und\u2026\" \/>\n<meta property=\"og:url\" content=\"https:\/\/marktxxl.de\/markt\/produkt\/compagnie-de-provence-fluessigseife-pink-grapefruit-1l-nachfuellgroesse-frische-fruchtige-noten-von-pampelmuse-und-orange-rosmarin-und-thymian-wuerzig-und-fruchtig\/\" \/>\n<meta property=\"og:site_name\" content=\"Markt-XXL\" \/>\n<meta property=\"article:modified_time\" content=\"2023-04-10T23:44:11+00:00\" \/>\n<meta property=\"og:image\" content=\"https:\/\/m.media-amazon.com\/images\/I\/31gv2i7Dm4L._SL500_.jpg\" \/>\n\t<meta property=\"og:image:width\" content=\"500\" \/>\n\t<meta property=\"og:image:height\" content=\"500\" \/>\n\t<meta property=\"og:image:type\" content=\"image\/jpeg\" \/>\n<meta name=\"twitter:card\" content=\"summary_large_image\" \/>\n<meta name=\"twitter:label1\" content=\"Gesch\u00e4tzte Lesezeit\" \/>\n\t<meta name=\"twitter:data1\" content=\"1\u00a0Minute\" \/>\n<script type=\"application\/ld+json\" class=\"yoast-schema-graph\">{\"@context\":\"https:\\\/\\\/schema.org\",\"@graph\":[{\"@type\":\"WebPage\",\"@id\":\"https:\\\/\\\/marktxxl.de\\\/markt\\\/produkt\\\/compagnie-de-provence-fluessigseife-pink-grapefruit-1l-nachfuellgroesse-frische-fruchtige-noten-von-pampelmuse-und-orange-rosmarin-und-thymian-wuerzig-und-fruchtig\\\/\",\"url\":\"https:\\\/\\\/marktxxl.de\\\/markt\\\/produkt\\\/compagnie-de-provence-fluessigseife-pink-grapefruit-1l-nachfuellgroesse-frische-fruchtige-noten-von-pampelmuse-und-orange-rosmarin-und-thymian-wuerzig-und-fruchtig\\\/\",\"name\":\"Compagnie de Provence\u00ae Fl\u00fcssigseife Pink Grapefruit 1l | Nachf\u00fcllgr\u00f6\u00dfe | frische, fruchtige Noten von Pampelmuse und\u2026 - Markt-XXL\",\"isPartOf\":{\"@id\":\"https:\\\/\\\/marktxxl.de\\\/markt\\\/#website\"},\"primaryImageOfPage\":{\"@id\":\"https:\\\/\\\/marktxxl.de\\\/markt\\\/produkt\\\/compagnie-de-provence-fluessigseife-pink-grapefruit-1l-nachfuellgroesse-frische-fruchtige-noten-von-pampelmuse-und-orange-rosmarin-und-thymian-wuerzig-und-fruchtig\\\/#primaryimage\"},\"image\":{\"@id\":\"https:\\\/\\\/marktxxl.de\\\/markt\\\/produkt\\\/compagnie-de-provence-fluessigseife-pink-grapefruit-1l-nachfuellgroesse-frische-fruchtige-noten-von-pampelmuse-und-orange-rosmarin-und-thymian-wuerzig-und-fruchtig\\\/#primaryimage\"},\"thumbnailUrl\":\"https:\\\/\\\/m.media-amazon.com\\\/images\\\/I\\\/31gv2i7Dm4L._SL500_.jpg\",\"datePublished\":\"2021-09-13T17:45:17+00:00\",\"dateModified\":\"2023-04-10T23:44:11+00:00\",\"description\":\"Markt-XXL Compagnie de Provence\u00ae Fl\u00fcssigseife Pink Grapefruit 1l | Nachf\u00fcllgr\u00f6\u00dfe | frische, fruchtige Noten von Pampelmuse und\u2026\",\"breadcrumb\":{\"@id\":\"https:\\\/\\\/marktxxl.de\\\/markt\\\/produkt\\\/compagnie-de-provence-fluessigseife-pink-grapefruit-1l-nachfuellgroesse-frische-fruchtige-noten-von-pampelmuse-und-orange-rosmarin-und-thymian-wuerzig-und-fruchtig\\\/#breadcrumb\"},\"inLanguage\":\"de\",\"potentialAction\":[{\"@type\":\"ReadAction\",\"target\":[\"https:\\\/\\\/marktxxl.de\\\/markt\\\/produkt\\\/compagnie-de-provence-fluessigseife-pink-grapefruit-1l-nachfuellgroesse-frische-fruchtige-noten-von-pampelmuse-und-orange-rosmarin-und-thymian-wuerzig-und-fruchtig\\\/\"]}]},{\"@type\":\"ImageObject\",\"inLanguage\":\"de\",\"@id\":\"https:\\\/\\\/marktxxl.de\\\/markt\\\/produkt\\\/compagnie-de-provence-fluessigseife-pink-grapefruit-1l-nachfuellgroesse-frische-fruchtige-noten-von-pampelmuse-und-orange-rosmarin-und-thymian-wuerzig-und-fruchtig\\\/#primaryimage\",\"url\":\"https:\\\/\\\/m.media-amazon.com\\\/images\\\/I\\\/31gv2i7Dm4L._SL500_.jpg\",\"contentUrl\":\"https:\\\/\\\/m.media-amazon.com\\\/images\\\/I\\\/31gv2i7Dm4L._SL500_.jpg\",\"width\":500,\"height\":500},{\"@type\":\"BreadcrumbList\",\"@id\":\"https:\\\/\\\/marktxxl.de\\\/markt\\\/produkt\\\/compagnie-de-provence-fluessigseife-pink-grapefruit-1l-nachfuellgroesse-frische-fruchtige-noten-von-pampelmuse-und-orange-rosmarin-und-thymian-wuerzig-und-fruchtig\\\/#breadcrumb\",\"itemListElement\":[{\"@type\":\"ListItem\",\"position\":1,\"name\":\"Startseite\",\"item\":\"https:\\\/\\\/marktxxl.de\\\/markt\\\/\"},{\"@type\":\"ListItem\",\"position\":2,\"name\":\"Markt\",\"item\":\"https:\\\/\\\/marktxxl.de\\\/markt\\\/\"},{\"@type\":\"ListItem\",\"position\":3,\"name\":\"Compagnie de Provence\u00ae Fl\u00fcssigseife Pink Grapefruit 1l | Nachf\u00fcllgr\u00f6\u00dfe | frische, fruchtige Noten von Pampelmuse und\u2026\"}]},{\"@type\":\"WebSite\",\"@id\":\"https:\\\/\\\/marktxxl.de\\\/markt\\\/#website\",\"url\":\"https:\\\/\\\/marktxxl.de\\\/markt\\\/\",\"name\":\"Markt-XXL\",\"description\":\"Ihr Markt Online\",\"publisher\":{\"@id\":\"https:\\\/\\\/marktxxl.de\\\/markt\\\/#organization\"},\"potentialAction\":[{\"@type\":\"SearchAction\",\"target\":{\"@type\":\"EntryPoint\",\"urlTemplate\":\"https:\\\/\\\/marktxxl.de\\\/markt\\\/?s={search_term_string}\"},\"query-input\":{\"@type\":\"PropertyValueSpecification\",\"valueRequired\":true,\"valueName\":\"search_term_string\"}}],\"inLanguage\":\"de\"},{\"@type\":\"Organization\",\"@id\":\"https:\\\/\\\/marktxxl.de\\\/markt\\\/#organization\",\"name\":\"Markt-XXL\",\"url\":\"https:\\\/\\\/marktxxl.de\\\/markt\\\/\",\"logo\":{\"@type\":\"ImageObject\",\"inLanguage\":\"de\",\"@id\":\"https:\\\/\\\/marktxxl.de\\\/markt\\\/#\\\/schema\\\/logo\\\/image\\\/\",\"url\":\"https:\\\/\\\/marktxxl.de\\\/markt\\\/wp-content\\\/uploads\\\/sites\\\/3\\\/2020\\\/12\\\/logo.png\",\"contentUrl\":\"https:\\\/\\\/marktxxl.de\\\/markt\\\/wp-content\\\/uploads\\\/sites\\\/3\\\/2020\\\/12\\\/logo.png\",\"width\":200,\"height\":70,\"caption\":\"Markt-XXL\"},\"image\":{\"@id\":\"https:\\\/\\\/marktxxl.de\\\/markt\\\/#\\\/schema\\\/logo\\\/image\\\/\"}}]}<\/script>\n<!-- \/ Yoast SEO plugin. -->","yoast_head_json":{"title":"Compagnie de Provence\u00ae Fl\u00fcssigseife Pink Grapefruit 1l | Nachf\u00fcllgr\u00f6\u00dfe | frische, fruchtige Noten von Pampelmuse und\u2026 - Markt-XXL","description":"Markt-XXL Compagnie de Provence\u00ae Fl\u00fcssigseife Pink Grapefruit 1l | Nachf\u00fcllgr\u00f6\u00dfe | frische, fruchtige Noten von Pampelmuse und\u2026","robots":{"index":"index","follow":"follow","max-snippet":"max-snippet:-1","max-image-preview":"max-image-preview:large","max-video-preview":"max-video-preview:-1"},"canonical":"https:\/\/marktxxl.de\/markt\/produkt\/compagnie-de-provence-fluessigseife-pink-grapefruit-1l-nachfuellgroesse-frische-fruchtige-noten-von-pampelmuse-und-orange-rosmarin-und-thymian-wuerzig-und-fruchtig\/","og_locale":"de_DE","og_type":"article","og_title":"Compagnie de Provence\u00ae Fl\u00fcssigseife Pink Grapefruit 1l | Nachf\u00fcllgr\u00f6\u00dfe | frische, fruchtige Noten von Pampelmuse und\u2026 - Markt-XXL","og_description":"Markt-XXL Compagnie de Provence\u00ae Fl\u00fcssigseife Pink Grapefruit 1l | Nachf\u00fcllgr\u00f6\u00dfe | frische, fruchtige Noten von Pampelmuse und\u2026","og_url":"https:\/\/marktxxl.de\/markt\/produkt\/compagnie-de-provence-fluessigseife-pink-grapefruit-1l-nachfuellgroesse-frische-fruchtige-noten-von-pampelmuse-und-orange-rosmarin-und-thymian-wuerzig-und-fruchtig\/","og_site_name":"Markt-XXL","article_modified_time":"2023-04-10T23:44:11+00:00","og_image":[{"width":500,"height":500,"url":"https:\/\/m.media-amazon.com\/images\/I\/31gv2i7Dm4L._SL500_.jpg","type":"image\/jpeg"}],"twitter_card":"summary_large_image","twitter_misc":{"Gesch\u00e4tzte Lesezeit":"1\u00a0Minute"},"schema":{"@context":"https:\/\/schema.org","@graph":[{"@type":"WebPage","@id":"https:\/\/marktxxl.de\/markt\/produkt\/compagnie-de-provence-fluessigseife-pink-grapefruit-1l-nachfuellgroesse-frische-fruchtige-noten-von-pampelmuse-und-orange-rosmarin-und-thymian-wuerzig-und-fruchtig\/","url":"https:\/\/marktxxl.de\/markt\/produkt\/compagnie-de-provence-fluessigseife-pink-grapefruit-1l-nachfuellgroesse-frische-fruchtige-noten-von-pampelmuse-und-orange-rosmarin-und-thymian-wuerzig-und-fruchtig\/","name":"Compagnie de Provence\u00ae Fl\u00fcssigseife Pink Grapefruit 1l | Nachf\u00fcllgr\u00f6\u00dfe | frische, fruchtige Noten von Pampelmuse und\u2026 - Markt-XXL","isPartOf":{"@id":"https:\/\/marktxxl.de\/markt\/#website"},"primaryImageOfPage":{"@id":"https:\/\/marktxxl.de\/markt\/produkt\/compagnie-de-provence-fluessigseife-pink-grapefruit-1l-nachfuellgroesse-frische-fruchtige-noten-von-pampelmuse-und-orange-rosmarin-und-thymian-wuerzig-und-fruchtig\/#primaryimage"},"image":{"@id":"https:\/\/marktxxl.de\/markt\/produkt\/compagnie-de-provence-fluessigseife-pink-grapefruit-1l-nachfuellgroesse-frische-fruchtige-noten-von-pampelmuse-und-orange-rosmarin-und-thymian-wuerzig-und-fruchtig\/#primaryimage"},"thumbnailUrl":"https:\/\/m.media-amazon.com\/images\/I\/31gv2i7Dm4L._SL500_.jpg","datePublished":"2021-09-13T17:45:17+00:00","dateModified":"2023-04-10T23:44:11+00:00","description":"Markt-XXL Compagnie de Provence\u00ae Fl\u00fcssigseife Pink Grapefruit 1l | Nachf\u00fcllgr\u00f6\u00dfe | frische, fruchtige Noten von Pampelmuse und\u2026","breadcrumb":{"@id":"https:\/\/marktxxl.de\/markt\/produkt\/compagnie-de-provence-fluessigseife-pink-grapefruit-1l-nachfuellgroesse-frische-fruchtige-noten-von-pampelmuse-und-orange-rosmarin-und-thymian-wuerzig-und-fruchtig\/#breadcrumb"},"inLanguage":"de","potentialAction":[{"@type":"ReadAction","target":["https:\/\/marktxxl.de\/markt\/produkt\/compagnie-de-provence-fluessigseife-pink-grapefruit-1l-nachfuellgroesse-frische-fruchtige-noten-von-pampelmuse-und-orange-rosmarin-und-thymian-wuerzig-und-fruchtig\/"]}]},{"@type":"ImageObject","inLanguage":"de","@id":"https:\/\/marktxxl.de\/markt\/produkt\/compagnie-de-provence-fluessigseife-pink-grapefruit-1l-nachfuellgroesse-frische-fruchtige-noten-von-pampelmuse-und-orange-rosmarin-und-thymian-wuerzig-und-fruchtig\/#primaryimage","url":"https:\/\/m.media-amazon.com\/images\/I\/31gv2i7Dm4L._SL500_.jpg","contentUrl":"https:\/\/m.media-amazon.com\/images\/I\/31gv2i7Dm4L._SL500_.jpg","width":500,"height":500},{"@type":"BreadcrumbList","@id":"https:\/\/marktxxl.de\/markt\/produkt\/compagnie-de-provence-fluessigseife-pink-grapefruit-1l-nachfuellgroesse-frische-fruchtige-noten-von-pampelmuse-und-orange-rosmarin-und-thymian-wuerzig-und-fruchtig\/#breadcrumb","itemListElement":[{"@type":"ListItem","position":1,"name":"Startseite","item":"https:\/\/marktxxl.de\/markt\/"},{"@type":"ListItem","position":2,"name":"Markt","item":"https:\/\/marktxxl.de\/markt\/"},{"@type":"ListItem","position":3,"name":"Compagnie de Provence\u00ae Fl\u00fcssigseife Pink Grapefruit 1l | Nachf\u00fcllgr\u00f6\u00dfe | frische, fruchtige Noten von Pampelmuse und\u2026"}]},{"@type":"WebSite","@id":"https:\/\/marktxxl.de\/markt\/#website","url":"https:\/\/marktxxl.de\/markt\/","name":"Markt-XXL","description":"Ihr Markt Online","publisher":{"@id":"https:\/\/marktxxl.de\/markt\/#organization"},"potentialAction":[{"@type":"SearchAction","target":{"@type":"EntryPoint","urlTemplate":"https:\/\/marktxxl.de\/markt\/?s={search_term_string}"},"query-input":{"@type":"PropertyValueSpecification","valueRequired":true,"valueName":"search_term_string"}}],"inLanguage":"de"},{"@type":"Organization","@id":"https:\/\/marktxxl.de\/markt\/#organization","name":"Markt-XXL","url":"https:\/\/marktxxl.de\/markt\/","logo":{"@type":"ImageObject","inLanguage":"de","@id":"https:\/\/marktxxl.de\/markt\/#\/schema\/logo\/image\/","url":"https:\/\/marktxxl.de\/markt\/wp-content\/uploads\/sites\/3\/2020\/12\/logo.png","contentUrl":"https:\/\/marktxxl.de\/markt\/wp-content\/uploads\/sites\/3\/2020\/12\/logo.png","width":200,"height":70,"caption":"Markt-XXL"},"image":{"@id":"https:\/\/marktxxl.de\/markt\/#\/schema\/logo\/image\/"}}]}},"_links":{"self":[{"href":"https:\/\/marktxxl.de\/markt\/wp-json\/wp\/v2\/product\/31872","targetHints":{"allow":["GET"]}}],"collection":[{"href":"https:\/\/marktxxl.de\/markt\/wp-json\/wp\/v2\/product"}],"about":[{"href":"https:\/\/marktxxl.de\/markt\/wp-json\/wp\/v2\/types\/product"}],"replies":[{"embeddable":true,"href":"https:\/\/marktxxl.de\/markt\/wp-json\/wp\/v2\/comments?post=31872"}],"wp:featuredmedia":[{"embeddable":true,"href":"https:\/\/marktxxl.de\/markt\/wp-json\/wp\/v2\/media\/31873"}],"wp:attachment":[{"href":"https:\/\/marktxxl.de\/markt\/wp-json\/wp\/v2\/media?parent=31872"}],"wp:term":[{"taxonomy":"product_brand","embeddable":true,"href":"https:\/\/marktxxl.de\/markt\/wp-json\/wp\/v2\/product_brand?post=31872"},{"taxonomy":"product_cat","embeddable":true,"href":"https:\/\/marktxxl.de\/markt\/wp-json\/wp\/v2\/product_cat?post=31872"},{"taxonomy":"product_tag","embeddable":true,"href":"https:\/\/marktxxl.de\/markt\/wp-json\/wp\/v2\/product_tag?post=31872"}],"curies":[{"name":"wp","href":"https:\/\/api.w.org\/{rel}","templated":true}]}}