{"id":31603,"date":"2021-09-13T00:28:16","date_gmt":"2021-09-12T22:28:16","guid":{"rendered":"https:\/\/marktxxl.de\/markt\/produkt\/as-schwabe-aluminium-steckdosenleiste-mehrfachsteckdosen-mit-15-m-leitung-8-fach-mehrfachstecker-230-v-16-a-mit-schalter-ueberspannungsschutz-ip20-si\/"},"modified":"2023-04-11T01:44:06","modified_gmt":"2023-04-10T23:44:06","slug":"as-schwabe-aluminium-steckdosenleiste-mehrfachsteckdosen-mit-15-m-leitung-8-fach-mehrfachstecker-230-v-16-a-mit-schalter-ueberspannungsschutz-ip20-si","status":"publish","type":"product","link":"https:\/\/marktxxl.de\/markt\/produkt\/as-schwabe-aluminium-steckdosenleiste-mehrfachsteckdosen-mit-15-m-leitung-8-fach-mehrfachstecker-230-v-16-a-mit-schalter-ueberspannungsschutz-ip20-si\/","title":{"rendered":"as &#8211; Schwabe Aluminium-Steckdosenleiste \u2013 Mehrfachsteckdosen mit 1,5 m Leitung \u2013 8-Fach Mehrfachstecker 230 V \/ 16 A mit\u2026"},"content":{"rendered":"<p>Steckerleiste: Intelligentes Kabelmanagement mit unserem schwarzen Multistecker inkl. Ein-\/Aus-Schalter. Zum Anschluss verschiedener Elektro-Artikel geeignet. Die 1, 5 Meter lange Kunststoffmantelleitung H05VV-F 3G1, 5 ist mit einem erh\u00f6htem Ber\u00fchrungsschutz ausgestattet.<br \/>\nMaterial: Die Mehrfachsteckdose besteht aus robusten Materialien. IP20 Zertifizierung f\u00fcr die Verwendung im Innenbereich. Der perfekte B\u00fcro- und Haushalt-Artikel!<br \/>\nSchalter: Die schaltbare Steckerleiste inklusive beleuchteter Kontrolllampe ist einfach zu bedienen: Zum Deaktivieren der Mehrfachsteckdosenleiste den Universal-Schalter dr\u00fccken.<br \/>\nDesign: Durch die 45 Grad gedrehten Steckdosen der 8-fachen Leiste haben Sie auch Platz f\u00fcr gr\u00f6\u00dfere Netzteile nebeneinander. Die 4 \u00d6sen erm\u00f6glichen eine simple Befestigung am Schreibtisch oder an der Wand.<br \/>\nMit \u00d6sen zur einfachen Befestigung\/\/ geeignet f\u00fcr den Innenbereich, Schreibtisch, Computer, Haushalt<br \/>\n<div class=\"main-cross-sell\" data-asin=\"B01I3IOKPQ\">\n\n\t<div class=\"WooZone-cross-sell-loader\">\n\t\t<div>\n\t\t\t<div id=\"floatingBarsG\">\n\t\t\t\t<div class=\"blockG\" id=\"rotateG_01\"><\/div>\n\t\t\t\t<div class=\"blockG\" id=\"rotateG_02\"><\/div>\n\t\t\t\t<div class=\"blockG\" id=\"rotateG_03\"><\/div>\n\t\t\t\t<div class=\"blockG\" id=\"rotateG_04\"><\/div>\n\t\t\t\t<div class=\"blockG\" id=\"rotateG_05\"><\/div>\n\t\t\t\t<div class=\"blockG\" id=\"rotateG_06\"><\/div>\n\t\t\t\t<div class=\"blockG\" id=\"rotateG_07\"><\/div>\n\t\t\t\t<div class=\"blockG\" id=\"rotateG_08\"><\/div>\n\t\t\t<\/div>\n\t\t\t<div class=\"WooZone-cross-sell-loader-text\"><\/div>\n\t\t<\/div>\n\t<\/div>\n\n\t\t\n<\/div>\n<div style=\"clear:both;\"><\/div><\/p>\n","protected":false},"excerpt":{"rendered":"<p>Steckerleiste: Intelligentes Kabelmanagement mit unserem schwarzen Multistecker inkl. Ein-\/Aus-Schalter. Zum Anschluss verschiedener Elektro-Artikel geeignet. Die 1, 5 Meter lange Kunststoffmantelleitung H05VV-F 3G1, 5 ist mit einem erh\u00f6htem Ber\u00fchrungsschutz ausgestattet.<br \/>\nMaterial: Die Mehrfachsteckdose besteht aus robusten Materialien. IP20 Zertifizierung f\u00fcr die Verwendung im Innenbereich. Der perfekte B\u00fcro- und Haushalt-Artikel!<br \/>\nSchalter: Die schaltbare Steckerleiste inklusive beleuchteter Kontrolllampe ist einfach zu bedienen: Zum Deaktivieren der Mehrfachsteckdosenleiste den Universal-Schalter dr\u00fccken.<\/p>\n","protected":false},"featured_media":31604,"comment_status":"open","ping_status":"closed","template":"","meta":[],"product_brand":[],"product_cat":[1983,11009],"product_tag":[],"class_list":{"0":"post-31603","1":"product","2":"type-product","3":"status-publish","4":"has-post-thumbnail","6":"product_cat-baumarkt","7":"product_cat-elektroinstallation","8":"pa_binding-misc","9":"pa_brand-as-schwabe","10":"pa_color-blauer-schalter","11":"pa_height-23-92125981812-zoll","12":"pa_length-5-40157479764-zoll","13":"pa_manufacturer-as-schwabe","14":"pa_model-14476","15":"pa_size-8-fach","16":"pa_warranty-2-jahre","17":"pa_weight-1-71078715312-pfund","18":"pa_width-1-9291338563-zoll","20":"first","21":"instock","22":"shipping-taxable","23":"purchasable","24":"product-type-simple","25":"customify-col","26":"product-has-gallery"},"yoast_head":"<!-- This site is optimized with the Yoast SEO plugin v27.4 - https:\/\/yoast.com\/product\/yoast-seo-wordpress\/ -->\n<title>as - Schwabe Aluminium-Steckdosenleiste \u2013 Mehrfachsteckdosen mit 1,5 m Leitung \u2013 8-Fach Mehrfachstecker 230 V \/ 16 A mit\u2026 - Markt-XXL<\/title>\n<meta name=\"description\" content=\"Markt-XXL as - Schwabe Aluminium-Steckdosenleiste \u2013 Mehrfachsteckdosen mit 1,5 m Leitung \u2013 8-Fach Mehrfachstecker 230 V \/ 16 A mit\u2026\" \/>\n<meta name=\"robots\" content=\"index, follow, max-snippet:-1, max-image-preview:large, max-video-preview:-1\" \/>\n<link rel=\"canonical\" href=\"https:\/\/marktxxl.de\/markt\/produkt\/as-schwabe-aluminium-steckdosenleiste-mehrfachsteckdosen-mit-15-m-leitung-8-fach-mehrfachstecker-230-v-16-a-mit-schalter-ueberspannungsschutz-ip20-si\/\" \/>\n<meta property=\"og:locale\" content=\"de_DE\" \/>\n<meta property=\"og:type\" content=\"article\" \/>\n<meta property=\"og:title\" content=\"as - Schwabe Aluminium-Steckdosenleiste \u2013 Mehrfachsteckdosen mit 1,5 m Leitung \u2013 8-Fach Mehrfachstecker 230 V \/ 16 A mit\u2026 - Markt-XXL\" \/>\n<meta property=\"og:description\" content=\"Markt-XXL as - Schwabe Aluminium-Steckdosenleiste \u2013 Mehrfachsteckdosen mit 1,5 m Leitung \u2013 8-Fach Mehrfachstecker 230 V \/ 16 A mit\u2026\" \/>\n<meta property=\"og:url\" content=\"https:\/\/marktxxl.de\/markt\/produkt\/as-schwabe-aluminium-steckdosenleiste-mehrfachsteckdosen-mit-15-m-leitung-8-fach-mehrfachstecker-230-v-16-a-mit-schalter-ueberspannungsschutz-ip20-si\/\" \/>\n<meta property=\"og:site_name\" content=\"Markt-XXL\" \/>\n<meta property=\"article:modified_time\" content=\"2023-04-10T23:44:06+00:00\" \/>\n<meta property=\"og:image\" content=\"https:\/\/m.media-amazon.com\/images\/I\/41mRCl1bIJL._SL500_.jpg\" \/>\n\t<meta property=\"og:image:width\" content=\"500\" \/>\n\t<meta property=\"og:image:height\" content=\"318\" \/>\n\t<meta property=\"og:image:type\" content=\"image\/jpeg\" \/>\n<meta name=\"twitter:card\" content=\"summary_large_image\" \/>\n<meta name=\"twitter:label1\" content=\"Gesch\u00e4tzte Lesezeit\" \/>\n\t<meta name=\"twitter:data1\" content=\"1\u00a0Minute\" \/>\n<script type=\"application\/ld+json\" class=\"yoast-schema-graph\">{\"@context\":\"https:\\\/\\\/schema.org\",\"@graph\":[{\"@type\":\"WebPage\",\"@id\":\"https:\\\/\\\/marktxxl.de\\\/markt\\\/produkt\\\/as-schwabe-aluminium-steckdosenleiste-mehrfachsteckdosen-mit-15-m-leitung-8-fach-mehrfachstecker-230-v-16-a-mit-schalter-ueberspannungsschutz-ip20-si\\\/\",\"url\":\"https:\\\/\\\/marktxxl.de\\\/markt\\\/produkt\\\/as-schwabe-aluminium-steckdosenleiste-mehrfachsteckdosen-mit-15-m-leitung-8-fach-mehrfachstecker-230-v-16-a-mit-schalter-ueberspannungsschutz-ip20-si\\\/\",\"name\":\"as - Schwabe Aluminium-Steckdosenleiste \u2013 Mehrfachsteckdosen mit 1,5 m Leitung \u2013 8-Fach Mehrfachstecker 230 V \\\/ 16 A mit\u2026 - Markt-XXL\",\"isPartOf\":{\"@id\":\"https:\\\/\\\/marktxxl.de\\\/markt\\\/#website\"},\"primaryImageOfPage\":{\"@id\":\"https:\\\/\\\/marktxxl.de\\\/markt\\\/produkt\\\/as-schwabe-aluminium-steckdosenleiste-mehrfachsteckdosen-mit-15-m-leitung-8-fach-mehrfachstecker-230-v-16-a-mit-schalter-ueberspannungsschutz-ip20-si\\\/#primaryimage\"},\"image\":{\"@id\":\"https:\\\/\\\/marktxxl.de\\\/markt\\\/produkt\\\/as-schwabe-aluminium-steckdosenleiste-mehrfachsteckdosen-mit-15-m-leitung-8-fach-mehrfachstecker-230-v-16-a-mit-schalter-ueberspannungsschutz-ip20-si\\\/#primaryimage\"},\"thumbnailUrl\":\"https:\\\/\\\/m.media-amazon.com\\\/images\\\/I\\\/41mRCl1bIJL._SL500_.jpg\",\"datePublished\":\"2021-09-12T22:28:16+00:00\",\"dateModified\":\"2023-04-10T23:44:06+00:00\",\"description\":\"Markt-XXL as - Schwabe Aluminium-Steckdosenleiste \u2013 Mehrfachsteckdosen mit 1,5 m Leitung \u2013 8-Fach Mehrfachstecker 230 V \\\/ 16 A mit\u2026\",\"breadcrumb\":{\"@id\":\"https:\\\/\\\/marktxxl.de\\\/markt\\\/produkt\\\/as-schwabe-aluminium-steckdosenleiste-mehrfachsteckdosen-mit-15-m-leitung-8-fach-mehrfachstecker-230-v-16-a-mit-schalter-ueberspannungsschutz-ip20-si\\\/#breadcrumb\"},\"inLanguage\":\"de\",\"potentialAction\":[{\"@type\":\"ReadAction\",\"target\":[\"https:\\\/\\\/marktxxl.de\\\/markt\\\/produkt\\\/as-schwabe-aluminium-steckdosenleiste-mehrfachsteckdosen-mit-15-m-leitung-8-fach-mehrfachstecker-230-v-16-a-mit-schalter-ueberspannungsschutz-ip20-si\\\/\"]}]},{\"@type\":\"ImageObject\",\"inLanguage\":\"de\",\"@id\":\"https:\\\/\\\/marktxxl.de\\\/markt\\\/produkt\\\/as-schwabe-aluminium-steckdosenleiste-mehrfachsteckdosen-mit-15-m-leitung-8-fach-mehrfachstecker-230-v-16-a-mit-schalter-ueberspannungsschutz-ip20-si\\\/#primaryimage\",\"url\":\"https:\\\/\\\/m.media-amazon.com\\\/images\\\/I\\\/41mRCl1bIJL._SL500_.jpg\",\"contentUrl\":\"https:\\\/\\\/m.media-amazon.com\\\/images\\\/I\\\/41mRCl1bIJL._SL500_.jpg\",\"width\":500,\"height\":318},{\"@type\":\"BreadcrumbList\",\"@id\":\"https:\\\/\\\/marktxxl.de\\\/markt\\\/produkt\\\/as-schwabe-aluminium-steckdosenleiste-mehrfachsteckdosen-mit-15-m-leitung-8-fach-mehrfachstecker-230-v-16-a-mit-schalter-ueberspannungsschutz-ip20-si\\\/#breadcrumb\",\"itemListElement\":[{\"@type\":\"ListItem\",\"position\":1,\"name\":\"Startseite\",\"item\":\"https:\\\/\\\/marktxxl.de\\\/markt\\\/\"},{\"@type\":\"ListItem\",\"position\":2,\"name\":\"Markt\",\"item\":\"https:\\\/\\\/marktxxl.de\\\/markt\\\/\"},{\"@type\":\"ListItem\",\"position\":3,\"name\":\"as &#8211; Schwabe Aluminium-Steckdosenleiste \u2013 Mehrfachsteckdosen mit 1,5 m Leitung \u2013 8-Fach Mehrfachstecker 230 V \\\/ 16 A mit\u2026\"}]},{\"@type\":\"WebSite\",\"@id\":\"https:\\\/\\\/marktxxl.de\\\/markt\\\/#website\",\"url\":\"https:\\\/\\\/marktxxl.de\\\/markt\\\/\",\"name\":\"Markt-XXL\",\"description\":\"Ihr Markt Online\",\"publisher\":{\"@id\":\"https:\\\/\\\/marktxxl.de\\\/markt\\\/#organization\"},\"potentialAction\":[{\"@type\":\"SearchAction\",\"target\":{\"@type\":\"EntryPoint\",\"urlTemplate\":\"https:\\\/\\\/marktxxl.de\\\/markt\\\/?s={search_term_string}\"},\"query-input\":{\"@type\":\"PropertyValueSpecification\",\"valueRequired\":true,\"valueName\":\"search_term_string\"}}],\"inLanguage\":\"de\"},{\"@type\":\"Organization\",\"@id\":\"https:\\\/\\\/marktxxl.de\\\/markt\\\/#organization\",\"name\":\"Markt-XXL\",\"url\":\"https:\\\/\\\/marktxxl.de\\\/markt\\\/\",\"logo\":{\"@type\":\"ImageObject\",\"inLanguage\":\"de\",\"@id\":\"https:\\\/\\\/marktxxl.de\\\/markt\\\/#\\\/schema\\\/logo\\\/image\\\/\",\"url\":\"https:\\\/\\\/marktxxl.de\\\/markt\\\/wp-content\\\/uploads\\\/sites\\\/3\\\/2020\\\/12\\\/logo.png\",\"contentUrl\":\"https:\\\/\\\/marktxxl.de\\\/markt\\\/wp-content\\\/uploads\\\/sites\\\/3\\\/2020\\\/12\\\/logo.png\",\"width\":200,\"height\":70,\"caption\":\"Markt-XXL\"},\"image\":{\"@id\":\"https:\\\/\\\/marktxxl.de\\\/markt\\\/#\\\/schema\\\/logo\\\/image\\\/\"}}]}<\/script>\n<!-- \/ Yoast SEO plugin. -->","yoast_head_json":{"title":"as - Schwabe Aluminium-Steckdosenleiste \u2013 Mehrfachsteckdosen mit 1,5 m Leitung \u2013 8-Fach Mehrfachstecker 230 V \/ 16 A mit\u2026 - Markt-XXL","description":"Markt-XXL as - Schwabe Aluminium-Steckdosenleiste \u2013 Mehrfachsteckdosen mit 1,5 m Leitung \u2013 8-Fach Mehrfachstecker 230 V \/ 16 A mit\u2026","robots":{"index":"index","follow":"follow","max-snippet":"max-snippet:-1","max-image-preview":"max-image-preview:large","max-video-preview":"max-video-preview:-1"},"canonical":"https:\/\/marktxxl.de\/markt\/produkt\/as-schwabe-aluminium-steckdosenleiste-mehrfachsteckdosen-mit-15-m-leitung-8-fach-mehrfachstecker-230-v-16-a-mit-schalter-ueberspannungsschutz-ip20-si\/","og_locale":"de_DE","og_type":"article","og_title":"as - Schwabe Aluminium-Steckdosenleiste \u2013 Mehrfachsteckdosen mit 1,5 m Leitung \u2013 8-Fach Mehrfachstecker 230 V \/ 16 A mit\u2026 - Markt-XXL","og_description":"Markt-XXL as - Schwabe Aluminium-Steckdosenleiste \u2013 Mehrfachsteckdosen mit 1,5 m Leitung \u2013 8-Fach Mehrfachstecker 230 V \/ 16 A mit\u2026","og_url":"https:\/\/marktxxl.de\/markt\/produkt\/as-schwabe-aluminium-steckdosenleiste-mehrfachsteckdosen-mit-15-m-leitung-8-fach-mehrfachstecker-230-v-16-a-mit-schalter-ueberspannungsschutz-ip20-si\/","og_site_name":"Markt-XXL","article_modified_time":"2023-04-10T23:44:06+00:00","og_image":[{"width":500,"height":318,"url":"https:\/\/m.media-amazon.com\/images\/I\/41mRCl1bIJL._SL500_.jpg","type":"image\/jpeg"}],"twitter_card":"summary_large_image","twitter_misc":{"Gesch\u00e4tzte Lesezeit":"1\u00a0Minute"},"schema":{"@context":"https:\/\/schema.org","@graph":[{"@type":"WebPage","@id":"https:\/\/marktxxl.de\/markt\/produkt\/as-schwabe-aluminium-steckdosenleiste-mehrfachsteckdosen-mit-15-m-leitung-8-fach-mehrfachstecker-230-v-16-a-mit-schalter-ueberspannungsschutz-ip20-si\/","url":"https:\/\/marktxxl.de\/markt\/produkt\/as-schwabe-aluminium-steckdosenleiste-mehrfachsteckdosen-mit-15-m-leitung-8-fach-mehrfachstecker-230-v-16-a-mit-schalter-ueberspannungsschutz-ip20-si\/","name":"as - Schwabe Aluminium-Steckdosenleiste \u2013 Mehrfachsteckdosen mit 1,5 m Leitung \u2013 8-Fach Mehrfachstecker 230 V \/ 16 A mit\u2026 - Markt-XXL","isPartOf":{"@id":"https:\/\/marktxxl.de\/markt\/#website"},"primaryImageOfPage":{"@id":"https:\/\/marktxxl.de\/markt\/produkt\/as-schwabe-aluminium-steckdosenleiste-mehrfachsteckdosen-mit-15-m-leitung-8-fach-mehrfachstecker-230-v-16-a-mit-schalter-ueberspannungsschutz-ip20-si\/#primaryimage"},"image":{"@id":"https:\/\/marktxxl.de\/markt\/produkt\/as-schwabe-aluminium-steckdosenleiste-mehrfachsteckdosen-mit-15-m-leitung-8-fach-mehrfachstecker-230-v-16-a-mit-schalter-ueberspannungsschutz-ip20-si\/#primaryimage"},"thumbnailUrl":"https:\/\/m.media-amazon.com\/images\/I\/41mRCl1bIJL._SL500_.jpg","datePublished":"2021-09-12T22:28:16+00:00","dateModified":"2023-04-10T23:44:06+00:00","description":"Markt-XXL as - Schwabe Aluminium-Steckdosenleiste \u2013 Mehrfachsteckdosen mit 1,5 m Leitung \u2013 8-Fach Mehrfachstecker 230 V \/ 16 A mit\u2026","breadcrumb":{"@id":"https:\/\/marktxxl.de\/markt\/produkt\/as-schwabe-aluminium-steckdosenleiste-mehrfachsteckdosen-mit-15-m-leitung-8-fach-mehrfachstecker-230-v-16-a-mit-schalter-ueberspannungsschutz-ip20-si\/#breadcrumb"},"inLanguage":"de","potentialAction":[{"@type":"ReadAction","target":["https:\/\/marktxxl.de\/markt\/produkt\/as-schwabe-aluminium-steckdosenleiste-mehrfachsteckdosen-mit-15-m-leitung-8-fach-mehrfachstecker-230-v-16-a-mit-schalter-ueberspannungsschutz-ip20-si\/"]}]},{"@type":"ImageObject","inLanguage":"de","@id":"https:\/\/marktxxl.de\/markt\/produkt\/as-schwabe-aluminium-steckdosenleiste-mehrfachsteckdosen-mit-15-m-leitung-8-fach-mehrfachstecker-230-v-16-a-mit-schalter-ueberspannungsschutz-ip20-si\/#primaryimage","url":"https:\/\/m.media-amazon.com\/images\/I\/41mRCl1bIJL._SL500_.jpg","contentUrl":"https:\/\/m.media-amazon.com\/images\/I\/41mRCl1bIJL._SL500_.jpg","width":500,"height":318},{"@type":"BreadcrumbList","@id":"https:\/\/marktxxl.de\/markt\/produkt\/as-schwabe-aluminium-steckdosenleiste-mehrfachsteckdosen-mit-15-m-leitung-8-fach-mehrfachstecker-230-v-16-a-mit-schalter-ueberspannungsschutz-ip20-si\/#breadcrumb","itemListElement":[{"@type":"ListItem","position":1,"name":"Startseite","item":"https:\/\/marktxxl.de\/markt\/"},{"@type":"ListItem","position":2,"name":"Markt","item":"https:\/\/marktxxl.de\/markt\/"},{"@type":"ListItem","position":3,"name":"as &#8211; Schwabe Aluminium-Steckdosenleiste \u2013 Mehrfachsteckdosen mit 1,5 m Leitung \u2013 8-Fach Mehrfachstecker 230 V \/ 16 A mit\u2026"}]},{"@type":"WebSite","@id":"https:\/\/marktxxl.de\/markt\/#website","url":"https:\/\/marktxxl.de\/markt\/","name":"Markt-XXL","description":"Ihr Markt Online","publisher":{"@id":"https:\/\/marktxxl.de\/markt\/#organization"},"potentialAction":[{"@type":"SearchAction","target":{"@type":"EntryPoint","urlTemplate":"https:\/\/marktxxl.de\/markt\/?s={search_term_string}"},"query-input":{"@type":"PropertyValueSpecification","valueRequired":true,"valueName":"search_term_string"}}],"inLanguage":"de"},{"@type":"Organization","@id":"https:\/\/marktxxl.de\/markt\/#organization","name":"Markt-XXL","url":"https:\/\/marktxxl.de\/markt\/","logo":{"@type":"ImageObject","inLanguage":"de","@id":"https:\/\/marktxxl.de\/markt\/#\/schema\/logo\/image\/","url":"https:\/\/marktxxl.de\/markt\/wp-content\/uploads\/sites\/3\/2020\/12\/logo.png","contentUrl":"https:\/\/marktxxl.de\/markt\/wp-content\/uploads\/sites\/3\/2020\/12\/logo.png","width":200,"height":70,"caption":"Markt-XXL"},"image":{"@id":"https:\/\/marktxxl.de\/markt\/#\/schema\/logo\/image\/"}}]}},"_links":{"self":[{"href":"https:\/\/marktxxl.de\/markt\/wp-json\/wp\/v2\/product\/31603","targetHints":{"allow":["GET"]}}],"collection":[{"href":"https:\/\/marktxxl.de\/markt\/wp-json\/wp\/v2\/product"}],"about":[{"href":"https:\/\/marktxxl.de\/markt\/wp-json\/wp\/v2\/types\/product"}],"replies":[{"embeddable":true,"href":"https:\/\/marktxxl.de\/markt\/wp-json\/wp\/v2\/comments?post=31603"}],"wp:featuredmedia":[{"embeddable":true,"href":"https:\/\/marktxxl.de\/markt\/wp-json\/wp\/v2\/media\/31604"}],"wp:attachment":[{"href":"https:\/\/marktxxl.de\/markt\/wp-json\/wp\/v2\/media?parent=31603"}],"wp:term":[{"taxonomy":"product_brand","embeddable":true,"href":"https:\/\/marktxxl.de\/markt\/wp-json\/wp\/v2\/product_brand?post=31603"},{"taxonomy":"product_cat","embeddable":true,"href":"https:\/\/marktxxl.de\/markt\/wp-json\/wp\/v2\/product_cat?post=31603"},{"taxonomy":"product_tag","embeddable":true,"href":"https:\/\/marktxxl.de\/markt\/wp-json\/wp\/v2\/product_tag?post=31603"}],"curies":[{"name":"wp","href":"https:\/\/api.w.org\/{rel}","templated":true}]}}