{"id":31555,"date":"2021-09-13T00:21:24","date_gmt":"2021-09-12T22:21:24","guid":{"rendered":"https:\/\/marktxxl.de\/markt\/produkt\/bomi-babystuhl-aus-holz-fuer-kinder-ab-dem-stehalter-hocker-zweistufig-extra-hoch-trittschemel-tritthocker-fuer-maedchen-und-jungen-schemel-mit-2-stufen-fuer-kueche-und-kinderzimmer\/"},"modified":"2023-04-11T01:43:33","modified_gmt":"2023-04-10T23:43:33","slug":"bomi-babystuhl-aus-holz-fuer-kinder-ab-dem-stehalter-hocker-zweistufig-extra-hoch-trittschemel-tritthocker-fuer-maedchen-und-jungen-schemel-mit-2-stufen-fuer-kueche-und-kinderzimmer","status":"publish","type":"product","link":"https:\/\/marktxxl.de\/markt\/produkt\/bomi-babystuhl-aus-holz-fuer-kinder-ab-dem-stehalter-hocker-zweistufig-extra-hoch-trittschemel-tritthocker-fuer-maedchen-und-jungen-schemel-mit-2-stufen-fuer-kueche-und-kinderzimmer\/","title":{"rendered":"BOMI\u00ae Babystuhl aus Holz f\u00fcr Kinder ab dem Stehalter | Hocker zweistufig extra hoch | Trittschemel, Tritthocker f\u00fcr\u2026"},"content":{"rendered":"<p>\u2665 ??????????: Mit dem Kinder Schemel aus Holz erhalten Sie einen tollen Hocker f\u00fcr M\u00e4dchen und Jungen \/ Kleinkinder um in der K\u00fcche aktiv mit zu helfen. Die Kanten &amp; Ecken von unserem Baby Step Stool sind abgerundet. Der Kindertritt ist standfest &amp; sehr stabil. Der Tritthocker mit 2 Stufen ist ideal f\u00fcr neugierige Kinder. Wichtig bei einem K\u00fcchenturm f\u00fcr Kinder: Nur unter Aufsicht von Erwachsenen benutzen.<br \/>\n\u2665 ??????????: Der Kindertritt ist Dank zeitlosem Design \u00fcberall einsetzbar. Als Kinderstuhl in der K\u00fcche oder am Esstisch. Somit sind die Kleinen immer aktiv dabei. Das Treppchen f\u00fcr Kinder ist ein toller Allrounder. Der Kinderturm w\u00e4chst mit: Ist das Kind \u00e4lter, wird der obere Teil vom Stufenhocker einfach demontiert und der Stufen Schemel kann weiter genutzt werden.<br \/>\n\u2665 ???????\u00c4????????: F\u00f6rdert spielerisch das Selbstvertrauen und Gleichgewicht Ihres Kindes. Geeignet f\u00fcr Kinder vom Stehalter. Der Kindertritt \/ Fu\u00dftritt ist zweistufig und ideal um bei jeder Aktivit\u00e4t inder K\u00fcche dabei zu sein und z.B. zusammen zu backen. Der Babyhocker erfreut Kinder und Eltern zugleich.<br \/>\n\u2665 ???? ?????????????: Unser Baby Hocker ist bis zu 90 KG belastbar. Sie erhalten einen qualitativ hochwertigen Kinder Stuhl in Weiss aus Holz. Der Trittschemel ist 92,5 cm hoch und langlebig. Ma\u00dfe: H\u00f6he: 92,5 cm \/ Breite: 56 cm \/ Tiefe: 49 cm. H\u00f6he der untersten Stufe: 24 cm \/ H\u00f6he der zweiten, oberen Stufe: 45,5 cm, Tiefe der unteren Stufe: 15 cm \/ L\u00e4nge: 47,5 cm, Tiefe der zweiten, oberen Stufe: 31 cm \/ L\u00e4nge: 41 cm.<br \/>\n\u2665 ???????? &amp; ??????: Die Hochstehvorrichtung f\u00fcr Kinder ist aus Kiefern Holz gefertigt. Die Lackierung ist lebensmittelecht und speichelfest nach DIN EN 71-3. In der Lieferung ist alles enthalten, was zum Aufbau der Erh\u00f6hung f\u00fcr Kinder ben\u00f6tigt. So k\u00f6nnen Sie direkt mit dem einfachen Aufbau beginnen und der Babyschemel ist nach nur ca. 10-15 Minuten einsatzbereit.<br \/>\n<div class=\"main-cross-sell\" data-asin=\"B08CVPS4CF\">\n\n\t<div class=\"WooZone-cross-sell-loader\">\n\t\t<div>\n\t\t\t<div id=\"floatingBarsG\">\n\t\t\t\t<div class=\"blockG\" id=\"rotateG_01\"><\/div>\n\t\t\t\t<div class=\"blockG\" id=\"rotateG_02\"><\/div>\n\t\t\t\t<div class=\"blockG\" id=\"rotateG_03\"><\/div>\n\t\t\t\t<div class=\"blockG\" id=\"rotateG_04\"><\/div>\n\t\t\t\t<div class=\"blockG\" id=\"rotateG_05\"><\/div>\n\t\t\t\t<div class=\"blockG\" id=\"rotateG_06\"><\/div>\n\t\t\t\t<div class=\"blockG\" id=\"rotateG_07\"><\/div>\n\t\t\t\t<div class=\"blockG\" id=\"rotateG_08\"><\/div>\n\t\t\t<\/div>\n\t\t\t<div class=\"WooZone-cross-sell-loader-text\"><\/div>\n\t\t<\/div>\n\t<\/div>\n\n\t\t\n<\/div>\n<div style=\"clear:both;\"><\/div><\/p>\n","protected":false},"excerpt":{"rendered":"<p>\u2665 ??????????: Mit dem Kinder Schemel aus Holz erhalten Sie einen tollen Hocker f\u00fcr M\u00e4dchen und Jungen \/ Kleinkinder um in der K\u00fcche aktiv mit zu helfen. Die Kanten &amp; Ecken von unserem Baby Step Stool sind abgerundet. Der Kindertritt ist standfest &amp; sehr stabil. Der Tritthocker mit 2 Stufen ist ideal f\u00fcr neugierige Kinder. Wichtig bei einem K\u00fcchenturm f\u00fcr Kinder: Nur unter Aufsicht von Erwachsenen benutzen.<br \/>\n\u2665 ??????????: Der Kindertritt ist Dank zeitlosem Design \u00fcberall einsetzbar. Als Kinderstuhl in der K\u00fcche oder am Esstisch. Somit sind die Kleinen immer aktiv dabei. Das Treppchen f\u00fcr Kinder ist ein toller Allrounder. Der Kinderturm w\u00e4chst mit: Ist das Kind \u00e4lter, wird der obere Teil vom Stufenhocker einfach demontiert und der Stufen Schemel kann weiter genutzt werden.<br \/>\n\u2665 ???????\u00c4????????: F\u00f6rdert spielerisch das Selbstvertrauen und Gleichgewicht Ihres Kindes. Geeignet f\u00fcr Kinder vom Stehalter. Der Kindertritt \/ Fu\u00dftritt ist zweistufig und ideal um bei jeder Aktivit\u00e4t inder K\u00fcche dabei zu sein und z.B. zusammen zu backen. Der Babyhocker erfreut Kinder und Eltern zugleich.<\/p>\n","protected":false},"featured_media":31556,"comment_status":"open","ping_status":"closed","template":"","meta":[],"product_brand":[],"product_cat":[21,9437],"product_tag":[],"class_list":{"0":"post-31555","1":"product","2":"type-product","3":"status-publish","4":"has-post-thumbnail","6":"product_cat-baby","7":"product_cat-toepfchen-trittschemel-baby","8":"pa_brand-bomi","9":"pa_color-weiss","10":"pa_height-36-220472404-zoll","11":"pa_languages-unbekannt-deutsch","12":"pa_length-22-047244072-zoll","13":"pa_manufacturer-bomi","14":"pa_model-6690","15":"pa_size-1-stueck-1er-pack","16":"pa_weight-15-43235834-pfund","17":"pa_width-19-291338563-zoll","19":"first","20":"instock","21":"shipping-taxable","22":"purchasable","23":"product-type-simple","24":"customify-col","25":"product-has-gallery"},"yoast_head":"<!-- This site is optimized with the Yoast SEO plugin v27.4 - https:\/\/yoast.com\/product\/yoast-seo-wordpress\/ -->\n<title>BOMI\u00ae Babystuhl aus Holz f\u00fcr Kinder ab dem Stehalter | Hocker zweistufig extra hoch | Trittschemel, Tritthocker f\u00fcr\u2026 - Markt-XXL<\/title>\n<meta name=\"description\" content=\"Markt-XXL BOMI\u00ae Babystuhl aus Holz f\u00fcr Kinder ab dem Stehalter | Hocker zweistufig extra hoch | Trittschemel, Tritthocker f\u00fcr\u2026\" \/>\n<meta name=\"robots\" content=\"index, follow, max-snippet:-1, max-image-preview:large, max-video-preview:-1\" \/>\n<link rel=\"canonical\" href=\"https:\/\/marktxxl.de\/markt\/produkt\/bomi-babystuhl-aus-holz-fuer-kinder-ab-dem-stehalter-hocker-zweistufig-extra-hoch-trittschemel-tritthocker-fuer-maedchen-und-jungen-schemel-mit-2-stufen-fuer-kueche-und-kinderzimmer\/\" \/>\n<meta property=\"og:locale\" content=\"de_DE\" \/>\n<meta property=\"og:type\" content=\"article\" \/>\n<meta property=\"og:title\" content=\"BOMI\u00ae Babystuhl aus Holz f\u00fcr Kinder ab dem Stehalter | Hocker zweistufig extra hoch | Trittschemel, Tritthocker f\u00fcr\u2026 - Markt-XXL\" \/>\n<meta property=\"og:description\" content=\"Markt-XXL BOMI\u00ae Babystuhl aus Holz f\u00fcr Kinder ab dem Stehalter | Hocker zweistufig extra hoch | Trittschemel, Tritthocker f\u00fcr\u2026\" \/>\n<meta property=\"og:url\" content=\"https:\/\/marktxxl.de\/markt\/produkt\/bomi-babystuhl-aus-holz-fuer-kinder-ab-dem-stehalter-hocker-zweistufig-extra-hoch-trittschemel-tritthocker-fuer-maedchen-und-jungen-schemel-mit-2-stufen-fuer-kueche-und-kinderzimmer\/\" \/>\n<meta property=\"og:site_name\" content=\"Markt-XXL\" \/>\n<meta property=\"article:modified_time\" content=\"2023-04-10T23:43:33+00:00\" \/>\n<meta property=\"og:image\" content=\"https:\/\/m.media-amazon.com\/images\/I\/319NaWERJ5L._SL500_.jpg\" \/>\n\t<meta property=\"og:image:width\" content=\"345\" \/>\n\t<meta property=\"og:image:height\" content=\"500\" \/>\n\t<meta property=\"og:image:type\" content=\"image\/jpeg\" \/>\n<meta name=\"twitter:card\" content=\"summary_large_image\" \/>\n<meta name=\"twitter:label1\" content=\"Gesch\u00e4tzte Lesezeit\" \/>\n\t<meta name=\"twitter:data1\" content=\"2\u00a0Minuten\" \/>\n<script type=\"application\/ld+json\" class=\"yoast-schema-graph\">{\"@context\":\"https:\\\/\\\/schema.org\",\"@graph\":[{\"@type\":\"WebPage\",\"@id\":\"https:\\\/\\\/marktxxl.de\\\/markt\\\/produkt\\\/bomi-babystuhl-aus-holz-fuer-kinder-ab-dem-stehalter-hocker-zweistufig-extra-hoch-trittschemel-tritthocker-fuer-maedchen-und-jungen-schemel-mit-2-stufen-fuer-kueche-und-kinderzimmer\\\/\",\"url\":\"https:\\\/\\\/marktxxl.de\\\/markt\\\/produkt\\\/bomi-babystuhl-aus-holz-fuer-kinder-ab-dem-stehalter-hocker-zweistufig-extra-hoch-trittschemel-tritthocker-fuer-maedchen-und-jungen-schemel-mit-2-stufen-fuer-kueche-und-kinderzimmer\\\/\",\"name\":\"BOMI\u00ae Babystuhl aus Holz f\u00fcr Kinder ab dem Stehalter | Hocker zweistufig extra hoch | Trittschemel, Tritthocker f\u00fcr\u2026 - Markt-XXL\",\"isPartOf\":{\"@id\":\"https:\\\/\\\/marktxxl.de\\\/markt\\\/#website\"},\"primaryImageOfPage\":{\"@id\":\"https:\\\/\\\/marktxxl.de\\\/markt\\\/produkt\\\/bomi-babystuhl-aus-holz-fuer-kinder-ab-dem-stehalter-hocker-zweistufig-extra-hoch-trittschemel-tritthocker-fuer-maedchen-und-jungen-schemel-mit-2-stufen-fuer-kueche-und-kinderzimmer\\\/#primaryimage\"},\"image\":{\"@id\":\"https:\\\/\\\/marktxxl.de\\\/markt\\\/produkt\\\/bomi-babystuhl-aus-holz-fuer-kinder-ab-dem-stehalter-hocker-zweistufig-extra-hoch-trittschemel-tritthocker-fuer-maedchen-und-jungen-schemel-mit-2-stufen-fuer-kueche-und-kinderzimmer\\\/#primaryimage\"},\"thumbnailUrl\":\"https:\\\/\\\/m.media-amazon.com\\\/images\\\/I\\\/319NaWERJ5L._SL500_.jpg\",\"datePublished\":\"2021-09-12T22:21:24+00:00\",\"dateModified\":\"2023-04-10T23:43:33+00:00\",\"description\":\"Markt-XXL BOMI\u00ae Babystuhl aus Holz f\u00fcr Kinder ab dem Stehalter | Hocker zweistufig extra hoch | Trittschemel, Tritthocker f\u00fcr\u2026\",\"breadcrumb\":{\"@id\":\"https:\\\/\\\/marktxxl.de\\\/markt\\\/produkt\\\/bomi-babystuhl-aus-holz-fuer-kinder-ab-dem-stehalter-hocker-zweistufig-extra-hoch-trittschemel-tritthocker-fuer-maedchen-und-jungen-schemel-mit-2-stufen-fuer-kueche-und-kinderzimmer\\\/#breadcrumb\"},\"inLanguage\":\"de\",\"potentialAction\":[{\"@type\":\"ReadAction\",\"target\":[\"https:\\\/\\\/marktxxl.de\\\/markt\\\/produkt\\\/bomi-babystuhl-aus-holz-fuer-kinder-ab-dem-stehalter-hocker-zweistufig-extra-hoch-trittschemel-tritthocker-fuer-maedchen-und-jungen-schemel-mit-2-stufen-fuer-kueche-und-kinderzimmer\\\/\"]}]},{\"@type\":\"ImageObject\",\"inLanguage\":\"de\",\"@id\":\"https:\\\/\\\/marktxxl.de\\\/markt\\\/produkt\\\/bomi-babystuhl-aus-holz-fuer-kinder-ab-dem-stehalter-hocker-zweistufig-extra-hoch-trittschemel-tritthocker-fuer-maedchen-und-jungen-schemel-mit-2-stufen-fuer-kueche-und-kinderzimmer\\\/#primaryimage\",\"url\":\"https:\\\/\\\/m.media-amazon.com\\\/images\\\/I\\\/319NaWERJ5L._SL500_.jpg\",\"contentUrl\":\"https:\\\/\\\/m.media-amazon.com\\\/images\\\/I\\\/319NaWERJ5L._SL500_.jpg\",\"width\":345,\"height\":500},{\"@type\":\"BreadcrumbList\",\"@id\":\"https:\\\/\\\/marktxxl.de\\\/markt\\\/produkt\\\/bomi-babystuhl-aus-holz-fuer-kinder-ab-dem-stehalter-hocker-zweistufig-extra-hoch-trittschemel-tritthocker-fuer-maedchen-und-jungen-schemel-mit-2-stufen-fuer-kueche-und-kinderzimmer\\\/#breadcrumb\",\"itemListElement\":[{\"@type\":\"ListItem\",\"position\":1,\"name\":\"Startseite\",\"item\":\"https:\\\/\\\/marktxxl.de\\\/markt\\\/\"},{\"@type\":\"ListItem\",\"position\":2,\"name\":\"Markt\",\"item\":\"https:\\\/\\\/marktxxl.de\\\/markt\\\/\"},{\"@type\":\"ListItem\",\"position\":3,\"name\":\"BOMI\u00ae Babystuhl aus Holz f\u00fcr Kinder ab dem Stehalter | Hocker zweistufig extra hoch | Trittschemel, Tritthocker f\u00fcr\u2026\"}]},{\"@type\":\"WebSite\",\"@id\":\"https:\\\/\\\/marktxxl.de\\\/markt\\\/#website\",\"url\":\"https:\\\/\\\/marktxxl.de\\\/markt\\\/\",\"name\":\"Markt-XXL\",\"description\":\"Ihr Markt Online\",\"publisher\":{\"@id\":\"https:\\\/\\\/marktxxl.de\\\/markt\\\/#organization\"},\"potentialAction\":[{\"@type\":\"SearchAction\",\"target\":{\"@type\":\"EntryPoint\",\"urlTemplate\":\"https:\\\/\\\/marktxxl.de\\\/markt\\\/?s={search_term_string}\"},\"query-input\":{\"@type\":\"PropertyValueSpecification\",\"valueRequired\":true,\"valueName\":\"search_term_string\"}}],\"inLanguage\":\"de\"},{\"@type\":\"Organization\",\"@id\":\"https:\\\/\\\/marktxxl.de\\\/markt\\\/#organization\",\"name\":\"Markt-XXL\",\"url\":\"https:\\\/\\\/marktxxl.de\\\/markt\\\/\",\"logo\":{\"@type\":\"ImageObject\",\"inLanguage\":\"de\",\"@id\":\"https:\\\/\\\/marktxxl.de\\\/markt\\\/#\\\/schema\\\/logo\\\/image\\\/\",\"url\":\"https:\\\/\\\/marktxxl.de\\\/markt\\\/wp-content\\\/uploads\\\/sites\\\/3\\\/2020\\\/12\\\/logo.png\",\"contentUrl\":\"https:\\\/\\\/marktxxl.de\\\/markt\\\/wp-content\\\/uploads\\\/sites\\\/3\\\/2020\\\/12\\\/logo.png\",\"width\":200,\"height\":70,\"caption\":\"Markt-XXL\"},\"image\":{\"@id\":\"https:\\\/\\\/marktxxl.de\\\/markt\\\/#\\\/schema\\\/logo\\\/image\\\/\"}}]}<\/script>\n<!-- \/ Yoast SEO plugin. -->","yoast_head_json":{"title":"BOMI\u00ae Babystuhl aus Holz f\u00fcr Kinder ab dem Stehalter | Hocker zweistufig extra hoch | Trittschemel, Tritthocker f\u00fcr\u2026 - Markt-XXL","description":"Markt-XXL BOMI\u00ae Babystuhl aus Holz f\u00fcr Kinder ab dem Stehalter | Hocker zweistufig extra hoch | Trittschemel, Tritthocker f\u00fcr\u2026","robots":{"index":"index","follow":"follow","max-snippet":"max-snippet:-1","max-image-preview":"max-image-preview:large","max-video-preview":"max-video-preview:-1"},"canonical":"https:\/\/marktxxl.de\/markt\/produkt\/bomi-babystuhl-aus-holz-fuer-kinder-ab-dem-stehalter-hocker-zweistufig-extra-hoch-trittschemel-tritthocker-fuer-maedchen-und-jungen-schemel-mit-2-stufen-fuer-kueche-und-kinderzimmer\/","og_locale":"de_DE","og_type":"article","og_title":"BOMI\u00ae Babystuhl aus Holz f\u00fcr Kinder ab dem Stehalter | Hocker zweistufig extra hoch | Trittschemel, Tritthocker f\u00fcr\u2026 - Markt-XXL","og_description":"Markt-XXL BOMI\u00ae Babystuhl aus Holz f\u00fcr Kinder ab dem Stehalter | Hocker zweistufig extra hoch | Trittschemel, Tritthocker f\u00fcr\u2026","og_url":"https:\/\/marktxxl.de\/markt\/produkt\/bomi-babystuhl-aus-holz-fuer-kinder-ab-dem-stehalter-hocker-zweistufig-extra-hoch-trittschemel-tritthocker-fuer-maedchen-und-jungen-schemel-mit-2-stufen-fuer-kueche-und-kinderzimmer\/","og_site_name":"Markt-XXL","article_modified_time":"2023-04-10T23:43:33+00:00","og_image":[{"width":345,"height":500,"url":"https:\/\/m.media-amazon.com\/images\/I\/319NaWERJ5L._SL500_.jpg","type":"image\/jpeg"}],"twitter_card":"summary_large_image","twitter_misc":{"Gesch\u00e4tzte Lesezeit":"2\u00a0Minuten"},"schema":{"@context":"https:\/\/schema.org","@graph":[{"@type":"WebPage","@id":"https:\/\/marktxxl.de\/markt\/produkt\/bomi-babystuhl-aus-holz-fuer-kinder-ab-dem-stehalter-hocker-zweistufig-extra-hoch-trittschemel-tritthocker-fuer-maedchen-und-jungen-schemel-mit-2-stufen-fuer-kueche-und-kinderzimmer\/","url":"https:\/\/marktxxl.de\/markt\/produkt\/bomi-babystuhl-aus-holz-fuer-kinder-ab-dem-stehalter-hocker-zweistufig-extra-hoch-trittschemel-tritthocker-fuer-maedchen-und-jungen-schemel-mit-2-stufen-fuer-kueche-und-kinderzimmer\/","name":"BOMI\u00ae Babystuhl aus Holz f\u00fcr Kinder ab dem Stehalter | Hocker zweistufig extra hoch | Trittschemel, Tritthocker f\u00fcr\u2026 - Markt-XXL","isPartOf":{"@id":"https:\/\/marktxxl.de\/markt\/#website"},"primaryImageOfPage":{"@id":"https:\/\/marktxxl.de\/markt\/produkt\/bomi-babystuhl-aus-holz-fuer-kinder-ab-dem-stehalter-hocker-zweistufig-extra-hoch-trittschemel-tritthocker-fuer-maedchen-und-jungen-schemel-mit-2-stufen-fuer-kueche-und-kinderzimmer\/#primaryimage"},"image":{"@id":"https:\/\/marktxxl.de\/markt\/produkt\/bomi-babystuhl-aus-holz-fuer-kinder-ab-dem-stehalter-hocker-zweistufig-extra-hoch-trittschemel-tritthocker-fuer-maedchen-und-jungen-schemel-mit-2-stufen-fuer-kueche-und-kinderzimmer\/#primaryimage"},"thumbnailUrl":"https:\/\/m.media-amazon.com\/images\/I\/319NaWERJ5L._SL500_.jpg","datePublished":"2021-09-12T22:21:24+00:00","dateModified":"2023-04-10T23:43:33+00:00","description":"Markt-XXL BOMI\u00ae Babystuhl aus Holz f\u00fcr Kinder ab dem Stehalter | Hocker zweistufig extra hoch | Trittschemel, Tritthocker f\u00fcr\u2026","breadcrumb":{"@id":"https:\/\/marktxxl.de\/markt\/produkt\/bomi-babystuhl-aus-holz-fuer-kinder-ab-dem-stehalter-hocker-zweistufig-extra-hoch-trittschemel-tritthocker-fuer-maedchen-und-jungen-schemel-mit-2-stufen-fuer-kueche-und-kinderzimmer\/#breadcrumb"},"inLanguage":"de","potentialAction":[{"@type":"ReadAction","target":["https:\/\/marktxxl.de\/markt\/produkt\/bomi-babystuhl-aus-holz-fuer-kinder-ab-dem-stehalter-hocker-zweistufig-extra-hoch-trittschemel-tritthocker-fuer-maedchen-und-jungen-schemel-mit-2-stufen-fuer-kueche-und-kinderzimmer\/"]}]},{"@type":"ImageObject","inLanguage":"de","@id":"https:\/\/marktxxl.de\/markt\/produkt\/bomi-babystuhl-aus-holz-fuer-kinder-ab-dem-stehalter-hocker-zweistufig-extra-hoch-trittschemel-tritthocker-fuer-maedchen-und-jungen-schemel-mit-2-stufen-fuer-kueche-und-kinderzimmer\/#primaryimage","url":"https:\/\/m.media-amazon.com\/images\/I\/319NaWERJ5L._SL500_.jpg","contentUrl":"https:\/\/m.media-amazon.com\/images\/I\/319NaWERJ5L._SL500_.jpg","width":345,"height":500},{"@type":"BreadcrumbList","@id":"https:\/\/marktxxl.de\/markt\/produkt\/bomi-babystuhl-aus-holz-fuer-kinder-ab-dem-stehalter-hocker-zweistufig-extra-hoch-trittschemel-tritthocker-fuer-maedchen-und-jungen-schemel-mit-2-stufen-fuer-kueche-und-kinderzimmer\/#breadcrumb","itemListElement":[{"@type":"ListItem","position":1,"name":"Startseite","item":"https:\/\/marktxxl.de\/markt\/"},{"@type":"ListItem","position":2,"name":"Markt","item":"https:\/\/marktxxl.de\/markt\/"},{"@type":"ListItem","position":3,"name":"BOMI\u00ae Babystuhl aus Holz f\u00fcr Kinder ab dem Stehalter | Hocker zweistufig extra hoch | Trittschemel, Tritthocker f\u00fcr\u2026"}]},{"@type":"WebSite","@id":"https:\/\/marktxxl.de\/markt\/#website","url":"https:\/\/marktxxl.de\/markt\/","name":"Markt-XXL","description":"Ihr Markt Online","publisher":{"@id":"https:\/\/marktxxl.de\/markt\/#organization"},"potentialAction":[{"@type":"SearchAction","target":{"@type":"EntryPoint","urlTemplate":"https:\/\/marktxxl.de\/markt\/?s={search_term_string}"},"query-input":{"@type":"PropertyValueSpecification","valueRequired":true,"valueName":"search_term_string"}}],"inLanguage":"de"},{"@type":"Organization","@id":"https:\/\/marktxxl.de\/markt\/#organization","name":"Markt-XXL","url":"https:\/\/marktxxl.de\/markt\/","logo":{"@type":"ImageObject","inLanguage":"de","@id":"https:\/\/marktxxl.de\/markt\/#\/schema\/logo\/image\/","url":"https:\/\/marktxxl.de\/markt\/wp-content\/uploads\/sites\/3\/2020\/12\/logo.png","contentUrl":"https:\/\/marktxxl.de\/markt\/wp-content\/uploads\/sites\/3\/2020\/12\/logo.png","width":200,"height":70,"caption":"Markt-XXL"},"image":{"@id":"https:\/\/marktxxl.de\/markt\/#\/schema\/logo\/image\/"}}]}},"_links":{"self":[{"href":"https:\/\/marktxxl.de\/markt\/wp-json\/wp\/v2\/product\/31555","targetHints":{"allow":["GET"]}}],"collection":[{"href":"https:\/\/marktxxl.de\/markt\/wp-json\/wp\/v2\/product"}],"about":[{"href":"https:\/\/marktxxl.de\/markt\/wp-json\/wp\/v2\/types\/product"}],"replies":[{"embeddable":true,"href":"https:\/\/marktxxl.de\/markt\/wp-json\/wp\/v2\/comments?post=31555"}],"wp:featuredmedia":[{"embeddable":true,"href":"https:\/\/marktxxl.de\/markt\/wp-json\/wp\/v2\/media\/31556"}],"wp:attachment":[{"href":"https:\/\/marktxxl.de\/markt\/wp-json\/wp\/v2\/media?parent=31555"}],"wp:term":[{"taxonomy":"product_brand","embeddable":true,"href":"https:\/\/marktxxl.de\/markt\/wp-json\/wp\/v2\/product_brand?post=31555"},{"taxonomy":"product_cat","embeddable":true,"href":"https:\/\/marktxxl.de\/markt\/wp-json\/wp\/v2\/product_cat?post=31555"},{"taxonomy":"product_tag","embeddable":true,"href":"https:\/\/marktxxl.de\/markt\/wp-json\/wp\/v2\/product_tag?post=31555"}],"curies":[{"name":"wp","href":"https:\/\/api.w.org\/{rel}","templated":true}]}}