{"id":31413,"date":"2021-09-13T00:09:02","date_gmt":"2021-09-12T22:09:02","guid":{"rendered":"https:\/\/marktxxl.de\/markt\/produkt\/sigikid-41676-greifling-werkzeug-set-play-cool-maedchen-und-jungen-babyspielzeug-empfohlen-ab-geburt-mehrfarbig\/"},"modified":"2023-04-11T01:43:31","modified_gmt":"2023-04-10T23:43:31","slug":"sigikid-41676-greifling-werkzeug-set-play-cool-maedchen-und-jungen-babyspielzeug-empfohlen-ab-geburt-mehrfarbig","status":"publish","type":"product","link":"https:\/\/marktxxl.de\/markt\/produkt\/sigikid-41676-greifling-werkzeug-set-play-cool-maedchen-und-jungen-babyspielzeug-empfohlen-ab-geburt-mehrfarbig\/","title":{"rendered":"SIGIKID 41676 Greifling Werkzeug Set Play &amp; Cool M\u00e4dchen und Jungen Babyspielzeug empfohlen ab Geburt mehrfarbig"},"content":{"rendered":"<p>Weiche Greiflinge aus blau-gr\u00fcnem Stoff-Mix zum Erkunden f\u00fcr Babys von Geburt an, Werkzeug Set f\u00fcr Jungen: S\u00e4ge, Hammer und Schraubenschl\u00fcssel &#8211; Das ideale Geschenk zur Geburt oder Taufe<br \/>\nRobuste Stoff-Greiflinge: Angenehme Alternative zu Hartplastik-Bei\u00dfringen &#8211; Saubere Verarbeitung, N\u00e4hte halten auch l\u00e4ngerem Kauen Stand<br \/>\nTolle Greifm\u00f6glichkeiten zum Betasten und Nuckeln: Ideal geformt f\u00fcr kleine H\u00e4nde, Akustische Elemente: Knisterfolie in der S\u00e4ge, Quietschen im Griff des Schraubenschl\u00fcssels, Kleine Rassel im Kopf des Hammers<br \/>\nHygienisch: Waschbar bei 30\u00b0, Hochwertige Materialien und Verarbeitung &#8211; Mechanik und chemische Werte durch akkreditierte Pr\u00fcfinstitute gepr\u00fcft, Kein unangenehmer Geruch<br \/>\nLieferumfang: 1 sigikid Greifling Werkzeug Set, Papa &amp; Me, Au\u00dfenmaterial\/F\u00fcllmaterial: Polyester, Farbe: Gr\u00fcn\/Blau, Altersempfehlung: 0-18 Monate, Gr\u00f6\u00dfe: 16 cm, Art.-Nr.: 41676<br \/>\n<div class=\"main-cross-sell\" data-asin=\"B01N80DYEN\">\n\n\t<div class=\"WooZone-cross-sell-loader\">\n\t\t<div>\n\t\t\t<div id=\"floatingBarsG\">\n\t\t\t\t<div class=\"blockG\" id=\"rotateG_01\"><\/div>\n\t\t\t\t<div class=\"blockG\" id=\"rotateG_02\"><\/div>\n\t\t\t\t<div class=\"blockG\" id=\"rotateG_03\"><\/div>\n\t\t\t\t<div class=\"blockG\" id=\"rotateG_04\"><\/div>\n\t\t\t\t<div class=\"blockG\" id=\"rotateG_05\"><\/div>\n\t\t\t\t<div class=\"blockG\" id=\"rotateG_06\"><\/div>\n\t\t\t\t<div class=\"blockG\" id=\"rotateG_07\"><\/div>\n\t\t\t\t<div class=\"blockG\" id=\"rotateG_08\"><\/div>\n\t\t\t<\/div>\n\t\t\t<div class=\"WooZone-cross-sell-loader-text\"><\/div>\n\t\t<\/div>\n\t<\/div>\n\n\t\t\n<\/div>\n<div style=\"clear:both;\"><\/div><\/p>\n","protected":false},"excerpt":{"rendered":"<p>Weiche Greiflinge aus blau-gr\u00fcnem Stoff-Mix zum Erkunden f\u00fcr Babys von Geburt an, Werkzeug Set f\u00fcr Jungen: S\u00e4ge, Hammer und Schraubenschl\u00fcssel &#8211; Das ideale Geschenk zur Geburt oder Taufe<br \/>\nRobuste Stoff-Greiflinge: Angenehme Alternative zu Hartplastik-Bei\u00dfringen &#8211; Saubere Verarbeitung, N\u00e4hte halten auch l\u00e4ngerem Kauen Stand<br \/>\nTolle Greifm\u00f6glichkeiten zum Betasten und Nuckeln: Ideal geformt f\u00fcr kleine H\u00e4nde, Akustische Elemente: Knisterfolie in der S\u00e4ge, Quietschen im Griff des Schraubenschl\u00fcssels, Kleine Rassel im Kopf des Hammers<\/p>\n","protected":false},"featured_media":31414,"comment_status":"open","ping_status":"closed","template":"","meta":[],"product_brand":[],"product_cat":[21],"product_tag":[],"class_list":{"0":"post-31413","1":"product","2":"type-product","3":"status-publish","4":"has-post-thumbnail","6":"product_cat-baby","7":"pa_binding-spielzeug","8":"pa_brand-sigikid","9":"pa_color-mehrfarbig-werkzeugset","10":"pa_height-1-574803148-zoll","11":"pa_length-9-055118101-zoll","12":"pa_manufacturer-sigikid-h-scharrer-koch-gmbh-co-kg-vss-bo","13":"pa_model-sigikid41676","14":"pa_size-3-stueck-1er-pack","15":"pa_warranty-1-jahr-herstellergarantie-ab-kaufdatum","16":"pa_weight-0-09700339528-pfund","17":"pa_width-6-299212592-zoll","19":"first","20":"instock","21":"shipping-taxable","22":"purchasable","23":"product-type-simple","24":"customify-col","25":"product-has-gallery"},"yoast_head":"<!-- This site is optimized with the Yoast SEO plugin v27.3 - https:\/\/yoast.com\/product\/yoast-seo-wordpress\/ -->\n<title>SIGIKID 41676 Greifling Werkzeug Set Play &amp; Cool M\u00e4dchen und Jungen Babyspielzeug empfohlen ab Geburt mehrfarbig - Markt-XXL<\/title>\n<meta name=\"description\" content=\"Markt-XXL SIGIKID 41676 Greifling Werkzeug Set Play &amp; Cool M\u00e4dchen und Jungen Babyspielzeug empfohlen ab Geburt mehrfarbig\" \/>\n<meta name=\"robots\" content=\"index, follow, max-snippet:-1, max-image-preview:large, max-video-preview:-1\" \/>\n<link rel=\"canonical\" href=\"https:\/\/marktxxl.de\/markt\/produkt\/sigikid-41676-greifling-werkzeug-set-play-cool-maedchen-und-jungen-babyspielzeug-empfohlen-ab-geburt-mehrfarbig\/\" \/>\n<meta property=\"og:locale\" content=\"de_DE\" \/>\n<meta property=\"og:type\" content=\"article\" \/>\n<meta property=\"og:title\" content=\"SIGIKID 41676 Greifling Werkzeug Set Play &amp; Cool M\u00e4dchen und Jungen Babyspielzeug empfohlen ab Geburt mehrfarbig - Markt-XXL\" \/>\n<meta property=\"og:description\" content=\"Markt-XXL SIGIKID 41676 Greifling Werkzeug Set Play &amp; Cool M\u00e4dchen und Jungen Babyspielzeug empfohlen ab Geburt mehrfarbig\" \/>\n<meta property=\"og:url\" content=\"https:\/\/marktxxl.de\/markt\/produkt\/sigikid-41676-greifling-werkzeug-set-play-cool-maedchen-und-jungen-babyspielzeug-empfohlen-ab-geburt-mehrfarbig\/\" \/>\n<meta property=\"og:site_name\" content=\"Markt-XXL\" \/>\n<meta property=\"article:modified_time\" content=\"2023-04-10T23:43:31+00:00\" \/>\n<meta property=\"og:image\" content=\"https:\/\/m.media-amazon.com\/images\/I\/51DuLSuoYUL._SL500_.jpg\" \/>\n\t<meta property=\"og:image:width\" content=\"500\" \/>\n\t<meta property=\"og:image:height\" content=\"500\" \/>\n\t<meta property=\"og:image:type\" content=\"image\/jpeg\" \/>\n<meta name=\"twitter:card\" content=\"summary_large_image\" \/>\n<meta name=\"twitter:label1\" content=\"Gesch\u00e4tzte Lesezeit\" \/>\n\t<meta name=\"twitter:data1\" content=\"1\u00a0Minute\" \/>\n<script type=\"application\/ld+json\" class=\"yoast-schema-graph\">{\"@context\":\"https:\\\/\\\/schema.org\",\"@graph\":[{\"@type\":\"WebPage\",\"@id\":\"https:\\\/\\\/marktxxl.de\\\/markt\\\/produkt\\\/sigikid-41676-greifling-werkzeug-set-play-cool-maedchen-und-jungen-babyspielzeug-empfohlen-ab-geburt-mehrfarbig\\\/\",\"url\":\"https:\\\/\\\/marktxxl.de\\\/markt\\\/produkt\\\/sigikid-41676-greifling-werkzeug-set-play-cool-maedchen-und-jungen-babyspielzeug-empfohlen-ab-geburt-mehrfarbig\\\/\",\"name\":\"SIGIKID 41676 Greifling Werkzeug Set Play &amp; Cool M\u00e4dchen und Jungen Babyspielzeug empfohlen ab Geburt mehrfarbig - Markt-XXL\",\"isPartOf\":{\"@id\":\"https:\\\/\\\/marktxxl.de\\\/markt\\\/#website\"},\"primaryImageOfPage\":{\"@id\":\"https:\\\/\\\/marktxxl.de\\\/markt\\\/produkt\\\/sigikid-41676-greifling-werkzeug-set-play-cool-maedchen-und-jungen-babyspielzeug-empfohlen-ab-geburt-mehrfarbig\\\/#primaryimage\"},\"image\":{\"@id\":\"https:\\\/\\\/marktxxl.de\\\/markt\\\/produkt\\\/sigikid-41676-greifling-werkzeug-set-play-cool-maedchen-und-jungen-babyspielzeug-empfohlen-ab-geburt-mehrfarbig\\\/#primaryimage\"},\"thumbnailUrl\":\"https:\\\/\\\/m.media-amazon.com\\\/images\\\/I\\\/51DuLSuoYUL._SL500_.jpg\",\"datePublished\":\"2021-09-12T22:09:02+00:00\",\"dateModified\":\"2023-04-10T23:43:31+00:00\",\"description\":\"Markt-XXL SIGIKID 41676 Greifling Werkzeug Set Play &amp; Cool M\u00e4dchen und Jungen Babyspielzeug empfohlen ab Geburt mehrfarbig\",\"breadcrumb\":{\"@id\":\"https:\\\/\\\/marktxxl.de\\\/markt\\\/produkt\\\/sigikid-41676-greifling-werkzeug-set-play-cool-maedchen-und-jungen-babyspielzeug-empfohlen-ab-geburt-mehrfarbig\\\/#breadcrumb\"},\"inLanguage\":\"de\",\"potentialAction\":[{\"@type\":\"ReadAction\",\"target\":[\"https:\\\/\\\/marktxxl.de\\\/markt\\\/produkt\\\/sigikid-41676-greifling-werkzeug-set-play-cool-maedchen-und-jungen-babyspielzeug-empfohlen-ab-geburt-mehrfarbig\\\/\"]}]},{\"@type\":\"ImageObject\",\"inLanguage\":\"de\",\"@id\":\"https:\\\/\\\/marktxxl.de\\\/markt\\\/produkt\\\/sigikid-41676-greifling-werkzeug-set-play-cool-maedchen-und-jungen-babyspielzeug-empfohlen-ab-geburt-mehrfarbig\\\/#primaryimage\",\"url\":\"https:\\\/\\\/m.media-amazon.com\\\/images\\\/I\\\/51DuLSuoYUL._SL500_.jpg\",\"contentUrl\":\"https:\\\/\\\/m.media-amazon.com\\\/images\\\/I\\\/51DuLSuoYUL._SL500_.jpg\",\"width\":500,\"height\":500},{\"@type\":\"BreadcrumbList\",\"@id\":\"https:\\\/\\\/marktxxl.de\\\/markt\\\/produkt\\\/sigikid-41676-greifling-werkzeug-set-play-cool-maedchen-und-jungen-babyspielzeug-empfohlen-ab-geburt-mehrfarbig\\\/#breadcrumb\",\"itemListElement\":[{\"@type\":\"ListItem\",\"position\":1,\"name\":\"Startseite\",\"item\":\"https:\\\/\\\/marktxxl.de\\\/markt\\\/\"},{\"@type\":\"ListItem\",\"position\":2,\"name\":\"Markt\",\"item\":\"https:\\\/\\\/marktxxl.de\\\/markt\\\/\"},{\"@type\":\"ListItem\",\"position\":3,\"name\":\"SIGIKID 41676 Greifling Werkzeug Set Play &amp; Cool M\u00e4dchen und Jungen Babyspielzeug empfohlen ab Geburt mehrfarbig\"}]},{\"@type\":\"WebSite\",\"@id\":\"https:\\\/\\\/marktxxl.de\\\/markt\\\/#website\",\"url\":\"https:\\\/\\\/marktxxl.de\\\/markt\\\/\",\"name\":\"Markt-XXL\",\"description\":\"Ihr Markt Online\",\"publisher\":{\"@id\":\"https:\\\/\\\/marktxxl.de\\\/markt\\\/#organization\"},\"potentialAction\":[{\"@type\":\"SearchAction\",\"target\":{\"@type\":\"EntryPoint\",\"urlTemplate\":\"https:\\\/\\\/marktxxl.de\\\/markt\\\/?s={search_term_string}\"},\"query-input\":{\"@type\":\"PropertyValueSpecification\",\"valueRequired\":true,\"valueName\":\"search_term_string\"}}],\"inLanguage\":\"de\"},{\"@type\":\"Organization\",\"@id\":\"https:\\\/\\\/marktxxl.de\\\/markt\\\/#organization\",\"name\":\"Markt-XXL\",\"url\":\"https:\\\/\\\/marktxxl.de\\\/markt\\\/\",\"logo\":{\"@type\":\"ImageObject\",\"inLanguage\":\"de\",\"@id\":\"https:\\\/\\\/marktxxl.de\\\/markt\\\/#\\\/schema\\\/logo\\\/image\\\/\",\"url\":\"https:\\\/\\\/marktxxl.de\\\/markt\\\/wp-content\\\/uploads\\\/sites\\\/3\\\/2020\\\/12\\\/logo.png\",\"contentUrl\":\"https:\\\/\\\/marktxxl.de\\\/markt\\\/wp-content\\\/uploads\\\/sites\\\/3\\\/2020\\\/12\\\/logo.png\",\"width\":200,\"height\":70,\"caption\":\"Markt-XXL\"},\"image\":{\"@id\":\"https:\\\/\\\/marktxxl.de\\\/markt\\\/#\\\/schema\\\/logo\\\/image\\\/\"}}]}<\/script>\n<!-- \/ Yoast SEO plugin. -->","yoast_head_json":{"title":"SIGIKID 41676 Greifling Werkzeug Set Play &amp; Cool M\u00e4dchen und Jungen Babyspielzeug empfohlen ab Geburt mehrfarbig - Markt-XXL","description":"Markt-XXL SIGIKID 41676 Greifling Werkzeug Set Play &amp; Cool M\u00e4dchen und Jungen Babyspielzeug empfohlen ab Geburt mehrfarbig","robots":{"index":"index","follow":"follow","max-snippet":"max-snippet:-1","max-image-preview":"max-image-preview:large","max-video-preview":"max-video-preview:-1"},"canonical":"https:\/\/marktxxl.de\/markt\/produkt\/sigikid-41676-greifling-werkzeug-set-play-cool-maedchen-und-jungen-babyspielzeug-empfohlen-ab-geburt-mehrfarbig\/","og_locale":"de_DE","og_type":"article","og_title":"SIGIKID 41676 Greifling Werkzeug Set Play &amp; Cool M\u00e4dchen und Jungen Babyspielzeug empfohlen ab Geburt mehrfarbig - Markt-XXL","og_description":"Markt-XXL SIGIKID 41676 Greifling Werkzeug Set Play &amp; Cool M\u00e4dchen und Jungen Babyspielzeug empfohlen ab Geburt mehrfarbig","og_url":"https:\/\/marktxxl.de\/markt\/produkt\/sigikid-41676-greifling-werkzeug-set-play-cool-maedchen-und-jungen-babyspielzeug-empfohlen-ab-geburt-mehrfarbig\/","og_site_name":"Markt-XXL","article_modified_time":"2023-04-10T23:43:31+00:00","og_image":[{"width":500,"height":500,"url":"https:\/\/m.media-amazon.com\/images\/I\/51DuLSuoYUL._SL500_.jpg","type":"image\/jpeg"}],"twitter_card":"summary_large_image","twitter_misc":{"Gesch\u00e4tzte Lesezeit":"1\u00a0Minute"},"schema":{"@context":"https:\/\/schema.org","@graph":[{"@type":"WebPage","@id":"https:\/\/marktxxl.de\/markt\/produkt\/sigikid-41676-greifling-werkzeug-set-play-cool-maedchen-und-jungen-babyspielzeug-empfohlen-ab-geburt-mehrfarbig\/","url":"https:\/\/marktxxl.de\/markt\/produkt\/sigikid-41676-greifling-werkzeug-set-play-cool-maedchen-und-jungen-babyspielzeug-empfohlen-ab-geburt-mehrfarbig\/","name":"SIGIKID 41676 Greifling Werkzeug Set Play &amp; Cool M\u00e4dchen und Jungen Babyspielzeug empfohlen ab Geburt mehrfarbig - Markt-XXL","isPartOf":{"@id":"https:\/\/marktxxl.de\/markt\/#website"},"primaryImageOfPage":{"@id":"https:\/\/marktxxl.de\/markt\/produkt\/sigikid-41676-greifling-werkzeug-set-play-cool-maedchen-und-jungen-babyspielzeug-empfohlen-ab-geburt-mehrfarbig\/#primaryimage"},"image":{"@id":"https:\/\/marktxxl.de\/markt\/produkt\/sigikid-41676-greifling-werkzeug-set-play-cool-maedchen-und-jungen-babyspielzeug-empfohlen-ab-geburt-mehrfarbig\/#primaryimage"},"thumbnailUrl":"https:\/\/m.media-amazon.com\/images\/I\/51DuLSuoYUL._SL500_.jpg","datePublished":"2021-09-12T22:09:02+00:00","dateModified":"2023-04-10T23:43:31+00:00","description":"Markt-XXL SIGIKID 41676 Greifling Werkzeug Set Play &amp; Cool M\u00e4dchen und Jungen Babyspielzeug empfohlen ab Geburt mehrfarbig","breadcrumb":{"@id":"https:\/\/marktxxl.de\/markt\/produkt\/sigikid-41676-greifling-werkzeug-set-play-cool-maedchen-und-jungen-babyspielzeug-empfohlen-ab-geburt-mehrfarbig\/#breadcrumb"},"inLanguage":"de","potentialAction":[{"@type":"ReadAction","target":["https:\/\/marktxxl.de\/markt\/produkt\/sigikid-41676-greifling-werkzeug-set-play-cool-maedchen-und-jungen-babyspielzeug-empfohlen-ab-geburt-mehrfarbig\/"]}]},{"@type":"ImageObject","inLanguage":"de","@id":"https:\/\/marktxxl.de\/markt\/produkt\/sigikid-41676-greifling-werkzeug-set-play-cool-maedchen-und-jungen-babyspielzeug-empfohlen-ab-geburt-mehrfarbig\/#primaryimage","url":"https:\/\/m.media-amazon.com\/images\/I\/51DuLSuoYUL._SL500_.jpg","contentUrl":"https:\/\/m.media-amazon.com\/images\/I\/51DuLSuoYUL._SL500_.jpg","width":500,"height":500},{"@type":"BreadcrumbList","@id":"https:\/\/marktxxl.de\/markt\/produkt\/sigikid-41676-greifling-werkzeug-set-play-cool-maedchen-und-jungen-babyspielzeug-empfohlen-ab-geburt-mehrfarbig\/#breadcrumb","itemListElement":[{"@type":"ListItem","position":1,"name":"Startseite","item":"https:\/\/marktxxl.de\/markt\/"},{"@type":"ListItem","position":2,"name":"Markt","item":"https:\/\/marktxxl.de\/markt\/"},{"@type":"ListItem","position":3,"name":"SIGIKID 41676 Greifling Werkzeug Set Play &amp; Cool M\u00e4dchen und Jungen Babyspielzeug empfohlen ab Geburt mehrfarbig"}]},{"@type":"WebSite","@id":"https:\/\/marktxxl.de\/markt\/#website","url":"https:\/\/marktxxl.de\/markt\/","name":"Markt-XXL","description":"Ihr Markt Online","publisher":{"@id":"https:\/\/marktxxl.de\/markt\/#organization"},"potentialAction":[{"@type":"SearchAction","target":{"@type":"EntryPoint","urlTemplate":"https:\/\/marktxxl.de\/markt\/?s={search_term_string}"},"query-input":{"@type":"PropertyValueSpecification","valueRequired":true,"valueName":"search_term_string"}}],"inLanguage":"de"},{"@type":"Organization","@id":"https:\/\/marktxxl.de\/markt\/#organization","name":"Markt-XXL","url":"https:\/\/marktxxl.de\/markt\/","logo":{"@type":"ImageObject","inLanguage":"de","@id":"https:\/\/marktxxl.de\/markt\/#\/schema\/logo\/image\/","url":"https:\/\/marktxxl.de\/markt\/wp-content\/uploads\/sites\/3\/2020\/12\/logo.png","contentUrl":"https:\/\/marktxxl.de\/markt\/wp-content\/uploads\/sites\/3\/2020\/12\/logo.png","width":200,"height":70,"caption":"Markt-XXL"},"image":{"@id":"https:\/\/marktxxl.de\/markt\/#\/schema\/logo\/image\/"}}]}},"_links":{"self":[{"href":"https:\/\/marktxxl.de\/markt\/wp-json\/wp\/v2\/product\/31413","targetHints":{"allow":["GET"]}}],"collection":[{"href":"https:\/\/marktxxl.de\/markt\/wp-json\/wp\/v2\/product"}],"about":[{"href":"https:\/\/marktxxl.de\/markt\/wp-json\/wp\/v2\/types\/product"}],"replies":[{"embeddable":true,"href":"https:\/\/marktxxl.de\/markt\/wp-json\/wp\/v2\/comments?post=31413"}],"wp:featuredmedia":[{"embeddable":true,"href":"https:\/\/marktxxl.de\/markt\/wp-json\/wp\/v2\/media\/31414"}],"wp:attachment":[{"href":"https:\/\/marktxxl.de\/markt\/wp-json\/wp\/v2\/media?parent=31413"}],"wp:term":[{"taxonomy":"product_brand","embeddable":true,"href":"https:\/\/marktxxl.de\/markt\/wp-json\/wp\/v2\/product_brand?post=31413"},{"taxonomy":"product_cat","embeddable":true,"href":"https:\/\/marktxxl.de\/markt\/wp-json\/wp\/v2\/product_cat?post=31413"},{"taxonomy":"product_tag","embeddable":true,"href":"https:\/\/marktxxl.de\/markt\/wp-json\/wp\/v2\/product_tag?post=31413"}],"curies":[{"name":"wp","href":"https:\/\/api.w.org\/{rel}","templated":true}]}}