{"id":31300,"date":"2021-09-13T00:00:30","date_gmt":"2021-09-12T22:00:30","guid":{"rendered":"https:\/\/marktxxl.de\/markt\/produkt\/amagabeli-grosser-gold-kaminschirm-4-panel-verziert-schmiedeeisen-schwarz-metall-kamin-stehendes-tor-dekoratives-netz-massiver-stahl-funkenschutz-abdeckung-outdoor-werkzeuge-zubehoer\/"},"modified":"2023-04-11T01:43:26","modified_gmt":"2023-04-10T23:43:26","slug":"amagabeli-grosser-gold-kaminschirm-4-panel-verziert-schmiedeeisen-schwarz-metall-kamin-stehendes-tor-dekoratives-netz-massiver-stahl-funkenschutz-abdeckung-outdoor-werkzeuge-zubehoer","status":"publish","type":"product","link":"https:\/\/marktxxl.de\/markt\/produkt\/amagabeli-grosser-gold-kaminschirm-4-panel-verziert-schmiedeeisen-schwarz-metall-kamin-stehendes-tor-dekoratives-netz-massiver-stahl-funkenschutz-abdeckung-outdoor-werkzeuge-zubehoer\/","title":{"rendered":"Amagabeli Gro\u00dfer Gold Kaminschutzgitter Funkenschutz 4 Panel Verziert Schmiedeeisen Schwarz Metall Kamin Stehendes Tor\u2026"},"content":{"rendered":"<p>Abmessungen: Dieses Bastel-Kamingitter f\u00fcr Kinder hat eine H\u00f6he von 81cm, eine Breite von 130cm (vollst\u00e4ndig erweitert), eine gro\u00dfartige Auswahl an Kaminabdeckungen, passt zu Wohnkultur, den meisten Kaminrosten, Kaminwerkzeugen und Vorhanghaltern, Gas oder Gras , elektrische Kamine.<br \/>\nHohe Qualit\u00e4t: Goldschmiedeeiserne Kaminschirme werden mit 4 einzelnen Scharnierplatten in gew\u00f6lbtem Design geliefert, die sich dehnen k\u00f6nnen, um in verschiedene \u00d6ffnungen zu passen. Unentbehrliches dekoratives Kaminabdeckungs-Torzubeh\u00f6r, das auf \u00e4hnliche Weise mit traditionellen Messing- und schwarzen Kamingeh\u00e4usen, robusten Feuerschutzz\u00e4unen oder einem Indoor-Weihnachtsbaumzaunschutz am Weihnachtstag aufgebaut ist<br \/>\nRobuster Feuerschutz: Hohe Metall-Stahl-Kamintrennw\u00e4nde mit T\u00fcren halten fest am Herdboden, auch f\u00fcr Au\u00dfenportikus, Feuerstelle, Kaminbereiche, es ist auch eine gute Wahl f\u00fcr Ihre Freunde als Weihnachtsgeschenk.<br \/>\nFunkenschutz: Gro\u00dfes und solides Kamintor, um knallende Glut zu blockieren; Moderner Kamin-Wachbaum mit rustikalem Kamin stehend, h\u00e4lt Ihre Kinder und Welpen vom Kamin fern und h\u00e4lt das Wohnzimmer sicher.<br \/>\nKundenbetreuung: Wir sind bestrebt, Ihnen Premiumprodukte anzubieten und Ihnen eine tadellose Kundenbetreuung zu bieten. Warten Sie nicht l\u00e4nger und genie\u00dfen Sie noch heute Ihre idealen Produkte!<br \/>\n<div class=\"main-cross-sell\" data-asin=\"B019XFH8VQ\">\n\n\t<div class=\"WooZone-cross-sell-loader\">\n\t\t<div>\n\t\t\t<div id=\"floatingBarsG\">\n\t\t\t\t<div class=\"blockG\" id=\"rotateG_01\"><\/div>\n\t\t\t\t<div class=\"blockG\" id=\"rotateG_02\"><\/div>\n\t\t\t\t<div class=\"blockG\" id=\"rotateG_03\"><\/div>\n\t\t\t\t<div class=\"blockG\" id=\"rotateG_04\"><\/div>\n\t\t\t\t<div class=\"blockG\" id=\"rotateG_05\"><\/div>\n\t\t\t\t<div class=\"blockG\" id=\"rotateG_06\"><\/div>\n\t\t\t\t<div class=\"blockG\" id=\"rotateG_07\"><\/div>\n\t\t\t\t<div class=\"blockG\" id=\"rotateG_08\"><\/div>\n\t\t\t<\/div>\n\t\t\t<div class=\"WooZone-cross-sell-loader-text\"><\/div>\n\t\t<\/div>\n\t<\/div>\n\n\t\t\n<\/div>\n<div style=\"clear:both;\"><\/div><\/p>\n","protected":false},"excerpt":{"rendered":"<p>Abmessungen: Dieses Bastel-Kamingitter f\u00fcr Kinder hat eine H\u00f6he von 81cm, eine Breite von 130cm (vollst\u00e4ndig erweitert), eine gro\u00dfartige Auswahl an Kaminabdeckungen, passt zu Wohnkultur, den meisten Kaminrosten, Kaminwerkzeugen und Vorhanghaltern, Gas oder Gras , elektrische Kamine.<br \/>\nHohe Qualit\u00e4t: Goldschmiedeeiserne Kaminschirme werden mit 4 einzelnen Scharnierplatten in gew\u00f6lbtem Design geliefert, die sich dehnen k\u00f6nnen, um in verschiedene \u00d6ffnungen zu passen. Unentbehrliches dekoratives Kaminabdeckungs-Torzubeh\u00f6r, das auf \u00e4hnliche Weise mit traditionellen Messing- und schwarzen Kamingeh\u00e4usen, robusten Feuerschutzz\u00e4unen oder einem Indoor-Weihnachtsbaumzaunschutz am Weihnachtstag aufgebaut ist<br \/>\nRobuster Feuerschutz: Hohe Metall-Stahl-Kamintrennw\u00e4nde mit T\u00fcren halten fest am Herdboden, auch f\u00fcr Au\u00dfenportikus, Feuerstelle, Kaminbereiche, es ist auch eine gute Wahl f\u00fcr Ihre Freunde als Weihnachtsgeschenk.<\/p>\n","protected":false},"featured_media":31301,"comment_status":"open","ping_status":"closed","template":"","meta":[],"product_brand":[],"product_cat":[1983,11036],"product_tag":[],"class_list":{"0":"post-31300","1":"product","2":"type-product","3":"status-publish","4":"has-post-thumbnail","6":"product_cat-baumarkt","7":"product_cat-kamine","8":"pa_binding-haushaltswaren","9":"pa_brand-amagabeli-garden-home","10":"pa_height-32-zoll","11":"pa_length-50-zoll","12":"pa_model-fba_s41012pk","13":"pa_weight-7-71617917-pfund","14":"pa_width-1-zoll","16":"first","17":"instock","18":"shipping-taxable","19":"purchasable","20":"product-type-simple","21":"customify-col","22":"product-has-gallery"},"yoast_head":"<!-- This site is optimized with the Yoast SEO plugin v27.3 - https:\/\/yoast.com\/product\/yoast-seo-wordpress\/ -->\n<title>Amagabeli Gro\u00dfer Gold Kaminschutzgitter Funkenschutz 4 Panel Verziert Schmiedeeisen Schwarz Metall Kamin Stehendes Tor\u2026 - Markt-XXL<\/title>\n<meta name=\"description\" content=\"Markt-XXL Amagabeli Gro\u00dfer Gold Kaminschutzgitter Funkenschutz 4 Panel Verziert Schmiedeeisen Schwarz Metall Kamin Stehendes Tor\u2026\" \/>\n<meta name=\"robots\" content=\"index, follow, max-snippet:-1, max-image-preview:large, max-video-preview:-1\" \/>\n<link rel=\"canonical\" href=\"https:\/\/marktxxl.de\/markt\/produkt\/amagabeli-grosser-gold-kaminschirm-4-panel-verziert-schmiedeeisen-schwarz-metall-kamin-stehendes-tor-dekoratives-netz-massiver-stahl-funkenschutz-abdeckung-outdoor-werkzeuge-zubehoer\/\" \/>\n<meta property=\"og:locale\" content=\"de_DE\" \/>\n<meta property=\"og:type\" content=\"article\" \/>\n<meta property=\"og:title\" content=\"Amagabeli Gro\u00dfer Gold Kaminschutzgitter Funkenschutz 4 Panel Verziert Schmiedeeisen Schwarz Metall Kamin Stehendes Tor\u2026 - Markt-XXL\" \/>\n<meta property=\"og:description\" content=\"Markt-XXL Amagabeli Gro\u00dfer Gold Kaminschutzgitter Funkenschutz 4 Panel Verziert Schmiedeeisen Schwarz Metall Kamin Stehendes Tor\u2026\" \/>\n<meta property=\"og:url\" content=\"https:\/\/marktxxl.de\/markt\/produkt\/amagabeli-grosser-gold-kaminschirm-4-panel-verziert-schmiedeeisen-schwarz-metall-kamin-stehendes-tor-dekoratives-netz-massiver-stahl-funkenschutz-abdeckung-outdoor-werkzeuge-zubehoer\/\" \/>\n<meta property=\"og:site_name\" content=\"Markt-XXL\" \/>\n<meta property=\"article:modified_time\" content=\"2023-04-10T23:43:26+00:00\" \/>\n<meta property=\"og:image\" content=\"https:\/\/m.media-amazon.com\/images\/I\/61S2cX9b9LL._SL500_.jpg\" \/>\n\t<meta property=\"og:image:width\" content=\"500\" \/>\n\t<meta property=\"og:image:height\" content=\"500\" \/>\n\t<meta property=\"og:image:type\" content=\"image\/jpeg\" \/>\n<meta name=\"twitter:card\" content=\"summary_large_image\" \/>\n<meta name=\"twitter:label1\" content=\"Gesch\u00e4tzte Lesezeit\" \/>\n\t<meta name=\"twitter:data1\" content=\"1\u00a0Minute\" \/>\n<script type=\"application\/ld+json\" class=\"yoast-schema-graph\">{\"@context\":\"https:\\\/\\\/schema.org\",\"@graph\":[{\"@type\":\"WebPage\",\"@id\":\"https:\\\/\\\/marktxxl.de\\\/markt\\\/produkt\\\/amagabeli-grosser-gold-kaminschirm-4-panel-verziert-schmiedeeisen-schwarz-metall-kamin-stehendes-tor-dekoratives-netz-massiver-stahl-funkenschutz-abdeckung-outdoor-werkzeuge-zubehoer\\\/\",\"url\":\"https:\\\/\\\/marktxxl.de\\\/markt\\\/produkt\\\/amagabeli-grosser-gold-kaminschirm-4-panel-verziert-schmiedeeisen-schwarz-metall-kamin-stehendes-tor-dekoratives-netz-massiver-stahl-funkenschutz-abdeckung-outdoor-werkzeuge-zubehoer\\\/\",\"name\":\"Amagabeli Gro\u00dfer Gold Kaminschutzgitter Funkenschutz 4 Panel Verziert Schmiedeeisen Schwarz Metall Kamin Stehendes Tor\u2026 - Markt-XXL\",\"isPartOf\":{\"@id\":\"https:\\\/\\\/marktxxl.de\\\/markt\\\/#website\"},\"primaryImageOfPage\":{\"@id\":\"https:\\\/\\\/marktxxl.de\\\/markt\\\/produkt\\\/amagabeli-grosser-gold-kaminschirm-4-panel-verziert-schmiedeeisen-schwarz-metall-kamin-stehendes-tor-dekoratives-netz-massiver-stahl-funkenschutz-abdeckung-outdoor-werkzeuge-zubehoer\\\/#primaryimage\"},\"image\":{\"@id\":\"https:\\\/\\\/marktxxl.de\\\/markt\\\/produkt\\\/amagabeli-grosser-gold-kaminschirm-4-panel-verziert-schmiedeeisen-schwarz-metall-kamin-stehendes-tor-dekoratives-netz-massiver-stahl-funkenschutz-abdeckung-outdoor-werkzeuge-zubehoer\\\/#primaryimage\"},\"thumbnailUrl\":\"https:\\\/\\\/m.media-amazon.com\\\/images\\\/I\\\/61S2cX9b9LL._SL500_.jpg\",\"datePublished\":\"2021-09-12T22:00:30+00:00\",\"dateModified\":\"2023-04-10T23:43:26+00:00\",\"description\":\"Markt-XXL Amagabeli Gro\u00dfer Gold Kaminschutzgitter Funkenschutz 4 Panel Verziert Schmiedeeisen Schwarz Metall Kamin Stehendes Tor\u2026\",\"breadcrumb\":{\"@id\":\"https:\\\/\\\/marktxxl.de\\\/markt\\\/produkt\\\/amagabeli-grosser-gold-kaminschirm-4-panel-verziert-schmiedeeisen-schwarz-metall-kamin-stehendes-tor-dekoratives-netz-massiver-stahl-funkenschutz-abdeckung-outdoor-werkzeuge-zubehoer\\\/#breadcrumb\"},\"inLanguage\":\"de\",\"potentialAction\":[{\"@type\":\"ReadAction\",\"target\":[\"https:\\\/\\\/marktxxl.de\\\/markt\\\/produkt\\\/amagabeli-grosser-gold-kaminschirm-4-panel-verziert-schmiedeeisen-schwarz-metall-kamin-stehendes-tor-dekoratives-netz-massiver-stahl-funkenschutz-abdeckung-outdoor-werkzeuge-zubehoer\\\/\"]}]},{\"@type\":\"ImageObject\",\"inLanguage\":\"de\",\"@id\":\"https:\\\/\\\/marktxxl.de\\\/markt\\\/produkt\\\/amagabeli-grosser-gold-kaminschirm-4-panel-verziert-schmiedeeisen-schwarz-metall-kamin-stehendes-tor-dekoratives-netz-massiver-stahl-funkenschutz-abdeckung-outdoor-werkzeuge-zubehoer\\\/#primaryimage\",\"url\":\"https:\\\/\\\/m.media-amazon.com\\\/images\\\/I\\\/61S2cX9b9LL._SL500_.jpg\",\"contentUrl\":\"https:\\\/\\\/m.media-amazon.com\\\/images\\\/I\\\/61S2cX9b9LL._SL500_.jpg\",\"width\":500,\"height\":500},{\"@type\":\"BreadcrumbList\",\"@id\":\"https:\\\/\\\/marktxxl.de\\\/markt\\\/produkt\\\/amagabeli-grosser-gold-kaminschirm-4-panel-verziert-schmiedeeisen-schwarz-metall-kamin-stehendes-tor-dekoratives-netz-massiver-stahl-funkenschutz-abdeckung-outdoor-werkzeuge-zubehoer\\\/#breadcrumb\",\"itemListElement\":[{\"@type\":\"ListItem\",\"position\":1,\"name\":\"Startseite\",\"item\":\"https:\\\/\\\/marktxxl.de\\\/markt\\\/\"},{\"@type\":\"ListItem\",\"position\":2,\"name\":\"Markt\",\"item\":\"https:\\\/\\\/marktxxl.de\\\/markt\\\/\"},{\"@type\":\"ListItem\",\"position\":3,\"name\":\"Amagabeli Gro\u00dfer Gold Kaminschutzgitter Funkenschutz 4 Panel Verziert Schmiedeeisen Schwarz Metall Kamin Stehendes Tor\u2026\"}]},{\"@type\":\"WebSite\",\"@id\":\"https:\\\/\\\/marktxxl.de\\\/markt\\\/#website\",\"url\":\"https:\\\/\\\/marktxxl.de\\\/markt\\\/\",\"name\":\"Markt-XXL\",\"description\":\"Ihr Markt Online\",\"publisher\":{\"@id\":\"https:\\\/\\\/marktxxl.de\\\/markt\\\/#organization\"},\"potentialAction\":[{\"@type\":\"SearchAction\",\"target\":{\"@type\":\"EntryPoint\",\"urlTemplate\":\"https:\\\/\\\/marktxxl.de\\\/markt\\\/?s={search_term_string}\"},\"query-input\":{\"@type\":\"PropertyValueSpecification\",\"valueRequired\":true,\"valueName\":\"search_term_string\"}}],\"inLanguage\":\"de\"},{\"@type\":\"Organization\",\"@id\":\"https:\\\/\\\/marktxxl.de\\\/markt\\\/#organization\",\"name\":\"Markt-XXL\",\"url\":\"https:\\\/\\\/marktxxl.de\\\/markt\\\/\",\"logo\":{\"@type\":\"ImageObject\",\"inLanguage\":\"de\",\"@id\":\"https:\\\/\\\/marktxxl.de\\\/markt\\\/#\\\/schema\\\/logo\\\/image\\\/\",\"url\":\"https:\\\/\\\/marktxxl.de\\\/markt\\\/wp-content\\\/uploads\\\/sites\\\/3\\\/2020\\\/12\\\/logo.png\",\"contentUrl\":\"https:\\\/\\\/marktxxl.de\\\/markt\\\/wp-content\\\/uploads\\\/sites\\\/3\\\/2020\\\/12\\\/logo.png\",\"width\":200,\"height\":70,\"caption\":\"Markt-XXL\"},\"image\":{\"@id\":\"https:\\\/\\\/marktxxl.de\\\/markt\\\/#\\\/schema\\\/logo\\\/image\\\/\"}}]}<\/script>\n<!-- \/ Yoast SEO plugin. -->","yoast_head_json":{"title":"Amagabeli Gro\u00dfer Gold Kaminschutzgitter Funkenschutz 4 Panel Verziert Schmiedeeisen Schwarz Metall Kamin Stehendes Tor\u2026 - Markt-XXL","description":"Markt-XXL Amagabeli Gro\u00dfer Gold Kaminschutzgitter Funkenschutz 4 Panel Verziert Schmiedeeisen Schwarz Metall Kamin Stehendes Tor\u2026","robots":{"index":"index","follow":"follow","max-snippet":"max-snippet:-1","max-image-preview":"max-image-preview:large","max-video-preview":"max-video-preview:-1"},"canonical":"https:\/\/marktxxl.de\/markt\/produkt\/amagabeli-grosser-gold-kaminschirm-4-panel-verziert-schmiedeeisen-schwarz-metall-kamin-stehendes-tor-dekoratives-netz-massiver-stahl-funkenschutz-abdeckung-outdoor-werkzeuge-zubehoer\/","og_locale":"de_DE","og_type":"article","og_title":"Amagabeli Gro\u00dfer Gold Kaminschutzgitter Funkenschutz 4 Panel Verziert Schmiedeeisen Schwarz Metall Kamin Stehendes Tor\u2026 - Markt-XXL","og_description":"Markt-XXL Amagabeli Gro\u00dfer Gold Kaminschutzgitter Funkenschutz 4 Panel Verziert Schmiedeeisen Schwarz Metall Kamin Stehendes Tor\u2026","og_url":"https:\/\/marktxxl.de\/markt\/produkt\/amagabeli-grosser-gold-kaminschirm-4-panel-verziert-schmiedeeisen-schwarz-metall-kamin-stehendes-tor-dekoratives-netz-massiver-stahl-funkenschutz-abdeckung-outdoor-werkzeuge-zubehoer\/","og_site_name":"Markt-XXL","article_modified_time":"2023-04-10T23:43:26+00:00","og_image":[{"width":500,"height":500,"url":"https:\/\/m.media-amazon.com\/images\/I\/61S2cX9b9LL._SL500_.jpg","type":"image\/jpeg"}],"twitter_card":"summary_large_image","twitter_misc":{"Gesch\u00e4tzte Lesezeit":"1\u00a0Minute"},"schema":{"@context":"https:\/\/schema.org","@graph":[{"@type":"WebPage","@id":"https:\/\/marktxxl.de\/markt\/produkt\/amagabeli-grosser-gold-kaminschirm-4-panel-verziert-schmiedeeisen-schwarz-metall-kamin-stehendes-tor-dekoratives-netz-massiver-stahl-funkenschutz-abdeckung-outdoor-werkzeuge-zubehoer\/","url":"https:\/\/marktxxl.de\/markt\/produkt\/amagabeli-grosser-gold-kaminschirm-4-panel-verziert-schmiedeeisen-schwarz-metall-kamin-stehendes-tor-dekoratives-netz-massiver-stahl-funkenschutz-abdeckung-outdoor-werkzeuge-zubehoer\/","name":"Amagabeli Gro\u00dfer Gold Kaminschutzgitter Funkenschutz 4 Panel Verziert Schmiedeeisen Schwarz Metall Kamin Stehendes Tor\u2026 - Markt-XXL","isPartOf":{"@id":"https:\/\/marktxxl.de\/markt\/#website"},"primaryImageOfPage":{"@id":"https:\/\/marktxxl.de\/markt\/produkt\/amagabeli-grosser-gold-kaminschirm-4-panel-verziert-schmiedeeisen-schwarz-metall-kamin-stehendes-tor-dekoratives-netz-massiver-stahl-funkenschutz-abdeckung-outdoor-werkzeuge-zubehoer\/#primaryimage"},"image":{"@id":"https:\/\/marktxxl.de\/markt\/produkt\/amagabeli-grosser-gold-kaminschirm-4-panel-verziert-schmiedeeisen-schwarz-metall-kamin-stehendes-tor-dekoratives-netz-massiver-stahl-funkenschutz-abdeckung-outdoor-werkzeuge-zubehoer\/#primaryimage"},"thumbnailUrl":"https:\/\/m.media-amazon.com\/images\/I\/61S2cX9b9LL._SL500_.jpg","datePublished":"2021-09-12T22:00:30+00:00","dateModified":"2023-04-10T23:43:26+00:00","description":"Markt-XXL Amagabeli Gro\u00dfer Gold Kaminschutzgitter Funkenschutz 4 Panel Verziert Schmiedeeisen Schwarz Metall Kamin Stehendes Tor\u2026","breadcrumb":{"@id":"https:\/\/marktxxl.de\/markt\/produkt\/amagabeli-grosser-gold-kaminschirm-4-panel-verziert-schmiedeeisen-schwarz-metall-kamin-stehendes-tor-dekoratives-netz-massiver-stahl-funkenschutz-abdeckung-outdoor-werkzeuge-zubehoer\/#breadcrumb"},"inLanguage":"de","potentialAction":[{"@type":"ReadAction","target":["https:\/\/marktxxl.de\/markt\/produkt\/amagabeli-grosser-gold-kaminschirm-4-panel-verziert-schmiedeeisen-schwarz-metall-kamin-stehendes-tor-dekoratives-netz-massiver-stahl-funkenschutz-abdeckung-outdoor-werkzeuge-zubehoer\/"]}]},{"@type":"ImageObject","inLanguage":"de","@id":"https:\/\/marktxxl.de\/markt\/produkt\/amagabeli-grosser-gold-kaminschirm-4-panel-verziert-schmiedeeisen-schwarz-metall-kamin-stehendes-tor-dekoratives-netz-massiver-stahl-funkenschutz-abdeckung-outdoor-werkzeuge-zubehoer\/#primaryimage","url":"https:\/\/m.media-amazon.com\/images\/I\/61S2cX9b9LL._SL500_.jpg","contentUrl":"https:\/\/m.media-amazon.com\/images\/I\/61S2cX9b9LL._SL500_.jpg","width":500,"height":500},{"@type":"BreadcrumbList","@id":"https:\/\/marktxxl.de\/markt\/produkt\/amagabeli-grosser-gold-kaminschirm-4-panel-verziert-schmiedeeisen-schwarz-metall-kamin-stehendes-tor-dekoratives-netz-massiver-stahl-funkenschutz-abdeckung-outdoor-werkzeuge-zubehoer\/#breadcrumb","itemListElement":[{"@type":"ListItem","position":1,"name":"Startseite","item":"https:\/\/marktxxl.de\/markt\/"},{"@type":"ListItem","position":2,"name":"Markt","item":"https:\/\/marktxxl.de\/markt\/"},{"@type":"ListItem","position":3,"name":"Amagabeli Gro\u00dfer Gold Kaminschutzgitter Funkenschutz 4 Panel Verziert Schmiedeeisen Schwarz Metall Kamin Stehendes Tor\u2026"}]},{"@type":"WebSite","@id":"https:\/\/marktxxl.de\/markt\/#website","url":"https:\/\/marktxxl.de\/markt\/","name":"Markt-XXL","description":"Ihr Markt Online","publisher":{"@id":"https:\/\/marktxxl.de\/markt\/#organization"},"potentialAction":[{"@type":"SearchAction","target":{"@type":"EntryPoint","urlTemplate":"https:\/\/marktxxl.de\/markt\/?s={search_term_string}"},"query-input":{"@type":"PropertyValueSpecification","valueRequired":true,"valueName":"search_term_string"}}],"inLanguage":"de"},{"@type":"Organization","@id":"https:\/\/marktxxl.de\/markt\/#organization","name":"Markt-XXL","url":"https:\/\/marktxxl.de\/markt\/","logo":{"@type":"ImageObject","inLanguage":"de","@id":"https:\/\/marktxxl.de\/markt\/#\/schema\/logo\/image\/","url":"https:\/\/marktxxl.de\/markt\/wp-content\/uploads\/sites\/3\/2020\/12\/logo.png","contentUrl":"https:\/\/marktxxl.de\/markt\/wp-content\/uploads\/sites\/3\/2020\/12\/logo.png","width":200,"height":70,"caption":"Markt-XXL"},"image":{"@id":"https:\/\/marktxxl.de\/markt\/#\/schema\/logo\/image\/"}}]}},"_links":{"self":[{"href":"https:\/\/marktxxl.de\/markt\/wp-json\/wp\/v2\/product\/31300","targetHints":{"allow":["GET"]}}],"collection":[{"href":"https:\/\/marktxxl.de\/markt\/wp-json\/wp\/v2\/product"}],"about":[{"href":"https:\/\/marktxxl.de\/markt\/wp-json\/wp\/v2\/types\/product"}],"replies":[{"embeddable":true,"href":"https:\/\/marktxxl.de\/markt\/wp-json\/wp\/v2\/comments?post=31300"}],"wp:featuredmedia":[{"embeddable":true,"href":"https:\/\/marktxxl.de\/markt\/wp-json\/wp\/v2\/media\/31301"}],"wp:attachment":[{"href":"https:\/\/marktxxl.de\/markt\/wp-json\/wp\/v2\/media?parent=31300"}],"wp:term":[{"taxonomy":"product_brand","embeddable":true,"href":"https:\/\/marktxxl.de\/markt\/wp-json\/wp\/v2\/product_brand?post=31300"},{"taxonomy":"product_cat","embeddable":true,"href":"https:\/\/marktxxl.de\/markt\/wp-json\/wp\/v2\/product_cat?post=31300"},{"taxonomy":"product_tag","embeddable":true,"href":"https:\/\/marktxxl.de\/markt\/wp-json\/wp\/v2\/product_tag?post=31300"}],"curies":[{"name":"wp","href":"https:\/\/api.w.org\/{rel}","templated":true}]}}