{"id":31220,"date":"2021-09-12T23:55:11","date_gmt":"2021-09-12T21:55:11","guid":{"rendered":"https:\/\/marktxxl.de\/markt\/produkt\/kamino-flam-ofenrohr-senotherm-331800-hitzebestaendig-einbrennlackiertes-rauchrohr-das-kaminrohr-ist-geprueft-nach-norm-en-1856-2-das-rohr-hat-eine-konische-verjuengung-schnell-und-einfach-mit-and\/"},"modified":"2023-04-11T01:43:24","modified_gmt":"2023-04-10T23:43:24","slug":"kamino-flam-ofenrohr-senotherm-331800-hitzebestaendig-einbrennlackiertes-rauchrohr-das-kaminrohr-ist-geprueft-nach-norm-en-1856-2-das-rohr-hat-eine-konische-verjuengung-schnell-und-einfach-mit-and","status":"publish","type":"product","link":"https:\/\/marktxxl.de\/markt\/produkt\/kamino-flam-ofenrohr-senotherm-331800-hitzebestaendig-einbrennlackiertes-rauchrohr-das-kaminrohr-ist-geprueft-nach-norm-en-1856-2-das-rohr-hat-eine-konische-verjuengung-schnell-und-einfach-mit-and\/","title":{"rendered":"KAMINO FLAM Ofenrohr Senotherm 331800, hitzebest\u00e4ndig einbrennlackiertes Rauchrohr, das Kaminrohr ist gepr\u00fcft nach Norm\u2026"},"content":{"rendered":"<p>Einsatzbereiche: das Ofenrohr kann an Ihrem Kamin im Wohnzimmer, Esszimmer, Keller oder Heizungsraum installiert werden, das Dampfrohr passt sich mit dem mattschwarzen Farbton Ihrem Kamin an und f\u00fcgt sich optimal ins Gesamtbild ein<br \/>\nKomfort: durch das Stecksystem lassen sich die Rohre schnell und einfach ineinander stecken, die Kaminr\u00f6hre ist feueralumiert und besitzt durch die spezielle Oberfl\u00e4chenlegierung eine erh\u00f6hte Hitzebest\u00e4ndigkeit<br \/>\nOptik: schwarzes Ofenrohr aus lackiertem, hochwertigem Stahlblech, die Ofenr\u00f6hre hat eine kegelf\u00f6rmige Verj\u00fcngung, um es schnell mit anderen Rohren verbinden zu k\u00f6nnen und so eine optimale Installation der Rohre zu gew\u00e4hrleisten<br \/>\nDie Ma\u00dfe des Rauchrohres betragen ca. \u00d815 x 25 cm, der Stahl hat eine Dicke von ca. 2mm, das Rauchabzugsrohr wiegt ca. 1,8 kg<br \/>\nLieferumfang: 1 x KAMINO FLAM Ofenrohr 331800, (ca. 15 x 25 cm)<br \/>\n<div class=\"main-cross-sell\" data-asin=\"B004OB75JA\">\n\n\t<div class=\"WooZone-cross-sell-loader\">\n\t\t<div>\n\t\t\t<div id=\"floatingBarsG\">\n\t\t\t\t<div class=\"blockG\" id=\"rotateG_01\"><\/div>\n\t\t\t\t<div class=\"blockG\" id=\"rotateG_02\"><\/div>\n\t\t\t\t<div class=\"blockG\" id=\"rotateG_03\"><\/div>\n\t\t\t\t<div class=\"blockG\" id=\"rotateG_04\"><\/div>\n\t\t\t\t<div class=\"blockG\" id=\"rotateG_05\"><\/div>\n\t\t\t\t<div class=\"blockG\" id=\"rotateG_06\"><\/div>\n\t\t\t\t<div class=\"blockG\" id=\"rotateG_07\"><\/div>\n\t\t\t\t<div class=\"blockG\" id=\"rotateG_08\"><\/div>\n\t\t\t<\/div>\n\t\t\t<div class=\"WooZone-cross-sell-loader-text\"><\/div>\n\t\t<\/div>\n\t<\/div>\n\n\t\t\n<\/div>\n<div style=\"clear:both;\"><\/div><\/p>\n","protected":false},"excerpt":{"rendered":"<p>Einsatzbereiche: das Ofenrohr kann an Ihrem Kamin im Wohnzimmer, Esszimmer, Keller oder Heizungsraum installiert werden, das Dampfrohr passt sich mit dem mattschwarzen Farbton Ihrem Kamin an und f\u00fcgt sich optimal ins Gesamtbild ein<br \/>\nKomfort: durch das Stecksystem lassen sich die Rohre schnell und einfach ineinander stecken, die Kaminr\u00f6hre ist feueralumiert und besitzt durch die spezielle Oberfl\u00e4chenlegierung eine erh\u00f6hte Hitzebest\u00e4ndigkeit<br \/>\nOptik: schwarzes Ofenrohr aus lackiertem, hochwertigem Stahlblech, die Ofenr\u00f6hre hat eine kegelf\u00f6rmige Verj\u00fcngung, um es schnell mit anderen Rohren verbinden zu k\u00f6nnen und so eine optimale Installation der Rohre zu gew\u00e4hrleisten<\/p>\n","protected":false},"featured_media":31221,"comment_status":"open","ping_status":"closed","template":"","meta":[],"product_brand":[],"product_cat":[1983,11036],"product_tag":[],"class_list":{"0":"post-31220","1":"product","2":"type-product","3":"status-publish","4":"has-post-thumbnail","6":"product_cat-baumarkt","7":"product_cat-kamine","8":"pa_binding-werkzeug","9":"pa_brand-kamino-flam","10":"pa_color-schwarz","11":"pa_height-9-842519675-zoll","12":"pa_length-5-905511805-zoll","13":"pa_manufacturer-robert-testrut-gmbh","14":"pa_model-14325","15":"pa_weight-4-078551847-pfund","16":"pa_width-0-0787401574-zoll","18":"first","19":"instock","20":"shipping-taxable","21":"purchasable","22":"product-type-simple","23":"customify-col","24":"product-has-gallery"},"yoast_head":"<!-- This site is optimized with the Yoast SEO plugin v27.4 - https:\/\/yoast.com\/product\/yoast-seo-wordpress\/ -->\n<title>KAMINO FLAM Ofenrohr Senotherm 331800, hitzebest\u00e4ndig einbrennlackiertes Rauchrohr, das Kaminrohr ist gepr\u00fcft nach Norm\u2026 - Markt-XXL<\/title>\n<meta name=\"description\" content=\"Markt-XXL KAMINO FLAM Ofenrohr Senotherm 331800, hitzebest\u00e4ndig einbrennlackiertes Rauchrohr, das Kaminrohr ist gepr\u00fcft nach Norm\u2026\" \/>\n<meta name=\"robots\" content=\"index, follow, max-snippet:-1, max-image-preview:large, max-video-preview:-1\" \/>\n<link rel=\"canonical\" href=\"https:\/\/marktxxl.de\/markt\/produkt\/kamino-flam-ofenrohr-senotherm-331800-hitzebestaendig-einbrennlackiertes-rauchrohr-das-kaminrohr-ist-geprueft-nach-norm-en-1856-2-das-rohr-hat-eine-konische-verjuengung-schnell-und-einfach-mit-and\/\" \/>\n<meta property=\"og:locale\" content=\"de_DE\" \/>\n<meta property=\"og:type\" content=\"article\" \/>\n<meta property=\"og:title\" content=\"KAMINO FLAM Ofenrohr Senotherm 331800, hitzebest\u00e4ndig einbrennlackiertes Rauchrohr, das Kaminrohr ist gepr\u00fcft nach Norm\u2026 - Markt-XXL\" \/>\n<meta property=\"og:description\" content=\"Markt-XXL KAMINO FLAM Ofenrohr Senotherm 331800, hitzebest\u00e4ndig einbrennlackiertes Rauchrohr, das Kaminrohr ist gepr\u00fcft nach Norm\u2026\" \/>\n<meta property=\"og:url\" content=\"https:\/\/marktxxl.de\/markt\/produkt\/kamino-flam-ofenrohr-senotherm-331800-hitzebestaendig-einbrennlackiertes-rauchrohr-das-kaminrohr-ist-geprueft-nach-norm-en-1856-2-das-rohr-hat-eine-konische-verjuengung-schnell-und-einfach-mit-and\/\" \/>\n<meta property=\"og:site_name\" content=\"Markt-XXL\" \/>\n<meta property=\"article:modified_time\" content=\"2023-04-10T23:43:24+00:00\" \/>\n<meta property=\"og:image\" content=\"https:\/\/m.media-amazon.com\/images\/I\/31RY7vZCO2L._SL500_.jpg\" \/>\n\t<meta property=\"og:image:width\" content=\"500\" \/>\n\t<meta property=\"og:image:height\" content=\"500\" \/>\n\t<meta property=\"og:image:type\" content=\"image\/jpeg\" \/>\n<meta name=\"twitter:card\" content=\"summary_large_image\" \/>\n<meta name=\"twitter:label1\" content=\"Gesch\u00e4tzte Lesezeit\" \/>\n\t<meta name=\"twitter:data1\" content=\"1\u00a0Minute\" \/>\n<script type=\"application\/ld+json\" class=\"yoast-schema-graph\">{\"@context\":\"https:\\\/\\\/schema.org\",\"@graph\":[{\"@type\":\"WebPage\",\"@id\":\"https:\\\/\\\/marktxxl.de\\\/markt\\\/produkt\\\/kamino-flam-ofenrohr-senotherm-331800-hitzebestaendig-einbrennlackiertes-rauchrohr-das-kaminrohr-ist-geprueft-nach-norm-en-1856-2-das-rohr-hat-eine-konische-verjuengung-schnell-und-einfach-mit-and\\\/\",\"url\":\"https:\\\/\\\/marktxxl.de\\\/markt\\\/produkt\\\/kamino-flam-ofenrohr-senotherm-331800-hitzebestaendig-einbrennlackiertes-rauchrohr-das-kaminrohr-ist-geprueft-nach-norm-en-1856-2-das-rohr-hat-eine-konische-verjuengung-schnell-und-einfach-mit-and\\\/\",\"name\":\"KAMINO FLAM Ofenrohr Senotherm 331800, hitzebest\u00e4ndig einbrennlackiertes Rauchrohr, das Kaminrohr ist gepr\u00fcft nach Norm\u2026 - Markt-XXL\",\"isPartOf\":{\"@id\":\"https:\\\/\\\/marktxxl.de\\\/markt\\\/#website\"},\"primaryImageOfPage\":{\"@id\":\"https:\\\/\\\/marktxxl.de\\\/markt\\\/produkt\\\/kamino-flam-ofenrohr-senotherm-331800-hitzebestaendig-einbrennlackiertes-rauchrohr-das-kaminrohr-ist-geprueft-nach-norm-en-1856-2-das-rohr-hat-eine-konische-verjuengung-schnell-und-einfach-mit-and\\\/#primaryimage\"},\"image\":{\"@id\":\"https:\\\/\\\/marktxxl.de\\\/markt\\\/produkt\\\/kamino-flam-ofenrohr-senotherm-331800-hitzebestaendig-einbrennlackiertes-rauchrohr-das-kaminrohr-ist-geprueft-nach-norm-en-1856-2-das-rohr-hat-eine-konische-verjuengung-schnell-und-einfach-mit-and\\\/#primaryimage\"},\"thumbnailUrl\":\"https:\\\/\\\/m.media-amazon.com\\\/images\\\/I\\\/31RY7vZCO2L._SL500_.jpg\",\"datePublished\":\"2021-09-12T21:55:11+00:00\",\"dateModified\":\"2023-04-10T23:43:24+00:00\",\"description\":\"Markt-XXL KAMINO FLAM Ofenrohr Senotherm 331800, hitzebest\u00e4ndig einbrennlackiertes Rauchrohr, das Kaminrohr ist gepr\u00fcft nach Norm\u2026\",\"breadcrumb\":{\"@id\":\"https:\\\/\\\/marktxxl.de\\\/markt\\\/produkt\\\/kamino-flam-ofenrohr-senotherm-331800-hitzebestaendig-einbrennlackiertes-rauchrohr-das-kaminrohr-ist-geprueft-nach-norm-en-1856-2-das-rohr-hat-eine-konische-verjuengung-schnell-und-einfach-mit-and\\\/#breadcrumb\"},\"inLanguage\":\"de\",\"potentialAction\":[{\"@type\":\"ReadAction\",\"target\":[\"https:\\\/\\\/marktxxl.de\\\/markt\\\/produkt\\\/kamino-flam-ofenrohr-senotherm-331800-hitzebestaendig-einbrennlackiertes-rauchrohr-das-kaminrohr-ist-geprueft-nach-norm-en-1856-2-das-rohr-hat-eine-konische-verjuengung-schnell-und-einfach-mit-and\\\/\"]}]},{\"@type\":\"ImageObject\",\"inLanguage\":\"de\",\"@id\":\"https:\\\/\\\/marktxxl.de\\\/markt\\\/produkt\\\/kamino-flam-ofenrohr-senotherm-331800-hitzebestaendig-einbrennlackiertes-rauchrohr-das-kaminrohr-ist-geprueft-nach-norm-en-1856-2-das-rohr-hat-eine-konische-verjuengung-schnell-und-einfach-mit-and\\\/#primaryimage\",\"url\":\"https:\\\/\\\/m.media-amazon.com\\\/images\\\/I\\\/31RY7vZCO2L._SL500_.jpg\",\"contentUrl\":\"https:\\\/\\\/m.media-amazon.com\\\/images\\\/I\\\/31RY7vZCO2L._SL500_.jpg\",\"width\":500,\"height\":500},{\"@type\":\"BreadcrumbList\",\"@id\":\"https:\\\/\\\/marktxxl.de\\\/markt\\\/produkt\\\/kamino-flam-ofenrohr-senotherm-331800-hitzebestaendig-einbrennlackiertes-rauchrohr-das-kaminrohr-ist-geprueft-nach-norm-en-1856-2-das-rohr-hat-eine-konische-verjuengung-schnell-und-einfach-mit-and\\\/#breadcrumb\",\"itemListElement\":[{\"@type\":\"ListItem\",\"position\":1,\"name\":\"Startseite\",\"item\":\"https:\\\/\\\/marktxxl.de\\\/markt\\\/\"},{\"@type\":\"ListItem\",\"position\":2,\"name\":\"Markt\",\"item\":\"https:\\\/\\\/marktxxl.de\\\/markt\\\/\"},{\"@type\":\"ListItem\",\"position\":3,\"name\":\"KAMINO FLAM Ofenrohr Senotherm 331800, hitzebest\u00e4ndig einbrennlackiertes Rauchrohr, das Kaminrohr ist gepr\u00fcft nach Norm\u2026\"}]},{\"@type\":\"WebSite\",\"@id\":\"https:\\\/\\\/marktxxl.de\\\/markt\\\/#website\",\"url\":\"https:\\\/\\\/marktxxl.de\\\/markt\\\/\",\"name\":\"Markt-XXL\",\"description\":\"Ihr Markt Online\",\"publisher\":{\"@id\":\"https:\\\/\\\/marktxxl.de\\\/markt\\\/#organization\"},\"potentialAction\":[{\"@type\":\"SearchAction\",\"target\":{\"@type\":\"EntryPoint\",\"urlTemplate\":\"https:\\\/\\\/marktxxl.de\\\/markt\\\/?s={search_term_string}\"},\"query-input\":{\"@type\":\"PropertyValueSpecification\",\"valueRequired\":true,\"valueName\":\"search_term_string\"}}],\"inLanguage\":\"de\"},{\"@type\":\"Organization\",\"@id\":\"https:\\\/\\\/marktxxl.de\\\/markt\\\/#organization\",\"name\":\"Markt-XXL\",\"url\":\"https:\\\/\\\/marktxxl.de\\\/markt\\\/\",\"logo\":{\"@type\":\"ImageObject\",\"inLanguage\":\"de\",\"@id\":\"https:\\\/\\\/marktxxl.de\\\/markt\\\/#\\\/schema\\\/logo\\\/image\\\/\",\"url\":\"https:\\\/\\\/marktxxl.de\\\/markt\\\/wp-content\\\/uploads\\\/sites\\\/3\\\/2020\\\/12\\\/logo.png\",\"contentUrl\":\"https:\\\/\\\/marktxxl.de\\\/markt\\\/wp-content\\\/uploads\\\/sites\\\/3\\\/2020\\\/12\\\/logo.png\",\"width\":200,\"height\":70,\"caption\":\"Markt-XXL\"},\"image\":{\"@id\":\"https:\\\/\\\/marktxxl.de\\\/markt\\\/#\\\/schema\\\/logo\\\/image\\\/\"}}]}<\/script>\n<!-- \/ Yoast SEO plugin. -->","yoast_head_json":{"title":"KAMINO FLAM Ofenrohr Senotherm 331800, hitzebest\u00e4ndig einbrennlackiertes Rauchrohr, das Kaminrohr ist gepr\u00fcft nach Norm\u2026 - Markt-XXL","description":"Markt-XXL KAMINO FLAM Ofenrohr Senotherm 331800, hitzebest\u00e4ndig einbrennlackiertes Rauchrohr, das Kaminrohr ist gepr\u00fcft nach Norm\u2026","robots":{"index":"index","follow":"follow","max-snippet":"max-snippet:-1","max-image-preview":"max-image-preview:large","max-video-preview":"max-video-preview:-1"},"canonical":"https:\/\/marktxxl.de\/markt\/produkt\/kamino-flam-ofenrohr-senotherm-331800-hitzebestaendig-einbrennlackiertes-rauchrohr-das-kaminrohr-ist-geprueft-nach-norm-en-1856-2-das-rohr-hat-eine-konische-verjuengung-schnell-und-einfach-mit-and\/","og_locale":"de_DE","og_type":"article","og_title":"KAMINO FLAM Ofenrohr Senotherm 331800, hitzebest\u00e4ndig einbrennlackiertes Rauchrohr, das Kaminrohr ist gepr\u00fcft nach Norm\u2026 - Markt-XXL","og_description":"Markt-XXL KAMINO FLAM Ofenrohr Senotherm 331800, hitzebest\u00e4ndig einbrennlackiertes Rauchrohr, das Kaminrohr ist gepr\u00fcft nach Norm\u2026","og_url":"https:\/\/marktxxl.de\/markt\/produkt\/kamino-flam-ofenrohr-senotherm-331800-hitzebestaendig-einbrennlackiertes-rauchrohr-das-kaminrohr-ist-geprueft-nach-norm-en-1856-2-das-rohr-hat-eine-konische-verjuengung-schnell-und-einfach-mit-and\/","og_site_name":"Markt-XXL","article_modified_time":"2023-04-10T23:43:24+00:00","og_image":[{"width":500,"height":500,"url":"https:\/\/m.media-amazon.com\/images\/I\/31RY7vZCO2L._SL500_.jpg","type":"image\/jpeg"}],"twitter_card":"summary_large_image","twitter_misc":{"Gesch\u00e4tzte Lesezeit":"1\u00a0Minute"},"schema":{"@context":"https:\/\/schema.org","@graph":[{"@type":"WebPage","@id":"https:\/\/marktxxl.de\/markt\/produkt\/kamino-flam-ofenrohr-senotherm-331800-hitzebestaendig-einbrennlackiertes-rauchrohr-das-kaminrohr-ist-geprueft-nach-norm-en-1856-2-das-rohr-hat-eine-konische-verjuengung-schnell-und-einfach-mit-and\/","url":"https:\/\/marktxxl.de\/markt\/produkt\/kamino-flam-ofenrohr-senotherm-331800-hitzebestaendig-einbrennlackiertes-rauchrohr-das-kaminrohr-ist-geprueft-nach-norm-en-1856-2-das-rohr-hat-eine-konische-verjuengung-schnell-und-einfach-mit-and\/","name":"KAMINO FLAM Ofenrohr Senotherm 331800, hitzebest\u00e4ndig einbrennlackiertes Rauchrohr, das Kaminrohr ist gepr\u00fcft nach Norm\u2026 - Markt-XXL","isPartOf":{"@id":"https:\/\/marktxxl.de\/markt\/#website"},"primaryImageOfPage":{"@id":"https:\/\/marktxxl.de\/markt\/produkt\/kamino-flam-ofenrohr-senotherm-331800-hitzebestaendig-einbrennlackiertes-rauchrohr-das-kaminrohr-ist-geprueft-nach-norm-en-1856-2-das-rohr-hat-eine-konische-verjuengung-schnell-und-einfach-mit-and\/#primaryimage"},"image":{"@id":"https:\/\/marktxxl.de\/markt\/produkt\/kamino-flam-ofenrohr-senotherm-331800-hitzebestaendig-einbrennlackiertes-rauchrohr-das-kaminrohr-ist-geprueft-nach-norm-en-1856-2-das-rohr-hat-eine-konische-verjuengung-schnell-und-einfach-mit-and\/#primaryimage"},"thumbnailUrl":"https:\/\/m.media-amazon.com\/images\/I\/31RY7vZCO2L._SL500_.jpg","datePublished":"2021-09-12T21:55:11+00:00","dateModified":"2023-04-10T23:43:24+00:00","description":"Markt-XXL KAMINO FLAM Ofenrohr Senotherm 331800, hitzebest\u00e4ndig einbrennlackiertes Rauchrohr, das Kaminrohr ist gepr\u00fcft nach Norm\u2026","breadcrumb":{"@id":"https:\/\/marktxxl.de\/markt\/produkt\/kamino-flam-ofenrohr-senotherm-331800-hitzebestaendig-einbrennlackiertes-rauchrohr-das-kaminrohr-ist-geprueft-nach-norm-en-1856-2-das-rohr-hat-eine-konische-verjuengung-schnell-und-einfach-mit-and\/#breadcrumb"},"inLanguage":"de","potentialAction":[{"@type":"ReadAction","target":["https:\/\/marktxxl.de\/markt\/produkt\/kamino-flam-ofenrohr-senotherm-331800-hitzebestaendig-einbrennlackiertes-rauchrohr-das-kaminrohr-ist-geprueft-nach-norm-en-1856-2-das-rohr-hat-eine-konische-verjuengung-schnell-und-einfach-mit-and\/"]}]},{"@type":"ImageObject","inLanguage":"de","@id":"https:\/\/marktxxl.de\/markt\/produkt\/kamino-flam-ofenrohr-senotherm-331800-hitzebestaendig-einbrennlackiertes-rauchrohr-das-kaminrohr-ist-geprueft-nach-norm-en-1856-2-das-rohr-hat-eine-konische-verjuengung-schnell-und-einfach-mit-and\/#primaryimage","url":"https:\/\/m.media-amazon.com\/images\/I\/31RY7vZCO2L._SL500_.jpg","contentUrl":"https:\/\/m.media-amazon.com\/images\/I\/31RY7vZCO2L._SL500_.jpg","width":500,"height":500},{"@type":"BreadcrumbList","@id":"https:\/\/marktxxl.de\/markt\/produkt\/kamino-flam-ofenrohr-senotherm-331800-hitzebestaendig-einbrennlackiertes-rauchrohr-das-kaminrohr-ist-geprueft-nach-norm-en-1856-2-das-rohr-hat-eine-konische-verjuengung-schnell-und-einfach-mit-and\/#breadcrumb","itemListElement":[{"@type":"ListItem","position":1,"name":"Startseite","item":"https:\/\/marktxxl.de\/markt\/"},{"@type":"ListItem","position":2,"name":"Markt","item":"https:\/\/marktxxl.de\/markt\/"},{"@type":"ListItem","position":3,"name":"KAMINO FLAM Ofenrohr Senotherm 331800, hitzebest\u00e4ndig einbrennlackiertes Rauchrohr, das Kaminrohr ist gepr\u00fcft nach Norm\u2026"}]},{"@type":"WebSite","@id":"https:\/\/marktxxl.de\/markt\/#website","url":"https:\/\/marktxxl.de\/markt\/","name":"Markt-XXL","description":"Ihr Markt Online","publisher":{"@id":"https:\/\/marktxxl.de\/markt\/#organization"},"potentialAction":[{"@type":"SearchAction","target":{"@type":"EntryPoint","urlTemplate":"https:\/\/marktxxl.de\/markt\/?s={search_term_string}"},"query-input":{"@type":"PropertyValueSpecification","valueRequired":true,"valueName":"search_term_string"}}],"inLanguage":"de"},{"@type":"Organization","@id":"https:\/\/marktxxl.de\/markt\/#organization","name":"Markt-XXL","url":"https:\/\/marktxxl.de\/markt\/","logo":{"@type":"ImageObject","inLanguage":"de","@id":"https:\/\/marktxxl.de\/markt\/#\/schema\/logo\/image\/","url":"https:\/\/marktxxl.de\/markt\/wp-content\/uploads\/sites\/3\/2020\/12\/logo.png","contentUrl":"https:\/\/marktxxl.de\/markt\/wp-content\/uploads\/sites\/3\/2020\/12\/logo.png","width":200,"height":70,"caption":"Markt-XXL"},"image":{"@id":"https:\/\/marktxxl.de\/markt\/#\/schema\/logo\/image\/"}}]}},"_links":{"self":[{"href":"https:\/\/marktxxl.de\/markt\/wp-json\/wp\/v2\/product\/31220","targetHints":{"allow":["GET"]}}],"collection":[{"href":"https:\/\/marktxxl.de\/markt\/wp-json\/wp\/v2\/product"}],"about":[{"href":"https:\/\/marktxxl.de\/markt\/wp-json\/wp\/v2\/types\/product"}],"replies":[{"embeddable":true,"href":"https:\/\/marktxxl.de\/markt\/wp-json\/wp\/v2\/comments?post=31220"}],"wp:featuredmedia":[{"embeddable":true,"href":"https:\/\/marktxxl.de\/markt\/wp-json\/wp\/v2\/media\/31221"}],"wp:attachment":[{"href":"https:\/\/marktxxl.de\/markt\/wp-json\/wp\/v2\/media?parent=31220"}],"wp:term":[{"taxonomy":"product_brand","embeddable":true,"href":"https:\/\/marktxxl.de\/markt\/wp-json\/wp\/v2\/product_brand?post=31220"},{"taxonomy":"product_cat","embeddable":true,"href":"https:\/\/marktxxl.de\/markt\/wp-json\/wp\/v2\/product_cat?post=31220"},{"taxonomy":"product_tag","embeddable":true,"href":"https:\/\/marktxxl.de\/markt\/wp-json\/wp\/v2\/product_tag?post=31220"}],"curies":[{"name":"wp","href":"https:\/\/api.w.org\/{rel}","templated":true}]}}