{"id":31041,"date":"2021-09-12T23:50:27","date_gmt":"2021-09-12T21:50:27","guid":{"rendered":"https:\/\/marktxxl.de\/markt\/produkt\/potette-plus-multifunktions-toepfe-reisetopf-toilettenverkleinerer-und-toepfchen-mit-weichem-nachfuellpack-und-10-einweg-pads-hellgruen\/"},"modified":"2023-04-11T01:43:23","modified_gmt":"2023-04-10T23:43:23","slug":"potette-plus-multifunktions-toepfe-reisetopf-toilettenverkleinerer-und-toepfchen-mit-weichem-nachfuellpack-und-10-einweg-pads-hellgruen","status":"publish","type":"product","link":"https:\/\/marktxxl.de\/markt\/produkt\/potette-plus-multifunktions-toepfe-reisetopf-toilettenverkleinerer-und-toepfchen-mit-weichem-nachfuellpack-und-10-einweg-pads-hellgruen\/","title":{"rendered":"Multifunktions-Topf-Set: Reise-Topf, Toiletten-Reduzierer, Haustopf mit weicher Nachf\u00fcllpackung und 10 Einweg\u2026"},"content":{"rendered":"<p>Multifunktionales T\u00f6pfchen: Reise-Topf, Toilettenverkleinerer und Haustopf dank wiederverwendbarer flexibler Nachf\u00fcllung. Dieses Set beinhaltet den faltbaren Topf, der in einen Toilettensitz verwandelt werden kann<br \/>\nKompakt und faltbar, kann \u00fcberall hin mitgenommen werden. Egal ob Sie im Auto, im Park, bei der Babywohnung, im Urlaub oder zu Hause sind, das T\u00f6pfchentrainer begleitet Ihr Kind beim T\u00f6pfchen-Training<br \/>\nReisebecher \u2013 sehr kompakt, einfach in Ihrer Wickeltasche oder in der Tragetasche mitnehmen. Mit einem einfachen Klick k\u00f6nnen die F\u00fc\u00dfe zu einem Topf in Standardgr\u00f6\u00dfe werden.<br \/>\nWC-Sitzverkleinerung: Durch seitliches Ausklappen der F\u00fc\u00dfe auf dem Toilettensch\u00fcssel verwandelt sich der Ponette Plus in einen Toilettensitz.<br \/>\nHaustopf \u2013 Durch das Einlegen der weichen Silikonminen wird der Ponette Plus zu einem klassischen Haustopf bequem und leicht zu reinigen.<br \/>\n<div class=\"main-cross-sell\" data-asin=\"B07TDRP8DL\">\n\n\t<div class=\"WooZone-cross-sell-loader\">\n\t\t<div>\n\t\t\t<div id=\"floatingBarsG\">\n\t\t\t\t<div class=\"blockG\" id=\"rotateG_01\"><\/div>\n\t\t\t\t<div class=\"blockG\" id=\"rotateG_02\"><\/div>\n\t\t\t\t<div class=\"blockG\" id=\"rotateG_03\"><\/div>\n\t\t\t\t<div class=\"blockG\" id=\"rotateG_04\"><\/div>\n\t\t\t\t<div class=\"blockG\" id=\"rotateG_05\"><\/div>\n\t\t\t\t<div class=\"blockG\" id=\"rotateG_06\"><\/div>\n\t\t\t\t<div class=\"blockG\" id=\"rotateG_07\"><\/div>\n\t\t\t\t<div class=\"blockG\" id=\"rotateG_08\"><\/div>\n\t\t\t<\/div>\n\t\t\t<div class=\"WooZone-cross-sell-loader-text\"><\/div>\n\t\t<\/div>\n\t<\/div>\n\n\t\t\n<\/div>\n<div style=\"clear:both;\"><\/div><\/p>\n","protected":false},"excerpt":{"rendered":"<p>Multifunktionales T\u00f6pfchen: Reise-Topf, Toilettenverkleinerer und Haustopf dank wiederverwendbarer flexibler Nachf\u00fcllung. Dieses Set beinhaltet den faltbaren Topf, der in einen Toilettensitz verwandelt werden kann<br \/>\nKompakt und faltbar, kann \u00fcberall hin mitgenommen werden. Egal ob Sie im Auto, im Park, bei der Babywohnung, im Urlaub oder zu Hause sind, das T\u00f6pfchentrainer begleitet Ihr Kind beim T\u00f6pfchen-Training<br \/>\nReisebecher \u2013 sehr kompakt, einfach in Ihrer Wickeltasche oder in der Tragetasche mitnehmen. Mit einem einfachen Klick k\u00f6nnen die F\u00fc\u00dfe zu einem Topf in Standardgr\u00f6\u00dfe werden.<\/p>\n","protected":false},"featured_media":31042,"comment_status":"open","ping_status":"closed","template":"","meta":[],"product_brand":[],"product_cat":[21,9437],"product_tag":[],"class_list":{"0":"post-31041","1":"product","2":"type-product","3":"status-publish","4":"has-post-thumbnail","6":"product_cat-baby","7":"product_cat-toepfchen-trittschemel-baby","8":"pa_binding-babyartikel","9":"pa_brand-potette-plus","10":"pa_color-gruen","11":"pa_manufacturer-bajt2","12":"pa_model-2780-p-green","13":"pa_size-1-stueck-1er-pack","14":"pa_weight-1-10231131-pfund","16":"first","17":"instock","18":"shipping-taxable","19":"purchasable","20":"product-type-simple","21":"customify-col","22":"product-has-gallery"},"yoast_head":"<!-- This site is optimized with the Yoast SEO plugin v27.3 - https:\/\/yoast.com\/product\/yoast-seo-wordpress\/ -->\n<title>Multifunktions-Topf-Set: Reise-Topf, Toiletten-Reduzierer, Haustopf mit weicher Nachf\u00fcllpackung und 10 Einweg\u2026 - Markt-XXL<\/title>\n<meta name=\"description\" content=\"Markt-XXL Multifunktions-Topf-Set: Reise-Topf, Toiletten-Reduzierer, Haustopf mit weicher Nachf\u00fcllpackung und 10 Einweg\u2026\" \/>\n<meta name=\"robots\" content=\"index, follow, max-snippet:-1, max-image-preview:large, max-video-preview:-1\" \/>\n<link rel=\"canonical\" href=\"https:\/\/marktxxl.de\/markt\/produkt\/potette-plus-multifunktions-toepfe-reisetopf-toilettenverkleinerer-und-toepfchen-mit-weichem-nachfuellpack-und-10-einweg-pads-hellgruen\/\" \/>\n<meta property=\"og:locale\" content=\"de_DE\" \/>\n<meta property=\"og:type\" content=\"article\" \/>\n<meta property=\"og:title\" content=\"Multifunktions-Topf-Set: Reise-Topf, Toiletten-Reduzierer, Haustopf mit weicher Nachf\u00fcllpackung und 10 Einweg\u2026 - Markt-XXL\" \/>\n<meta property=\"og:description\" content=\"Markt-XXL Multifunktions-Topf-Set: Reise-Topf, Toiletten-Reduzierer, Haustopf mit weicher Nachf\u00fcllpackung und 10 Einweg\u2026\" \/>\n<meta property=\"og:url\" content=\"https:\/\/marktxxl.de\/markt\/produkt\/potette-plus-multifunktions-toepfe-reisetopf-toilettenverkleinerer-und-toepfchen-mit-weichem-nachfuellpack-und-10-einweg-pads-hellgruen\/\" \/>\n<meta property=\"og:site_name\" content=\"Markt-XXL\" \/>\n<meta property=\"article:modified_time\" content=\"2023-04-10T23:43:23+00:00\" \/>\n<meta property=\"og:image\" content=\"https:\/\/m.media-amazon.com\/images\/I\/31Zeby1pnaL._SL500_.jpg\" \/>\n\t<meta property=\"og:image:width\" content=\"500\" \/>\n\t<meta property=\"og:image:height\" content=\"500\" \/>\n\t<meta property=\"og:image:type\" content=\"image\/jpeg\" \/>\n<meta name=\"twitter:card\" content=\"summary_large_image\" \/>\n<meta name=\"twitter:label1\" content=\"Gesch\u00e4tzte Lesezeit\" \/>\n\t<meta name=\"twitter:data1\" content=\"1\u00a0Minute\" \/>\n<script type=\"application\/ld+json\" class=\"yoast-schema-graph\">{\"@context\":\"https:\\\/\\\/schema.org\",\"@graph\":[{\"@type\":\"WebPage\",\"@id\":\"https:\\\/\\\/marktxxl.de\\\/markt\\\/produkt\\\/potette-plus-multifunktions-toepfe-reisetopf-toilettenverkleinerer-und-toepfchen-mit-weichem-nachfuellpack-und-10-einweg-pads-hellgruen\\\/\",\"url\":\"https:\\\/\\\/marktxxl.de\\\/markt\\\/produkt\\\/potette-plus-multifunktions-toepfe-reisetopf-toilettenverkleinerer-und-toepfchen-mit-weichem-nachfuellpack-und-10-einweg-pads-hellgruen\\\/\",\"name\":\"Multifunktions-Topf-Set: Reise-Topf, Toiletten-Reduzierer, Haustopf mit weicher Nachf\u00fcllpackung und 10 Einweg\u2026 - Markt-XXL\",\"isPartOf\":{\"@id\":\"https:\\\/\\\/marktxxl.de\\\/markt\\\/#website\"},\"primaryImageOfPage\":{\"@id\":\"https:\\\/\\\/marktxxl.de\\\/markt\\\/produkt\\\/potette-plus-multifunktions-toepfe-reisetopf-toilettenverkleinerer-und-toepfchen-mit-weichem-nachfuellpack-und-10-einweg-pads-hellgruen\\\/#primaryimage\"},\"image\":{\"@id\":\"https:\\\/\\\/marktxxl.de\\\/markt\\\/produkt\\\/potette-plus-multifunktions-toepfe-reisetopf-toilettenverkleinerer-und-toepfchen-mit-weichem-nachfuellpack-und-10-einweg-pads-hellgruen\\\/#primaryimage\"},\"thumbnailUrl\":\"https:\\\/\\\/m.media-amazon.com\\\/images\\\/I\\\/31Zeby1pnaL._SL500_.jpg\",\"datePublished\":\"2021-09-12T21:50:27+00:00\",\"dateModified\":\"2023-04-10T23:43:23+00:00\",\"description\":\"Markt-XXL Multifunktions-Topf-Set: Reise-Topf, Toiletten-Reduzierer, Haustopf mit weicher Nachf\u00fcllpackung und 10 Einweg\u2026\",\"breadcrumb\":{\"@id\":\"https:\\\/\\\/marktxxl.de\\\/markt\\\/produkt\\\/potette-plus-multifunktions-toepfe-reisetopf-toilettenverkleinerer-und-toepfchen-mit-weichem-nachfuellpack-und-10-einweg-pads-hellgruen\\\/#breadcrumb\"},\"inLanguage\":\"de\",\"potentialAction\":[{\"@type\":\"ReadAction\",\"target\":[\"https:\\\/\\\/marktxxl.de\\\/markt\\\/produkt\\\/potette-plus-multifunktions-toepfe-reisetopf-toilettenverkleinerer-und-toepfchen-mit-weichem-nachfuellpack-und-10-einweg-pads-hellgruen\\\/\"]}]},{\"@type\":\"ImageObject\",\"inLanguage\":\"de\",\"@id\":\"https:\\\/\\\/marktxxl.de\\\/markt\\\/produkt\\\/potette-plus-multifunktions-toepfe-reisetopf-toilettenverkleinerer-und-toepfchen-mit-weichem-nachfuellpack-und-10-einweg-pads-hellgruen\\\/#primaryimage\",\"url\":\"https:\\\/\\\/m.media-amazon.com\\\/images\\\/I\\\/31Zeby1pnaL._SL500_.jpg\",\"contentUrl\":\"https:\\\/\\\/m.media-amazon.com\\\/images\\\/I\\\/31Zeby1pnaL._SL500_.jpg\",\"width\":500,\"height\":500},{\"@type\":\"BreadcrumbList\",\"@id\":\"https:\\\/\\\/marktxxl.de\\\/markt\\\/produkt\\\/potette-plus-multifunktions-toepfe-reisetopf-toilettenverkleinerer-und-toepfchen-mit-weichem-nachfuellpack-und-10-einweg-pads-hellgruen\\\/#breadcrumb\",\"itemListElement\":[{\"@type\":\"ListItem\",\"position\":1,\"name\":\"Startseite\",\"item\":\"https:\\\/\\\/marktxxl.de\\\/markt\\\/\"},{\"@type\":\"ListItem\",\"position\":2,\"name\":\"Markt\",\"item\":\"https:\\\/\\\/marktxxl.de\\\/markt\\\/\"},{\"@type\":\"ListItem\",\"position\":3,\"name\":\"Multifunktions-Topf-Set: Reise-Topf, Toiletten-Reduzierer, Haustopf mit weicher Nachf\u00fcllpackung und 10 Einweg\u2026\"}]},{\"@type\":\"WebSite\",\"@id\":\"https:\\\/\\\/marktxxl.de\\\/markt\\\/#website\",\"url\":\"https:\\\/\\\/marktxxl.de\\\/markt\\\/\",\"name\":\"Markt-XXL\",\"description\":\"Ihr Markt Online\",\"publisher\":{\"@id\":\"https:\\\/\\\/marktxxl.de\\\/markt\\\/#organization\"},\"potentialAction\":[{\"@type\":\"SearchAction\",\"target\":{\"@type\":\"EntryPoint\",\"urlTemplate\":\"https:\\\/\\\/marktxxl.de\\\/markt\\\/?s={search_term_string}\"},\"query-input\":{\"@type\":\"PropertyValueSpecification\",\"valueRequired\":true,\"valueName\":\"search_term_string\"}}],\"inLanguage\":\"de\"},{\"@type\":\"Organization\",\"@id\":\"https:\\\/\\\/marktxxl.de\\\/markt\\\/#organization\",\"name\":\"Markt-XXL\",\"url\":\"https:\\\/\\\/marktxxl.de\\\/markt\\\/\",\"logo\":{\"@type\":\"ImageObject\",\"inLanguage\":\"de\",\"@id\":\"https:\\\/\\\/marktxxl.de\\\/markt\\\/#\\\/schema\\\/logo\\\/image\\\/\",\"url\":\"https:\\\/\\\/marktxxl.de\\\/markt\\\/wp-content\\\/uploads\\\/sites\\\/3\\\/2020\\\/12\\\/logo.png\",\"contentUrl\":\"https:\\\/\\\/marktxxl.de\\\/markt\\\/wp-content\\\/uploads\\\/sites\\\/3\\\/2020\\\/12\\\/logo.png\",\"width\":200,\"height\":70,\"caption\":\"Markt-XXL\"},\"image\":{\"@id\":\"https:\\\/\\\/marktxxl.de\\\/markt\\\/#\\\/schema\\\/logo\\\/image\\\/\"}}]}<\/script>\n<!-- \/ Yoast SEO plugin. -->","yoast_head_json":{"title":"Multifunktions-Topf-Set: Reise-Topf, Toiletten-Reduzierer, Haustopf mit weicher Nachf\u00fcllpackung und 10 Einweg\u2026 - Markt-XXL","description":"Markt-XXL Multifunktions-Topf-Set: Reise-Topf, Toiletten-Reduzierer, Haustopf mit weicher Nachf\u00fcllpackung und 10 Einweg\u2026","robots":{"index":"index","follow":"follow","max-snippet":"max-snippet:-1","max-image-preview":"max-image-preview:large","max-video-preview":"max-video-preview:-1"},"canonical":"https:\/\/marktxxl.de\/markt\/produkt\/potette-plus-multifunktions-toepfe-reisetopf-toilettenverkleinerer-und-toepfchen-mit-weichem-nachfuellpack-und-10-einweg-pads-hellgruen\/","og_locale":"de_DE","og_type":"article","og_title":"Multifunktions-Topf-Set: Reise-Topf, Toiletten-Reduzierer, Haustopf mit weicher Nachf\u00fcllpackung und 10 Einweg\u2026 - Markt-XXL","og_description":"Markt-XXL Multifunktions-Topf-Set: Reise-Topf, Toiletten-Reduzierer, Haustopf mit weicher Nachf\u00fcllpackung und 10 Einweg\u2026","og_url":"https:\/\/marktxxl.de\/markt\/produkt\/potette-plus-multifunktions-toepfe-reisetopf-toilettenverkleinerer-und-toepfchen-mit-weichem-nachfuellpack-und-10-einweg-pads-hellgruen\/","og_site_name":"Markt-XXL","article_modified_time":"2023-04-10T23:43:23+00:00","og_image":[{"width":500,"height":500,"url":"https:\/\/m.media-amazon.com\/images\/I\/31Zeby1pnaL._SL500_.jpg","type":"image\/jpeg"}],"twitter_card":"summary_large_image","twitter_misc":{"Gesch\u00e4tzte Lesezeit":"1\u00a0Minute"},"schema":{"@context":"https:\/\/schema.org","@graph":[{"@type":"WebPage","@id":"https:\/\/marktxxl.de\/markt\/produkt\/potette-plus-multifunktions-toepfe-reisetopf-toilettenverkleinerer-und-toepfchen-mit-weichem-nachfuellpack-und-10-einweg-pads-hellgruen\/","url":"https:\/\/marktxxl.de\/markt\/produkt\/potette-plus-multifunktions-toepfe-reisetopf-toilettenverkleinerer-und-toepfchen-mit-weichem-nachfuellpack-und-10-einweg-pads-hellgruen\/","name":"Multifunktions-Topf-Set: Reise-Topf, Toiletten-Reduzierer, Haustopf mit weicher Nachf\u00fcllpackung und 10 Einweg\u2026 - Markt-XXL","isPartOf":{"@id":"https:\/\/marktxxl.de\/markt\/#website"},"primaryImageOfPage":{"@id":"https:\/\/marktxxl.de\/markt\/produkt\/potette-plus-multifunktions-toepfe-reisetopf-toilettenverkleinerer-und-toepfchen-mit-weichem-nachfuellpack-und-10-einweg-pads-hellgruen\/#primaryimage"},"image":{"@id":"https:\/\/marktxxl.de\/markt\/produkt\/potette-plus-multifunktions-toepfe-reisetopf-toilettenverkleinerer-und-toepfchen-mit-weichem-nachfuellpack-und-10-einweg-pads-hellgruen\/#primaryimage"},"thumbnailUrl":"https:\/\/m.media-amazon.com\/images\/I\/31Zeby1pnaL._SL500_.jpg","datePublished":"2021-09-12T21:50:27+00:00","dateModified":"2023-04-10T23:43:23+00:00","description":"Markt-XXL Multifunktions-Topf-Set: Reise-Topf, Toiletten-Reduzierer, Haustopf mit weicher Nachf\u00fcllpackung und 10 Einweg\u2026","breadcrumb":{"@id":"https:\/\/marktxxl.de\/markt\/produkt\/potette-plus-multifunktions-toepfe-reisetopf-toilettenverkleinerer-und-toepfchen-mit-weichem-nachfuellpack-und-10-einweg-pads-hellgruen\/#breadcrumb"},"inLanguage":"de","potentialAction":[{"@type":"ReadAction","target":["https:\/\/marktxxl.de\/markt\/produkt\/potette-plus-multifunktions-toepfe-reisetopf-toilettenverkleinerer-und-toepfchen-mit-weichem-nachfuellpack-und-10-einweg-pads-hellgruen\/"]}]},{"@type":"ImageObject","inLanguage":"de","@id":"https:\/\/marktxxl.de\/markt\/produkt\/potette-plus-multifunktions-toepfe-reisetopf-toilettenverkleinerer-und-toepfchen-mit-weichem-nachfuellpack-und-10-einweg-pads-hellgruen\/#primaryimage","url":"https:\/\/m.media-amazon.com\/images\/I\/31Zeby1pnaL._SL500_.jpg","contentUrl":"https:\/\/m.media-amazon.com\/images\/I\/31Zeby1pnaL._SL500_.jpg","width":500,"height":500},{"@type":"BreadcrumbList","@id":"https:\/\/marktxxl.de\/markt\/produkt\/potette-plus-multifunktions-toepfe-reisetopf-toilettenverkleinerer-und-toepfchen-mit-weichem-nachfuellpack-und-10-einweg-pads-hellgruen\/#breadcrumb","itemListElement":[{"@type":"ListItem","position":1,"name":"Startseite","item":"https:\/\/marktxxl.de\/markt\/"},{"@type":"ListItem","position":2,"name":"Markt","item":"https:\/\/marktxxl.de\/markt\/"},{"@type":"ListItem","position":3,"name":"Multifunktions-Topf-Set: Reise-Topf, Toiletten-Reduzierer, Haustopf mit weicher Nachf\u00fcllpackung und 10 Einweg\u2026"}]},{"@type":"WebSite","@id":"https:\/\/marktxxl.de\/markt\/#website","url":"https:\/\/marktxxl.de\/markt\/","name":"Markt-XXL","description":"Ihr Markt Online","publisher":{"@id":"https:\/\/marktxxl.de\/markt\/#organization"},"potentialAction":[{"@type":"SearchAction","target":{"@type":"EntryPoint","urlTemplate":"https:\/\/marktxxl.de\/markt\/?s={search_term_string}"},"query-input":{"@type":"PropertyValueSpecification","valueRequired":true,"valueName":"search_term_string"}}],"inLanguage":"de"},{"@type":"Organization","@id":"https:\/\/marktxxl.de\/markt\/#organization","name":"Markt-XXL","url":"https:\/\/marktxxl.de\/markt\/","logo":{"@type":"ImageObject","inLanguage":"de","@id":"https:\/\/marktxxl.de\/markt\/#\/schema\/logo\/image\/","url":"https:\/\/marktxxl.de\/markt\/wp-content\/uploads\/sites\/3\/2020\/12\/logo.png","contentUrl":"https:\/\/marktxxl.de\/markt\/wp-content\/uploads\/sites\/3\/2020\/12\/logo.png","width":200,"height":70,"caption":"Markt-XXL"},"image":{"@id":"https:\/\/marktxxl.de\/markt\/#\/schema\/logo\/image\/"}}]}},"_links":{"self":[{"href":"https:\/\/marktxxl.de\/markt\/wp-json\/wp\/v2\/product\/31041","targetHints":{"allow":["GET"]}}],"collection":[{"href":"https:\/\/marktxxl.de\/markt\/wp-json\/wp\/v2\/product"}],"about":[{"href":"https:\/\/marktxxl.de\/markt\/wp-json\/wp\/v2\/types\/product"}],"replies":[{"embeddable":true,"href":"https:\/\/marktxxl.de\/markt\/wp-json\/wp\/v2\/comments?post=31041"}],"wp:featuredmedia":[{"embeddable":true,"href":"https:\/\/marktxxl.de\/markt\/wp-json\/wp\/v2\/media\/31042"}],"wp:attachment":[{"href":"https:\/\/marktxxl.de\/markt\/wp-json\/wp\/v2\/media?parent=31041"}],"wp:term":[{"taxonomy":"product_brand","embeddable":true,"href":"https:\/\/marktxxl.de\/markt\/wp-json\/wp\/v2\/product_brand?post=31041"},{"taxonomy":"product_cat","embeddable":true,"href":"https:\/\/marktxxl.de\/markt\/wp-json\/wp\/v2\/product_cat?post=31041"},{"taxonomy":"product_tag","embeddable":true,"href":"https:\/\/marktxxl.de\/markt\/wp-json\/wp\/v2\/product_tag?post=31041"}],"curies":[{"name":"wp","href":"https:\/\/api.w.org\/{rel}","templated":true}]}}