{"id":30994,"date":"2021-09-12T23:47:39","date_gmt":"2021-09-12T21:47:39","guid":{"rendered":"https:\/\/marktxxl.de\/markt\/produkt\/qhyk-toiletten-training-sitz-toiletten-sitz-fuer-kinder-passt-auf-runde-und-ovalen-toiletten-gepolsterte-sitzflaeche-mit-spritzschutz-sichere-rutschfeste-toilettentrainer-blau\/"},"modified":"2023-04-11T01:43:21","modified_gmt":"2023-04-10T23:43:21","slug":"qhyk-toiletten-training-sitz-toiletten-sitz-fuer-kinder-passt-auf-runde-und-ovalen-toiletten-gepolsterte-sitzflaeche-mit-spritzschutz-sichere-rutschfeste-toilettentrainer-blau","status":"publish","type":"product","link":"https:\/\/marktxxl.de\/markt\/produkt\/qhyk-toiletten-training-sitz-toiletten-sitz-fuer-kinder-passt-auf-runde-und-ovalen-toiletten-gepolsterte-sitzflaeche-mit-spritzschutz-sichere-rutschfeste-toilettentrainer-blau\/","title":{"rendered":"QHYK Toiletten-Training-Sitz, Toiletten Sitz f\u00fcr Kinder, passt auf runde und ovalen Toiletten, gepolsterte Sitzfl\u00e4che\u2026"},"content":{"rendered":"<p>\u2665<b>Hohe Qualit\u00e4tund Sicherheit<\/b>: die Verwendung von umweltfreundlichen PP Materialien, Gem\u00fctlich gepolsterte, nicht toxisch ohne BPA, QHYK die Verwendung von erschwinglichen, robuste und bequemeTrainings Sitze.<\/p>\n<p>\u2665<b>Innovatives Design<\/b>: Blaue toilettensitz trainingsger\u00e4t, attraktivere F\u00f6rderung der Kinderzu unabh\u00e4ngigen potenzial, und dass das Baby auf selbstbestimmung mehr interessiert.<\/p>\n<p>\u2665<b>die perfekte gr\u00f6\u00dfe<\/b>: sicherer Griff und bequeme R\u00fcckenlehne, starke Tragf\u00e4higkeit, sicherzustellen, dass das Baby stabil genug Sitz. Das Baby wird sich sicher f\u00fchlen, wenn Sie sich setzt.<\/p>\n<p>\u2665<b>f\u00fcr eine breite Palette geeignet<\/b>: verstellbare Wide-Loop deckt die Toiletten \u00d6ffnungen vollst\u00e4ndig, und passt die meisten Standard-und l\u00e4ngliche WC-Sitz Ringe.<\/p>\n<p>\u2665<b>Leicht zu Reinigen<\/b>: Abnehmbare hochwertige Polster erleichtert die Reinigung, gegen mikroorganismen Vorsprung vor spritzschutz kann sparen, ein Tropfen Wasser, Leicht zu begleichen.<\/p>\n<div class=\"main-cross-sell\" data-asin=\"B07F9T8VPH\">\n\n\t<div class=\"WooZone-cross-sell-loader\">\n\t\t<div>\n\t\t\t<div id=\"floatingBarsG\">\n\t\t\t\t<div class=\"blockG\" id=\"rotateG_01\"><\/div>\n\t\t\t\t<div class=\"blockG\" id=\"rotateG_02\"><\/div>\n\t\t\t\t<div class=\"blockG\" id=\"rotateG_03\"><\/div>\n\t\t\t\t<div class=\"blockG\" id=\"rotateG_04\"><\/div>\n\t\t\t\t<div class=\"blockG\" id=\"rotateG_05\"><\/div>\n\t\t\t\t<div class=\"blockG\" id=\"rotateG_06\"><\/div>\n\t\t\t\t<div class=\"blockG\" id=\"rotateG_07\"><\/div>\n\t\t\t\t<div class=\"blockG\" id=\"rotateG_08\"><\/div>\n\t\t\t<\/div>\n\t\t\t<div class=\"WooZone-cross-sell-loader-text\"><\/div>\n\t\t<\/div>\n\t<\/div>\n\n\t\t\n<\/div>\n<div style=\"clear:both;\"><\/div>\n","protected":false},"excerpt":{"rendered":"<p>\u2665Hohe Qualit\u00e4tund Sicherheit: die Verwendung von umweltfreundlichen PP Materialien, Gem\u00fctlich gepolsterte, nicht toxisch ohne BPA, QHYK die Verwendung von erschwinglichen, robuste und bequemeTrainings Sitze.<br \/>\n\u2665Innovatives Design: Blaue toilettensitz trainingsger\u00e4t, attraktivere F\u00f6rderung der Kinderzu unabh\u00e4ngigen potenzial, und dass das Baby auf selbstbestimmung mehr interessiert.<br \/>\n\u2665die perfekte gr\u00f6\u00dfe: sicherer Griff und bequeme R\u00fcckenlehne, starke Tragf\u00e4higkeit, sicherzustellen, dass das Baby stabil genug Sitz. Das Baby wird sich sicher f\u00fchlen, wenn Sie sich setzt.<\/p>\n","protected":false},"featured_media":30995,"comment_status":"open","ping_status":"closed","template":"","meta":[],"product_brand":[],"product_cat":[21,9437],"product_tag":[],"class_list":{"0":"post-30994","1":"product","2":"type-product","3":"status-publish","4":"has-post-thumbnail","6":"product_cat-baby","7":"product_cat-toepfchen-trittschemel-baby","8":"pa_brand-qhyk","9":"pa_color-blau","10":"pa_height-5-905511805-zoll","11":"pa_length-13-779527545-zoll","12":"pa_manufacturer-qhyk-bbzl180702","13":"pa_size-1-stueck-1er-pack","14":"pa_weight-1-1574268755-pfund","15":"pa_width-12-992125971-zoll","17":"first","18":"instock","19":"shipping-taxable","20":"purchasable","21":"product-type-simple","22":"customify-col","23":"product-has-gallery"},"yoast_head":"<!-- This site is optimized with the Yoast SEO plugin v27.3 - https:\/\/yoast.com\/product\/yoast-seo-wordpress\/ -->\n<title>QHYK Toiletten-Training-Sitz, Toiletten Sitz f\u00fcr Kinder, passt auf runde und ovalen Toiletten, gepolsterte Sitzfl\u00e4che\u2026 - Markt-XXL<\/title>\n<meta name=\"description\" content=\"Markt-XXL QHYK Toiletten-Training-Sitz, Toiletten Sitz f\u00fcr Kinder, passt auf runde und ovalen Toiletten, gepolsterte Sitzfl\u00e4che\u2026\" \/>\n<meta name=\"robots\" content=\"index, follow, max-snippet:-1, max-image-preview:large, max-video-preview:-1\" \/>\n<link rel=\"canonical\" href=\"https:\/\/marktxxl.de\/markt\/produkt\/qhyk-toiletten-training-sitz-toiletten-sitz-fuer-kinder-passt-auf-runde-und-ovalen-toiletten-gepolsterte-sitzflaeche-mit-spritzschutz-sichere-rutschfeste-toilettentrainer-blau\/\" \/>\n<meta property=\"og:locale\" content=\"de_DE\" \/>\n<meta property=\"og:type\" content=\"article\" \/>\n<meta property=\"og:title\" content=\"QHYK Toiletten-Training-Sitz, Toiletten Sitz f\u00fcr Kinder, passt auf runde und ovalen Toiletten, gepolsterte Sitzfl\u00e4che\u2026 - Markt-XXL\" \/>\n<meta property=\"og:description\" content=\"Markt-XXL QHYK Toiletten-Training-Sitz, Toiletten Sitz f\u00fcr Kinder, passt auf runde und ovalen Toiletten, gepolsterte Sitzfl\u00e4che\u2026\" \/>\n<meta property=\"og:url\" content=\"https:\/\/marktxxl.de\/markt\/produkt\/qhyk-toiletten-training-sitz-toiletten-sitz-fuer-kinder-passt-auf-runde-und-ovalen-toiletten-gepolsterte-sitzflaeche-mit-spritzschutz-sichere-rutschfeste-toilettentrainer-blau\/\" \/>\n<meta property=\"og:site_name\" content=\"Markt-XXL\" \/>\n<meta property=\"article:modified_time\" content=\"2023-04-10T23:43:21+00:00\" \/>\n<meta property=\"og:image\" content=\"https:\/\/m.media-amazon.com\/images\/I\/41w6HBJgrJL._SL500_.jpg\" \/>\n\t<meta property=\"og:image:width\" content=\"500\" \/>\n\t<meta property=\"og:image:height\" content=\"500\" \/>\n\t<meta property=\"og:image:type\" content=\"image\/jpeg\" \/>\n<meta name=\"twitter:card\" content=\"summary_large_image\" \/>\n<meta name=\"twitter:label1\" content=\"Gesch\u00e4tzte Lesezeit\" \/>\n\t<meta name=\"twitter:data1\" content=\"1\u00a0Minute\" \/>\n<script type=\"application\/ld+json\" class=\"yoast-schema-graph\">{\"@context\":\"https:\\\/\\\/schema.org\",\"@graph\":[{\"@type\":\"WebPage\",\"@id\":\"https:\\\/\\\/marktxxl.de\\\/markt\\\/produkt\\\/qhyk-toiletten-training-sitz-toiletten-sitz-fuer-kinder-passt-auf-runde-und-ovalen-toiletten-gepolsterte-sitzflaeche-mit-spritzschutz-sichere-rutschfeste-toilettentrainer-blau\\\/\",\"url\":\"https:\\\/\\\/marktxxl.de\\\/markt\\\/produkt\\\/qhyk-toiletten-training-sitz-toiletten-sitz-fuer-kinder-passt-auf-runde-und-ovalen-toiletten-gepolsterte-sitzflaeche-mit-spritzschutz-sichere-rutschfeste-toilettentrainer-blau\\\/\",\"name\":\"QHYK Toiletten-Training-Sitz, Toiletten Sitz f\u00fcr Kinder, passt auf runde und ovalen Toiletten, gepolsterte Sitzfl\u00e4che\u2026 - Markt-XXL\",\"isPartOf\":{\"@id\":\"https:\\\/\\\/marktxxl.de\\\/markt\\\/#website\"},\"primaryImageOfPage\":{\"@id\":\"https:\\\/\\\/marktxxl.de\\\/markt\\\/produkt\\\/qhyk-toiletten-training-sitz-toiletten-sitz-fuer-kinder-passt-auf-runde-und-ovalen-toiletten-gepolsterte-sitzflaeche-mit-spritzschutz-sichere-rutschfeste-toilettentrainer-blau\\\/#primaryimage\"},\"image\":{\"@id\":\"https:\\\/\\\/marktxxl.de\\\/markt\\\/produkt\\\/qhyk-toiletten-training-sitz-toiletten-sitz-fuer-kinder-passt-auf-runde-und-ovalen-toiletten-gepolsterte-sitzflaeche-mit-spritzschutz-sichere-rutschfeste-toilettentrainer-blau\\\/#primaryimage\"},\"thumbnailUrl\":\"https:\\\/\\\/m.media-amazon.com\\\/images\\\/I\\\/41w6HBJgrJL._SL500_.jpg\",\"datePublished\":\"2021-09-12T21:47:39+00:00\",\"dateModified\":\"2023-04-10T23:43:21+00:00\",\"description\":\"Markt-XXL QHYK Toiletten-Training-Sitz, Toiletten Sitz f\u00fcr Kinder, passt auf runde und ovalen Toiletten, gepolsterte Sitzfl\u00e4che\u2026\",\"breadcrumb\":{\"@id\":\"https:\\\/\\\/marktxxl.de\\\/markt\\\/produkt\\\/qhyk-toiletten-training-sitz-toiletten-sitz-fuer-kinder-passt-auf-runde-und-ovalen-toiletten-gepolsterte-sitzflaeche-mit-spritzschutz-sichere-rutschfeste-toilettentrainer-blau\\\/#breadcrumb\"},\"inLanguage\":\"de\",\"potentialAction\":[{\"@type\":\"ReadAction\",\"target\":[\"https:\\\/\\\/marktxxl.de\\\/markt\\\/produkt\\\/qhyk-toiletten-training-sitz-toiletten-sitz-fuer-kinder-passt-auf-runde-und-ovalen-toiletten-gepolsterte-sitzflaeche-mit-spritzschutz-sichere-rutschfeste-toilettentrainer-blau\\\/\"]}]},{\"@type\":\"ImageObject\",\"inLanguage\":\"de\",\"@id\":\"https:\\\/\\\/marktxxl.de\\\/markt\\\/produkt\\\/qhyk-toiletten-training-sitz-toiletten-sitz-fuer-kinder-passt-auf-runde-und-ovalen-toiletten-gepolsterte-sitzflaeche-mit-spritzschutz-sichere-rutschfeste-toilettentrainer-blau\\\/#primaryimage\",\"url\":\"https:\\\/\\\/m.media-amazon.com\\\/images\\\/I\\\/41w6HBJgrJL._SL500_.jpg\",\"contentUrl\":\"https:\\\/\\\/m.media-amazon.com\\\/images\\\/I\\\/41w6HBJgrJL._SL500_.jpg\",\"width\":500,\"height\":500},{\"@type\":\"BreadcrumbList\",\"@id\":\"https:\\\/\\\/marktxxl.de\\\/markt\\\/produkt\\\/qhyk-toiletten-training-sitz-toiletten-sitz-fuer-kinder-passt-auf-runde-und-ovalen-toiletten-gepolsterte-sitzflaeche-mit-spritzschutz-sichere-rutschfeste-toilettentrainer-blau\\\/#breadcrumb\",\"itemListElement\":[{\"@type\":\"ListItem\",\"position\":1,\"name\":\"Startseite\",\"item\":\"https:\\\/\\\/marktxxl.de\\\/markt\\\/\"},{\"@type\":\"ListItem\",\"position\":2,\"name\":\"Markt\",\"item\":\"https:\\\/\\\/marktxxl.de\\\/markt\\\/\"},{\"@type\":\"ListItem\",\"position\":3,\"name\":\"QHYK Toiletten-Training-Sitz, Toiletten Sitz f\u00fcr Kinder, passt auf runde und ovalen Toiletten, gepolsterte Sitzfl\u00e4che\u2026\"}]},{\"@type\":\"WebSite\",\"@id\":\"https:\\\/\\\/marktxxl.de\\\/markt\\\/#website\",\"url\":\"https:\\\/\\\/marktxxl.de\\\/markt\\\/\",\"name\":\"Markt-XXL\",\"description\":\"Ihr Markt Online\",\"publisher\":{\"@id\":\"https:\\\/\\\/marktxxl.de\\\/markt\\\/#organization\"},\"potentialAction\":[{\"@type\":\"SearchAction\",\"target\":{\"@type\":\"EntryPoint\",\"urlTemplate\":\"https:\\\/\\\/marktxxl.de\\\/markt\\\/?s={search_term_string}\"},\"query-input\":{\"@type\":\"PropertyValueSpecification\",\"valueRequired\":true,\"valueName\":\"search_term_string\"}}],\"inLanguage\":\"de\"},{\"@type\":\"Organization\",\"@id\":\"https:\\\/\\\/marktxxl.de\\\/markt\\\/#organization\",\"name\":\"Markt-XXL\",\"url\":\"https:\\\/\\\/marktxxl.de\\\/markt\\\/\",\"logo\":{\"@type\":\"ImageObject\",\"inLanguage\":\"de\",\"@id\":\"https:\\\/\\\/marktxxl.de\\\/markt\\\/#\\\/schema\\\/logo\\\/image\\\/\",\"url\":\"https:\\\/\\\/marktxxl.de\\\/markt\\\/wp-content\\\/uploads\\\/sites\\\/3\\\/2020\\\/12\\\/logo.png\",\"contentUrl\":\"https:\\\/\\\/marktxxl.de\\\/markt\\\/wp-content\\\/uploads\\\/sites\\\/3\\\/2020\\\/12\\\/logo.png\",\"width\":200,\"height\":70,\"caption\":\"Markt-XXL\"},\"image\":{\"@id\":\"https:\\\/\\\/marktxxl.de\\\/markt\\\/#\\\/schema\\\/logo\\\/image\\\/\"}}]}<\/script>\n<!-- \/ Yoast SEO plugin. -->","yoast_head_json":{"title":"QHYK Toiletten-Training-Sitz, Toiletten Sitz f\u00fcr Kinder, passt auf runde und ovalen Toiletten, gepolsterte Sitzfl\u00e4che\u2026 - Markt-XXL","description":"Markt-XXL QHYK Toiletten-Training-Sitz, Toiletten Sitz f\u00fcr Kinder, passt auf runde und ovalen Toiletten, gepolsterte Sitzfl\u00e4che\u2026","robots":{"index":"index","follow":"follow","max-snippet":"max-snippet:-1","max-image-preview":"max-image-preview:large","max-video-preview":"max-video-preview:-1"},"canonical":"https:\/\/marktxxl.de\/markt\/produkt\/qhyk-toiletten-training-sitz-toiletten-sitz-fuer-kinder-passt-auf-runde-und-ovalen-toiletten-gepolsterte-sitzflaeche-mit-spritzschutz-sichere-rutschfeste-toilettentrainer-blau\/","og_locale":"de_DE","og_type":"article","og_title":"QHYK Toiletten-Training-Sitz, Toiletten Sitz f\u00fcr Kinder, passt auf runde und ovalen Toiletten, gepolsterte Sitzfl\u00e4che\u2026 - Markt-XXL","og_description":"Markt-XXL QHYK Toiletten-Training-Sitz, Toiletten Sitz f\u00fcr Kinder, passt auf runde und ovalen Toiletten, gepolsterte Sitzfl\u00e4che\u2026","og_url":"https:\/\/marktxxl.de\/markt\/produkt\/qhyk-toiletten-training-sitz-toiletten-sitz-fuer-kinder-passt-auf-runde-und-ovalen-toiletten-gepolsterte-sitzflaeche-mit-spritzschutz-sichere-rutschfeste-toilettentrainer-blau\/","og_site_name":"Markt-XXL","article_modified_time":"2023-04-10T23:43:21+00:00","og_image":[{"width":500,"height":500,"url":"https:\/\/m.media-amazon.com\/images\/I\/41w6HBJgrJL._SL500_.jpg","type":"image\/jpeg"}],"twitter_card":"summary_large_image","twitter_misc":{"Gesch\u00e4tzte Lesezeit":"1\u00a0Minute"},"schema":{"@context":"https:\/\/schema.org","@graph":[{"@type":"WebPage","@id":"https:\/\/marktxxl.de\/markt\/produkt\/qhyk-toiletten-training-sitz-toiletten-sitz-fuer-kinder-passt-auf-runde-und-ovalen-toiletten-gepolsterte-sitzflaeche-mit-spritzschutz-sichere-rutschfeste-toilettentrainer-blau\/","url":"https:\/\/marktxxl.de\/markt\/produkt\/qhyk-toiletten-training-sitz-toiletten-sitz-fuer-kinder-passt-auf-runde-und-ovalen-toiletten-gepolsterte-sitzflaeche-mit-spritzschutz-sichere-rutschfeste-toilettentrainer-blau\/","name":"QHYK Toiletten-Training-Sitz, Toiletten Sitz f\u00fcr Kinder, passt auf runde und ovalen Toiletten, gepolsterte Sitzfl\u00e4che\u2026 - Markt-XXL","isPartOf":{"@id":"https:\/\/marktxxl.de\/markt\/#website"},"primaryImageOfPage":{"@id":"https:\/\/marktxxl.de\/markt\/produkt\/qhyk-toiletten-training-sitz-toiletten-sitz-fuer-kinder-passt-auf-runde-und-ovalen-toiletten-gepolsterte-sitzflaeche-mit-spritzschutz-sichere-rutschfeste-toilettentrainer-blau\/#primaryimage"},"image":{"@id":"https:\/\/marktxxl.de\/markt\/produkt\/qhyk-toiletten-training-sitz-toiletten-sitz-fuer-kinder-passt-auf-runde-und-ovalen-toiletten-gepolsterte-sitzflaeche-mit-spritzschutz-sichere-rutschfeste-toilettentrainer-blau\/#primaryimage"},"thumbnailUrl":"https:\/\/m.media-amazon.com\/images\/I\/41w6HBJgrJL._SL500_.jpg","datePublished":"2021-09-12T21:47:39+00:00","dateModified":"2023-04-10T23:43:21+00:00","description":"Markt-XXL QHYK Toiletten-Training-Sitz, Toiletten Sitz f\u00fcr Kinder, passt auf runde und ovalen Toiletten, gepolsterte Sitzfl\u00e4che\u2026","breadcrumb":{"@id":"https:\/\/marktxxl.de\/markt\/produkt\/qhyk-toiletten-training-sitz-toiletten-sitz-fuer-kinder-passt-auf-runde-und-ovalen-toiletten-gepolsterte-sitzflaeche-mit-spritzschutz-sichere-rutschfeste-toilettentrainer-blau\/#breadcrumb"},"inLanguage":"de","potentialAction":[{"@type":"ReadAction","target":["https:\/\/marktxxl.de\/markt\/produkt\/qhyk-toiletten-training-sitz-toiletten-sitz-fuer-kinder-passt-auf-runde-und-ovalen-toiletten-gepolsterte-sitzflaeche-mit-spritzschutz-sichere-rutschfeste-toilettentrainer-blau\/"]}]},{"@type":"ImageObject","inLanguage":"de","@id":"https:\/\/marktxxl.de\/markt\/produkt\/qhyk-toiletten-training-sitz-toiletten-sitz-fuer-kinder-passt-auf-runde-und-ovalen-toiletten-gepolsterte-sitzflaeche-mit-spritzschutz-sichere-rutschfeste-toilettentrainer-blau\/#primaryimage","url":"https:\/\/m.media-amazon.com\/images\/I\/41w6HBJgrJL._SL500_.jpg","contentUrl":"https:\/\/m.media-amazon.com\/images\/I\/41w6HBJgrJL._SL500_.jpg","width":500,"height":500},{"@type":"BreadcrumbList","@id":"https:\/\/marktxxl.de\/markt\/produkt\/qhyk-toiletten-training-sitz-toiletten-sitz-fuer-kinder-passt-auf-runde-und-ovalen-toiletten-gepolsterte-sitzflaeche-mit-spritzschutz-sichere-rutschfeste-toilettentrainer-blau\/#breadcrumb","itemListElement":[{"@type":"ListItem","position":1,"name":"Startseite","item":"https:\/\/marktxxl.de\/markt\/"},{"@type":"ListItem","position":2,"name":"Markt","item":"https:\/\/marktxxl.de\/markt\/"},{"@type":"ListItem","position":3,"name":"QHYK Toiletten-Training-Sitz, Toiletten Sitz f\u00fcr Kinder, passt auf runde und ovalen Toiletten, gepolsterte Sitzfl\u00e4che\u2026"}]},{"@type":"WebSite","@id":"https:\/\/marktxxl.de\/markt\/#website","url":"https:\/\/marktxxl.de\/markt\/","name":"Markt-XXL","description":"Ihr Markt Online","publisher":{"@id":"https:\/\/marktxxl.de\/markt\/#organization"},"potentialAction":[{"@type":"SearchAction","target":{"@type":"EntryPoint","urlTemplate":"https:\/\/marktxxl.de\/markt\/?s={search_term_string}"},"query-input":{"@type":"PropertyValueSpecification","valueRequired":true,"valueName":"search_term_string"}}],"inLanguage":"de"},{"@type":"Organization","@id":"https:\/\/marktxxl.de\/markt\/#organization","name":"Markt-XXL","url":"https:\/\/marktxxl.de\/markt\/","logo":{"@type":"ImageObject","inLanguage":"de","@id":"https:\/\/marktxxl.de\/markt\/#\/schema\/logo\/image\/","url":"https:\/\/marktxxl.de\/markt\/wp-content\/uploads\/sites\/3\/2020\/12\/logo.png","contentUrl":"https:\/\/marktxxl.de\/markt\/wp-content\/uploads\/sites\/3\/2020\/12\/logo.png","width":200,"height":70,"caption":"Markt-XXL"},"image":{"@id":"https:\/\/marktxxl.de\/markt\/#\/schema\/logo\/image\/"}}]}},"_links":{"self":[{"href":"https:\/\/marktxxl.de\/markt\/wp-json\/wp\/v2\/product\/30994","targetHints":{"allow":["GET"]}}],"collection":[{"href":"https:\/\/marktxxl.de\/markt\/wp-json\/wp\/v2\/product"}],"about":[{"href":"https:\/\/marktxxl.de\/markt\/wp-json\/wp\/v2\/types\/product"}],"replies":[{"embeddable":true,"href":"https:\/\/marktxxl.de\/markt\/wp-json\/wp\/v2\/comments?post=30994"}],"wp:featuredmedia":[{"embeddable":true,"href":"https:\/\/marktxxl.de\/markt\/wp-json\/wp\/v2\/media\/30995"}],"wp:attachment":[{"href":"https:\/\/marktxxl.de\/markt\/wp-json\/wp\/v2\/media?parent=30994"}],"wp:term":[{"taxonomy":"product_brand","embeddable":true,"href":"https:\/\/marktxxl.de\/markt\/wp-json\/wp\/v2\/product_brand?post=30994"},{"taxonomy":"product_cat","embeddable":true,"href":"https:\/\/marktxxl.de\/markt\/wp-json\/wp\/v2\/product_cat?post=30994"},{"taxonomy":"product_tag","embeddable":true,"href":"https:\/\/marktxxl.de\/markt\/wp-json\/wp\/v2\/product_tag?post=30994"}],"curies":[{"name":"wp","href":"https:\/\/api.w.org\/{rel}","templated":true}]}}