{"id":30987,"date":"2021-09-12T23:47:39","date_gmt":"2021-09-12T21:47:39","guid":{"rendered":"https:\/\/marktxxl.de\/markt\/produkt\/luvdbaby-whale-potty-blue\/"},"modified":"2023-04-11T01:43:20","modified_gmt":"2023-04-10T23:43:20","slug":"luvdbaby-whale-potty-blue","status":"publish","type":"product","link":"https:\/\/marktxxl.de\/markt\/produkt\/luvdbaby-whale-potty-blue\/","title":{"rendered":"LuvdBaby Whale Potty &#8211; Blue"},"content":{"rendered":"<p>BEQUEMER T\u00d6PFCHEN-SITZ: Die Luvdbaby Walfisch-T\u00f6pfchen wurden liebevoll entworfen f\u00fcr den Komfort Ihres Kindes. Die Walfischflosse funktioniert als R\u00fcckenlehne um den R\u00fccken Ihres Kindes zu st\u00fctzen und das ergonomische Design dient der gesteigerten Bequemlichkeit.<br \/>\nSTABILES DESIGN F\u00dcR DIE SAUBERKEITSERZIEHUNG: Wir wissen wie wertvoll Ihr Kleines ist, daher haben wir uns alle M\u00fche gegeben sicher zu stellen, dass das T\u00f6pfchen genau da stehen bleibt wo Sie es hinstellen. Der T\u00f6pfchen-Sitz hat anti-rutsch Gummi-Pads und die Walfischflossen sorgen f\u00fcr extra Stabilit\u00e4t.<br \/>\nTOILETTEN-TRAINING-SITZ MIT PINKEL-SCHUTZ: Der Luvdbaby T\u00f6pfchen- Sitz hat einen einen erh\u00f6hten Spritz-Schutz um zuf\u00e4lliges Versch\u00fctten zu minimieren, wenn Ihre Kinder lernen aufs Klo zu gehen.<br \/>\nEINFACHE REINIGUNG: Dieser T\u00f6pfchen Sitz wurde auch mit dem Gedanken an die Eltern hergestellt. Das innere T\u00f6pfchen kann ganz einfach heraus genommen und zum einfachen Entleeren zur Toilette gebracht werden. Au\u00dferdem gibt es einen Deckel um alles an seinem Platz zu behalten bis Sie es dahin schaffen.<br \/>\nTOLLES DESIGN: Unsere Walfisch-T\u00f6pfchen werden in modischen Farben und auffallendem Design gemacht. Ihr Kind wird sich darauf freuen es zu benutzen und Ihnen muss es nicht peinlich sein es im Haus zu haben, wenn Ihre Freunde mal auf einen Kaffee vorbeischauen.<br \/>\n<div class=\"main-cross-sell\" data-asin=\"B06XCZ6WN9\">\n\n\t<div class=\"WooZone-cross-sell-loader\">\n\t\t<div>\n\t\t\t<div id=\"floatingBarsG\">\n\t\t\t\t<div class=\"blockG\" id=\"rotateG_01\"><\/div>\n\t\t\t\t<div class=\"blockG\" id=\"rotateG_02\"><\/div>\n\t\t\t\t<div class=\"blockG\" id=\"rotateG_03\"><\/div>\n\t\t\t\t<div class=\"blockG\" id=\"rotateG_04\"><\/div>\n\t\t\t\t<div class=\"blockG\" id=\"rotateG_05\"><\/div>\n\t\t\t\t<div class=\"blockG\" id=\"rotateG_06\"><\/div>\n\t\t\t\t<div class=\"blockG\" id=\"rotateG_07\"><\/div>\n\t\t\t\t<div class=\"blockG\" id=\"rotateG_08\"><\/div>\n\t\t\t<\/div>\n\t\t\t<div class=\"WooZone-cross-sell-loader-text\"><\/div>\n\t\t<\/div>\n\t<\/div>\n\n\t\t\n<\/div>\n<div style=\"clear:both;\"><\/div><\/p>\n","protected":false},"excerpt":{"rendered":"<p>BEQUEMER T\u00d6PFCHEN-SITZ: Die Luvdbaby Walfisch-T\u00f6pfchen wurden liebevoll entworfen f\u00fcr den Komfort Ihres Kindes. Die Walfischflosse funktioniert als R\u00fcckenlehne um den R\u00fccken Ihres Kindes zu st\u00fctzen und das ergonomische Design dient der gesteigerten Bequemlichkeit.<br \/>\nSTABILES DESIGN F\u00dcR DIE SAUBERKEITSERZIEHUNG: Wir wissen wie wertvoll Ihr Kleines ist, daher haben wir uns alle M\u00fche gegeben sicher zu stellen, dass das T\u00f6pfchen genau da stehen bleibt wo Sie es hinstellen. Der T\u00f6pfchen-Sitz hat anti-rutsch Gummi-Pads und die Walfischflossen sorgen f\u00fcr extra Stabilit\u00e4t.<br \/>\nTOILETTEN-TRAINING-SITZ MIT PINKEL-SCHUTZ: Der Luvdbaby T\u00f6pfchen- Sitz hat einen einen erh\u00f6hten Spritz-Schutz um zuf\u00e4lliges Versch\u00fctten zu minimieren, wenn Ihre Kinder lernen aufs Klo zu gehen.<\/p>\n","protected":false},"featured_media":30988,"comment_status":"open","ping_status":"closed","template":"","meta":[],"product_brand":[],"product_cat":[21,9437],"product_tag":[],"class_list":{"0":"post-30987","1":"product","2":"type-product","3":"status-publish","4":"has-post-thumbnail","6":"product_cat-baby","7":"product_cat-toepfchen-trittschemel-baby","8":"pa_binding-babyartikel","9":"pa_brand-luvdbaby","10":"pa_color-blau","11":"pa_manufacturer-luvdbaby","13":"first","14":"instock","15":"shipping-taxable","16":"purchasable","17":"product-type-simple","18":"customify-col","19":"product-has-gallery"},"yoast_head":"<!-- This site is optimized with the Yoast SEO plugin v27.3 - https:\/\/yoast.com\/product\/yoast-seo-wordpress\/ -->\n<title>LuvdBaby Whale Potty - Blue - Markt-XXL<\/title>\n<meta name=\"description\" content=\"Markt-XXL LuvdBaby Whale Potty - Blue\" \/>\n<meta name=\"robots\" content=\"index, follow, max-snippet:-1, max-image-preview:large, max-video-preview:-1\" \/>\n<link rel=\"canonical\" href=\"https:\/\/marktxxl.de\/markt\/produkt\/luvdbaby-whale-potty-blue\/\" \/>\n<meta property=\"og:locale\" content=\"de_DE\" \/>\n<meta property=\"og:type\" content=\"article\" \/>\n<meta property=\"og:title\" content=\"LuvdBaby Whale Potty - Blue - Markt-XXL\" \/>\n<meta property=\"og:description\" content=\"Markt-XXL LuvdBaby Whale Potty - Blue\" \/>\n<meta property=\"og:url\" content=\"https:\/\/marktxxl.de\/markt\/produkt\/luvdbaby-whale-potty-blue\/\" \/>\n<meta property=\"og:site_name\" content=\"Markt-XXL\" \/>\n<meta property=\"article:modified_time\" content=\"2023-04-10T23:43:20+00:00\" \/>\n<meta property=\"og:image\" content=\"https:\/\/m.media-amazon.com\/images\/I\/31mRXINsSQL._SL500_.jpg\" \/>\n\t<meta property=\"og:image:width\" content=\"500\" \/>\n\t<meta property=\"og:image:height\" content=\"500\" \/>\n\t<meta property=\"og:image:type\" content=\"image\/jpeg\" \/>\n<meta name=\"twitter:card\" content=\"summary_large_image\" \/>\n<meta name=\"twitter:label1\" content=\"Gesch\u00e4tzte Lesezeit\" \/>\n\t<meta name=\"twitter:data1\" content=\"1\u00a0Minute\" \/>\n<script type=\"application\/ld+json\" class=\"yoast-schema-graph\">{\"@context\":\"https:\\\/\\\/schema.org\",\"@graph\":[{\"@type\":\"WebPage\",\"@id\":\"https:\\\/\\\/marktxxl.de\\\/markt\\\/produkt\\\/luvdbaby-whale-potty-blue\\\/\",\"url\":\"https:\\\/\\\/marktxxl.de\\\/markt\\\/produkt\\\/luvdbaby-whale-potty-blue\\\/\",\"name\":\"LuvdBaby Whale Potty - Blue - Markt-XXL\",\"isPartOf\":{\"@id\":\"https:\\\/\\\/marktxxl.de\\\/markt\\\/#website\"},\"primaryImageOfPage\":{\"@id\":\"https:\\\/\\\/marktxxl.de\\\/markt\\\/produkt\\\/luvdbaby-whale-potty-blue\\\/#primaryimage\"},\"image\":{\"@id\":\"https:\\\/\\\/marktxxl.de\\\/markt\\\/produkt\\\/luvdbaby-whale-potty-blue\\\/#primaryimage\"},\"thumbnailUrl\":\"https:\\\/\\\/m.media-amazon.com\\\/images\\\/I\\\/31mRXINsSQL._SL500_.jpg\",\"datePublished\":\"2021-09-12T21:47:39+00:00\",\"dateModified\":\"2023-04-10T23:43:20+00:00\",\"description\":\"Markt-XXL LuvdBaby Whale Potty - Blue\",\"breadcrumb\":{\"@id\":\"https:\\\/\\\/marktxxl.de\\\/markt\\\/produkt\\\/luvdbaby-whale-potty-blue\\\/#breadcrumb\"},\"inLanguage\":\"de\",\"potentialAction\":[{\"@type\":\"ReadAction\",\"target\":[\"https:\\\/\\\/marktxxl.de\\\/markt\\\/produkt\\\/luvdbaby-whale-potty-blue\\\/\"]}]},{\"@type\":\"ImageObject\",\"inLanguage\":\"de\",\"@id\":\"https:\\\/\\\/marktxxl.de\\\/markt\\\/produkt\\\/luvdbaby-whale-potty-blue\\\/#primaryimage\",\"url\":\"https:\\\/\\\/m.media-amazon.com\\\/images\\\/I\\\/31mRXINsSQL._SL500_.jpg\",\"contentUrl\":\"https:\\\/\\\/m.media-amazon.com\\\/images\\\/I\\\/31mRXINsSQL._SL500_.jpg\",\"width\":500,\"height\":500},{\"@type\":\"BreadcrumbList\",\"@id\":\"https:\\\/\\\/marktxxl.de\\\/markt\\\/produkt\\\/luvdbaby-whale-potty-blue\\\/#breadcrumb\",\"itemListElement\":[{\"@type\":\"ListItem\",\"position\":1,\"name\":\"Startseite\",\"item\":\"https:\\\/\\\/marktxxl.de\\\/markt\\\/\"},{\"@type\":\"ListItem\",\"position\":2,\"name\":\"Markt\",\"item\":\"https:\\\/\\\/marktxxl.de\\\/markt\\\/\"},{\"@type\":\"ListItem\",\"position\":3,\"name\":\"LuvdBaby Whale Potty &#8211; Blue\"}]},{\"@type\":\"WebSite\",\"@id\":\"https:\\\/\\\/marktxxl.de\\\/markt\\\/#website\",\"url\":\"https:\\\/\\\/marktxxl.de\\\/markt\\\/\",\"name\":\"Markt-XXL\",\"description\":\"Ihr Markt Online\",\"publisher\":{\"@id\":\"https:\\\/\\\/marktxxl.de\\\/markt\\\/#organization\"},\"potentialAction\":[{\"@type\":\"SearchAction\",\"target\":{\"@type\":\"EntryPoint\",\"urlTemplate\":\"https:\\\/\\\/marktxxl.de\\\/markt\\\/?s={search_term_string}\"},\"query-input\":{\"@type\":\"PropertyValueSpecification\",\"valueRequired\":true,\"valueName\":\"search_term_string\"}}],\"inLanguage\":\"de\"},{\"@type\":\"Organization\",\"@id\":\"https:\\\/\\\/marktxxl.de\\\/markt\\\/#organization\",\"name\":\"Markt-XXL\",\"url\":\"https:\\\/\\\/marktxxl.de\\\/markt\\\/\",\"logo\":{\"@type\":\"ImageObject\",\"inLanguage\":\"de\",\"@id\":\"https:\\\/\\\/marktxxl.de\\\/markt\\\/#\\\/schema\\\/logo\\\/image\\\/\",\"url\":\"https:\\\/\\\/marktxxl.de\\\/markt\\\/wp-content\\\/uploads\\\/sites\\\/3\\\/2020\\\/12\\\/logo.png\",\"contentUrl\":\"https:\\\/\\\/marktxxl.de\\\/markt\\\/wp-content\\\/uploads\\\/sites\\\/3\\\/2020\\\/12\\\/logo.png\",\"width\":200,\"height\":70,\"caption\":\"Markt-XXL\"},\"image\":{\"@id\":\"https:\\\/\\\/marktxxl.de\\\/markt\\\/#\\\/schema\\\/logo\\\/image\\\/\"}}]}<\/script>\n<!-- \/ Yoast SEO plugin. -->","yoast_head_json":{"title":"LuvdBaby Whale Potty - Blue - Markt-XXL","description":"Markt-XXL LuvdBaby Whale Potty - Blue","robots":{"index":"index","follow":"follow","max-snippet":"max-snippet:-1","max-image-preview":"max-image-preview:large","max-video-preview":"max-video-preview:-1"},"canonical":"https:\/\/marktxxl.de\/markt\/produkt\/luvdbaby-whale-potty-blue\/","og_locale":"de_DE","og_type":"article","og_title":"LuvdBaby Whale Potty - Blue - Markt-XXL","og_description":"Markt-XXL LuvdBaby Whale Potty - Blue","og_url":"https:\/\/marktxxl.de\/markt\/produkt\/luvdbaby-whale-potty-blue\/","og_site_name":"Markt-XXL","article_modified_time":"2023-04-10T23:43:20+00:00","og_image":[{"width":500,"height":500,"url":"https:\/\/m.media-amazon.com\/images\/I\/31mRXINsSQL._SL500_.jpg","type":"image\/jpeg"}],"twitter_card":"summary_large_image","twitter_misc":{"Gesch\u00e4tzte Lesezeit":"1\u00a0Minute"},"schema":{"@context":"https:\/\/schema.org","@graph":[{"@type":"WebPage","@id":"https:\/\/marktxxl.de\/markt\/produkt\/luvdbaby-whale-potty-blue\/","url":"https:\/\/marktxxl.de\/markt\/produkt\/luvdbaby-whale-potty-blue\/","name":"LuvdBaby Whale Potty - Blue - Markt-XXL","isPartOf":{"@id":"https:\/\/marktxxl.de\/markt\/#website"},"primaryImageOfPage":{"@id":"https:\/\/marktxxl.de\/markt\/produkt\/luvdbaby-whale-potty-blue\/#primaryimage"},"image":{"@id":"https:\/\/marktxxl.de\/markt\/produkt\/luvdbaby-whale-potty-blue\/#primaryimage"},"thumbnailUrl":"https:\/\/m.media-amazon.com\/images\/I\/31mRXINsSQL._SL500_.jpg","datePublished":"2021-09-12T21:47:39+00:00","dateModified":"2023-04-10T23:43:20+00:00","description":"Markt-XXL LuvdBaby Whale Potty - Blue","breadcrumb":{"@id":"https:\/\/marktxxl.de\/markt\/produkt\/luvdbaby-whale-potty-blue\/#breadcrumb"},"inLanguage":"de","potentialAction":[{"@type":"ReadAction","target":["https:\/\/marktxxl.de\/markt\/produkt\/luvdbaby-whale-potty-blue\/"]}]},{"@type":"ImageObject","inLanguage":"de","@id":"https:\/\/marktxxl.de\/markt\/produkt\/luvdbaby-whale-potty-blue\/#primaryimage","url":"https:\/\/m.media-amazon.com\/images\/I\/31mRXINsSQL._SL500_.jpg","contentUrl":"https:\/\/m.media-amazon.com\/images\/I\/31mRXINsSQL._SL500_.jpg","width":500,"height":500},{"@type":"BreadcrumbList","@id":"https:\/\/marktxxl.de\/markt\/produkt\/luvdbaby-whale-potty-blue\/#breadcrumb","itemListElement":[{"@type":"ListItem","position":1,"name":"Startseite","item":"https:\/\/marktxxl.de\/markt\/"},{"@type":"ListItem","position":2,"name":"Markt","item":"https:\/\/marktxxl.de\/markt\/"},{"@type":"ListItem","position":3,"name":"LuvdBaby Whale Potty &#8211; Blue"}]},{"@type":"WebSite","@id":"https:\/\/marktxxl.de\/markt\/#website","url":"https:\/\/marktxxl.de\/markt\/","name":"Markt-XXL","description":"Ihr Markt Online","publisher":{"@id":"https:\/\/marktxxl.de\/markt\/#organization"},"potentialAction":[{"@type":"SearchAction","target":{"@type":"EntryPoint","urlTemplate":"https:\/\/marktxxl.de\/markt\/?s={search_term_string}"},"query-input":{"@type":"PropertyValueSpecification","valueRequired":true,"valueName":"search_term_string"}}],"inLanguage":"de"},{"@type":"Organization","@id":"https:\/\/marktxxl.de\/markt\/#organization","name":"Markt-XXL","url":"https:\/\/marktxxl.de\/markt\/","logo":{"@type":"ImageObject","inLanguage":"de","@id":"https:\/\/marktxxl.de\/markt\/#\/schema\/logo\/image\/","url":"https:\/\/marktxxl.de\/markt\/wp-content\/uploads\/sites\/3\/2020\/12\/logo.png","contentUrl":"https:\/\/marktxxl.de\/markt\/wp-content\/uploads\/sites\/3\/2020\/12\/logo.png","width":200,"height":70,"caption":"Markt-XXL"},"image":{"@id":"https:\/\/marktxxl.de\/markt\/#\/schema\/logo\/image\/"}}]}},"_links":{"self":[{"href":"https:\/\/marktxxl.de\/markt\/wp-json\/wp\/v2\/product\/30987","targetHints":{"allow":["GET"]}}],"collection":[{"href":"https:\/\/marktxxl.de\/markt\/wp-json\/wp\/v2\/product"}],"about":[{"href":"https:\/\/marktxxl.de\/markt\/wp-json\/wp\/v2\/types\/product"}],"replies":[{"embeddable":true,"href":"https:\/\/marktxxl.de\/markt\/wp-json\/wp\/v2\/comments?post=30987"}],"wp:featuredmedia":[{"embeddable":true,"href":"https:\/\/marktxxl.de\/markt\/wp-json\/wp\/v2\/media\/30988"}],"wp:attachment":[{"href":"https:\/\/marktxxl.de\/markt\/wp-json\/wp\/v2\/media?parent=30987"}],"wp:term":[{"taxonomy":"product_brand","embeddable":true,"href":"https:\/\/marktxxl.de\/markt\/wp-json\/wp\/v2\/product_brand?post=30987"},{"taxonomy":"product_cat","embeddable":true,"href":"https:\/\/marktxxl.de\/markt\/wp-json\/wp\/v2\/product_cat?post=30987"},{"taxonomy":"product_tag","embeddable":true,"href":"https:\/\/marktxxl.de\/markt\/wp-json\/wp\/v2\/product_tag?post=30987"}],"curies":[{"name":"wp","href":"https:\/\/api.w.org\/{rel}","templated":true}]}}