{"id":30975,"date":"2021-09-12T23:47:38","date_gmt":"2021-09-12T21:47:38","guid":{"rendered":"https:\/\/marktxxl.de\/markt\/produkt\/perl-premium-toepfchen-disney-winnie-puuh-fuer-babys-und-kinder-stabiler-babytopf-mit-anti-rutsch-funktion-perl-weiss-mit-einzigartiger-maserung-individueller-angenehmer-glitzereffekt\/"},"modified":"2023-04-11T01:42:22","modified_gmt":"2023-04-10T23:42:22","slug":"perl-premium-toepfchen-disney-winnie-puuh-fuer-babys-und-kinder-stabiler-babytopf-mit-anti-rutsch-funktion-perl-weiss-mit-einzigartiger-maserung-individueller-angenehmer-glitzereffekt","status":"publish","type":"product","link":"https:\/\/marktxxl.de\/markt\/produkt\/perl-premium-toepfchen-disney-winnie-puuh-fuer-babys-und-kinder-stabiler-babytopf-mit-anti-rutsch-funktion-perl-weiss-mit-einzigartiger-maserung-individueller-angenehmer-glitzereffekt\/","title":{"rendered":"Perl Premium T\u00f6pfchen Disney Winnie Puuh f\u00fcr Babys und Kinder stabiler Babytopf mit Anti-Rutsch-Funktion perl wei\u00df mit\u2026"},"content":{"rendered":"<p>erstklassiges Premium Babyt\u00f6pfchen, zum kinderleichten und entspanntem T\u00f6pfchentraining f\u00fcr Kinder im Alter von ca. 18 Monaten bis ca. 3 Jahren, bis zu 15 kg<br \/>\nanatomisch geformt mit ergonomischem Design: optimale Sitzh\u00f6he, hohe R\u00fcckenlehne, breite Sitzfl\u00e4che, Spritzschutz, Hygienische Anwendung dank der Griffmulde im R\u00fccken &#8211; auch f\u00fcr Kinder supereinfach zu tragen<br \/>\ndieses Premium-Qualit\u00e4tsprodukt bietet eine ausgesprochen hohe Sicherheit f\u00fcr Kinder: die gummierten F\u00fc\u00dfe bieten eine Anti-Rutsch-Funktion, die ein Kippen und Rutschen verhindern<br \/>\nhochwertiger, stabiler Kunststoff (PP\/TPE), Frei von BPA und Weichmachern, Keine Abgabe von Schadstoffen, Hergestellt in Europa<br \/>\ngefragtes Winnie Puuh Design in der Farbe perlwei\u00df, die einzigartige Maserung sorgt f\u00fcr einen individuellen und angenehmen Glitzereffekt, Dekor nicht abkratzbar, einfach zu reinigen, Ma\u00dfe (LxBxH): 38 x 27 x 23,5 cm, Gewicht: 372 g<br \/>\n<div class=\"main-cross-sell\" data-asin=\"B07RV36D87\">\n\n\t<div class=\"WooZone-cross-sell-loader\">\n\t\t<div>\n\t\t\t<div id=\"floatingBarsG\">\n\t\t\t\t<div class=\"blockG\" id=\"rotateG_01\"><\/div>\n\t\t\t\t<div class=\"blockG\" id=\"rotateG_02\"><\/div>\n\t\t\t\t<div class=\"blockG\" id=\"rotateG_03\"><\/div>\n\t\t\t\t<div class=\"blockG\" id=\"rotateG_04\"><\/div>\n\t\t\t\t<div class=\"blockG\" id=\"rotateG_05\"><\/div>\n\t\t\t\t<div class=\"blockG\" id=\"rotateG_06\"><\/div>\n\t\t\t\t<div class=\"blockG\" id=\"rotateG_07\"><\/div>\n\t\t\t\t<div class=\"blockG\" id=\"rotateG_08\"><\/div>\n\t\t\t<\/div>\n\t\t\t<div class=\"WooZone-cross-sell-loader-text\"><\/div>\n\t\t<\/div>\n\t<\/div>\n\n\t\t\n<\/div>\n<div style=\"clear:both;\"><\/div><\/p>\n","protected":false},"excerpt":{"rendered":"<p>erstklassiges Premium Babyt\u00f6pfchen, zum kinderleichten und entspanntem T\u00f6pfchentraining f\u00fcr Kinder im Alter von ca. 18 Monaten bis ca. 3 Jahren, bis zu 15 kg<br \/>\nanatomisch geformt mit ergonomischem Design: optimale Sitzh\u00f6he, hohe R\u00fcckenlehne, breite Sitzfl\u00e4che, Spritzschutz, Hygienische Anwendung dank der Griffmulde im R\u00fccken &#8211; auch f\u00fcr Kinder supereinfach zu tragen<br \/>\ndieses Premium-Qualit\u00e4tsprodukt bietet eine ausgesprochen hohe Sicherheit f\u00fcr Kinder: die gummierten F\u00fc\u00dfe bieten eine Anti-Rutsch-Funktion, die ein Kippen und Rutschen verhindern<\/p>\n","protected":false},"featured_media":30976,"comment_status":"open","ping_status":"closed","template":"","meta":[],"product_brand":[],"product_cat":[21,9437],"product_tag":[],"class_list":{"0":"post-30975","1":"product","2":"type-product","3":"status-publish","4":"has-post-thumbnail","6":"product_cat-baby","7":"product_cat-toepfchen-trittschemel-baby","8":"pa_binding-babyartikel","9":"pa_brand-kinderwelt","10":"pa_manufacturer-kinderwelt","11":"pa_size-1-stueck-1er-pack","13":"first","14":"instock","15":"shipping-taxable","16":"purchasable","17":"product-type-simple","18":"customify-col","19":"product-has-gallery"},"yoast_head":"<!-- This site is optimized with the Yoast SEO plugin v27.4 - https:\/\/yoast.com\/product\/yoast-seo-wordpress\/ -->\n<title>Perl Premium T\u00f6pfchen Disney Winnie Puuh f\u00fcr Babys und Kinder stabiler Babytopf mit Anti-Rutsch-Funktion perl wei\u00df mit\u2026 - Markt-XXL<\/title>\n<meta name=\"description\" content=\"Markt-XXL Perl Premium T\u00f6pfchen Disney Winnie Puuh f\u00fcr Babys und Kinder stabiler Babytopf mit Anti-Rutsch-Funktion perl wei\u00df mit\u2026\" \/>\n<meta name=\"robots\" content=\"index, follow, max-snippet:-1, max-image-preview:large, max-video-preview:-1\" \/>\n<link rel=\"canonical\" href=\"https:\/\/marktxxl.de\/markt\/produkt\/perl-premium-toepfchen-disney-winnie-puuh-fuer-babys-und-kinder-stabiler-babytopf-mit-anti-rutsch-funktion-perl-weiss-mit-einzigartiger-maserung-individueller-angenehmer-glitzereffekt\/\" \/>\n<meta property=\"og:locale\" content=\"de_DE\" \/>\n<meta property=\"og:type\" content=\"article\" \/>\n<meta property=\"og:title\" content=\"Perl Premium T\u00f6pfchen Disney Winnie Puuh f\u00fcr Babys und Kinder stabiler Babytopf mit Anti-Rutsch-Funktion perl wei\u00df mit\u2026 - Markt-XXL\" \/>\n<meta property=\"og:description\" content=\"Markt-XXL Perl Premium T\u00f6pfchen Disney Winnie Puuh f\u00fcr Babys und Kinder stabiler Babytopf mit Anti-Rutsch-Funktion perl wei\u00df mit\u2026\" \/>\n<meta property=\"og:url\" content=\"https:\/\/marktxxl.de\/markt\/produkt\/perl-premium-toepfchen-disney-winnie-puuh-fuer-babys-und-kinder-stabiler-babytopf-mit-anti-rutsch-funktion-perl-weiss-mit-einzigartiger-maserung-individueller-angenehmer-glitzereffekt\/\" \/>\n<meta property=\"og:site_name\" content=\"Markt-XXL\" \/>\n<meta property=\"article:modified_time\" content=\"2023-04-10T23:42:22+00:00\" \/>\n<meta property=\"og:image\" content=\"https:\/\/m.media-amazon.com\/images\/I\/31FxAWCuBLL._SL500_.jpg\" \/>\n\t<meta property=\"og:image:width\" content=\"469\" \/>\n\t<meta property=\"og:image:height\" content=\"500\" \/>\n\t<meta property=\"og:image:type\" content=\"image\/jpeg\" \/>\n<meta name=\"twitter:card\" content=\"summary_large_image\" \/>\n<meta name=\"twitter:label1\" content=\"Gesch\u00e4tzte Lesezeit\" \/>\n\t<meta name=\"twitter:data1\" content=\"1\u00a0Minute\" \/>\n<script type=\"application\/ld+json\" class=\"yoast-schema-graph\">{\"@context\":\"https:\\\/\\\/schema.org\",\"@graph\":[{\"@type\":\"WebPage\",\"@id\":\"https:\\\/\\\/marktxxl.de\\\/markt\\\/produkt\\\/perl-premium-toepfchen-disney-winnie-puuh-fuer-babys-und-kinder-stabiler-babytopf-mit-anti-rutsch-funktion-perl-weiss-mit-einzigartiger-maserung-individueller-angenehmer-glitzereffekt\\\/\",\"url\":\"https:\\\/\\\/marktxxl.de\\\/markt\\\/produkt\\\/perl-premium-toepfchen-disney-winnie-puuh-fuer-babys-und-kinder-stabiler-babytopf-mit-anti-rutsch-funktion-perl-weiss-mit-einzigartiger-maserung-individueller-angenehmer-glitzereffekt\\\/\",\"name\":\"Perl Premium T\u00f6pfchen Disney Winnie Puuh f\u00fcr Babys und Kinder stabiler Babytopf mit Anti-Rutsch-Funktion perl wei\u00df mit\u2026 - Markt-XXL\",\"isPartOf\":{\"@id\":\"https:\\\/\\\/marktxxl.de\\\/markt\\\/#website\"},\"primaryImageOfPage\":{\"@id\":\"https:\\\/\\\/marktxxl.de\\\/markt\\\/produkt\\\/perl-premium-toepfchen-disney-winnie-puuh-fuer-babys-und-kinder-stabiler-babytopf-mit-anti-rutsch-funktion-perl-weiss-mit-einzigartiger-maserung-individueller-angenehmer-glitzereffekt\\\/#primaryimage\"},\"image\":{\"@id\":\"https:\\\/\\\/marktxxl.de\\\/markt\\\/produkt\\\/perl-premium-toepfchen-disney-winnie-puuh-fuer-babys-und-kinder-stabiler-babytopf-mit-anti-rutsch-funktion-perl-weiss-mit-einzigartiger-maserung-individueller-angenehmer-glitzereffekt\\\/#primaryimage\"},\"thumbnailUrl\":\"https:\\\/\\\/m.media-amazon.com\\\/images\\\/I\\\/31FxAWCuBLL._SL500_.jpg\",\"datePublished\":\"2021-09-12T21:47:38+00:00\",\"dateModified\":\"2023-04-10T23:42:22+00:00\",\"description\":\"Markt-XXL Perl Premium T\u00f6pfchen Disney Winnie Puuh f\u00fcr Babys und Kinder stabiler Babytopf mit Anti-Rutsch-Funktion perl wei\u00df mit\u2026\",\"breadcrumb\":{\"@id\":\"https:\\\/\\\/marktxxl.de\\\/markt\\\/produkt\\\/perl-premium-toepfchen-disney-winnie-puuh-fuer-babys-und-kinder-stabiler-babytopf-mit-anti-rutsch-funktion-perl-weiss-mit-einzigartiger-maserung-individueller-angenehmer-glitzereffekt\\\/#breadcrumb\"},\"inLanguage\":\"de\",\"potentialAction\":[{\"@type\":\"ReadAction\",\"target\":[\"https:\\\/\\\/marktxxl.de\\\/markt\\\/produkt\\\/perl-premium-toepfchen-disney-winnie-puuh-fuer-babys-und-kinder-stabiler-babytopf-mit-anti-rutsch-funktion-perl-weiss-mit-einzigartiger-maserung-individueller-angenehmer-glitzereffekt\\\/\"]}]},{\"@type\":\"ImageObject\",\"inLanguage\":\"de\",\"@id\":\"https:\\\/\\\/marktxxl.de\\\/markt\\\/produkt\\\/perl-premium-toepfchen-disney-winnie-puuh-fuer-babys-und-kinder-stabiler-babytopf-mit-anti-rutsch-funktion-perl-weiss-mit-einzigartiger-maserung-individueller-angenehmer-glitzereffekt\\\/#primaryimage\",\"url\":\"https:\\\/\\\/m.media-amazon.com\\\/images\\\/I\\\/31FxAWCuBLL._SL500_.jpg\",\"contentUrl\":\"https:\\\/\\\/m.media-amazon.com\\\/images\\\/I\\\/31FxAWCuBLL._SL500_.jpg\",\"width\":469,\"height\":500},{\"@type\":\"BreadcrumbList\",\"@id\":\"https:\\\/\\\/marktxxl.de\\\/markt\\\/produkt\\\/perl-premium-toepfchen-disney-winnie-puuh-fuer-babys-und-kinder-stabiler-babytopf-mit-anti-rutsch-funktion-perl-weiss-mit-einzigartiger-maserung-individueller-angenehmer-glitzereffekt\\\/#breadcrumb\",\"itemListElement\":[{\"@type\":\"ListItem\",\"position\":1,\"name\":\"Startseite\",\"item\":\"https:\\\/\\\/marktxxl.de\\\/markt\\\/\"},{\"@type\":\"ListItem\",\"position\":2,\"name\":\"Markt\",\"item\":\"https:\\\/\\\/marktxxl.de\\\/markt\\\/\"},{\"@type\":\"ListItem\",\"position\":3,\"name\":\"Perl Premium T\u00f6pfchen Disney Winnie Puuh f\u00fcr Babys und Kinder stabiler Babytopf mit Anti-Rutsch-Funktion perl wei\u00df mit\u2026\"}]},{\"@type\":\"WebSite\",\"@id\":\"https:\\\/\\\/marktxxl.de\\\/markt\\\/#website\",\"url\":\"https:\\\/\\\/marktxxl.de\\\/markt\\\/\",\"name\":\"Markt-XXL\",\"description\":\"Ihr Markt Online\",\"publisher\":{\"@id\":\"https:\\\/\\\/marktxxl.de\\\/markt\\\/#organization\"},\"potentialAction\":[{\"@type\":\"SearchAction\",\"target\":{\"@type\":\"EntryPoint\",\"urlTemplate\":\"https:\\\/\\\/marktxxl.de\\\/markt\\\/?s={search_term_string}\"},\"query-input\":{\"@type\":\"PropertyValueSpecification\",\"valueRequired\":true,\"valueName\":\"search_term_string\"}}],\"inLanguage\":\"de\"},{\"@type\":\"Organization\",\"@id\":\"https:\\\/\\\/marktxxl.de\\\/markt\\\/#organization\",\"name\":\"Markt-XXL\",\"url\":\"https:\\\/\\\/marktxxl.de\\\/markt\\\/\",\"logo\":{\"@type\":\"ImageObject\",\"inLanguage\":\"de\",\"@id\":\"https:\\\/\\\/marktxxl.de\\\/markt\\\/#\\\/schema\\\/logo\\\/image\\\/\",\"url\":\"https:\\\/\\\/marktxxl.de\\\/markt\\\/wp-content\\\/uploads\\\/sites\\\/3\\\/2020\\\/12\\\/logo.png\",\"contentUrl\":\"https:\\\/\\\/marktxxl.de\\\/markt\\\/wp-content\\\/uploads\\\/sites\\\/3\\\/2020\\\/12\\\/logo.png\",\"width\":200,\"height\":70,\"caption\":\"Markt-XXL\"},\"image\":{\"@id\":\"https:\\\/\\\/marktxxl.de\\\/markt\\\/#\\\/schema\\\/logo\\\/image\\\/\"}}]}<\/script>\n<!-- \/ Yoast SEO plugin. -->","yoast_head_json":{"title":"Perl Premium T\u00f6pfchen Disney Winnie Puuh f\u00fcr Babys und Kinder stabiler Babytopf mit Anti-Rutsch-Funktion perl wei\u00df mit\u2026 - Markt-XXL","description":"Markt-XXL Perl Premium T\u00f6pfchen Disney Winnie Puuh f\u00fcr Babys und Kinder stabiler Babytopf mit Anti-Rutsch-Funktion perl wei\u00df mit\u2026","robots":{"index":"index","follow":"follow","max-snippet":"max-snippet:-1","max-image-preview":"max-image-preview:large","max-video-preview":"max-video-preview:-1"},"canonical":"https:\/\/marktxxl.de\/markt\/produkt\/perl-premium-toepfchen-disney-winnie-puuh-fuer-babys-und-kinder-stabiler-babytopf-mit-anti-rutsch-funktion-perl-weiss-mit-einzigartiger-maserung-individueller-angenehmer-glitzereffekt\/","og_locale":"de_DE","og_type":"article","og_title":"Perl Premium T\u00f6pfchen Disney Winnie Puuh f\u00fcr Babys und Kinder stabiler Babytopf mit Anti-Rutsch-Funktion perl wei\u00df mit\u2026 - Markt-XXL","og_description":"Markt-XXL Perl Premium T\u00f6pfchen Disney Winnie Puuh f\u00fcr Babys und Kinder stabiler Babytopf mit Anti-Rutsch-Funktion perl wei\u00df mit\u2026","og_url":"https:\/\/marktxxl.de\/markt\/produkt\/perl-premium-toepfchen-disney-winnie-puuh-fuer-babys-und-kinder-stabiler-babytopf-mit-anti-rutsch-funktion-perl-weiss-mit-einzigartiger-maserung-individueller-angenehmer-glitzereffekt\/","og_site_name":"Markt-XXL","article_modified_time":"2023-04-10T23:42:22+00:00","og_image":[{"width":469,"height":500,"url":"https:\/\/m.media-amazon.com\/images\/I\/31FxAWCuBLL._SL500_.jpg","type":"image\/jpeg"}],"twitter_card":"summary_large_image","twitter_misc":{"Gesch\u00e4tzte Lesezeit":"1\u00a0Minute"},"schema":{"@context":"https:\/\/schema.org","@graph":[{"@type":"WebPage","@id":"https:\/\/marktxxl.de\/markt\/produkt\/perl-premium-toepfchen-disney-winnie-puuh-fuer-babys-und-kinder-stabiler-babytopf-mit-anti-rutsch-funktion-perl-weiss-mit-einzigartiger-maserung-individueller-angenehmer-glitzereffekt\/","url":"https:\/\/marktxxl.de\/markt\/produkt\/perl-premium-toepfchen-disney-winnie-puuh-fuer-babys-und-kinder-stabiler-babytopf-mit-anti-rutsch-funktion-perl-weiss-mit-einzigartiger-maserung-individueller-angenehmer-glitzereffekt\/","name":"Perl Premium T\u00f6pfchen Disney Winnie Puuh f\u00fcr Babys und Kinder stabiler Babytopf mit Anti-Rutsch-Funktion perl wei\u00df mit\u2026 - Markt-XXL","isPartOf":{"@id":"https:\/\/marktxxl.de\/markt\/#website"},"primaryImageOfPage":{"@id":"https:\/\/marktxxl.de\/markt\/produkt\/perl-premium-toepfchen-disney-winnie-puuh-fuer-babys-und-kinder-stabiler-babytopf-mit-anti-rutsch-funktion-perl-weiss-mit-einzigartiger-maserung-individueller-angenehmer-glitzereffekt\/#primaryimage"},"image":{"@id":"https:\/\/marktxxl.de\/markt\/produkt\/perl-premium-toepfchen-disney-winnie-puuh-fuer-babys-und-kinder-stabiler-babytopf-mit-anti-rutsch-funktion-perl-weiss-mit-einzigartiger-maserung-individueller-angenehmer-glitzereffekt\/#primaryimage"},"thumbnailUrl":"https:\/\/m.media-amazon.com\/images\/I\/31FxAWCuBLL._SL500_.jpg","datePublished":"2021-09-12T21:47:38+00:00","dateModified":"2023-04-10T23:42:22+00:00","description":"Markt-XXL Perl Premium T\u00f6pfchen Disney Winnie Puuh f\u00fcr Babys und Kinder stabiler Babytopf mit Anti-Rutsch-Funktion perl wei\u00df mit\u2026","breadcrumb":{"@id":"https:\/\/marktxxl.de\/markt\/produkt\/perl-premium-toepfchen-disney-winnie-puuh-fuer-babys-und-kinder-stabiler-babytopf-mit-anti-rutsch-funktion-perl-weiss-mit-einzigartiger-maserung-individueller-angenehmer-glitzereffekt\/#breadcrumb"},"inLanguage":"de","potentialAction":[{"@type":"ReadAction","target":["https:\/\/marktxxl.de\/markt\/produkt\/perl-premium-toepfchen-disney-winnie-puuh-fuer-babys-und-kinder-stabiler-babytopf-mit-anti-rutsch-funktion-perl-weiss-mit-einzigartiger-maserung-individueller-angenehmer-glitzereffekt\/"]}]},{"@type":"ImageObject","inLanguage":"de","@id":"https:\/\/marktxxl.de\/markt\/produkt\/perl-premium-toepfchen-disney-winnie-puuh-fuer-babys-und-kinder-stabiler-babytopf-mit-anti-rutsch-funktion-perl-weiss-mit-einzigartiger-maserung-individueller-angenehmer-glitzereffekt\/#primaryimage","url":"https:\/\/m.media-amazon.com\/images\/I\/31FxAWCuBLL._SL500_.jpg","contentUrl":"https:\/\/m.media-amazon.com\/images\/I\/31FxAWCuBLL._SL500_.jpg","width":469,"height":500},{"@type":"BreadcrumbList","@id":"https:\/\/marktxxl.de\/markt\/produkt\/perl-premium-toepfchen-disney-winnie-puuh-fuer-babys-und-kinder-stabiler-babytopf-mit-anti-rutsch-funktion-perl-weiss-mit-einzigartiger-maserung-individueller-angenehmer-glitzereffekt\/#breadcrumb","itemListElement":[{"@type":"ListItem","position":1,"name":"Startseite","item":"https:\/\/marktxxl.de\/markt\/"},{"@type":"ListItem","position":2,"name":"Markt","item":"https:\/\/marktxxl.de\/markt\/"},{"@type":"ListItem","position":3,"name":"Perl Premium T\u00f6pfchen Disney Winnie Puuh f\u00fcr Babys und Kinder stabiler Babytopf mit Anti-Rutsch-Funktion perl wei\u00df mit\u2026"}]},{"@type":"WebSite","@id":"https:\/\/marktxxl.de\/markt\/#website","url":"https:\/\/marktxxl.de\/markt\/","name":"Markt-XXL","description":"Ihr Markt Online","publisher":{"@id":"https:\/\/marktxxl.de\/markt\/#organization"},"potentialAction":[{"@type":"SearchAction","target":{"@type":"EntryPoint","urlTemplate":"https:\/\/marktxxl.de\/markt\/?s={search_term_string}"},"query-input":{"@type":"PropertyValueSpecification","valueRequired":true,"valueName":"search_term_string"}}],"inLanguage":"de"},{"@type":"Organization","@id":"https:\/\/marktxxl.de\/markt\/#organization","name":"Markt-XXL","url":"https:\/\/marktxxl.de\/markt\/","logo":{"@type":"ImageObject","inLanguage":"de","@id":"https:\/\/marktxxl.de\/markt\/#\/schema\/logo\/image\/","url":"https:\/\/marktxxl.de\/markt\/wp-content\/uploads\/sites\/3\/2020\/12\/logo.png","contentUrl":"https:\/\/marktxxl.de\/markt\/wp-content\/uploads\/sites\/3\/2020\/12\/logo.png","width":200,"height":70,"caption":"Markt-XXL"},"image":{"@id":"https:\/\/marktxxl.de\/markt\/#\/schema\/logo\/image\/"}}]}},"_links":{"self":[{"href":"https:\/\/marktxxl.de\/markt\/wp-json\/wp\/v2\/product\/30975","targetHints":{"allow":["GET"]}}],"collection":[{"href":"https:\/\/marktxxl.de\/markt\/wp-json\/wp\/v2\/product"}],"about":[{"href":"https:\/\/marktxxl.de\/markt\/wp-json\/wp\/v2\/types\/product"}],"replies":[{"embeddable":true,"href":"https:\/\/marktxxl.de\/markt\/wp-json\/wp\/v2\/comments?post=30975"}],"wp:featuredmedia":[{"embeddable":true,"href":"https:\/\/marktxxl.de\/markt\/wp-json\/wp\/v2\/media\/30976"}],"wp:attachment":[{"href":"https:\/\/marktxxl.de\/markt\/wp-json\/wp\/v2\/media?parent=30975"}],"wp:term":[{"taxonomy":"product_brand","embeddable":true,"href":"https:\/\/marktxxl.de\/markt\/wp-json\/wp\/v2\/product_brand?post=30975"},{"taxonomy":"product_cat","embeddable":true,"href":"https:\/\/marktxxl.de\/markt\/wp-json\/wp\/v2\/product_cat?post=30975"},{"taxonomy":"product_tag","embeddable":true,"href":"https:\/\/marktxxl.de\/markt\/wp-json\/wp\/v2\/product_tag?post=30975"}],"curies":[{"name":"wp","href":"https:\/\/api.w.org\/{rel}","templated":true}]}}