{"id":30740,"date":"2021-09-12T23:28:46","date_gmt":"2021-09-12T21:28:46","guid":{"rendered":"https:\/\/marktxxl.de\/markt\/produkt\/u-heft-huelle-aus-filz-mit-faecher-fuer-uheft-versichertenkarte-impfpass-und-mutterpass\/"},"modified":"2023-04-11T01:42:19","modified_gmt":"2023-04-10T23:42:19","slug":"u-heft-huelle-aus-filz-mit-faecher-fuer-uheft-versichertenkarte-impfpass-und-mutterpass","status":"publish","type":"product","link":"https:\/\/marktxxl.de\/markt\/produkt\/u-heft-huelle-aus-filz-mit-faecher-fuer-uheft-versichertenkarte-impfpass-und-mutterpass\/","title":{"rendered":"U-Heft H\u00fclle aus Filz mit F\u00e4cher f\u00fcr Uheft, Versichertenkarte, Impfpass und Mutterpass"},"content":{"rendered":"<p>PASSGENAU UND AUSREICHEND PLATZ &#8211; F\u00fcr das deutsche Untersuchungsheft inklusive Schutzh\u00fclle, Impfpass, Versichertenkarte und Terminzettel. Alles findet seinen Platz in unserer U-Heft H\u00fclle.<br \/>\nHOCHWERTIGE VERARBEITUNG &#8211; Unsere U-Heft H\u00fclle mit Impfpass wurde aus Mischfilz angefertigt. Dabei legen wir ein besonderes Augenmerk auf h\u00f6chste Stoff- und N\u00e4hqualit\u00e4t und Premium-Verarbeitung.<br \/>\nLEICHT UND SICHER VERSCHLIESSBAR &#8211; Wir setzen bei unserer U-Heft H\u00fclle auf einen sicheren Druckknopfverschluss. Denn dadurch kann man schnell und bequem die U-Heft H\u00fclle \u00f6ffnen und schlie\u00dfen.<br \/>\nUNVERWECHSELBARES DESIGN &#8211; Das Design unserer U-Heft H\u00fclle ist einzigartig und macht die Zeit nach ihrer Schwangerschaft zu einer unvergesslichen Zeit: 9 Monate im Bauch &#8211; ein Leben lang im Herzen.<br \/>\nDAS PERFEKTE GESCHENK &#8211; Unsere U-Heft H\u00fclle mit Impfpass ist f\u00fcr frisch gewordene M\u00fctter und Babypartys genau das richtige Geschenk! Lege unsere einzigartige U-Heft H\u00fclle aus Filz in den Einkaufswagen.<br \/>\n<div class=\"main-cross-sell\" data-asin=\"B07N89P9B9\">\n\n\t<div class=\"WooZone-cross-sell-loader\">\n\t\t<div>\n\t\t\t<div id=\"floatingBarsG\">\n\t\t\t\t<div class=\"blockG\" id=\"rotateG_01\"><\/div>\n\t\t\t\t<div class=\"blockG\" id=\"rotateG_02\"><\/div>\n\t\t\t\t<div class=\"blockG\" id=\"rotateG_03\"><\/div>\n\t\t\t\t<div class=\"blockG\" id=\"rotateG_04\"><\/div>\n\t\t\t\t<div class=\"blockG\" id=\"rotateG_05\"><\/div>\n\t\t\t\t<div class=\"blockG\" id=\"rotateG_06\"><\/div>\n\t\t\t\t<div class=\"blockG\" id=\"rotateG_07\"><\/div>\n\t\t\t\t<div class=\"blockG\" id=\"rotateG_08\"><\/div>\n\t\t\t<\/div>\n\t\t\t<div class=\"WooZone-cross-sell-loader-text\"><\/div>\n\t\t<\/div>\n\t<\/div>\n\n\t\t\n<\/div>\n<div style=\"clear:both;\"><\/div><\/p>\n","protected":false},"excerpt":{"rendered":"<p>PASSGENAU UND AUSREICHEND PLATZ &#8211; F\u00fcr das deutsche Untersuchungsheft inklusive Schutzh\u00fclle, Impfpass, Versichertenkarte und Terminzettel. Alles findet seinen Platz in unserer U-Heft H\u00fclle.<br \/>\nHOCHWERTIGE VERARBEITUNG &#8211; Unsere U-Heft H\u00fclle mit Impfpass wurde aus Mischfilz angefertigt. Dabei legen wir ein besonderes Augenmerk auf h\u00f6chste Stoff- und N\u00e4hqualit\u00e4t und Premium-Verarbeitung.<br \/>\nLEICHT UND SICHER VERSCHLIESSBAR &#8211; Wir setzen bei unserer U-Heft H\u00fclle auf einen sicheren Druckknopfverschluss. Denn dadurch kann man schnell und bequem die U-Heft H\u00fclle \u00f6ffnen und schlie\u00dfen.<\/p>\n","protected":false},"featured_media":30741,"comment_status":"open","ping_status":"closed","template":"","meta":[],"product_brand":[],"product_cat":[21,8929],"product_tag":[],"class_list":{"0":"post-30740","1":"product","2":"type-product","3":"status-publish","4":"has-post-thumbnail","6":"product_cat-baby","7":"product_cat-babygeschenke-baby","8":"pa_binding-babyartikel","9":"pa_brand-marejolie","10":"pa_color-grau","11":"pa_manufacturer-marejolie","12":"pa_model-6690","13":"pa_size-23-8x17-4x1-8-cm-1er-pack","15":"first","16":"instock","17":"shipping-taxable","18":"purchasable","19":"product-type-simple","20":"customify-col","21":"product-has-gallery"},"yoast_head":"<!-- This site is optimized with the Yoast SEO plugin v27.3 - https:\/\/yoast.com\/product\/yoast-seo-wordpress\/ -->\n<title>U-Heft H\u00fclle aus Filz mit F\u00e4cher f\u00fcr Uheft, Versichertenkarte, Impfpass und Mutterpass - Markt-XXL<\/title>\n<meta name=\"description\" content=\"Markt-XXL U-Heft H\u00fclle aus Filz mit F\u00e4cher f\u00fcr Uheft, Versichertenkarte, Impfpass und Mutterpass\" \/>\n<meta name=\"robots\" content=\"index, follow, max-snippet:-1, max-image-preview:large, max-video-preview:-1\" \/>\n<link rel=\"canonical\" href=\"https:\/\/marktxxl.de\/markt\/produkt\/u-heft-huelle-aus-filz-mit-faecher-fuer-uheft-versichertenkarte-impfpass-und-mutterpass\/\" \/>\n<meta property=\"og:locale\" content=\"de_DE\" \/>\n<meta property=\"og:type\" content=\"article\" \/>\n<meta property=\"og:title\" content=\"U-Heft H\u00fclle aus Filz mit F\u00e4cher f\u00fcr Uheft, Versichertenkarte, Impfpass und Mutterpass - Markt-XXL\" \/>\n<meta property=\"og:description\" content=\"Markt-XXL U-Heft H\u00fclle aus Filz mit F\u00e4cher f\u00fcr Uheft, Versichertenkarte, Impfpass und Mutterpass\" \/>\n<meta property=\"og:url\" content=\"https:\/\/marktxxl.de\/markt\/produkt\/u-heft-huelle-aus-filz-mit-faecher-fuer-uheft-versichertenkarte-impfpass-und-mutterpass\/\" \/>\n<meta property=\"og:site_name\" content=\"Markt-XXL\" \/>\n<meta property=\"article:modified_time\" content=\"2023-04-10T23:42:19+00:00\" \/>\n<meta property=\"og:image\" content=\"https:\/\/m.media-amazon.com\/images\/I\/51ubw5wvH3L._SL500_.jpg\" \/>\n\t<meta property=\"og:image:width\" content=\"500\" \/>\n\t<meta property=\"og:image:height\" content=\"500\" \/>\n\t<meta property=\"og:image:type\" content=\"image\/jpeg\" \/>\n<meta name=\"twitter:card\" content=\"summary_large_image\" \/>\n<meta name=\"twitter:label1\" content=\"Gesch\u00e4tzte Lesezeit\" \/>\n\t<meta name=\"twitter:data1\" content=\"1\u00a0Minute\" \/>\n<script type=\"application\/ld+json\" class=\"yoast-schema-graph\">{\"@context\":\"https:\\\/\\\/schema.org\",\"@graph\":[{\"@type\":\"WebPage\",\"@id\":\"https:\\\/\\\/marktxxl.de\\\/markt\\\/produkt\\\/u-heft-huelle-aus-filz-mit-faecher-fuer-uheft-versichertenkarte-impfpass-und-mutterpass\\\/\",\"url\":\"https:\\\/\\\/marktxxl.de\\\/markt\\\/produkt\\\/u-heft-huelle-aus-filz-mit-faecher-fuer-uheft-versichertenkarte-impfpass-und-mutterpass\\\/\",\"name\":\"U-Heft H\u00fclle aus Filz mit F\u00e4cher f\u00fcr Uheft, Versichertenkarte, Impfpass und Mutterpass - Markt-XXL\",\"isPartOf\":{\"@id\":\"https:\\\/\\\/marktxxl.de\\\/markt\\\/#website\"},\"primaryImageOfPage\":{\"@id\":\"https:\\\/\\\/marktxxl.de\\\/markt\\\/produkt\\\/u-heft-huelle-aus-filz-mit-faecher-fuer-uheft-versichertenkarte-impfpass-und-mutterpass\\\/#primaryimage\"},\"image\":{\"@id\":\"https:\\\/\\\/marktxxl.de\\\/markt\\\/produkt\\\/u-heft-huelle-aus-filz-mit-faecher-fuer-uheft-versichertenkarte-impfpass-und-mutterpass\\\/#primaryimage\"},\"thumbnailUrl\":\"https:\\\/\\\/m.media-amazon.com\\\/images\\\/I\\\/51ubw5wvH3L._SL500_.jpg\",\"datePublished\":\"2021-09-12T21:28:46+00:00\",\"dateModified\":\"2023-04-10T23:42:19+00:00\",\"description\":\"Markt-XXL U-Heft H\u00fclle aus Filz mit F\u00e4cher f\u00fcr Uheft, Versichertenkarte, Impfpass und Mutterpass\",\"breadcrumb\":{\"@id\":\"https:\\\/\\\/marktxxl.de\\\/markt\\\/produkt\\\/u-heft-huelle-aus-filz-mit-faecher-fuer-uheft-versichertenkarte-impfpass-und-mutterpass\\\/#breadcrumb\"},\"inLanguage\":\"de\",\"potentialAction\":[{\"@type\":\"ReadAction\",\"target\":[\"https:\\\/\\\/marktxxl.de\\\/markt\\\/produkt\\\/u-heft-huelle-aus-filz-mit-faecher-fuer-uheft-versichertenkarte-impfpass-und-mutterpass\\\/\"]}]},{\"@type\":\"ImageObject\",\"inLanguage\":\"de\",\"@id\":\"https:\\\/\\\/marktxxl.de\\\/markt\\\/produkt\\\/u-heft-huelle-aus-filz-mit-faecher-fuer-uheft-versichertenkarte-impfpass-und-mutterpass\\\/#primaryimage\",\"url\":\"https:\\\/\\\/m.media-amazon.com\\\/images\\\/I\\\/51ubw5wvH3L._SL500_.jpg\",\"contentUrl\":\"https:\\\/\\\/m.media-amazon.com\\\/images\\\/I\\\/51ubw5wvH3L._SL500_.jpg\",\"width\":500,\"height\":500},{\"@type\":\"BreadcrumbList\",\"@id\":\"https:\\\/\\\/marktxxl.de\\\/markt\\\/produkt\\\/u-heft-huelle-aus-filz-mit-faecher-fuer-uheft-versichertenkarte-impfpass-und-mutterpass\\\/#breadcrumb\",\"itemListElement\":[{\"@type\":\"ListItem\",\"position\":1,\"name\":\"Startseite\",\"item\":\"https:\\\/\\\/marktxxl.de\\\/markt\\\/\"},{\"@type\":\"ListItem\",\"position\":2,\"name\":\"Markt\",\"item\":\"https:\\\/\\\/marktxxl.de\\\/markt\\\/\"},{\"@type\":\"ListItem\",\"position\":3,\"name\":\"U-Heft H\u00fclle aus Filz mit F\u00e4cher f\u00fcr Uheft, Versichertenkarte, Impfpass und Mutterpass\"}]},{\"@type\":\"WebSite\",\"@id\":\"https:\\\/\\\/marktxxl.de\\\/markt\\\/#website\",\"url\":\"https:\\\/\\\/marktxxl.de\\\/markt\\\/\",\"name\":\"Markt-XXL\",\"description\":\"Ihr Markt Online\",\"publisher\":{\"@id\":\"https:\\\/\\\/marktxxl.de\\\/markt\\\/#organization\"},\"potentialAction\":[{\"@type\":\"SearchAction\",\"target\":{\"@type\":\"EntryPoint\",\"urlTemplate\":\"https:\\\/\\\/marktxxl.de\\\/markt\\\/?s={search_term_string}\"},\"query-input\":{\"@type\":\"PropertyValueSpecification\",\"valueRequired\":true,\"valueName\":\"search_term_string\"}}],\"inLanguage\":\"de\"},{\"@type\":\"Organization\",\"@id\":\"https:\\\/\\\/marktxxl.de\\\/markt\\\/#organization\",\"name\":\"Markt-XXL\",\"url\":\"https:\\\/\\\/marktxxl.de\\\/markt\\\/\",\"logo\":{\"@type\":\"ImageObject\",\"inLanguage\":\"de\",\"@id\":\"https:\\\/\\\/marktxxl.de\\\/markt\\\/#\\\/schema\\\/logo\\\/image\\\/\",\"url\":\"https:\\\/\\\/marktxxl.de\\\/markt\\\/wp-content\\\/uploads\\\/sites\\\/3\\\/2020\\\/12\\\/logo.png\",\"contentUrl\":\"https:\\\/\\\/marktxxl.de\\\/markt\\\/wp-content\\\/uploads\\\/sites\\\/3\\\/2020\\\/12\\\/logo.png\",\"width\":200,\"height\":70,\"caption\":\"Markt-XXL\"},\"image\":{\"@id\":\"https:\\\/\\\/marktxxl.de\\\/markt\\\/#\\\/schema\\\/logo\\\/image\\\/\"}}]}<\/script>\n<!-- \/ Yoast SEO plugin. -->","yoast_head_json":{"title":"U-Heft H\u00fclle aus Filz mit F\u00e4cher f\u00fcr Uheft, Versichertenkarte, Impfpass und Mutterpass - Markt-XXL","description":"Markt-XXL U-Heft H\u00fclle aus Filz mit F\u00e4cher f\u00fcr Uheft, Versichertenkarte, Impfpass und Mutterpass","robots":{"index":"index","follow":"follow","max-snippet":"max-snippet:-1","max-image-preview":"max-image-preview:large","max-video-preview":"max-video-preview:-1"},"canonical":"https:\/\/marktxxl.de\/markt\/produkt\/u-heft-huelle-aus-filz-mit-faecher-fuer-uheft-versichertenkarte-impfpass-und-mutterpass\/","og_locale":"de_DE","og_type":"article","og_title":"U-Heft H\u00fclle aus Filz mit F\u00e4cher f\u00fcr Uheft, Versichertenkarte, Impfpass und Mutterpass - Markt-XXL","og_description":"Markt-XXL U-Heft H\u00fclle aus Filz mit F\u00e4cher f\u00fcr Uheft, Versichertenkarte, Impfpass und Mutterpass","og_url":"https:\/\/marktxxl.de\/markt\/produkt\/u-heft-huelle-aus-filz-mit-faecher-fuer-uheft-versichertenkarte-impfpass-und-mutterpass\/","og_site_name":"Markt-XXL","article_modified_time":"2023-04-10T23:42:19+00:00","og_image":[{"width":500,"height":500,"url":"https:\/\/m.media-amazon.com\/images\/I\/51ubw5wvH3L._SL500_.jpg","type":"image\/jpeg"}],"twitter_card":"summary_large_image","twitter_misc":{"Gesch\u00e4tzte Lesezeit":"1\u00a0Minute"},"schema":{"@context":"https:\/\/schema.org","@graph":[{"@type":"WebPage","@id":"https:\/\/marktxxl.de\/markt\/produkt\/u-heft-huelle-aus-filz-mit-faecher-fuer-uheft-versichertenkarte-impfpass-und-mutterpass\/","url":"https:\/\/marktxxl.de\/markt\/produkt\/u-heft-huelle-aus-filz-mit-faecher-fuer-uheft-versichertenkarte-impfpass-und-mutterpass\/","name":"U-Heft H\u00fclle aus Filz mit F\u00e4cher f\u00fcr Uheft, Versichertenkarte, Impfpass und Mutterpass - Markt-XXL","isPartOf":{"@id":"https:\/\/marktxxl.de\/markt\/#website"},"primaryImageOfPage":{"@id":"https:\/\/marktxxl.de\/markt\/produkt\/u-heft-huelle-aus-filz-mit-faecher-fuer-uheft-versichertenkarte-impfpass-und-mutterpass\/#primaryimage"},"image":{"@id":"https:\/\/marktxxl.de\/markt\/produkt\/u-heft-huelle-aus-filz-mit-faecher-fuer-uheft-versichertenkarte-impfpass-und-mutterpass\/#primaryimage"},"thumbnailUrl":"https:\/\/m.media-amazon.com\/images\/I\/51ubw5wvH3L._SL500_.jpg","datePublished":"2021-09-12T21:28:46+00:00","dateModified":"2023-04-10T23:42:19+00:00","description":"Markt-XXL U-Heft H\u00fclle aus Filz mit F\u00e4cher f\u00fcr Uheft, Versichertenkarte, Impfpass und Mutterpass","breadcrumb":{"@id":"https:\/\/marktxxl.de\/markt\/produkt\/u-heft-huelle-aus-filz-mit-faecher-fuer-uheft-versichertenkarte-impfpass-und-mutterpass\/#breadcrumb"},"inLanguage":"de","potentialAction":[{"@type":"ReadAction","target":["https:\/\/marktxxl.de\/markt\/produkt\/u-heft-huelle-aus-filz-mit-faecher-fuer-uheft-versichertenkarte-impfpass-und-mutterpass\/"]}]},{"@type":"ImageObject","inLanguage":"de","@id":"https:\/\/marktxxl.de\/markt\/produkt\/u-heft-huelle-aus-filz-mit-faecher-fuer-uheft-versichertenkarte-impfpass-und-mutterpass\/#primaryimage","url":"https:\/\/m.media-amazon.com\/images\/I\/51ubw5wvH3L._SL500_.jpg","contentUrl":"https:\/\/m.media-amazon.com\/images\/I\/51ubw5wvH3L._SL500_.jpg","width":500,"height":500},{"@type":"BreadcrumbList","@id":"https:\/\/marktxxl.de\/markt\/produkt\/u-heft-huelle-aus-filz-mit-faecher-fuer-uheft-versichertenkarte-impfpass-und-mutterpass\/#breadcrumb","itemListElement":[{"@type":"ListItem","position":1,"name":"Startseite","item":"https:\/\/marktxxl.de\/markt\/"},{"@type":"ListItem","position":2,"name":"Markt","item":"https:\/\/marktxxl.de\/markt\/"},{"@type":"ListItem","position":3,"name":"U-Heft H\u00fclle aus Filz mit F\u00e4cher f\u00fcr Uheft, Versichertenkarte, Impfpass und Mutterpass"}]},{"@type":"WebSite","@id":"https:\/\/marktxxl.de\/markt\/#website","url":"https:\/\/marktxxl.de\/markt\/","name":"Markt-XXL","description":"Ihr Markt Online","publisher":{"@id":"https:\/\/marktxxl.de\/markt\/#organization"},"potentialAction":[{"@type":"SearchAction","target":{"@type":"EntryPoint","urlTemplate":"https:\/\/marktxxl.de\/markt\/?s={search_term_string}"},"query-input":{"@type":"PropertyValueSpecification","valueRequired":true,"valueName":"search_term_string"}}],"inLanguage":"de"},{"@type":"Organization","@id":"https:\/\/marktxxl.de\/markt\/#organization","name":"Markt-XXL","url":"https:\/\/marktxxl.de\/markt\/","logo":{"@type":"ImageObject","inLanguage":"de","@id":"https:\/\/marktxxl.de\/markt\/#\/schema\/logo\/image\/","url":"https:\/\/marktxxl.de\/markt\/wp-content\/uploads\/sites\/3\/2020\/12\/logo.png","contentUrl":"https:\/\/marktxxl.de\/markt\/wp-content\/uploads\/sites\/3\/2020\/12\/logo.png","width":200,"height":70,"caption":"Markt-XXL"},"image":{"@id":"https:\/\/marktxxl.de\/markt\/#\/schema\/logo\/image\/"}}]}},"_links":{"self":[{"href":"https:\/\/marktxxl.de\/markt\/wp-json\/wp\/v2\/product\/30740","targetHints":{"allow":["GET"]}}],"collection":[{"href":"https:\/\/marktxxl.de\/markt\/wp-json\/wp\/v2\/product"}],"about":[{"href":"https:\/\/marktxxl.de\/markt\/wp-json\/wp\/v2\/types\/product"}],"replies":[{"embeddable":true,"href":"https:\/\/marktxxl.de\/markt\/wp-json\/wp\/v2\/comments?post=30740"}],"wp:featuredmedia":[{"embeddable":true,"href":"https:\/\/marktxxl.de\/markt\/wp-json\/wp\/v2\/media\/30741"}],"wp:attachment":[{"href":"https:\/\/marktxxl.de\/markt\/wp-json\/wp\/v2\/media?parent=30740"}],"wp:term":[{"taxonomy":"product_brand","embeddable":true,"href":"https:\/\/marktxxl.de\/markt\/wp-json\/wp\/v2\/product_brand?post=30740"},{"taxonomy":"product_cat","embeddable":true,"href":"https:\/\/marktxxl.de\/markt\/wp-json\/wp\/v2\/product_cat?post=30740"},{"taxonomy":"product_tag","embeddable":true,"href":"https:\/\/marktxxl.de\/markt\/wp-json\/wp\/v2\/product_tag?post=30740"}],"curies":[{"name":"wp","href":"https:\/\/api.w.org\/{rel}","templated":true}]}}