{"id":30720,"date":"2021-09-12T23:24:22","date_gmt":"2021-09-12T21:24:22","guid":{"rendered":"https:\/\/marktxxl.de\/markt\/produkt\/mapalou-autositzschoner-kindersitzunterlage-premium-autositzauflage-kindersitz-schutzunterlage-isofix-geeignet-rutschfest-wasserdicht-unterlage-auto-sitzschoner-kinder-autositz-sitzauflage\/"},"modified":"2023-04-11T01:42:18","modified_gmt":"2023-04-10T23:42:18","slug":"mapalou-autositzschoner-kindersitzunterlage-premium-autositzauflage-kindersitz-schutzunterlage-isofix-geeignet-rutschfest-wasserdicht-unterlage-auto-sitzschoner-kinder-autositz-sitzauflage","status":"publish","type":"product","link":"https:\/\/marktxxl.de\/markt\/produkt\/mapalou-autositzschoner-kindersitzunterlage-premium-autositzauflage-kindersitz-schutzunterlage-isofix-geeignet-rutschfest-wasserdicht-unterlage-auto-sitzschoner-kinder-autositz-sitzauflage\/","title":{"rendered":"MAPALOU Autositzschoner Kindersitzunterlage Premium Autositzauflage Kindersitz &#8211; Schutzunterlage ISOFIX geeignet\u2026"},"content":{"rendered":"<p>&amp;#9989 H\u00d6CHSTE SICHERHEIT UND BESTER SCHUTZ: Die Mapalou Sitzauflage sorgt dank dem innovativen Netz-Design auf der Unterseite und der Einstecklasche zwischen Sitz und R\u00fcckenlehne f\u00fcr idealen Halt des Kindersitzes. Die hochwertige und extra dicke Schaumstoff Polsterung sch\u00fctzt zudem zuverl\u00e4ssig Deinen Autositz vor Druckstellen durch den Kindersitz.<br \/>\n&amp;#9989 PREMIUM ROYAL OXFORD &#8211; WIR SPAREN NICHT BEIM MATERIAL: Bei der Auswahl der Materialien haben wir uns f\u00fcr die bestm\u00f6gliche Qualit\u00e4t entschieden. Das hochwertige und strapazierf\u00e4hige Royal Oxford 900D Material, optimale Verarbeitung sowie extra starke N\u00e4hte sorgen f\u00fcr lange Haltbarkeit und mehr Komfort. Zudem ist das wasserabweisende Material leicht mit einem feuchten Schwamm zu reinigen.<br \/>\n&amp;#9989 DURCHDACHTES DESIGN &#8211; 20% MEHR SCHUTZ: Unser Design ist das Ergebnis von zahlreichen Tests und R\u00fcckmeldungen vieler Familien. Wir haben besonders auf die optimierte Gr\u00f6\u00dfe geachtet und zus\u00e4tzlich Seitenlaschen hinzugef\u00fcgt. Damit bietet die Sitzauflage idealen Schutz f\u00fcr gro\u00dfe und kleine Autositze. Auf der unteren Seite der Sitzauflage bieten zwei Netztaschen extra Stauraum f\u00fcr Spielzeug, Getr\u00e4nke, Feuchtt\u00fccher und vieles mehr!<br \/>\n&amp;#9989 F\u00dcR JEDEN KINDERSITZ GEEIGNET: Die Sitzauflage ist nicht nur kinderleicht zu befestigen sondern eignet sich sowohl f\u00fcr vorw\u00e4rts- und r\u00fcckw\u00e4rtsgerichtete Kindersitze als auch Babyschalen, Reboarder und Sitzerh\u00f6hungen. ISOFIX Befestigungen haben wir ebenfalls in unserem Design ber\u00fccksichtigt!<br \/>\n&amp;#9989 DEUTSCHSPRACHIGER 24\/7 SUPPORT: WIR SIND IMMER F\u00dcR DICH DA \u2013 \u00dcberzeuge dich selbst! Gerade als qualit\u00e4tsbewusste Familienv\u00e4ter setzen wir uns denselben hohen Standard, den wir auch von anderen erwarten. Wir sind \u00fcberzeugt, dass gerade bei den Kleinsten unter uns \u201egut\u201c nicht gut genug ist! Sollten wir dennoch deine Erwartungen nicht erf\u00fcllen, wende dich einfach an unseren 24\/7 Support und wir finden bestimmt eine zufriedenstellende L\u00f6sung!<br \/>\n<div class=\"main-cross-sell\" data-asin=\"B07ZZLH6ZY\">\n\n\t<div class=\"WooZone-cross-sell-loader\">\n\t\t<div>\n\t\t\t<div id=\"floatingBarsG\">\n\t\t\t\t<div class=\"blockG\" id=\"rotateG_01\"><\/div>\n\t\t\t\t<div class=\"blockG\" id=\"rotateG_02\"><\/div>\n\t\t\t\t<div class=\"blockG\" id=\"rotateG_03\"><\/div>\n\t\t\t\t<div class=\"blockG\" id=\"rotateG_04\"><\/div>\n\t\t\t\t<div class=\"blockG\" id=\"rotateG_05\"><\/div>\n\t\t\t\t<div class=\"blockG\" id=\"rotateG_06\"><\/div>\n\t\t\t\t<div class=\"blockG\" id=\"rotateG_07\"><\/div>\n\t\t\t\t<div class=\"blockG\" id=\"rotateG_08\"><\/div>\n\t\t\t<\/div>\n\t\t\t<div class=\"WooZone-cross-sell-loader-text\"><\/div>\n\t\t<\/div>\n\t<\/div>\n\n\t\t\n<\/div>\n<div style=\"clear:both;\"><\/div><\/p>\n","protected":false},"excerpt":{"rendered":"<p>&amp;#9989 H\u00d6CHSTE SICHERHEIT UND BESTER SCHUTZ: Die Mapalou Sitzauflage sorgt dank dem innovativen Netz-Design auf der Unterseite und der Einstecklasche zwischen Sitz und R\u00fcckenlehne f\u00fcr idealen Halt des Kindersitzes. Die hochwertige und extra dicke Schaumstoff Polsterung sch\u00fctzt zudem zuverl\u00e4ssig Deinen Autositz vor Druckstellen durch den Kindersitz.<br \/>\n&amp;#9989 PREMIUM ROYAL OXFORD &#8211; WIR SPAREN NICHT BEIM MATERIAL: Bei der Auswahl der Materialien haben wir uns f\u00fcr die bestm\u00f6gliche Qualit\u00e4t entschieden. Das hochwertige und strapazierf\u00e4hige Royal Oxford 900D Material, optimale Verarbeitung sowie extra starke N\u00e4hte sorgen f\u00fcr lange Haltbarkeit und mehr Komfort. Zudem ist das wasserabweisende Material leicht mit einem feuchten Schwamm zu reinigen.<br \/>\n&amp;#9989 DURCHDACHTES DESIGN &#8211; 20% MEHR SCHUTZ: Unser Design ist das Ergebnis von zahlreichen Tests und R\u00fcckmeldungen vieler Familien. Wir haben besonders auf die optimierte Gr\u00f6\u00dfe geachtet und zus\u00e4tzlich Seitenlaschen hinzugef\u00fcgt. Damit bietet die Sitzauflage idealen Schutz f\u00fcr gro\u00dfe und kleine Autositze. Auf der unteren Seite der Sitzauflage bieten zwei Netztaschen extra Stauraum f\u00fcr Spielzeug, Getr\u00e4nke, Feuchtt\u00fccher und vieles mehr!<\/p>\n","protected":false},"featured_media":30721,"comment_status":"open","ping_status":"closed","template":"","meta":[],"product_brand":[],"product_cat":[8765,21],"product_tag":[],"class_list":{"0":"post-30720","1":"product","2":"type-product","3":"status-publish","4":"has-post-thumbnail","6":"product_cat-autositze-zubehoer-baby","7":"product_cat-baby","8":"pa_binding-babyartikel","9":"pa_brand-mapalou","10":"pa_manufacturer-mapalou","11":"pa_size-1-stueck-1er-pack","13":"first","14":"instock","15":"shipping-taxable","16":"purchasable","17":"product-type-simple","18":"customify-col","19":"product-has-gallery"},"yoast_head":"<!-- This site is optimized with the Yoast SEO plugin v27.4 - https:\/\/yoast.com\/product\/yoast-seo-wordpress\/ -->\n<title>MAPALOU Autositzschoner Kindersitzunterlage Premium Autositzauflage Kindersitz - Schutzunterlage ISOFIX geeignet\u2026 - Markt-XXL<\/title>\n<meta name=\"description\" content=\"Markt-XXL MAPALOU Autositzschoner Kindersitzunterlage Premium Autositzauflage Kindersitz - Schutzunterlage ISOFIX geeignet\u2026\" \/>\n<meta name=\"robots\" content=\"index, follow, max-snippet:-1, max-image-preview:large, max-video-preview:-1\" \/>\n<link rel=\"canonical\" href=\"https:\/\/marktxxl.de\/markt\/produkt\/mapalou-autositzschoner-kindersitzunterlage-premium-autositzauflage-kindersitz-schutzunterlage-isofix-geeignet-rutschfest-wasserdicht-unterlage-auto-sitzschoner-kinder-autositz-sitzauflage\/\" \/>\n<meta property=\"og:locale\" content=\"de_DE\" \/>\n<meta property=\"og:type\" content=\"article\" \/>\n<meta property=\"og:title\" content=\"MAPALOU Autositzschoner Kindersitzunterlage Premium Autositzauflage Kindersitz - Schutzunterlage ISOFIX geeignet\u2026 - Markt-XXL\" \/>\n<meta property=\"og:description\" content=\"Markt-XXL MAPALOU Autositzschoner Kindersitzunterlage Premium Autositzauflage Kindersitz - Schutzunterlage ISOFIX geeignet\u2026\" \/>\n<meta property=\"og:url\" content=\"https:\/\/marktxxl.de\/markt\/produkt\/mapalou-autositzschoner-kindersitzunterlage-premium-autositzauflage-kindersitz-schutzunterlage-isofix-geeignet-rutschfest-wasserdicht-unterlage-auto-sitzschoner-kinder-autositz-sitzauflage\/\" \/>\n<meta property=\"og:site_name\" content=\"Markt-XXL\" \/>\n<meta property=\"article:modified_time\" content=\"2023-04-10T23:42:18+00:00\" \/>\n<meta property=\"og:image\" content=\"https:\/\/m.media-amazon.com\/images\/I\/31ATaeRBh4L._SL500_.jpg\" \/>\n\t<meta property=\"og:image:width\" content=\"500\" \/>\n\t<meta property=\"og:image:height\" content=\"500\" \/>\n\t<meta property=\"og:image:type\" content=\"image\/jpeg\" \/>\n<meta name=\"twitter:card\" content=\"summary_large_image\" \/>\n<meta name=\"twitter:label1\" content=\"Gesch\u00e4tzte Lesezeit\" \/>\n\t<meta name=\"twitter:data1\" content=\"2\u00a0Minuten\" \/>\n<script type=\"application\/ld+json\" class=\"yoast-schema-graph\">{\"@context\":\"https:\\\/\\\/schema.org\",\"@graph\":[{\"@type\":\"WebPage\",\"@id\":\"https:\\\/\\\/marktxxl.de\\\/markt\\\/produkt\\\/mapalou-autositzschoner-kindersitzunterlage-premium-autositzauflage-kindersitz-schutzunterlage-isofix-geeignet-rutschfest-wasserdicht-unterlage-auto-sitzschoner-kinder-autositz-sitzauflage\\\/\",\"url\":\"https:\\\/\\\/marktxxl.de\\\/markt\\\/produkt\\\/mapalou-autositzschoner-kindersitzunterlage-premium-autositzauflage-kindersitz-schutzunterlage-isofix-geeignet-rutschfest-wasserdicht-unterlage-auto-sitzschoner-kinder-autositz-sitzauflage\\\/\",\"name\":\"MAPALOU Autositzschoner Kindersitzunterlage Premium Autositzauflage Kindersitz - Schutzunterlage ISOFIX geeignet\u2026 - Markt-XXL\",\"isPartOf\":{\"@id\":\"https:\\\/\\\/marktxxl.de\\\/markt\\\/#website\"},\"primaryImageOfPage\":{\"@id\":\"https:\\\/\\\/marktxxl.de\\\/markt\\\/produkt\\\/mapalou-autositzschoner-kindersitzunterlage-premium-autositzauflage-kindersitz-schutzunterlage-isofix-geeignet-rutschfest-wasserdicht-unterlage-auto-sitzschoner-kinder-autositz-sitzauflage\\\/#primaryimage\"},\"image\":{\"@id\":\"https:\\\/\\\/marktxxl.de\\\/markt\\\/produkt\\\/mapalou-autositzschoner-kindersitzunterlage-premium-autositzauflage-kindersitz-schutzunterlage-isofix-geeignet-rutschfest-wasserdicht-unterlage-auto-sitzschoner-kinder-autositz-sitzauflage\\\/#primaryimage\"},\"thumbnailUrl\":\"https:\\\/\\\/m.media-amazon.com\\\/images\\\/I\\\/31ATaeRBh4L._SL500_.jpg\",\"datePublished\":\"2021-09-12T21:24:22+00:00\",\"dateModified\":\"2023-04-10T23:42:18+00:00\",\"description\":\"Markt-XXL MAPALOU Autositzschoner Kindersitzunterlage Premium Autositzauflage Kindersitz - Schutzunterlage ISOFIX geeignet\u2026\",\"breadcrumb\":{\"@id\":\"https:\\\/\\\/marktxxl.de\\\/markt\\\/produkt\\\/mapalou-autositzschoner-kindersitzunterlage-premium-autositzauflage-kindersitz-schutzunterlage-isofix-geeignet-rutschfest-wasserdicht-unterlage-auto-sitzschoner-kinder-autositz-sitzauflage\\\/#breadcrumb\"},\"inLanguage\":\"de\",\"potentialAction\":[{\"@type\":\"ReadAction\",\"target\":[\"https:\\\/\\\/marktxxl.de\\\/markt\\\/produkt\\\/mapalou-autositzschoner-kindersitzunterlage-premium-autositzauflage-kindersitz-schutzunterlage-isofix-geeignet-rutschfest-wasserdicht-unterlage-auto-sitzschoner-kinder-autositz-sitzauflage\\\/\"]}]},{\"@type\":\"ImageObject\",\"inLanguage\":\"de\",\"@id\":\"https:\\\/\\\/marktxxl.de\\\/markt\\\/produkt\\\/mapalou-autositzschoner-kindersitzunterlage-premium-autositzauflage-kindersitz-schutzunterlage-isofix-geeignet-rutschfest-wasserdicht-unterlage-auto-sitzschoner-kinder-autositz-sitzauflage\\\/#primaryimage\",\"url\":\"https:\\\/\\\/m.media-amazon.com\\\/images\\\/I\\\/31ATaeRBh4L._SL500_.jpg\",\"contentUrl\":\"https:\\\/\\\/m.media-amazon.com\\\/images\\\/I\\\/31ATaeRBh4L._SL500_.jpg\",\"width\":500,\"height\":500},{\"@type\":\"BreadcrumbList\",\"@id\":\"https:\\\/\\\/marktxxl.de\\\/markt\\\/produkt\\\/mapalou-autositzschoner-kindersitzunterlage-premium-autositzauflage-kindersitz-schutzunterlage-isofix-geeignet-rutschfest-wasserdicht-unterlage-auto-sitzschoner-kinder-autositz-sitzauflage\\\/#breadcrumb\",\"itemListElement\":[{\"@type\":\"ListItem\",\"position\":1,\"name\":\"Startseite\",\"item\":\"https:\\\/\\\/marktxxl.de\\\/markt\\\/\"},{\"@type\":\"ListItem\",\"position\":2,\"name\":\"Markt\",\"item\":\"https:\\\/\\\/marktxxl.de\\\/markt\\\/\"},{\"@type\":\"ListItem\",\"position\":3,\"name\":\"MAPALOU Autositzschoner Kindersitzunterlage Premium Autositzauflage Kindersitz &#8211; Schutzunterlage ISOFIX geeignet\u2026\"}]},{\"@type\":\"WebSite\",\"@id\":\"https:\\\/\\\/marktxxl.de\\\/markt\\\/#website\",\"url\":\"https:\\\/\\\/marktxxl.de\\\/markt\\\/\",\"name\":\"Markt-XXL\",\"description\":\"Ihr Markt Online\",\"publisher\":{\"@id\":\"https:\\\/\\\/marktxxl.de\\\/markt\\\/#organization\"},\"potentialAction\":[{\"@type\":\"SearchAction\",\"target\":{\"@type\":\"EntryPoint\",\"urlTemplate\":\"https:\\\/\\\/marktxxl.de\\\/markt\\\/?s={search_term_string}\"},\"query-input\":{\"@type\":\"PropertyValueSpecification\",\"valueRequired\":true,\"valueName\":\"search_term_string\"}}],\"inLanguage\":\"de\"},{\"@type\":\"Organization\",\"@id\":\"https:\\\/\\\/marktxxl.de\\\/markt\\\/#organization\",\"name\":\"Markt-XXL\",\"url\":\"https:\\\/\\\/marktxxl.de\\\/markt\\\/\",\"logo\":{\"@type\":\"ImageObject\",\"inLanguage\":\"de\",\"@id\":\"https:\\\/\\\/marktxxl.de\\\/markt\\\/#\\\/schema\\\/logo\\\/image\\\/\",\"url\":\"https:\\\/\\\/marktxxl.de\\\/markt\\\/wp-content\\\/uploads\\\/sites\\\/3\\\/2020\\\/12\\\/logo.png\",\"contentUrl\":\"https:\\\/\\\/marktxxl.de\\\/markt\\\/wp-content\\\/uploads\\\/sites\\\/3\\\/2020\\\/12\\\/logo.png\",\"width\":200,\"height\":70,\"caption\":\"Markt-XXL\"},\"image\":{\"@id\":\"https:\\\/\\\/marktxxl.de\\\/markt\\\/#\\\/schema\\\/logo\\\/image\\\/\"}}]}<\/script>\n<!-- \/ Yoast SEO plugin. -->","yoast_head_json":{"title":"MAPALOU Autositzschoner Kindersitzunterlage Premium Autositzauflage Kindersitz - Schutzunterlage ISOFIX geeignet\u2026 - Markt-XXL","description":"Markt-XXL MAPALOU Autositzschoner Kindersitzunterlage Premium Autositzauflage Kindersitz - Schutzunterlage ISOFIX geeignet\u2026","robots":{"index":"index","follow":"follow","max-snippet":"max-snippet:-1","max-image-preview":"max-image-preview:large","max-video-preview":"max-video-preview:-1"},"canonical":"https:\/\/marktxxl.de\/markt\/produkt\/mapalou-autositzschoner-kindersitzunterlage-premium-autositzauflage-kindersitz-schutzunterlage-isofix-geeignet-rutschfest-wasserdicht-unterlage-auto-sitzschoner-kinder-autositz-sitzauflage\/","og_locale":"de_DE","og_type":"article","og_title":"MAPALOU Autositzschoner Kindersitzunterlage Premium Autositzauflage Kindersitz - Schutzunterlage ISOFIX geeignet\u2026 - Markt-XXL","og_description":"Markt-XXL MAPALOU Autositzschoner Kindersitzunterlage Premium Autositzauflage Kindersitz - Schutzunterlage ISOFIX geeignet\u2026","og_url":"https:\/\/marktxxl.de\/markt\/produkt\/mapalou-autositzschoner-kindersitzunterlage-premium-autositzauflage-kindersitz-schutzunterlage-isofix-geeignet-rutschfest-wasserdicht-unterlage-auto-sitzschoner-kinder-autositz-sitzauflage\/","og_site_name":"Markt-XXL","article_modified_time":"2023-04-10T23:42:18+00:00","og_image":[{"width":500,"height":500,"url":"https:\/\/m.media-amazon.com\/images\/I\/31ATaeRBh4L._SL500_.jpg","type":"image\/jpeg"}],"twitter_card":"summary_large_image","twitter_misc":{"Gesch\u00e4tzte Lesezeit":"2\u00a0Minuten"},"schema":{"@context":"https:\/\/schema.org","@graph":[{"@type":"WebPage","@id":"https:\/\/marktxxl.de\/markt\/produkt\/mapalou-autositzschoner-kindersitzunterlage-premium-autositzauflage-kindersitz-schutzunterlage-isofix-geeignet-rutschfest-wasserdicht-unterlage-auto-sitzschoner-kinder-autositz-sitzauflage\/","url":"https:\/\/marktxxl.de\/markt\/produkt\/mapalou-autositzschoner-kindersitzunterlage-premium-autositzauflage-kindersitz-schutzunterlage-isofix-geeignet-rutschfest-wasserdicht-unterlage-auto-sitzschoner-kinder-autositz-sitzauflage\/","name":"MAPALOU Autositzschoner Kindersitzunterlage Premium Autositzauflage Kindersitz - Schutzunterlage ISOFIX geeignet\u2026 - Markt-XXL","isPartOf":{"@id":"https:\/\/marktxxl.de\/markt\/#website"},"primaryImageOfPage":{"@id":"https:\/\/marktxxl.de\/markt\/produkt\/mapalou-autositzschoner-kindersitzunterlage-premium-autositzauflage-kindersitz-schutzunterlage-isofix-geeignet-rutschfest-wasserdicht-unterlage-auto-sitzschoner-kinder-autositz-sitzauflage\/#primaryimage"},"image":{"@id":"https:\/\/marktxxl.de\/markt\/produkt\/mapalou-autositzschoner-kindersitzunterlage-premium-autositzauflage-kindersitz-schutzunterlage-isofix-geeignet-rutschfest-wasserdicht-unterlage-auto-sitzschoner-kinder-autositz-sitzauflage\/#primaryimage"},"thumbnailUrl":"https:\/\/m.media-amazon.com\/images\/I\/31ATaeRBh4L._SL500_.jpg","datePublished":"2021-09-12T21:24:22+00:00","dateModified":"2023-04-10T23:42:18+00:00","description":"Markt-XXL MAPALOU Autositzschoner Kindersitzunterlage Premium Autositzauflage Kindersitz - Schutzunterlage ISOFIX geeignet\u2026","breadcrumb":{"@id":"https:\/\/marktxxl.de\/markt\/produkt\/mapalou-autositzschoner-kindersitzunterlage-premium-autositzauflage-kindersitz-schutzunterlage-isofix-geeignet-rutschfest-wasserdicht-unterlage-auto-sitzschoner-kinder-autositz-sitzauflage\/#breadcrumb"},"inLanguage":"de","potentialAction":[{"@type":"ReadAction","target":["https:\/\/marktxxl.de\/markt\/produkt\/mapalou-autositzschoner-kindersitzunterlage-premium-autositzauflage-kindersitz-schutzunterlage-isofix-geeignet-rutschfest-wasserdicht-unterlage-auto-sitzschoner-kinder-autositz-sitzauflage\/"]}]},{"@type":"ImageObject","inLanguage":"de","@id":"https:\/\/marktxxl.de\/markt\/produkt\/mapalou-autositzschoner-kindersitzunterlage-premium-autositzauflage-kindersitz-schutzunterlage-isofix-geeignet-rutschfest-wasserdicht-unterlage-auto-sitzschoner-kinder-autositz-sitzauflage\/#primaryimage","url":"https:\/\/m.media-amazon.com\/images\/I\/31ATaeRBh4L._SL500_.jpg","contentUrl":"https:\/\/m.media-amazon.com\/images\/I\/31ATaeRBh4L._SL500_.jpg","width":500,"height":500},{"@type":"BreadcrumbList","@id":"https:\/\/marktxxl.de\/markt\/produkt\/mapalou-autositzschoner-kindersitzunterlage-premium-autositzauflage-kindersitz-schutzunterlage-isofix-geeignet-rutschfest-wasserdicht-unterlage-auto-sitzschoner-kinder-autositz-sitzauflage\/#breadcrumb","itemListElement":[{"@type":"ListItem","position":1,"name":"Startseite","item":"https:\/\/marktxxl.de\/markt\/"},{"@type":"ListItem","position":2,"name":"Markt","item":"https:\/\/marktxxl.de\/markt\/"},{"@type":"ListItem","position":3,"name":"MAPALOU Autositzschoner Kindersitzunterlage Premium Autositzauflage Kindersitz &#8211; Schutzunterlage ISOFIX geeignet\u2026"}]},{"@type":"WebSite","@id":"https:\/\/marktxxl.de\/markt\/#website","url":"https:\/\/marktxxl.de\/markt\/","name":"Markt-XXL","description":"Ihr Markt Online","publisher":{"@id":"https:\/\/marktxxl.de\/markt\/#organization"},"potentialAction":[{"@type":"SearchAction","target":{"@type":"EntryPoint","urlTemplate":"https:\/\/marktxxl.de\/markt\/?s={search_term_string}"},"query-input":{"@type":"PropertyValueSpecification","valueRequired":true,"valueName":"search_term_string"}}],"inLanguage":"de"},{"@type":"Organization","@id":"https:\/\/marktxxl.de\/markt\/#organization","name":"Markt-XXL","url":"https:\/\/marktxxl.de\/markt\/","logo":{"@type":"ImageObject","inLanguage":"de","@id":"https:\/\/marktxxl.de\/markt\/#\/schema\/logo\/image\/","url":"https:\/\/marktxxl.de\/markt\/wp-content\/uploads\/sites\/3\/2020\/12\/logo.png","contentUrl":"https:\/\/marktxxl.de\/markt\/wp-content\/uploads\/sites\/3\/2020\/12\/logo.png","width":200,"height":70,"caption":"Markt-XXL"},"image":{"@id":"https:\/\/marktxxl.de\/markt\/#\/schema\/logo\/image\/"}}]}},"_links":{"self":[{"href":"https:\/\/marktxxl.de\/markt\/wp-json\/wp\/v2\/product\/30720","targetHints":{"allow":["GET"]}}],"collection":[{"href":"https:\/\/marktxxl.de\/markt\/wp-json\/wp\/v2\/product"}],"about":[{"href":"https:\/\/marktxxl.de\/markt\/wp-json\/wp\/v2\/types\/product"}],"replies":[{"embeddable":true,"href":"https:\/\/marktxxl.de\/markt\/wp-json\/wp\/v2\/comments?post=30720"}],"wp:featuredmedia":[{"embeddable":true,"href":"https:\/\/marktxxl.de\/markt\/wp-json\/wp\/v2\/media\/30721"}],"wp:attachment":[{"href":"https:\/\/marktxxl.de\/markt\/wp-json\/wp\/v2\/media?parent=30720"}],"wp:term":[{"taxonomy":"product_brand","embeddable":true,"href":"https:\/\/marktxxl.de\/markt\/wp-json\/wp\/v2\/product_brand?post=30720"},{"taxonomy":"product_cat","embeddable":true,"href":"https:\/\/marktxxl.de\/markt\/wp-json\/wp\/v2\/product_cat?post=30720"},{"taxonomy":"product_tag","embeddable":true,"href":"https:\/\/marktxxl.de\/markt\/wp-json\/wp\/v2\/product_tag?post=30720"}],"curies":[{"name":"wp","href":"https:\/\/api.w.org\/{rel}","templated":true}]}}