{"id":30538,"date":"2021-09-12T23:13:53","date_gmt":"2021-09-12T21:13:53","guid":{"rendered":"https:\/\/marktxxl.de\/markt\/produkt\/hansgrohe-perlator-strahlregler-ersatzteil-softjet-wassersparendes-luftsprudler-set-wasserhahn-sieb-mit-durchflussbegrenzer-5-l-min\/"},"modified":"2023-04-11T01:42:15","modified_gmt":"2023-04-10T23:42:15","slug":"hansgrohe-perlator-strahlregler-ersatzteil-softjet-wassersparendes-luftsprudler-set-wasserhahn-sieb-mit-durchflussbegrenzer-5-l-min","status":"publish","type":"product","link":"https:\/\/marktxxl.de\/markt\/produkt\/hansgrohe-perlator-strahlregler-ersatzteil-softjet-wassersparendes-luftsprudler-set-wasserhahn-sieb-mit-durchflussbegrenzer-5-l-min\/","title":{"rendered":"hansgrohe Perlator\/Strahlregler, Ersatzteil SoftJet, wassersparendes Luftsprudler Set, Wasserhahn Sieb mit\u2026"},"content":{"rendered":"<p>Mit dem wassersparenden EcoSmart Luftsprudler ben\u00f6tigen Armaturen bis zu 60% weniger Wasser als herk\u00f6mmliche Produkte &#8211; ohne Komfortverlust. So senken Sie Wasser- bzw. Energiekosten und schonen Ressourcen.<br \/>\nSet bestehend aus: 2 x Luftsprudler EcoSmart (5l\/min) inkl. verchromter Luftsprudlerh\u00fclse (Gewindegr\u00f6\u00dfe: M24x1)<br \/>\nReinigungsfreundlicher Luftsprudler &#8211; Kalkr\u00fcckst\u00e4nde lassen sich kinderleicht mit dem Finger abrubbeln (QuickClean)<br \/>\nHerstellergarantie: 5 Jahre bei Verkauf und Versand durch Amazon. Bei Verkauf und Versand durch einen Drittanbieter gelten die Angaben des jeweiligen Verk\u00e4ufers. Ausf\u00fchrliche Garantiebedingungen finden Sie unter \u201eWeitere technische Informationen\u201c auf dieser Seite, klicken Sie hierzu bitte auf \u201eGarantiehinweise\u201c.<br \/>\n<div class=\"main-cross-sell\" data-asin=\"B00HN14HIU\">\n\n\t<div class=\"WooZone-cross-sell-loader\">\n\t\t<div>\n\t\t\t<div id=\"floatingBarsG\">\n\t\t\t\t<div class=\"blockG\" id=\"rotateG_01\"><\/div>\n\t\t\t\t<div class=\"blockG\" id=\"rotateG_02\"><\/div>\n\t\t\t\t<div class=\"blockG\" id=\"rotateG_03\"><\/div>\n\t\t\t\t<div class=\"blockG\" id=\"rotateG_04\"><\/div>\n\t\t\t\t<div class=\"blockG\" id=\"rotateG_05\"><\/div>\n\t\t\t\t<div class=\"blockG\" id=\"rotateG_06\"><\/div>\n\t\t\t\t<div class=\"blockG\" id=\"rotateG_07\"><\/div>\n\t\t\t\t<div class=\"blockG\" id=\"rotateG_08\"><\/div>\n\t\t\t<\/div>\n\t\t\t<div class=\"WooZone-cross-sell-loader-text\"><\/div>\n\t\t<\/div>\n\t<\/div>\n\n\t\t\n<\/div>\n<div style=\"clear:both;\"><\/div><\/p>\n","protected":false},"excerpt":{"rendered":"<p>Mit dem wassersparenden EcoSmart Luftsprudler ben\u00f6tigen Armaturen bis zu 60% weniger Wasser als herk\u00f6mmliche Produkte &#8211; ohne Komfortverlust. So senken Sie Wasser- bzw. Energiekosten und schonen Ressourcen.<br \/>\nSet bestehend aus: 2 x Luftsprudler EcoSmart (5l\/min) inkl. verchromter Luftsprudlerh\u00fclse (Gewindegr\u00f6\u00dfe: M24x1)<br \/>\nReinigungsfreundlicher Luftsprudler &#8211; Kalkr\u00fcckst\u00e4nde lassen sich kinderleicht mit dem Finger abrubbeln (QuickClean)<\/p>\n","protected":false},"featured_media":30539,"comment_status":"open","ping_status":"closed","template":"","meta":[],"product_brand":[],"product_cat":[1983,11319],"product_tag":[],"class_list":{"0":"post-30538","1":"product","2":"type-product","3":"status-publish","4":"has-post-thumbnail","6":"product_cat-baumarkt","7":"product_cat-sanitaer","8":"pa_binding-werkzeug","9":"pa_brand-hansgrohe","10":"pa_brand-thames-hudson","11":"pa_height-0-3937-zoll","12":"pa_length-6-6929-zoll","13":"pa_manufacturer-hansgrohe","14":"pa_model-14051","15":"pa_width-3-34645-zoll","17":"first","18":"instock","19":"shipping-taxable","20":"purchasable","21":"product-type-simple","22":"customify-col","23":"product-has-gallery"},"yoast_head":"<!-- This site is optimized with the Yoast SEO plugin v27.4 - https:\/\/yoast.com\/product\/yoast-seo-wordpress\/ -->\n<title>hansgrohe Perlator\/Strahlregler, Ersatzteil SoftJet, wassersparendes Luftsprudler Set, Wasserhahn Sieb mit\u2026 - Markt-XXL<\/title>\n<meta name=\"description\" content=\"Markt-XXL hansgrohe Perlator\/Strahlregler, Ersatzteil SoftJet, wassersparendes Luftsprudler Set, Wasserhahn Sieb mit\u2026\" \/>\n<meta name=\"robots\" content=\"index, follow, max-snippet:-1, max-image-preview:large, max-video-preview:-1\" \/>\n<link rel=\"canonical\" href=\"https:\/\/marktxxl.de\/markt\/produkt\/hansgrohe-perlator-strahlregler-ersatzteil-softjet-wassersparendes-luftsprudler-set-wasserhahn-sieb-mit-durchflussbegrenzer-5-l-min\/\" \/>\n<meta property=\"og:locale\" content=\"de_DE\" \/>\n<meta property=\"og:type\" content=\"article\" \/>\n<meta property=\"og:title\" content=\"hansgrohe Perlator\/Strahlregler, Ersatzteil SoftJet, wassersparendes Luftsprudler Set, Wasserhahn Sieb mit\u2026 - Markt-XXL\" \/>\n<meta property=\"og:description\" content=\"Markt-XXL hansgrohe Perlator\/Strahlregler, Ersatzteil SoftJet, wassersparendes Luftsprudler Set, Wasserhahn Sieb mit\u2026\" \/>\n<meta property=\"og:url\" content=\"https:\/\/marktxxl.de\/markt\/produkt\/hansgrohe-perlator-strahlregler-ersatzteil-softjet-wassersparendes-luftsprudler-set-wasserhahn-sieb-mit-durchflussbegrenzer-5-l-min\/\" \/>\n<meta property=\"og:site_name\" content=\"Markt-XXL\" \/>\n<meta property=\"article:modified_time\" content=\"2023-04-10T23:42:15+00:00\" \/>\n<meta property=\"og:image\" content=\"https:\/\/m.media-amazon.com\/images\/I\/411ATTvcEpL._SL500_.jpg\" \/>\n\t<meta property=\"og:image:width\" content=\"500\" \/>\n\t<meta property=\"og:image:height\" content=\"500\" \/>\n\t<meta property=\"og:image:type\" content=\"image\/jpeg\" \/>\n<meta name=\"twitter:card\" content=\"summary_large_image\" \/>\n<meta name=\"twitter:label1\" content=\"Gesch\u00e4tzte Lesezeit\" \/>\n\t<meta name=\"twitter:data1\" content=\"1\u00a0Minute\" \/>\n<script type=\"application\/ld+json\" class=\"yoast-schema-graph\">{\"@context\":\"https:\\\/\\\/schema.org\",\"@graph\":[{\"@type\":\"WebPage\",\"@id\":\"https:\\\/\\\/marktxxl.de\\\/markt\\\/produkt\\\/hansgrohe-perlator-strahlregler-ersatzteil-softjet-wassersparendes-luftsprudler-set-wasserhahn-sieb-mit-durchflussbegrenzer-5-l-min\\\/\",\"url\":\"https:\\\/\\\/marktxxl.de\\\/markt\\\/produkt\\\/hansgrohe-perlator-strahlregler-ersatzteil-softjet-wassersparendes-luftsprudler-set-wasserhahn-sieb-mit-durchflussbegrenzer-5-l-min\\\/\",\"name\":\"hansgrohe Perlator\\\/Strahlregler, Ersatzteil SoftJet, wassersparendes Luftsprudler Set, Wasserhahn Sieb mit\u2026 - Markt-XXL\",\"isPartOf\":{\"@id\":\"https:\\\/\\\/marktxxl.de\\\/markt\\\/#website\"},\"primaryImageOfPage\":{\"@id\":\"https:\\\/\\\/marktxxl.de\\\/markt\\\/produkt\\\/hansgrohe-perlator-strahlregler-ersatzteil-softjet-wassersparendes-luftsprudler-set-wasserhahn-sieb-mit-durchflussbegrenzer-5-l-min\\\/#primaryimage\"},\"image\":{\"@id\":\"https:\\\/\\\/marktxxl.de\\\/markt\\\/produkt\\\/hansgrohe-perlator-strahlregler-ersatzteil-softjet-wassersparendes-luftsprudler-set-wasserhahn-sieb-mit-durchflussbegrenzer-5-l-min\\\/#primaryimage\"},\"thumbnailUrl\":\"https:\\\/\\\/m.media-amazon.com\\\/images\\\/I\\\/411ATTvcEpL._SL500_.jpg\",\"datePublished\":\"2021-09-12T21:13:53+00:00\",\"dateModified\":\"2023-04-10T23:42:15+00:00\",\"description\":\"Markt-XXL hansgrohe Perlator\\\/Strahlregler, Ersatzteil SoftJet, wassersparendes Luftsprudler Set, Wasserhahn Sieb mit\u2026\",\"breadcrumb\":{\"@id\":\"https:\\\/\\\/marktxxl.de\\\/markt\\\/produkt\\\/hansgrohe-perlator-strahlregler-ersatzteil-softjet-wassersparendes-luftsprudler-set-wasserhahn-sieb-mit-durchflussbegrenzer-5-l-min\\\/#breadcrumb\"},\"inLanguage\":\"de\",\"potentialAction\":[{\"@type\":\"ReadAction\",\"target\":[\"https:\\\/\\\/marktxxl.de\\\/markt\\\/produkt\\\/hansgrohe-perlator-strahlregler-ersatzteil-softjet-wassersparendes-luftsprudler-set-wasserhahn-sieb-mit-durchflussbegrenzer-5-l-min\\\/\"]}]},{\"@type\":\"ImageObject\",\"inLanguage\":\"de\",\"@id\":\"https:\\\/\\\/marktxxl.de\\\/markt\\\/produkt\\\/hansgrohe-perlator-strahlregler-ersatzteil-softjet-wassersparendes-luftsprudler-set-wasserhahn-sieb-mit-durchflussbegrenzer-5-l-min\\\/#primaryimage\",\"url\":\"https:\\\/\\\/m.media-amazon.com\\\/images\\\/I\\\/411ATTvcEpL._SL500_.jpg\",\"contentUrl\":\"https:\\\/\\\/m.media-amazon.com\\\/images\\\/I\\\/411ATTvcEpL._SL500_.jpg\",\"width\":500,\"height\":500},{\"@type\":\"BreadcrumbList\",\"@id\":\"https:\\\/\\\/marktxxl.de\\\/markt\\\/produkt\\\/hansgrohe-perlator-strahlregler-ersatzteil-softjet-wassersparendes-luftsprudler-set-wasserhahn-sieb-mit-durchflussbegrenzer-5-l-min\\\/#breadcrumb\",\"itemListElement\":[{\"@type\":\"ListItem\",\"position\":1,\"name\":\"Startseite\",\"item\":\"https:\\\/\\\/marktxxl.de\\\/markt\\\/\"},{\"@type\":\"ListItem\",\"position\":2,\"name\":\"Markt\",\"item\":\"https:\\\/\\\/marktxxl.de\\\/markt\\\/\"},{\"@type\":\"ListItem\",\"position\":3,\"name\":\"hansgrohe Perlator\\\/Strahlregler, Ersatzteil SoftJet, wassersparendes Luftsprudler Set, Wasserhahn Sieb mit\u2026\"}]},{\"@type\":\"WebSite\",\"@id\":\"https:\\\/\\\/marktxxl.de\\\/markt\\\/#website\",\"url\":\"https:\\\/\\\/marktxxl.de\\\/markt\\\/\",\"name\":\"Markt-XXL\",\"description\":\"Ihr Markt Online\",\"publisher\":{\"@id\":\"https:\\\/\\\/marktxxl.de\\\/markt\\\/#organization\"},\"potentialAction\":[{\"@type\":\"SearchAction\",\"target\":{\"@type\":\"EntryPoint\",\"urlTemplate\":\"https:\\\/\\\/marktxxl.de\\\/markt\\\/?s={search_term_string}\"},\"query-input\":{\"@type\":\"PropertyValueSpecification\",\"valueRequired\":true,\"valueName\":\"search_term_string\"}}],\"inLanguage\":\"de\"},{\"@type\":\"Organization\",\"@id\":\"https:\\\/\\\/marktxxl.de\\\/markt\\\/#organization\",\"name\":\"Markt-XXL\",\"url\":\"https:\\\/\\\/marktxxl.de\\\/markt\\\/\",\"logo\":{\"@type\":\"ImageObject\",\"inLanguage\":\"de\",\"@id\":\"https:\\\/\\\/marktxxl.de\\\/markt\\\/#\\\/schema\\\/logo\\\/image\\\/\",\"url\":\"https:\\\/\\\/marktxxl.de\\\/markt\\\/wp-content\\\/uploads\\\/sites\\\/3\\\/2020\\\/12\\\/logo.png\",\"contentUrl\":\"https:\\\/\\\/marktxxl.de\\\/markt\\\/wp-content\\\/uploads\\\/sites\\\/3\\\/2020\\\/12\\\/logo.png\",\"width\":200,\"height\":70,\"caption\":\"Markt-XXL\"},\"image\":{\"@id\":\"https:\\\/\\\/marktxxl.de\\\/markt\\\/#\\\/schema\\\/logo\\\/image\\\/\"}}]}<\/script>\n<!-- \/ Yoast SEO plugin. -->","yoast_head_json":{"title":"hansgrohe Perlator\/Strahlregler, Ersatzteil SoftJet, wassersparendes Luftsprudler Set, Wasserhahn Sieb mit\u2026 - Markt-XXL","description":"Markt-XXL hansgrohe Perlator\/Strahlregler, Ersatzteil SoftJet, wassersparendes Luftsprudler Set, Wasserhahn Sieb mit\u2026","robots":{"index":"index","follow":"follow","max-snippet":"max-snippet:-1","max-image-preview":"max-image-preview:large","max-video-preview":"max-video-preview:-1"},"canonical":"https:\/\/marktxxl.de\/markt\/produkt\/hansgrohe-perlator-strahlregler-ersatzteil-softjet-wassersparendes-luftsprudler-set-wasserhahn-sieb-mit-durchflussbegrenzer-5-l-min\/","og_locale":"de_DE","og_type":"article","og_title":"hansgrohe Perlator\/Strahlregler, Ersatzteil SoftJet, wassersparendes Luftsprudler Set, Wasserhahn Sieb mit\u2026 - Markt-XXL","og_description":"Markt-XXL hansgrohe Perlator\/Strahlregler, Ersatzteil SoftJet, wassersparendes Luftsprudler Set, Wasserhahn Sieb mit\u2026","og_url":"https:\/\/marktxxl.de\/markt\/produkt\/hansgrohe-perlator-strahlregler-ersatzteil-softjet-wassersparendes-luftsprudler-set-wasserhahn-sieb-mit-durchflussbegrenzer-5-l-min\/","og_site_name":"Markt-XXL","article_modified_time":"2023-04-10T23:42:15+00:00","og_image":[{"width":500,"height":500,"url":"https:\/\/m.media-amazon.com\/images\/I\/411ATTvcEpL._SL500_.jpg","type":"image\/jpeg"}],"twitter_card":"summary_large_image","twitter_misc":{"Gesch\u00e4tzte Lesezeit":"1\u00a0Minute"},"schema":{"@context":"https:\/\/schema.org","@graph":[{"@type":"WebPage","@id":"https:\/\/marktxxl.de\/markt\/produkt\/hansgrohe-perlator-strahlregler-ersatzteil-softjet-wassersparendes-luftsprudler-set-wasserhahn-sieb-mit-durchflussbegrenzer-5-l-min\/","url":"https:\/\/marktxxl.de\/markt\/produkt\/hansgrohe-perlator-strahlregler-ersatzteil-softjet-wassersparendes-luftsprudler-set-wasserhahn-sieb-mit-durchflussbegrenzer-5-l-min\/","name":"hansgrohe Perlator\/Strahlregler, Ersatzteil SoftJet, wassersparendes Luftsprudler Set, Wasserhahn Sieb mit\u2026 - Markt-XXL","isPartOf":{"@id":"https:\/\/marktxxl.de\/markt\/#website"},"primaryImageOfPage":{"@id":"https:\/\/marktxxl.de\/markt\/produkt\/hansgrohe-perlator-strahlregler-ersatzteil-softjet-wassersparendes-luftsprudler-set-wasserhahn-sieb-mit-durchflussbegrenzer-5-l-min\/#primaryimage"},"image":{"@id":"https:\/\/marktxxl.de\/markt\/produkt\/hansgrohe-perlator-strahlregler-ersatzteil-softjet-wassersparendes-luftsprudler-set-wasserhahn-sieb-mit-durchflussbegrenzer-5-l-min\/#primaryimage"},"thumbnailUrl":"https:\/\/m.media-amazon.com\/images\/I\/411ATTvcEpL._SL500_.jpg","datePublished":"2021-09-12T21:13:53+00:00","dateModified":"2023-04-10T23:42:15+00:00","description":"Markt-XXL hansgrohe Perlator\/Strahlregler, Ersatzteil SoftJet, wassersparendes Luftsprudler Set, Wasserhahn Sieb mit\u2026","breadcrumb":{"@id":"https:\/\/marktxxl.de\/markt\/produkt\/hansgrohe-perlator-strahlregler-ersatzteil-softjet-wassersparendes-luftsprudler-set-wasserhahn-sieb-mit-durchflussbegrenzer-5-l-min\/#breadcrumb"},"inLanguage":"de","potentialAction":[{"@type":"ReadAction","target":["https:\/\/marktxxl.de\/markt\/produkt\/hansgrohe-perlator-strahlregler-ersatzteil-softjet-wassersparendes-luftsprudler-set-wasserhahn-sieb-mit-durchflussbegrenzer-5-l-min\/"]}]},{"@type":"ImageObject","inLanguage":"de","@id":"https:\/\/marktxxl.de\/markt\/produkt\/hansgrohe-perlator-strahlregler-ersatzteil-softjet-wassersparendes-luftsprudler-set-wasserhahn-sieb-mit-durchflussbegrenzer-5-l-min\/#primaryimage","url":"https:\/\/m.media-amazon.com\/images\/I\/411ATTvcEpL._SL500_.jpg","contentUrl":"https:\/\/m.media-amazon.com\/images\/I\/411ATTvcEpL._SL500_.jpg","width":500,"height":500},{"@type":"BreadcrumbList","@id":"https:\/\/marktxxl.de\/markt\/produkt\/hansgrohe-perlator-strahlregler-ersatzteil-softjet-wassersparendes-luftsprudler-set-wasserhahn-sieb-mit-durchflussbegrenzer-5-l-min\/#breadcrumb","itemListElement":[{"@type":"ListItem","position":1,"name":"Startseite","item":"https:\/\/marktxxl.de\/markt\/"},{"@type":"ListItem","position":2,"name":"Markt","item":"https:\/\/marktxxl.de\/markt\/"},{"@type":"ListItem","position":3,"name":"hansgrohe Perlator\/Strahlregler, Ersatzteil SoftJet, wassersparendes Luftsprudler Set, Wasserhahn Sieb mit\u2026"}]},{"@type":"WebSite","@id":"https:\/\/marktxxl.de\/markt\/#website","url":"https:\/\/marktxxl.de\/markt\/","name":"Markt-XXL","description":"Ihr Markt Online","publisher":{"@id":"https:\/\/marktxxl.de\/markt\/#organization"},"potentialAction":[{"@type":"SearchAction","target":{"@type":"EntryPoint","urlTemplate":"https:\/\/marktxxl.de\/markt\/?s={search_term_string}"},"query-input":{"@type":"PropertyValueSpecification","valueRequired":true,"valueName":"search_term_string"}}],"inLanguage":"de"},{"@type":"Organization","@id":"https:\/\/marktxxl.de\/markt\/#organization","name":"Markt-XXL","url":"https:\/\/marktxxl.de\/markt\/","logo":{"@type":"ImageObject","inLanguage":"de","@id":"https:\/\/marktxxl.de\/markt\/#\/schema\/logo\/image\/","url":"https:\/\/marktxxl.de\/markt\/wp-content\/uploads\/sites\/3\/2020\/12\/logo.png","contentUrl":"https:\/\/marktxxl.de\/markt\/wp-content\/uploads\/sites\/3\/2020\/12\/logo.png","width":200,"height":70,"caption":"Markt-XXL"},"image":{"@id":"https:\/\/marktxxl.de\/markt\/#\/schema\/logo\/image\/"}}]}},"_links":{"self":[{"href":"https:\/\/marktxxl.de\/markt\/wp-json\/wp\/v2\/product\/30538","targetHints":{"allow":["GET"]}}],"collection":[{"href":"https:\/\/marktxxl.de\/markt\/wp-json\/wp\/v2\/product"}],"about":[{"href":"https:\/\/marktxxl.de\/markt\/wp-json\/wp\/v2\/types\/product"}],"replies":[{"embeddable":true,"href":"https:\/\/marktxxl.de\/markt\/wp-json\/wp\/v2\/comments?post=30538"}],"wp:featuredmedia":[{"embeddable":true,"href":"https:\/\/marktxxl.de\/markt\/wp-json\/wp\/v2\/media\/30539"}],"wp:attachment":[{"href":"https:\/\/marktxxl.de\/markt\/wp-json\/wp\/v2\/media?parent=30538"}],"wp:term":[{"taxonomy":"product_brand","embeddable":true,"href":"https:\/\/marktxxl.de\/markt\/wp-json\/wp\/v2\/product_brand?post=30538"},{"taxonomy":"product_cat","embeddable":true,"href":"https:\/\/marktxxl.de\/markt\/wp-json\/wp\/v2\/product_cat?post=30538"},{"taxonomy":"product_tag","embeddable":true,"href":"https:\/\/marktxxl.de\/markt\/wp-json\/wp\/v2\/product_tag?post=30538"}],"curies":[{"name":"wp","href":"https:\/\/api.w.org\/{rel}","templated":true}]}}