{"id":30068,"date":"2021-09-12T22:40:58","date_gmt":"2021-09-12T20:40:58","guid":{"rendered":"https:\/\/marktxxl.de\/markt\/produkt\/gh-dynamics-wiederaufladbare-led-taschenlampe3000-lumen-extrem-hell-taschenlampen-mit-3400-mah-batterie-inklusivewasserdicht-zoombar-tragbarer-flashligt-fuer-camping-wandernoutdoor-und-notfaelle\/"},"modified":"2023-04-08T01:09:33","modified_gmt":"2023-04-07T23:09:33","slug":"gh-dynamics-wiederaufladbare-led-taschenlampe3000-lumen-extrem-hell-taschenlampen-mit-3400-mah-batterie-inklusivewasserdicht-zoombar-tragbarer-flashligt-fuer-camping-wandernoutdoor-und-notfaelle","status":"publish","type":"product","link":"https:\/\/marktxxl.de\/markt\/produkt\/gh-dynamics-wiederaufladbare-led-taschenlampe3000-lumen-extrem-hell-taschenlampen-mit-3400-mah-batterie-inklusivewasserdicht-zoombar-tragbarer-flashligt-fuer-camping-wandernoutdoor-und-notfaelle\/","title":{"rendered":"GH DYNAMICS Wiederaufladbare LED Taschenlampe,3000 Lumen Extrem Hell Taschenlampen mit 3400 mAh Batterie (Inklusive\u2026"},"content":{"rendered":"<p>1[26650 BATTERIE INKLUSIVE] Ausgestattet mit 26650 akkulierbarem Akku und USB-Datenkabel m\u00fcssen Sie sich keine Sorgen \u00fcber Batterieprobleme machen. Ihre Sicherheit ist das Wichtigste. Unsere 26650 Batterie verf\u00fcgt \u00fcber einen \u00dcberladeschutz, der den Taschenlampe sicherer und zuverl\u00e4ssiger macht. Im Low-Modus kann es bis zu 8-12 Stunden laufen.<br \/>\n2[EXTREM HELL &amp; 7 MODI] Leistungsstarke 3000 Lumen LED Taschenlampe mit hoher Effizienz und gro\u00dfe Leistung LED-Chip, erzeugt eine brillante gro\u00dfe Fl\u00e4che Flutlicht oder eine perfekte fokussierte Scheinwerfer. Einstellbarer Fokus mit 7 Modi: (Hoch, Niedrig, Strobe, Seite hoch, Seite Niedrig, Seite rot, Seite rot Strobe).<br \/>\n3[IP45 WASSERDICHT UND STO\u00dfFEST] Anti-Rutsch-Griff-Design, machen Diese Taschenlampe perfekt f\u00fcr den Einsatz im Regen, Schnee oder anderen Notfallsituationen. Es eignet sich sehr gut f\u00fcr Camping, Wandern, Laufen, taktische und Outdoor-Aktivit\u00e4ten.<br \/>\n4[HOCHWERTIGE] Diese LED-Taschenlampe hat eine langlebige Aluminiumlegierung K\u00f6rper und ein schlagfestes Design, das harten St\u00f6\u00dfen standhalten kann. Im Notfall k\u00f6nnen Sie damit das Fensterglas zerschlagen, um zu entkommen. Wenn Ihr Telefon nicht mehr mit Strom versorgt wird, k\u00f6nnen Sie es auch verwenden, um Ihr Telefon vor\u00fcbergehend aufzuladen.<br \/>\n5[WAS SIE BEKOMMEN] 1 st\u00fcck wiederaufladbare LED Taschenlampe,1 st\u00fcck 26650 \u00dcberladung Schutzbatterie, 1 st\u00fcck USB-Kabel. 30 Tage kein Grund zur R\u00fcckgabe\/R\u00fcckerstattung. Unser Ziel ist es, Ihnen das Beste zu geben.<br \/>\n<div class=\"main-cross-sell\" data-asin=\"B0999F6DZV\">\n\n\t<div class=\"WooZone-cross-sell-loader\">\n\t\t<div>\n\t\t\t<div id=\"floatingBarsG\">\n\t\t\t\t<div class=\"blockG\" id=\"rotateG_01\"><\/div>\n\t\t\t\t<div class=\"blockG\" id=\"rotateG_02\"><\/div>\n\t\t\t\t<div class=\"blockG\" id=\"rotateG_03\"><\/div>\n\t\t\t\t<div class=\"blockG\" id=\"rotateG_04\"><\/div>\n\t\t\t\t<div class=\"blockG\" id=\"rotateG_05\"><\/div>\n\t\t\t\t<div class=\"blockG\" id=\"rotateG_06\"><\/div>\n\t\t\t\t<div class=\"blockG\" id=\"rotateG_07\"><\/div>\n\t\t\t\t<div class=\"blockG\" id=\"rotateG_08\"><\/div>\n\t\t\t<\/div>\n\t\t\t<div class=\"WooZone-cross-sell-loader-text\"><\/div>\n\t\t<\/div>\n\t<\/div>\n\n\t\t\n<\/div>\n<div style=\"clear:both;\"><\/div><\/p>\n","protected":false},"excerpt":{"rendered":"<p>1[26650 BATTERIE INKLUSIVE] Ausgestattet mit 26650 akkulierbarem Akku und USB-Datenkabel m\u00fcssen Sie sich keine Sorgen \u00fcber Batterieprobleme machen. Ihre Sicherheit ist das Wichtigste. Unsere 26650 Batterie verf\u00fcgt \u00fcber einen \u00dcberladeschutz, der den Taschenlampe sicherer und zuverl\u00e4ssiger macht. Im Low-Modus kann es bis zu 8-12 Stunden laufen.<br \/>\n2[EXTREM HELL &amp; 7 MODI] Leistungsstarke 3000 Lumen LED Taschenlampe mit hoher Effizienz und gro\u00dfe Leistung LED-Chip, erzeugt eine brillante gro\u00dfe Fl\u00e4che Flutlicht oder eine perfekte fokussierte Scheinwerfer. Einstellbarer Fokus mit 7 Modi: (Hoch, Niedrig, Strobe, Seite hoch, Seite Niedrig, Seite rot, Seite rot Strobe).<br \/>\n3[IP45 WASSERDICHT UND STO\u00dfFEST] Anti-Rutsch-Griff-Design, machen Diese Taschenlampe perfekt f\u00fcr den Einsatz im Regen, Schnee oder anderen Notfallsituationen. Es eignet sich sehr gut f\u00fcr Camping, Wandern, Laufen, taktische und Outdoor-Aktivit\u00e4ten.<\/p>\n","protected":false},"featured_media":30069,"comment_status":"open","ping_status":"closed","template":"","meta":[],"product_brand":[],"product_cat":[1983,10865],"product_tag":[],"class_list":{"0":"post-30068","1":"product","2":"type-product","3":"status-publish","4":"has-post-thumbnail","6":"product_cat-baumarkt","7":"product_cat-eisenwaren","8":"pa_brand-gh-dynamics","9":"pa_height-2-362204722-zoll","10":"pa_length-7-086614166-zoll","11":"pa_manufacturer-gh-dynamics","12":"pa_model-t-01-uk","13":"pa_width-2-4409448794-zoll","15":"first","16":"instock","17":"shipping-taxable","18":"purchasable","19":"product-type-simple","20":"customify-col","21":"product-has-gallery"},"yoast_head":"<!-- This site is optimized with the Yoast SEO plugin v27.4 - https:\/\/yoast.com\/product\/yoast-seo-wordpress\/ -->\n<title>GH DYNAMICS Wiederaufladbare LED Taschenlampe,3000 Lumen Extrem Hell Taschenlampen mit 3400 mAh Batterie (Inklusive\u2026 - Markt-XXL<\/title>\n<meta name=\"description\" content=\"Markt-XXL GH DYNAMICS Wiederaufladbare LED Taschenlampe,3000 Lumen Extrem Hell Taschenlampen mit 3400 mAh Batterie (Inklusive\u2026\" \/>\n<meta name=\"robots\" content=\"index, follow, max-snippet:-1, max-image-preview:large, max-video-preview:-1\" \/>\n<link rel=\"canonical\" href=\"https:\/\/marktxxl.de\/markt\/produkt\/gh-dynamics-wiederaufladbare-led-taschenlampe3000-lumen-extrem-hell-taschenlampen-mit-3400-mah-batterie-inklusivewasserdicht-zoombar-tragbarer-flashligt-fuer-camping-wandernoutdoor-und-notfaelle\/\" \/>\n<meta property=\"og:locale\" content=\"de_DE\" \/>\n<meta property=\"og:type\" content=\"article\" \/>\n<meta property=\"og:title\" content=\"GH DYNAMICS Wiederaufladbare LED Taschenlampe,3000 Lumen Extrem Hell Taschenlampen mit 3400 mAh Batterie (Inklusive\u2026 - Markt-XXL\" \/>\n<meta property=\"og:description\" content=\"Markt-XXL GH DYNAMICS Wiederaufladbare LED Taschenlampe,3000 Lumen Extrem Hell Taschenlampen mit 3400 mAh Batterie (Inklusive\u2026\" \/>\n<meta property=\"og:url\" content=\"https:\/\/marktxxl.de\/markt\/produkt\/gh-dynamics-wiederaufladbare-led-taschenlampe3000-lumen-extrem-hell-taschenlampen-mit-3400-mah-batterie-inklusivewasserdicht-zoombar-tragbarer-flashligt-fuer-camping-wandernoutdoor-und-notfaelle\/\" \/>\n<meta property=\"og:site_name\" content=\"Markt-XXL\" \/>\n<meta property=\"article:modified_time\" content=\"2023-04-07T23:09:33+00:00\" \/>\n<meta property=\"og:image\" content=\"https:\/\/m.media-amazon.com\/images\/I\/51c6nlnezqL._SL500_.jpg\" \/>\n\t<meta property=\"og:image:width\" content=\"500\" \/>\n\t<meta property=\"og:image:height\" content=\"500\" \/>\n\t<meta property=\"og:image:type\" content=\"image\/jpeg\" \/>\n<meta name=\"twitter:card\" content=\"summary_large_image\" \/>\n<meta name=\"twitter:label1\" content=\"Gesch\u00e4tzte Lesezeit\" \/>\n\t<meta name=\"twitter:data1\" content=\"1\u00a0Minute\" \/>\n<script type=\"application\/ld+json\" class=\"yoast-schema-graph\">{\"@context\":\"https:\\\/\\\/schema.org\",\"@graph\":[{\"@type\":\"WebPage\",\"@id\":\"https:\\\/\\\/marktxxl.de\\\/markt\\\/produkt\\\/gh-dynamics-wiederaufladbare-led-taschenlampe3000-lumen-extrem-hell-taschenlampen-mit-3400-mah-batterie-inklusivewasserdicht-zoombar-tragbarer-flashligt-fuer-camping-wandernoutdoor-und-notfaelle\\\/\",\"url\":\"https:\\\/\\\/marktxxl.de\\\/markt\\\/produkt\\\/gh-dynamics-wiederaufladbare-led-taschenlampe3000-lumen-extrem-hell-taschenlampen-mit-3400-mah-batterie-inklusivewasserdicht-zoombar-tragbarer-flashligt-fuer-camping-wandernoutdoor-und-notfaelle\\\/\",\"name\":\"GH DYNAMICS Wiederaufladbare LED Taschenlampe,3000 Lumen Extrem Hell Taschenlampen mit 3400 mAh Batterie (Inklusive\u2026 - Markt-XXL\",\"isPartOf\":{\"@id\":\"https:\\\/\\\/marktxxl.de\\\/markt\\\/#website\"},\"primaryImageOfPage\":{\"@id\":\"https:\\\/\\\/marktxxl.de\\\/markt\\\/produkt\\\/gh-dynamics-wiederaufladbare-led-taschenlampe3000-lumen-extrem-hell-taschenlampen-mit-3400-mah-batterie-inklusivewasserdicht-zoombar-tragbarer-flashligt-fuer-camping-wandernoutdoor-und-notfaelle\\\/#primaryimage\"},\"image\":{\"@id\":\"https:\\\/\\\/marktxxl.de\\\/markt\\\/produkt\\\/gh-dynamics-wiederaufladbare-led-taschenlampe3000-lumen-extrem-hell-taschenlampen-mit-3400-mah-batterie-inklusivewasserdicht-zoombar-tragbarer-flashligt-fuer-camping-wandernoutdoor-und-notfaelle\\\/#primaryimage\"},\"thumbnailUrl\":\"https:\\\/\\\/m.media-amazon.com\\\/images\\\/I\\\/51c6nlnezqL._SL500_.jpg\",\"datePublished\":\"2021-09-12T20:40:58+00:00\",\"dateModified\":\"2023-04-07T23:09:33+00:00\",\"description\":\"Markt-XXL GH DYNAMICS Wiederaufladbare LED Taschenlampe,3000 Lumen Extrem Hell Taschenlampen mit 3400 mAh Batterie (Inklusive\u2026\",\"breadcrumb\":{\"@id\":\"https:\\\/\\\/marktxxl.de\\\/markt\\\/produkt\\\/gh-dynamics-wiederaufladbare-led-taschenlampe3000-lumen-extrem-hell-taschenlampen-mit-3400-mah-batterie-inklusivewasserdicht-zoombar-tragbarer-flashligt-fuer-camping-wandernoutdoor-und-notfaelle\\\/#breadcrumb\"},\"inLanguage\":\"de\",\"potentialAction\":[{\"@type\":\"ReadAction\",\"target\":[\"https:\\\/\\\/marktxxl.de\\\/markt\\\/produkt\\\/gh-dynamics-wiederaufladbare-led-taschenlampe3000-lumen-extrem-hell-taschenlampen-mit-3400-mah-batterie-inklusivewasserdicht-zoombar-tragbarer-flashligt-fuer-camping-wandernoutdoor-und-notfaelle\\\/\"]}]},{\"@type\":\"ImageObject\",\"inLanguage\":\"de\",\"@id\":\"https:\\\/\\\/marktxxl.de\\\/markt\\\/produkt\\\/gh-dynamics-wiederaufladbare-led-taschenlampe3000-lumen-extrem-hell-taschenlampen-mit-3400-mah-batterie-inklusivewasserdicht-zoombar-tragbarer-flashligt-fuer-camping-wandernoutdoor-und-notfaelle\\\/#primaryimage\",\"url\":\"https:\\\/\\\/m.media-amazon.com\\\/images\\\/I\\\/51c6nlnezqL._SL500_.jpg\",\"contentUrl\":\"https:\\\/\\\/m.media-amazon.com\\\/images\\\/I\\\/51c6nlnezqL._SL500_.jpg\",\"width\":500,\"height\":500},{\"@type\":\"BreadcrumbList\",\"@id\":\"https:\\\/\\\/marktxxl.de\\\/markt\\\/produkt\\\/gh-dynamics-wiederaufladbare-led-taschenlampe3000-lumen-extrem-hell-taschenlampen-mit-3400-mah-batterie-inklusivewasserdicht-zoombar-tragbarer-flashligt-fuer-camping-wandernoutdoor-und-notfaelle\\\/#breadcrumb\",\"itemListElement\":[{\"@type\":\"ListItem\",\"position\":1,\"name\":\"Startseite\",\"item\":\"https:\\\/\\\/marktxxl.de\\\/markt\\\/\"},{\"@type\":\"ListItem\",\"position\":2,\"name\":\"Markt\",\"item\":\"https:\\\/\\\/marktxxl.de\\\/markt\\\/\"},{\"@type\":\"ListItem\",\"position\":3,\"name\":\"GH DYNAMICS Wiederaufladbare LED Taschenlampe,3000 Lumen Extrem Hell Taschenlampen mit 3400 mAh Batterie (Inklusive\u2026\"}]},{\"@type\":\"WebSite\",\"@id\":\"https:\\\/\\\/marktxxl.de\\\/markt\\\/#website\",\"url\":\"https:\\\/\\\/marktxxl.de\\\/markt\\\/\",\"name\":\"Markt-XXL\",\"description\":\"Ihr Markt Online\",\"publisher\":{\"@id\":\"https:\\\/\\\/marktxxl.de\\\/markt\\\/#organization\"},\"potentialAction\":[{\"@type\":\"SearchAction\",\"target\":{\"@type\":\"EntryPoint\",\"urlTemplate\":\"https:\\\/\\\/marktxxl.de\\\/markt\\\/?s={search_term_string}\"},\"query-input\":{\"@type\":\"PropertyValueSpecification\",\"valueRequired\":true,\"valueName\":\"search_term_string\"}}],\"inLanguage\":\"de\"},{\"@type\":\"Organization\",\"@id\":\"https:\\\/\\\/marktxxl.de\\\/markt\\\/#organization\",\"name\":\"Markt-XXL\",\"url\":\"https:\\\/\\\/marktxxl.de\\\/markt\\\/\",\"logo\":{\"@type\":\"ImageObject\",\"inLanguage\":\"de\",\"@id\":\"https:\\\/\\\/marktxxl.de\\\/markt\\\/#\\\/schema\\\/logo\\\/image\\\/\",\"url\":\"https:\\\/\\\/marktxxl.de\\\/markt\\\/wp-content\\\/uploads\\\/sites\\\/3\\\/2020\\\/12\\\/logo.png\",\"contentUrl\":\"https:\\\/\\\/marktxxl.de\\\/markt\\\/wp-content\\\/uploads\\\/sites\\\/3\\\/2020\\\/12\\\/logo.png\",\"width\":200,\"height\":70,\"caption\":\"Markt-XXL\"},\"image\":{\"@id\":\"https:\\\/\\\/marktxxl.de\\\/markt\\\/#\\\/schema\\\/logo\\\/image\\\/\"}}]}<\/script>\n<!-- \/ Yoast SEO plugin. -->","yoast_head_json":{"title":"GH DYNAMICS Wiederaufladbare LED Taschenlampe,3000 Lumen Extrem Hell Taschenlampen mit 3400 mAh Batterie (Inklusive\u2026 - Markt-XXL","description":"Markt-XXL GH DYNAMICS Wiederaufladbare LED Taschenlampe,3000 Lumen Extrem Hell Taschenlampen mit 3400 mAh Batterie (Inklusive\u2026","robots":{"index":"index","follow":"follow","max-snippet":"max-snippet:-1","max-image-preview":"max-image-preview:large","max-video-preview":"max-video-preview:-1"},"canonical":"https:\/\/marktxxl.de\/markt\/produkt\/gh-dynamics-wiederaufladbare-led-taschenlampe3000-lumen-extrem-hell-taschenlampen-mit-3400-mah-batterie-inklusivewasserdicht-zoombar-tragbarer-flashligt-fuer-camping-wandernoutdoor-und-notfaelle\/","og_locale":"de_DE","og_type":"article","og_title":"GH DYNAMICS Wiederaufladbare LED Taschenlampe,3000 Lumen Extrem Hell Taschenlampen mit 3400 mAh Batterie (Inklusive\u2026 - Markt-XXL","og_description":"Markt-XXL GH DYNAMICS Wiederaufladbare LED Taschenlampe,3000 Lumen Extrem Hell Taschenlampen mit 3400 mAh Batterie (Inklusive\u2026","og_url":"https:\/\/marktxxl.de\/markt\/produkt\/gh-dynamics-wiederaufladbare-led-taschenlampe3000-lumen-extrem-hell-taschenlampen-mit-3400-mah-batterie-inklusivewasserdicht-zoombar-tragbarer-flashligt-fuer-camping-wandernoutdoor-und-notfaelle\/","og_site_name":"Markt-XXL","article_modified_time":"2023-04-07T23:09:33+00:00","og_image":[{"width":500,"height":500,"url":"https:\/\/m.media-amazon.com\/images\/I\/51c6nlnezqL._SL500_.jpg","type":"image\/jpeg"}],"twitter_card":"summary_large_image","twitter_misc":{"Gesch\u00e4tzte Lesezeit":"1\u00a0Minute"},"schema":{"@context":"https:\/\/schema.org","@graph":[{"@type":"WebPage","@id":"https:\/\/marktxxl.de\/markt\/produkt\/gh-dynamics-wiederaufladbare-led-taschenlampe3000-lumen-extrem-hell-taschenlampen-mit-3400-mah-batterie-inklusivewasserdicht-zoombar-tragbarer-flashligt-fuer-camping-wandernoutdoor-und-notfaelle\/","url":"https:\/\/marktxxl.de\/markt\/produkt\/gh-dynamics-wiederaufladbare-led-taschenlampe3000-lumen-extrem-hell-taschenlampen-mit-3400-mah-batterie-inklusivewasserdicht-zoombar-tragbarer-flashligt-fuer-camping-wandernoutdoor-und-notfaelle\/","name":"GH DYNAMICS Wiederaufladbare LED Taschenlampe,3000 Lumen Extrem Hell Taschenlampen mit 3400 mAh Batterie (Inklusive\u2026 - Markt-XXL","isPartOf":{"@id":"https:\/\/marktxxl.de\/markt\/#website"},"primaryImageOfPage":{"@id":"https:\/\/marktxxl.de\/markt\/produkt\/gh-dynamics-wiederaufladbare-led-taschenlampe3000-lumen-extrem-hell-taschenlampen-mit-3400-mah-batterie-inklusivewasserdicht-zoombar-tragbarer-flashligt-fuer-camping-wandernoutdoor-und-notfaelle\/#primaryimage"},"image":{"@id":"https:\/\/marktxxl.de\/markt\/produkt\/gh-dynamics-wiederaufladbare-led-taschenlampe3000-lumen-extrem-hell-taschenlampen-mit-3400-mah-batterie-inklusivewasserdicht-zoombar-tragbarer-flashligt-fuer-camping-wandernoutdoor-und-notfaelle\/#primaryimage"},"thumbnailUrl":"https:\/\/m.media-amazon.com\/images\/I\/51c6nlnezqL._SL500_.jpg","datePublished":"2021-09-12T20:40:58+00:00","dateModified":"2023-04-07T23:09:33+00:00","description":"Markt-XXL GH DYNAMICS Wiederaufladbare LED Taschenlampe,3000 Lumen Extrem Hell Taschenlampen mit 3400 mAh Batterie (Inklusive\u2026","breadcrumb":{"@id":"https:\/\/marktxxl.de\/markt\/produkt\/gh-dynamics-wiederaufladbare-led-taschenlampe3000-lumen-extrem-hell-taschenlampen-mit-3400-mah-batterie-inklusivewasserdicht-zoombar-tragbarer-flashligt-fuer-camping-wandernoutdoor-und-notfaelle\/#breadcrumb"},"inLanguage":"de","potentialAction":[{"@type":"ReadAction","target":["https:\/\/marktxxl.de\/markt\/produkt\/gh-dynamics-wiederaufladbare-led-taschenlampe3000-lumen-extrem-hell-taschenlampen-mit-3400-mah-batterie-inklusivewasserdicht-zoombar-tragbarer-flashligt-fuer-camping-wandernoutdoor-und-notfaelle\/"]}]},{"@type":"ImageObject","inLanguage":"de","@id":"https:\/\/marktxxl.de\/markt\/produkt\/gh-dynamics-wiederaufladbare-led-taschenlampe3000-lumen-extrem-hell-taschenlampen-mit-3400-mah-batterie-inklusivewasserdicht-zoombar-tragbarer-flashligt-fuer-camping-wandernoutdoor-und-notfaelle\/#primaryimage","url":"https:\/\/m.media-amazon.com\/images\/I\/51c6nlnezqL._SL500_.jpg","contentUrl":"https:\/\/m.media-amazon.com\/images\/I\/51c6nlnezqL._SL500_.jpg","width":500,"height":500},{"@type":"BreadcrumbList","@id":"https:\/\/marktxxl.de\/markt\/produkt\/gh-dynamics-wiederaufladbare-led-taschenlampe3000-lumen-extrem-hell-taschenlampen-mit-3400-mah-batterie-inklusivewasserdicht-zoombar-tragbarer-flashligt-fuer-camping-wandernoutdoor-und-notfaelle\/#breadcrumb","itemListElement":[{"@type":"ListItem","position":1,"name":"Startseite","item":"https:\/\/marktxxl.de\/markt\/"},{"@type":"ListItem","position":2,"name":"Markt","item":"https:\/\/marktxxl.de\/markt\/"},{"@type":"ListItem","position":3,"name":"GH DYNAMICS Wiederaufladbare LED Taschenlampe,3000 Lumen Extrem Hell Taschenlampen mit 3400 mAh Batterie (Inklusive\u2026"}]},{"@type":"WebSite","@id":"https:\/\/marktxxl.de\/markt\/#website","url":"https:\/\/marktxxl.de\/markt\/","name":"Markt-XXL","description":"Ihr Markt Online","publisher":{"@id":"https:\/\/marktxxl.de\/markt\/#organization"},"potentialAction":[{"@type":"SearchAction","target":{"@type":"EntryPoint","urlTemplate":"https:\/\/marktxxl.de\/markt\/?s={search_term_string}"},"query-input":{"@type":"PropertyValueSpecification","valueRequired":true,"valueName":"search_term_string"}}],"inLanguage":"de"},{"@type":"Organization","@id":"https:\/\/marktxxl.de\/markt\/#organization","name":"Markt-XXL","url":"https:\/\/marktxxl.de\/markt\/","logo":{"@type":"ImageObject","inLanguage":"de","@id":"https:\/\/marktxxl.de\/markt\/#\/schema\/logo\/image\/","url":"https:\/\/marktxxl.de\/markt\/wp-content\/uploads\/sites\/3\/2020\/12\/logo.png","contentUrl":"https:\/\/marktxxl.de\/markt\/wp-content\/uploads\/sites\/3\/2020\/12\/logo.png","width":200,"height":70,"caption":"Markt-XXL"},"image":{"@id":"https:\/\/marktxxl.de\/markt\/#\/schema\/logo\/image\/"}}]}},"_links":{"self":[{"href":"https:\/\/marktxxl.de\/markt\/wp-json\/wp\/v2\/product\/30068","targetHints":{"allow":["GET"]}}],"collection":[{"href":"https:\/\/marktxxl.de\/markt\/wp-json\/wp\/v2\/product"}],"about":[{"href":"https:\/\/marktxxl.de\/markt\/wp-json\/wp\/v2\/types\/product"}],"replies":[{"embeddable":true,"href":"https:\/\/marktxxl.de\/markt\/wp-json\/wp\/v2\/comments?post=30068"}],"wp:featuredmedia":[{"embeddable":true,"href":"https:\/\/marktxxl.de\/markt\/wp-json\/wp\/v2\/media\/30069"}],"wp:attachment":[{"href":"https:\/\/marktxxl.de\/markt\/wp-json\/wp\/v2\/media?parent=30068"}],"wp:term":[{"taxonomy":"product_brand","embeddable":true,"href":"https:\/\/marktxxl.de\/markt\/wp-json\/wp\/v2\/product_brand?post=30068"},{"taxonomy":"product_cat","embeddable":true,"href":"https:\/\/marktxxl.de\/markt\/wp-json\/wp\/v2\/product_cat?post=30068"},{"taxonomy":"product_tag","embeddable":true,"href":"https:\/\/marktxxl.de\/markt\/wp-json\/wp\/v2\/product_tag?post=30068"}],"curies":[{"name":"wp","href":"https:\/\/api.w.org\/{rel}","templated":true}]}}