{"id":29820,"date":"2021-09-12T22:26:26","date_gmt":"2021-09-12T20:26:26","guid":{"rendered":"https:\/\/marktxxl.de\/markt\/produkt\/esab-0700000800-sentinel-a50-schweisssieb\/"},"modified":"2023-04-08T01:09:25","modified_gmt":"2023-04-07T23:09:25","slug":"esab-0700000800-sentinel-a50-schweisssieb","status":"publish","type":"product","link":"https:\/\/marktxxl.de\/markt\/produkt\/esab-0700000800-sentinel-a50-schweisssieb\/","title":{"rendered":"ESAB 070000800 SENTINEL A50 Schwei\u00dfhelm, Schwarz"},"content":{"rendered":"<p>Revolution\u00e4res Bildschirm-Design; hochschlagfestes Nylon<br \/>\nHalo-Helm: ergonomisch, 5-Punkt und stufenlos verstellbar; bietet extremen Komfort und Stabilit\u00e4t; dezentes Design; zentraler Gelenkpunkt erm\u00f6glicht maximale Kopfreiheit, w\u00e4hrend der Bildschirm erh\u00f6ht wird<br \/>\n100 x 60 mm 1\/1\/2: Adf automatische Verdunkelungstechnologie von 5 bis 13<br \/>\nExterner Aktivierungsknopf; Schattenschleifmodus 3<br \/>\nFarb-Touchscreen-Bedienfeld.<br \/>\nKassettenabmessungen: 133 x 114 x 9 mm<br \/>\nSichtfeld: 100 x 60 mm (3, 93 x 2, 36 Zoll)<br \/>\n<div class=\"main-cross-sell\" data-asin=\"B06XRYV3N3\">\n\n\t<div class=\"WooZone-cross-sell-loader\">\n\t\t<div>\n\t\t\t<div id=\"floatingBarsG\">\n\t\t\t\t<div class=\"blockG\" id=\"rotateG_01\"><\/div>\n\t\t\t\t<div class=\"blockG\" id=\"rotateG_02\"><\/div>\n\t\t\t\t<div class=\"blockG\" id=\"rotateG_03\"><\/div>\n\t\t\t\t<div class=\"blockG\" id=\"rotateG_04\"><\/div>\n\t\t\t\t<div class=\"blockG\" id=\"rotateG_05\"><\/div>\n\t\t\t\t<div class=\"blockG\" id=\"rotateG_06\"><\/div>\n\t\t\t\t<div class=\"blockG\" id=\"rotateG_07\"><\/div>\n\t\t\t\t<div class=\"blockG\" id=\"rotateG_08\"><\/div>\n\t\t\t<\/div>\n\t\t\t<div class=\"WooZone-cross-sell-loader-text\"><\/div>\n\t\t<\/div>\n\t<\/div>\n\n\t\t\n<\/div>\n<div style=\"clear:both;\"><\/div><\/p>\n","protected":false},"excerpt":{"rendered":"<p>Revolution\u00e4res Bildschirm-Design; hochschlagfestes Nylon<br \/>\nHalo-Helm: ergonomisch, 5-Punkt und stufenlos verstellbar; bietet extremen Komfort und Stabilit\u00e4t; dezentes Design; zentraler Gelenkpunkt erm\u00f6glicht maximale Kopfreiheit, w\u00e4hrend der Bildschirm erh\u00f6ht wird<br \/>\n100 x 60 mm 1\/1\/2: Adf automatische Verdunkelungstechnologie von 5 bis 13<\/p>\n","protected":false},"featured_media":29821,"comment_status":"open","ping_status":"closed","template":"","meta":[],"product_brand":[],"product_cat":[1983,11380],"product_tag":[],"class_list":{"0":"post-29820","1":"product","2":"type-product","3":"status-publish","4":"has-post-thumbnail","6":"product_cat-baumarkt","7":"product_cat-sicherheitstechnik","8":"pa_binding-misc","9":"pa_brand-esab","10":"pa_color-schwarz","11":"pa_height-13-779527545-zoll","12":"pa_length-21-653543285-zoll","13":"pa_manufacturer-esab","14":"pa_model-13715","15":"pa_weight-1-4-pfund","16":"pa_width-13-779527545-zoll","18":"first","19":"instock","20":"shipping-taxable","21":"purchasable","22":"product-type-simple","23":"customify-col","24":"product-has-gallery"},"yoast_head":"<!-- This site is optimized with the Yoast SEO plugin v27.3 - https:\/\/yoast.com\/product\/yoast-seo-wordpress\/ -->\n<title>ESAB 070000800 SENTINEL A50 Schwei\u00dfhelm, Schwarz - Markt-XXL<\/title>\n<meta name=\"description\" content=\"Markt-XXL ESAB 070000800 SENTINEL A50 Schwei\u00dfhelm, Schwarz\" \/>\n<meta name=\"robots\" content=\"index, follow, max-snippet:-1, max-image-preview:large, max-video-preview:-1\" \/>\n<link rel=\"canonical\" href=\"https:\/\/marktxxl.de\/markt\/produkt\/esab-0700000800-sentinel-a50-schweisssieb\/\" \/>\n<meta property=\"og:locale\" content=\"de_DE\" \/>\n<meta property=\"og:type\" content=\"article\" \/>\n<meta property=\"og:title\" content=\"ESAB 070000800 SENTINEL A50 Schwei\u00dfhelm, Schwarz - Markt-XXL\" \/>\n<meta property=\"og:description\" content=\"Markt-XXL ESAB 070000800 SENTINEL A50 Schwei\u00dfhelm, Schwarz\" \/>\n<meta property=\"og:url\" content=\"https:\/\/marktxxl.de\/markt\/produkt\/esab-0700000800-sentinel-a50-schweisssieb\/\" \/>\n<meta property=\"og:site_name\" content=\"Markt-XXL\" \/>\n<meta property=\"article:modified_time\" content=\"2023-04-07T23:09:25+00:00\" \/>\n<meta property=\"og:image\" content=\"https:\/\/m.media-amazon.com\/images\/I\/41mu4h0nxUL._SL500_.jpg\" \/>\n\t<meta property=\"og:image:width\" content=\"448\" \/>\n\t<meta property=\"og:image:height\" content=\"500\" \/>\n\t<meta property=\"og:image:type\" content=\"image\/jpeg\" \/>\n<meta name=\"twitter:card\" content=\"summary_large_image\" \/>\n<script type=\"application\/ld+json\" class=\"yoast-schema-graph\">{\"@context\":\"https:\\\/\\\/schema.org\",\"@graph\":[{\"@type\":\"WebPage\",\"@id\":\"https:\\\/\\\/marktxxl.de\\\/markt\\\/produkt\\\/esab-0700000800-sentinel-a50-schweisssieb\\\/\",\"url\":\"https:\\\/\\\/marktxxl.de\\\/markt\\\/produkt\\\/esab-0700000800-sentinel-a50-schweisssieb\\\/\",\"name\":\"ESAB 070000800 SENTINEL A50 Schwei\u00dfhelm, Schwarz - Markt-XXL\",\"isPartOf\":{\"@id\":\"https:\\\/\\\/marktxxl.de\\\/markt\\\/#website\"},\"primaryImageOfPage\":{\"@id\":\"https:\\\/\\\/marktxxl.de\\\/markt\\\/produkt\\\/esab-0700000800-sentinel-a50-schweisssieb\\\/#primaryimage\"},\"image\":{\"@id\":\"https:\\\/\\\/marktxxl.de\\\/markt\\\/produkt\\\/esab-0700000800-sentinel-a50-schweisssieb\\\/#primaryimage\"},\"thumbnailUrl\":\"https:\\\/\\\/m.media-amazon.com\\\/images\\\/I\\\/41mu4h0nxUL._SL500_.jpg\",\"datePublished\":\"2021-09-12T20:26:26+00:00\",\"dateModified\":\"2023-04-07T23:09:25+00:00\",\"description\":\"Markt-XXL ESAB 070000800 SENTINEL A50 Schwei\u00dfhelm, Schwarz\",\"breadcrumb\":{\"@id\":\"https:\\\/\\\/marktxxl.de\\\/markt\\\/produkt\\\/esab-0700000800-sentinel-a50-schweisssieb\\\/#breadcrumb\"},\"inLanguage\":\"de\",\"potentialAction\":[{\"@type\":\"ReadAction\",\"target\":[\"https:\\\/\\\/marktxxl.de\\\/markt\\\/produkt\\\/esab-0700000800-sentinel-a50-schweisssieb\\\/\"]}]},{\"@type\":\"ImageObject\",\"inLanguage\":\"de\",\"@id\":\"https:\\\/\\\/marktxxl.de\\\/markt\\\/produkt\\\/esab-0700000800-sentinel-a50-schweisssieb\\\/#primaryimage\",\"url\":\"https:\\\/\\\/m.media-amazon.com\\\/images\\\/I\\\/41mu4h0nxUL._SL500_.jpg\",\"contentUrl\":\"https:\\\/\\\/m.media-amazon.com\\\/images\\\/I\\\/41mu4h0nxUL._SL500_.jpg\",\"width\":448,\"height\":500},{\"@type\":\"BreadcrumbList\",\"@id\":\"https:\\\/\\\/marktxxl.de\\\/markt\\\/produkt\\\/esab-0700000800-sentinel-a50-schweisssieb\\\/#breadcrumb\",\"itemListElement\":[{\"@type\":\"ListItem\",\"position\":1,\"name\":\"Startseite\",\"item\":\"https:\\\/\\\/marktxxl.de\\\/markt\\\/\"},{\"@type\":\"ListItem\",\"position\":2,\"name\":\"Markt\",\"item\":\"https:\\\/\\\/marktxxl.de\\\/markt\\\/\"},{\"@type\":\"ListItem\",\"position\":3,\"name\":\"ESAB 070000800 SENTINEL A50 Schwei\u00dfhelm, Schwarz\"}]},{\"@type\":\"WebSite\",\"@id\":\"https:\\\/\\\/marktxxl.de\\\/markt\\\/#website\",\"url\":\"https:\\\/\\\/marktxxl.de\\\/markt\\\/\",\"name\":\"Markt-XXL\",\"description\":\"Ihr Markt Online\",\"publisher\":{\"@id\":\"https:\\\/\\\/marktxxl.de\\\/markt\\\/#organization\"},\"potentialAction\":[{\"@type\":\"SearchAction\",\"target\":{\"@type\":\"EntryPoint\",\"urlTemplate\":\"https:\\\/\\\/marktxxl.de\\\/markt\\\/?s={search_term_string}\"},\"query-input\":{\"@type\":\"PropertyValueSpecification\",\"valueRequired\":true,\"valueName\":\"search_term_string\"}}],\"inLanguage\":\"de\"},{\"@type\":\"Organization\",\"@id\":\"https:\\\/\\\/marktxxl.de\\\/markt\\\/#organization\",\"name\":\"Markt-XXL\",\"url\":\"https:\\\/\\\/marktxxl.de\\\/markt\\\/\",\"logo\":{\"@type\":\"ImageObject\",\"inLanguage\":\"de\",\"@id\":\"https:\\\/\\\/marktxxl.de\\\/markt\\\/#\\\/schema\\\/logo\\\/image\\\/\",\"url\":\"https:\\\/\\\/marktxxl.de\\\/markt\\\/wp-content\\\/uploads\\\/sites\\\/3\\\/2020\\\/12\\\/logo.png\",\"contentUrl\":\"https:\\\/\\\/marktxxl.de\\\/markt\\\/wp-content\\\/uploads\\\/sites\\\/3\\\/2020\\\/12\\\/logo.png\",\"width\":200,\"height\":70,\"caption\":\"Markt-XXL\"},\"image\":{\"@id\":\"https:\\\/\\\/marktxxl.de\\\/markt\\\/#\\\/schema\\\/logo\\\/image\\\/\"}}]}<\/script>\n<!-- \/ Yoast SEO plugin. -->","yoast_head_json":{"title":"ESAB 070000800 SENTINEL A50 Schwei\u00dfhelm, Schwarz - Markt-XXL","description":"Markt-XXL ESAB 070000800 SENTINEL A50 Schwei\u00dfhelm, Schwarz","robots":{"index":"index","follow":"follow","max-snippet":"max-snippet:-1","max-image-preview":"max-image-preview:large","max-video-preview":"max-video-preview:-1"},"canonical":"https:\/\/marktxxl.de\/markt\/produkt\/esab-0700000800-sentinel-a50-schweisssieb\/","og_locale":"de_DE","og_type":"article","og_title":"ESAB 070000800 SENTINEL A50 Schwei\u00dfhelm, Schwarz - Markt-XXL","og_description":"Markt-XXL ESAB 070000800 SENTINEL A50 Schwei\u00dfhelm, Schwarz","og_url":"https:\/\/marktxxl.de\/markt\/produkt\/esab-0700000800-sentinel-a50-schweisssieb\/","og_site_name":"Markt-XXL","article_modified_time":"2023-04-07T23:09:25+00:00","og_image":[{"width":448,"height":500,"url":"https:\/\/m.media-amazon.com\/images\/I\/41mu4h0nxUL._SL500_.jpg","type":"image\/jpeg"}],"twitter_card":"summary_large_image","schema":{"@context":"https:\/\/schema.org","@graph":[{"@type":"WebPage","@id":"https:\/\/marktxxl.de\/markt\/produkt\/esab-0700000800-sentinel-a50-schweisssieb\/","url":"https:\/\/marktxxl.de\/markt\/produkt\/esab-0700000800-sentinel-a50-schweisssieb\/","name":"ESAB 070000800 SENTINEL A50 Schwei\u00dfhelm, Schwarz - Markt-XXL","isPartOf":{"@id":"https:\/\/marktxxl.de\/markt\/#website"},"primaryImageOfPage":{"@id":"https:\/\/marktxxl.de\/markt\/produkt\/esab-0700000800-sentinel-a50-schweisssieb\/#primaryimage"},"image":{"@id":"https:\/\/marktxxl.de\/markt\/produkt\/esab-0700000800-sentinel-a50-schweisssieb\/#primaryimage"},"thumbnailUrl":"https:\/\/m.media-amazon.com\/images\/I\/41mu4h0nxUL._SL500_.jpg","datePublished":"2021-09-12T20:26:26+00:00","dateModified":"2023-04-07T23:09:25+00:00","description":"Markt-XXL ESAB 070000800 SENTINEL A50 Schwei\u00dfhelm, Schwarz","breadcrumb":{"@id":"https:\/\/marktxxl.de\/markt\/produkt\/esab-0700000800-sentinel-a50-schweisssieb\/#breadcrumb"},"inLanguage":"de","potentialAction":[{"@type":"ReadAction","target":["https:\/\/marktxxl.de\/markt\/produkt\/esab-0700000800-sentinel-a50-schweisssieb\/"]}]},{"@type":"ImageObject","inLanguage":"de","@id":"https:\/\/marktxxl.de\/markt\/produkt\/esab-0700000800-sentinel-a50-schweisssieb\/#primaryimage","url":"https:\/\/m.media-amazon.com\/images\/I\/41mu4h0nxUL._SL500_.jpg","contentUrl":"https:\/\/m.media-amazon.com\/images\/I\/41mu4h0nxUL._SL500_.jpg","width":448,"height":500},{"@type":"BreadcrumbList","@id":"https:\/\/marktxxl.de\/markt\/produkt\/esab-0700000800-sentinel-a50-schweisssieb\/#breadcrumb","itemListElement":[{"@type":"ListItem","position":1,"name":"Startseite","item":"https:\/\/marktxxl.de\/markt\/"},{"@type":"ListItem","position":2,"name":"Markt","item":"https:\/\/marktxxl.de\/markt\/"},{"@type":"ListItem","position":3,"name":"ESAB 070000800 SENTINEL A50 Schwei\u00dfhelm, Schwarz"}]},{"@type":"WebSite","@id":"https:\/\/marktxxl.de\/markt\/#website","url":"https:\/\/marktxxl.de\/markt\/","name":"Markt-XXL","description":"Ihr Markt Online","publisher":{"@id":"https:\/\/marktxxl.de\/markt\/#organization"},"potentialAction":[{"@type":"SearchAction","target":{"@type":"EntryPoint","urlTemplate":"https:\/\/marktxxl.de\/markt\/?s={search_term_string}"},"query-input":{"@type":"PropertyValueSpecification","valueRequired":true,"valueName":"search_term_string"}}],"inLanguage":"de"},{"@type":"Organization","@id":"https:\/\/marktxxl.de\/markt\/#organization","name":"Markt-XXL","url":"https:\/\/marktxxl.de\/markt\/","logo":{"@type":"ImageObject","inLanguage":"de","@id":"https:\/\/marktxxl.de\/markt\/#\/schema\/logo\/image\/","url":"https:\/\/marktxxl.de\/markt\/wp-content\/uploads\/sites\/3\/2020\/12\/logo.png","contentUrl":"https:\/\/marktxxl.de\/markt\/wp-content\/uploads\/sites\/3\/2020\/12\/logo.png","width":200,"height":70,"caption":"Markt-XXL"},"image":{"@id":"https:\/\/marktxxl.de\/markt\/#\/schema\/logo\/image\/"}}]}},"_links":{"self":[{"href":"https:\/\/marktxxl.de\/markt\/wp-json\/wp\/v2\/product\/29820","targetHints":{"allow":["GET"]}}],"collection":[{"href":"https:\/\/marktxxl.de\/markt\/wp-json\/wp\/v2\/product"}],"about":[{"href":"https:\/\/marktxxl.de\/markt\/wp-json\/wp\/v2\/types\/product"}],"replies":[{"embeddable":true,"href":"https:\/\/marktxxl.de\/markt\/wp-json\/wp\/v2\/comments?post=29820"}],"wp:featuredmedia":[{"embeddable":true,"href":"https:\/\/marktxxl.de\/markt\/wp-json\/wp\/v2\/media\/29821"}],"wp:attachment":[{"href":"https:\/\/marktxxl.de\/markt\/wp-json\/wp\/v2\/media?parent=29820"}],"wp:term":[{"taxonomy":"product_brand","embeddable":true,"href":"https:\/\/marktxxl.de\/markt\/wp-json\/wp\/v2\/product_brand?post=29820"},{"taxonomy":"product_cat","embeddable":true,"href":"https:\/\/marktxxl.de\/markt\/wp-json\/wp\/v2\/product_cat?post=29820"},{"taxonomy":"product_tag","embeddable":true,"href":"https:\/\/marktxxl.de\/markt\/wp-json\/wp\/v2\/product_tag?post=29820"}],"curies":[{"name":"wp","href":"https:\/\/api.w.org\/{rel}","templated":true}]}}