{"id":29808,"date":"2021-09-12T22:26:24","date_gmt":"2021-09-12T20:26:24","guid":{"rendered":"https:\/\/marktxxl.de\/markt\/produkt\/succorware-100-teiliges-mini-erste-hilfe-set-bestehend-aus-einer-notfall-foliendecke-einem-verband-fuer-reise-haushalt-buero-fahrzeug-camping-arbeitsplatz-und\/"},"modified":"2023-04-08T01:09:25","modified_gmt":"2023-04-07T23:09:25","slug":"succorware-100-teiliges-mini-erste-hilfe-set-bestehend-aus-einer-notfall-foliendecke-einem-verband-fuer-reise-haushalt-buero-fahrzeug-camping-arbeitsplatz-und","status":"publish","type":"product","link":"https:\/\/marktxxl.de\/markt\/produkt\/succorware-100-teiliges-mini-erste-hilfe-set-bestehend-aus-einer-notfall-foliendecke-einem-verband-fuer-reise-haushalt-buero-fahrzeug-camping-arbeitsplatz-und\/","title":{"rendered":"SuccorWare 100-teiliges Mini-Erste-Hilfe-Set, bestehend aus Einer Notfall-Foliendecke, einem Verband f\u00fcr Reise, Haushalt\u2026"},"content":{"rendered":"<p>VIELSEITIG &#8211; Dieses Erste-Hilfe-Set, das auf Ihre Bed\u00fcrfnisse zugeschnitten und f\u00fcr eine Vielzahl von Verletzungen optimiert ist. Wenn Sie alle Erste-Hilfe-Artikel im Voraus gesammelt haben, k\u00f6nnen Sie unerwartete Momente bew\u00e4ltigen. Vertrauen von Familien, Rettungsschwimmern, Eltern, Sch\u00fclern, Lehrern, Krankenschwestern, \u00c4rzten, Bauarbeitern, LKW-Fahrern und professionellen Gesch\u00e4ftsb\u00fcros.<br \/>\nLANGLEBIG UND KOMPAKT (20 x 12 x 6 cm). Leicht zu tragen und leicht. Es wiegt ungef\u00e4hr 300g. Verpackt mit 100 n\u00fctzlichen und wertvollen medizinischen Hilfsmitteln f\u00fcr Krankenh\u00e4user. Es hat genau das richtige Taschenformat, sodass es \u00fcberall in Ihre Yacht, Ihr Boot, Ihren Jeep, Ihr Fahrrad oder Ihr Motorrad passt.<br \/>\nDESIGN &#8211; Wird in einer roten Rip-Stop-Polyester-Nylontasche geliefert. Leicht, kompakt und dennoch mit allem ausgestattet, was Sie f\u00fcr unerwartete Ereignisse im Leben ben\u00f6tigen.<br \/>\nH\u00d6CHSTE NORMEN &#8211; Hergestellt mit der besten Ausr\u00fcstung in einer modernen Einrichtung, k\u00f6nnen Sie sicher sein, dass Erste-Hilfe-Inhalte Sie nicht im Stich lassen (insbesondere, wenn Sie in erdbebengef\u00e4hrdeten Gebieten leben oder anderen Naturkatastrophen wie Tornados, Hurrikanen oder \u00dcberschwemmungen ausgesetzt sind).<br \/>\nNACHVERKAUFSGARANTIE &#8211; Wenn Sie es nicht unbedingt lieben, kontaktieren Sie uns einfach und wir werden es richtig machen.<br \/>\n<div class=\"main-cross-sell\" data-asin=\"B07THZ9BV5\">\n\n\t<div class=\"WooZone-cross-sell-loader\">\n\t\t<div>\n\t\t\t<div id=\"floatingBarsG\">\n\t\t\t\t<div class=\"blockG\" id=\"rotateG_01\"><\/div>\n\t\t\t\t<div class=\"blockG\" id=\"rotateG_02\"><\/div>\n\t\t\t\t<div class=\"blockG\" id=\"rotateG_03\"><\/div>\n\t\t\t\t<div class=\"blockG\" id=\"rotateG_04\"><\/div>\n\t\t\t\t<div class=\"blockG\" id=\"rotateG_05\"><\/div>\n\t\t\t\t<div class=\"blockG\" id=\"rotateG_06\"><\/div>\n\t\t\t\t<div class=\"blockG\" id=\"rotateG_07\"><\/div>\n\t\t\t\t<div class=\"blockG\" id=\"rotateG_08\"><\/div>\n\t\t\t<\/div>\n\t\t\t<div class=\"WooZone-cross-sell-loader-text\"><\/div>\n\t\t<\/div>\n\t<\/div>\n\n\t\t\n<\/div>\n<div style=\"clear:both;\"><\/div><\/p>\n","protected":false},"excerpt":{"rendered":"<p>VIELSEITIG &#8211; Dieses Erste-Hilfe-Set, das auf Ihre Bed\u00fcrfnisse zugeschnitten und f\u00fcr eine Vielzahl von Verletzungen optimiert ist. Wenn Sie alle Erste-Hilfe-Artikel im Voraus gesammelt haben, k\u00f6nnen Sie unerwartete Momente bew\u00e4ltigen. Vertrauen von Familien, Rettungsschwimmern, Eltern, Sch\u00fclern, Lehrern, Krankenschwestern, \u00c4rzten, Bauarbeitern, LKW-Fahrern und professionellen Gesch\u00e4ftsb\u00fcros.<br \/>\nLANGLEBIG UND KOMPAKT (20 x 12 x 6 cm). Leicht zu tragen und leicht. Es wiegt ungef\u00e4hr 300g. Verpackt mit 100 n\u00fctzlichen und wertvollen medizinischen Hilfsmitteln f\u00fcr Krankenh\u00e4user. Es hat genau das richtige Taschenformat, sodass es \u00fcberall in Ihre Yacht, Ihr Boot, Ihren Jeep, Ihr Fahrrad oder Ihr Motorrad passt.<br \/>\nDESIGN &#8211; Wird in einer roten Rip-Stop-Polyester-Nylontasche geliefert. Leicht, kompakt und dennoch mit allem ausgestattet, was Sie f\u00fcr unerwartete Ereignisse im Leben ben\u00f6tigen.<\/p>\n","protected":false},"featured_media":29809,"comment_status":"open","ping_status":"closed","template":"","meta":[],"product_brand":[],"product_cat":[1983,11380],"product_tag":[],"class_list":{"0":"post-29808","1":"product","2":"type-product","3":"status-publish","4":"has-post-thumbnail","6":"product_cat-baumarkt","7":"product_cat-sicherheitstechnik","8":"pa_brand-succorware","9":"pa_manufacturer-succorware","10":"pa_size-102-stueck-1er-pack","12":"first","13":"instock","14":"shipping-taxable","15":"purchasable","16":"product-type-simple","17":"customify-col","18":"product-has-gallery"},"yoast_head":"<!-- This site is optimized with the Yoast SEO plugin v27.4 - https:\/\/yoast.com\/product\/yoast-seo-wordpress\/ -->\n<title>SuccorWare 100-teiliges Mini-Erste-Hilfe-Set, bestehend aus Einer Notfall-Foliendecke, einem Verband f\u00fcr Reise, Haushalt\u2026 - Markt-XXL<\/title>\n<meta name=\"description\" content=\"Markt-XXL SuccorWare 100-teiliges Mini-Erste-Hilfe-Set, bestehend aus Einer Notfall-Foliendecke, einem Verband f\u00fcr Reise, Haushalt\u2026\" \/>\n<meta name=\"robots\" content=\"index, follow, max-snippet:-1, max-image-preview:large, max-video-preview:-1\" \/>\n<link rel=\"canonical\" href=\"https:\/\/marktxxl.de\/markt\/produkt\/succorware-100-teiliges-mini-erste-hilfe-set-bestehend-aus-einer-notfall-foliendecke-einem-verband-fuer-reise-haushalt-buero-fahrzeug-camping-arbeitsplatz-und\/\" \/>\n<meta property=\"og:locale\" content=\"de_DE\" \/>\n<meta property=\"og:type\" content=\"article\" \/>\n<meta property=\"og:title\" content=\"SuccorWare 100-teiliges Mini-Erste-Hilfe-Set, bestehend aus Einer Notfall-Foliendecke, einem Verband f\u00fcr Reise, Haushalt\u2026 - Markt-XXL\" \/>\n<meta property=\"og:description\" content=\"Markt-XXL SuccorWare 100-teiliges Mini-Erste-Hilfe-Set, bestehend aus Einer Notfall-Foliendecke, einem Verband f\u00fcr Reise, Haushalt\u2026\" \/>\n<meta property=\"og:url\" content=\"https:\/\/marktxxl.de\/markt\/produkt\/succorware-100-teiliges-mini-erste-hilfe-set-bestehend-aus-einer-notfall-foliendecke-einem-verband-fuer-reise-haushalt-buero-fahrzeug-camping-arbeitsplatz-und\/\" \/>\n<meta property=\"og:site_name\" content=\"Markt-XXL\" \/>\n<meta property=\"article:modified_time\" content=\"2023-04-07T23:09:25+00:00\" \/>\n<meta property=\"og:image\" content=\"https:\/\/m.media-amazon.com\/images\/I\/51aTlpn+piL._SL500_.jpg\" \/>\n\t<meta property=\"og:image:width\" content=\"500\" \/>\n\t<meta property=\"og:image:height\" content=\"500\" \/>\n\t<meta property=\"og:image:type\" content=\"image\/jpeg\" \/>\n<meta name=\"twitter:card\" content=\"summary_large_image\" \/>\n<meta name=\"twitter:label1\" content=\"Gesch\u00e4tzte Lesezeit\" \/>\n\t<meta name=\"twitter:data1\" content=\"1\u00a0Minute\" \/>\n<script type=\"application\/ld+json\" class=\"yoast-schema-graph\">{\"@context\":\"https:\\\/\\\/schema.org\",\"@graph\":[{\"@type\":\"WebPage\",\"@id\":\"https:\\\/\\\/marktxxl.de\\\/markt\\\/produkt\\\/succorware-100-teiliges-mini-erste-hilfe-set-bestehend-aus-einer-notfall-foliendecke-einem-verband-fuer-reise-haushalt-buero-fahrzeug-camping-arbeitsplatz-und\\\/\",\"url\":\"https:\\\/\\\/marktxxl.de\\\/markt\\\/produkt\\\/succorware-100-teiliges-mini-erste-hilfe-set-bestehend-aus-einer-notfall-foliendecke-einem-verband-fuer-reise-haushalt-buero-fahrzeug-camping-arbeitsplatz-und\\\/\",\"name\":\"SuccorWare 100-teiliges Mini-Erste-Hilfe-Set, bestehend aus Einer Notfall-Foliendecke, einem Verband f\u00fcr Reise, Haushalt\u2026 - Markt-XXL\",\"isPartOf\":{\"@id\":\"https:\\\/\\\/marktxxl.de\\\/markt\\\/#website\"},\"primaryImageOfPage\":{\"@id\":\"https:\\\/\\\/marktxxl.de\\\/markt\\\/produkt\\\/succorware-100-teiliges-mini-erste-hilfe-set-bestehend-aus-einer-notfall-foliendecke-einem-verband-fuer-reise-haushalt-buero-fahrzeug-camping-arbeitsplatz-und\\\/#primaryimage\"},\"image\":{\"@id\":\"https:\\\/\\\/marktxxl.de\\\/markt\\\/produkt\\\/succorware-100-teiliges-mini-erste-hilfe-set-bestehend-aus-einer-notfall-foliendecke-einem-verband-fuer-reise-haushalt-buero-fahrzeug-camping-arbeitsplatz-und\\\/#primaryimage\"},\"thumbnailUrl\":\"https:\\\/\\\/m.media-amazon.com\\\/images\\\/I\\\/51aTlpn+piL._SL500_.jpg\",\"datePublished\":\"2021-09-12T20:26:24+00:00\",\"dateModified\":\"2023-04-07T23:09:25+00:00\",\"description\":\"Markt-XXL SuccorWare 100-teiliges Mini-Erste-Hilfe-Set, bestehend aus Einer Notfall-Foliendecke, einem Verband f\u00fcr Reise, Haushalt\u2026\",\"breadcrumb\":{\"@id\":\"https:\\\/\\\/marktxxl.de\\\/markt\\\/produkt\\\/succorware-100-teiliges-mini-erste-hilfe-set-bestehend-aus-einer-notfall-foliendecke-einem-verband-fuer-reise-haushalt-buero-fahrzeug-camping-arbeitsplatz-und\\\/#breadcrumb\"},\"inLanguage\":\"de\",\"potentialAction\":[{\"@type\":\"ReadAction\",\"target\":[\"https:\\\/\\\/marktxxl.de\\\/markt\\\/produkt\\\/succorware-100-teiliges-mini-erste-hilfe-set-bestehend-aus-einer-notfall-foliendecke-einem-verband-fuer-reise-haushalt-buero-fahrzeug-camping-arbeitsplatz-und\\\/\"]}]},{\"@type\":\"ImageObject\",\"inLanguage\":\"de\",\"@id\":\"https:\\\/\\\/marktxxl.de\\\/markt\\\/produkt\\\/succorware-100-teiliges-mini-erste-hilfe-set-bestehend-aus-einer-notfall-foliendecke-einem-verband-fuer-reise-haushalt-buero-fahrzeug-camping-arbeitsplatz-und\\\/#primaryimage\",\"url\":\"https:\\\/\\\/m.media-amazon.com\\\/images\\\/I\\\/51aTlpn+piL._SL500_.jpg\",\"contentUrl\":\"https:\\\/\\\/m.media-amazon.com\\\/images\\\/I\\\/51aTlpn+piL._SL500_.jpg\",\"width\":500,\"height\":500},{\"@type\":\"BreadcrumbList\",\"@id\":\"https:\\\/\\\/marktxxl.de\\\/markt\\\/produkt\\\/succorware-100-teiliges-mini-erste-hilfe-set-bestehend-aus-einer-notfall-foliendecke-einem-verband-fuer-reise-haushalt-buero-fahrzeug-camping-arbeitsplatz-und\\\/#breadcrumb\",\"itemListElement\":[{\"@type\":\"ListItem\",\"position\":1,\"name\":\"Startseite\",\"item\":\"https:\\\/\\\/marktxxl.de\\\/markt\\\/\"},{\"@type\":\"ListItem\",\"position\":2,\"name\":\"Markt\",\"item\":\"https:\\\/\\\/marktxxl.de\\\/markt\\\/\"},{\"@type\":\"ListItem\",\"position\":3,\"name\":\"SuccorWare 100-teiliges Mini-Erste-Hilfe-Set, bestehend aus Einer Notfall-Foliendecke, einem Verband f\u00fcr Reise, Haushalt\u2026\"}]},{\"@type\":\"WebSite\",\"@id\":\"https:\\\/\\\/marktxxl.de\\\/markt\\\/#website\",\"url\":\"https:\\\/\\\/marktxxl.de\\\/markt\\\/\",\"name\":\"Markt-XXL\",\"description\":\"Ihr Markt Online\",\"publisher\":{\"@id\":\"https:\\\/\\\/marktxxl.de\\\/markt\\\/#organization\"},\"potentialAction\":[{\"@type\":\"SearchAction\",\"target\":{\"@type\":\"EntryPoint\",\"urlTemplate\":\"https:\\\/\\\/marktxxl.de\\\/markt\\\/?s={search_term_string}\"},\"query-input\":{\"@type\":\"PropertyValueSpecification\",\"valueRequired\":true,\"valueName\":\"search_term_string\"}}],\"inLanguage\":\"de\"},{\"@type\":\"Organization\",\"@id\":\"https:\\\/\\\/marktxxl.de\\\/markt\\\/#organization\",\"name\":\"Markt-XXL\",\"url\":\"https:\\\/\\\/marktxxl.de\\\/markt\\\/\",\"logo\":{\"@type\":\"ImageObject\",\"inLanguage\":\"de\",\"@id\":\"https:\\\/\\\/marktxxl.de\\\/markt\\\/#\\\/schema\\\/logo\\\/image\\\/\",\"url\":\"https:\\\/\\\/marktxxl.de\\\/markt\\\/wp-content\\\/uploads\\\/sites\\\/3\\\/2020\\\/12\\\/logo.png\",\"contentUrl\":\"https:\\\/\\\/marktxxl.de\\\/markt\\\/wp-content\\\/uploads\\\/sites\\\/3\\\/2020\\\/12\\\/logo.png\",\"width\":200,\"height\":70,\"caption\":\"Markt-XXL\"},\"image\":{\"@id\":\"https:\\\/\\\/marktxxl.de\\\/markt\\\/#\\\/schema\\\/logo\\\/image\\\/\"}}]}<\/script>\n<!-- \/ Yoast SEO plugin. -->","yoast_head_json":{"title":"SuccorWare 100-teiliges Mini-Erste-Hilfe-Set, bestehend aus Einer Notfall-Foliendecke, einem Verband f\u00fcr Reise, Haushalt\u2026 - Markt-XXL","description":"Markt-XXL SuccorWare 100-teiliges Mini-Erste-Hilfe-Set, bestehend aus Einer Notfall-Foliendecke, einem Verband f\u00fcr Reise, Haushalt\u2026","robots":{"index":"index","follow":"follow","max-snippet":"max-snippet:-1","max-image-preview":"max-image-preview:large","max-video-preview":"max-video-preview:-1"},"canonical":"https:\/\/marktxxl.de\/markt\/produkt\/succorware-100-teiliges-mini-erste-hilfe-set-bestehend-aus-einer-notfall-foliendecke-einem-verband-fuer-reise-haushalt-buero-fahrzeug-camping-arbeitsplatz-und\/","og_locale":"de_DE","og_type":"article","og_title":"SuccorWare 100-teiliges Mini-Erste-Hilfe-Set, bestehend aus Einer Notfall-Foliendecke, einem Verband f\u00fcr Reise, Haushalt\u2026 - Markt-XXL","og_description":"Markt-XXL SuccorWare 100-teiliges Mini-Erste-Hilfe-Set, bestehend aus Einer Notfall-Foliendecke, einem Verband f\u00fcr Reise, Haushalt\u2026","og_url":"https:\/\/marktxxl.de\/markt\/produkt\/succorware-100-teiliges-mini-erste-hilfe-set-bestehend-aus-einer-notfall-foliendecke-einem-verband-fuer-reise-haushalt-buero-fahrzeug-camping-arbeitsplatz-und\/","og_site_name":"Markt-XXL","article_modified_time":"2023-04-07T23:09:25+00:00","og_image":[{"width":500,"height":500,"url":"https:\/\/m.media-amazon.com\/images\/I\/51aTlpn+piL._SL500_.jpg","type":"image\/jpeg"}],"twitter_card":"summary_large_image","twitter_misc":{"Gesch\u00e4tzte Lesezeit":"1\u00a0Minute"},"schema":{"@context":"https:\/\/schema.org","@graph":[{"@type":"WebPage","@id":"https:\/\/marktxxl.de\/markt\/produkt\/succorware-100-teiliges-mini-erste-hilfe-set-bestehend-aus-einer-notfall-foliendecke-einem-verband-fuer-reise-haushalt-buero-fahrzeug-camping-arbeitsplatz-und\/","url":"https:\/\/marktxxl.de\/markt\/produkt\/succorware-100-teiliges-mini-erste-hilfe-set-bestehend-aus-einer-notfall-foliendecke-einem-verband-fuer-reise-haushalt-buero-fahrzeug-camping-arbeitsplatz-und\/","name":"SuccorWare 100-teiliges Mini-Erste-Hilfe-Set, bestehend aus Einer Notfall-Foliendecke, einem Verband f\u00fcr Reise, Haushalt\u2026 - Markt-XXL","isPartOf":{"@id":"https:\/\/marktxxl.de\/markt\/#website"},"primaryImageOfPage":{"@id":"https:\/\/marktxxl.de\/markt\/produkt\/succorware-100-teiliges-mini-erste-hilfe-set-bestehend-aus-einer-notfall-foliendecke-einem-verband-fuer-reise-haushalt-buero-fahrzeug-camping-arbeitsplatz-und\/#primaryimage"},"image":{"@id":"https:\/\/marktxxl.de\/markt\/produkt\/succorware-100-teiliges-mini-erste-hilfe-set-bestehend-aus-einer-notfall-foliendecke-einem-verband-fuer-reise-haushalt-buero-fahrzeug-camping-arbeitsplatz-und\/#primaryimage"},"thumbnailUrl":"https:\/\/m.media-amazon.com\/images\/I\/51aTlpn+piL._SL500_.jpg","datePublished":"2021-09-12T20:26:24+00:00","dateModified":"2023-04-07T23:09:25+00:00","description":"Markt-XXL SuccorWare 100-teiliges Mini-Erste-Hilfe-Set, bestehend aus Einer Notfall-Foliendecke, einem Verband f\u00fcr Reise, Haushalt\u2026","breadcrumb":{"@id":"https:\/\/marktxxl.de\/markt\/produkt\/succorware-100-teiliges-mini-erste-hilfe-set-bestehend-aus-einer-notfall-foliendecke-einem-verband-fuer-reise-haushalt-buero-fahrzeug-camping-arbeitsplatz-und\/#breadcrumb"},"inLanguage":"de","potentialAction":[{"@type":"ReadAction","target":["https:\/\/marktxxl.de\/markt\/produkt\/succorware-100-teiliges-mini-erste-hilfe-set-bestehend-aus-einer-notfall-foliendecke-einem-verband-fuer-reise-haushalt-buero-fahrzeug-camping-arbeitsplatz-und\/"]}]},{"@type":"ImageObject","inLanguage":"de","@id":"https:\/\/marktxxl.de\/markt\/produkt\/succorware-100-teiliges-mini-erste-hilfe-set-bestehend-aus-einer-notfall-foliendecke-einem-verband-fuer-reise-haushalt-buero-fahrzeug-camping-arbeitsplatz-und\/#primaryimage","url":"https:\/\/m.media-amazon.com\/images\/I\/51aTlpn+piL._SL500_.jpg","contentUrl":"https:\/\/m.media-amazon.com\/images\/I\/51aTlpn+piL._SL500_.jpg","width":500,"height":500},{"@type":"BreadcrumbList","@id":"https:\/\/marktxxl.de\/markt\/produkt\/succorware-100-teiliges-mini-erste-hilfe-set-bestehend-aus-einer-notfall-foliendecke-einem-verband-fuer-reise-haushalt-buero-fahrzeug-camping-arbeitsplatz-und\/#breadcrumb","itemListElement":[{"@type":"ListItem","position":1,"name":"Startseite","item":"https:\/\/marktxxl.de\/markt\/"},{"@type":"ListItem","position":2,"name":"Markt","item":"https:\/\/marktxxl.de\/markt\/"},{"@type":"ListItem","position":3,"name":"SuccorWare 100-teiliges Mini-Erste-Hilfe-Set, bestehend aus Einer Notfall-Foliendecke, einem Verband f\u00fcr Reise, Haushalt\u2026"}]},{"@type":"WebSite","@id":"https:\/\/marktxxl.de\/markt\/#website","url":"https:\/\/marktxxl.de\/markt\/","name":"Markt-XXL","description":"Ihr Markt Online","publisher":{"@id":"https:\/\/marktxxl.de\/markt\/#organization"},"potentialAction":[{"@type":"SearchAction","target":{"@type":"EntryPoint","urlTemplate":"https:\/\/marktxxl.de\/markt\/?s={search_term_string}"},"query-input":{"@type":"PropertyValueSpecification","valueRequired":true,"valueName":"search_term_string"}}],"inLanguage":"de"},{"@type":"Organization","@id":"https:\/\/marktxxl.de\/markt\/#organization","name":"Markt-XXL","url":"https:\/\/marktxxl.de\/markt\/","logo":{"@type":"ImageObject","inLanguage":"de","@id":"https:\/\/marktxxl.de\/markt\/#\/schema\/logo\/image\/","url":"https:\/\/marktxxl.de\/markt\/wp-content\/uploads\/sites\/3\/2020\/12\/logo.png","contentUrl":"https:\/\/marktxxl.de\/markt\/wp-content\/uploads\/sites\/3\/2020\/12\/logo.png","width":200,"height":70,"caption":"Markt-XXL"},"image":{"@id":"https:\/\/marktxxl.de\/markt\/#\/schema\/logo\/image\/"}}]}},"_links":{"self":[{"href":"https:\/\/marktxxl.de\/markt\/wp-json\/wp\/v2\/product\/29808","targetHints":{"allow":["GET"]}}],"collection":[{"href":"https:\/\/marktxxl.de\/markt\/wp-json\/wp\/v2\/product"}],"about":[{"href":"https:\/\/marktxxl.de\/markt\/wp-json\/wp\/v2\/types\/product"}],"replies":[{"embeddable":true,"href":"https:\/\/marktxxl.de\/markt\/wp-json\/wp\/v2\/comments?post=29808"}],"wp:featuredmedia":[{"embeddable":true,"href":"https:\/\/marktxxl.de\/markt\/wp-json\/wp\/v2\/media\/29809"}],"wp:attachment":[{"href":"https:\/\/marktxxl.de\/markt\/wp-json\/wp\/v2\/media?parent=29808"}],"wp:term":[{"taxonomy":"product_brand","embeddable":true,"href":"https:\/\/marktxxl.de\/markt\/wp-json\/wp\/v2\/product_brand?post=29808"},{"taxonomy":"product_cat","embeddable":true,"href":"https:\/\/marktxxl.de\/markt\/wp-json\/wp\/v2\/product_cat?post=29808"},{"taxonomy":"product_tag","embeddable":true,"href":"https:\/\/marktxxl.de\/markt\/wp-json\/wp\/v2\/product_tag?post=29808"}],"curies":[{"name":"wp","href":"https:\/\/api.w.org\/{rel}","templated":true}]}}