{"id":29769,"date":"2021-09-12T22:25:13","date_gmt":"2021-09-12T20:25:13","guid":{"rendered":"https:\/\/marktxxl.de\/markt\/produkt\/grohe-ablaufventil-df-42253000\/"},"modified":"2023-04-08T01:09:24","modified_gmt":"2023-04-07T23:09:24","slug":"grohe-ablaufventil-df-42253000","status":"publish","type":"product","link":"https:\/\/marktxxl.de\/markt\/produkt\/grohe-ablaufventil-df-42253000\/","title":{"rendered":"Grohe Ablaufventil DF 42253000"},"content":{"rendered":"<p>Grohe StarLight Chromoberfl\u00e4che- langlebig, hochgl\u00e4nzend und widerstandsf\u00e4hig<br \/>\nZur Kombination mit dem Unterputzk\u00f6rper 33 769 000<br \/>\nHochwertige Metallblende<br \/>\nHerstellergarantie: 5 Jahre bei Verkauf und Versand durch Amazon. Bei Verkauf und Versand durch einen Drittanbieter gelten die Angaben des jeweiligen Verk\u00e4ufers<br \/>\nHerstellergarantie: 5 Jahre bei Verkauf und Versand durch Amazon. Bei Verkauf und Versand durch einen Drittanbieter gelten die Angaben des jeweiligen Verk\u00e4ufers. Ausf\u00fchrliche Garantiebedingungen finden Sie unter \u201eWeitere technische Informationen\u201c auf dieser Seite, klicken Sie hierzu bitte auf \u201e5 Jahre Herstellergarantie\u201c.<br \/>\n<div class=\"main-cross-sell\" data-asin=\"B0099PY58K\">\n\n\t<div class=\"WooZone-cross-sell-loader\">\n\t\t<div>\n\t\t\t<div id=\"floatingBarsG\">\n\t\t\t\t<div class=\"blockG\" id=\"rotateG_01\"><\/div>\n\t\t\t\t<div class=\"blockG\" id=\"rotateG_02\"><\/div>\n\t\t\t\t<div class=\"blockG\" id=\"rotateG_03\"><\/div>\n\t\t\t\t<div class=\"blockG\" id=\"rotateG_04\"><\/div>\n\t\t\t\t<div class=\"blockG\" id=\"rotateG_05\"><\/div>\n\t\t\t\t<div class=\"blockG\" id=\"rotateG_06\"><\/div>\n\t\t\t\t<div class=\"blockG\" id=\"rotateG_07\"><\/div>\n\t\t\t\t<div class=\"blockG\" id=\"rotateG_08\"><\/div>\n\t\t\t<\/div>\n\t\t\t<div class=\"WooZone-cross-sell-loader-text\"><\/div>\n\t\t<\/div>\n\t<\/div>\n\n\t\t\n<\/div>\n<div style=\"clear:both;\"><\/div><\/p>\n","protected":false},"excerpt":{"rendered":"<p>Grohe StarLight Chromoberfl\u00e4che- langlebig, hochgl\u00e4nzend und widerstandsf\u00e4hig<br \/>\nZur Kombination mit dem Unterputzk\u00f6rper 33 769 000<br \/>\nHochwertige Metallblende<\/p>\n","protected":false},"featured_media":29770,"comment_status":"open","ping_status":"closed","template":"","meta":[],"product_brand":[],"product_cat":[1983,11319],"product_tag":[],"class_list":{"0":"post-29769","1":"product","2":"type-product","3":"status-publish","4":"has-post-thumbnail","6":"product_cat-baumarkt","7":"product_cat-sanitaer","8":"pa_binding-werkzeug","9":"pa_brand-grohe","10":"pa_color-chrom","11":"pa_height-17-7952755724-zoll","12":"pa_languages-uebersetzung-italienisch-handbuch-italienisch-handbuch-deutsch-handbuch-franzoesisch-handbuch-englisch","13":"pa_length-3-6614173191-zoll","14":"pa_manufacturer-grohe","15":"pa_model-13680","16":"pa_warranty-2-year-manufacturer","17":"pa_weight-0-881849048-pfund","18":"pa_width-3-6614173191-zoll","20":"first","21":"instock","22":"shipping-taxable","23":"purchasable","24":"product-type-simple","25":"customify-col","26":"product-has-gallery"},"yoast_head":"<!-- This site is optimized with the Yoast SEO plugin v27.3 - https:\/\/yoast.com\/product\/yoast-seo-wordpress\/ -->\n<title>Grohe Ablaufventil DF 42253000 - Markt-XXL<\/title>\n<meta name=\"description\" content=\"Markt-XXL Grohe Ablaufventil DF 42253000\" \/>\n<meta name=\"robots\" content=\"index, follow, max-snippet:-1, max-image-preview:large, max-video-preview:-1\" \/>\n<link rel=\"canonical\" href=\"https:\/\/marktxxl.de\/markt\/produkt\/grohe-ablaufventil-df-42253000\/\" \/>\n<meta property=\"og:locale\" content=\"de_DE\" \/>\n<meta property=\"og:type\" content=\"article\" \/>\n<meta property=\"og:title\" content=\"Grohe Ablaufventil DF 42253000 - Markt-XXL\" \/>\n<meta property=\"og:description\" content=\"Markt-XXL Grohe Ablaufventil DF 42253000\" \/>\n<meta property=\"og:url\" content=\"https:\/\/marktxxl.de\/markt\/produkt\/grohe-ablaufventil-df-42253000\/\" \/>\n<meta property=\"og:site_name\" content=\"Markt-XXL\" \/>\n<meta property=\"article:modified_time\" content=\"2023-04-07T23:09:24+00:00\" \/>\n<meta property=\"og:image\" content=\"https:\/\/m.media-amazon.com\/images\/I\/31N9zbKdefL._SL500_.jpg\" \/>\n\t<meta property=\"og:image:width\" content=\"500\" \/>\n\t<meta property=\"og:image:height\" content=\"500\" \/>\n\t<meta property=\"og:image:type\" content=\"image\/jpeg\" \/>\n<meta name=\"twitter:card\" content=\"summary_large_image\" \/>\n<script type=\"application\/ld+json\" class=\"yoast-schema-graph\">{\"@context\":\"https:\\\/\\\/schema.org\",\"@graph\":[{\"@type\":\"WebPage\",\"@id\":\"https:\\\/\\\/marktxxl.de\\\/markt\\\/produkt\\\/grohe-ablaufventil-df-42253000\\\/\",\"url\":\"https:\\\/\\\/marktxxl.de\\\/markt\\\/produkt\\\/grohe-ablaufventil-df-42253000\\\/\",\"name\":\"Grohe Ablaufventil DF 42253000 - Markt-XXL\",\"isPartOf\":{\"@id\":\"https:\\\/\\\/marktxxl.de\\\/markt\\\/#website\"},\"primaryImageOfPage\":{\"@id\":\"https:\\\/\\\/marktxxl.de\\\/markt\\\/produkt\\\/grohe-ablaufventil-df-42253000\\\/#primaryimage\"},\"image\":{\"@id\":\"https:\\\/\\\/marktxxl.de\\\/markt\\\/produkt\\\/grohe-ablaufventil-df-42253000\\\/#primaryimage\"},\"thumbnailUrl\":\"https:\\\/\\\/m.media-amazon.com\\\/images\\\/I\\\/31N9zbKdefL._SL500_.jpg\",\"datePublished\":\"2021-09-12T20:25:13+00:00\",\"dateModified\":\"2023-04-07T23:09:24+00:00\",\"description\":\"Markt-XXL Grohe Ablaufventil DF 42253000\",\"breadcrumb\":{\"@id\":\"https:\\\/\\\/marktxxl.de\\\/markt\\\/produkt\\\/grohe-ablaufventil-df-42253000\\\/#breadcrumb\"},\"inLanguage\":\"de\",\"potentialAction\":[{\"@type\":\"ReadAction\",\"target\":[\"https:\\\/\\\/marktxxl.de\\\/markt\\\/produkt\\\/grohe-ablaufventil-df-42253000\\\/\"]}]},{\"@type\":\"ImageObject\",\"inLanguage\":\"de\",\"@id\":\"https:\\\/\\\/marktxxl.de\\\/markt\\\/produkt\\\/grohe-ablaufventil-df-42253000\\\/#primaryimage\",\"url\":\"https:\\\/\\\/m.media-amazon.com\\\/images\\\/I\\\/31N9zbKdefL._SL500_.jpg\",\"contentUrl\":\"https:\\\/\\\/m.media-amazon.com\\\/images\\\/I\\\/31N9zbKdefL._SL500_.jpg\",\"width\":500,\"height\":500},{\"@type\":\"BreadcrumbList\",\"@id\":\"https:\\\/\\\/marktxxl.de\\\/markt\\\/produkt\\\/grohe-ablaufventil-df-42253000\\\/#breadcrumb\",\"itemListElement\":[{\"@type\":\"ListItem\",\"position\":1,\"name\":\"Startseite\",\"item\":\"https:\\\/\\\/marktxxl.de\\\/markt\\\/\"},{\"@type\":\"ListItem\",\"position\":2,\"name\":\"Markt\",\"item\":\"https:\\\/\\\/marktxxl.de\\\/markt\\\/\"},{\"@type\":\"ListItem\",\"position\":3,\"name\":\"Grohe Ablaufventil DF 42253000\"}]},{\"@type\":\"WebSite\",\"@id\":\"https:\\\/\\\/marktxxl.de\\\/markt\\\/#website\",\"url\":\"https:\\\/\\\/marktxxl.de\\\/markt\\\/\",\"name\":\"Markt-XXL\",\"description\":\"Ihr Markt Online\",\"publisher\":{\"@id\":\"https:\\\/\\\/marktxxl.de\\\/markt\\\/#organization\"},\"potentialAction\":[{\"@type\":\"SearchAction\",\"target\":{\"@type\":\"EntryPoint\",\"urlTemplate\":\"https:\\\/\\\/marktxxl.de\\\/markt\\\/?s={search_term_string}\"},\"query-input\":{\"@type\":\"PropertyValueSpecification\",\"valueRequired\":true,\"valueName\":\"search_term_string\"}}],\"inLanguage\":\"de\"},{\"@type\":\"Organization\",\"@id\":\"https:\\\/\\\/marktxxl.de\\\/markt\\\/#organization\",\"name\":\"Markt-XXL\",\"url\":\"https:\\\/\\\/marktxxl.de\\\/markt\\\/\",\"logo\":{\"@type\":\"ImageObject\",\"inLanguage\":\"de\",\"@id\":\"https:\\\/\\\/marktxxl.de\\\/markt\\\/#\\\/schema\\\/logo\\\/image\\\/\",\"url\":\"https:\\\/\\\/marktxxl.de\\\/markt\\\/wp-content\\\/uploads\\\/sites\\\/3\\\/2020\\\/12\\\/logo.png\",\"contentUrl\":\"https:\\\/\\\/marktxxl.de\\\/markt\\\/wp-content\\\/uploads\\\/sites\\\/3\\\/2020\\\/12\\\/logo.png\",\"width\":200,\"height\":70,\"caption\":\"Markt-XXL\"},\"image\":{\"@id\":\"https:\\\/\\\/marktxxl.de\\\/markt\\\/#\\\/schema\\\/logo\\\/image\\\/\"}}]}<\/script>\n<!-- \/ Yoast SEO plugin. -->","yoast_head_json":{"title":"Grohe Ablaufventil DF 42253000 - Markt-XXL","description":"Markt-XXL Grohe Ablaufventil DF 42253000","robots":{"index":"index","follow":"follow","max-snippet":"max-snippet:-1","max-image-preview":"max-image-preview:large","max-video-preview":"max-video-preview:-1"},"canonical":"https:\/\/marktxxl.de\/markt\/produkt\/grohe-ablaufventil-df-42253000\/","og_locale":"de_DE","og_type":"article","og_title":"Grohe Ablaufventil DF 42253000 - Markt-XXL","og_description":"Markt-XXL Grohe Ablaufventil DF 42253000","og_url":"https:\/\/marktxxl.de\/markt\/produkt\/grohe-ablaufventil-df-42253000\/","og_site_name":"Markt-XXL","article_modified_time":"2023-04-07T23:09:24+00:00","og_image":[{"width":500,"height":500,"url":"https:\/\/m.media-amazon.com\/images\/I\/31N9zbKdefL._SL500_.jpg","type":"image\/jpeg"}],"twitter_card":"summary_large_image","schema":{"@context":"https:\/\/schema.org","@graph":[{"@type":"WebPage","@id":"https:\/\/marktxxl.de\/markt\/produkt\/grohe-ablaufventil-df-42253000\/","url":"https:\/\/marktxxl.de\/markt\/produkt\/grohe-ablaufventil-df-42253000\/","name":"Grohe Ablaufventil DF 42253000 - Markt-XXL","isPartOf":{"@id":"https:\/\/marktxxl.de\/markt\/#website"},"primaryImageOfPage":{"@id":"https:\/\/marktxxl.de\/markt\/produkt\/grohe-ablaufventil-df-42253000\/#primaryimage"},"image":{"@id":"https:\/\/marktxxl.de\/markt\/produkt\/grohe-ablaufventil-df-42253000\/#primaryimage"},"thumbnailUrl":"https:\/\/m.media-amazon.com\/images\/I\/31N9zbKdefL._SL500_.jpg","datePublished":"2021-09-12T20:25:13+00:00","dateModified":"2023-04-07T23:09:24+00:00","description":"Markt-XXL Grohe Ablaufventil DF 42253000","breadcrumb":{"@id":"https:\/\/marktxxl.de\/markt\/produkt\/grohe-ablaufventil-df-42253000\/#breadcrumb"},"inLanguage":"de","potentialAction":[{"@type":"ReadAction","target":["https:\/\/marktxxl.de\/markt\/produkt\/grohe-ablaufventil-df-42253000\/"]}]},{"@type":"ImageObject","inLanguage":"de","@id":"https:\/\/marktxxl.de\/markt\/produkt\/grohe-ablaufventil-df-42253000\/#primaryimage","url":"https:\/\/m.media-amazon.com\/images\/I\/31N9zbKdefL._SL500_.jpg","contentUrl":"https:\/\/m.media-amazon.com\/images\/I\/31N9zbKdefL._SL500_.jpg","width":500,"height":500},{"@type":"BreadcrumbList","@id":"https:\/\/marktxxl.de\/markt\/produkt\/grohe-ablaufventil-df-42253000\/#breadcrumb","itemListElement":[{"@type":"ListItem","position":1,"name":"Startseite","item":"https:\/\/marktxxl.de\/markt\/"},{"@type":"ListItem","position":2,"name":"Markt","item":"https:\/\/marktxxl.de\/markt\/"},{"@type":"ListItem","position":3,"name":"Grohe Ablaufventil DF 42253000"}]},{"@type":"WebSite","@id":"https:\/\/marktxxl.de\/markt\/#website","url":"https:\/\/marktxxl.de\/markt\/","name":"Markt-XXL","description":"Ihr Markt Online","publisher":{"@id":"https:\/\/marktxxl.de\/markt\/#organization"},"potentialAction":[{"@type":"SearchAction","target":{"@type":"EntryPoint","urlTemplate":"https:\/\/marktxxl.de\/markt\/?s={search_term_string}"},"query-input":{"@type":"PropertyValueSpecification","valueRequired":true,"valueName":"search_term_string"}}],"inLanguage":"de"},{"@type":"Organization","@id":"https:\/\/marktxxl.de\/markt\/#organization","name":"Markt-XXL","url":"https:\/\/marktxxl.de\/markt\/","logo":{"@type":"ImageObject","inLanguage":"de","@id":"https:\/\/marktxxl.de\/markt\/#\/schema\/logo\/image\/","url":"https:\/\/marktxxl.de\/markt\/wp-content\/uploads\/sites\/3\/2020\/12\/logo.png","contentUrl":"https:\/\/marktxxl.de\/markt\/wp-content\/uploads\/sites\/3\/2020\/12\/logo.png","width":200,"height":70,"caption":"Markt-XXL"},"image":{"@id":"https:\/\/marktxxl.de\/markt\/#\/schema\/logo\/image\/"}}]}},"_links":{"self":[{"href":"https:\/\/marktxxl.de\/markt\/wp-json\/wp\/v2\/product\/29769","targetHints":{"allow":["GET"]}}],"collection":[{"href":"https:\/\/marktxxl.de\/markt\/wp-json\/wp\/v2\/product"}],"about":[{"href":"https:\/\/marktxxl.de\/markt\/wp-json\/wp\/v2\/types\/product"}],"replies":[{"embeddable":true,"href":"https:\/\/marktxxl.de\/markt\/wp-json\/wp\/v2\/comments?post=29769"}],"wp:featuredmedia":[{"embeddable":true,"href":"https:\/\/marktxxl.de\/markt\/wp-json\/wp\/v2\/media\/29770"}],"wp:attachment":[{"href":"https:\/\/marktxxl.de\/markt\/wp-json\/wp\/v2\/media?parent=29769"}],"wp:term":[{"taxonomy":"product_brand","embeddable":true,"href":"https:\/\/marktxxl.de\/markt\/wp-json\/wp\/v2\/product_brand?post=29769"},{"taxonomy":"product_cat","embeddable":true,"href":"https:\/\/marktxxl.de\/markt\/wp-json\/wp\/v2\/product_cat?post=29769"},{"taxonomy":"product_tag","embeddable":true,"href":"https:\/\/marktxxl.de\/markt\/wp-json\/wp\/v2\/product_tag?post=29769"}],"curies":[{"name":"wp","href":"https:\/\/api.w.org\/{rel}","templated":true}]}}