{"id":29628,"date":"2021-09-12T22:24:02","date_gmt":"2021-09-12T20:24:02","guid":{"rendered":"https:\/\/marktxxl.de\/markt\/produkt\/50er-set-wago-verbindungsklemmen-20x-2-leiter-20x-3-leiter-10x-5-leiter-mit-betaetigungshebel-02-4-qmm-kleine-bauform-transparent\/"},"modified":"2023-04-08T01:09:21","modified_gmt":"2023-04-07T23:09:21","slug":"50er-set-wago-verbindungsklemmen-20x-2-leiter-20x-3-leiter-10x-5-leiter-mit-betaetigungshebel-02-4-qmm-kleine-bauform-transparent","status":"publish","type":"product","link":"https:\/\/marktxxl.de\/markt\/produkt\/50er-set-wago-verbindungsklemmen-20x-2-leiter-20x-3-leiter-10x-5-leiter-mit-betaetigungshebel-02-4-qmm-kleine-bauform-transparent\/","title":{"rendered":"50er Set Wago Verbindungsklemmen 20x 2 Leiter 20x 3 Leiter 10x 5 Leiter mit Bet\u00e4tigungshebel 0,2-4 qmm kleine Bauform\u2026"},"content":{"rendered":"<p>20 St\u00fcck 221-412 2 Fach | 20 St\u00fcck 221-413 3 Fach | 10 St\u00fcck 221-415 5 Fach<br \/>\nKomfortabler Leiteranschluss von 0,2 bis 4 mm\u00b2 f\u00fcr Installation von ein-, fein und mehrdr\u00e4htiger Leiter<br \/>\nHebel auf, Leiter rein, Hebel schlie\u00dfen<br \/>\nf\u00fcr alle Leiterarten<br \/>\n32 A\/ 450 V<br \/>\n<div class=\"main-cross-sell\" data-asin=\"B07NKFXLF7\">\n\n\t<div class=\"WooZone-cross-sell-loader\">\n\t\t<div>\n\t\t\t<div id=\"floatingBarsG\">\n\t\t\t\t<div class=\"blockG\" id=\"rotateG_01\"><\/div>\n\t\t\t\t<div class=\"blockG\" id=\"rotateG_02\"><\/div>\n\t\t\t\t<div class=\"blockG\" id=\"rotateG_03\"><\/div>\n\t\t\t\t<div class=\"blockG\" id=\"rotateG_04\"><\/div>\n\t\t\t\t<div class=\"blockG\" id=\"rotateG_05\"><\/div>\n\t\t\t\t<div class=\"blockG\" id=\"rotateG_06\"><\/div>\n\t\t\t\t<div class=\"blockG\" id=\"rotateG_07\"><\/div>\n\t\t\t\t<div class=\"blockG\" id=\"rotateG_08\"><\/div>\n\t\t\t<\/div>\n\t\t\t<div class=\"WooZone-cross-sell-loader-text\"><\/div>\n\t\t<\/div>\n\t<\/div>\n\n\t\t\n<\/div>\n<div style=\"clear:both;\"><\/div><\/p>\n","protected":false},"excerpt":{"rendered":"<p>20 St\u00fcck 221-412 2 Fach | 20 St\u00fcck 221-413 3 Fach | 10 St\u00fcck 221-415 5 Fach<br \/>\nKomfortabler Leiteranschluss von 0,2 bis 4 mm\u00b2 f\u00fcr Installation von ein-, fein und mehrdr\u00e4htiger Leiter<br \/>\nHebel auf, Leiter rein, Hebel schlie\u00dfen<\/p>\n","protected":false},"featured_media":29629,"comment_status":"open","ping_status":"closed","template":"","meta":[],"product_brand":[],"product_cat":[1983],"product_tag":[],"class_list":{"0":"post-29628","1":"product","2":"type-product","3":"status-publish","4":"has-post-thumbnail","6":"product_cat-baumarkt","7":"pa_brand-wago","8":"pa_color-set-02-4-mm","9":"pa_manufacturer-wago","10":"pa_size-50-stueck","12":"first","13":"instock","14":"shipping-taxable","15":"purchasable","16":"product-type-simple","17":"customify-col","18":"product-has-gallery"},"yoast_head":"<!-- This site is optimized with the Yoast SEO plugin v27.3 - https:\/\/yoast.com\/product\/yoast-seo-wordpress\/ -->\n<title>50er Set Wago Verbindungsklemmen 20x 2 Leiter 20x 3 Leiter 10x 5 Leiter mit Bet\u00e4tigungshebel 0,2-4 qmm kleine Bauform\u2026 - Markt-XXL<\/title>\n<meta name=\"description\" content=\"Markt-XXL 50er Set Wago Verbindungsklemmen 20x 2 Leiter 20x 3 Leiter 10x 5 Leiter mit Bet\u00e4tigungshebel 0,2-4 qmm kleine Bauform\u2026\" \/>\n<meta name=\"robots\" content=\"index, follow, max-snippet:-1, max-image-preview:large, max-video-preview:-1\" \/>\n<link rel=\"canonical\" href=\"https:\/\/marktxxl.de\/markt\/produkt\/50er-set-wago-verbindungsklemmen-20x-2-leiter-20x-3-leiter-10x-5-leiter-mit-betaetigungshebel-02-4-qmm-kleine-bauform-transparent\/\" \/>\n<meta property=\"og:locale\" content=\"de_DE\" \/>\n<meta property=\"og:type\" content=\"article\" \/>\n<meta property=\"og:title\" content=\"50er Set Wago Verbindungsklemmen 20x 2 Leiter 20x 3 Leiter 10x 5 Leiter mit Bet\u00e4tigungshebel 0,2-4 qmm kleine Bauform\u2026 - Markt-XXL\" \/>\n<meta property=\"og:description\" content=\"Markt-XXL 50er Set Wago Verbindungsklemmen 20x 2 Leiter 20x 3 Leiter 10x 5 Leiter mit Bet\u00e4tigungshebel 0,2-4 qmm kleine Bauform\u2026\" \/>\n<meta property=\"og:url\" content=\"https:\/\/marktxxl.de\/markt\/produkt\/50er-set-wago-verbindungsklemmen-20x-2-leiter-20x-3-leiter-10x-5-leiter-mit-betaetigungshebel-02-4-qmm-kleine-bauform-transparent\/\" \/>\n<meta property=\"og:site_name\" content=\"Markt-XXL\" \/>\n<meta property=\"article:modified_time\" content=\"2023-04-07T23:09:21+00:00\" \/>\n<meta property=\"og:image\" content=\"https:\/\/m.media-amazon.com\/images\/I\/41eExQcv-jL._SL500_.jpg\" \/>\n\t<meta property=\"og:image:width\" content=\"500\" \/>\n\t<meta property=\"og:image:height\" content=\"500\" \/>\n\t<meta property=\"og:image:type\" content=\"image\/jpeg\" \/>\n<meta name=\"twitter:card\" content=\"summary_large_image\" \/>\n<script type=\"application\/ld+json\" class=\"yoast-schema-graph\">{\"@context\":\"https:\\\/\\\/schema.org\",\"@graph\":[{\"@type\":\"WebPage\",\"@id\":\"https:\\\/\\\/marktxxl.de\\\/markt\\\/produkt\\\/50er-set-wago-verbindungsklemmen-20x-2-leiter-20x-3-leiter-10x-5-leiter-mit-betaetigungshebel-02-4-qmm-kleine-bauform-transparent\\\/\",\"url\":\"https:\\\/\\\/marktxxl.de\\\/markt\\\/produkt\\\/50er-set-wago-verbindungsklemmen-20x-2-leiter-20x-3-leiter-10x-5-leiter-mit-betaetigungshebel-02-4-qmm-kleine-bauform-transparent\\\/\",\"name\":\"50er Set Wago Verbindungsklemmen 20x 2 Leiter 20x 3 Leiter 10x 5 Leiter mit Bet\u00e4tigungshebel 0,2-4 qmm kleine Bauform\u2026 - Markt-XXL\",\"isPartOf\":{\"@id\":\"https:\\\/\\\/marktxxl.de\\\/markt\\\/#website\"},\"primaryImageOfPage\":{\"@id\":\"https:\\\/\\\/marktxxl.de\\\/markt\\\/produkt\\\/50er-set-wago-verbindungsklemmen-20x-2-leiter-20x-3-leiter-10x-5-leiter-mit-betaetigungshebel-02-4-qmm-kleine-bauform-transparent\\\/#primaryimage\"},\"image\":{\"@id\":\"https:\\\/\\\/marktxxl.de\\\/markt\\\/produkt\\\/50er-set-wago-verbindungsklemmen-20x-2-leiter-20x-3-leiter-10x-5-leiter-mit-betaetigungshebel-02-4-qmm-kleine-bauform-transparent\\\/#primaryimage\"},\"thumbnailUrl\":\"https:\\\/\\\/m.media-amazon.com\\\/images\\\/I\\\/41eExQcv-jL._SL500_.jpg\",\"datePublished\":\"2021-09-12T20:24:02+00:00\",\"dateModified\":\"2023-04-07T23:09:21+00:00\",\"description\":\"Markt-XXL 50er Set Wago Verbindungsklemmen 20x 2 Leiter 20x 3 Leiter 10x 5 Leiter mit Bet\u00e4tigungshebel 0,2-4 qmm kleine Bauform\u2026\",\"breadcrumb\":{\"@id\":\"https:\\\/\\\/marktxxl.de\\\/markt\\\/produkt\\\/50er-set-wago-verbindungsklemmen-20x-2-leiter-20x-3-leiter-10x-5-leiter-mit-betaetigungshebel-02-4-qmm-kleine-bauform-transparent\\\/#breadcrumb\"},\"inLanguage\":\"de\",\"potentialAction\":[{\"@type\":\"ReadAction\",\"target\":[\"https:\\\/\\\/marktxxl.de\\\/markt\\\/produkt\\\/50er-set-wago-verbindungsklemmen-20x-2-leiter-20x-3-leiter-10x-5-leiter-mit-betaetigungshebel-02-4-qmm-kleine-bauform-transparent\\\/\"]}]},{\"@type\":\"ImageObject\",\"inLanguage\":\"de\",\"@id\":\"https:\\\/\\\/marktxxl.de\\\/markt\\\/produkt\\\/50er-set-wago-verbindungsklemmen-20x-2-leiter-20x-3-leiter-10x-5-leiter-mit-betaetigungshebel-02-4-qmm-kleine-bauform-transparent\\\/#primaryimage\",\"url\":\"https:\\\/\\\/m.media-amazon.com\\\/images\\\/I\\\/41eExQcv-jL._SL500_.jpg\",\"contentUrl\":\"https:\\\/\\\/m.media-amazon.com\\\/images\\\/I\\\/41eExQcv-jL._SL500_.jpg\",\"width\":500,\"height\":500},{\"@type\":\"BreadcrumbList\",\"@id\":\"https:\\\/\\\/marktxxl.de\\\/markt\\\/produkt\\\/50er-set-wago-verbindungsklemmen-20x-2-leiter-20x-3-leiter-10x-5-leiter-mit-betaetigungshebel-02-4-qmm-kleine-bauform-transparent\\\/#breadcrumb\",\"itemListElement\":[{\"@type\":\"ListItem\",\"position\":1,\"name\":\"Startseite\",\"item\":\"https:\\\/\\\/marktxxl.de\\\/markt\\\/\"},{\"@type\":\"ListItem\",\"position\":2,\"name\":\"Markt\",\"item\":\"https:\\\/\\\/marktxxl.de\\\/markt\\\/\"},{\"@type\":\"ListItem\",\"position\":3,\"name\":\"50er Set Wago Verbindungsklemmen 20x 2 Leiter 20x 3 Leiter 10x 5 Leiter mit Bet\u00e4tigungshebel 0,2-4 qmm kleine Bauform\u2026\"}]},{\"@type\":\"WebSite\",\"@id\":\"https:\\\/\\\/marktxxl.de\\\/markt\\\/#website\",\"url\":\"https:\\\/\\\/marktxxl.de\\\/markt\\\/\",\"name\":\"Markt-XXL\",\"description\":\"Ihr Markt Online\",\"publisher\":{\"@id\":\"https:\\\/\\\/marktxxl.de\\\/markt\\\/#organization\"},\"potentialAction\":[{\"@type\":\"SearchAction\",\"target\":{\"@type\":\"EntryPoint\",\"urlTemplate\":\"https:\\\/\\\/marktxxl.de\\\/markt\\\/?s={search_term_string}\"},\"query-input\":{\"@type\":\"PropertyValueSpecification\",\"valueRequired\":true,\"valueName\":\"search_term_string\"}}],\"inLanguage\":\"de\"},{\"@type\":\"Organization\",\"@id\":\"https:\\\/\\\/marktxxl.de\\\/markt\\\/#organization\",\"name\":\"Markt-XXL\",\"url\":\"https:\\\/\\\/marktxxl.de\\\/markt\\\/\",\"logo\":{\"@type\":\"ImageObject\",\"inLanguage\":\"de\",\"@id\":\"https:\\\/\\\/marktxxl.de\\\/markt\\\/#\\\/schema\\\/logo\\\/image\\\/\",\"url\":\"https:\\\/\\\/marktxxl.de\\\/markt\\\/wp-content\\\/uploads\\\/sites\\\/3\\\/2020\\\/12\\\/logo.png\",\"contentUrl\":\"https:\\\/\\\/marktxxl.de\\\/markt\\\/wp-content\\\/uploads\\\/sites\\\/3\\\/2020\\\/12\\\/logo.png\",\"width\":200,\"height\":70,\"caption\":\"Markt-XXL\"},\"image\":{\"@id\":\"https:\\\/\\\/marktxxl.de\\\/markt\\\/#\\\/schema\\\/logo\\\/image\\\/\"}}]}<\/script>\n<!-- \/ Yoast SEO plugin. -->","yoast_head_json":{"title":"50er Set Wago Verbindungsklemmen 20x 2 Leiter 20x 3 Leiter 10x 5 Leiter mit Bet\u00e4tigungshebel 0,2-4 qmm kleine Bauform\u2026 - Markt-XXL","description":"Markt-XXL 50er Set Wago Verbindungsklemmen 20x 2 Leiter 20x 3 Leiter 10x 5 Leiter mit Bet\u00e4tigungshebel 0,2-4 qmm kleine Bauform\u2026","robots":{"index":"index","follow":"follow","max-snippet":"max-snippet:-1","max-image-preview":"max-image-preview:large","max-video-preview":"max-video-preview:-1"},"canonical":"https:\/\/marktxxl.de\/markt\/produkt\/50er-set-wago-verbindungsklemmen-20x-2-leiter-20x-3-leiter-10x-5-leiter-mit-betaetigungshebel-02-4-qmm-kleine-bauform-transparent\/","og_locale":"de_DE","og_type":"article","og_title":"50er Set Wago Verbindungsklemmen 20x 2 Leiter 20x 3 Leiter 10x 5 Leiter mit Bet\u00e4tigungshebel 0,2-4 qmm kleine Bauform\u2026 - Markt-XXL","og_description":"Markt-XXL 50er Set Wago Verbindungsklemmen 20x 2 Leiter 20x 3 Leiter 10x 5 Leiter mit Bet\u00e4tigungshebel 0,2-4 qmm kleine Bauform\u2026","og_url":"https:\/\/marktxxl.de\/markt\/produkt\/50er-set-wago-verbindungsklemmen-20x-2-leiter-20x-3-leiter-10x-5-leiter-mit-betaetigungshebel-02-4-qmm-kleine-bauform-transparent\/","og_site_name":"Markt-XXL","article_modified_time":"2023-04-07T23:09:21+00:00","og_image":[{"width":500,"height":500,"url":"https:\/\/m.media-amazon.com\/images\/I\/41eExQcv-jL._SL500_.jpg","type":"image\/jpeg"}],"twitter_card":"summary_large_image","schema":{"@context":"https:\/\/schema.org","@graph":[{"@type":"WebPage","@id":"https:\/\/marktxxl.de\/markt\/produkt\/50er-set-wago-verbindungsklemmen-20x-2-leiter-20x-3-leiter-10x-5-leiter-mit-betaetigungshebel-02-4-qmm-kleine-bauform-transparent\/","url":"https:\/\/marktxxl.de\/markt\/produkt\/50er-set-wago-verbindungsklemmen-20x-2-leiter-20x-3-leiter-10x-5-leiter-mit-betaetigungshebel-02-4-qmm-kleine-bauform-transparent\/","name":"50er Set Wago Verbindungsklemmen 20x 2 Leiter 20x 3 Leiter 10x 5 Leiter mit Bet\u00e4tigungshebel 0,2-4 qmm kleine Bauform\u2026 - Markt-XXL","isPartOf":{"@id":"https:\/\/marktxxl.de\/markt\/#website"},"primaryImageOfPage":{"@id":"https:\/\/marktxxl.de\/markt\/produkt\/50er-set-wago-verbindungsklemmen-20x-2-leiter-20x-3-leiter-10x-5-leiter-mit-betaetigungshebel-02-4-qmm-kleine-bauform-transparent\/#primaryimage"},"image":{"@id":"https:\/\/marktxxl.de\/markt\/produkt\/50er-set-wago-verbindungsklemmen-20x-2-leiter-20x-3-leiter-10x-5-leiter-mit-betaetigungshebel-02-4-qmm-kleine-bauform-transparent\/#primaryimage"},"thumbnailUrl":"https:\/\/m.media-amazon.com\/images\/I\/41eExQcv-jL._SL500_.jpg","datePublished":"2021-09-12T20:24:02+00:00","dateModified":"2023-04-07T23:09:21+00:00","description":"Markt-XXL 50er Set Wago Verbindungsklemmen 20x 2 Leiter 20x 3 Leiter 10x 5 Leiter mit Bet\u00e4tigungshebel 0,2-4 qmm kleine Bauform\u2026","breadcrumb":{"@id":"https:\/\/marktxxl.de\/markt\/produkt\/50er-set-wago-verbindungsklemmen-20x-2-leiter-20x-3-leiter-10x-5-leiter-mit-betaetigungshebel-02-4-qmm-kleine-bauform-transparent\/#breadcrumb"},"inLanguage":"de","potentialAction":[{"@type":"ReadAction","target":["https:\/\/marktxxl.de\/markt\/produkt\/50er-set-wago-verbindungsklemmen-20x-2-leiter-20x-3-leiter-10x-5-leiter-mit-betaetigungshebel-02-4-qmm-kleine-bauform-transparent\/"]}]},{"@type":"ImageObject","inLanguage":"de","@id":"https:\/\/marktxxl.de\/markt\/produkt\/50er-set-wago-verbindungsklemmen-20x-2-leiter-20x-3-leiter-10x-5-leiter-mit-betaetigungshebel-02-4-qmm-kleine-bauform-transparent\/#primaryimage","url":"https:\/\/m.media-amazon.com\/images\/I\/41eExQcv-jL._SL500_.jpg","contentUrl":"https:\/\/m.media-amazon.com\/images\/I\/41eExQcv-jL._SL500_.jpg","width":500,"height":500},{"@type":"BreadcrumbList","@id":"https:\/\/marktxxl.de\/markt\/produkt\/50er-set-wago-verbindungsklemmen-20x-2-leiter-20x-3-leiter-10x-5-leiter-mit-betaetigungshebel-02-4-qmm-kleine-bauform-transparent\/#breadcrumb","itemListElement":[{"@type":"ListItem","position":1,"name":"Startseite","item":"https:\/\/marktxxl.de\/markt\/"},{"@type":"ListItem","position":2,"name":"Markt","item":"https:\/\/marktxxl.de\/markt\/"},{"@type":"ListItem","position":3,"name":"50er Set Wago Verbindungsklemmen 20x 2 Leiter 20x 3 Leiter 10x 5 Leiter mit Bet\u00e4tigungshebel 0,2-4 qmm kleine Bauform\u2026"}]},{"@type":"WebSite","@id":"https:\/\/marktxxl.de\/markt\/#website","url":"https:\/\/marktxxl.de\/markt\/","name":"Markt-XXL","description":"Ihr Markt Online","publisher":{"@id":"https:\/\/marktxxl.de\/markt\/#organization"},"potentialAction":[{"@type":"SearchAction","target":{"@type":"EntryPoint","urlTemplate":"https:\/\/marktxxl.de\/markt\/?s={search_term_string}"},"query-input":{"@type":"PropertyValueSpecification","valueRequired":true,"valueName":"search_term_string"}}],"inLanguage":"de"},{"@type":"Organization","@id":"https:\/\/marktxxl.de\/markt\/#organization","name":"Markt-XXL","url":"https:\/\/marktxxl.de\/markt\/","logo":{"@type":"ImageObject","inLanguage":"de","@id":"https:\/\/marktxxl.de\/markt\/#\/schema\/logo\/image\/","url":"https:\/\/marktxxl.de\/markt\/wp-content\/uploads\/sites\/3\/2020\/12\/logo.png","contentUrl":"https:\/\/marktxxl.de\/markt\/wp-content\/uploads\/sites\/3\/2020\/12\/logo.png","width":200,"height":70,"caption":"Markt-XXL"},"image":{"@id":"https:\/\/marktxxl.de\/markt\/#\/schema\/logo\/image\/"}}]}},"_links":{"self":[{"href":"https:\/\/marktxxl.de\/markt\/wp-json\/wp\/v2\/product\/29628","targetHints":{"allow":["GET"]}}],"collection":[{"href":"https:\/\/marktxxl.de\/markt\/wp-json\/wp\/v2\/product"}],"about":[{"href":"https:\/\/marktxxl.de\/markt\/wp-json\/wp\/v2\/types\/product"}],"replies":[{"embeddable":true,"href":"https:\/\/marktxxl.de\/markt\/wp-json\/wp\/v2\/comments?post=29628"}],"wp:featuredmedia":[{"embeddable":true,"href":"https:\/\/marktxxl.de\/markt\/wp-json\/wp\/v2\/media\/29629"}],"wp:attachment":[{"href":"https:\/\/marktxxl.de\/markt\/wp-json\/wp\/v2\/media?parent=29628"}],"wp:term":[{"taxonomy":"product_brand","embeddable":true,"href":"https:\/\/marktxxl.de\/markt\/wp-json\/wp\/v2\/product_brand?post=29628"},{"taxonomy":"product_cat","embeddable":true,"href":"https:\/\/marktxxl.de\/markt\/wp-json\/wp\/v2\/product_cat?post=29628"},{"taxonomy":"product_tag","embeddable":true,"href":"https:\/\/marktxxl.de\/markt\/wp-json\/wp\/v2\/product_tag?post=29628"}],"curies":[{"name":"wp","href":"https:\/\/api.w.org\/{rel}","templated":true}]}}