{"id":29479,"date":"2021-09-12T22:18:20","date_gmt":"2021-09-12T20:18:20","guid":{"rendered":"https:\/\/marktxxl.de\/markt\/produkt\/ilauke-baby-windel-caddy-multifunktionale-baby-windel-organizer-tragbar-windeln-korb-mit-abnehmbarem-teiler-10-unsichtbaren-taschen-fuer-auto-schlafzimmer-reisen-und-wickeltisch\/"},"modified":"2023-04-10T01:24:24","modified_gmt":"2023-04-09T23:24:24","slug":"ilauke-baby-windel-caddy-multifunktionale-baby-windel-organizer-tragbar-windeln-korb-mit-abnehmbarem-teiler-10-unsichtbaren-taschen-fuer-auto-schlafzimmer-reisen-und-wickeltisch","status":"publish","type":"product","link":"https:\/\/marktxxl.de\/markt\/produkt\/ilauke-baby-windel-caddy-multifunktionale-baby-windel-organizer-tragbar-windeln-korb-mit-abnehmbarem-teiler-10-unsichtbaren-taschen-fuer-auto-schlafzimmer-reisen-und-wickeltisch\/","title":{"rendered":"ilauke Baby Windel Caddy, Multifunktionale Baby Windel Organizer Tragbar Windeln Korb mit Abnehmbarem Teiler 10\u2026"},"content":{"rendered":"<p>Praktische gr\u00f6\u00dfere Gr\u00f6\u00dfe: Perfekt dimensioniert mit 40.5 x 25.4 x 17.7 cm und kommt mit 10 Seitentaschen. Baby Windel Caddy bietet Platz f\u00fcr alles, was Eltern jemals brauchen k\u00f6nnten: Windeln, L\u00e4tzchen, Feuchtt\u00fccher, Kleidung, Flaschen, Formel, Schnuller, Wickelunterlagen , Spielzeug und mehr!<br \/>\nAbnehmbare Trennw\u00e4nde: Der Baby Organizer verf\u00fcgt \u00fcber abnehmbare Trennw\u00e4nde f\u00fcr anpassbare Aufbewahrung und Organisation. Der Teiler ist sicher an den Seiten und am Boden befestigt und h\u00e4lt jedes Fach stabil und fest.<br \/>\nPremium Qualit\u00e4t: Der tragbar windeln korbbesteht aus hochwertigem Baumwoll-Canvas-\u00c4u\u00dferem und einem wasserabweisenden Polyester-Innenfutter, das perfekt umweltfreundlich und sicher f\u00fcr Ihr Baby ist.<br \/>\nMehrzweck: Entfernen Sie den Windel-Organizer-Einsatz, um ihn als Aufbewahrungsbeh\u00e4lter f\u00fcr Spielzeug, Babykorb oder Kindergartenkorb f\u00fcr zus\u00e4tzliche Aufbewahrung im Kinderzimmer zu verwenden.<br \/>\nNettes geschenk f\u00fcr Eltern und Baby: Diese supers\u00fc\u00dfen windel organizer tasche sind in einer geschlechtsneutralen grauen Farbe mit wei\u00dfen Sternen erh\u00e4ltlich und eignen sich perfekt f\u00fcr Jungen, M\u00e4dchen und Eltern. Sie sind daher das perfekte Geschenk f\u00fcr die Babyparty.<br \/>\n<div class=\"main-cross-sell\" data-asin=\"B088FC55FL\">\n\n\t<div class=\"WooZone-cross-sell-loader\">\n\t\t<div>\n\t\t\t<div id=\"floatingBarsG\">\n\t\t\t\t<div class=\"blockG\" id=\"rotateG_01\"><\/div>\n\t\t\t\t<div class=\"blockG\" id=\"rotateG_02\"><\/div>\n\t\t\t\t<div class=\"blockG\" id=\"rotateG_03\"><\/div>\n\t\t\t\t<div class=\"blockG\" id=\"rotateG_04\"><\/div>\n\t\t\t\t<div class=\"blockG\" id=\"rotateG_05\"><\/div>\n\t\t\t\t<div class=\"blockG\" id=\"rotateG_06\"><\/div>\n\t\t\t\t<div class=\"blockG\" id=\"rotateG_07\"><\/div>\n\t\t\t\t<div class=\"blockG\" id=\"rotateG_08\"><\/div>\n\t\t\t<\/div>\n\t\t\t<div class=\"WooZone-cross-sell-loader-text\"><\/div>\n\t\t<\/div>\n\t<\/div>\n\n\t\t\n<\/div>\n<div style=\"clear:both;\"><\/div><\/p>\n","protected":false},"excerpt":{"rendered":"<p>Praktische gr\u00f6\u00dfere Gr\u00f6\u00dfe: Perfekt dimensioniert mit 40.5 x 25.4 x 17.7 cm und kommt mit 10 Seitentaschen. Baby Windel Caddy bietet Platz f\u00fcr alles, was Eltern jemals brauchen k\u00f6nnten: Windeln, L\u00e4tzchen, Feuchtt\u00fccher, Kleidung, Flaschen, Formel, Schnuller, Wickelunterlagen , Spielzeug und mehr!<br \/>\nAbnehmbare Trennw\u00e4nde: Der Baby Organizer verf\u00fcgt \u00fcber abnehmbare Trennw\u00e4nde f\u00fcr anpassbare Aufbewahrung und Organisation. Der Teiler ist sicher an den Seiten und am Boden befestigt und h\u00e4lt jedes Fach stabil und fest.<br \/>\nPremium Qualit\u00e4t: Der tragbar windeln korbbesteht aus hochwertigem Baumwoll-Canvas-\u00c4u\u00dferem und einem wasserabweisenden Polyester-Innenfutter, das perfekt umweltfreundlich und sicher f\u00fcr Ihr Baby ist.<\/p>\n","protected":false},"featured_media":29480,"comment_status":"open","ping_status":"closed","template":"","meta":[],"product_brand":[],"product_cat":[21,9520],"product_tag":[],"class_list":{"0":"post-29479","1":"product","2":"type-product","3":"status-publish","4":"has-post-thumbnail","6":"product_cat-baby","7":"product_cat-wickeln-baby","8":"pa_brand-ilauke","9":"pa_manufacturer-ilauke","10":"pa_size-40x26x4-32-cm-1er-pack","12":"first","13":"instock","14":"shipping-taxable","15":"purchasable","16":"product-type-simple","17":"customify-col","18":"product-has-gallery"},"yoast_head":"<!-- This site is optimized with the Yoast SEO plugin v27.4 - https:\/\/yoast.com\/product\/yoast-seo-wordpress\/ -->\n<title>ilauke Baby Windel Caddy, Multifunktionale Baby Windel Organizer Tragbar Windeln Korb mit Abnehmbarem Teiler 10\u2026 - Markt-XXL<\/title>\n<meta name=\"description\" content=\"Markt-XXL ilauke Baby Windel Caddy, Multifunktionale Baby Windel Organizer Tragbar Windeln Korb mit Abnehmbarem Teiler 10\u2026\" \/>\n<meta name=\"robots\" content=\"index, follow, max-snippet:-1, max-image-preview:large, max-video-preview:-1\" \/>\n<link rel=\"canonical\" href=\"https:\/\/marktxxl.de\/markt\/produkt\/ilauke-baby-windel-caddy-multifunktionale-baby-windel-organizer-tragbar-windeln-korb-mit-abnehmbarem-teiler-10-unsichtbaren-taschen-fuer-auto-schlafzimmer-reisen-und-wickeltisch\/\" \/>\n<meta property=\"og:locale\" content=\"de_DE\" \/>\n<meta property=\"og:type\" content=\"article\" \/>\n<meta property=\"og:title\" content=\"ilauke Baby Windel Caddy, Multifunktionale Baby Windel Organizer Tragbar Windeln Korb mit Abnehmbarem Teiler 10\u2026 - Markt-XXL\" \/>\n<meta property=\"og:description\" content=\"Markt-XXL ilauke Baby Windel Caddy, Multifunktionale Baby Windel Organizer Tragbar Windeln Korb mit Abnehmbarem Teiler 10\u2026\" \/>\n<meta property=\"og:url\" content=\"https:\/\/marktxxl.de\/markt\/produkt\/ilauke-baby-windel-caddy-multifunktionale-baby-windel-organizer-tragbar-windeln-korb-mit-abnehmbarem-teiler-10-unsichtbaren-taschen-fuer-auto-schlafzimmer-reisen-und-wickeltisch\/\" \/>\n<meta property=\"og:site_name\" content=\"Markt-XXL\" \/>\n<meta property=\"article:modified_time\" content=\"2023-04-09T23:24:24+00:00\" \/>\n<meta property=\"og:image\" content=\"https:\/\/m.media-amazon.com\/images\/I\/51vN+FY0XrL._SL500_.jpg\" \/>\n\t<meta property=\"og:image:width\" content=\"500\" \/>\n\t<meta property=\"og:image:height\" content=\"462\" \/>\n\t<meta property=\"og:image:type\" content=\"image\/jpeg\" \/>\n<meta name=\"twitter:card\" content=\"summary_large_image\" \/>\n<meta name=\"twitter:label1\" content=\"Gesch\u00e4tzte Lesezeit\" \/>\n\t<meta name=\"twitter:data1\" content=\"1\u00a0Minute\" \/>\n<script type=\"application\/ld+json\" class=\"yoast-schema-graph\">{\"@context\":\"https:\\\/\\\/schema.org\",\"@graph\":[{\"@type\":\"WebPage\",\"@id\":\"https:\\\/\\\/marktxxl.de\\\/markt\\\/produkt\\\/ilauke-baby-windel-caddy-multifunktionale-baby-windel-organizer-tragbar-windeln-korb-mit-abnehmbarem-teiler-10-unsichtbaren-taschen-fuer-auto-schlafzimmer-reisen-und-wickeltisch\\\/\",\"url\":\"https:\\\/\\\/marktxxl.de\\\/markt\\\/produkt\\\/ilauke-baby-windel-caddy-multifunktionale-baby-windel-organizer-tragbar-windeln-korb-mit-abnehmbarem-teiler-10-unsichtbaren-taschen-fuer-auto-schlafzimmer-reisen-und-wickeltisch\\\/\",\"name\":\"ilauke Baby Windel Caddy, Multifunktionale Baby Windel Organizer Tragbar Windeln Korb mit Abnehmbarem Teiler 10\u2026 - Markt-XXL\",\"isPartOf\":{\"@id\":\"https:\\\/\\\/marktxxl.de\\\/markt\\\/#website\"},\"primaryImageOfPage\":{\"@id\":\"https:\\\/\\\/marktxxl.de\\\/markt\\\/produkt\\\/ilauke-baby-windel-caddy-multifunktionale-baby-windel-organizer-tragbar-windeln-korb-mit-abnehmbarem-teiler-10-unsichtbaren-taschen-fuer-auto-schlafzimmer-reisen-und-wickeltisch\\\/#primaryimage\"},\"image\":{\"@id\":\"https:\\\/\\\/marktxxl.de\\\/markt\\\/produkt\\\/ilauke-baby-windel-caddy-multifunktionale-baby-windel-organizer-tragbar-windeln-korb-mit-abnehmbarem-teiler-10-unsichtbaren-taschen-fuer-auto-schlafzimmer-reisen-und-wickeltisch\\\/#primaryimage\"},\"thumbnailUrl\":\"https:\\\/\\\/m.media-amazon.com\\\/images\\\/I\\\/51vN+FY0XrL._SL500_.jpg\",\"datePublished\":\"2021-09-12T20:18:20+00:00\",\"dateModified\":\"2023-04-09T23:24:24+00:00\",\"description\":\"Markt-XXL ilauke Baby Windel Caddy, Multifunktionale Baby Windel Organizer Tragbar Windeln Korb mit Abnehmbarem Teiler 10\u2026\",\"breadcrumb\":{\"@id\":\"https:\\\/\\\/marktxxl.de\\\/markt\\\/produkt\\\/ilauke-baby-windel-caddy-multifunktionale-baby-windel-organizer-tragbar-windeln-korb-mit-abnehmbarem-teiler-10-unsichtbaren-taschen-fuer-auto-schlafzimmer-reisen-und-wickeltisch\\\/#breadcrumb\"},\"inLanguage\":\"de\",\"potentialAction\":[{\"@type\":\"ReadAction\",\"target\":[\"https:\\\/\\\/marktxxl.de\\\/markt\\\/produkt\\\/ilauke-baby-windel-caddy-multifunktionale-baby-windel-organizer-tragbar-windeln-korb-mit-abnehmbarem-teiler-10-unsichtbaren-taschen-fuer-auto-schlafzimmer-reisen-und-wickeltisch\\\/\"]}]},{\"@type\":\"ImageObject\",\"inLanguage\":\"de\",\"@id\":\"https:\\\/\\\/marktxxl.de\\\/markt\\\/produkt\\\/ilauke-baby-windel-caddy-multifunktionale-baby-windel-organizer-tragbar-windeln-korb-mit-abnehmbarem-teiler-10-unsichtbaren-taschen-fuer-auto-schlafzimmer-reisen-und-wickeltisch\\\/#primaryimage\",\"url\":\"https:\\\/\\\/m.media-amazon.com\\\/images\\\/I\\\/51vN+FY0XrL._SL500_.jpg\",\"contentUrl\":\"https:\\\/\\\/m.media-amazon.com\\\/images\\\/I\\\/51vN+FY0XrL._SL500_.jpg\",\"width\":500,\"height\":462},{\"@type\":\"BreadcrumbList\",\"@id\":\"https:\\\/\\\/marktxxl.de\\\/markt\\\/produkt\\\/ilauke-baby-windel-caddy-multifunktionale-baby-windel-organizer-tragbar-windeln-korb-mit-abnehmbarem-teiler-10-unsichtbaren-taschen-fuer-auto-schlafzimmer-reisen-und-wickeltisch\\\/#breadcrumb\",\"itemListElement\":[{\"@type\":\"ListItem\",\"position\":1,\"name\":\"Startseite\",\"item\":\"https:\\\/\\\/marktxxl.de\\\/markt\\\/\"},{\"@type\":\"ListItem\",\"position\":2,\"name\":\"Markt\",\"item\":\"https:\\\/\\\/marktxxl.de\\\/markt\\\/\"},{\"@type\":\"ListItem\",\"position\":3,\"name\":\"ilauke Baby Windel Caddy, Multifunktionale Baby Windel Organizer Tragbar Windeln Korb mit Abnehmbarem Teiler 10\u2026\"}]},{\"@type\":\"WebSite\",\"@id\":\"https:\\\/\\\/marktxxl.de\\\/markt\\\/#website\",\"url\":\"https:\\\/\\\/marktxxl.de\\\/markt\\\/\",\"name\":\"Markt-XXL\",\"description\":\"Ihr Markt Online\",\"publisher\":{\"@id\":\"https:\\\/\\\/marktxxl.de\\\/markt\\\/#organization\"},\"potentialAction\":[{\"@type\":\"SearchAction\",\"target\":{\"@type\":\"EntryPoint\",\"urlTemplate\":\"https:\\\/\\\/marktxxl.de\\\/markt\\\/?s={search_term_string}\"},\"query-input\":{\"@type\":\"PropertyValueSpecification\",\"valueRequired\":true,\"valueName\":\"search_term_string\"}}],\"inLanguage\":\"de\"},{\"@type\":\"Organization\",\"@id\":\"https:\\\/\\\/marktxxl.de\\\/markt\\\/#organization\",\"name\":\"Markt-XXL\",\"url\":\"https:\\\/\\\/marktxxl.de\\\/markt\\\/\",\"logo\":{\"@type\":\"ImageObject\",\"inLanguage\":\"de\",\"@id\":\"https:\\\/\\\/marktxxl.de\\\/markt\\\/#\\\/schema\\\/logo\\\/image\\\/\",\"url\":\"https:\\\/\\\/marktxxl.de\\\/markt\\\/wp-content\\\/uploads\\\/sites\\\/3\\\/2020\\\/12\\\/logo.png\",\"contentUrl\":\"https:\\\/\\\/marktxxl.de\\\/markt\\\/wp-content\\\/uploads\\\/sites\\\/3\\\/2020\\\/12\\\/logo.png\",\"width\":200,\"height\":70,\"caption\":\"Markt-XXL\"},\"image\":{\"@id\":\"https:\\\/\\\/marktxxl.de\\\/markt\\\/#\\\/schema\\\/logo\\\/image\\\/\"}}]}<\/script>\n<!-- \/ Yoast SEO plugin. -->","yoast_head_json":{"title":"ilauke Baby Windel Caddy, Multifunktionale Baby Windel Organizer Tragbar Windeln Korb mit Abnehmbarem Teiler 10\u2026 - Markt-XXL","description":"Markt-XXL ilauke Baby Windel Caddy, Multifunktionale Baby Windel Organizer Tragbar Windeln Korb mit Abnehmbarem Teiler 10\u2026","robots":{"index":"index","follow":"follow","max-snippet":"max-snippet:-1","max-image-preview":"max-image-preview:large","max-video-preview":"max-video-preview:-1"},"canonical":"https:\/\/marktxxl.de\/markt\/produkt\/ilauke-baby-windel-caddy-multifunktionale-baby-windel-organizer-tragbar-windeln-korb-mit-abnehmbarem-teiler-10-unsichtbaren-taschen-fuer-auto-schlafzimmer-reisen-und-wickeltisch\/","og_locale":"de_DE","og_type":"article","og_title":"ilauke Baby Windel Caddy, Multifunktionale Baby Windel Organizer Tragbar Windeln Korb mit Abnehmbarem Teiler 10\u2026 - Markt-XXL","og_description":"Markt-XXL ilauke Baby Windel Caddy, Multifunktionale Baby Windel Organizer Tragbar Windeln Korb mit Abnehmbarem Teiler 10\u2026","og_url":"https:\/\/marktxxl.de\/markt\/produkt\/ilauke-baby-windel-caddy-multifunktionale-baby-windel-organizer-tragbar-windeln-korb-mit-abnehmbarem-teiler-10-unsichtbaren-taschen-fuer-auto-schlafzimmer-reisen-und-wickeltisch\/","og_site_name":"Markt-XXL","article_modified_time":"2023-04-09T23:24:24+00:00","og_image":[{"width":500,"height":462,"url":"https:\/\/m.media-amazon.com\/images\/I\/51vN+FY0XrL._SL500_.jpg","type":"image\/jpeg"}],"twitter_card":"summary_large_image","twitter_misc":{"Gesch\u00e4tzte Lesezeit":"1\u00a0Minute"},"schema":{"@context":"https:\/\/schema.org","@graph":[{"@type":"WebPage","@id":"https:\/\/marktxxl.de\/markt\/produkt\/ilauke-baby-windel-caddy-multifunktionale-baby-windel-organizer-tragbar-windeln-korb-mit-abnehmbarem-teiler-10-unsichtbaren-taschen-fuer-auto-schlafzimmer-reisen-und-wickeltisch\/","url":"https:\/\/marktxxl.de\/markt\/produkt\/ilauke-baby-windel-caddy-multifunktionale-baby-windel-organizer-tragbar-windeln-korb-mit-abnehmbarem-teiler-10-unsichtbaren-taschen-fuer-auto-schlafzimmer-reisen-und-wickeltisch\/","name":"ilauke Baby Windel Caddy, Multifunktionale Baby Windel Organizer Tragbar Windeln Korb mit Abnehmbarem Teiler 10\u2026 - Markt-XXL","isPartOf":{"@id":"https:\/\/marktxxl.de\/markt\/#website"},"primaryImageOfPage":{"@id":"https:\/\/marktxxl.de\/markt\/produkt\/ilauke-baby-windel-caddy-multifunktionale-baby-windel-organizer-tragbar-windeln-korb-mit-abnehmbarem-teiler-10-unsichtbaren-taschen-fuer-auto-schlafzimmer-reisen-und-wickeltisch\/#primaryimage"},"image":{"@id":"https:\/\/marktxxl.de\/markt\/produkt\/ilauke-baby-windel-caddy-multifunktionale-baby-windel-organizer-tragbar-windeln-korb-mit-abnehmbarem-teiler-10-unsichtbaren-taschen-fuer-auto-schlafzimmer-reisen-und-wickeltisch\/#primaryimage"},"thumbnailUrl":"https:\/\/m.media-amazon.com\/images\/I\/51vN+FY0XrL._SL500_.jpg","datePublished":"2021-09-12T20:18:20+00:00","dateModified":"2023-04-09T23:24:24+00:00","description":"Markt-XXL ilauke Baby Windel Caddy, Multifunktionale Baby Windel Organizer Tragbar Windeln Korb mit Abnehmbarem Teiler 10\u2026","breadcrumb":{"@id":"https:\/\/marktxxl.de\/markt\/produkt\/ilauke-baby-windel-caddy-multifunktionale-baby-windel-organizer-tragbar-windeln-korb-mit-abnehmbarem-teiler-10-unsichtbaren-taschen-fuer-auto-schlafzimmer-reisen-und-wickeltisch\/#breadcrumb"},"inLanguage":"de","potentialAction":[{"@type":"ReadAction","target":["https:\/\/marktxxl.de\/markt\/produkt\/ilauke-baby-windel-caddy-multifunktionale-baby-windel-organizer-tragbar-windeln-korb-mit-abnehmbarem-teiler-10-unsichtbaren-taschen-fuer-auto-schlafzimmer-reisen-und-wickeltisch\/"]}]},{"@type":"ImageObject","inLanguage":"de","@id":"https:\/\/marktxxl.de\/markt\/produkt\/ilauke-baby-windel-caddy-multifunktionale-baby-windel-organizer-tragbar-windeln-korb-mit-abnehmbarem-teiler-10-unsichtbaren-taschen-fuer-auto-schlafzimmer-reisen-und-wickeltisch\/#primaryimage","url":"https:\/\/m.media-amazon.com\/images\/I\/51vN+FY0XrL._SL500_.jpg","contentUrl":"https:\/\/m.media-amazon.com\/images\/I\/51vN+FY0XrL._SL500_.jpg","width":500,"height":462},{"@type":"BreadcrumbList","@id":"https:\/\/marktxxl.de\/markt\/produkt\/ilauke-baby-windel-caddy-multifunktionale-baby-windel-organizer-tragbar-windeln-korb-mit-abnehmbarem-teiler-10-unsichtbaren-taschen-fuer-auto-schlafzimmer-reisen-und-wickeltisch\/#breadcrumb","itemListElement":[{"@type":"ListItem","position":1,"name":"Startseite","item":"https:\/\/marktxxl.de\/markt\/"},{"@type":"ListItem","position":2,"name":"Markt","item":"https:\/\/marktxxl.de\/markt\/"},{"@type":"ListItem","position":3,"name":"ilauke Baby Windel Caddy, Multifunktionale Baby Windel Organizer Tragbar Windeln Korb mit Abnehmbarem Teiler 10\u2026"}]},{"@type":"WebSite","@id":"https:\/\/marktxxl.de\/markt\/#website","url":"https:\/\/marktxxl.de\/markt\/","name":"Markt-XXL","description":"Ihr Markt Online","publisher":{"@id":"https:\/\/marktxxl.de\/markt\/#organization"},"potentialAction":[{"@type":"SearchAction","target":{"@type":"EntryPoint","urlTemplate":"https:\/\/marktxxl.de\/markt\/?s={search_term_string}"},"query-input":{"@type":"PropertyValueSpecification","valueRequired":true,"valueName":"search_term_string"}}],"inLanguage":"de"},{"@type":"Organization","@id":"https:\/\/marktxxl.de\/markt\/#organization","name":"Markt-XXL","url":"https:\/\/marktxxl.de\/markt\/","logo":{"@type":"ImageObject","inLanguage":"de","@id":"https:\/\/marktxxl.de\/markt\/#\/schema\/logo\/image\/","url":"https:\/\/marktxxl.de\/markt\/wp-content\/uploads\/sites\/3\/2020\/12\/logo.png","contentUrl":"https:\/\/marktxxl.de\/markt\/wp-content\/uploads\/sites\/3\/2020\/12\/logo.png","width":200,"height":70,"caption":"Markt-XXL"},"image":{"@id":"https:\/\/marktxxl.de\/markt\/#\/schema\/logo\/image\/"}}]}},"_links":{"self":[{"href":"https:\/\/marktxxl.de\/markt\/wp-json\/wp\/v2\/product\/29479","targetHints":{"allow":["GET"]}}],"collection":[{"href":"https:\/\/marktxxl.de\/markt\/wp-json\/wp\/v2\/product"}],"about":[{"href":"https:\/\/marktxxl.de\/markt\/wp-json\/wp\/v2\/types\/product"}],"replies":[{"embeddable":true,"href":"https:\/\/marktxxl.de\/markt\/wp-json\/wp\/v2\/comments?post=29479"}],"wp:featuredmedia":[{"embeddable":true,"href":"https:\/\/marktxxl.de\/markt\/wp-json\/wp\/v2\/media\/29480"}],"wp:attachment":[{"href":"https:\/\/marktxxl.de\/markt\/wp-json\/wp\/v2\/media?parent=29479"}],"wp:term":[{"taxonomy":"product_brand","embeddable":true,"href":"https:\/\/marktxxl.de\/markt\/wp-json\/wp\/v2\/product_brand?post=29479"},{"taxonomy":"product_cat","embeddable":true,"href":"https:\/\/marktxxl.de\/markt\/wp-json\/wp\/v2\/product_cat?post=29479"},{"taxonomy":"product_tag","embeddable":true,"href":"https:\/\/marktxxl.de\/markt\/wp-json\/wp\/v2\/product_tag?post=29479"}],"curies":[{"name":"wp","href":"https:\/\/api.w.org\/{rel}","templated":true}]}}