{"id":29328,"date":"2021-09-12T22:15:01","date_gmt":"2021-09-12T20:15:01","guid":{"rendered":"https:\/\/marktxxl.de\/markt\/produkt\/training-for-pregnant-the-long-tights-umstandsleggins-schwarz-sehr-bequeme-umstandsmode-damen-leggings-sportleggings-yoga-leggins-in-der-schwangerschaft-stuetzt-den-babybauch-groesse\/"},"modified":"2023-04-10T01:24:20","modified_gmt":"2023-04-09T23:24:20","slug":"training-for-pregnant-the-long-tights-umstandsleggins-schwarz-sehr-bequeme-umstandsmode-damen-leggings-sportleggings-yoga-leggins-in-der-schwangerschaft-stuetzt-den-babybauch-groesse","status":"publish","type":"product","link":"https:\/\/marktxxl.de\/markt\/produkt\/training-for-pregnant-the-long-tights-umstandsleggins-schwarz-sehr-bequeme-umstandsmode-damen-leggings-sportleggings-yoga-leggins-in-der-schwangerschaft-stuetzt-den-babybauch-groesse\/","title":{"rendered":"Training For Pregnant The Long Tights Umstandsleggins Schwarz | sehr Bequeme Umstandsmode Damen Leggings | Sportleggings\u2026"},"content":{"rendered":"<p>DER BESTSELLER \u2013 Die &#8220;The Long Tights&#8221; Leggings Umstandshose ist unser Topseller und jetzt noch besser! Dank dem verst\u00e4rkten Schnitt und der hochwertigen Materialien sind es die perfekten Schwangerschaftsleggings, die dich und deinen Schwangerschaftsbauch w\u00e4hrend der gesamten Schwangerschaft st\u00fctzen!<br \/>\nSUPER BEQUEM \u2013 Unsere Umstandsleggings in Schwarz hat die perfekte Passform, um sich w\u00e4hrend der Schwangerschaft perfekt deinem Bauch anzupassen. Auch die flachen N\u00e4hte sorgen f\u00fcr einen einmaligen Wohlf\u00fchlfaktor, du wirst unsere Damen Leggins f\u00fcr Schwangere mehr als lieben!<br \/>\nHOCHWERTIGES MATERIAL \u2013 Dank der hohen Materialst\u00e4rke ist die schwarze Schwangerschaftshose &amp; Sport Leggins f\u00fcr Damen sehr bequem und zu 100% blickdicht. Zudem ist die Umstandssporthose besonders angenehm auf der Haut und wird dich w\u00e4hrend deiner gesamten Schwangerschaft begleiten!<br \/>\nDER PERFEKTE ALLROUNDER \u2013 Ob als Damen Sport Leggings, Yoga Leggings oder einfach nur zum Entspannen auf dem Sofa, die Damen Hose f\u00fcr Schwangere wird mit Sicherheit deine neue Lieblingshose, unabh\u00e4ngig davon, ob du w\u00e4hrend deiner Schwangerschaft aktiv bist oder nicht!<br \/>\n100% ZUFRIEDENHEITSGARANTIE \u2013 Wir sind uns sicher, dass du unsere hochwertige, praktische und super bequeme Leggings Schwangerschaftshose f\u00fcr Frauen lieben wirst. Solltest du dennoch mit unserer Schwangerschaftsleggins nicht zu 100% zufrieden sein, werden wir dir den Kaufpreis vollst\u00e4ndig zur\u00fcckerstatten, da die Kundenzufriedenheit bei uns h\u00f6chste Priorit\u00e4t hat!<br \/>\n<div class=\"main-cross-sell\" data-asin=\"B07YY8T6TH\">\n\n\t<div class=\"WooZone-cross-sell-loader\">\n\t\t<div>\n\t\t\t<div id=\"floatingBarsG\">\n\t\t\t\t<div class=\"blockG\" id=\"rotateG_01\"><\/div>\n\t\t\t\t<div class=\"blockG\" id=\"rotateG_02\"><\/div>\n\t\t\t\t<div class=\"blockG\" id=\"rotateG_03\"><\/div>\n\t\t\t\t<div class=\"blockG\" id=\"rotateG_04\"><\/div>\n\t\t\t\t<div class=\"blockG\" id=\"rotateG_05\"><\/div>\n\t\t\t\t<div class=\"blockG\" id=\"rotateG_06\"><\/div>\n\t\t\t\t<div class=\"blockG\" id=\"rotateG_07\"><\/div>\n\t\t\t\t<div class=\"blockG\" id=\"rotateG_08\"><\/div>\n\t\t\t<\/div>\n\t\t\t<div class=\"WooZone-cross-sell-loader-text\"><\/div>\n\t\t<\/div>\n\t<\/div>\n\n\t\t\n<\/div>\n<div style=\"clear:both;\"><\/div><\/p>\n","protected":false},"excerpt":{"rendered":"<p>DER BESTSELLER \u2013 Die &#8220;The Long Tights&#8221; Leggings Umstandshose ist unser Topseller und jetzt noch besser! Dank dem verst\u00e4rkten Schnitt und der hochwertigen Materialien sind es die perfekten Schwangerschaftsleggings, die dich und deinen Schwangerschaftsbauch w\u00e4hrend der gesamten Schwangerschaft st\u00fctzen!<br \/>\nSUPER BEQUEM \u2013 Unsere Umstandsleggings in Schwarz hat die perfekte Passform, um sich w\u00e4hrend der Schwangerschaft perfekt deinem Bauch anzupassen. Auch die flachen N\u00e4hte sorgen f\u00fcr einen einmaligen Wohlf\u00fchlfaktor, du wirst unsere Damen Leggins f\u00fcr Schwangere mehr als lieben!<br \/>\nHOCHWERTIGES MATERIAL \u2013 Dank der hohen Materialst\u00e4rke ist die schwarze Schwangerschaftshose &amp; Sport Leggins f\u00fcr Damen sehr bequem und zu 100% blickdicht. Zudem ist die Umstandssporthose besonders angenehm auf der Haut und wird dich w\u00e4hrend deiner gesamten Schwangerschaft begleiten!<\/p>\n","protected":false},"featured_media":29332,"comment_status":"open","ping_status":"closed","template":"","meta":[],"product_brand":[],"product_cat":[21,9478],"product_tag":[],"class_list":{"0":"post-29328","1":"product","2":"type-product","3":"status-publish","4":"has-post-thumbnail","6":"product_cat-baby","7":"product_cat-umstandskleidung-baby","8":"pa_binding-textilien","9":"pa_brand-training-for-pregnant","10":"pa_farbe-schwarz","11":"pa_groesse-m","12":"pa_groesse-s","14":"first","15":"instock","16":"shipping-taxable","17":"purchasable","18":"product-type-variable","19":"customify-col","20":"product-has-gallery"},"yoast_head":"<!-- This site is optimized with the Yoast SEO plugin v27.4 - https:\/\/yoast.com\/product\/yoast-seo-wordpress\/ -->\n<title>Training For Pregnant The Long Tights Umstandsleggins Schwarz | sehr Bequeme Umstandsmode Damen Leggings | Sportleggings\u2026 - Markt-XXL<\/title>\n<meta name=\"description\" content=\"Markt-XXL Training For Pregnant The Long Tights Umstandsleggins Schwarz | sehr Bequeme Umstandsmode Damen Leggings | Sportleggings\u2026\" \/>\n<meta name=\"robots\" content=\"index, follow, max-snippet:-1, max-image-preview:large, max-video-preview:-1\" \/>\n<link rel=\"canonical\" href=\"https:\/\/marktxxl.de\/markt\/produkt\/training-for-pregnant-the-long-tights-umstandsleggins-schwarz-sehr-bequeme-umstandsmode-damen-leggings-sportleggings-yoga-leggins-in-der-schwangerschaft-stuetzt-den-babybauch-groesse\/\" \/>\n<meta property=\"og:locale\" content=\"de_DE\" \/>\n<meta property=\"og:type\" content=\"article\" \/>\n<meta property=\"og:title\" content=\"Training For Pregnant The Long Tights Umstandsleggins Schwarz | sehr Bequeme Umstandsmode Damen Leggings | Sportleggings\u2026 - Markt-XXL\" \/>\n<meta property=\"og:description\" content=\"Markt-XXL Training For Pregnant The Long Tights Umstandsleggins Schwarz | sehr Bequeme Umstandsmode Damen Leggings | Sportleggings\u2026\" \/>\n<meta property=\"og:url\" content=\"https:\/\/marktxxl.de\/markt\/produkt\/training-for-pregnant-the-long-tights-umstandsleggins-schwarz-sehr-bequeme-umstandsmode-damen-leggings-sportleggings-yoga-leggins-in-der-schwangerschaft-stuetzt-den-babybauch-groesse\/\" \/>\n<meta property=\"og:site_name\" content=\"Markt-XXL\" \/>\n<meta property=\"article:modified_time\" content=\"2023-04-09T23:24:20+00:00\" \/>\n<meta property=\"og:image\" content=\"https:\/\/m.media-amazon.com\/images\/I\/31fBwU8BLmL._SL500_.jpg\" \/>\n\t<meta property=\"og:image:width\" content=\"500\" \/>\n\t<meta property=\"og:image:height\" content=\"500\" \/>\n\t<meta property=\"og:image:type\" content=\"image\/jpeg\" \/>\n<meta name=\"twitter:card\" content=\"summary_large_image\" \/>\n<meta name=\"twitter:label1\" content=\"Gesch\u00e4tzte Lesezeit\" \/>\n\t<meta name=\"twitter:data1\" content=\"1\u00a0Minute\" \/>\n<script type=\"application\/ld+json\" class=\"yoast-schema-graph\">{\"@context\":\"https:\\\/\\\/schema.org\",\"@graph\":[{\"@type\":\"WebPage\",\"@id\":\"https:\\\/\\\/marktxxl.de\\\/markt\\\/produkt\\\/training-for-pregnant-the-long-tights-umstandsleggins-schwarz-sehr-bequeme-umstandsmode-damen-leggings-sportleggings-yoga-leggins-in-der-schwangerschaft-stuetzt-den-babybauch-groesse\\\/\",\"url\":\"https:\\\/\\\/marktxxl.de\\\/markt\\\/produkt\\\/training-for-pregnant-the-long-tights-umstandsleggins-schwarz-sehr-bequeme-umstandsmode-damen-leggings-sportleggings-yoga-leggins-in-der-schwangerschaft-stuetzt-den-babybauch-groesse\\\/\",\"name\":\"Training For Pregnant The Long Tights Umstandsleggins Schwarz | sehr Bequeme Umstandsmode Damen Leggings | Sportleggings\u2026 - Markt-XXL\",\"isPartOf\":{\"@id\":\"https:\\\/\\\/marktxxl.de\\\/markt\\\/#website\"},\"primaryImageOfPage\":{\"@id\":\"https:\\\/\\\/marktxxl.de\\\/markt\\\/produkt\\\/training-for-pregnant-the-long-tights-umstandsleggins-schwarz-sehr-bequeme-umstandsmode-damen-leggings-sportleggings-yoga-leggins-in-der-schwangerschaft-stuetzt-den-babybauch-groesse\\\/#primaryimage\"},\"image\":{\"@id\":\"https:\\\/\\\/marktxxl.de\\\/markt\\\/produkt\\\/training-for-pregnant-the-long-tights-umstandsleggins-schwarz-sehr-bequeme-umstandsmode-damen-leggings-sportleggings-yoga-leggins-in-der-schwangerschaft-stuetzt-den-babybauch-groesse\\\/#primaryimage\"},\"thumbnailUrl\":\"https:\\\/\\\/m.media-amazon.com\\\/images\\\/I\\\/31fBwU8BLmL._SL500_.jpg\",\"datePublished\":\"2021-09-12T20:15:01+00:00\",\"dateModified\":\"2023-04-09T23:24:20+00:00\",\"description\":\"Markt-XXL Training For Pregnant The Long Tights Umstandsleggins Schwarz | sehr Bequeme Umstandsmode Damen Leggings | Sportleggings\u2026\",\"breadcrumb\":{\"@id\":\"https:\\\/\\\/marktxxl.de\\\/markt\\\/produkt\\\/training-for-pregnant-the-long-tights-umstandsleggins-schwarz-sehr-bequeme-umstandsmode-damen-leggings-sportleggings-yoga-leggins-in-der-schwangerschaft-stuetzt-den-babybauch-groesse\\\/#breadcrumb\"},\"inLanguage\":\"de\",\"potentialAction\":[{\"@type\":\"ReadAction\",\"target\":[\"https:\\\/\\\/marktxxl.de\\\/markt\\\/produkt\\\/training-for-pregnant-the-long-tights-umstandsleggins-schwarz-sehr-bequeme-umstandsmode-damen-leggings-sportleggings-yoga-leggins-in-der-schwangerschaft-stuetzt-den-babybauch-groesse\\\/\"]}]},{\"@type\":\"ImageObject\",\"inLanguage\":\"de\",\"@id\":\"https:\\\/\\\/marktxxl.de\\\/markt\\\/produkt\\\/training-for-pregnant-the-long-tights-umstandsleggins-schwarz-sehr-bequeme-umstandsmode-damen-leggings-sportleggings-yoga-leggins-in-der-schwangerschaft-stuetzt-den-babybauch-groesse\\\/#primaryimage\",\"url\":\"https:\\\/\\\/m.media-amazon.com\\\/images\\\/I\\\/31fBwU8BLmL._SL500_.jpg\",\"contentUrl\":\"https:\\\/\\\/m.media-amazon.com\\\/images\\\/I\\\/31fBwU8BLmL._SL500_.jpg\",\"width\":500,\"height\":500},{\"@type\":\"BreadcrumbList\",\"@id\":\"https:\\\/\\\/marktxxl.de\\\/markt\\\/produkt\\\/training-for-pregnant-the-long-tights-umstandsleggins-schwarz-sehr-bequeme-umstandsmode-damen-leggings-sportleggings-yoga-leggins-in-der-schwangerschaft-stuetzt-den-babybauch-groesse\\\/#breadcrumb\",\"itemListElement\":[{\"@type\":\"ListItem\",\"position\":1,\"name\":\"Startseite\",\"item\":\"https:\\\/\\\/marktxxl.de\\\/markt\\\/\"},{\"@type\":\"ListItem\",\"position\":2,\"name\":\"Markt\",\"item\":\"https:\\\/\\\/marktxxl.de\\\/markt\\\/\"},{\"@type\":\"ListItem\",\"position\":3,\"name\":\"Training For Pregnant The Long Tights Umstandsleggins Schwarz | sehr Bequeme Umstandsmode Damen Leggings | Sportleggings\u2026\"}]},{\"@type\":\"WebSite\",\"@id\":\"https:\\\/\\\/marktxxl.de\\\/markt\\\/#website\",\"url\":\"https:\\\/\\\/marktxxl.de\\\/markt\\\/\",\"name\":\"Markt-XXL\",\"description\":\"Ihr Markt Online\",\"publisher\":{\"@id\":\"https:\\\/\\\/marktxxl.de\\\/markt\\\/#organization\"},\"potentialAction\":[{\"@type\":\"SearchAction\",\"target\":{\"@type\":\"EntryPoint\",\"urlTemplate\":\"https:\\\/\\\/marktxxl.de\\\/markt\\\/?s={search_term_string}\"},\"query-input\":{\"@type\":\"PropertyValueSpecification\",\"valueRequired\":true,\"valueName\":\"search_term_string\"}}],\"inLanguage\":\"de\"},{\"@type\":\"Organization\",\"@id\":\"https:\\\/\\\/marktxxl.de\\\/markt\\\/#organization\",\"name\":\"Markt-XXL\",\"url\":\"https:\\\/\\\/marktxxl.de\\\/markt\\\/\",\"logo\":{\"@type\":\"ImageObject\",\"inLanguage\":\"de\",\"@id\":\"https:\\\/\\\/marktxxl.de\\\/markt\\\/#\\\/schema\\\/logo\\\/image\\\/\",\"url\":\"https:\\\/\\\/marktxxl.de\\\/markt\\\/wp-content\\\/uploads\\\/sites\\\/3\\\/2020\\\/12\\\/logo.png\",\"contentUrl\":\"https:\\\/\\\/marktxxl.de\\\/markt\\\/wp-content\\\/uploads\\\/sites\\\/3\\\/2020\\\/12\\\/logo.png\",\"width\":200,\"height\":70,\"caption\":\"Markt-XXL\"},\"image\":{\"@id\":\"https:\\\/\\\/marktxxl.de\\\/markt\\\/#\\\/schema\\\/logo\\\/image\\\/\"}}]}<\/script>\n<!-- \/ Yoast SEO plugin. -->","yoast_head_json":{"title":"Training For Pregnant The Long Tights Umstandsleggins Schwarz | sehr Bequeme Umstandsmode Damen Leggings | Sportleggings\u2026 - Markt-XXL","description":"Markt-XXL Training For Pregnant The Long Tights Umstandsleggins Schwarz | sehr Bequeme Umstandsmode Damen Leggings | Sportleggings\u2026","robots":{"index":"index","follow":"follow","max-snippet":"max-snippet:-1","max-image-preview":"max-image-preview:large","max-video-preview":"max-video-preview:-1"},"canonical":"https:\/\/marktxxl.de\/markt\/produkt\/training-for-pregnant-the-long-tights-umstandsleggins-schwarz-sehr-bequeme-umstandsmode-damen-leggings-sportleggings-yoga-leggins-in-der-schwangerschaft-stuetzt-den-babybauch-groesse\/","og_locale":"de_DE","og_type":"article","og_title":"Training For Pregnant The Long Tights Umstandsleggins Schwarz | sehr Bequeme Umstandsmode Damen Leggings | Sportleggings\u2026 - Markt-XXL","og_description":"Markt-XXL Training For Pregnant The Long Tights Umstandsleggins Schwarz | sehr Bequeme Umstandsmode Damen Leggings | Sportleggings\u2026","og_url":"https:\/\/marktxxl.de\/markt\/produkt\/training-for-pregnant-the-long-tights-umstandsleggins-schwarz-sehr-bequeme-umstandsmode-damen-leggings-sportleggings-yoga-leggins-in-der-schwangerschaft-stuetzt-den-babybauch-groesse\/","og_site_name":"Markt-XXL","article_modified_time":"2023-04-09T23:24:20+00:00","og_image":[{"width":500,"height":500,"url":"https:\/\/m.media-amazon.com\/images\/I\/31fBwU8BLmL._SL500_.jpg","type":"image\/jpeg"}],"twitter_card":"summary_large_image","twitter_misc":{"Gesch\u00e4tzte Lesezeit":"1\u00a0Minute"},"schema":{"@context":"https:\/\/schema.org","@graph":[{"@type":"WebPage","@id":"https:\/\/marktxxl.de\/markt\/produkt\/training-for-pregnant-the-long-tights-umstandsleggins-schwarz-sehr-bequeme-umstandsmode-damen-leggings-sportleggings-yoga-leggins-in-der-schwangerschaft-stuetzt-den-babybauch-groesse\/","url":"https:\/\/marktxxl.de\/markt\/produkt\/training-for-pregnant-the-long-tights-umstandsleggins-schwarz-sehr-bequeme-umstandsmode-damen-leggings-sportleggings-yoga-leggins-in-der-schwangerschaft-stuetzt-den-babybauch-groesse\/","name":"Training For Pregnant The Long Tights Umstandsleggins Schwarz | sehr Bequeme Umstandsmode Damen Leggings | Sportleggings\u2026 - Markt-XXL","isPartOf":{"@id":"https:\/\/marktxxl.de\/markt\/#website"},"primaryImageOfPage":{"@id":"https:\/\/marktxxl.de\/markt\/produkt\/training-for-pregnant-the-long-tights-umstandsleggins-schwarz-sehr-bequeme-umstandsmode-damen-leggings-sportleggings-yoga-leggins-in-der-schwangerschaft-stuetzt-den-babybauch-groesse\/#primaryimage"},"image":{"@id":"https:\/\/marktxxl.de\/markt\/produkt\/training-for-pregnant-the-long-tights-umstandsleggins-schwarz-sehr-bequeme-umstandsmode-damen-leggings-sportleggings-yoga-leggins-in-der-schwangerschaft-stuetzt-den-babybauch-groesse\/#primaryimage"},"thumbnailUrl":"https:\/\/m.media-amazon.com\/images\/I\/31fBwU8BLmL._SL500_.jpg","datePublished":"2021-09-12T20:15:01+00:00","dateModified":"2023-04-09T23:24:20+00:00","description":"Markt-XXL Training For Pregnant The Long Tights Umstandsleggins Schwarz | sehr Bequeme Umstandsmode Damen Leggings | Sportleggings\u2026","breadcrumb":{"@id":"https:\/\/marktxxl.de\/markt\/produkt\/training-for-pregnant-the-long-tights-umstandsleggins-schwarz-sehr-bequeme-umstandsmode-damen-leggings-sportleggings-yoga-leggins-in-der-schwangerschaft-stuetzt-den-babybauch-groesse\/#breadcrumb"},"inLanguage":"de","potentialAction":[{"@type":"ReadAction","target":["https:\/\/marktxxl.de\/markt\/produkt\/training-for-pregnant-the-long-tights-umstandsleggins-schwarz-sehr-bequeme-umstandsmode-damen-leggings-sportleggings-yoga-leggins-in-der-schwangerschaft-stuetzt-den-babybauch-groesse\/"]}]},{"@type":"ImageObject","inLanguage":"de","@id":"https:\/\/marktxxl.de\/markt\/produkt\/training-for-pregnant-the-long-tights-umstandsleggins-schwarz-sehr-bequeme-umstandsmode-damen-leggings-sportleggings-yoga-leggins-in-der-schwangerschaft-stuetzt-den-babybauch-groesse\/#primaryimage","url":"https:\/\/m.media-amazon.com\/images\/I\/31fBwU8BLmL._SL500_.jpg","contentUrl":"https:\/\/m.media-amazon.com\/images\/I\/31fBwU8BLmL._SL500_.jpg","width":500,"height":500},{"@type":"BreadcrumbList","@id":"https:\/\/marktxxl.de\/markt\/produkt\/training-for-pregnant-the-long-tights-umstandsleggins-schwarz-sehr-bequeme-umstandsmode-damen-leggings-sportleggings-yoga-leggins-in-der-schwangerschaft-stuetzt-den-babybauch-groesse\/#breadcrumb","itemListElement":[{"@type":"ListItem","position":1,"name":"Startseite","item":"https:\/\/marktxxl.de\/markt\/"},{"@type":"ListItem","position":2,"name":"Markt","item":"https:\/\/marktxxl.de\/markt\/"},{"@type":"ListItem","position":3,"name":"Training For Pregnant The Long Tights Umstandsleggins Schwarz | sehr Bequeme Umstandsmode Damen Leggings | Sportleggings\u2026"}]},{"@type":"WebSite","@id":"https:\/\/marktxxl.de\/markt\/#website","url":"https:\/\/marktxxl.de\/markt\/","name":"Markt-XXL","description":"Ihr Markt Online","publisher":{"@id":"https:\/\/marktxxl.de\/markt\/#organization"},"potentialAction":[{"@type":"SearchAction","target":{"@type":"EntryPoint","urlTemplate":"https:\/\/marktxxl.de\/markt\/?s={search_term_string}"},"query-input":{"@type":"PropertyValueSpecification","valueRequired":true,"valueName":"search_term_string"}}],"inLanguage":"de"},{"@type":"Organization","@id":"https:\/\/marktxxl.de\/markt\/#organization","name":"Markt-XXL","url":"https:\/\/marktxxl.de\/markt\/","logo":{"@type":"ImageObject","inLanguage":"de","@id":"https:\/\/marktxxl.de\/markt\/#\/schema\/logo\/image\/","url":"https:\/\/marktxxl.de\/markt\/wp-content\/uploads\/sites\/3\/2020\/12\/logo.png","contentUrl":"https:\/\/marktxxl.de\/markt\/wp-content\/uploads\/sites\/3\/2020\/12\/logo.png","width":200,"height":70,"caption":"Markt-XXL"},"image":{"@id":"https:\/\/marktxxl.de\/markt\/#\/schema\/logo\/image\/"}}]}},"_links":{"self":[{"href":"https:\/\/marktxxl.de\/markt\/wp-json\/wp\/v2\/product\/29328","targetHints":{"allow":["GET"]}}],"collection":[{"href":"https:\/\/marktxxl.de\/markt\/wp-json\/wp\/v2\/product"}],"about":[{"href":"https:\/\/marktxxl.de\/markt\/wp-json\/wp\/v2\/types\/product"}],"replies":[{"embeddable":true,"href":"https:\/\/marktxxl.de\/markt\/wp-json\/wp\/v2\/comments?post=29328"}],"wp:featuredmedia":[{"embeddable":true,"href":"https:\/\/marktxxl.de\/markt\/wp-json\/wp\/v2\/media\/29332"}],"wp:attachment":[{"href":"https:\/\/marktxxl.de\/markt\/wp-json\/wp\/v2\/media?parent=29328"}],"wp:term":[{"taxonomy":"product_brand","embeddable":true,"href":"https:\/\/marktxxl.de\/markt\/wp-json\/wp\/v2\/product_brand?post=29328"},{"taxonomy":"product_cat","embeddable":true,"href":"https:\/\/marktxxl.de\/markt\/wp-json\/wp\/v2\/product_cat?post=29328"},{"taxonomy":"product_tag","embeddable":true,"href":"https:\/\/marktxxl.de\/markt\/wp-json\/wp\/v2\/product_tag?post=29328"}],"curies":[{"name":"wp","href":"https:\/\/api.w.org\/{rel}","templated":true}]}}