{"id":29283,"date":"2021-09-12T22:13:16","date_gmt":"2021-09-12T20:13:16","guid":{"rendered":"https:\/\/marktxxl.de\/markt\/produkt\/cobbe-kuechenarmatur-spring-kaltwasser-kueche-mit-pull-down-sprueher-brause-2-spruehmodi-high-arc-einhebel-niederdruck-spueltisch-mischbatterie-chrom\/"},"modified":"2023-04-10T01:24:19","modified_gmt":"2023-04-09T23:24:19","slug":"cobbe-kuechenarmatur-spring-kaltwasser-kueche-mit-pull-down-sprueher-brause-2-spruehmodi-high-arc-einhebel-niederdruck-spueltisch-mischbatterie-chrom","status":"publish","type":"product","link":"https:\/\/marktxxl.de\/markt\/produkt\/cobbe-kuechenarmatur-spring-kaltwasser-kueche-mit-pull-down-sprueher-brause-2-spruehmodi-high-arc-einhebel-niederdruck-spueltisch-mischbatterie-chrom\/","title":{"rendered":"Cobbe K\u00fcchenarmatur, Spring Wasserhahn K\u00fcche mit Pull Down Spr\u00fcher Brause, 2 Spr\u00fchmodi High Arc Einhebel P\u00fcltisch\u2026"},"content":{"rendered":"<p>2 Spr\u00fchmodi: Der Wasserhahn verf\u00fcgt \u00fcber Strahl- und Spr\u00fchfunktionen. Sie k\u00f6nnen Wasser mit den beiden Modi einf\u00fcllen\/aussp\u00fclen, um Spritzer zu vermeiden<br \/>\nAusziehbar &amp; Drehbar: Der K\u00fcchenhahn ist ausziehbar und schwenkbar, er ist viel flexibler und einfacher zu bedienen, wenn Sie die Richtung oder Intensit\u00e4t des Wasserflusses \u00e4ndern m\u00fcssen<br \/>\nSchlank &amp; Flexibel: Die glatte Chromoberfl\u00e4che widersteht Schmutz und Wasserflecken, der Griff ist um 360 Grad drehbar, um den Hei\u00df\/ Kaltwasserauslassmodus umzuschalten<br \/>\nSolide &amp; Langlebig: Es besteht aus hochwertigem Edelstahl, massivem Messing, Keramikkartusche und poliertem Chrom auf der Oberfl\u00e4che, um sicherzustellen, dass unser Wasserhahn leicht zu reinigen und langfristig zu verwenden ist<br \/>\nGesamtpaket &amp; After-Sales-Service: Zubeh\u00f6r und Schl\u00e4uche sind im Lieferumfang enthalten, damit Sie sie einfach installieren k\u00f6nnen. Bei qualit\u00e4tsbezogenen Problemen und Rechnungsanforderungen k\u00f6nnen Sie sich gerne an uns wenden, und Sie erhalten innerhalb von 24 Stunden eine zufriedenstellende L\u00f6sung<br \/>\n<div class=\"main-cross-sell\" data-asin=\"B097YGQN8C\">\n\n\t<div class=\"WooZone-cross-sell-loader\">\n\t\t<div>\n\t\t\t<div id=\"floatingBarsG\">\n\t\t\t\t<div class=\"blockG\" id=\"rotateG_01\"><\/div>\n\t\t\t\t<div class=\"blockG\" id=\"rotateG_02\"><\/div>\n\t\t\t\t<div class=\"blockG\" id=\"rotateG_03\"><\/div>\n\t\t\t\t<div class=\"blockG\" id=\"rotateG_04\"><\/div>\n\t\t\t\t<div class=\"blockG\" id=\"rotateG_05\"><\/div>\n\t\t\t\t<div class=\"blockG\" id=\"rotateG_06\"><\/div>\n\t\t\t\t<div class=\"blockG\" id=\"rotateG_07\"><\/div>\n\t\t\t\t<div class=\"blockG\" id=\"rotateG_08\"><\/div>\n\t\t\t<\/div>\n\t\t\t<div class=\"WooZone-cross-sell-loader-text\"><\/div>\n\t\t<\/div>\n\t<\/div>\n\n\t\t\n<\/div>\n<div style=\"clear:both;\"><\/div><\/p>\n","protected":false},"excerpt":{"rendered":"<p>2 Spr\u00fchmodi: Der Wasserhahn verf\u00fcgt \u00fcber Strahl- und Spr\u00fchfunktionen. Sie k\u00f6nnen Wasser mit den beiden Modi einf\u00fcllen\/aussp\u00fclen, um Spritzer zu vermeiden<br \/>\nAusziehbar &amp; Drehbar: Der K\u00fcchenhahn ist ausziehbar und schwenkbar, er ist viel flexibler und einfacher zu bedienen, wenn Sie die Richtung oder Intensit\u00e4t des Wasserflusses \u00e4ndern m\u00fcssen<br \/>\nSchlank &amp; Flexibel: Die glatte Chromoberfl\u00e4che widersteht Schmutz und Wasserflecken, der Griff ist um 360 Grad drehbar, um den Hei\u00df\/ Kaltwasserauslassmodus umzuschalten<\/p>\n","protected":false},"featured_media":29284,"comment_status":"open","ping_status":"closed","template":"","meta":[],"product_brand":[],"product_cat":[1983,11101],"product_tag":[],"class_list":{"0":"post-29283","1":"product","2":"type-product","3":"status-publish","4":"has-post-thumbnail","6":"product_cat-baumarkt","7":"product_cat-kuechen-badinstallation","8":"pa_brand-cobbe","9":"pa_height-2-5590551155-zoll","10":"pa_length-16-7322834475-zoll","11":"pa_manufacturer-cobbe","12":"pa_size-42-522-56-5","13":"pa_width-8-661417314-zoll","15":"first","16":"instock","17":"shipping-taxable","18":"purchasable","19":"product-type-simple","20":"customify-col","21":"product-has-gallery"},"yoast_head":"<!-- This site is optimized with the Yoast SEO plugin v27.4 - https:\/\/yoast.com\/product\/yoast-seo-wordpress\/ -->\n<title>Cobbe K\u00fcchenarmatur, Spring Wasserhahn K\u00fcche mit Pull Down Spr\u00fcher Brause, 2 Spr\u00fchmodi High Arc Einhebel P\u00fcltisch\u2026 - Markt-XXL<\/title>\n<meta name=\"description\" content=\"Markt-XXL Cobbe K\u00fcchenarmatur, Spring Wasserhahn K\u00fcche mit Pull Down Spr\u00fcher Brause, 2 Spr\u00fchmodi High Arc Einhebel P\u00fcltisch\u2026\" \/>\n<meta name=\"robots\" content=\"index, follow, max-snippet:-1, max-image-preview:large, max-video-preview:-1\" \/>\n<link rel=\"canonical\" href=\"https:\/\/marktxxl.de\/markt\/produkt\/cobbe-kuechenarmatur-spring-kaltwasser-kueche-mit-pull-down-sprueher-brause-2-spruehmodi-high-arc-einhebel-niederdruck-spueltisch-mischbatterie-chrom\/\" \/>\n<meta property=\"og:locale\" content=\"de_DE\" \/>\n<meta property=\"og:type\" content=\"article\" \/>\n<meta property=\"og:title\" content=\"Cobbe K\u00fcchenarmatur, Spring Wasserhahn K\u00fcche mit Pull Down Spr\u00fcher Brause, 2 Spr\u00fchmodi High Arc Einhebel P\u00fcltisch\u2026 - Markt-XXL\" \/>\n<meta property=\"og:description\" content=\"Markt-XXL Cobbe K\u00fcchenarmatur, Spring Wasserhahn K\u00fcche mit Pull Down Spr\u00fcher Brause, 2 Spr\u00fchmodi High Arc Einhebel P\u00fcltisch\u2026\" \/>\n<meta property=\"og:url\" content=\"https:\/\/marktxxl.de\/markt\/produkt\/cobbe-kuechenarmatur-spring-kaltwasser-kueche-mit-pull-down-sprueher-brause-2-spruehmodi-high-arc-einhebel-niederdruck-spueltisch-mischbatterie-chrom\/\" \/>\n<meta property=\"og:site_name\" content=\"Markt-XXL\" \/>\n<meta property=\"article:modified_time\" content=\"2023-04-09T23:24:19+00:00\" \/>\n<meta property=\"og:image\" content=\"https:\/\/m.media-amazon.com\/images\/I\/31KHTA7bGNL._SL500_.jpg\" \/>\n\t<meta property=\"og:image:width\" content=\"500\" \/>\n\t<meta property=\"og:image:height\" content=\"500\" \/>\n\t<meta property=\"og:image:type\" content=\"image\/jpeg\" \/>\n<meta name=\"twitter:card\" content=\"summary_large_image\" \/>\n<meta name=\"twitter:label1\" content=\"Gesch\u00e4tzte Lesezeit\" \/>\n\t<meta name=\"twitter:data1\" content=\"1\u00a0Minute\" \/>\n<script type=\"application\/ld+json\" class=\"yoast-schema-graph\">{\"@context\":\"https:\\\/\\\/schema.org\",\"@graph\":[{\"@type\":\"WebPage\",\"@id\":\"https:\\\/\\\/marktxxl.de\\\/markt\\\/produkt\\\/cobbe-kuechenarmatur-spring-kaltwasser-kueche-mit-pull-down-sprueher-brause-2-spruehmodi-high-arc-einhebel-niederdruck-spueltisch-mischbatterie-chrom\\\/\",\"url\":\"https:\\\/\\\/marktxxl.de\\\/markt\\\/produkt\\\/cobbe-kuechenarmatur-spring-kaltwasser-kueche-mit-pull-down-sprueher-brause-2-spruehmodi-high-arc-einhebel-niederdruck-spueltisch-mischbatterie-chrom\\\/\",\"name\":\"Cobbe K\u00fcchenarmatur, Spring Wasserhahn K\u00fcche mit Pull Down Spr\u00fcher Brause, 2 Spr\u00fchmodi High Arc Einhebel P\u00fcltisch\u2026 - Markt-XXL\",\"isPartOf\":{\"@id\":\"https:\\\/\\\/marktxxl.de\\\/markt\\\/#website\"},\"primaryImageOfPage\":{\"@id\":\"https:\\\/\\\/marktxxl.de\\\/markt\\\/produkt\\\/cobbe-kuechenarmatur-spring-kaltwasser-kueche-mit-pull-down-sprueher-brause-2-spruehmodi-high-arc-einhebel-niederdruck-spueltisch-mischbatterie-chrom\\\/#primaryimage\"},\"image\":{\"@id\":\"https:\\\/\\\/marktxxl.de\\\/markt\\\/produkt\\\/cobbe-kuechenarmatur-spring-kaltwasser-kueche-mit-pull-down-sprueher-brause-2-spruehmodi-high-arc-einhebel-niederdruck-spueltisch-mischbatterie-chrom\\\/#primaryimage\"},\"thumbnailUrl\":\"https:\\\/\\\/m.media-amazon.com\\\/images\\\/I\\\/31KHTA7bGNL._SL500_.jpg\",\"datePublished\":\"2021-09-12T20:13:16+00:00\",\"dateModified\":\"2023-04-09T23:24:19+00:00\",\"description\":\"Markt-XXL Cobbe K\u00fcchenarmatur, Spring Wasserhahn K\u00fcche mit Pull Down Spr\u00fcher Brause, 2 Spr\u00fchmodi High Arc Einhebel P\u00fcltisch\u2026\",\"breadcrumb\":{\"@id\":\"https:\\\/\\\/marktxxl.de\\\/markt\\\/produkt\\\/cobbe-kuechenarmatur-spring-kaltwasser-kueche-mit-pull-down-sprueher-brause-2-spruehmodi-high-arc-einhebel-niederdruck-spueltisch-mischbatterie-chrom\\\/#breadcrumb\"},\"inLanguage\":\"de\",\"potentialAction\":[{\"@type\":\"ReadAction\",\"target\":[\"https:\\\/\\\/marktxxl.de\\\/markt\\\/produkt\\\/cobbe-kuechenarmatur-spring-kaltwasser-kueche-mit-pull-down-sprueher-brause-2-spruehmodi-high-arc-einhebel-niederdruck-spueltisch-mischbatterie-chrom\\\/\"]}]},{\"@type\":\"ImageObject\",\"inLanguage\":\"de\",\"@id\":\"https:\\\/\\\/marktxxl.de\\\/markt\\\/produkt\\\/cobbe-kuechenarmatur-spring-kaltwasser-kueche-mit-pull-down-sprueher-brause-2-spruehmodi-high-arc-einhebel-niederdruck-spueltisch-mischbatterie-chrom\\\/#primaryimage\",\"url\":\"https:\\\/\\\/m.media-amazon.com\\\/images\\\/I\\\/31KHTA7bGNL._SL500_.jpg\",\"contentUrl\":\"https:\\\/\\\/m.media-amazon.com\\\/images\\\/I\\\/31KHTA7bGNL._SL500_.jpg\",\"width\":500,\"height\":500},{\"@type\":\"BreadcrumbList\",\"@id\":\"https:\\\/\\\/marktxxl.de\\\/markt\\\/produkt\\\/cobbe-kuechenarmatur-spring-kaltwasser-kueche-mit-pull-down-sprueher-brause-2-spruehmodi-high-arc-einhebel-niederdruck-spueltisch-mischbatterie-chrom\\\/#breadcrumb\",\"itemListElement\":[{\"@type\":\"ListItem\",\"position\":1,\"name\":\"Startseite\",\"item\":\"https:\\\/\\\/marktxxl.de\\\/markt\\\/\"},{\"@type\":\"ListItem\",\"position\":2,\"name\":\"Markt\",\"item\":\"https:\\\/\\\/marktxxl.de\\\/markt\\\/\"},{\"@type\":\"ListItem\",\"position\":3,\"name\":\"Cobbe K\u00fcchenarmatur, Spring Wasserhahn K\u00fcche mit Pull Down Spr\u00fcher Brause, 2 Spr\u00fchmodi High Arc Einhebel P\u00fcltisch\u2026\"}]},{\"@type\":\"WebSite\",\"@id\":\"https:\\\/\\\/marktxxl.de\\\/markt\\\/#website\",\"url\":\"https:\\\/\\\/marktxxl.de\\\/markt\\\/\",\"name\":\"Markt-XXL\",\"description\":\"Ihr Markt Online\",\"publisher\":{\"@id\":\"https:\\\/\\\/marktxxl.de\\\/markt\\\/#organization\"},\"potentialAction\":[{\"@type\":\"SearchAction\",\"target\":{\"@type\":\"EntryPoint\",\"urlTemplate\":\"https:\\\/\\\/marktxxl.de\\\/markt\\\/?s={search_term_string}\"},\"query-input\":{\"@type\":\"PropertyValueSpecification\",\"valueRequired\":true,\"valueName\":\"search_term_string\"}}],\"inLanguage\":\"de\"},{\"@type\":\"Organization\",\"@id\":\"https:\\\/\\\/marktxxl.de\\\/markt\\\/#organization\",\"name\":\"Markt-XXL\",\"url\":\"https:\\\/\\\/marktxxl.de\\\/markt\\\/\",\"logo\":{\"@type\":\"ImageObject\",\"inLanguage\":\"de\",\"@id\":\"https:\\\/\\\/marktxxl.de\\\/markt\\\/#\\\/schema\\\/logo\\\/image\\\/\",\"url\":\"https:\\\/\\\/marktxxl.de\\\/markt\\\/wp-content\\\/uploads\\\/sites\\\/3\\\/2020\\\/12\\\/logo.png\",\"contentUrl\":\"https:\\\/\\\/marktxxl.de\\\/markt\\\/wp-content\\\/uploads\\\/sites\\\/3\\\/2020\\\/12\\\/logo.png\",\"width\":200,\"height\":70,\"caption\":\"Markt-XXL\"},\"image\":{\"@id\":\"https:\\\/\\\/marktxxl.de\\\/markt\\\/#\\\/schema\\\/logo\\\/image\\\/\"}}]}<\/script>\n<!-- \/ Yoast SEO plugin. -->","yoast_head_json":{"title":"Cobbe K\u00fcchenarmatur, Spring Wasserhahn K\u00fcche mit Pull Down Spr\u00fcher Brause, 2 Spr\u00fchmodi High Arc Einhebel P\u00fcltisch\u2026 - Markt-XXL","description":"Markt-XXL Cobbe K\u00fcchenarmatur, Spring Wasserhahn K\u00fcche mit Pull Down Spr\u00fcher Brause, 2 Spr\u00fchmodi High Arc Einhebel P\u00fcltisch\u2026","robots":{"index":"index","follow":"follow","max-snippet":"max-snippet:-1","max-image-preview":"max-image-preview:large","max-video-preview":"max-video-preview:-1"},"canonical":"https:\/\/marktxxl.de\/markt\/produkt\/cobbe-kuechenarmatur-spring-kaltwasser-kueche-mit-pull-down-sprueher-brause-2-spruehmodi-high-arc-einhebel-niederdruck-spueltisch-mischbatterie-chrom\/","og_locale":"de_DE","og_type":"article","og_title":"Cobbe K\u00fcchenarmatur, Spring Wasserhahn K\u00fcche mit Pull Down Spr\u00fcher Brause, 2 Spr\u00fchmodi High Arc Einhebel P\u00fcltisch\u2026 - Markt-XXL","og_description":"Markt-XXL Cobbe K\u00fcchenarmatur, Spring Wasserhahn K\u00fcche mit Pull Down Spr\u00fcher Brause, 2 Spr\u00fchmodi High Arc Einhebel P\u00fcltisch\u2026","og_url":"https:\/\/marktxxl.de\/markt\/produkt\/cobbe-kuechenarmatur-spring-kaltwasser-kueche-mit-pull-down-sprueher-brause-2-spruehmodi-high-arc-einhebel-niederdruck-spueltisch-mischbatterie-chrom\/","og_site_name":"Markt-XXL","article_modified_time":"2023-04-09T23:24:19+00:00","og_image":[{"width":500,"height":500,"url":"https:\/\/m.media-amazon.com\/images\/I\/31KHTA7bGNL._SL500_.jpg","type":"image\/jpeg"}],"twitter_card":"summary_large_image","twitter_misc":{"Gesch\u00e4tzte Lesezeit":"1\u00a0Minute"},"schema":{"@context":"https:\/\/schema.org","@graph":[{"@type":"WebPage","@id":"https:\/\/marktxxl.de\/markt\/produkt\/cobbe-kuechenarmatur-spring-kaltwasser-kueche-mit-pull-down-sprueher-brause-2-spruehmodi-high-arc-einhebel-niederdruck-spueltisch-mischbatterie-chrom\/","url":"https:\/\/marktxxl.de\/markt\/produkt\/cobbe-kuechenarmatur-spring-kaltwasser-kueche-mit-pull-down-sprueher-brause-2-spruehmodi-high-arc-einhebel-niederdruck-spueltisch-mischbatterie-chrom\/","name":"Cobbe K\u00fcchenarmatur, Spring Wasserhahn K\u00fcche mit Pull Down Spr\u00fcher Brause, 2 Spr\u00fchmodi High Arc Einhebel P\u00fcltisch\u2026 - Markt-XXL","isPartOf":{"@id":"https:\/\/marktxxl.de\/markt\/#website"},"primaryImageOfPage":{"@id":"https:\/\/marktxxl.de\/markt\/produkt\/cobbe-kuechenarmatur-spring-kaltwasser-kueche-mit-pull-down-sprueher-brause-2-spruehmodi-high-arc-einhebel-niederdruck-spueltisch-mischbatterie-chrom\/#primaryimage"},"image":{"@id":"https:\/\/marktxxl.de\/markt\/produkt\/cobbe-kuechenarmatur-spring-kaltwasser-kueche-mit-pull-down-sprueher-brause-2-spruehmodi-high-arc-einhebel-niederdruck-spueltisch-mischbatterie-chrom\/#primaryimage"},"thumbnailUrl":"https:\/\/m.media-amazon.com\/images\/I\/31KHTA7bGNL._SL500_.jpg","datePublished":"2021-09-12T20:13:16+00:00","dateModified":"2023-04-09T23:24:19+00:00","description":"Markt-XXL Cobbe K\u00fcchenarmatur, Spring Wasserhahn K\u00fcche mit Pull Down Spr\u00fcher Brause, 2 Spr\u00fchmodi High Arc Einhebel P\u00fcltisch\u2026","breadcrumb":{"@id":"https:\/\/marktxxl.de\/markt\/produkt\/cobbe-kuechenarmatur-spring-kaltwasser-kueche-mit-pull-down-sprueher-brause-2-spruehmodi-high-arc-einhebel-niederdruck-spueltisch-mischbatterie-chrom\/#breadcrumb"},"inLanguage":"de","potentialAction":[{"@type":"ReadAction","target":["https:\/\/marktxxl.de\/markt\/produkt\/cobbe-kuechenarmatur-spring-kaltwasser-kueche-mit-pull-down-sprueher-brause-2-spruehmodi-high-arc-einhebel-niederdruck-spueltisch-mischbatterie-chrom\/"]}]},{"@type":"ImageObject","inLanguage":"de","@id":"https:\/\/marktxxl.de\/markt\/produkt\/cobbe-kuechenarmatur-spring-kaltwasser-kueche-mit-pull-down-sprueher-brause-2-spruehmodi-high-arc-einhebel-niederdruck-spueltisch-mischbatterie-chrom\/#primaryimage","url":"https:\/\/m.media-amazon.com\/images\/I\/31KHTA7bGNL._SL500_.jpg","contentUrl":"https:\/\/m.media-amazon.com\/images\/I\/31KHTA7bGNL._SL500_.jpg","width":500,"height":500},{"@type":"BreadcrumbList","@id":"https:\/\/marktxxl.de\/markt\/produkt\/cobbe-kuechenarmatur-spring-kaltwasser-kueche-mit-pull-down-sprueher-brause-2-spruehmodi-high-arc-einhebel-niederdruck-spueltisch-mischbatterie-chrom\/#breadcrumb","itemListElement":[{"@type":"ListItem","position":1,"name":"Startseite","item":"https:\/\/marktxxl.de\/markt\/"},{"@type":"ListItem","position":2,"name":"Markt","item":"https:\/\/marktxxl.de\/markt\/"},{"@type":"ListItem","position":3,"name":"Cobbe K\u00fcchenarmatur, Spring Wasserhahn K\u00fcche mit Pull Down Spr\u00fcher Brause, 2 Spr\u00fchmodi High Arc Einhebel P\u00fcltisch\u2026"}]},{"@type":"WebSite","@id":"https:\/\/marktxxl.de\/markt\/#website","url":"https:\/\/marktxxl.de\/markt\/","name":"Markt-XXL","description":"Ihr Markt Online","publisher":{"@id":"https:\/\/marktxxl.de\/markt\/#organization"},"potentialAction":[{"@type":"SearchAction","target":{"@type":"EntryPoint","urlTemplate":"https:\/\/marktxxl.de\/markt\/?s={search_term_string}"},"query-input":{"@type":"PropertyValueSpecification","valueRequired":true,"valueName":"search_term_string"}}],"inLanguage":"de"},{"@type":"Organization","@id":"https:\/\/marktxxl.de\/markt\/#organization","name":"Markt-XXL","url":"https:\/\/marktxxl.de\/markt\/","logo":{"@type":"ImageObject","inLanguage":"de","@id":"https:\/\/marktxxl.de\/markt\/#\/schema\/logo\/image\/","url":"https:\/\/marktxxl.de\/markt\/wp-content\/uploads\/sites\/3\/2020\/12\/logo.png","contentUrl":"https:\/\/marktxxl.de\/markt\/wp-content\/uploads\/sites\/3\/2020\/12\/logo.png","width":200,"height":70,"caption":"Markt-XXL"},"image":{"@id":"https:\/\/marktxxl.de\/markt\/#\/schema\/logo\/image\/"}}]}},"_links":{"self":[{"href":"https:\/\/marktxxl.de\/markt\/wp-json\/wp\/v2\/product\/29283","targetHints":{"allow":["GET"]}}],"collection":[{"href":"https:\/\/marktxxl.de\/markt\/wp-json\/wp\/v2\/product"}],"about":[{"href":"https:\/\/marktxxl.de\/markt\/wp-json\/wp\/v2\/types\/product"}],"replies":[{"embeddable":true,"href":"https:\/\/marktxxl.de\/markt\/wp-json\/wp\/v2\/comments?post=29283"}],"wp:featuredmedia":[{"embeddable":true,"href":"https:\/\/marktxxl.de\/markt\/wp-json\/wp\/v2\/media\/29284"}],"wp:attachment":[{"href":"https:\/\/marktxxl.de\/markt\/wp-json\/wp\/v2\/media?parent=29283"}],"wp:term":[{"taxonomy":"product_brand","embeddable":true,"href":"https:\/\/marktxxl.de\/markt\/wp-json\/wp\/v2\/product_brand?post=29283"},{"taxonomy":"product_cat","embeddable":true,"href":"https:\/\/marktxxl.de\/markt\/wp-json\/wp\/v2\/product_cat?post=29283"},{"taxonomy":"product_tag","embeddable":true,"href":"https:\/\/marktxxl.de\/markt\/wp-json\/wp\/v2\/product_tag?post=29283"}],"curies":[{"name":"wp","href":"https:\/\/api.w.org\/{rel}","templated":true}]}}