{"id":29269,"date":"2021-09-12T22:13:06","date_gmt":"2021-09-12T20:13:06","guid":{"rendered":"https:\/\/marktxxl.de\/markt\/produkt\/design-waschbecken-aufsatzwaschbecken-665-x-40-cm-laenglich-weiss-waschschale-modern-keramik\/"},"modified":"2023-04-10T01:24:18","modified_gmt":"2023-04-09T23:24:18","slug":"design-waschbecken-aufsatzwaschbecken-665-x-40-cm-laenglich-weiss-waschschale-modern-keramik","status":"publish","type":"product","link":"https:\/\/marktxxl.de\/markt\/produkt\/design-waschbecken-aufsatzwaschbecken-665-x-40-cm-laenglich-weiss-waschschale-modern-keramik\/","title":{"rendered":"Design Waschbecken Aufsatzwaschbecken 66,5 x 40 cm l\u00e4nglich Wei\u00df Waschschale Modern Keramik"},"content":{"rendered":"<p>Design Waschbecken zur Montage auf geraden Oberfl\u00e4chen \/ Waschtischen.<br \/>\nDas Waschbecken eignet sich f\u00fcr Standard DIN Ablaufgarnituren ohne Abflu\u00df. Einfache Montage.<br \/>\nca. Ma\u00dfe: H\u00f6he 12,5cm Breite: 66.5 cm, Tiefe 40 cm<br \/>\nAnschluss passend f\u00fcr standard Ablaufgarnituren ohne Abflu\u00df<br \/>\nMaterial: Sanit\u00e4rkeramik<br \/>\n<div class=\"main-cross-sell\" data-asin=\"B07VXRPHW4\">\n\n\t<div class=\"WooZone-cross-sell-loader\">\n\t\t<div>\n\t\t\t<div id=\"floatingBarsG\">\n\t\t\t\t<div class=\"blockG\" id=\"rotateG_01\"><\/div>\n\t\t\t\t<div class=\"blockG\" id=\"rotateG_02\"><\/div>\n\t\t\t\t<div class=\"blockG\" id=\"rotateG_03\"><\/div>\n\t\t\t\t<div class=\"blockG\" id=\"rotateG_04\"><\/div>\n\t\t\t\t<div class=\"blockG\" id=\"rotateG_05\"><\/div>\n\t\t\t\t<div class=\"blockG\" id=\"rotateG_06\"><\/div>\n\t\t\t\t<div class=\"blockG\" id=\"rotateG_07\"><\/div>\n\t\t\t\t<div class=\"blockG\" id=\"rotateG_08\"><\/div>\n\t\t\t<\/div>\n\t\t\t<div class=\"WooZone-cross-sell-loader-text\"><\/div>\n\t\t<\/div>\n\t<\/div>\n\n\t\t\n<\/div>\n<div style=\"clear:both;\"><\/div><\/p>\n","protected":false},"excerpt":{"rendered":"<p>Design Waschbecken zur Montage auf geraden Oberfl\u00e4chen \/ Waschtischen.<br \/>\nDas Waschbecken eignet sich f\u00fcr Standard DIN Ablaufgarnituren ohne Abflu\u00df. Einfache Montage.<br \/>\nca. Ma\u00dfe: H\u00f6he 12,5cm Breite: 66.5 cm, Tiefe 40 cm<\/p>\n","protected":false},"featured_media":29270,"comment_status":"open","ping_status":"closed","template":"","meta":[],"product_brand":[],"product_cat":[1983,11101],"product_tag":[],"class_list":{"0":"post-29269","1":"product","2":"type-product","3":"status-publish","4":"has-post-thumbnail","6":"product_cat-baumarkt","7":"product_cat-kuechen-badinstallation","8":"pa_brand-arnusa","9":"pa_color-weiss","10":"pa_height-4-9212598375-zoll","11":"pa_length-26-1811023355-zoll","12":"pa_manufacturer-arnusa","13":"pa_model-s112","14":"pa_size-665-x-40-cm","15":"pa_weight-19-84160358-pfund","16":"pa_width-15-74803148-zoll","18":"first","19":"instock","20":"shipping-taxable","21":"purchasable","22":"product-type-simple","23":"customify-col","24":"product-has-gallery"},"yoast_head":"<!-- This site is optimized with the Yoast SEO plugin v27.3 - https:\/\/yoast.com\/product\/yoast-seo-wordpress\/ -->\n<title>Design Waschbecken Aufsatzwaschbecken 66,5 x 40 cm l\u00e4nglich Wei\u00df Waschschale Modern Keramik - Markt-XXL<\/title>\n<meta name=\"description\" content=\"Markt-XXL Design Waschbecken Aufsatzwaschbecken 66,5 x 40 cm l\u00e4nglich Wei\u00df Waschschale Modern Keramik\" \/>\n<meta name=\"robots\" content=\"index, follow, max-snippet:-1, max-image-preview:large, max-video-preview:-1\" \/>\n<link rel=\"canonical\" href=\"https:\/\/marktxxl.de\/markt\/produkt\/design-waschbecken-aufsatzwaschbecken-665-x-40-cm-laenglich-weiss-waschschale-modern-keramik\/\" \/>\n<meta property=\"og:locale\" content=\"de_DE\" \/>\n<meta property=\"og:type\" content=\"article\" \/>\n<meta property=\"og:title\" content=\"Design Waschbecken Aufsatzwaschbecken 66,5 x 40 cm l\u00e4nglich Wei\u00df Waschschale Modern Keramik - Markt-XXL\" \/>\n<meta property=\"og:description\" content=\"Markt-XXL Design Waschbecken Aufsatzwaschbecken 66,5 x 40 cm l\u00e4nglich Wei\u00df Waschschale Modern Keramik\" \/>\n<meta property=\"og:url\" content=\"https:\/\/marktxxl.de\/markt\/produkt\/design-waschbecken-aufsatzwaschbecken-665-x-40-cm-laenglich-weiss-waschschale-modern-keramik\/\" \/>\n<meta property=\"og:site_name\" content=\"Markt-XXL\" \/>\n<meta property=\"article:modified_time\" content=\"2023-04-09T23:24:18+00:00\" \/>\n<meta property=\"og:image\" content=\"https:\/\/m.media-amazon.com\/images\/I\/51Agbx8AmCL._SL500_.jpg\" \/>\n\t<meta property=\"og:image:width\" content=\"500\" \/>\n\t<meta property=\"og:image:height\" content=\"500\" \/>\n\t<meta property=\"og:image:type\" content=\"image\/jpeg\" \/>\n<meta name=\"twitter:card\" content=\"summary_large_image\" \/>\n<script type=\"application\/ld+json\" class=\"yoast-schema-graph\">{\"@context\":\"https:\\\/\\\/schema.org\",\"@graph\":[{\"@type\":\"WebPage\",\"@id\":\"https:\\\/\\\/marktxxl.de\\\/markt\\\/produkt\\\/design-waschbecken-aufsatzwaschbecken-665-x-40-cm-laenglich-weiss-waschschale-modern-keramik\\\/\",\"url\":\"https:\\\/\\\/marktxxl.de\\\/markt\\\/produkt\\\/design-waschbecken-aufsatzwaschbecken-665-x-40-cm-laenglich-weiss-waschschale-modern-keramik\\\/\",\"name\":\"Design Waschbecken Aufsatzwaschbecken 66,5 x 40 cm l\u00e4nglich Wei\u00df Waschschale Modern Keramik - Markt-XXL\",\"isPartOf\":{\"@id\":\"https:\\\/\\\/marktxxl.de\\\/markt\\\/#website\"},\"primaryImageOfPage\":{\"@id\":\"https:\\\/\\\/marktxxl.de\\\/markt\\\/produkt\\\/design-waschbecken-aufsatzwaschbecken-665-x-40-cm-laenglich-weiss-waschschale-modern-keramik\\\/#primaryimage\"},\"image\":{\"@id\":\"https:\\\/\\\/marktxxl.de\\\/markt\\\/produkt\\\/design-waschbecken-aufsatzwaschbecken-665-x-40-cm-laenglich-weiss-waschschale-modern-keramik\\\/#primaryimage\"},\"thumbnailUrl\":\"https:\\\/\\\/m.media-amazon.com\\\/images\\\/I\\\/51Agbx8AmCL._SL500_.jpg\",\"datePublished\":\"2021-09-12T20:13:06+00:00\",\"dateModified\":\"2023-04-09T23:24:18+00:00\",\"description\":\"Markt-XXL Design Waschbecken Aufsatzwaschbecken 66,5 x 40 cm l\u00e4nglich Wei\u00df Waschschale Modern Keramik\",\"breadcrumb\":{\"@id\":\"https:\\\/\\\/marktxxl.de\\\/markt\\\/produkt\\\/design-waschbecken-aufsatzwaschbecken-665-x-40-cm-laenglich-weiss-waschschale-modern-keramik\\\/#breadcrumb\"},\"inLanguage\":\"de\",\"potentialAction\":[{\"@type\":\"ReadAction\",\"target\":[\"https:\\\/\\\/marktxxl.de\\\/markt\\\/produkt\\\/design-waschbecken-aufsatzwaschbecken-665-x-40-cm-laenglich-weiss-waschschale-modern-keramik\\\/\"]}]},{\"@type\":\"ImageObject\",\"inLanguage\":\"de\",\"@id\":\"https:\\\/\\\/marktxxl.de\\\/markt\\\/produkt\\\/design-waschbecken-aufsatzwaschbecken-665-x-40-cm-laenglich-weiss-waschschale-modern-keramik\\\/#primaryimage\",\"url\":\"https:\\\/\\\/m.media-amazon.com\\\/images\\\/I\\\/51Agbx8AmCL._SL500_.jpg\",\"contentUrl\":\"https:\\\/\\\/m.media-amazon.com\\\/images\\\/I\\\/51Agbx8AmCL._SL500_.jpg\",\"width\":500,\"height\":500},{\"@type\":\"BreadcrumbList\",\"@id\":\"https:\\\/\\\/marktxxl.de\\\/markt\\\/produkt\\\/design-waschbecken-aufsatzwaschbecken-665-x-40-cm-laenglich-weiss-waschschale-modern-keramik\\\/#breadcrumb\",\"itemListElement\":[{\"@type\":\"ListItem\",\"position\":1,\"name\":\"Startseite\",\"item\":\"https:\\\/\\\/marktxxl.de\\\/markt\\\/\"},{\"@type\":\"ListItem\",\"position\":2,\"name\":\"Markt\",\"item\":\"https:\\\/\\\/marktxxl.de\\\/markt\\\/\"},{\"@type\":\"ListItem\",\"position\":3,\"name\":\"Design Waschbecken Aufsatzwaschbecken 66,5 x 40 cm l\u00e4nglich Wei\u00df Waschschale Modern Keramik\"}]},{\"@type\":\"WebSite\",\"@id\":\"https:\\\/\\\/marktxxl.de\\\/markt\\\/#website\",\"url\":\"https:\\\/\\\/marktxxl.de\\\/markt\\\/\",\"name\":\"Markt-XXL\",\"description\":\"Ihr Markt Online\",\"publisher\":{\"@id\":\"https:\\\/\\\/marktxxl.de\\\/markt\\\/#organization\"},\"potentialAction\":[{\"@type\":\"SearchAction\",\"target\":{\"@type\":\"EntryPoint\",\"urlTemplate\":\"https:\\\/\\\/marktxxl.de\\\/markt\\\/?s={search_term_string}\"},\"query-input\":{\"@type\":\"PropertyValueSpecification\",\"valueRequired\":true,\"valueName\":\"search_term_string\"}}],\"inLanguage\":\"de\"},{\"@type\":\"Organization\",\"@id\":\"https:\\\/\\\/marktxxl.de\\\/markt\\\/#organization\",\"name\":\"Markt-XXL\",\"url\":\"https:\\\/\\\/marktxxl.de\\\/markt\\\/\",\"logo\":{\"@type\":\"ImageObject\",\"inLanguage\":\"de\",\"@id\":\"https:\\\/\\\/marktxxl.de\\\/markt\\\/#\\\/schema\\\/logo\\\/image\\\/\",\"url\":\"https:\\\/\\\/marktxxl.de\\\/markt\\\/wp-content\\\/uploads\\\/sites\\\/3\\\/2020\\\/12\\\/logo.png\",\"contentUrl\":\"https:\\\/\\\/marktxxl.de\\\/markt\\\/wp-content\\\/uploads\\\/sites\\\/3\\\/2020\\\/12\\\/logo.png\",\"width\":200,\"height\":70,\"caption\":\"Markt-XXL\"},\"image\":{\"@id\":\"https:\\\/\\\/marktxxl.de\\\/markt\\\/#\\\/schema\\\/logo\\\/image\\\/\"}}]}<\/script>\n<!-- \/ Yoast SEO plugin. -->","yoast_head_json":{"title":"Design Waschbecken Aufsatzwaschbecken 66,5 x 40 cm l\u00e4nglich Wei\u00df Waschschale Modern Keramik - Markt-XXL","description":"Markt-XXL Design Waschbecken Aufsatzwaschbecken 66,5 x 40 cm l\u00e4nglich Wei\u00df Waschschale Modern Keramik","robots":{"index":"index","follow":"follow","max-snippet":"max-snippet:-1","max-image-preview":"max-image-preview:large","max-video-preview":"max-video-preview:-1"},"canonical":"https:\/\/marktxxl.de\/markt\/produkt\/design-waschbecken-aufsatzwaschbecken-665-x-40-cm-laenglich-weiss-waschschale-modern-keramik\/","og_locale":"de_DE","og_type":"article","og_title":"Design Waschbecken Aufsatzwaschbecken 66,5 x 40 cm l\u00e4nglich Wei\u00df Waschschale Modern Keramik - Markt-XXL","og_description":"Markt-XXL Design Waschbecken Aufsatzwaschbecken 66,5 x 40 cm l\u00e4nglich Wei\u00df Waschschale Modern Keramik","og_url":"https:\/\/marktxxl.de\/markt\/produkt\/design-waschbecken-aufsatzwaschbecken-665-x-40-cm-laenglich-weiss-waschschale-modern-keramik\/","og_site_name":"Markt-XXL","article_modified_time":"2023-04-09T23:24:18+00:00","og_image":[{"width":500,"height":500,"url":"https:\/\/m.media-amazon.com\/images\/I\/51Agbx8AmCL._SL500_.jpg","type":"image\/jpeg"}],"twitter_card":"summary_large_image","schema":{"@context":"https:\/\/schema.org","@graph":[{"@type":"WebPage","@id":"https:\/\/marktxxl.de\/markt\/produkt\/design-waschbecken-aufsatzwaschbecken-665-x-40-cm-laenglich-weiss-waschschale-modern-keramik\/","url":"https:\/\/marktxxl.de\/markt\/produkt\/design-waschbecken-aufsatzwaschbecken-665-x-40-cm-laenglich-weiss-waschschale-modern-keramik\/","name":"Design Waschbecken Aufsatzwaschbecken 66,5 x 40 cm l\u00e4nglich Wei\u00df Waschschale Modern Keramik - Markt-XXL","isPartOf":{"@id":"https:\/\/marktxxl.de\/markt\/#website"},"primaryImageOfPage":{"@id":"https:\/\/marktxxl.de\/markt\/produkt\/design-waschbecken-aufsatzwaschbecken-665-x-40-cm-laenglich-weiss-waschschale-modern-keramik\/#primaryimage"},"image":{"@id":"https:\/\/marktxxl.de\/markt\/produkt\/design-waschbecken-aufsatzwaschbecken-665-x-40-cm-laenglich-weiss-waschschale-modern-keramik\/#primaryimage"},"thumbnailUrl":"https:\/\/m.media-amazon.com\/images\/I\/51Agbx8AmCL._SL500_.jpg","datePublished":"2021-09-12T20:13:06+00:00","dateModified":"2023-04-09T23:24:18+00:00","description":"Markt-XXL Design Waschbecken Aufsatzwaschbecken 66,5 x 40 cm l\u00e4nglich Wei\u00df Waschschale Modern Keramik","breadcrumb":{"@id":"https:\/\/marktxxl.de\/markt\/produkt\/design-waschbecken-aufsatzwaschbecken-665-x-40-cm-laenglich-weiss-waschschale-modern-keramik\/#breadcrumb"},"inLanguage":"de","potentialAction":[{"@type":"ReadAction","target":["https:\/\/marktxxl.de\/markt\/produkt\/design-waschbecken-aufsatzwaschbecken-665-x-40-cm-laenglich-weiss-waschschale-modern-keramik\/"]}]},{"@type":"ImageObject","inLanguage":"de","@id":"https:\/\/marktxxl.de\/markt\/produkt\/design-waschbecken-aufsatzwaschbecken-665-x-40-cm-laenglich-weiss-waschschale-modern-keramik\/#primaryimage","url":"https:\/\/m.media-amazon.com\/images\/I\/51Agbx8AmCL._SL500_.jpg","contentUrl":"https:\/\/m.media-amazon.com\/images\/I\/51Agbx8AmCL._SL500_.jpg","width":500,"height":500},{"@type":"BreadcrumbList","@id":"https:\/\/marktxxl.de\/markt\/produkt\/design-waschbecken-aufsatzwaschbecken-665-x-40-cm-laenglich-weiss-waschschale-modern-keramik\/#breadcrumb","itemListElement":[{"@type":"ListItem","position":1,"name":"Startseite","item":"https:\/\/marktxxl.de\/markt\/"},{"@type":"ListItem","position":2,"name":"Markt","item":"https:\/\/marktxxl.de\/markt\/"},{"@type":"ListItem","position":3,"name":"Design Waschbecken Aufsatzwaschbecken 66,5 x 40 cm l\u00e4nglich Wei\u00df Waschschale Modern Keramik"}]},{"@type":"WebSite","@id":"https:\/\/marktxxl.de\/markt\/#website","url":"https:\/\/marktxxl.de\/markt\/","name":"Markt-XXL","description":"Ihr Markt Online","publisher":{"@id":"https:\/\/marktxxl.de\/markt\/#organization"},"potentialAction":[{"@type":"SearchAction","target":{"@type":"EntryPoint","urlTemplate":"https:\/\/marktxxl.de\/markt\/?s={search_term_string}"},"query-input":{"@type":"PropertyValueSpecification","valueRequired":true,"valueName":"search_term_string"}}],"inLanguage":"de"},{"@type":"Organization","@id":"https:\/\/marktxxl.de\/markt\/#organization","name":"Markt-XXL","url":"https:\/\/marktxxl.de\/markt\/","logo":{"@type":"ImageObject","inLanguage":"de","@id":"https:\/\/marktxxl.de\/markt\/#\/schema\/logo\/image\/","url":"https:\/\/marktxxl.de\/markt\/wp-content\/uploads\/sites\/3\/2020\/12\/logo.png","contentUrl":"https:\/\/marktxxl.de\/markt\/wp-content\/uploads\/sites\/3\/2020\/12\/logo.png","width":200,"height":70,"caption":"Markt-XXL"},"image":{"@id":"https:\/\/marktxxl.de\/markt\/#\/schema\/logo\/image\/"}}]}},"_links":{"self":[{"href":"https:\/\/marktxxl.de\/markt\/wp-json\/wp\/v2\/product\/29269","targetHints":{"allow":["GET"]}}],"collection":[{"href":"https:\/\/marktxxl.de\/markt\/wp-json\/wp\/v2\/product"}],"about":[{"href":"https:\/\/marktxxl.de\/markt\/wp-json\/wp\/v2\/types\/product"}],"replies":[{"embeddable":true,"href":"https:\/\/marktxxl.de\/markt\/wp-json\/wp\/v2\/comments?post=29269"}],"wp:featuredmedia":[{"embeddable":true,"href":"https:\/\/marktxxl.de\/markt\/wp-json\/wp\/v2\/media\/29270"}],"wp:attachment":[{"href":"https:\/\/marktxxl.de\/markt\/wp-json\/wp\/v2\/media?parent=29269"}],"wp:term":[{"taxonomy":"product_brand","embeddable":true,"href":"https:\/\/marktxxl.de\/markt\/wp-json\/wp\/v2\/product_brand?post=29269"},{"taxonomy":"product_cat","embeddable":true,"href":"https:\/\/marktxxl.de\/markt\/wp-json\/wp\/v2\/product_cat?post=29269"},{"taxonomy":"product_tag","embeddable":true,"href":"https:\/\/marktxxl.de\/markt\/wp-json\/wp\/v2\/product_tag?post=29269"}],"curies":[{"name":"wp","href":"https:\/\/api.w.org\/{rel}","templated":true}]}}