{"id":29184,"date":"2021-09-12T22:11:35","date_gmt":"2021-09-12T20:11:35","guid":{"rendered":"https:\/\/marktxxl.de\/markt\/produkt\/boltze-regal-kamin-feuer-holz-aufbewahrung-staender-herz-design-rost-innen-aussen-deko-h-75-cm-3456500\/"},"modified":"2023-04-10T01:24:17","modified_gmt":"2023-04-09T23:24:17","slug":"boltze-regal-kamin-feuer-holz-aufbewahrung-staender-herz-design-rost-innen-aussen-deko-h-75-cm-3456500","status":"publish","type":"product","link":"https:\/\/marktxxl.de\/markt\/produkt\/boltze-regal-kamin-feuer-holz-aufbewahrung-staender-herz-design-rost-innen-aussen-deko-h-75-cm-3456500\/","title":{"rendered":"Boltze Regal Kamin Feuer Holz Aufbewahrung St\u00e4nder Herz Design Rost Innen Au\u00dfen Deko H 75 cm 3456500"},"content":{"rendered":"<p>Produktyp: Kaminholzregal<br \/>\nMaterial: Metall<br \/>\nFarbe: rost<br \/>\nHerzform<br \/>\nBxHxT: ca. 73 x 75 x 27,5 cm<br \/>\n<div class=\"main-cross-sell\" data-asin=\"B01M22TUJX\">\n\n\t<div class=\"WooZone-cross-sell-loader\">\n\t\t<div>\n\t\t\t<div id=\"floatingBarsG\">\n\t\t\t\t<div class=\"blockG\" id=\"rotateG_01\"><\/div>\n\t\t\t\t<div class=\"blockG\" id=\"rotateG_02\"><\/div>\n\t\t\t\t<div class=\"blockG\" id=\"rotateG_03\"><\/div>\n\t\t\t\t<div class=\"blockG\" id=\"rotateG_04\"><\/div>\n\t\t\t\t<div class=\"blockG\" id=\"rotateG_05\"><\/div>\n\t\t\t\t<div class=\"blockG\" id=\"rotateG_06\"><\/div>\n\t\t\t\t<div class=\"blockG\" id=\"rotateG_07\"><\/div>\n\t\t\t\t<div class=\"blockG\" id=\"rotateG_08\"><\/div>\n\t\t\t<\/div>\n\t\t\t<div class=\"WooZone-cross-sell-loader-text\"><\/div>\n\t\t<\/div>\n\t<\/div>\n\n\t\t\n<\/div>\n<div style=\"clear:both;\"><\/div><\/p>\n","protected":false},"excerpt":{"rendered":"<p>Produktyp: Kaminholzregal<br \/>\nMaterial: Metall<br \/>\nFarbe: rost<\/p>\n","protected":false},"featured_media":29185,"comment_status":"open","ping_status":"closed","template":"","meta":[],"product_brand":[],"product_cat":[1983,11036],"product_tag":[],"class_list":{"0":"post-29184","1":"product","2":"type-product","3":"status-publish","4":"has-post-thumbnail","6":"product_cat-baumarkt","7":"product_cat-kamine","8":"pa_brand-boltze","9":"pa_manufacturer-boltze","11":"first","12":"instock","13":"shipping-taxable","14":"purchasable","15":"product-type-simple","16":"customify-col","17":"product-has-gallery"},"yoast_head":"<!-- This site is optimized with the Yoast SEO plugin v27.3 - https:\/\/yoast.com\/product\/yoast-seo-wordpress\/ -->\n<title>Boltze Regal Kamin Feuer Holz Aufbewahrung St\u00e4nder Herz Design Rost Innen Au\u00dfen Deko H 75 cm 3456500 - Markt-XXL<\/title>\n<meta name=\"description\" content=\"Markt-XXL Boltze Regal Kamin Feuer Holz Aufbewahrung St\u00e4nder Herz Design Rost Innen Au\u00dfen Deko H 75 cm 3456500\" \/>\n<meta name=\"robots\" content=\"index, follow, max-snippet:-1, max-image-preview:large, max-video-preview:-1\" \/>\n<link rel=\"canonical\" href=\"https:\/\/marktxxl.de\/markt\/produkt\/boltze-regal-kamin-feuer-holz-aufbewahrung-staender-herz-design-rost-innen-aussen-deko-h-75-cm-3456500\/\" \/>\n<meta property=\"og:locale\" content=\"de_DE\" \/>\n<meta property=\"og:type\" content=\"article\" \/>\n<meta property=\"og:title\" content=\"Boltze Regal Kamin Feuer Holz Aufbewahrung St\u00e4nder Herz Design Rost Innen Au\u00dfen Deko H 75 cm 3456500 - Markt-XXL\" \/>\n<meta property=\"og:description\" content=\"Markt-XXL Boltze Regal Kamin Feuer Holz Aufbewahrung St\u00e4nder Herz Design Rost Innen Au\u00dfen Deko H 75 cm 3456500\" \/>\n<meta property=\"og:url\" content=\"https:\/\/marktxxl.de\/markt\/produkt\/boltze-regal-kamin-feuer-holz-aufbewahrung-staender-herz-design-rost-innen-aussen-deko-h-75-cm-3456500\/\" \/>\n<meta property=\"og:site_name\" content=\"Markt-XXL\" \/>\n<meta property=\"article:modified_time\" content=\"2023-04-09T23:24:17+00:00\" \/>\n<meta property=\"og:image\" content=\"https:\/\/m.media-amazon.com\/images\/I\/51fl3DNjdFL._SL500_.jpg\" \/>\n\t<meta property=\"og:image:width\" content=\"500\" \/>\n\t<meta property=\"og:image:height\" content=\"500\" \/>\n\t<meta property=\"og:image:type\" content=\"image\/jpeg\" \/>\n<meta name=\"twitter:card\" content=\"summary_large_image\" \/>\n<script type=\"application\/ld+json\" class=\"yoast-schema-graph\">{\"@context\":\"https:\\\/\\\/schema.org\",\"@graph\":[{\"@type\":\"WebPage\",\"@id\":\"https:\\\/\\\/marktxxl.de\\\/markt\\\/produkt\\\/boltze-regal-kamin-feuer-holz-aufbewahrung-staender-herz-design-rost-innen-aussen-deko-h-75-cm-3456500\\\/\",\"url\":\"https:\\\/\\\/marktxxl.de\\\/markt\\\/produkt\\\/boltze-regal-kamin-feuer-holz-aufbewahrung-staender-herz-design-rost-innen-aussen-deko-h-75-cm-3456500\\\/\",\"name\":\"Boltze Regal Kamin Feuer Holz Aufbewahrung St\u00e4nder Herz Design Rost Innen Au\u00dfen Deko H 75 cm 3456500 - Markt-XXL\",\"isPartOf\":{\"@id\":\"https:\\\/\\\/marktxxl.de\\\/markt\\\/#website\"},\"primaryImageOfPage\":{\"@id\":\"https:\\\/\\\/marktxxl.de\\\/markt\\\/produkt\\\/boltze-regal-kamin-feuer-holz-aufbewahrung-staender-herz-design-rost-innen-aussen-deko-h-75-cm-3456500\\\/#primaryimage\"},\"image\":{\"@id\":\"https:\\\/\\\/marktxxl.de\\\/markt\\\/produkt\\\/boltze-regal-kamin-feuer-holz-aufbewahrung-staender-herz-design-rost-innen-aussen-deko-h-75-cm-3456500\\\/#primaryimage\"},\"thumbnailUrl\":\"https:\\\/\\\/m.media-amazon.com\\\/images\\\/I\\\/51fl3DNjdFL._SL500_.jpg\",\"datePublished\":\"2021-09-12T20:11:35+00:00\",\"dateModified\":\"2023-04-09T23:24:17+00:00\",\"description\":\"Markt-XXL Boltze Regal Kamin Feuer Holz Aufbewahrung St\u00e4nder Herz Design Rost Innen Au\u00dfen Deko H 75 cm 3456500\",\"breadcrumb\":{\"@id\":\"https:\\\/\\\/marktxxl.de\\\/markt\\\/produkt\\\/boltze-regal-kamin-feuer-holz-aufbewahrung-staender-herz-design-rost-innen-aussen-deko-h-75-cm-3456500\\\/#breadcrumb\"},\"inLanguage\":\"de\",\"potentialAction\":[{\"@type\":\"ReadAction\",\"target\":[\"https:\\\/\\\/marktxxl.de\\\/markt\\\/produkt\\\/boltze-regal-kamin-feuer-holz-aufbewahrung-staender-herz-design-rost-innen-aussen-deko-h-75-cm-3456500\\\/\"]}]},{\"@type\":\"ImageObject\",\"inLanguage\":\"de\",\"@id\":\"https:\\\/\\\/marktxxl.de\\\/markt\\\/produkt\\\/boltze-regal-kamin-feuer-holz-aufbewahrung-staender-herz-design-rost-innen-aussen-deko-h-75-cm-3456500\\\/#primaryimage\",\"url\":\"https:\\\/\\\/m.media-amazon.com\\\/images\\\/I\\\/51fl3DNjdFL._SL500_.jpg\",\"contentUrl\":\"https:\\\/\\\/m.media-amazon.com\\\/images\\\/I\\\/51fl3DNjdFL._SL500_.jpg\",\"width\":500,\"height\":500},{\"@type\":\"BreadcrumbList\",\"@id\":\"https:\\\/\\\/marktxxl.de\\\/markt\\\/produkt\\\/boltze-regal-kamin-feuer-holz-aufbewahrung-staender-herz-design-rost-innen-aussen-deko-h-75-cm-3456500\\\/#breadcrumb\",\"itemListElement\":[{\"@type\":\"ListItem\",\"position\":1,\"name\":\"Startseite\",\"item\":\"https:\\\/\\\/marktxxl.de\\\/markt\\\/\"},{\"@type\":\"ListItem\",\"position\":2,\"name\":\"Markt\",\"item\":\"https:\\\/\\\/marktxxl.de\\\/markt\\\/\"},{\"@type\":\"ListItem\",\"position\":3,\"name\":\"Boltze Regal Kamin Feuer Holz Aufbewahrung St\u00e4nder Herz Design Rost Innen Au\u00dfen Deko H 75 cm 3456500\"}]},{\"@type\":\"WebSite\",\"@id\":\"https:\\\/\\\/marktxxl.de\\\/markt\\\/#website\",\"url\":\"https:\\\/\\\/marktxxl.de\\\/markt\\\/\",\"name\":\"Markt-XXL\",\"description\":\"Ihr Markt Online\",\"publisher\":{\"@id\":\"https:\\\/\\\/marktxxl.de\\\/markt\\\/#organization\"},\"potentialAction\":[{\"@type\":\"SearchAction\",\"target\":{\"@type\":\"EntryPoint\",\"urlTemplate\":\"https:\\\/\\\/marktxxl.de\\\/markt\\\/?s={search_term_string}\"},\"query-input\":{\"@type\":\"PropertyValueSpecification\",\"valueRequired\":true,\"valueName\":\"search_term_string\"}}],\"inLanguage\":\"de\"},{\"@type\":\"Organization\",\"@id\":\"https:\\\/\\\/marktxxl.de\\\/markt\\\/#organization\",\"name\":\"Markt-XXL\",\"url\":\"https:\\\/\\\/marktxxl.de\\\/markt\\\/\",\"logo\":{\"@type\":\"ImageObject\",\"inLanguage\":\"de\",\"@id\":\"https:\\\/\\\/marktxxl.de\\\/markt\\\/#\\\/schema\\\/logo\\\/image\\\/\",\"url\":\"https:\\\/\\\/marktxxl.de\\\/markt\\\/wp-content\\\/uploads\\\/sites\\\/3\\\/2020\\\/12\\\/logo.png\",\"contentUrl\":\"https:\\\/\\\/marktxxl.de\\\/markt\\\/wp-content\\\/uploads\\\/sites\\\/3\\\/2020\\\/12\\\/logo.png\",\"width\":200,\"height\":70,\"caption\":\"Markt-XXL\"},\"image\":{\"@id\":\"https:\\\/\\\/marktxxl.de\\\/markt\\\/#\\\/schema\\\/logo\\\/image\\\/\"}}]}<\/script>\n<!-- \/ Yoast SEO plugin. -->","yoast_head_json":{"title":"Boltze Regal Kamin Feuer Holz Aufbewahrung St\u00e4nder Herz Design Rost Innen Au\u00dfen Deko H 75 cm 3456500 - Markt-XXL","description":"Markt-XXL Boltze Regal Kamin Feuer Holz Aufbewahrung St\u00e4nder Herz Design Rost Innen Au\u00dfen Deko H 75 cm 3456500","robots":{"index":"index","follow":"follow","max-snippet":"max-snippet:-1","max-image-preview":"max-image-preview:large","max-video-preview":"max-video-preview:-1"},"canonical":"https:\/\/marktxxl.de\/markt\/produkt\/boltze-regal-kamin-feuer-holz-aufbewahrung-staender-herz-design-rost-innen-aussen-deko-h-75-cm-3456500\/","og_locale":"de_DE","og_type":"article","og_title":"Boltze Regal Kamin Feuer Holz Aufbewahrung St\u00e4nder Herz Design Rost Innen Au\u00dfen Deko H 75 cm 3456500 - Markt-XXL","og_description":"Markt-XXL Boltze Regal Kamin Feuer Holz Aufbewahrung St\u00e4nder Herz Design Rost Innen Au\u00dfen Deko H 75 cm 3456500","og_url":"https:\/\/marktxxl.de\/markt\/produkt\/boltze-regal-kamin-feuer-holz-aufbewahrung-staender-herz-design-rost-innen-aussen-deko-h-75-cm-3456500\/","og_site_name":"Markt-XXL","article_modified_time":"2023-04-09T23:24:17+00:00","og_image":[{"width":500,"height":500,"url":"https:\/\/m.media-amazon.com\/images\/I\/51fl3DNjdFL._SL500_.jpg","type":"image\/jpeg"}],"twitter_card":"summary_large_image","schema":{"@context":"https:\/\/schema.org","@graph":[{"@type":"WebPage","@id":"https:\/\/marktxxl.de\/markt\/produkt\/boltze-regal-kamin-feuer-holz-aufbewahrung-staender-herz-design-rost-innen-aussen-deko-h-75-cm-3456500\/","url":"https:\/\/marktxxl.de\/markt\/produkt\/boltze-regal-kamin-feuer-holz-aufbewahrung-staender-herz-design-rost-innen-aussen-deko-h-75-cm-3456500\/","name":"Boltze Regal Kamin Feuer Holz Aufbewahrung St\u00e4nder Herz Design Rost Innen Au\u00dfen Deko H 75 cm 3456500 - Markt-XXL","isPartOf":{"@id":"https:\/\/marktxxl.de\/markt\/#website"},"primaryImageOfPage":{"@id":"https:\/\/marktxxl.de\/markt\/produkt\/boltze-regal-kamin-feuer-holz-aufbewahrung-staender-herz-design-rost-innen-aussen-deko-h-75-cm-3456500\/#primaryimage"},"image":{"@id":"https:\/\/marktxxl.de\/markt\/produkt\/boltze-regal-kamin-feuer-holz-aufbewahrung-staender-herz-design-rost-innen-aussen-deko-h-75-cm-3456500\/#primaryimage"},"thumbnailUrl":"https:\/\/m.media-amazon.com\/images\/I\/51fl3DNjdFL._SL500_.jpg","datePublished":"2021-09-12T20:11:35+00:00","dateModified":"2023-04-09T23:24:17+00:00","description":"Markt-XXL Boltze Regal Kamin Feuer Holz Aufbewahrung St\u00e4nder Herz Design Rost Innen Au\u00dfen Deko H 75 cm 3456500","breadcrumb":{"@id":"https:\/\/marktxxl.de\/markt\/produkt\/boltze-regal-kamin-feuer-holz-aufbewahrung-staender-herz-design-rost-innen-aussen-deko-h-75-cm-3456500\/#breadcrumb"},"inLanguage":"de","potentialAction":[{"@type":"ReadAction","target":["https:\/\/marktxxl.de\/markt\/produkt\/boltze-regal-kamin-feuer-holz-aufbewahrung-staender-herz-design-rost-innen-aussen-deko-h-75-cm-3456500\/"]}]},{"@type":"ImageObject","inLanguage":"de","@id":"https:\/\/marktxxl.de\/markt\/produkt\/boltze-regal-kamin-feuer-holz-aufbewahrung-staender-herz-design-rost-innen-aussen-deko-h-75-cm-3456500\/#primaryimage","url":"https:\/\/m.media-amazon.com\/images\/I\/51fl3DNjdFL._SL500_.jpg","contentUrl":"https:\/\/m.media-amazon.com\/images\/I\/51fl3DNjdFL._SL500_.jpg","width":500,"height":500},{"@type":"BreadcrumbList","@id":"https:\/\/marktxxl.de\/markt\/produkt\/boltze-regal-kamin-feuer-holz-aufbewahrung-staender-herz-design-rost-innen-aussen-deko-h-75-cm-3456500\/#breadcrumb","itemListElement":[{"@type":"ListItem","position":1,"name":"Startseite","item":"https:\/\/marktxxl.de\/markt\/"},{"@type":"ListItem","position":2,"name":"Markt","item":"https:\/\/marktxxl.de\/markt\/"},{"@type":"ListItem","position":3,"name":"Boltze Regal Kamin Feuer Holz Aufbewahrung St\u00e4nder Herz Design Rost Innen Au\u00dfen Deko H 75 cm 3456500"}]},{"@type":"WebSite","@id":"https:\/\/marktxxl.de\/markt\/#website","url":"https:\/\/marktxxl.de\/markt\/","name":"Markt-XXL","description":"Ihr Markt Online","publisher":{"@id":"https:\/\/marktxxl.de\/markt\/#organization"},"potentialAction":[{"@type":"SearchAction","target":{"@type":"EntryPoint","urlTemplate":"https:\/\/marktxxl.de\/markt\/?s={search_term_string}"},"query-input":{"@type":"PropertyValueSpecification","valueRequired":true,"valueName":"search_term_string"}}],"inLanguage":"de"},{"@type":"Organization","@id":"https:\/\/marktxxl.de\/markt\/#organization","name":"Markt-XXL","url":"https:\/\/marktxxl.de\/markt\/","logo":{"@type":"ImageObject","inLanguage":"de","@id":"https:\/\/marktxxl.de\/markt\/#\/schema\/logo\/image\/","url":"https:\/\/marktxxl.de\/markt\/wp-content\/uploads\/sites\/3\/2020\/12\/logo.png","contentUrl":"https:\/\/marktxxl.de\/markt\/wp-content\/uploads\/sites\/3\/2020\/12\/logo.png","width":200,"height":70,"caption":"Markt-XXL"},"image":{"@id":"https:\/\/marktxxl.de\/markt\/#\/schema\/logo\/image\/"}}]}},"_links":{"self":[{"href":"https:\/\/marktxxl.de\/markt\/wp-json\/wp\/v2\/product\/29184","targetHints":{"allow":["GET"]}}],"collection":[{"href":"https:\/\/marktxxl.de\/markt\/wp-json\/wp\/v2\/product"}],"about":[{"href":"https:\/\/marktxxl.de\/markt\/wp-json\/wp\/v2\/types\/product"}],"replies":[{"embeddable":true,"href":"https:\/\/marktxxl.de\/markt\/wp-json\/wp\/v2\/comments?post=29184"}],"wp:featuredmedia":[{"embeddable":true,"href":"https:\/\/marktxxl.de\/markt\/wp-json\/wp\/v2\/media\/29185"}],"wp:attachment":[{"href":"https:\/\/marktxxl.de\/markt\/wp-json\/wp\/v2\/media?parent=29184"}],"wp:term":[{"taxonomy":"product_brand","embeddable":true,"href":"https:\/\/marktxxl.de\/markt\/wp-json\/wp\/v2\/product_brand?post=29184"},{"taxonomy":"product_cat","embeddable":true,"href":"https:\/\/marktxxl.de\/markt\/wp-json\/wp\/v2\/product_cat?post=29184"},{"taxonomy":"product_tag","embeddable":true,"href":"https:\/\/marktxxl.de\/markt\/wp-json\/wp\/v2\/product_tag?post=29184"}],"curies":[{"name":"wp","href":"https:\/\/api.w.org\/{rel}","templated":true}]}}