{"id":29172,"date":"2021-09-12T22:11:32","date_gmt":"2021-09-12T20:11:32","guid":{"rendered":"https:\/\/marktxxl.de\/markt\/produkt\/steinsgate-playstation-vita\/"},"modified":"2023-04-10T01:24:16","modified_gmt":"2023-04-09T23:24:16","slug":"steinsgate-playstation-vita","status":"publish","type":"product","link":"https:\/\/marktxxl.de\/markt\/produkt\/steinsgate-playstation-vita\/","title":{"rendered":"Steins;Gate PlayStation Vita"},"content":{"rendered":"<p>? [Gro\u00dfe Kapazit\u00e4t]: Aktualisierte Holztr\u00e4gergr\u00f6\u00dfe ist 107 cm lang x 53,5 cm breit (ohne Griffe}. Griff ist f\u00fcr 30,1 cm lang. 19 % gr\u00f6\u00dfer als normale Kaminholztr\u00e4ger aus Segeltuch, kann einfacher das Kaminholz einlegen.<br \/>\nHochwertiges Material: Der gro\u00dfe Kaminholztr\u00e4ger ist aus strapazierf\u00e4higem, gewachstem Segeltuch, das wasserdicht ist und vor N\u00e4sse sch\u00fctzt, wenn Sie ihn im Schnee platzieren. Die khakifarbene Feuerholztasche ist leicht zu reinigen und kann viele Jahre verwendet werden, ohne zu rei\u00dfen, auch im k\u00e4ltesten und h\u00e4rtesten Winter, starke Verschlei\u00dffestigkeit.<br \/>\nEinzigartiges Design: Ein langlebiger und stabiler Gurt erm\u00f6glicht es Ihnen, die Holzscheite w\u00e4hrend der Fahrt festzuziehen. Die R\u00fcckseite der Kaminholztasche mit einem perforierten Canvas-G\u00fcrtel kann Ihre Axt platzieren. Und ein kleiner Taschenlampen-Gurt auf der R\u00fcckseite erm\u00f6glicht es Ihnen, Brennholz\/Holzscheite in einem dunklen Raum oder in der Nacht zu finden.<br \/>\nMultifunktional: Die Leinwand ist einfach zu montieren. Nicht nur ein Kaminholztr\u00e4ger, f\u00fcr Feuerstelle, Grillen und so ziemlich alles im Freien, sondern auch als Strandtasche oder zum Sammeln von Holz beim Camping. Stapeln Sie Werkzeuge, Kinderspielzeug, Lebensmittel und Outdoor-Sportausr\u00fcstung. Kann auch als Geschenk f\u00fcr Ihre Freunde und Familie verwendet werden.<br \/>\n? [Zufriedenstellendes Geschenk] Geeignet f\u00fcr M\u00e4nner jeden Alters, ob formell oder l\u00e4ssig. Es ist das perfekte Geschenk f\u00fcr Hochzeit, Abschluss, Weihnachten, Geburtstag, Jahrestag und Vatertag.<br \/>\n<div class=\"main-cross-sell\" data-asin=\"B07XYZP13F\">\n\n\t<div class=\"WooZone-cross-sell-loader\">\n\t\t<div>\n\t\t\t<div id=\"floatingBarsG\">\n\t\t\t\t<div class=\"blockG\" id=\"rotateG_01\"><\/div>\n\t\t\t\t<div class=\"blockG\" id=\"rotateG_02\"><\/div>\n\t\t\t\t<div class=\"blockG\" id=\"rotateG_03\"><\/div>\n\t\t\t\t<div class=\"blockG\" id=\"rotateG_04\"><\/div>\n\t\t\t\t<div class=\"blockG\" id=\"rotateG_05\"><\/div>\n\t\t\t\t<div class=\"blockG\" id=\"rotateG_06\"><\/div>\n\t\t\t\t<div class=\"blockG\" id=\"rotateG_07\"><\/div>\n\t\t\t\t<div class=\"blockG\" id=\"rotateG_08\"><\/div>\n\t\t\t<\/div>\n\t\t\t<div class=\"WooZone-cross-sell-loader-text\"><\/div>\n\t\t<\/div>\n\t<\/div>\n\n\t\t\n<\/div>\n<div style=\"clear:both;\"><\/div><\/p>\n","protected":false},"excerpt":{"rendered":"<p>? [Gro\u00dfe Kapazit\u00e4t]: Aktualisierte Holztr\u00e4gergr\u00f6\u00dfe ist 107 cm lang x 53,5 cm breit (ohne Griffe}. Griff ist f\u00fcr 30,1 cm lang. 19 % gr\u00f6\u00dfer als normale Kaminholztr\u00e4ger aus Segeltuch, kann einfacher das Kaminholz einlegen.<br \/>\nHochwertiges Material: Der gro\u00dfe Kaminholztr\u00e4ger ist aus strapazierf\u00e4higem, gewachstem Segeltuch, das wasserdicht ist und vor N\u00e4sse sch\u00fctzt, wenn Sie ihn im Schnee platzieren. Die khakifarbene Feuerholztasche ist leicht zu reinigen und kann viele Jahre verwendet werden, ohne zu rei\u00dfen, auch im k\u00e4ltesten und h\u00e4rtesten Winter, starke Verschlei\u00dffestigkeit.<br \/>\nEinzigartiges Design: Ein langlebiger und stabiler Gurt erm\u00f6glicht es Ihnen, die Holzscheite w\u00e4hrend der Fahrt festzuziehen. Die R\u00fcckseite der Kaminholztasche mit einem perforierten Canvas-G\u00fcrtel kann Ihre Axt platzieren. Und ein kleiner Taschenlampen-Gurt auf der R\u00fcckseite erm\u00f6glicht es Ihnen, Brennholz\/Holzscheite in einem dunklen Raum oder in der Nacht zu finden.<\/p>\n","protected":false},"featured_media":29173,"comment_status":"open","ping_status":"closed","template":"","meta":[],"product_brand":[],"product_cat":[1983,11036],"product_tag":[],"class_list":{"0":"post-29172","1":"product","2":"type-product","3":"status-publish","4":"has-post-thumbnail","6":"product_cat-baumarkt","7":"product_cat-kamine","8":"pa_binding-haushaltswaren","9":"pa_brand-pqubem","10":"pa_color-xx3","11":"pa_height-0-2-zoll","12":"pa_length-42-12-zoll","13":"pa_manufacturer-pqube","14":"pa_size-xx3","15":"pa_weight-1-32-pfund","16":"pa_width-21-06-zoll","18":"first","19":"instock","20":"shipping-taxable","21":"purchasable","22":"product-type-simple","23":"customify-col","24":"product-has-gallery"},"yoast_head":"<!-- This site is optimized with the Yoast SEO plugin v27.3 - https:\/\/yoast.com\/product\/yoast-seo-wordpress\/ -->\n<title>Steins;Gate PlayStation Vita - Markt-XXL<\/title>\n<meta name=\"description\" content=\"Markt-XXL Steins;Gate PlayStation Vita\" \/>\n<meta name=\"robots\" content=\"index, follow, max-snippet:-1, max-image-preview:large, max-video-preview:-1\" \/>\n<link rel=\"canonical\" href=\"https:\/\/marktxxl.de\/markt\/produkt\/steinsgate-playstation-vita\/\" \/>\n<meta property=\"og:locale\" content=\"de_DE\" \/>\n<meta property=\"og:type\" content=\"article\" \/>\n<meta property=\"og:title\" content=\"Steins;Gate PlayStation Vita - Markt-XXL\" \/>\n<meta property=\"og:description\" content=\"Markt-XXL Steins;Gate PlayStation Vita\" \/>\n<meta property=\"og:url\" content=\"https:\/\/marktxxl.de\/markt\/produkt\/steinsgate-playstation-vita\/\" \/>\n<meta property=\"og:site_name\" content=\"Markt-XXL\" \/>\n<meta property=\"article:modified_time\" content=\"2023-04-09T23:24:16+00:00\" \/>\n<meta property=\"og:image\" content=\"https:\/\/m.media-amazon.com\/images\/I\/51e+ZPl+dOL._SL500_.jpg\" \/>\n\t<meta property=\"og:image:width\" content=\"500\" \/>\n\t<meta property=\"og:image:height\" content=\"500\" \/>\n\t<meta property=\"og:image:type\" content=\"image\/jpeg\" \/>\n<meta name=\"twitter:card\" content=\"summary_large_image\" \/>\n<meta name=\"twitter:label1\" content=\"Gesch\u00e4tzte Lesezeit\" \/>\n\t<meta name=\"twitter:data1\" content=\"1\u00a0Minute\" \/>\n<script type=\"application\/ld+json\" class=\"yoast-schema-graph\">{\"@context\":\"https:\\\/\\\/schema.org\",\"@graph\":[{\"@type\":\"WebPage\",\"@id\":\"https:\\\/\\\/marktxxl.de\\\/markt\\\/produkt\\\/steinsgate-playstation-vita\\\/\",\"url\":\"https:\\\/\\\/marktxxl.de\\\/markt\\\/produkt\\\/steinsgate-playstation-vita\\\/\",\"name\":\"Steins;Gate PlayStation Vita - Markt-XXL\",\"isPartOf\":{\"@id\":\"https:\\\/\\\/marktxxl.de\\\/markt\\\/#website\"},\"primaryImageOfPage\":{\"@id\":\"https:\\\/\\\/marktxxl.de\\\/markt\\\/produkt\\\/steinsgate-playstation-vita\\\/#primaryimage\"},\"image\":{\"@id\":\"https:\\\/\\\/marktxxl.de\\\/markt\\\/produkt\\\/steinsgate-playstation-vita\\\/#primaryimage\"},\"thumbnailUrl\":\"https:\\\/\\\/m.media-amazon.com\\\/images\\\/I\\\/51e+ZPl+dOL._SL500_.jpg\",\"datePublished\":\"2021-09-12T20:11:32+00:00\",\"dateModified\":\"2023-04-09T23:24:16+00:00\",\"description\":\"Markt-XXL Steins;Gate PlayStation Vita\",\"breadcrumb\":{\"@id\":\"https:\\\/\\\/marktxxl.de\\\/markt\\\/produkt\\\/steinsgate-playstation-vita\\\/#breadcrumb\"},\"inLanguage\":\"de\",\"potentialAction\":[{\"@type\":\"ReadAction\",\"target\":[\"https:\\\/\\\/marktxxl.de\\\/markt\\\/produkt\\\/steinsgate-playstation-vita\\\/\"]}]},{\"@type\":\"ImageObject\",\"inLanguage\":\"de\",\"@id\":\"https:\\\/\\\/marktxxl.de\\\/markt\\\/produkt\\\/steinsgate-playstation-vita\\\/#primaryimage\",\"url\":\"https:\\\/\\\/m.media-amazon.com\\\/images\\\/I\\\/51e+ZPl+dOL._SL500_.jpg\",\"contentUrl\":\"https:\\\/\\\/m.media-amazon.com\\\/images\\\/I\\\/51e+ZPl+dOL._SL500_.jpg\",\"width\":500,\"height\":500},{\"@type\":\"BreadcrumbList\",\"@id\":\"https:\\\/\\\/marktxxl.de\\\/markt\\\/produkt\\\/steinsgate-playstation-vita\\\/#breadcrumb\",\"itemListElement\":[{\"@type\":\"ListItem\",\"position\":1,\"name\":\"Startseite\",\"item\":\"https:\\\/\\\/marktxxl.de\\\/markt\\\/\"},{\"@type\":\"ListItem\",\"position\":2,\"name\":\"Markt\",\"item\":\"https:\\\/\\\/marktxxl.de\\\/markt\\\/\"},{\"@type\":\"ListItem\",\"position\":3,\"name\":\"Steins;Gate PlayStation Vita\"}]},{\"@type\":\"WebSite\",\"@id\":\"https:\\\/\\\/marktxxl.de\\\/markt\\\/#website\",\"url\":\"https:\\\/\\\/marktxxl.de\\\/markt\\\/\",\"name\":\"Markt-XXL\",\"description\":\"Ihr Markt Online\",\"publisher\":{\"@id\":\"https:\\\/\\\/marktxxl.de\\\/markt\\\/#organization\"},\"potentialAction\":[{\"@type\":\"SearchAction\",\"target\":{\"@type\":\"EntryPoint\",\"urlTemplate\":\"https:\\\/\\\/marktxxl.de\\\/markt\\\/?s={search_term_string}\"},\"query-input\":{\"@type\":\"PropertyValueSpecification\",\"valueRequired\":true,\"valueName\":\"search_term_string\"}}],\"inLanguage\":\"de\"},{\"@type\":\"Organization\",\"@id\":\"https:\\\/\\\/marktxxl.de\\\/markt\\\/#organization\",\"name\":\"Markt-XXL\",\"url\":\"https:\\\/\\\/marktxxl.de\\\/markt\\\/\",\"logo\":{\"@type\":\"ImageObject\",\"inLanguage\":\"de\",\"@id\":\"https:\\\/\\\/marktxxl.de\\\/markt\\\/#\\\/schema\\\/logo\\\/image\\\/\",\"url\":\"https:\\\/\\\/marktxxl.de\\\/markt\\\/wp-content\\\/uploads\\\/sites\\\/3\\\/2020\\\/12\\\/logo.png\",\"contentUrl\":\"https:\\\/\\\/marktxxl.de\\\/markt\\\/wp-content\\\/uploads\\\/sites\\\/3\\\/2020\\\/12\\\/logo.png\",\"width\":200,\"height\":70,\"caption\":\"Markt-XXL\"},\"image\":{\"@id\":\"https:\\\/\\\/marktxxl.de\\\/markt\\\/#\\\/schema\\\/logo\\\/image\\\/\"}}]}<\/script>\n<!-- \/ Yoast SEO plugin. -->","yoast_head_json":{"title":"Steins;Gate PlayStation Vita - Markt-XXL","description":"Markt-XXL Steins;Gate PlayStation Vita","robots":{"index":"index","follow":"follow","max-snippet":"max-snippet:-1","max-image-preview":"max-image-preview:large","max-video-preview":"max-video-preview:-1"},"canonical":"https:\/\/marktxxl.de\/markt\/produkt\/steinsgate-playstation-vita\/","og_locale":"de_DE","og_type":"article","og_title":"Steins;Gate PlayStation Vita - Markt-XXL","og_description":"Markt-XXL Steins;Gate PlayStation Vita","og_url":"https:\/\/marktxxl.de\/markt\/produkt\/steinsgate-playstation-vita\/","og_site_name":"Markt-XXL","article_modified_time":"2023-04-09T23:24:16+00:00","og_image":[{"width":500,"height":500,"url":"https:\/\/m.media-amazon.com\/images\/I\/51e+ZPl+dOL._SL500_.jpg","type":"image\/jpeg"}],"twitter_card":"summary_large_image","twitter_misc":{"Gesch\u00e4tzte Lesezeit":"1\u00a0Minute"},"schema":{"@context":"https:\/\/schema.org","@graph":[{"@type":"WebPage","@id":"https:\/\/marktxxl.de\/markt\/produkt\/steinsgate-playstation-vita\/","url":"https:\/\/marktxxl.de\/markt\/produkt\/steinsgate-playstation-vita\/","name":"Steins;Gate PlayStation Vita - Markt-XXL","isPartOf":{"@id":"https:\/\/marktxxl.de\/markt\/#website"},"primaryImageOfPage":{"@id":"https:\/\/marktxxl.de\/markt\/produkt\/steinsgate-playstation-vita\/#primaryimage"},"image":{"@id":"https:\/\/marktxxl.de\/markt\/produkt\/steinsgate-playstation-vita\/#primaryimage"},"thumbnailUrl":"https:\/\/m.media-amazon.com\/images\/I\/51e+ZPl+dOL._SL500_.jpg","datePublished":"2021-09-12T20:11:32+00:00","dateModified":"2023-04-09T23:24:16+00:00","description":"Markt-XXL Steins;Gate PlayStation Vita","breadcrumb":{"@id":"https:\/\/marktxxl.de\/markt\/produkt\/steinsgate-playstation-vita\/#breadcrumb"},"inLanguage":"de","potentialAction":[{"@type":"ReadAction","target":["https:\/\/marktxxl.de\/markt\/produkt\/steinsgate-playstation-vita\/"]}]},{"@type":"ImageObject","inLanguage":"de","@id":"https:\/\/marktxxl.de\/markt\/produkt\/steinsgate-playstation-vita\/#primaryimage","url":"https:\/\/m.media-amazon.com\/images\/I\/51e+ZPl+dOL._SL500_.jpg","contentUrl":"https:\/\/m.media-amazon.com\/images\/I\/51e+ZPl+dOL._SL500_.jpg","width":500,"height":500},{"@type":"BreadcrumbList","@id":"https:\/\/marktxxl.de\/markt\/produkt\/steinsgate-playstation-vita\/#breadcrumb","itemListElement":[{"@type":"ListItem","position":1,"name":"Startseite","item":"https:\/\/marktxxl.de\/markt\/"},{"@type":"ListItem","position":2,"name":"Markt","item":"https:\/\/marktxxl.de\/markt\/"},{"@type":"ListItem","position":3,"name":"Steins;Gate PlayStation Vita"}]},{"@type":"WebSite","@id":"https:\/\/marktxxl.de\/markt\/#website","url":"https:\/\/marktxxl.de\/markt\/","name":"Markt-XXL","description":"Ihr Markt Online","publisher":{"@id":"https:\/\/marktxxl.de\/markt\/#organization"},"potentialAction":[{"@type":"SearchAction","target":{"@type":"EntryPoint","urlTemplate":"https:\/\/marktxxl.de\/markt\/?s={search_term_string}"},"query-input":{"@type":"PropertyValueSpecification","valueRequired":true,"valueName":"search_term_string"}}],"inLanguage":"de"},{"@type":"Organization","@id":"https:\/\/marktxxl.de\/markt\/#organization","name":"Markt-XXL","url":"https:\/\/marktxxl.de\/markt\/","logo":{"@type":"ImageObject","inLanguage":"de","@id":"https:\/\/marktxxl.de\/markt\/#\/schema\/logo\/image\/","url":"https:\/\/marktxxl.de\/markt\/wp-content\/uploads\/sites\/3\/2020\/12\/logo.png","contentUrl":"https:\/\/marktxxl.de\/markt\/wp-content\/uploads\/sites\/3\/2020\/12\/logo.png","width":200,"height":70,"caption":"Markt-XXL"},"image":{"@id":"https:\/\/marktxxl.de\/markt\/#\/schema\/logo\/image\/"}}]}},"_links":{"self":[{"href":"https:\/\/marktxxl.de\/markt\/wp-json\/wp\/v2\/product\/29172","targetHints":{"allow":["GET"]}}],"collection":[{"href":"https:\/\/marktxxl.de\/markt\/wp-json\/wp\/v2\/product"}],"about":[{"href":"https:\/\/marktxxl.de\/markt\/wp-json\/wp\/v2\/types\/product"}],"replies":[{"embeddable":true,"href":"https:\/\/marktxxl.de\/markt\/wp-json\/wp\/v2\/comments?post=29172"}],"wp:featuredmedia":[{"embeddable":true,"href":"https:\/\/marktxxl.de\/markt\/wp-json\/wp\/v2\/media\/29173"}],"wp:attachment":[{"href":"https:\/\/marktxxl.de\/markt\/wp-json\/wp\/v2\/media?parent=29172"}],"wp:term":[{"taxonomy":"product_brand","embeddable":true,"href":"https:\/\/marktxxl.de\/markt\/wp-json\/wp\/v2\/product_brand?post=29172"},{"taxonomy":"product_cat","embeddable":true,"href":"https:\/\/marktxxl.de\/markt\/wp-json\/wp\/v2\/product_cat?post=29172"},{"taxonomy":"product_tag","embeddable":true,"href":"https:\/\/marktxxl.de\/markt\/wp-json\/wp\/v2\/product_tag?post=29172"}],"curies":[{"name":"wp","href":"https:\/\/api.w.org\/{rel}","templated":true}]}}