{"id":29155,"date":"2021-09-12T22:11:24","date_gmt":"2021-09-12T20:11:24","guid":{"rendered":"https:\/\/marktxxl.de\/markt\/produkt\/amagabeli-762-cm-kaminwerkzeuge-set-messinggriff-5-stueck-schmiedeeisen-indoor-kaminstaender-holzscheithalter-outdoor-kaminofen-zubehoer-kit-zange-schaufelbuerste-schornstein-poker-werkzeugset\/"},"modified":"2023-04-10T01:24:16","modified_gmt":"2023-04-09T23:24:16","slug":"amagabeli-762-cm-kaminwerkzeuge-set-messinggriff-5-stueck-schmiedeeisen-indoor-kaminstaender-holzscheithalter-outdoor-kaminofen-zubehoer-kit-zange-schaufelbuerste-schornstein-poker-werkzeugset","status":"publish","type":"product","link":"https:\/\/marktxxl.de\/markt\/produkt\/amagabeli-762-cm-kaminwerkzeuge-set-messinggriff-5-stueck-schmiedeeisen-indoor-kaminstaender-holzscheithalter-outdoor-kaminofen-zubehoer-kit-zange-schaufelbuerste-schornstein-poker-werkzeugset\/","title":{"rendered":"Amagabeli 76,2 cm Kaminwerkzeuge Set Messinggriff 5 St\u00fcck Schmiedeeisen Indoor Kaminst\u00e4nder Holzscheithalter Outdoor\u2026"},"content":{"rendered":"<p>Umfangreiche Praktikabilit\u00e4t: Schmiedeeisen-Bronze-Kaminwerkzeugset enth\u00e4lt einen stabilen St\u00e4nder mit Schwerkraftbasis, B\u00fcrste, Schaufel, Zange und Kaminsch\u00fcrstange, jeweils einen. Kaminwerkzeuge mit einer H\u00f6he von 76cm eignen sich hervorragend f\u00fcr die meisten schwarzen Kamin- und Kaminholzregale, Kaminascheeimer, Kaminb\u00e4lge, Kaminroste oder Feuerstellenwerkzeuge im Freien. Das Werkzeugset ist sowohl f\u00fcr antike Heimdekoration als auch f\u00fcr rustikale Kamine stilvoll<br \/>\nErgonomisches Design: 5-teiliges Kaminwerkzeug-Set mit geklebtem Messinggriff, um ein Herunterfallen w\u00e4hrend des Gebrauchs zu vermeiden. Ergonomische S\u00e4ulengriffe erleichtern das Aufnehmen. Stabiles Stativ-Design mit massiver Eisenbasis macht es am stabilsten zum Halten der Werkzeuge. Das schwarze Kaminzubeh\u00f6r-Set, das Kamindekorationswerkzeug-Set enth\u00e4lt einen stabilen St\u00e4nder mit robuster Basis, einen B\u00fcrstenbesen, eine antike Schaufel, eine Zange, einen Feuerstellen-Poker und einen Greifer.<br \/>\nSchmiedeeisen-Kaminwerkzeug-Set: Schwarzes Eisen-Feuerset mit rustikalem schweren Messinggriff, moderne pulverbeschichtete Oberfl\u00e4che, schweres, gewichtiges, robustes Werkzeugset. Die Kaminzange hilft dabei, Anz\u00fcndholz sicher zu platzieren und Holzscheite neu zu positionieren, w\u00e4hrend die Kaminb\u00fcrste \u00fcber starke Borsten verf\u00fcgt, um Asche und Schmutz leicht zu fegen, ein gro\u00dfartiges Pizzawerkzeug f\u00fcr Holzfeuer!<br \/>\nEinfach zu montieren: Feuergruben-Set 5-teilig, einfach zu montieren, jedes Werkzeug hat einen festen Griff mit einer Oberseite, Sie m\u00fcssen nur den Messinggriff fest auf die Schwerkraftbasis schrauben. Das obere Werkzeugset h\u00e4lt Ihre Feuerstellenwerkzeuge ordentlich organisiert und passt zu allen Holz\u00f6fen und Gasheizungen f\u00fcr Ihren Kamin.<br \/>\nrh\u00f6htes Hakenende: Das erh\u00f6hte Hakenende h\u00e4lt die Werkzeuge auf dem Rackhalter, anstatt auseinander zu fallen. Wir sind bestrebt, Ihnen Premium-Produkte anzubieten und Ihnen eine tadellose Kundenbetreuung zu bieten. Warten Sie nicht l\u00e4nger und genie\u00dfen Sie noch heute Ihre idealen Produkte!<br \/>\n<div class=\"main-cross-sell\" data-asin=\"B0899WGV5N\">\n\n\t<div class=\"WooZone-cross-sell-loader\">\n\t\t<div>\n\t\t\t<div id=\"floatingBarsG\">\n\t\t\t\t<div class=\"blockG\" id=\"rotateG_01\"><\/div>\n\t\t\t\t<div class=\"blockG\" id=\"rotateG_02\"><\/div>\n\t\t\t\t<div class=\"blockG\" id=\"rotateG_03\"><\/div>\n\t\t\t\t<div class=\"blockG\" id=\"rotateG_04\"><\/div>\n\t\t\t\t<div class=\"blockG\" id=\"rotateG_05\"><\/div>\n\t\t\t\t<div class=\"blockG\" id=\"rotateG_06\"><\/div>\n\t\t\t\t<div class=\"blockG\" id=\"rotateG_07\"><\/div>\n\t\t\t\t<div class=\"blockG\" id=\"rotateG_08\"><\/div>\n\t\t\t<\/div>\n\t\t\t<div class=\"WooZone-cross-sell-loader-text\"><\/div>\n\t\t<\/div>\n\t<\/div>\n\n\t\t\n<\/div>\n<div style=\"clear:both;\"><\/div><\/p>\n","protected":false},"excerpt":{"rendered":"<p>Umfangreiche Praktikabilit\u00e4t: Schmiedeeisen-Bronze-Kaminwerkzeugset enth\u00e4lt einen stabilen St\u00e4nder mit Schwerkraftbasis, B\u00fcrste, Schaufel, Zange und Kaminsch\u00fcrstange, jeweils einen. Kaminwerkzeuge mit einer H\u00f6he von 76cm eignen sich hervorragend f\u00fcr die meisten schwarzen Kamin- und Kaminholzregale, Kaminascheeimer, Kaminb\u00e4lge, Kaminroste oder Feuerstellenwerkzeuge im Freien. Das Werkzeugset ist sowohl f\u00fcr antike Heimdekoration als auch f\u00fcr rustikale Kamine stilvoll<br \/>\nErgonomisches Design: 5-teiliges Kaminwerkzeug-Set mit geklebtem Messinggriff, um ein Herunterfallen w\u00e4hrend des Gebrauchs zu vermeiden. Ergonomische S\u00e4ulengriffe erleichtern das Aufnehmen. Stabiles Stativ-Design mit massiver Eisenbasis macht es am stabilsten zum Halten der Werkzeuge. Das schwarze Kaminzubeh\u00f6r-Set, das Kamindekorationswerkzeug-Set enth\u00e4lt einen stabilen St\u00e4nder mit robuster Basis, einen B\u00fcrstenbesen, eine antike Schaufel, eine Zange, einen Feuerstellen-Poker und einen Greifer.<br \/>\nSchmiedeeisen-Kaminwerkzeug-Set: Schwarzes Eisen-Feuerset mit rustikalem schweren Messinggriff, moderne pulverbeschichtete Oberfl\u00e4che, schweres, gewichtiges, robustes Werkzeugset. Die Kaminzange hilft dabei, Anz\u00fcndholz sicher zu platzieren und Holzscheite neu zu positionieren, w\u00e4hrend die Kaminb\u00fcrste \u00fcber starke Borsten verf\u00fcgt, um Asche und Schmutz leicht zu fegen, ein gro\u00dfartiges Pizzawerkzeug f\u00fcr Holzfeuer!<\/p>\n","protected":false},"featured_media":29156,"comment_status":"open","ping_status":"closed","template":"","meta":[],"product_brand":[],"product_cat":[1983,11036],"product_tag":[],"class_list":{"0":"post-29155","1":"product","2":"type-product","3":"status-publish","4":"has-post-thumbnail","6":"product_cat-baumarkt","7":"product_cat-kamine","8":"pa_binding-gartenartikel","9":"pa_brand-amagabeli-garden-home","10":"pa_color-schwarz","11":"pa_height-10-zoll","12":"pa_length-36-zoll","13":"pa_manufacturer-amagabeli-garden-home","14":"pa_model-fireplace211","15":"pa_width-10-zoll","17":"first","18":"instock","19":"shipping-taxable","20":"purchasable","21":"product-type-simple","22":"customify-col","23":"product-has-gallery"},"yoast_head":"<!-- This site is optimized with the Yoast SEO plugin v27.4 - https:\/\/yoast.com\/product\/yoast-seo-wordpress\/ -->\n<title>Amagabeli 76,2 cm Kaminwerkzeuge Set Messinggriff 5 St\u00fcck Schmiedeeisen Indoor Kaminst\u00e4nder Holzscheithalter Outdoor\u2026 - Markt-XXL<\/title>\n<meta name=\"description\" content=\"Markt-XXL Amagabeli 76,2 cm Kaminwerkzeuge Set Messinggriff 5 St\u00fcck Schmiedeeisen Indoor Kaminst\u00e4nder Holzscheithalter Outdoor\u2026\" \/>\n<meta name=\"robots\" content=\"index, follow, max-snippet:-1, max-image-preview:large, max-video-preview:-1\" \/>\n<link rel=\"canonical\" href=\"https:\/\/marktxxl.de\/markt\/produkt\/amagabeli-762-cm-kaminwerkzeuge-set-messinggriff-5-stueck-schmiedeeisen-indoor-kaminstaender-holzscheithalter-outdoor-kaminofen-zubehoer-kit-zange-schaufelbuerste-schornstein-poker-werkzeugset\/\" \/>\n<meta property=\"og:locale\" content=\"de_DE\" \/>\n<meta property=\"og:type\" content=\"article\" \/>\n<meta property=\"og:title\" content=\"Amagabeli 76,2 cm Kaminwerkzeuge Set Messinggriff 5 St\u00fcck Schmiedeeisen Indoor Kaminst\u00e4nder Holzscheithalter Outdoor\u2026 - Markt-XXL\" \/>\n<meta property=\"og:description\" content=\"Markt-XXL Amagabeli 76,2 cm Kaminwerkzeuge Set Messinggriff 5 St\u00fcck Schmiedeeisen Indoor Kaminst\u00e4nder Holzscheithalter Outdoor\u2026\" \/>\n<meta property=\"og:url\" content=\"https:\/\/marktxxl.de\/markt\/produkt\/amagabeli-762-cm-kaminwerkzeuge-set-messinggriff-5-stueck-schmiedeeisen-indoor-kaminstaender-holzscheithalter-outdoor-kaminofen-zubehoer-kit-zange-schaufelbuerste-schornstein-poker-werkzeugset\/\" \/>\n<meta property=\"og:site_name\" content=\"Markt-XXL\" \/>\n<meta property=\"article:modified_time\" content=\"2023-04-09T23:24:16+00:00\" \/>\n<meta property=\"og:image\" content=\"https:\/\/m.media-amazon.com\/images\/I\/41sJysfYoAL._SL500_.jpg\" \/>\n\t<meta property=\"og:image:width\" content=\"500\" \/>\n\t<meta property=\"og:image:height\" content=\"500\" \/>\n\t<meta property=\"og:image:type\" content=\"image\/jpeg\" \/>\n<meta name=\"twitter:card\" content=\"summary_large_image\" \/>\n<meta name=\"twitter:label1\" content=\"Gesch\u00e4tzte Lesezeit\" \/>\n\t<meta name=\"twitter:data1\" content=\"1\u00a0Minute\" \/>\n<script type=\"application\/ld+json\" class=\"yoast-schema-graph\">{\"@context\":\"https:\\\/\\\/schema.org\",\"@graph\":[{\"@type\":\"WebPage\",\"@id\":\"https:\\\/\\\/marktxxl.de\\\/markt\\\/produkt\\\/amagabeli-762-cm-kaminwerkzeuge-set-messinggriff-5-stueck-schmiedeeisen-indoor-kaminstaender-holzscheithalter-outdoor-kaminofen-zubehoer-kit-zange-schaufelbuerste-schornstein-poker-werkzeugset\\\/\",\"url\":\"https:\\\/\\\/marktxxl.de\\\/markt\\\/produkt\\\/amagabeli-762-cm-kaminwerkzeuge-set-messinggriff-5-stueck-schmiedeeisen-indoor-kaminstaender-holzscheithalter-outdoor-kaminofen-zubehoer-kit-zange-schaufelbuerste-schornstein-poker-werkzeugset\\\/\",\"name\":\"Amagabeli 76,2 cm Kaminwerkzeuge Set Messinggriff 5 St\u00fcck Schmiedeeisen Indoor Kaminst\u00e4nder Holzscheithalter Outdoor\u2026 - Markt-XXL\",\"isPartOf\":{\"@id\":\"https:\\\/\\\/marktxxl.de\\\/markt\\\/#website\"},\"primaryImageOfPage\":{\"@id\":\"https:\\\/\\\/marktxxl.de\\\/markt\\\/produkt\\\/amagabeli-762-cm-kaminwerkzeuge-set-messinggriff-5-stueck-schmiedeeisen-indoor-kaminstaender-holzscheithalter-outdoor-kaminofen-zubehoer-kit-zange-schaufelbuerste-schornstein-poker-werkzeugset\\\/#primaryimage\"},\"image\":{\"@id\":\"https:\\\/\\\/marktxxl.de\\\/markt\\\/produkt\\\/amagabeli-762-cm-kaminwerkzeuge-set-messinggriff-5-stueck-schmiedeeisen-indoor-kaminstaender-holzscheithalter-outdoor-kaminofen-zubehoer-kit-zange-schaufelbuerste-schornstein-poker-werkzeugset\\\/#primaryimage\"},\"thumbnailUrl\":\"https:\\\/\\\/m.media-amazon.com\\\/images\\\/I\\\/41sJysfYoAL._SL500_.jpg\",\"datePublished\":\"2021-09-12T20:11:24+00:00\",\"dateModified\":\"2023-04-09T23:24:16+00:00\",\"description\":\"Markt-XXL Amagabeli 76,2 cm Kaminwerkzeuge Set Messinggriff 5 St\u00fcck Schmiedeeisen Indoor Kaminst\u00e4nder Holzscheithalter Outdoor\u2026\",\"breadcrumb\":{\"@id\":\"https:\\\/\\\/marktxxl.de\\\/markt\\\/produkt\\\/amagabeli-762-cm-kaminwerkzeuge-set-messinggriff-5-stueck-schmiedeeisen-indoor-kaminstaender-holzscheithalter-outdoor-kaminofen-zubehoer-kit-zange-schaufelbuerste-schornstein-poker-werkzeugset\\\/#breadcrumb\"},\"inLanguage\":\"de\",\"potentialAction\":[{\"@type\":\"ReadAction\",\"target\":[\"https:\\\/\\\/marktxxl.de\\\/markt\\\/produkt\\\/amagabeli-762-cm-kaminwerkzeuge-set-messinggriff-5-stueck-schmiedeeisen-indoor-kaminstaender-holzscheithalter-outdoor-kaminofen-zubehoer-kit-zange-schaufelbuerste-schornstein-poker-werkzeugset\\\/\"]}]},{\"@type\":\"ImageObject\",\"inLanguage\":\"de\",\"@id\":\"https:\\\/\\\/marktxxl.de\\\/markt\\\/produkt\\\/amagabeli-762-cm-kaminwerkzeuge-set-messinggriff-5-stueck-schmiedeeisen-indoor-kaminstaender-holzscheithalter-outdoor-kaminofen-zubehoer-kit-zange-schaufelbuerste-schornstein-poker-werkzeugset\\\/#primaryimage\",\"url\":\"https:\\\/\\\/m.media-amazon.com\\\/images\\\/I\\\/41sJysfYoAL._SL500_.jpg\",\"contentUrl\":\"https:\\\/\\\/m.media-amazon.com\\\/images\\\/I\\\/41sJysfYoAL._SL500_.jpg\",\"width\":500,\"height\":500},{\"@type\":\"BreadcrumbList\",\"@id\":\"https:\\\/\\\/marktxxl.de\\\/markt\\\/produkt\\\/amagabeli-762-cm-kaminwerkzeuge-set-messinggriff-5-stueck-schmiedeeisen-indoor-kaminstaender-holzscheithalter-outdoor-kaminofen-zubehoer-kit-zange-schaufelbuerste-schornstein-poker-werkzeugset\\\/#breadcrumb\",\"itemListElement\":[{\"@type\":\"ListItem\",\"position\":1,\"name\":\"Startseite\",\"item\":\"https:\\\/\\\/marktxxl.de\\\/markt\\\/\"},{\"@type\":\"ListItem\",\"position\":2,\"name\":\"Markt\",\"item\":\"https:\\\/\\\/marktxxl.de\\\/markt\\\/\"},{\"@type\":\"ListItem\",\"position\":3,\"name\":\"Amagabeli 76,2 cm Kaminwerkzeuge Set Messinggriff 5 St\u00fcck Schmiedeeisen Indoor Kaminst\u00e4nder Holzscheithalter Outdoor\u2026\"}]},{\"@type\":\"WebSite\",\"@id\":\"https:\\\/\\\/marktxxl.de\\\/markt\\\/#website\",\"url\":\"https:\\\/\\\/marktxxl.de\\\/markt\\\/\",\"name\":\"Markt-XXL\",\"description\":\"Ihr Markt Online\",\"publisher\":{\"@id\":\"https:\\\/\\\/marktxxl.de\\\/markt\\\/#organization\"},\"potentialAction\":[{\"@type\":\"SearchAction\",\"target\":{\"@type\":\"EntryPoint\",\"urlTemplate\":\"https:\\\/\\\/marktxxl.de\\\/markt\\\/?s={search_term_string}\"},\"query-input\":{\"@type\":\"PropertyValueSpecification\",\"valueRequired\":true,\"valueName\":\"search_term_string\"}}],\"inLanguage\":\"de\"},{\"@type\":\"Organization\",\"@id\":\"https:\\\/\\\/marktxxl.de\\\/markt\\\/#organization\",\"name\":\"Markt-XXL\",\"url\":\"https:\\\/\\\/marktxxl.de\\\/markt\\\/\",\"logo\":{\"@type\":\"ImageObject\",\"inLanguage\":\"de\",\"@id\":\"https:\\\/\\\/marktxxl.de\\\/markt\\\/#\\\/schema\\\/logo\\\/image\\\/\",\"url\":\"https:\\\/\\\/marktxxl.de\\\/markt\\\/wp-content\\\/uploads\\\/sites\\\/3\\\/2020\\\/12\\\/logo.png\",\"contentUrl\":\"https:\\\/\\\/marktxxl.de\\\/markt\\\/wp-content\\\/uploads\\\/sites\\\/3\\\/2020\\\/12\\\/logo.png\",\"width\":200,\"height\":70,\"caption\":\"Markt-XXL\"},\"image\":{\"@id\":\"https:\\\/\\\/marktxxl.de\\\/markt\\\/#\\\/schema\\\/logo\\\/image\\\/\"}}]}<\/script>\n<!-- \/ Yoast SEO plugin. -->","yoast_head_json":{"title":"Amagabeli 76,2 cm Kaminwerkzeuge Set Messinggriff 5 St\u00fcck Schmiedeeisen Indoor Kaminst\u00e4nder Holzscheithalter Outdoor\u2026 - Markt-XXL","description":"Markt-XXL Amagabeli 76,2 cm Kaminwerkzeuge Set Messinggriff 5 St\u00fcck Schmiedeeisen Indoor Kaminst\u00e4nder Holzscheithalter Outdoor\u2026","robots":{"index":"index","follow":"follow","max-snippet":"max-snippet:-1","max-image-preview":"max-image-preview:large","max-video-preview":"max-video-preview:-1"},"canonical":"https:\/\/marktxxl.de\/markt\/produkt\/amagabeli-762-cm-kaminwerkzeuge-set-messinggriff-5-stueck-schmiedeeisen-indoor-kaminstaender-holzscheithalter-outdoor-kaminofen-zubehoer-kit-zange-schaufelbuerste-schornstein-poker-werkzeugset\/","og_locale":"de_DE","og_type":"article","og_title":"Amagabeli 76,2 cm Kaminwerkzeuge Set Messinggriff 5 St\u00fcck Schmiedeeisen Indoor Kaminst\u00e4nder Holzscheithalter Outdoor\u2026 - Markt-XXL","og_description":"Markt-XXL Amagabeli 76,2 cm Kaminwerkzeuge Set Messinggriff 5 St\u00fcck Schmiedeeisen Indoor Kaminst\u00e4nder Holzscheithalter Outdoor\u2026","og_url":"https:\/\/marktxxl.de\/markt\/produkt\/amagabeli-762-cm-kaminwerkzeuge-set-messinggriff-5-stueck-schmiedeeisen-indoor-kaminstaender-holzscheithalter-outdoor-kaminofen-zubehoer-kit-zange-schaufelbuerste-schornstein-poker-werkzeugset\/","og_site_name":"Markt-XXL","article_modified_time":"2023-04-09T23:24:16+00:00","og_image":[{"width":500,"height":500,"url":"https:\/\/m.media-amazon.com\/images\/I\/41sJysfYoAL._SL500_.jpg","type":"image\/jpeg"}],"twitter_card":"summary_large_image","twitter_misc":{"Gesch\u00e4tzte Lesezeit":"1\u00a0Minute"},"schema":{"@context":"https:\/\/schema.org","@graph":[{"@type":"WebPage","@id":"https:\/\/marktxxl.de\/markt\/produkt\/amagabeli-762-cm-kaminwerkzeuge-set-messinggriff-5-stueck-schmiedeeisen-indoor-kaminstaender-holzscheithalter-outdoor-kaminofen-zubehoer-kit-zange-schaufelbuerste-schornstein-poker-werkzeugset\/","url":"https:\/\/marktxxl.de\/markt\/produkt\/amagabeli-762-cm-kaminwerkzeuge-set-messinggriff-5-stueck-schmiedeeisen-indoor-kaminstaender-holzscheithalter-outdoor-kaminofen-zubehoer-kit-zange-schaufelbuerste-schornstein-poker-werkzeugset\/","name":"Amagabeli 76,2 cm Kaminwerkzeuge Set Messinggriff 5 St\u00fcck Schmiedeeisen Indoor Kaminst\u00e4nder Holzscheithalter Outdoor\u2026 - Markt-XXL","isPartOf":{"@id":"https:\/\/marktxxl.de\/markt\/#website"},"primaryImageOfPage":{"@id":"https:\/\/marktxxl.de\/markt\/produkt\/amagabeli-762-cm-kaminwerkzeuge-set-messinggriff-5-stueck-schmiedeeisen-indoor-kaminstaender-holzscheithalter-outdoor-kaminofen-zubehoer-kit-zange-schaufelbuerste-schornstein-poker-werkzeugset\/#primaryimage"},"image":{"@id":"https:\/\/marktxxl.de\/markt\/produkt\/amagabeli-762-cm-kaminwerkzeuge-set-messinggriff-5-stueck-schmiedeeisen-indoor-kaminstaender-holzscheithalter-outdoor-kaminofen-zubehoer-kit-zange-schaufelbuerste-schornstein-poker-werkzeugset\/#primaryimage"},"thumbnailUrl":"https:\/\/m.media-amazon.com\/images\/I\/41sJysfYoAL._SL500_.jpg","datePublished":"2021-09-12T20:11:24+00:00","dateModified":"2023-04-09T23:24:16+00:00","description":"Markt-XXL Amagabeli 76,2 cm Kaminwerkzeuge Set Messinggriff 5 St\u00fcck Schmiedeeisen Indoor Kaminst\u00e4nder Holzscheithalter Outdoor\u2026","breadcrumb":{"@id":"https:\/\/marktxxl.de\/markt\/produkt\/amagabeli-762-cm-kaminwerkzeuge-set-messinggriff-5-stueck-schmiedeeisen-indoor-kaminstaender-holzscheithalter-outdoor-kaminofen-zubehoer-kit-zange-schaufelbuerste-schornstein-poker-werkzeugset\/#breadcrumb"},"inLanguage":"de","potentialAction":[{"@type":"ReadAction","target":["https:\/\/marktxxl.de\/markt\/produkt\/amagabeli-762-cm-kaminwerkzeuge-set-messinggriff-5-stueck-schmiedeeisen-indoor-kaminstaender-holzscheithalter-outdoor-kaminofen-zubehoer-kit-zange-schaufelbuerste-schornstein-poker-werkzeugset\/"]}]},{"@type":"ImageObject","inLanguage":"de","@id":"https:\/\/marktxxl.de\/markt\/produkt\/amagabeli-762-cm-kaminwerkzeuge-set-messinggriff-5-stueck-schmiedeeisen-indoor-kaminstaender-holzscheithalter-outdoor-kaminofen-zubehoer-kit-zange-schaufelbuerste-schornstein-poker-werkzeugset\/#primaryimage","url":"https:\/\/m.media-amazon.com\/images\/I\/41sJysfYoAL._SL500_.jpg","contentUrl":"https:\/\/m.media-amazon.com\/images\/I\/41sJysfYoAL._SL500_.jpg","width":500,"height":500},{"@type":"BreadcrumbList","@id":"https:\/\/marktxxl.de\/markt\/produkt\/amagabeli-762-cm-kaminwerkzeuge-set-messinggriff-5-stueck-schmiedeeisen-indoor-kaminstaender-holzscheithalter-outdoor-kaminofen-zubehoer-kit-zange-schaufelbuerste-schornstein-poker-werkzeugset\/#breadcrumb","itemListElement":[{"@type":"ListItem","position":1,"name":"Startseite","item":"https:\/\/marktxxl.de\/markt\/"},{"@type":"ListItem","position":2,"name":"Markt","item":"https:\/\/marktxxl.de\/markt\/"},{"@type":"ListItem","position":3,"name":"Amagabeli 76,2 cm Kaminwerkzeuge Set Messinggriff 5 St\u00fcck Schmiedeeisen Indoor Kaminst\u00e4nder Holzscheithalter Outdoor\u2026"}]},{"@type":"WebSite","@id":"https:\/\/marktxxl.de\/markt\/#website","url":"https:\/\/marktxxl.de\/markt\/","name":"Markt-XXL","description":"Ihr Markt Online","publisher":{"@id":"https:\/\/marktxxl.de\/markt\/#organization"},"potentialAction":[{"@type":"SearchAction","target":{"@type":"EntryPoint","urlTemplate":"https:\/\/marktxxl.de\/markt\/?s={search_term_string}"},"query-input":{"@type":"PropertyValueSpecification","valueRequired":true,"valueName":"search_term_string"}}],"inLanguage":"de"},{"@type":"Organization","@id":"https:\/\/marktxxl.de\/markt\/#organization","name":"Markt-XXL","url":"https:\/\/marktxxl.de\/markt\/","logo":{"@type":"ImageObject","inLanguage":"de","@id":"https:\/\/marktxxl.de\/markt\/#\/schema\/logo\/image\/","url":"https:\/\/marktxxl.de\/markt\/wp-content\/uploads\/sites\/3\/2020\/12\/logo.png","contentUrl":"https:\/\/marktxxl.de\/markt\/wp-content\/uploads\/sites\/3\/2020\/12\/logo.png","width":200,"height":70,"caption":"Markt-XXL"},"image":{"@id":"https:\/\/marktxxl.de\/markt\/#\/schema\/logo\/image\/"}}]}},"_links":{"self":[{"href":"https:\/\/marktxxl.de\/markt\/wp-json\/wp\/v2\/product\/29155","targetHints":{"allow":["GET"]}}],"collection":[{"href":"https:\/\/marktxxl.de\/markt\/wp-json\/wp\/v2\/product"}],"about":[{"href":"https:\/\/marktxxl.de\/markt\/wp-json\/wp\/v2\/types\/product"}],"replies":[{"embeddable":true,"href":"https:\/\/marktxxl.de\/markt\/wp-json\/wp\/v2\/comments?post=29155"}],"wp:featuredmedia":[{"embeddable":true,"href":"https:\/\/marktxxl.de\/markt\/wp-json\/wp\/v2\/media\/29156"}],"wp:attachment":[{"href":"https:\/\/marktxxl.de\/markt\/wp-json\/wp\/v2\/media?parent=29155"}],"wp:term":[{"taxonomy":"product_brand","embeddable":true,"href":"https:\/\/marktxxl.de\/markt\/wp-json\/wp\/v2\/product_brand?post=29155"},{"taxonomy":"product_cat","embeddable":true,"href":"https:\/\/marktxxl.de\/markt\/wp-json\/wp\/v2\/product_cat?post=29155"},{"taxonomy":"product_tag","embeddable":true,"href":"https:\/\/marktxxl.de\/markt\/wp-json\/wp\/v2\/product_tag?post=29155"}],"curies":[{"name":"wp","href":"https:\/\/api.w.org\/{rel}","templated":true}]}}