{"id":29147,"date":"2021-09-12T22:11:21","date_gmt":"2021-09-12T20:11:21","guid":{"rendered":"https:\/\/marktxxl.de\/markt\/produkt\/amagabeli-brennholz-tragetasche-canvas-gewachste-grosse-brennholz-log-tasche-die-innentasche-traegt-brennholz-aufbewahrungs-tasche-kamin-log-halter-outdoor-heavy-duty-holz-dunkelbraun\/"},"modified":"2023-04-10T01:24:16","modified_gmt":"2023-04-09T23:24:16","slug":"amagabeli-brennholz-tragetasche-canvas-gewachste-grosse-brennholz-log-tasche-die-innentasche-traegt-brennholz-aufbewahrungs-tasche-kamin-log-halter-outdoor-heavy-duty-holz-dunkelbraun","status":"publish","type":"product","link":"https:\/\/marktxxl.de\/markt\/produkt\/amagabeli-brennholz-tragetasche-canvas-gewachste-grosse-brennholz-log-tasche-die-innentasche-traegt-brennholz-aufbewahrungs-tasche-kamin-log-halter-outdoor-heavy-duty-holz-dunkelbraun\/","title":{"rendered":"Amagabeli Brennholz-Tragetasche Canvas gewachste gro\u00dfe Brennholz-Log-Tasche, die Innentasche tr\u00e4gt Brennholz\u2026"},"content":{"rendered":"<p>Gro\u00dfraum-Holztr\u00e4ger: Gro\u00dfe Tragetasche mit extra gro\u00dfen Abmessungen von 99cm lang x 45.7cm breit, ausgezeichnete Gr\u00f6\u00dfe zum Transportieren von mehr Holzst\u00e4mmen, Brennholz, Anz\u00fcndholz, H\u00f6lzern und Zweigen. Perfekt zum Tragen und Transportieren von mehr Holzst\u00e4mmen von Ihrem Holzstapel zu Ihrem Kamin. Kein erh\u00f6htes Kantendesign eignet sich hervorragend zum Transportieren von mehr Brennholz in jeder Gr\u00f6\u00dfe, ohne die L\u00e4nge des Holzes zu begrenzen<br \/>\nLanglebig und wasserdicht: Die Brennholz-Tragetasche ist gut gebaut, leicht und handlich und sorgt f\u00fcr einen saubereren und ordentlicheren Prozess beim Transport von Brennholz in Ihr Haus. Wasserdichtes, kratzfestes kompaktes gewachstes Canvas-Material, haltbarer und belastbarer, leicht zu reinigen und langlebig.<br \/>\nBequem zu bedienen: Der rutschfeste Griff macht das Tragen von mehr Holzst\u00e4mmen einfach und bequem. Ausgestattet mit einem verstellbaren Mittelgurt zum Sichern und Festziehen der Holzst\u00e4mme beim Beladen. Es h\u00e4lt das B\u00fcndel sauber und fest im Canvas-Holztr\u00e4ger. Brennholz-Log-Tragetasche mit geringem Gewicht und kompaktem Design aus Canvas-Material, macht es praktisch, Holz einfach und bequem zu tragen.<br \/>\nMehrfachnutzung: Feuerholz-Tragetasche, die sich leicht zusammenfalten und verstauen l\u00e4sst, um ein Brennholzregal im Innenbereich zu verwenden. Als Brennholztr\u00e4ger, um Holzsp\u00e4ne drinnen zu halten und nicht auf dem Boden zu verstreuen, f\u00fcr Kamin, Grillen und so ziemlich alles rund um den Au\u00dfenbereich. Als normale Aufbewahrungstasche, Gartenwerkzeug, Picknick- oder Campingzubeh\u00f6r, zum Verpacken von Kinderspielzeug. Einfach zusammenzuklappen und platzsparend zu verstauen.<br \/>\nKundenbetreuung: Wir sind bestrebt, Ihnen Premiumprodukte anzubieten und Ihnen eine tadellose Kundenbetreuung zu bieten. Warten Sie nicht l\u00e4nger und genie\u00dfen Sie noch heute Ihre idealen Produkte!<br \/>\n<div class=\"main-cross-sell\" data-asin=\"B08B3V7Y6C\">\n\n\t<div class=\"WooZone-cross-sell-loader\">\n\t\t<div>\n\t\t\t<div id=\"floatingBarsG\">\n\t\t\t\t<div class=\"blockG\" id=\"rotateG_01\"><\/div>\n\t\t\t\t<div class=\"blockG\" id=\"rotateG_02\"><\/div>\n\t\t\t\t<div class=\"blockG\" id=\"rotateG_03\"><\/div>\n\t\t\t\t<div class=\"blockG\" id=\"rotateG_04\"><\/div>\n\t\t\t\t<div class=\"blockG\" id=\"rotateG_05\"><\/div>\n\t\t\t\t<div class=\"blockG\" id=\"rotateG_06\"><\/div>\n\t\t\t\t<div class=\"blockG\" id=\"rotateG_07\"><\/div>\n\t\t\t\t<div class=\"blockG\" id=\"rotateG_08\"><\/div>\n\t\t\t<\/div>\n\t\t\t<div class=\"WooZone-cross-sell-loader-text\"><\/div>\n\t\t<\/div>\n\t<\/div>\n\n\t\t\n<\/div>\n<div style=\"clear:both;\"><\/div><\/p>\n","protected":false},"excerpt":{"rendered":"<p>Gro\u00dfraum-Holztr\u00e4ger: Gro\u00dfe Tragetasche mit extra gro\u00dfen Abmessungen von 99cm lang x 45.7cm breit, ausgezeichnete Gr\u00f6\u00dfe zum Transportieren von mehr Holzst\u00e4mmen, Brennholz, Anz\u00fcndholz, H\u00f6lzern und Zweigen. Perfekt zum Tragen und Transportieren von mehr Holzst\u00e4mmen von Ihrem Holzstapel zu Ihrem Kamin. Kein erh\u00f6htes Kantendesign eignet sich hervorragend zum Transportieren von mehr Brennholz in jeder Gr\u00f6\u00dfe, ohne die L\u00e4nge des Holzes zu begrenzen<br \/>\nLanglebig und wasserdicht: Die Brennholz-Tragetasche ist gut gebaut, leicht und handlich und sorgt f\u00fcr einen saubereren und ordentlicheren Prozess beim Transport von Brennholz in Ihr Haus. Wasserdichtes, kratzfestes kompaktes gewachstes Canvas-Material, haltbarer und belastbarer, leicht zu reinigen und langlebig.<br \/>\nBequem zu bedienen: Der rutschfeste Griff macht das Tragen von mehr Holzst\u00e4mmen einfach und bequem. Ausgestattet mit einem verstellbaren Mittelgurt zum Sichern und Festziehen der Holzst\u00e4mme beim Beladen. Es h\u00e4lt das B\u00fcndel sauber und fest im Canvas-Holztr\u00e4ger. Brennholz-Log-Tragetasche mit geringem Gewicht und kompaktem Design aus Canvas-Material, macht es praktisch, Holz einfach und bequem zu tragen.<\/p>\n","protected":false},"featured_media":29148,"comment_status":"open","ping_status":"closed","template":"","meta":[],"product_brand":[],"product_cat":[1983,11036],"product_tag":[],"class_list":{"0":"post-29147","1":"product","2":"type-product","3":"status-publish","4":"has-post-thumbnail","6":"product_cat-baumarkt","7":"product_cat-kamine","8":"pa_binding-werkzeug","9":"pa_brand-amagabeli-garden-home","10":"pa_height-22-zoll","11":"pa_length-39-zoll","12":"pa_model-fireplace214","13":"pa_width-18-zoll","15":"first","16":"instock","17":"shipping-taxable","18":"purchasable","19":"product-type-simple","20":"customify-col","21":"product-has-gallery"},"yoast_head":"<!-- This site is optimized with the Yoast SEO plugin v27.3 - https:\/\/yoast.com\/product\/yoast-seo-wordpress\/ -->\n<title>Amagabeli Brennholz-Tragetasche Canvas gewachste gro\u00dfe Brennholz-Log-Tasche, die Innentasche tr\u00e4gt Brennholz\u2026 - Markt-XXL<\/title>\n<meta name=\"description\" content=\"Markt-XXL Amagabeli Brennholz-Tragetasche Canvas gewachste gro\u00dfe Brennholz-Log-Tasche, die Innentasche tr\u00e4gt Brennholz\u2026\" \/>\n<meta name=\"robots\" content=\"index, follow, max-snippet:-1, max-image-preview:large, max-video-preview:-1\" \/>\n<link rel=\"canonical\" href=\"https:\/\/marktxxl.de\/markt\/produkt\/amagabeli-brennholz-tragetasche-canvas-gewachste-grosse-brennholz-log-tasche-die-innentasche-traegt-brennholz-aufbewahrungs-tasche-kamin-log-halter-outdoor-heavy-duty-holz-dunkelbraun\/\" \/>\n<meta property=\"og:locale\" content=\"de_DE\" \/>\n<meta property=\"og:type\" content=\"article\" \/>\n<meta property=\"og:title\" content=\"Amagabeli Brennholz-Tragetasche Canvas gewachste gro\u00dfe Brennholz-Log-Tasche, die Innentasche tr\u00e4gt Brennholz\u2026 - Markt-XXL\" \/>\n<meta property=\"og:description\" content=\"Markt-XXL Amagabeli Brennholz-Tragetasche Canvas gewachste gro\u00dfe Brennholz-Log-Tasche, die Innentasche tr\u00e4gt Brennholz\u2026\" \/>\n<meta property=\"og:url\" content=\"https:\/\/marktxxl.de\/markt\/produkt\/amagabeli-brennholz-tragetasche-canvas-gewachste-grosse-brennholz-log-tasche-die-innentasche-traegt-brennholz-aufbewahrungs-tasche-kamin-log-halter-outdoor-heavy-duty-holz-dunkelbraun\/\" \/>\n<meta property=\"og:site_name\" content=\"Markt-XXL\" \/>\n<meta property=\"article:modified_time\" content=\"2023-04-09T23:24:16+00:00\" \/>\n<meta property=\"og:image\" content=\"https:\/\/m.media-amazon.com\/images\/I\/51xfPRF51UL._SL500_.jpg\" \/>\n\t<meta property=\"og:image:width\" content=\"500\" \/>\n\t<meta property=\"og:image:height\" content=\"500\" \/>\n\t<meta property=\"og:image:type\" content=\"image\/jpeg\" \/>\n<meta name=\"twitter:card\" content=\"summary_large_image\" \/>\n<meta name=\"twitter:label1\" content=\"Gesch\u00e4tzte Lesezeit\" \/>\n\t<meta name=\"twitter:data1\" content=\"1\u00a0Minute\" \/>\n<script type=\"application\/ld+json\" class=\"yoast-schema-graph\">{\"@context\":\"https:\\\/\\\/schema.org\",\"@graph\":[{\"@type\":\"WebPage\",\"@id\":\"https:\\\/\\\/marktxxl.de\\\/markt\\\/produkt\\\/amagabeli-brennholz-tragetasche-canvas-gewachste-grosse-brennholz-log-tasche-die-innentasche-traegt-brennholz-aufbewahrungs-tasche-kamin-log-halter-outdoor-heavy-duty-holz-dunkelbraun\\\/\",\"url\":\"https:\\\/\\\/marktxxl.de\\\/markt\\\/produkt\\\/amagabeli-brennholz-tragetasche-canvas-gewachste-grosse-brennholz-log-tasche-die-innentasche-traegt-brennholz-aufbewahrungs-tasche-kamin-log-halter-outdoor-heavy-duty-holz-dunkelbraun\\\/\",\"name\":\"Amagabeli Brennholz-Tragetasche Canvas gewachste gro\u00dfe Brennholz-Log-Tasche, die Innentasche tr\u00e4gt Brennholz\u2026 - Markt-XXL\",\"isPartOf\":{\"@id\":\"https:\\\/\\\/marktxxl.de\\\/markt\\\/#website\"},\"primaryImageOfPage\":{\"@id\":\"https:\\\/\\\/marktxxl.de\\\/markt\\\/produkt\\\/amagabeli-brennholz-tragetasche-canvas-gewachste-grosse-brennholz-log-tasche-die-innentasche-traegt-brennholz-aufbewahrungs-tasche-kamin-log-halter-outdoor-heavy-duty-holz-dunkelbraun\\\/#primaryimage\"},\"image\":{\"@id\":\"https:\\\/\\\/marktxxl.de\\\/markt\\\/produkt\\\/amagabeli-brennholz-tragetasche-canvas-gewachste-grosse-brennholz-log-tasche-die-innentasche-traegt-brennholz-aufbewahrungs-tasche-kamin-log-halter-outdoor-heavy-duty-holz-dunkelbraun\\\/#primaryimage\"},\"thumbnailUrl\":\"https:\\\/\\\/m.media-amazon.com\\\/images\\\/I\\\/51xfPRF51UL._SL500_.jpg\",\"datePublished\":\"2021-09-12T20:11:21+00:00\",\"dateModified\":\"2023-04-09T23:24:16+00:00\",\"description\":\"Markt-XXL Amagabeli Brennholz-Tragetasche Canvas gewachste gro\u00dfe Brennholz-Log-Tasche, die Innentasche tr\u00e4gt Brennholz\u2026\",\"breadcrumb\":{\"@id\":\"https:\\\/\\\/marktxxl.de\\\/markt\\\/produkt\\\/amagabeli-brennholz-tragetasche-canvas-gewachste-grosse-brennholz-log-tasche-die-innentasche-traegt-brennholz-aufbewahrungs-tasche-kamin-log-halter-outdoor-heavy-duty-holz-dunkelbraun\\\/#breadcrumb\"},\"inLanguage\":\"de\",\"potentialAction\":[{\"@type\":\"ReadAction\",\"target\":[\"https:\\\/\\\/marktxxl.de\\\/markt\\\/produkt\\\/amagabeli-brennholz-tragetasche-canvas-gewachste-grosse-brennholz-log-tasche-die-innentasche-traegt-brennholz-aufbewahrungs-tasche-kamin-log-halter-outdoor-heavy-duty-holz-dunkelbraun\\\/\"]}]},{\"@type\":\"ImageObject\",\"inLanguage\":\"de\",\"@id\":\"https:\\\/\\\/marktxxl.de\\\/markt\\\/produkt\\\/amagabeli-brennholz-tragetasche-canvas-gewachste-grosse-brennholz-log-tasche-die-innentasche-traegt-brennholz-aufbewahrungs-tasche-kamin-log-halter-outdoor-heavy-duty-holz-dunkelbraun\\\/#primaryimage\",\"url\":\"https:\\\/\\\/m.media-amazon.com\\\/images\\\/I\\\/51xfPRF51UL._SL500_.jpg\",\"contentUrl\":\"https:\\\/\\\/m.media-amazon.com\\\/images\\\/I\\\/51xfPRF51UL._SL500_.jpg\",\"width\":500,\"height\":500},{\"@type\":\"BreadcrumbList\",\"@id\":\"https:\\\/\\\/marktxxl.de\\\/markt\\\/produkt\\\/amagabeli-brennholz-tragetasche-canvas-gewachste-grosse-brennholz-log-tasche-die-innentasche-traegt-brennholz-aufbewahrungs-tasche-kamin-log-halter-outdoor-heavy-duty-holz-dunkelbraun\\\/#breadcrumb\",\"itemListElement\":[{\"@type\":\"ListItem\",\"position\":1,\"name\":\"Startseite\",\"item\":\"https:\\\/\\\/marktxxl.de\\\/markt\\\/\"},{\"@type\":\"ListItem\",\"position\":2,\"name\":\"Markt\",\"item\":\"https:\\\/\\\/marktxxl.de\\\/markt\\\/\"},{\"@type\":\"ListItem\",\"position\":3,\"name\":\"Amagabeli Brennholz-Tragetasche Canvas gewachste gro\u00dfe Brennholz-Log-Tasche, die Innentasche tr\u00e4gt Brennholz\u2026\"}]},{\"@type\":\"WebSite\",\"@id\":\"https:\\\/\\\/marktxxl.de\\\/markt\\\/#website\",\"url\":\"https:\\\/\\\/marktxxl.de\\\/markt\\\/\",\"name\":\"Markt-XXL\",\"description\":\"Ihr Markt Online\",\"publisher\":{\"@id\":\"https:\\\/\\\/marktxxl.de\\\/markt\\\/#organization\"},\"potentialAction\":[{\"@type\":\"SearchAction\",\"target\":{\"@type\":\"EntryPoint\",\"urlTemplate\":\"https:\\\/\\\/marktxxl.de\\\/markt\\\/?s={search_term_string}\"},\"query-input\":{\"@type\":\"PropertyValueSpecification\",\"valueRequired\":true,\"valueName\":\"search_term_string\"}}],\"inLanguage\":\"de\"},{\"@type\":\"Organization\",\"@id\":\"https:\\\/\\\/marktxxl.de\\\/markt\\\/#organization\",\"name\":\"Markt-XXL\",\"url\":\"https:\\\/\\\/marktxxl.de\\\/markt\\\/\",\"logo\":{\"@type\":\"ImageObject\",\"inLanguage\":\"de\",\"@id\":\"https:\\\/\\\/marktxxl.de\\\/markt\\\/#\\\/schema\\\/logo\\\/image\\\/\",\"url\":\"https:\\\/\\\/marktxxl.de\\\/markt\\\/wp-content\\\/uploads\\\/sites\\\/3\\\/2020\\\/12\\\/logo.png\",\"contentUrl\":\"https:\\\/\\\/marktxxl.de\\\/markt\\\/wp-content\\\/uploads\\\/sites\\\/3\\\/2020\\\/12\\\/logo.png\",\"width\":200,\"height\":70,\"caption\":\"Markt-XXL\"},\"image\":{\"@id\":\"https:\\\/\\\/marktxxl.de\\\/markt\\\/#\\\/schema\\\/logo\\\/image\\\/\"}}]}<\/script>\n<!-- \/ Yoast SEO plugin. -->","yoast_head_json":{"title":"Amagabeli Brennholz-Tragetasche Canvas gewachste gro\u00dfe Brennholz-Log-Tasche, die Innentasche tr\u00e4gt Brennholz\u2026 - Markt-XXL","description":"Markt-XXL Amagabeli Brennholz-Tragetasche Canvas gewachste gro\u00dfe Brennholz-Log-Tasche, die Innentasche tr\u00e4gt Brennholz\u2026","robots":{"index":"index","follow":"follow","max-snippet":"max-snippet:-1","max-image-preview":"max-image-preview:large","max-video-preview":"max-video-preview:-1"},"canonical":"https:\/\/marktxxl.de\/markt\/produkt\/amagabeli-brennholz-tragetasche-canvas-gewachste-grosse-brennholz-log-tasche-die-innentasche-traegt-brennholz-aufbewahrungs-tasche-kamin-log-halter-outdoor-heavy-duty-holz-dunkelbraun\/","og_locale":"de_DE","og_type":"article","og_title":"Amagabeli Brennholz-Tragetasche Canvas gewachste gro\u00dfe Brennholz-Log-Tasche, die Innentasche tr\u00e4gt Brennholz\u2026 - Markt-XXL","og_description":"Markt-XXL Amagabeli Brennholz-Tragetasche Canvas gewachste gro\u00dfe Brennholz-Log-Tasche, die Innentasche tr\u00e4gt Brennholz\u2026","og_url":"https:\/\/marktxxl.de\/markt\/produkt\/amagabeli-brennholz-tragetasche-canvas-gewachste-grosse-brennholz-log-tasche-die-innentasche-traegt-brennholz-aufbewahrungs-tasche-kamin-log-halter-outdoor-heavy-duty-holz-dunkelbraun\/","og_site_name":"Markt-XXL","article_modified_time":"2023-04-09T23:24:16+00:00","og_image":[{"width":500,"height":500,"url":"https:\/\/m.media-amazon.com\/images\/I\/51xfPRF51UL._SL500_.jpg","type":"image\/jpeg"}],"twitter_card":"summary_large_image","twitter_misc":{"Gesch\u00e4tzte Lesezeit":"1\u00a0Minute"},"schema":{"@context":"https:\/\/schema.org","@graph":[{"@type":"WebPage","@id":"https:\/\/marktxxl.de\/markt\/produkt\/amagabeli-brennholz-tragetasche-canvas-gewachste-grosse-brennholz-log-tasche-die-innentasche-traegt-brennholz-aufbewahrungs-tasche-kamin-log-halter-outdoor-heavy-duty-holz-dunkelbraun\/","url":"https:\/\/marktxxl.de\/markt\/produkt\/amagabeli-brennholz-tragetasche-canvas-gewachste-grosse-brennholz-log-tasche-die-innentasche-traegt-brennholz-aufbewahrungs-tasche-kamin-log-halter-outdoor-heavy-duty-holz-dunkelbraun\/","name":"Amagabeli Brennholz-Tragetasche Canvas gewachste gro\u00dfe Brennholz-Log-Tasche, die Innentasche tr\u00e4gt Brennholz\u2026 - Markt-XXL","isPartOf":{"@id":"https:\/\/marktxxl.de\/markt\/#website"},"primaryImageOfPage":{"@id":"https:\/\/marktxxl.de\/markt\/produkt\/amagabeli-brennholz-tragetasche-canvas-gewachste-grosse-brennholz-log-tasche-die-innentasche-traegt-brennholz-aufbewahrungs-tasche-kamin-log-halter-outdoor-heavy-duty-holz-dunkelbraun\/#primaryimage"},"image":{"@id":"https:\/\/marktxxl.de\/markt\/produkt\/amagabeli-brennholz-tragetasche-canvas-gewachste-grosse-brennholz-log-tasche-die-innentasche-traegt-brennholz-aufbewahrungs-tasche-kamin-log-halter-outdoor-heavy-duty-holz-dunkelbraun\/#primaryimage"},"thumbnailUrl":"https:\/\/m.media-amazon.com\/images\/I\/51xfPRF51UL._SL500_.jpg","datePublished":"2021-09-12T20:11:21+00:00","dateModified":"2023-04-09T23:24:16+00:00","description":"Markt-XXL Amagabeli Brennholz-Tragetasche Canvas gewachste gro\u00dfe Brennholz-Log-Tasche, die Innentasche tr\u00e4gt Brennholz\u2026","breadcrumb":{"@id":"https:\/\/marktxxl.de\/markt\/produkt\/amagabeli-brennholz-tragetasche-canvas-gewachste-grosse-brennholz-log-tasche-die-innentasche-traegt-brennholz-aufbewahrungs-tasche-kamin-log-halter-outdoor-heavy-duty-holz-dunkelbraun\/#breadcrumb"},"inLanguage":"de","potentialAction":[{"@type":"ReadAction","target":["https:\/\/marktxxl.de\/markt\/produkt\/amagabeli-brennholz-tragetasche-canvas-gewachste-grosse-brennholz-log-tasche-die-innentasche-traegt-brennholz-aufbewahrungs-tasche-kamin-log-halter-outdoor-heavy-duty-holz-dunkelbraun\/"]}]},{"@type":"ImageObject","inLanguage":"de","@id":"https:\/\/marktxxl.de\/markt\/produkt\/amagabeli-brennholz-tragetasche-canvas-gewachste-grosse-brennholz-log-tasche-die-innentasche-traegt-brennholz-aufbewahrungs-tasche-kamin-log-halter-outdoor-heavy-duty-holz-dunkelbraun\/#primaryimage","url":"https:\/\/m.media-amazon.com\/images\/I\/51xfPRF51UL._SL500_.jpg","contentUrl":"https:\/\/m.media-amazon.com\/images\/I\/51xfPRF51UL._SL500_.jpg","width":500,"height":500},{"@type":"BreadcrumbList","@id":"https:\/\/marktxxl.de\/markt\/produkt\/amagabeli-brennholz-tragetasche-canvas-gewachste-grosse-brennholz-log-tasche-die-innentasche-traegt-brennholz-aufbewahrungs-tasche-kamin-log-halter-outdoor-heavy-duty-holz-dunkelbraun\/#breadcrumb","itemListElement":[{"@type":"ListItem","position":1,"name":"Startseite","item":"https:\/\/marktxxl.de\/markt\/"},{"@type":"ListItem","position":2,"name":"Markt","item":"https:\/\/marktxxl.de\/markt\/"},{"@type":"ListItem","position":3,"name":"Amagabeli Brennholz-Tragetasche Canvas gewachste gro\u00dfe Brennholz-Log-Tasche, die Innentasche tr\u00e4gt Brennholz\u2026"}]},{"@type":"WebSite","@id":"https:\/\/marktxxl.de\/markt\/#website","url":"https:\/\/marktxxl.de\/markt\/","name":"Markt-XXL","description":"Ihr Markt Online","publisher":{"@id":"https:\/\/marktxxl.de\/markt\/#organization"},"potentialAction":[{"@type":"SearchAction","target":{"@type":"EntryPoint","urlTemplate":"https:\/\/marktxxl.de\/markt\/?s={search_term_string}"},"query-input":{"@type":"PropertyValueSpecification","valueRequired":true,"valueName":"search_term_string"}}],"inLanguage":"de"},{"@type":"Organization","@id":"https:\/\/marktxxl.de\/markt\/#organization","name":"Markt-XXL","url":"https:\/\/marktxxl.de\/markt\/","logo":{"@type":"ImageObject","inLanguage":"de","@id":"https:\/\/marktxxl.de\/markt\/#\/schema\/logo\/image\/","url":"https:\/\/marktxxl.de\/markt\/wp-content\/uploads\/sites\/3\/2020\/12\/logo.png","contentUrl":"https:\/\/marktxxl.de\/markt\/wp-content\/uploads\/sites\/3\/2020\/12\/logo.png","width":200,"height":70,"caption":"Markt-XXL"},"image":{"@id":"https:\/\/marktxxl.de\/markt\/#\/schema\/logo\/image\/"}}]}},"_links":{"self":[{"href":"https:\/\/marktxxl.de\/markt\/wp-json\/wp\/v2\/product\/29147","targetHints":{"allow":["GET"]}}],"collection":[{"href":"https:\/\/marktxxl.de\/markt\/wp-json\/wp\/v2\/product"}],"about":[{"href":"https:\/\/marktxxl.de\/markt\/wp-json\/wp\/v2\/types\/product"}],"replies":[{"embeddable":true,"href":"https:\/\/marktxxl.de\/markt\/wp-json\/wp\/v2\/comments?post=29147"}],"wp:featuredmedia":[{"embeddable":true,"href":"https:\/\/marktxxl.de\/markt\/wp-json\/wp\/v2\/media\/29148"}],"wp:attachment":[{"href":"https:\/\/marktxxl.de\/markt\/wp-json\/wp\/v2\/media?parent=29147"}],"wp:term":[{"taxonomy":"product_brand","embeddable":true,"href":"https:\/\/marktxxl.de\/markt\/wp-json\/wp\/v2\/product_brand?post=29147"},{"taxonomy":"product_cat","embeddable":true,"href":"https:\/\/marktxxl.de\/markt\/wp-json\/wp\/v2\/product_cat?post=29147"},{"taxonomy":"product_tag","embeddable":true,"href":"https:\/\/marktxxl.de\/markt\/wp-json\/wp\/v2\/product_tag?post=29147"}],"curies":[{"name":"wp","href":"https:\/\/api.w.org\/{rel}","templated":true}]}}