{"id":29134,"date":"2021-09-12T22:11:16","date_gmt":"2021-09-12T20:11:16","guid":{"rendered":"https:\/\/marktxxl.de\/markt\/produkt\/kobolo-kaminholzkorb-holztrage-rattan-grau-mit-abnehmbarem-leinenstoff\/"},"modified":"2023-04-10T01:24:16","modified_gmt":"2023-04-09T23:24:16","slug":"kobolo-kaminholzkorb-holztrage-rattan-grau-mit-abnehmbarem-leinenstoff","status":"publish","type":"product","link":"https:\/\/marktxxl.de\/markt\/produkt\/kobolo-kaminholzkorb-holztrage-rattan-grau-mit-abnehmbarem-leinenstoff\/","title":{"rendered":"Kobolo Kaminholzkorb Holztrage Holzkorb f\u00fcr Kaminholz Rattan grau mit abnehmbarem Leinenstoff"},"content":{"rendered":"<p>Der Schwerarbeiter unter den K\u00f6rben von Kobolo ist robust und belastbar durch ein grundsolides Flechtwerk aus Rattan<br \/>\nEr wurde zum Schutz Ihrer Wohnung vor Holzr\u00fcckst\u00e4nden mit Leinenfutter ausgeschlagen<br \/>\nMit diesem sch\u00f6nen und praktischen Accessoire ist es einfach, die Umgebung Ihres Ofens sauber zu halten<br \/>\nRattan ist aufgrund seiner nat\u00fcrlichen Beschaffenheit noch immer ein sehr beliebter Werkstoff zur Herstellung von Korbwaren und durch seine hohe Belastbarkeit bietet es Eigenschaften, die denen vieler anderer Materialien \u00fcberlegen sind<br \/>\nMa\u00dfe: ca. L\u00e4nge 50 cm x Breite 38 cm x H\u00f6he 33\/45 cm<br \/>\n<div class=\"main-cross-sell\" data-asin=\"B07CW26TXW\">\n\n\t<div class=\"WooZone-cross-sell-loader\">\n\t\t<div>\n\t\t\t<div id=\"floatingBarsG\">\n\t\t\t\t<div class=\"blockG\" id=\"rotateG_01\"><\/div>\n\t\t\t\t<div class=\"blockG\" id=\"rotateG_02\"><\/div>\n\t\t\t\t<div class=\"blockG\" id=\"rotateG_03\"><\/div>\n\t\t\t\t<div class=\"blockG\" id=\"rotateG_04\"><\/div>\n\t\t\t\t<div class=\"blockG\" id=\"rotateG_05\"><\/div>\n\t\t\t\t<div class=\"blockG\" id=\"rotateG_06\"><\/div>\n\t\t\t\t<div class=\"blockG\" id=\"rotateG_07\"><\/div>\n\t\t\t\t<div class=\"blockG\" id=\"rotateG_08\"><\/div>\n\t\t\t<\/div>\n\t\t\t<div class=\"WooZone-cross-sell-loader-text\"><\/div>\n\t\t<\/div>\n\t<\/div>\n\n\t\t\n<\/div>\n<div style=\"clear:both;\"><\/div><\/p>\n","protected":false},"excerpt":{"rendered":"<p>Der Schwerarbeiter unter den K\u00f6rben von Kobolo ist robust und belastbar durch ein grundsolides Flechtwerk aus Rattan<br \/>\nEr wurde zum Schutz Ihrer Wohnung vor Holzr\u00fcckst\u00e4nden mit Leinenfutter ausgeschlagen<br \/>\nMit diesem sch\u00f6nen und praktischen Accessoire ist es einfach, die Umgebung Ihres Ofens sauber zu halten<\/p>\n","protected":false},"featured_media":29135,"comment_status":"open","ping_status":"closed","template":"","meta":[],"product_brand":[],"product_cat":[1983,11036],"product_tag":[],"class_list":{"0":"post-29134","1":"product","2":"type-product","3":"status-publish","4":"has-post-thumbnail","6":"product_cat-baumarkt","7":"product_cat-kamine","8":"pa_binding-haushaltswaren","9":"pa_brand-kobolo","10":"pa_color-grau","11":"pa_height-11-42-zoll","12":"pa_length-19-69-zoll","13":"pa_manufacturer-kobolo","14":"pa_weight-4-850169764-pfund","15":"pa_width-14-96-zoll","17":"first","18":"instock","19":"shipping-taxable","20":"purchasable","21":"product-type-simple","22":"customify-col","23":"product-has-gallery"},"yoast_head":"<!-- This site is optimized with the Yoast SEO plugin v27.3 - https:\/\/yoast.com\/product\/yoast-seo-wordpress\/ -->\n<title>Kobolo Kaminholzkorb Holztrage Holzkorb f\u00fcr Kaminholz Rattan grau mit abnehmbarem Leinenstoff - Markt-XXL<\/title>\n<meta name=\"description\" content=\"Markt-XXL Kobolo Kaminholzkorb Holztrage Holzkorb f\u00fcr Kaminholz Rattan grau mit abnehmbarem Leinenstoff\" \/>\n<meta name=\"robots\" content=\"index, follow, max-snippet:-1, max-image-preview:large, max-video-preview:-1\" \/>\n<link rel=\"canonical\" href=\"https:\/\/marktxxl.de\/markt\/produkt\/kobolo-kaminholzkorb-holztrage-rattan-grau-mit-abnehmbarem-leinenstoff\/\" \/>\n<meta property=\"og:locale\" content=\"de_DE\" \/>\n<meta property=\"og:type\" content=\"article\" \/>\n<meta property=\"og:title\" content=\"Kobolo Kaminholzkorb Holztrage Holzkorb f\u00fcr Kaminholz Rattan grau mit abnehmbarem Leinenstoff - Markt-XXL\" \/>\n<meta property=\"og:description\" content=\"Markt-XXL Kobolo Kaminholzkorb Holztrage Holzkorb f\u00fcr Kaminholz Rattan grau mit abnehmbarem Leinenstoff\" \/>\n<meta property=\"og:url\" content=\"https:\/\/marktxxl.de\/markt\/produkt\/kobolo-kaminholzkorb-holztrage-rattan-grau-mit-abnehmbarem-leinenstoff\/\" \/>\n<meta property=\"og:site_name\" content=\"Markt-XXL\" \/>\n<meta property=\"article:modified_time\" content=\"2023-04-09T23:24:16+00:00\" \/>\n<meta property=\"og:image\" content=\"https:\/\/m.media-amazon.com\/images\/I\/41hgZiSkOAL._SL500_.jpg\" \/>\n\t<meta property=\"og:image:width\" content=\"500\" \/>\n\t<meta property=\"og:image:height\" content=\"346\" \/>\n\t<meta property=\"og:image:type\" content=\"image\/jpeg\" \/>\n<meta name=\"twitter:card\" content=\"summary_large_image\" \/>\n<meta name=\"twitter:label1\" content=\"Gesch\u00e4tzte Lesezeit\" \/>\n\t<meta name=\"twitter:data1\" content=\"1\u00a0Minute\" \/>\n<script type=\"application\/ld+json\" class=\"yoast-schema-graph\">{\"@context\":\"https:\\\/\\\/schema.org\",\"@graph\":[{\"@type\":\"WebPage\",\"@id\":\"https:\\\/\\\/marktxxl.de\\\/markt\\\/produkt\\\/kobolo-kaminholzkorb-holztrage-rattan-grau-mit-abnehmbarem-leinenstoff\\\/\",\"url\":\"https:\\\/\\\/marktxxl.de\\\/markt\\\/produkt\\\/kobolo-kaminholzkorb-holztrage-rattan-grau-mit-abnehmbarem-leinenstoff\\\/\",\"name\":\"Kobolo Kaminholzkorb Holztrage Holzkorb f\u00fcr Kaminholz Rattan grau mit abnehmbarem Leinenstoff - Markt-XXL\",\"isPartOf\":{\"@id\":\"https:\\\/\\\/marktxxl.de\\\/markt\\\/#website\"},\"primaryImageOfPage\":{\"@id\":\"https:\\\/\\\/marktxxl.de\\\/markt\\\/produkt\\\/kobolo-kaminholzkorb-holztrage-rattan-grau-mit-abnehmbarem-leinenstoff\\\/#primaryimage\"},\"image\":{\"@id\":\"https:\\\/\\\/marktxxl.de\\\/markt\\\/produkt\\\/kobolo-kaminholzkorb-holztrage-rattan-grau-mit-abnehmbarem-leinenstoff\\\/#primaryimage\"},\"thumbnailUrl\":\"https:\\\/\\\/m.media-amazon.com\\\/images\\\/I\\\/41hgZiSkOAL._SL500_.jpg\",\"datePublished\":\"2021-09-12T20:11:16+00:00\",\"dateModified\":\"2023-04-09T23:24:16+00:00\",\"description\":\"Markt-XXL Kobolo Kaminholzkorb Holztrage Holzkorb f\u00fcr Kaminholz Rattan grau mit abnehmbarem Leinenstoff\",\"breadcrumb\":{\"@id\":\"https:\\\/\\\/marktxxl.de\\\/markt\\\/produkt\\\/kobolo-kaminholzkorb-holztrage-rattan-grau-mit-abnehmbarem-leinenstoff\\\/#breadcrumb\"},\"inLanguage\":\"de\",\"potentialAction\":[{\"@type\":\"ReadAction\",\"target\":[\"https:\\\/\\\/marktxxl.de\\\/markt\\\/produkt\\\/kobolo-kaminholzkorb-holztrage-rattan-grau-mit-abnehmbarem-leinenstoff\\\/\"]}]},{\"@type\":\"ImageObject\",\"inLanguage\":\"de\",\"@id\":\"https:\\\/\\\/marktxxl.de\\\/markt\\\/produkt\\\/kobolo-kaminholzkorb-holztrage-rattan-grau-mit-abnehmbarem-leinenstoff\\\/#primaryimage\",\"url\":\"https:\\\/\\\/m.media-amazon.com\\\/images\\\/I\\\/41hgZiSkOAL._SL500_.jpg\",\"contentUrl\":\"https:\\\/\\\/m.media-amazon.com\\\/images\\\/I\\\/41hgZiSkOAL._SL500_.jpg\",\"width\":500,\"height\":346},{\"@type\":\"BreadcrumbList\",\"@id\":\"https:\\\/\\\/marktxxl.de\\\/markt\\\/produkt\\\/kobolo-kaminholzkorb-holztrage-rattan-grau-mit-abnehmbarem-leinenstoff\\\/#breadcrumb\",\"itemListElement\":[{\"@type\":\"ListItem\",\"position\":1,\"name\":\"Startseite\",\"item\":\"https:\\\/\\\/marktxxl.de\\\/markt\\\/\"},{\"@type\":\"ListItem\",\"position\":2,\"name\":\"Markt\",\"item\":\"https:\\\/\\\/marktxxl.de\\\/markt\\\/\"},{\"@type\":\"ListItem\",\"position\":3,\"name\":\"Kobolo Kaminholzkorb Holztrage Holzkorb f\u00fcr Kaminholz Rattan grau mit abnehmbarem Leinenstoff\"}]},{\"@type\":\"WebSite\",\"@id\":\"https:\\\/\\\/marktxxl.de\\\/markt\\\/#website\",\"url\":\"https:\\\/\\\/marktxxl.de\\\/markt\\\/\",\"name\":\"Markt-XXL\",\"description\":\"Ihr Markt Online\",\"publisher\":{\"@id\":\"https:\\\/\\\/marktxxl.de\\\/markt\\\/#organization\"},\"potentialAction\":[{\"@type\":\"SearchAction\",\"target\":{\"@type\":\"EntryPoint\",\"urlTemplate\":\"https:\\\/\\\/marktxxl.de\\\/markt\\\/?s={search_term_string}\"},\"query-input\":{\"@type\":\"PropertyValueSpecification\",\"valueRequired\":true,\"valueName\":\"search_term_string\"}}],\"inLanguage\":\"de\"},{\"@type\":\"Organization\",\"@id\":\"https:\\\/\\\/marktxxl.de\\\/markt\\\/#organization\",\"name\":\"Markt-XXL\",\"url\":\"https:\\\/\\\/marktxxl.de\\\/markt\\\/\",\"logo\":{\"@type\":\"ImageObject\",\"inLanguage\":\"de\",\"@id\":\"https:\\\/\\\/marktxxl.de\\\/markt\\\/#\\\/schema\\\/logo\\\/image\\\/\",\"url\":\"https:\\\/\\\/marktxxl.de\\\/markt\\\/wp-content\\\/uploads\\\/sites\\\/3\\\/2020\\\/12\\\/logo.png\",\"contentUrl\":\"https:\\\/\\\/marktxxl.de\\\/markt\\\/wp-content\\\/uploads\\\/sites\\\/3\\\/2020\\\/12\\\/logo.png\",\"width\":200,\"height\":70,\"caption\":\"Markt-XXL\"},\"image\":{\"@id\":\"https:\\\/\\\/marktxxl.de\\\/markt\\\/#\\\/schema\\\/logo\\\/image\\\/\"}}]}<\/script>\n<!-- \/ Yoast SEO plugin. -->","yoast_head_json":{"title":"Kobolo Kaminholzkorb Holztrage Holzkorb f\u00fcr Kaminholz Rattan grau mit abnehmbarem Leinenstoff - Markt-XXL","description":"Markt-XXL Kobolo Kaminholzkorb Holztrage Holzkorb f\u00fcr Kaminholz Rattan grau mit abnehmbarem Leinenstoff","robots":{"index":"index","follow":"follow","max-snippet":"max-snippet:-1","max-image-preview":"max-image-preview:large","max-video-preview":"max-video-preview:-1"},"canonical":"https:\/\/marktxxl.de\/markt\/produkt\/kobolo-kaminholzkorb-holztrage-rattan-grau-mit-abnehmbarem-leinenstoff\/","og_locale":"de_DE","og_type":"article","og_title":"Kobolo Kaminholzkorb Holztrage Holzkorb f\u00fcr Kaminholz Rattan grau mit abnehmbarem Leinenstoff - Markt-XXL","og_description":"Markt-XXL Kobolo Kaminholzkorb Holztrage Holzkorb f\u00fcr Kaminholz Rattan grau mit abnehmbarem Leinenstoff","og_url":"https:\/\/marktxxl.de\/markt\/produkt\/kobolo-kaminholzkorb-holztrage-rattan-grau-mit-abnehmbarem-leinenstoff\/","og_site_name":"Markt-XXL","article_modified_time":"2023-04-09T23:24:16+00:00","og_image":[{"width":500,"height":346,"url":"https:\/\/m.media-amazon.com\/images\/I\/41hgZiSkOAL._SL500_.jpg","type":"image\/jpeg"}],"twitter_card":"summary_large_image","twitter_misc":{"Gesch\u00e4tzte Lesezeit":"1\u00a0Minute"},"schema":{"@context":"https:\/\/schema.org","@graph":[{"@type":"WebPage","@id":"https:\/\/marktxxl.de\/markt\/produkt\/kobolo-kaminholzkorb-holztrage-rattan-grau-mit-abnehmbarem-leinenstoff\/","url":"https:\/\/marktxxl.de\/markt\/produkt\/kobolo-kaminholzkorb-holztrage-rattan-grau-mit-abnehmbarem-leinenstoff\/","name":"Kobolo Kaminholzkorb Holztrage Holzkorb f\u00fcr Kaminholz Rattan grau mit abnehmbarem Leinenstoff - Markt-XXL","isPartOf":{"@id":"https:\/\/marktxxl.de\/markt\/#website"},"primaryImageOfPage":{"@id":"https:\/\/marktxxl.de\/markt\/produkt\/kobolo-kaminholzkorb-holztrage-rattan-grau-mit-abnehmbarem-leinenstoff\/#primaryimage"},"image":{"@id":"https:\/\/marktxxl.de\/markt\/produkt\/kobolo-kaminholzkorb-holztrage-rattan-grau-mit-abnehmbarem-leinenstoff\/#primaryimage"},"thumbnailUrl":"https:\/\/m.media-amazon.com\/images\/I\/41hgZiSkOAL._SL500_.jpg","datePublished":"2021-09-12T20:11:16+00:00","dateModified":"2023-04-09T23:24:16+00:00","description":"Markt-XXL Kobolo Kaminholzkorb Holztrage Holzkorb f\u00fcr Kaminholz Rattan grau mit abnehmbarem Leinenstoff","breadcrumb":{"@id":"https:\/\/marktxxl.de\/markt\/produkt\/kobolo-kaminholzkorb-holztrage-rattan-grau-mit-abnehmbarem-leinenstoff\/#breadcrumb"},"inLanguage":"de","potentialAction":[{"@type":"ReadAction","target":["https:\/\/marktxxl.de\/markt\/produkt\/kobolo-kaminholzkorb-holztrage-rattan-grau-mit-abnehmbarem-leinenstoff\/"]}]},{"@type":"ImageObject","inLanguage":"de","@id":"https:\/\/marktxxl.de\/markt\/produkt\/kobolo-kaminholzkorb-holztrage-rattan-grau-mit-abnehmbarem-leinenstoff\/#primaryimage","url":"https:\/\/m.media-amazon.com\/images\/I\/41hgZiSkOAL._SL500_.jpg","contentUrl":"https:\/\/m.media-amazon.com\/images\/I\/41hgZiSkOAL._SL500_.jpg","width":500,"height":346},{"@type":"BreadcrumbList","@id":"https:\/\/marktxxl.de\/markt\/produkt\/kobolo-kaminholzkorb-holztrage-rattan-grau-mit-abnehmbarem-leinenstoff\/#breadcrumb","itemListElement":[{"@type":"ListItem","position":1,"name":"Startseite","item":"https:\/\/marktxxl.de\/markt\/"},{"@type":"ListItem","position":2,"name":"Markt","item":"https:\/\/marktxxl.de\/markt\/"},{"@type":"ListItem","position":3,"name":"Kobolo Kaminholzkorb Holztrage Holzkorb f\u00fcr Kaminholz Rattan grau mit abnehmbarem Leinenstoff"}]},{"@type":"WebSite","@id":"https:\/\/marktxxl.de\/markt\/#website","url":"https:\/\/marktxxl.de\/markt\/","name":"Markt-XXL","description":"Ihr Markt Online","publisher":{"@id":"https:\/\/marktxxl.de\/markt\/#organization"},"potentialAction":[{"@type":"SearchAction","target":{"@type":"EntryPoint","urlTemplate":"https:\/\/marktxxl.de\/markt\/?s={search_term_string}"},"query-input":{"@type":"PropertyValueSpecification","valueRequired":true,"valueName":"search_term_string"}}],"inLanguage":"de"},{"@type":"Organization","@id":"https:\/\/marktxxl.de\/markt\/#organization","name":"Markt-XXL","url":"https:\/\/marktxxl.de\/markt\/","logo":{"@type":"ImageObject","inLanguage":"de","@id":"https:\/\/marktxxl.de\/markt\/#\/schema\/logo\/image\/","url":"https:\/\/marktxxl.de\/markt\/wp-content\/uploads\/sites\/3\/2020\/12\/logo.png","contentUrl":"https:\/\/marktxxl.de\/markt\/wp-content\/uploads\/sites\/3\/2020\/12\/logo.png","width":200,"height":70,"caption":"Markt-XXL"},"image":{"@id":"https:\/\/marktxxl.de\/markt\/#\/schema\/logo\/image\/"}}]}},"_links":{"self":[{"href":"https:\/\/marktxxl.de\/markt\/wp-json\/wp\/v2\/product\/29134","targetHints":{"allow":["GET"]}}],"collection":[{"href":"https:\/\/marktxxl.de\/markt\/wp-json\/wp\/v2\/product"}],"about":[{"href":"https:\/\/marktxxl.de\/markt\/wp-json\/wp\/v2\/types\/product"}],"replies":[{"embeddable":true,"href":"https:\/\/marktxxl.de\/markt\/wp-json\/wp\/v2\/comments?post=29134"}],"wp:featuredmedia":[{"embeddable":true,"href":"https:\/\/marktxxl.de\/markt\/wp-json\/wp\/v2\/media\/29135"}],"wp:attachment":[{"href":"https:\/\/marktxxl.de\/markt\/wp-json\/wp\/v2\/media?parent=29134"}],"wp:term":[{"taxonomy":"product_brand","embeddable":true,"href":"https:\/\/marktxxl.de\/markt\/wp-json\/wp\/v2\/product_brand?post=29134"},{"taxonomy":"product_cat","embeddable":true,"href":"https:\/\/marktxxl.de\/markt\/wp-json\/wp\/v2\/product_cat?post=29134"},{"taxonomy":"product_tag","embeddable":true,"href":"https:\/\/marktxxl.de\/markt\/wp-json\/wp\/v2\/product_tag?post=29134"}],"curies":[{"name":"wp","href":"https:\/\/api.w.org\/{rel}","templated":true}]}}