{"id":29021,"date":"2021-09-12T22:09:29","date_gmt":"2021-09-12T20:09:29","guid":{"rendered":"https:\/\/marktxxl.de\/markt\/produkt\/lammfell-fusssack-fuer-kinderwagen-von-lanabest-schadstoffarm-hergestellt-in-deutschland-echtes-merino-lammfell-medizinisch-gegerbt-waschbar-oeko-tex-qualitaet-geschenkqualitaet-farbe-dunkelb\/"},"modified":"2023-04-10T01:24:14","modified_gmt":"2023-04-09T23:24:14","slug":"lammfell-fusssack-fuer-kinderwagen-von-lanabest-schadstoffarm-hergestellt-in-deutschland-echtes-merino-lammfell-medizinisch-gegerbt-waschbar-oeko-tex-qualitaet-geschenkqualitaet-farbe-dunkelb","status":"publish","type":"product","link":"https:\/\/marktxxl.de\/markt\/produkt\/lammfell-fusssack-fuer-kinderwagen-von-lanabest-schadstoffarm-hergestellt-in-deutschland-echtes-merino-lammfell-medizinisch-gegerbt-waschbar-oeko-tex-qualitaet-geschenkqualitaet-farbe-dunkelb\/","title":{"rendered":"Lammfell Fu\u00dfsack f\u00fcr Kinderwagen von LANABEST. \u00d6ko-Tex-Qualit\u00e4t. Schadstoffarm. Deutsches Merino Lammfell, medizinisch\u2026"},"content":{"rendered":"<p>FABRIKFRISCH. Weich und kuschelig, w\u00e4rmend und schadstoffarm.<br \/>\nMit dem praktischen Zweiwege-Rei\u00dfverschluss l\u00e4sst sich der Fu\u00dfsack weit \u00f6ffen. Bei Bedarf l\u00e4sst sich das Oberteil vom Unterteil komplett abtrennen. So kann man den Fu\u00dfsack auch bei w\u00e4rmeren Temperaturen benutzen &#8211; oder wenn das Kind gr\u00f6\u00dfer geworden ist und selbstst\u00e4ndig ein- und aussteigen m\u00f6chte.<br \/>\n8 eingefasste Schlitze im Unterteil passen f\u00fcr die g\u00e4ngigen Gurtsysteme.<br \/>\nGr\u00f6\u00dfe ca. 90 x 34 x 10 cm. Obermaterial wind- und wetterabweisendes Polyester. Futter aus echtem, dichten Lammfell (medizinisch gegerbt, waschbar bei 30\u00b0 C)<br \/>\nNEU: jetzt auch in grau erh\u00e4ltlich. LANABEST Lammfell Fu\u00dfsack grau<br \/>\n<div class=\"main-cross-sell\" data-asin=\"B01LYWWG2I\">\n\n\t<div class=\"WooZone-cross-sell-loader\">\n\t\t<div>\n\t\t\t<div id=\"floatingBarsG\">\n\t\t\t\t<div class=\"blockG\" id=\"rotateG_01\"><\/div>\n\t\t\t\t<div class=\"blockG\" id=\"rotateG_02\"><\/div>\n\t\t\t\t<div class=\"blockG\" id=\"rotateG_03\"><\/div>\n\t\t\t\t<div class=\"blockG\" id=\"rotateG_04\"><\/div>\n\t\t\t\t<div class=\"blockG\" id=\"rotateG_05\"><\/div>\n\t\t\t\t<div class=\"blockG\" id=\"rotateG_06\"><\/div>\n\t\t\t\t<div class=\"blockG\" id=\"rotateG_07\"><\/div>\n\t\t\t\t<div class=\"blockG\" id=\"rotateG_08\"><\/div>\n\t\t\t<\/div>\n\t\t\t<div class=\"WooZone-cross-sell-loader-text\"><\/div>\n\t\t<\/div>\n\t<\/div>\n\n\t\t\n<\/div>\n<div style=\"clear:both;\"><\/div><\/p>\n","protected":false},"excerpt":{"rendered":"<p>FABRIKFRISCH. Weich und kuschelig, w\u00e4rmend und schadstoffarm.<br \/>\nMit dem praktischen Zweiwege-Rei\u00dfverschluss l\u00e4sst sich der Fu\u00dfsack weit \u00f6ffen. Bei Bedarf l\u00e4sst sich das Oberteil vom Unterteil komplett abtrennen. So kann man den Fu\u00dfsack auch bei w\u00e4rmeren Temperaturen benutzen &#8211; oder wenn das Kind gr\u00f6\u00dfer geworden ist und selbstst\u00e4ndig ein- und aussteigen m\u00f6chte.<br \/>\n8 eingefasste Schlitze im Unterteil passen f\u00fcr die g\u00e4ngigen Gurtsysteme.<\/p>\n","protected":false},"featured_media":29022,"comment_status":"open","ping_status":"closed","template":"","meta":[],"product_brand":[],"product_cat":[21,9329],"product_tag":[],"class_list":{"0":"post-29021","1":"product","2":"type-product","3":"status-publish","4":"has-post-thumbnail","6":"product_cat-baby","7":"product_cat-kinderwagen-buggys-zubehoer-baby","8":"pa_binding-babyartikel","9":"pa_brand-lanamed","10":"pa_color-dunkelblau","11":"pa_manufacturer-lanabest-premium-lammfelle","12":"pa_size-90x34x10-cm-1er-pack","14":"first","15":"instock","16":"shipping-taxable","17":"purchasable","18":"product-type-simple","19":"customify-col","20":"product-has-gallery"},"yoast_head":"<!-- This site is optimized with the Yoast SEO plugin v27.4 - https:\/\/yoast.com\/product\/yoast-seo-wordpress\/ -->\n<title>Lammfell Fu\u00dfsack f\u00fcr Kinderwagen von LANABEST. \u00d6ko-Tex-Qualit\u00e4t. Schadstoffarm. Deutsches Merino Lammfell, medizinisch\u2026 - Markt-XXL<\/title>\n<meta name=\"description\" content=\"Markt-XXL Lammfell Fu\u00dfsack f\u00fcr Kinderwagen von LANABEST. \u00d6ko-Tex-Qualit\u00e4t. Schadstoffarm. Deutsches Merino Lammfell, medizinisch\u2026\" \/>\n<meta name=\"robots\" content=\"index, follow, max-snippet:-1, max-image-preview:large, max-video-preview:-1\" \/>\n<link rel=\"canonical\" href=\"https:\/\/marktxxl.de\/markt\/produkt\/lammfell-fusssack-fuer-kinderwagen-von-lanabest-schadstoffarm-hergestellt-in-deutschland-echtes-merino-lammfell-medizinisch-gegerbt-waschbar-oeko-tex-qualitaet-geschenkqualitaet-farbe-dunkelb\/\" \/>\n<meta property=\"og:locale\" content=\"de_DE\" \/>\n<meta property=\"og:type\" content=\"article\" \/>\n<meta property=\"og:title\" content=\"Lammfell Fu\u00dfsack f\u00fcr Kinderwagen von LANABEST. \u00d6ko-Tex-Qualit\u00e4t. Schadstoffarm. Deutsches Merino Lammfell, medizinisch\u2026 - Markt-XXL\" \/>\n<meta property=\"og:description\" content=\"Markt-XXL Lammfell Fu\u00dfsack f\u00fcr Kinderwagen von LANABEST. \u00d6ko-Tex-Qualit\u00e4t. Schadstoffarm. Deutsches Merino Lammfell, medizinisch\u2026\" \/>\n<meta property=\"og:url\" content=\"https:\/\/marktxxl.de\/markt\/produkt\/lammfell-fusssack-fuer-kinderwagen-von-lanabest-schadstoffarm-hergestellt-in-deutschland-echtes-merino-lammfell-medizinisch-gegerbt-waschbar-oeko-tex-qualitaet-geschenkqualitaet-farbe-dunkelb\/\" \/>\n<meta property=\"og:site_name\" content=\"Markt-XXL\" \/>\n<meta property=\"article:modified_time\" content=\"2023-04-09T23:24:14+00:00\" \/>\n<meta property=\"og:image\" content=\"https:\/\/m.media-amazon.com\/images\/I\/41LDgneO+EL._SL500_.jpg\" \/>\n\t<meta property=\"og:image:width\" content=\"272\" \/>\n\t<meta property=\"og:image:height\" content=\"500\" \/>\n\t<meta property=\"og:image:type\" content=\"image\/jpeg\" \/>\n<meta name=\"twitter:card\" content=\"summary_large_image\" \/>\n<meta name=\"twitter:label1\" content=\"Gesch\u00e4tzte Lesezeit\" \/>\n\t<meta name=\"twitter:data1\" content=\"1\u00a0Minute\" \/>\n<script type=\"application\/ld+json\" class=\"yoast-schema-graph\">{\"@context\":\"https:\\\/\\\/schema.org\",\"@graph\":[{\"@type\":\"WebPage\",\"@id\":\"https:\\\/\\\/marktxxl.de\\\/markt\\\/produkt\\\/lammfell-fusssack-fuer-kinderwagen-von-lanabest-schadstoffarm-hergestellt-in-deutschland-echtes-merino-lammfell-medizinisch-gegerbt-waschbar-oeko-tex-qualitaet-geschenkqualitaet-farbe-dunkelb\\\/\",\"url\":\"https:\\\/\\\/marktxxl.de\\\/markt\\\/produkt\\\/lammfell-fusssack-fuer-kinderwagen-von-lanabest-schadstoffarm-hergestellt-in-deutschland-echtes-merino-lammfell-medizinisch-gegerbt-waschbar-oeko-tex-qualitaet-geschenkqualitaet-farbe-dunkelb\\\/\",\"name\":\"Lammfell Fu\u00dfsack f\u00fcr Kinderwagen von LANABEST. \u00d6ko-Tex-Qualit\u00e4t. Schadstoffarm. Deutsches Merino Lammfell, medizinisch\u2026 - Markt-XXL\",\"isPartOf\":{\"@id\":\"https:\\\/\\\/marktxxl.de\\\/markt\\\/#website\"},\"primaryImageOfPage\":{\"@id\":\"https:\\\/\\\/marktxxl.de\\\/markt\\\/produkt\\\/lammfell-fusssack-fuer-kinderwagen-von-lanabest-schadstoffarm-hergestellt-in-deutschland-echtes-merino-lammfell-medizinisch-gegerbt-waschbar-oeko-tex-qualitaet-geschenkqualitaet-farbe-dunkelb\\\/#primaryimage\"},\"image\":{\"@id\":\"https:\\\/\\\/marktxxl.de\\\/markt\\\/produkt\\\/lammfell-fusssack-fuer-kinderwagen-von-lanabest-schadstoffarm-hergestellt-in-deutschland-echtes-merino-lammfell-medizinisch-gegerbt-waschbar-oeko-tex-qualitaet-geschenkqualitaet-farbe-dunkelb\\\/#primaryimage\"},\"thumbnailUrl\":\"https:\\\/\\\/m.media-amazon.com\\\/images\\\/I\\\/41LDgneO+EL._SL500_.jpg\",\"datePublished\":\"2021-09-12T20:09:29+00:00\",\"dateModified\":\"2023-04-09T23:24:14+00:00\",\"description\":\"Markt-XXL Lammfell Fu\u00dfsack f\u00fcr Kinderwagen von LANABEST. \u00d6ko-Tex-Qualit\u00e4t. Schadstoffarm. Deutsches Merino Lammfell, medizinisch\u2026\",\"breadcrumb\":{\"@id\":\"https:\\\/\\\/marktxxl.de\\\/markt\\\/produkt\\\/lammfell-fusssack-fuer-kinderwagen-von-lanabest-schadstoffarm-hergestellt-in-deutschland-echtes-merino-lammfell-medizinisch-gegerbt-waschbar-oeko-tex-qualitaet-geschenkqualitaet-farbe-dunkelb\\\/#breadcrumb\"},\"inLanguage\":\"de\",\"potentialAction\":[{\"@type\":\"ReadAction\",\"target\":[\"https:\\\/\\\/marktxxl.de\\\/markt\\\/produkt\\\/lammfell-fusssack-fuer-kinderwagen-von-lanabest-schadstoffarm-hergestellt-in-deutschland-echtes-merino-lammfell-medizinisch-gegerbt-waschbar-oeko-tex-qualitaet-geschenkqualitaet-farbe-dunkelb\\\/\"]}]},{\"@type\":\"ImageObject\",\"inLanguage\":\"de\",\"@id\":\"https:\\\/\\\/marktxxl.de\\\/markt\\\/produkt\\\/lammfell-fusssack-fuer-kinderwagen-von-lanabest-schadstoffarm-hergestellt-in-deutschland-echtes-merino-lammfell-medizinisch-gegerbt-waschbar-oeko-tex-qualitaet-geschenkqualitaet-farbe-dunkelb\\\/#primaryimage\",\"url\":\"https:\\\/\\\/m.media-amazon.com\\\/images\\\/I\\\/41LDgneO+EL._SL500_.jpg\",\"contentUrl\":\"https:\\\/\\\/m.media-amazon.com\\\/images\\\/I\\\/41LDgneO+EL._SL500_.jpg\",\"width\":272,\"height\":500},{\"@type\":\"BreadcrumbList\",\"@id\":\"https:\\\/\\\/marktxxl.de\\\/markt\\\/produkt\\\/lammfell-fusssack-fuer-kinderwagen-von-lanabest-schadstoffarm-hergestellt-in-deutschland-echtes-merino-lammfell-medizinisch-gegerbt-waschbar-oeko-tex-qualitaet-geschenkqualitaet-farbe-dunkelb\\\/#breadcrumb\",\"itemListElement\":[{\"@type\":\"ListItem\",\"position\":1,\"name\":\"Startseite\",\"item\":\"https:\\\/\\\/marktxxl.de\\\/markt\\\/\"},{\"@type\":\"ListItem\",\"position\":2,\"name\":\"Markt\",\"item\":\"https:\\\/\\\/marktxxl.de\\\/markt\\\/\"},{\"@type\":\"ListItem\",\"position\":3,\"name\":\"Lammfell Fu\u00dfsack f\u00fcr Kinderwagen von LANABEST. \u00d6ko-Tex-Qualit\u00e4t. Schadstoffarm. Deutsches Merino Lammfell, medizinisch\u2026\"}]},{\"@type\":\"WebSite\",\"@id\":\"https:\\\/\\\/marktxxl.de\\\/markt\\\/#website\",\"url\":\"https:\\\/\\\/marktxxl.de\\\/markt\\\/\",\"name\":\"Markt-XXL\",\"description\":\"Ihr Markt Online\",\"publisher\":{\"@id\":\"https:\\\/\\\/marktxxl.de\\\/markt\\\/#organization\"},\"potentialAction\":[{\"@type\":\"SearchAction\",\"target\":{\"@type\":\"EntryPoint\",\"urlTemplate\":\"https:\\\/\\\/marktxxl.de\\\/markt\\\/?s={search_term_string}\"},\"query-input\":{\"@type\":\"PropertyValueSpecification\",\"valueRequired\":true,\"valueName\":\"search_term_string\"}}],\"inLanguage\":\"de\"},{\"@type\":\"Organization\",\"@id\":\"https:\\\/\\\/marktxxl.de\\\/markt\\\/#organization\",\"name\":\"Markt-XXL\",\"url\":\"https:\\\/\\\/marktxxl.de\\\/markt\\\/\",\"logo\":{\"@type\":\"ImageObject\",\"inLanguage\":\"de\",\"@id\":\"https:\\\/\\\/marktxxl.de\\\/markt\\\/#\\\/schema\\\/logo\\\/image\\\/\",\"url\":\"https:\\\/\\\/marktxxl.de\\\/markt\\\/wp-content\\\/uploads\\\/sites\\\/3\\\/2020\\\/12\\\/logo.png\",\"contentUrl\":\"https:\\\/\\\/marktxxl.de\\\/markt\\\/wp-content\\\/uploads\\\/sites\\\/3\\\/2020\\\/12\\\/logo.png\",\"width\":200,\"height\":70,\"caption\":\"Markt-XXL\"},\"image\":{\"@id\":\"https:\\\/\\\/marktxxl.de\\\/markt\\\/#\\\/schema\\\/logo\\\/image\\\/\"}}]}<\/script>\n<!-- \/ Yoast SEO plugin. -->","yoast_head_json":{"title":"Lammfell Fu\u00dfsack f\u00fcr Kinderwagen von LANABEST. \u00d6ko-Tex-Qualit\u00e4t. Schadstoffarm. Deutsches Merino Lammfell, medizinisch\u2026 - Markt-XXL","description":"Markt-XXL Lammfell Fu\u00dfsack f\u00fcr Kinderwagen von LANABEST. \u00d6ko-Tex-Qualit\u00e4t. Schadstoffarm. Deutsches Merino Lammfell, medizinisch\u2026","robots":{"index":"index","follow":"follow","max-snippet":"max-snippet:-1","max-image-preview":"max-image-preview:large","max-video-preview":"max-video-preview:-1"},"canonical":"https:\/\/marktxxl.de\/markt\/produkt\/lammfell-fusssack-fuer-kinderwagen-von-lanabest-schadstoffarm-hergestellt-in-deutschland-echtes-merino-lammfell-medizinisch-gegerbt-waschbar-oeko-tex-qualitaet-geschenkqualitaet-farbe-dunkelb\/","og_locale":"de_DE","og_type":"article","og_title":"Lammfell Fu\u00dfsack f\u00fcr Kinderwagen von LANABEST. \u00d6ko-Tex-Qualit\u00e4t. Schadstoffarm. Deutsches Merino Lammfell, medizinisch\u2026 - Markt-XXL","og_description":"Markt-XXL Lammfell Fu\u00dfsack f\u00fcr Kinderwagen von LANABEST. \u00d6ko-Tex-Qualit\u00e4t. Schadstoffarm. Deutsches Merino Lammfell, medizinisch\u2026","og_url":"https:\/\/marktxxl.de\/markt\/produkt\/lammfell-fusssack-fuer-kinderwagen-von-lanabest-schadstoffarm-hergestellt-in-deutschland-echtes-merino-lammfell-medizinisch-gegerbt-waschbar-oeko-tex-qualitaet-geschenkqualitaet-farbe-dunkelb\/","og_site_name":"Markt-XXL","article_modified_time":"2023-04-09T23:24:14+00:00","og_image":[{"width":272,"height":500,"url":"https:\/\/m.media-amazon.com\/images\/I\/41LDgneO+EL._SL500_.jpg","type":"image\/jpeg"}],"twitter_card":"summary_large_image","twitter_misc":{"Gesch\u00e4tzte Lesezeit":"1\u00a0Minute"},"schema":{"@context":"https:\/\/schema.org","@graph":[{"@type":"WebPage","@id":"https:\/\/marktxxl.de\/markt\/produkt\/lammfell-fusssack-fuer-kinderwagen-von-lanabest-schadstoffarm-hergestellt-in-deutschland-echtes-merino-lammfell-medizinisch-gegerbt-waschbar-oeko-tex-qualitaet-geschenkqualitaet-farbe-dunkelb\/","url":"https:\/\/marktxxl.de\/markt\/produkt\/lammfell-fusssack-fuer-kinderwagen-von-lanabest-schadstoffarm-hergestellt-in-deutschland-echtes-merino-lammfell-medizinisch-gegerbt-waschbar-oeko-tex-qualitaet-geschenkqualitaet-farbe-dunkelb\/","name":"Lammfell Fu\u00dfsack f\u00fcr Kinderwagen von LANABEST. \u00d6ko-Tex-Qualit\u00e4t. Schadstoffarm. Deutsches Merino Lammfell, medizinisch\u2026 - Markt-XXL","isPartOf":{"@id":"https:\/\/marktxxl.de\/markt\/#website"},"primaryImageOfPage":{"@id":"https:\/\/marktxxl.de\/markt\/produkt\/lammfell-fusssack-fuer-kinderwagen-von-lanabest-schadstoffarm-hergestellt-in-deutschland-echtes-merino-lammfell-medizinisch-gegerbt-waschbar-oeko-tex-qualitaet-geschenkqualitaet-farbe-dunkelb\/#primaryimage"},"image":{"@id":"https:\/\/marktxxl.de\/markt\/produkt\/lammfell-fusssack-fuer-kinderwagen-von-lanabest-schadstoffarm-hergestellt-in-deutschland-echtes-merino-lammfell-medizinisch-gegerbt-waschbar-oeko-tex-qualitaet-geschenkqualitaet-farbe-dunkelb\/#primaryimage"},"thumbnailUrl":"https:\/\/m.media-amazon.com\/images\/I\/41LDgneO+EL._SL500_.jpg","datePublished":"2021-09-12T20:09:29+00:00","dateModified":"2023-04-09T23:24:14+00:00","description":"Markt-XXL Lammfell Fu\u00dfsack f\u00fcr Kinderwagen von LANABEST. \u00d6ko-Tex-Qualit\u00e4t. Schadstoffarm. Deutsches Merino Lammfell, medizinisch\u2026","breadcrumb":{"@id":"https:\/\/marktxxl.de\/markt\/produkt\/lammfell-fusssack-fuer-kinderwagen-von-lanabest-schadstoffarm-hergestellt-in-deutschland-echtes-merino-lammfell-medizinisch-gegerbt-waschbar-oeko-tex-qualitaet-geschenkqualitaet-farbe-dunkelb\/#breadcrumb"},"inLanguage":"de","potentialAction":[{"@type":"ReadAction","target":["https:\/\/marktxxl.de\/markt\/produkt\/lammfell-fusssack-fuer-kinderwagen-von-lanabest-schadstoffarm-hergestellt-in-deutschland-echtes-merino-lammfell-medizinisch-gegerbt-waschbar-oeko-tex-qualitaet-geschenkqualitaet-farbe-dunkelb\/"]}]},{"@type":"ImageObject","inLanguage":"de","@id":"https:\/\/marktxxl.de\/markt\/produkt\/lammfell-fusssack-fuer-kinderwagen-von-lanabest-schadstoffarm-hergestellt-in-deutschland-echtes-merino-lammfell-medizinisch-gegerbt-waschbar-oeko-tex-qualitaet-geschenkqualitaet-farbe-dunkelb\/#primaryimage","url":"https:\/\/m.media-amazon.com\/images\/I\/41LDgneO+EL._SL500_.jpg","contentUrl":"https:\/\/m.media-amazon.com\/images\/I\/41LDgneO+EL._SL500_.jpg","width":272,"height":500},{"@type":"BreadcrumbList","@id":"https:\/\/marktxxl.de\/markt\/produkt\/lammfell-fusssack-fuer-kinderwagen-von-lanabest-schadstoffarm-hergestellt-in-deutschland-echtes-merino-lammfell-medizinisch-gegerbt-waschbar-oeko-tex-qualitaet-geschenkqualitaet-farbe-dunkelb\/#breadcrumb","itemListElement":[{"@type":"ListItem","position":1,"name":"Startseite","item":"https:\/\/marktxxl.de\/markt\/"},{"@type":"ListItem","position":2,"name":"Markt","item":"https:\/\/marktxxl.de\/markt\/"},{"@type":"ListItem","position":3,"name":"Lammfell Fu\u00dfsack f\u00fcr Kinderwagen von LANABEST. \u00d6ko-Tex-Qualit\u00e4t. Schadstoffarm. Deutsches Merino Lammfell, medizinisch\u2026"}]},{"@type":"WebSite","@id":"https:\/\/marktxxl.de\/markt\/#website","url":"https:\/\/marktxxl.de\/markt\/","name":"Markt-XXL","description":"Ihr Markt Online","publisher":{"@id":"https:\/\/marktxxl.de\/markt\/#organization"},"potentialAction":[{"@type":"SearchAction","target":{"@type":"EntryPoint","urlTemplate":"https:\/\/marktxxl.de\/markt\/?s={search_term_string}"},"query-input":{"@type":"PropertyValueSpecification","valueRequired":true,"valueName":"search_term_string"}}],"inLanguage":"de"},{"@type":"Organization","@id":"https:\/\/marktxxl.de\/markt\/#organization","name":"Markt-XXL","url":"https:\/\/marktxxl.de\/markt\/","logo":{"@type":"ImageObject","inLanguage":"de","@id":"https:\/\/marktxxl.de\/markt\/#\/schema\/logo\/image\/","url":"https:\/\/marktxxl.de\/markt\/wp-content\/uploads\/sites\/3\/2020\/12\/logo.png","contentUrl":"https:\/\/marktxxl.de\/markt\/wp-content\/uploads\/sites\/3\/2020\/12\/logo.png","width":200,"height":70,"caption":"Markt-XXL"},"image":{"@id":"https:\/\/marktxxl.de\/markt\/#\/schema\/logo\/image\/"}}]}},"_links":{"self":[{"href":"https:\/\/marktxxl.de\/markt\/wp-json\/wp\/v2\/product\/29021","targetHints":{"allow":["GET"]}}],"collection":[{"href":"https:\/\/marktxxl.de\/markt\/wp-json\/wp\/v2\/product"}],"about":[{"href":"https:\/\/marktxxl.de\/markt\/wp-json\/wp\/v2\/types\/product"}],"replies":[{"embeddable":true,"href":"https:\/\/marktxxl.de\/markt\/wp-json\/wp\/v2\/comments?post=29021"}],"wp:featuredmedia":[{"embeddable":true,"href":"https:\/\/marktxxl.de\/markt\/wp-json\/wp\/v2\/media\/29022"}],"wp:attachment":[{"href":"https:\/\/marktxxl.de\/markt\/wp-json\/wp\/v2\/media?parent=29021"}],"wp:term":[{"taxonomy":"product_brand","embeddable":true,"href":"https:\/\/marktxxl.de\/markt\/wp-json\/wp\/v2\/product_brand?post=29021"},{"taxonomy":"product_cat","embeddable":true,"href":"https:\/\/marktxxl.de\/markt\/wp-json\/wp\/v2\/product_cat?post=29021"},{"taxonomy":"product_tag","embeddable":true,"href":"https:\/\/marktxxl.de\/markt\/wp-json\/wp\/v2\/product_tag?post=29021"}],"curies":[{"name":"wp","href":"https:\/\/api.w.org\/{rel}","templated":true}]}}