{"id":28898,"date":"2021-09-12T22:06:40","date_gmt":"2021-09-12T20:06:40","guid":{"rendered":"https:\/\/marktxxl.de\/markt\/produkt\/edelstahl-tuerschild-mit-gravur-namensschilder-briefkastenschild-selbstklebend-oder-mit-bohrloecher-versch-groessen-ab-7x2-cm-eckig-klingelschild-tuerschilder-fuer-die-haustuer-mit-namen\/"},"modified":"2023-04-11T01:37:16","modified_gmt":"2023-04-10T23:37:16","slug":"edelstahl-tuerschild-mit-gravur-namensschilder-briefkastenschild-selbstklebend-oder-mit-bohrloecher-versch-groessen-ab-7x2-cm-eckig-klingelschild-tuerschilder-fuer-die-haustuer-mit-namen","status":"publish","type":"product","link":"https:\/\/marktxxl.de\/markt\/produkt\/edelstahl-tuerschild-mit-gravur-namensschilder-briefkastenschild-selbstklebend-oder-mit-bohrloecher-versch-groessen-ab-7x2-cm-eckig-klingelschild-tuerschilder-fuer-die-haustuer-mit-namen\/","title":{"rendered":"Edelstahl Haust\u00fcr o. Briefkasten Schild mit Gravur | Namensschild T\u00fcrschild individuell gestalten &#8211; wetterfeste Schilder\u2026"},"content":{"rendered":"<p>Gravierte Familienschilder \/ T\u00fcrschilder f\u00fcr die Haust\u00fcr mit Ihrem Namen \/ Ihrer Wunschgravur \/ unser Sortiment umfasst T\u00fcrschilder aus Edelstahl, Acrylglas oder aus Schiefer in versch. Formen, Varianten und Gr\u00f6\u00dfen. Besuchen Sie dazu einfach unseren Shop CHRISCK design (blauer Link unterhalb des Titels) weitere Gr\u00f6\u00dfen unter Schritt 2<br \/>\nEin graviertes Namensschild rechteckig ab 7&#215;2 cm (Musterfoto), 8&#215;2 cm, 8&#215;3,5 cm 8&#215;5 cm 9&#215;6 cm &#8211; wahlweise blank, selbstklebend oder mit Bohrloch | Wir verwenden ausschlie\u00dflich hochwertiges Material. Markenklebeband von 3M, lasergeschnittene Edelstahlschilder (kein Zuschnitt mit einer Schlagschere, so haben Sie auch sch\u00f6ne Kanten!)<br \/>\nSie k\u00f6nnen die Gravurdaten f\u00fcr die Schilder unter &#8220;Jetzt anpassen&#8221; angeben. Selbstverst\u00e4ndlich passen wir die Beschriftung in H\u00f6he und Ausrichtung an! Weitere Informationen finden Sie in der Artikelbeschreibung<br \/>\nWir gravieren Ihnen das Familienschild mit einem hochwertigen Industrielaser. Verwendungszweck: B\u00fcro Firma Haust\u00fcr Briefkasten Hotel Garten T\u00fcrklingel WC-Schild Hochzeitsschild Geschenkidee Verbotsschild Hinweisschild &#8221; gestiftet f\u00fcr &#8221; Wohnungst\u00fcr Praxisschild Au\u00dfenbereich Innenbereich Kinderzimmer Bad Pokalschild Firmenschild Familienschild<br \/>\n<div class=\"main-cross-sell\" data-asin=\"B017SLK206\">\n\n\t<div class=\"WooZone-cross-sell-loader\">\n\t\t<div>\n\t\t\t<div id=\"floatingBarsG\">\n\t\t\t\t<div class=\"blockG\" id=\"rotateG_01\"><\/div>\n\t\t\t\t<div class=\"blockG\" id=\"rotateG_02\"><\/div>\n\t\t\t\t<div class=\"blockG\" id=\"rotateG_03\"><\/div>\n\t\t\t\t<div class=\"blockG\" id=\"rotateG_04\"><\/div>\n\t\t\t\t<div class=\"blockG\" id=\"rotateG_05\"><\/div>\n\t\t\t\t<div class=\"blockG\" id=\"rotateG_06\"><\/div>\n\t\t\t\t<div class=\"blockG\" id=\"rotateG_07\"><\/div>\n\t\t\t\t<div class=\"blockG\" id=\"rotateG_08\"><\/div>\n\t\t\t<\/div>\n\t\t\t<div class=\"WooZone-cross-sell-loader-text\"><\/div>\n\t\t<\/div>\n\t<\/div>\n\n\t\t\n<\/div>\n<div style=\"clear:both;\"><\/div><\/p>\n","protected":false},"excerpt":{"rendered":"<p>Gravierte Familienschilder \/ T\u00fcrschilder f\u00fcr die Haust\u00fcr mit Ihrem Namen \/ Ihrer Wunschgravur \/ unser Sortiment umfasst T\u00fcrschilder aus Edelstahl, Acrylglas oder aus Schiefer in versch. Formen, Varianten und Gr\u00f6\u00dfen. Besuchen Sie dazu einfach unseren Shop CHRISCK design (blauer Link unterhalb des Titels) weitere Gr\u00f6\u00dfen unter Schritt 2<br \/>\nEin graviertes Namensschild rechteckig ab 7&#215;2 cm (Musterfoto), 8&#215;2 cm, 8&#215;3,5 cm 8&#215;5 cm 9&#215;6 cm &#8211; wahlweise blank, selbstklebend oder mit Bohrloch | Wir verwenden ausschlie\u00dflich hochwertiges Material. Markenklebeband von 3M, lasergeschnittene Edelstahlschilder (kein Zuschnitt mit einer Schlagschere, so haben Sie auch sch\u00f6ne Kanten!)<br \/>\nSie k\u00f6nnen die Gravurdaten f\u00fcr die Schilder unter &#8220;Jetzt anpassen&#8221; angeben. Selbstverst\u00e4ndlich passen wir die Beschriftung in H\u00f6he und Ausrichtung an! Weitere Informationen finden Sie in der Artikelbeschreibung<\/p>\n","protected":false},"featured_media":28899,"comment_status":"open","ping_status":"closed","template":"","meta":[],"product_brand":[],"product_cat":[1983,10865],"product_tag":[],"class_list":{"0":"post-28898","1":"product","2":"type-product","3":"status-publish","4":"has-post-thumbnail","6":"product_cat-baumarkt","7":"product_cat-eisenwaren","8":"pa_brand-chrisck-design","9":"pa_manufacturer-chrisck-design","10":"pa_size-7x2-8x2-8x35-8x5-9x6-cm","11":"pa_warranty-2-jahre","13":"first","14":"instock","15":"shipping-taxable","16":"purchasable","17":"product-type-simple","18":"customify-col","19":"product-has-gallery"},"yoast_head":"<!-- This site is optimized with the Yoast SEO plugin v27.4 - https:\/\/yoast.com\/product\/yoast-seo-wordpress\/ -->\n<title>Edelstahl Haust\u00fcr o. Briefkasten Schild mit Gravur | Namensschild T\u00fcrschild individuell gestalten - wetterfeste Schilder\u2026 - Markt-XXL<\/title>\n<meta name=\"description\" content=\"Markt-XXL Edelstahl Haust\u00fcr o. Briefkasten Schild mit Gravur | Namensschild T\u00fcrschild individuell gestalten - wetterfeste Schilder\u2026\" \/>\n<meta name=\"robots\" content=\"index, follow, max-snippet:-1, max-image-preview:large, max-video-preview:-1\" \/>\n<link rel=\"canonical\" href=\"https:\/\/marktxxl.de\/markt\/produkt\/edelstahl-tuerschild-mit-gravur-namensschilder-briefkastenschild-selbstklebend-oder-mit-bohrloecher-versch-groessen-ab-7x2-cm-eckig-klingelschild-tuerschilder-fuer-die-haustuer-mit-namen\/\" \/>\n<meta property=\"og:locale\" content=\"de_DE\" \/>\n<meta property=\"og:type\" content=\"article\" \/>\n<meta property=\"og:title\" content=\"Edelstahl Haust\u00fcr o. Briefkasten Schild mit Gravur | Namensschild T\u00fcrschild individuell gestalten - wetterfeste Schilder\u2026 - Markt-XXL\" \/>\n<meta property=\"og:description\" content=\"Markt-XXL Edelstahl Haust\u00fcr o. Briefkasten Schild mit Gravur | Namensschild T\u00fcrschild individuell gestalten - wetterfeste Schilder\u2026\" \/>\n<meta property=\"og:url\" content=\"https:\/\/marktxxl.de\/markt\/produkt\/edelstahl-tuerschild-mit-gravur-namensschilder-briefkastenschild-selbstklebend-oder-mit-bohrloecher-versch-groessen-ab-7x2-cm-eckig-klingelschild-tuerschilder-fuer-die-haustuer-mit-namen\/\" \/>\n<meta property=\"og:site_name\" content=\"Markt-XXL\" \/>\n<meta property=\"article:modified_time\" content=\"2023-04-10T23:37:16+00:00\" \/>\n<meta property=\"og:image\" content=\"https:\/\/m.media-amazon.com\/images\/I\/31+jDmg8tXL._SL500_.jpg\" \/>\n\t<meta property=\"og:image:width\" content=\"500\" \/>\n\t<meta property=\"og:image:height\" content=\"432\" \/>\n\t<meta property=\"og:image:type\" content=\"image\/jpeg\" \/>\n<meta name=\"twitter:card\" content=\"summary_large_image\" \/>\n<meta name=\"twitter:label1\" content=\"Gesch\u00e4tzte Lesezeit\" \/>\n\t<meta name=\"twitter:data1\" content=\"1\u00a0Minute\" \/>\n<script type=\"application\/ld+json\" class=\"yoast-schema-graph\">{\"@context\":\"https:\\\/\\\/schema.org\",\"@graph\":[{\"@type\":\"WebPage\",\"@id\":\"https:\\\/\\\/marktxxl.de\\\/markt\\\/produkt\\\/edelstahl-tuerschild-mit-gravur-namensschilder-briefkastenschild-selbstklebend-oder-mit-bohrloecher-versch-groessen-ab-7x2-cm-eckig-klingelschild-tuerschilder-fuer-die-haustuer-mit-namen\\\/\",\"url\":\"https:\\\/\\\/marktxxl.de\\\/markt\\\/produkt\\\/edelstahl-tuerschild-mit-gravur-namensschilder-briefkastenschild-selbstklebend-oder-mit-bohrloecher-versch-groessen-ab-7x2-cm-eckig-klingelschild-tuerschilder-fuer-die-haustuer-mit-namen\\\/\",\"name\":\"Edelstahl Haust\u00fcr o. Briefkasten Schild mit Gravur | Namensschild T\u00fcrschild individuell gestalten - wetterfeste Schilder\u2026 - Markt-XXL\",\"isPartOf\":{\"@id\":\"https:\\\/\\\/marktxxl.de\\\/markt\\\/#website\"},\"primaryImageOfPage\":{\"@id\":\"https:\\\/\\\/marktxxl.de\\\/markt\\\/produkt\\\/edelstahl-tuerschild-mit-gravur-namensschilder-briefkastenschild-selbstklebend-oder-mit-bohrloecher-versch-groessen-ab-7x2-cm-eckig-klingelschild-tuerschilder-fuer-die-haustuer-mit-namen\\\/#primaryimage\"},\"image\":{\"@id\":\"https:\\\/\\\/marktxxl.de\\\/markt\\\/produkt\\\/edelstahl-tuerschild-mit-gravur-namensschilder-briefkastenschild-selbstklebend-oder-mit-bohrloecher-versch-groessen-ab-7x2-cm-eckig-klingelschild-tuerschilder-fuer-die-haustuer-mit-namen\\\/#primaryimage\"},\"thumbnailUrl\":\"https:\\\/\\\/m.media-amazon.com\\\/images\\\/I\\\/31+jDmg8tXL._SL500_.jpg\",\"datePublished\":\"2021-09-12T20:06:40+00:00\",\"dateModified\":\"2023-04-10T23:37:16+00:00\",\"description\":\"Markt-XXL Edelstahl Haust\u00fcr o. Briefkasten Schild mit Gravur | Namensschild T\u00fcrschild individuell gestalten - wetterfeste Schilder\u2026\",\"breadcrumb\":{\"@id\":\"https:\\\/\\\/marktxxl.de\\\/markt\\\/produkt\\\/edelstahl-tuerschild-mit-gravur-namensschilder-briefkastenschild-selbstklebend-oder-mit-bohrloecher-versch-groessen-ab-7x2-cm-eckig-klingelschild-tuerschilder-fuer-die-haustuer-mit-namen\\\/#breadcrumb\"},\"inLanguage\":\"de\",\"potentialAction\":[{\"@type\":\"ReadAction\",\"target\":[\"https:\\\/\\\/marktxxl.de\\\/markt\\\/produkt\\\/edelstahl-tuerschild-mit-gravur-namensschilder-briefkastenschild-selbstklebend-oder-mit-bohrloecher-versch-groessen-ab-7x2-cm-eckig-klingelschild-tuerschilder-fuer-die-haustuer-mit-namen\\\/\"]}]},{\"@type\":\"ImageObject\",\"inLanguage\":\"de\",\"@id\":\"https:\\\/\\\/marktxxl.de\\\/markt\\\/produkt\\\/edelstahl-tuerschild-mit-gravur-namensschilder-briefkastenschild-selbstklebend-oder-mit-bohrloecher-versch-groessen-ab-7x2-cm-eckig-klingelschild-tuerschilder-fuer-die-haustuer-mit-namen\\\/#primaryimage\",\"url\":\"https:\\\/\\\/m.media-amazon.com\\\/images\\\/I\\\/31+jDmg8tXL._SL500_.jpg\",\"contentUrl\":\"https:\\\/\\\/m.media-amazon.com\\\/images\\\/I\\\/31+jDmg8tXL._SL500_.jpg\",\"width\":500,\"height\":432},{\"@type\":\"BreadcrumbList\",\"@id\":\"https:\\\/\\\/marktxxl.de\\\/markt\\\/produkt\\\/edelstahl-tuerschild-mit-gravur-namensschilder-briefkastenschild-selbstklebend-oder-mit-bohrloecher-versch-groessen-ab-7x2-cm-eckig-klingelschild-tuerschilder-fuer-die-haustuer-mit-namen\\\/#breadcrumb\",\"itemListElement\":[{\"@type\":\"ListItem\",\"position\":1,\"name\":\"Startseite\",\"item\":\"https:\\\/\\\/marktxxl.de\\\/markt\\\/\"},{\"@type\":\"ListItem\",\"position\":2,\"name\":\"Markt\",\"item\":\"https:\\\/\\\/marktxxl.de\\\/markt\\\/\"},{\"@type\":\"ListItem\",\"position\":3,\"name\":\"Edelstahl Haust\u00fcr o. Briefkasten Schild mit Gravur | Namensschild T\u00fcrschild individuell gestalten &#8211; wetterfeste Schilder\u2026\"}]},{\"@type\":\"WebSite\",\"@id\":\"https:\\\/\\\/marktxxl.de\\\/markt\\\/#website\",\"url\":\"https:\\\/\\\/marktxxl.de\\\/markt\\\/\",\"name\":\"Markt-XXL\",\"description\":\"Ihr Markt Online\",\"publisher\":{\"@id\":\"https:\\\/\\\/marktxxl.de\\\/markt\\\/#organization\"},\"potentialAction\":[{\"@type\":\"SearchAction\",\"target\":{\"@type\":\"EntryPoint\",\"urlTemplate\":\"https:\\\/\\\/marktxxl.de\\\/markt\\\/?s={search_term_string}\"},\"query-input\":{\"@type\":\"PropertyValueSpecification\",\"valueRequired\":true,\"valueName\":\"search_term_string\"}}],\"inLanguage\":\"de\"},{\"@type\":\"Organization\",\"@id\":\"https:\\\/\\\/marktxxl.de\\\/markt\\\/#organization\",\"name\":\"Markt-XXL\",\"url\":\"https:\\\/\\\/marktxxl.de\\\/markt\\\/\",\"logo\":{\"@type\":\"ImageObject\",\"inLanguage\":\"de\",\"@id\":\"https:\\\/\\\/marktxxl.de\\\/markt\\\/#\\\/schema\\\/logo\\\/image\\\/\",\"url\":\"https:\\\/\\\/marktxxl.de\\\/markt\\\/wp-content\\\/uploads\\\/sites\\\/3\\\/2020\\\/12\\\/logo.png\",\"contentUrl\":\"https:\\\/\\\/marktxxl.de\\\/markt\\\/wp-content\\\/uploads\\\/sites\\\/3\\\/2020\\\/12\\\/logo.png\",\"width\":200,\"height\":70,\"caption\":\"Markt-XXL\"},\"image\":{\"@id\":\"https:\\\/\\\/marktxxl.de\\\/markt\\\/#\\\/schema\\\/logo\\\/image\\\/\"}}]}<\/script>\n<!-- \/ Yoast SEO plugin. -->","yoast_head_json":{"title":"Edelstahl Haust\u00fcr o. Briefkasten Schild mit Gravur | Namensschild T\u00fcrschild individuell gestalten - wetterfeste Schilder\u2026 - Markt-XXL","description":"Markt-XXL Edelstahl Haust\u00fcr o. Briefkasten Schild mit Gravur | Namensschild T\u00fcrschild individuell gestalten - wetterfeste Schilder\u2026","robots":{"index":"index","follow":"follow","max-snippet":"max-snippet:-1","max-image-preview":"max-image-preview:large","max-video-preview":"max-video-preview:-1"},"canonical":"https:\/\/marktxxl.de\/markt\/produkt\/edelstahl-tuerschild-mit-gravur-namensschilder-briefkastenschild-selbstklebend-oder-mit-bohrloecher-versch-groessen-ab-7x2-cm-eckig-klingelschild-tuerschilder-fuer-die-haustuer-mit-namen\/","og_locale":"de_DE","og_type":"article","og_title":"Edelstahl Haust\u00fcr o. Briefkasten Schild mit Gravur | Namensschild T\u00fcrschild individuell gestalten - wetterfeste Schilder\u2026 - Markt-XXL","og_description":"Markt-XXL Edelstahl Haust\u00fcr o. Briefkasten Schild mit Gravur | Namensschild T\u00fcrschild individuell gestalten - wetterfeste Schilder\u2026","og_url":"https:\/\/marktxxl.de\/markt\/produkt\/edelstahl-tuerschild-mit-gravur-namensschilder-briefkastenschild-selbstklebend-oder-mit-bohrloecher-versch-groessen-ab-7x2-cm-eckig-klingelschild-tuerschilder-fuer-die-haustuer-mit-namen\/","og_site_name":"Markt-XXL","article_modified_time":"2023-04-10T23:37:16+00:00","og_image":[{"width":500,"height":432,"url":"https:\/\/m.media-amazon.com\/images\/I\/31+jDmg8tXL._SL500_.jpg","type":"image\/jpeg"}],"twitter_card":"summary_large_image","twitter_misc":{"Gesch\u00e4tzte Lesezeit":"1\u00a0Minute"},"schema":{"@context":"https:\/\/schema.org","@graph":[{"@type":"WebPage","@id":"https:\/\/marktxxl.de\/markt\/produkt\/edelstahl-tuerschild-mit-gravur-namensschilder-briefkastenschild-selbstklebend-oder-mit-bohrloecher-versch-groessen-ab-7x2-cm-eckig-klingelschild-tuerschilder-fuer-die-haustuer-mit-namen\/","url":"https:\/\/marktxxl.de\/markt\/produkt\/edelstahl-tuerschild-mit-gravur-namensschilder-briefkastenschild-selbstklebend-oder-mit-bohrloecher-versch-groessen-ab-7x2-cm-eckig-klingelschild-tuerschilder-fuer-die-haustuer-mit-namen\/","name":"Edelstahl Haust\u00fcr o. Briefkasten Schild mit Gravur | Namensschild T\u00fcrschild individuell gestalten - wetterfeste Schilder\u2026 - Markt-XXL","isPartOf":{"@id":"https:\/\/marktxxl.de\/markt\/#website"},"primaryImageOfPage":{"@id":"https:\/\/marktxxl.de\/markt\/produkt\/edelstahl-tuerschild-mit-gravur-namensschilder-briefkastenschild-selbstklebend-oder-mit-bohrloecher-versch-groessen-ab-7x2-cm-eckig-klingelschild-tuerschilder-fuer-die-haustuer-mit-namen\/#primaryimage"},"image":{"@id":"https:\/\/marktxxl.de\/markt\/produkt\/edelstahl-tuerschild-mit-gravur-namensschilder-briefkastenschild-selbstklebend-oder-mit-bohrloecher-versch-groessen-ab-7x2-cm-eckig-klingelschild-tuerschilder-fuer-die-haustuer-mit-namen\/#primaryimage"},"thumbnailUrl":"https:\/\/m.media-amazon.com\/images\/I\/31+jDmg8tXL._SL500_.jpg","datePublished":"2021-09-12T20:06:40+00:00","dateModified":"2023-04-10T23:37:16+00:00","description":"Markt-XXL Edelstahl Haust\u00fcr o. Briefkasten Schild mit Gravur | Namensschild T\u00fcrschild individuell gestalten - wetterfeste Schilder\u2026","breadcrumb":{"@id":"https:\/\/marktxxl.de\/markt\/produkt\/edelstahl-tuerschild-mit-gravur-namensschilder-briefkastenschild-selbstklebend-oder-mit-bohrloecher-versch-groessen-ab-7x2-cm-eckig-klingelschild-tuerschilder-fuer-die-haustuer-mit-namen\/#breadcrumb"},"inLanguage":"de","potentialAction":[{"@type":"ReadAction","target":["https:\/\/marktxxl.de\/markt\/produkt\/edelstahl-tuerschild-mit-gravur-namensschilder-briefkastenschild-selbstklebend-oder-mit-bohrloecher-versch-groessen-ab-7x2-cm-eckig-klingelschild-tuerschilder-fuer-die-haustuer-mit-namen\/"]}]},{"@type":"ImageObject","inLanguage":"de","@id":"https:\/\/marktxxl.de\/markt\/produkt\/edelstahl-tuerschild-mit-gravur-namensschilder-briefkastenschild-selbstklebend-oder-mit-bohrloecher-versch-groessen-ab-7x2-cm-eckig-klingelschild-tuerschilder-fuer-die-haustuer-mit-namen\/#primaryimage","url":"https:\/\/m.media-amazon.com\/images\/I\/31+jDmg8tXL._SL500_.jpg","contentUrl":"https:\/\/m.media-amazon.com\/images\/I\/31+jDmg8tXL._SL500_.jpg","width":500,"height":432},{"@type":"BreadcrumbList","@id":"https:\/\/marktxxl.de\/markt\/produkt\/edelstahl-tuerschild-mit-gravur-namensschilder-briefkastenschild-selbstklebend-oder-mit-bohrloecher-versch-groessen-ab-7x2-cm-eckig-klingelschild-tuerschilder-fuer-die-haustuer-mit-namen\/#breadcrumb","itemListElement":[{"@type":"ListItem","position":1,"name":"Startseite","item":"https:\/\/marktxxl.de\/markt\/"},{"@type":"ListItem","position":2,"name":"Markt","item":"https:\/\/marktxxl.de\/markt\/"},{"@type":"ListItem","position":3,"name":"Edelstahl Haust\u00fcr o. Briefkasten Schild mit Gravur | Namensschild T\u00fcrschild individuell gestalten &#8211; wetterfeste Schilder\u2026"}]},{"@type":"WebSite","@id":"https:\/\/marktxxl.de\/markt\/#website","url":"https:\/\/marktxxl.de\/markt\/","name":"Markt-XXL","description":"Ihr Markt Online","publisher":{"@id":"https:\/\/marktxxl.de\/markt\/#organization"},"potentialAction":[{"@type":"SearchAction","target":{"@type":"EntryPoint","urlTemplate":"https:\/\/marktxxl.de\/markt\/?s={search_term_string}"},"query-input":{"@type":"PropertyValueSpecification","valueRequired":true,"valueName":"search_term_string"}}],"inLanguage":"de"},{"@type":"Organization","@id":"https:\/\/marktxxl.de\/markt\/#organization","name":"Markt-XXL","url":"https:\/\/marktxxl.de\/markt\/","logo":{"@type":"ImageObject","inLanguage":"de","@id":"https:\/\/marktxxl.de\/markt\/#\/schema\/logo\/image\/","url":"https:\/\/marktxxl.de\/markt\/wp-content\/uploads\/sites\/3\/2020\/12\/logo.png","contentUrl":"https:\/\/marktxxl.de\/markt\/wp-content\/uploads\/sites\/3\/2020\/12\/logo.png","width":200,"height":70,"caption":"Markt-XXL"},"image":{"@id":"https:\/\/marktxxl.de\/markt\/#\/schema\/logo\/image\/"}}]}},"_links":{"self":[{"href":"https:\/\/marktxxl.de\/markt\/wp-json\/wp\/v2\/product\/28898","targetHints":{"allow":["GET"]}}],"collection":[{"href":"https:\/\/marktxxl.de\/markt\/wp-json\/wp\/v2\/product"}],"about":[{"href":"https:\/\/marktxxl.de\/markt\/wp-json\/wp\/v2\/types\/product"}],"replies":[{"embeddable":true,"href":"https:\/\/marktxxl.de\/markt\/wp-json\/wp\/v2\/comments?post=28898"}],"wp:featuredmedia":[{"embeddable":true,"href":"https:\/\/marktxxl.de\/markt\/wp-json\/wp\/v2\/media\/28899"}],"wp:attachment":[{"href":"https:\/\/marktxxl.de\/markt\/wp-json\/wp\/v2\/media?parent=28898"}],"wp:term":[{"taxonomy":"product_brand","embeddable":true,"href":"https:\/\/marktxxl.de\/markt\/wp-json\/wp\/v2\/product_brand?post=28898"},{"taxonomy":"product_cat","embeddable":true,"href":"https:\/\/marktxxl.de\/markt\/wp-json\/wp\/v2\/product_cat?post=28898"},{"taxonomy":"product_tag","embeddable":true,"href":"https:\/\/marktxxl.de\/markt\/wp-json\/wp\/v2\/product_tag?post=28898"}],"curies":[{"name":"wp","href":"https:\/\/api.w.org\/{rel}","templated":true}]}}