{"id":28883,"date":"2021-09-12T22:06:36","date_gmt":"2021-09-12T20:06:36","guid":{"rendered":"https:\/\/marktxxl.de\/markt\/produkt\/aomees-uv-taschenlampe-led-extrem-hell-zoombar-rotlich-und-weisses-licht-cob-arbeitsleuchte-usb-aufladbare-taschenlampe-mit-starke-magnet-7-modi-395nm-uv-fuer-banknoten-urin-mit-18650-akku\/"},"modified":"2023-04-11T01:37:16","modified_gmt":"2023-04-10T23:37:16","slug":"aomees-uv-taschenlampe-led-extrem-hell-zoombar-rotlich-und-weisses-licht-cob-arbeitsleuchte-usb-aufladbare-taschenlampe-mit-starke-magnet-7-modi-395nm-uv-fuer-banknoten-urin-mit-18650-akku","status":"publish","type":"product","link":"https:\/\/marktxxl.de\/markt\/produkt\/aomees-uv-taschenlampe-led-extrem-hell-zoombar-rotlich-und-weisses-licht-cob-arbeitsleuchte-usb-aufladbare-taschenlampe-mit-starke-magnet-7-modi-395nm-uv-fuer-banknoten-urin-mit-18650-akku\/","title":{"rendered":"AOMEES UV Taschenlampe LED Extrem Hell, Zoombar, Rotlich und Wei\u00dfes Licht COB Arbeitsleuchte, USB Aufladbare\u2026"},"content":{"rendered":"<p>\u3010Sicherheitsleben\u3011Stellen Sie sicher, sicher vor fluoreszierenden Agent, diese UV LED taschenlampe lassen Sie wissen, ob babykleidung oder Ihre Kosmetika enthalten fluoreszierende Aufheller, wird es blaues Licht zeigen, wenn der Artikel, der fluoreszierende Aufheller enthalten, sonst wird violettes Licht in der normalen (Bitte beachten Sie, dass das UV-Licht wird nicht funktionieren, wenn die Spannung niedriger als 3V).<br \/>\n\u30107 Beleuchtungsmodi &amp; batteriebetrieben\u3011Merkmale Hoch\/Niedrig\/SOS\/UV\/Wei\u00df COB\/Rot COB\/ Rot und Wei\u00df Blitz insgesamt 7 Arten von Beleuchtungsmodi, einfacher Moduswechsel durch leichtes Antippen der Taste. Die taschenlampe aufladbar ist klein und fein geformt, Gr\u00f6\u00dfe 145*34 mm\/117.6g, praktisch f\u00fcr tragbare Ger\u00e4te, und die Taschenlampe mit 1200mha18650 Batterie, kompatibel mit USB-Ladung.<br \/>\n\u3010IPX5 Wasserdicht &amp; Magnetischer Griff\u3011Die arbeitsleuchte ist IPX5 wasserdicht, sie wird nicht besch\u00e4digt, wenn sie an nassen oder regnerischen Tagen benutzt wird, aber bitte tauchen Sie sie nicht direkt ins Wasser. Taktische taschenlampe mit Magnet, kann es 1.5-2 kg St\u00e4rke halten. Ideal f\u00fcr Sie, wenn Sie etwas mit den H\u00e4nden in dunkler Umgebung reparieren m\u00fcssen.<br \/>\n\u3010Teleskopischer Zoom &amp; Ainstellbarer Fokus\u3011Der Weit- bis Schmalstrahl-Zoom der Taschenlampe kann die Lichtintensit\u00e4t oder den Beleuchtungsbereich mit einem einfach zu bedienenden Kopfzugzoom einstellen. Sie k\u00f6nnen den Fokusbereich f\u00fcr verschiedene Anwendungen einstellen, indem Sie ihn strecken, um den Fokus einzustellen und den ben\u00f6tigten Spot- und Flutstrahl zu erhalten.<br \/>\n\u3010Praktische Anwendung\u3011Diese Schwarzlicht Taschenlampe kann bei identify authentifizieren verwendet werden, mit einer UV lampe k\u00f6nnen Haustierflecken leicht gefunden werden. Sie kann Pilze in Lebensmitteln aufsp\u00fcren und pr\u00fcfen, ob Banknoten und Scheine gef\u00e4lscht wurden, was bei der Begutachtung von Antiquit\u00e4ten hilfreich sein kann.<br \/>\n<div class=\"main-cross-sell\" data-asin=\"B08DXH3CP5\">\n\n\t<div class=\"WooZone-cross-sell-loader\">\n\t\t<div>\n\t\t\t<div id=\"floatingBarsG\">\n\t\t\t\t<div class=\"blockG\" id=\"rotateG_01\"><\/div>\n\t\t\t\t<div class=\"blockG\" id=\"rotateG_02\"><\/div>\n\t\t\t\t<div class=\"blockG\" id=\"rotateG_03\"><\/div>\n\t\t\t\t<div class=\"blockG\" id=\"rotateG_04\"><\/div>\n\t\t\t\t<div class=\"blockG\" id=\"rotateG_05\"><\/div>\n\t\t\t\t<div class=\"blockG\" id=\"rotateG_06\"><\/div>\n\t\t\t\t<div class=\"blockG\" id=\"rotateG_07\"><\/div>\n\t\t\t\t<div class=\"blockG\" id=\"rotateG_08\"><\/div>\n\t\t\t<\/div>\n\t\t\t<div class=\"WooZone-cross-sell-loader-text\"><\/div>\n\t\t<\/div>\n\t<\/div>\n\n\t\t\n<\/div>\n<div style=\"clear:both;\"><\/div><\/p>\n","protected":false},"excerpt":{"rendered":"<p>\u3010Sicherheitsleben\u3011Stellen Sie sicher, sicher vor fluoreszierenden Agent, diese UV LED taschenlampe lassen Sie wissen, ob babykleidung oder Ihre Kosmetika enthalten fluoreszierende Aufheller, wird es blaues Licht zeigen, wenn der Artikel, der fluoreszierende Aufheller enthalten, sonst wird violettes Licht in der normalen (Bitte beachten Sie, dass das UV-Licht wird nicht funktionieren, wenn die Spannung niedriger als 3V).<br \/>\n\u30107 Beleuchtungsmodi &amp; batteriebetrieben\u3011Merkmale Hoch\/Niedrig\/SOS\/UV\/Wei\u00df COB\/Rot COB\/ Rot und Wei\u00df Blitz insgesamt 7 Arten von Beleuchtungsmodi, einfacher Moduswechsel durch leichtes Antippen der Taste. Die taschenlampe aufladbar ist klein und fein geformt, Gr\u00f6\u00dfe 145*34 mm\/117.6g, praktisch f\u00fcr tragbare Ger\u00e4te, und die Taschenlampe mit 1200mha18650 Batterie, kompatibel mit USB-Ladung.<br \/>\n\u3010IPX5 Wasserdicht &amp; Magnetischer Griff\u3011Die arbeitsleuchte ist IPX5 wasserdicht, sie wird nicht besch\u00e4digt, wenn sie an nassen oder regnerischen Tagen benutzt wird, aber bitte tauchen Sie sie nicht direkt ins Wasser. Taktische taschenlampe mit Magnet, kann es 1.5-2 kg St\u00e4rke halten. Ideal f\u00fcr Sie, wenn Sie etwas mit den H\u00e4nden in dunkler Umgebung reparieren m\u00fcssen.<\/p>\n","protected":false},"featured_media":28884,"comment_status":"open","ping_status":"closed","template":"","meta":[],"product_brand":[],"product_cat":[1983,10865],"product_tag":[],"class_list":{"0":"post-28883","1":"product","2":"type-product","3":"status-publish","4":"has-post-thumbnail","6":"product_cat-baumarkt","7":"product_cat-eisenwaren","8":"pa_binding-misc","9":"pa_brand-aomees","10":"pa_color-2pcs","11":"pa_manufacturer-aomees","13":"first","14":"instock","15":"shipping-taxable","16":"purchasable","17":"product-type-simple","18":"customify-col","19":"product-has-gallery"},"yoast_head":"<!-- This site is optimized with the Yoast SEO plugin v27.4 - https:\/\/yoast.com\/product\/yoast-seo-wordpress\/ -->\n<title>AOMEES UV Taschenlampe LED Extrem Hell, Zoombar, Rotlich und Wei\u00dfes Licht COB Arbeitsleuchte, USB Aufladbare\u2026 - Markt-XXL<\/title>\n<meta name=\"description\" content=\"Markt-XXL AOMEES UV Taschenlampe LED Extrem Hell, Zoombar, Rotlich und Wei\u00dfes Licht COB Arbeitsleuchte, USB Aufladbare\u2026\" \/>\n<meta name=\"robots\" content=\"index, follow, max-snippet:-1, max-image-preview:large, max-video-preview:-1\" \/>\n<link rel=\"canonical\" href=\"https:\/\/marktxxl.de\/markt\/produkt\/aomees-uv-taschenlampe-led-extrem-hell-zoombar-rotlich-und-weisses-licht-cob-arbeitsleuchte-usb-aufladbare-taschenlampe-mit-starke-magnet-7-modi-395nm-uv-fuer-banknoten-urin-mit-18650-akku\/\" \/>\n<meta property=\"og:locale\" content=\"de_DE\" \/>\n<meta property=\"og:type\" content=\"article\" \/>\n<meta property=\"og:title\" content=\"AOMEES UV Taschenlampe LED Extrem Hell, Zoombar, Rotlich und Wei\u00dfes Licht COB Arbeitsleuchte, USB Aufladbare\u2026 - Markt-XXL\" \/>\n<meta property=\"og:description\" content=\"Markt-XXL AOMEES UV Taschenlampe LED Extrem Hell, Zoombar, Rotlich und Wei\u00dfes Licht COB Arbeitsleuchte, USB Aufladbare\u2026\" \/>\n<meta property=\"og:url\" content=\"https:\/\/marktxxl.de\/markt\/produkt\/aomees-uv-taschenlampe-led-extrem-hell-zoombar-rotlich-und-weisses-licht-cob-arbeitsleuchte-usb-aufladbare-taschenlampe-mit-starke-magnet-7-modi-395nm-uv-fuer-banknoten-urin-mit-18650-akku\/\" \/>\n<meta property=\"og:site_name\" content=\"Markt-XXL\" \/>\n<meta property=\"article:modified_time\" content=\"2023-04-10T23:37:16+00:00\" \/>\n<meta property=\"og:image\" content=\"https:\/\/m.media-amazon.com\/images\/I\/51-Wyq5vc7L._SL500_.jpg\" \/>\n\t<meta property=\"og:image:width\" content=\"500\" \/>\n\t<meta property=\"og:image:height\" content=\"500\" \/>\n\t<meta property=\"og:image:type\" content=\"image\/jpeg\" \/>\n<meta name=\"twitter:card\" content=\"summary_large_image\" \/>\n<meta name=\"twitter:label1\" content=\"Gesch\u00e4tzte Lesezeit\" \/>\n\t<meta name=\"twitter:data1\" content=\"1\u00a0Minute\" \/>\n<script type=\"application\/ld+json\" class=\"yoast-schema-graph\">{\"@context\":\"https:\\\/\\\/schema.org\",\"@graph\":[{\"@type\":\"WebPage\",\"@id\":\"https:\\\/\\\/marktxxl.de\\\/markt\\\/produkt\\\/aomees-uv-taschenlampe-led-extrem-hell-zoombar-rotlich-und-weisses-licht-cob-arbeitsleuchte-usb-aufladbare-taschenlampe-mit-starke-magnet-7-modi-395nm-uv-fuer-banknoten-urin-mit-18650-akku\\\/\",\"url\":\"https:\\\/\\\/marktxxl.de\\\/markt\\\/produkt\\\/aomees-uv-taschenlampe-led-extrem-hell-zoombar-rotlich-und-weisses-licht-cob-arbeitsleuchte-usb-aufladbare-taschenlampe-mit-starke-magnet-7-modi-395nm-uv-fuer-banknoten-urin-mit-18650-akku\\\/\",\"name\":\"AOMEES UV Taschenlampe LED Extrem Hell, Zoombar, Rotlich und Wei\u00dfes Licht COB Arbeitsleuchte, USB Aufladbare\u2026 - Markt-XXL\",\"isPartOf\":{\"@id\":\"https:\\\/\\\/marktxxl.de\\\/markt\\\/#website\"},\"primaryImageOfPage\":{\"@id\":\"https:\\\/\\\/marktxxl.de\\\/markt\\\/produkt\\\/aomees-uv-taschenlampe-led-extrem-hell-zoombar-rotlich-und-weisses-licht-cob-arbeitsleuchte-usb-aufladbare-taschenlampe-mit-starke-magnet-7-modi-395nm-uv-fuer-banknoten-urin-mit-18650-akku\\\/#primaryimage\"},\"image\":{\"@id\":\"https:\\\/\\\/marktxxl.de\\\/markt\\\/produkt\\\/aomees-uv-taschenlampe-led-extrem-hell-zoombar-rotlich-und-weisses-licht-cob-arbeitsleuchte-usb-aufladbare-taschenlampe-mit-starke-magnet-7-modi-395nm-uv-fuer-banknoten-urin-mit-18650-akku\\\/#primaryimage\"},\"thumbnailUrl\":\"https:\\\/\\\/m.media-amazon.com\\\/images\\\/I\\\/51-Wyq5vc7L._SL500_.jpg\",\"datePublished\":\"2021-09-12T20:06:36+00:00\",\"dateModified\":\"2023-04-10T23:37:16+00:00\",\"description\":\"Markt-XXL AOMEES UV Taschenlampe LED Extrem Hell, Zoombar, Rotlich und Wei\u00dfes Licht COB Arbeitsleuchte, USB Aufladbare\u2026\",\"breadcrumb\":{\"@id\":\"https:\\\/\\\/marktxxl.de\\\/markt\\\/produkt\\\/aomees-uv-taschenlampe-led-extrem-hell-zoombar-rotlich-und-weisses-licht-cob-arbeitsleuchte-usb-aufladbare-taschenlampe-mit-starke-magnet-7-modi-395nm-uv-fuer-banknoten-urin-mit-18650-akku\\\/#breadcrumb\"},\"inLanguage\":\"de\",\"potentialAction\":[{\"@type\":\"ReadAction\",\"target\":[\"https:\\\/\\\/marktxxl.de\\\/markt\\\/produkt\\\/aomees-uv-taschenlampe-led-extrem-hell-zoombar-rotlich-und-weisses-licht-cob-arbeitsleuchte-usb-aufladbare-taschenlampe-mit-starke-magnet-7-modi-395nm-uv-fuer-banknoten-urin-mit-18650-akku\\\/\"]}]},{\"@type\":\"ImageObject\",\"inLanguage\":\"de\",\"@id\":\"https:\\\/\\\/marktxxl.de\\\/markt\\\/produkt\\\/aomees-uv-taschenlampe-led-extrem-hell-zoombar-rotlich-und-weisses-licht-cob-arbeitsleuchte-usb-aufladbare-taschenlampe-mit-starke-magnet-7-modi-395nm-uv-fuer-banknoten-urin-mit-18650-akku\\\/#primaryimage\",\"url\":\"https:\\\/\\\/m.media-amazon.com\\\/images\\\/I\\\/51-Wyq5vc7L._SL500_.jpg\",\"contentUrl\":\"https:\\\/\\\/m.media-amazon.com\\\/images\\\/I\\\/51-Wyq5vc7L._SL500_.jpg\",\"width\":500,\"height\":500},{\"@type\":\"BreadcrumbList\",\"@id\":\"https:\\\/\\\/marktxxl.de\\\/markt\\\/produkt\\\/aomees-uv-taschenlampe-led-extrem-hell-zoombar-rotlich-und-weisses-licht-cob-arbeitsleuchte-usb-aufladbare-taschenlampe-mit-starke-magnet-7-modi-395nm-uv-fuer-banknoten-urin-mit-18650-akku\\\/#breadcrumb\",\"itemListElement\":[{\"@type\":\"ListItem\",\"position\":1,\"name\":\"Startseite\",\"item\":\"https:\\\/\\\/marktxxl.de\\\/markt\\\/\"},{\"@type\":\"ListItem\",\"position\":2,\"name\":\"Markt\",\"item\":\"https:\\\/\\\/marktxxl.de\\\/markt\\\/\"},{\"@type\":\"ListItem\",\"position\":3,\"name\":\"AOMEES UV Taschenlampe LED Extrem Hell, Zoombar, Rotlich und Wei\u00dfes Licht COB Arbeitsleuchte, USB Aufladbare\u2026\"}]},{\"@type\":\"WebSite\",\"@id\":\"https:\\\/\\\/marktxxl.de\\\/markt\\\/#website\",\"url\":\"https:\\\/\\\/marktxxl.de\\\/markt\\\/\",\"name\":\"Markt-XXL\",\"description\":\"Ihr Markt Online\",\"publisher\":{\"@id\":\"https:\\\/\\\/marktxxl.de\\\/markt\\\/#organization\"},\"potentialAction\":[{\"@type\":\"SearchAction\",\"target\":{\"@type\":\"EntryPoint\",\"urlTemplate\":\"https:\\\/\\\/marktxxl.de\\\/markt\\\/?s={search_term_string}\"},\"query-input\":{\"@type\":\"PropertyValueSpecification\",\"valueRequired\":true,\"valueName\":\"search_term_string\"}}],\"inLanguage\":\"de\"},{\"@type\":\"Organization\",\"@id\":\"https:\\\/\\\/marktxxl.de\\\/markt\\\/#organization\",\"name\":\"Markt-XXL\",\"url\":\"https:\\\/\\\/marktxxl.de\\\/markt\\\/\",\"logo\":{\"@type\":\"ImageObject\",\"inLanguage\":\"de\",\"@id\":\"https:\\\/\\\/marktxxl.de\\\/markt\\\/#\\\/schema\\\/logo\\\/image\\\/\",\"url\":\"https:\\\/\\\/marktxxl.de\\\/markt\\\/wp-content\\\/uploads\\\/sites\\\/3\\\/2020\\\/12\\\/logo.png\",\"contentUrl\":\"https:\\\/\\\/marktxxl.de\\\/markt\\\/wp-content\\\/uploads\\\/sites\\\/3\\\/2020\\\/12\\\/logo.png\",\"width\":200,\"height\":70,\"caption\":\"Markt-XXL\"},\"image\":{\"@id\":\"https:\\\/\\\/marktxxl.de\\\/markt\\\/#\\\/schema\\\/logo\\\/image\\\/\"}}]}<\/script>\n<!-- \/ Yoast SEO plugin. -->","yoast_head_json":{"title":"AOMEES UV Taschenlampe LED Extrem Hell, Zoombar, Rotlich und Wei\u00dfes Licht COB Arbeitsleuchte, USB Aufladbare\u2026 - Markt-XXL","description":"Markt-XXL AOMEES UV Taschenlampe LED Extrem Hell, Zoombar, Rotlich und Wei\u00dfes Licht COB Arbeitsleuchte, USB Aufladbare\u2026","robots":{"index":"index","follow":"follow","max-snippet":"max-snippet:-1","max-image-preview":"max-image-preview:large","max-video-preview":"max-video-preview:-1"},"canonical":"https:\/\/marktxxl.de\/markt\/produkt\/aomees-uv-taschenlampe-led-extrem-hell-zoombar-rotlich-und-weisses-licht-cob-arbeitsleuchte-usb-aufladbare-taschenlampe-mit-starke-magnet-7-modi-395nm-uv-fuer-banknoten-urin-mit-18650-akku\/","og_locale":"de_DE","og_type":"article","og_title":"AOMEES UV Taschenlampe LED Extrem Hell, Zoombar, Rotlich und Wei\u00dfes Licht COB Arbeitsleuchte, USB Aufladbare\u2026 - Markt-XXL","og_description":"Markt-XXL AOMEES UV Taschenlampe LED Extrem Hell, Zoombar, Rotlich und Wei\u00dfes Licht COB Arbeitsleuchte, USB Aufladbare\u2026","og_url":"https:\/\/marktxxl.de\/markt\/produkt\/aomees-uv-taschenlampe-led-extrem-hell-zoombar-rotlich-und-weisses-licht-cob-arbeitsleuchte-usb-aufladbare-taschenlampe-mit-starke-magnet-7-modi-395nm-uv-fuer-banknoten-urin-mit-18650-akku\/","og_site_name":"Markt-XXL","article_modified_time":"2023-04-10T23:37:16+00:00","og_image":[{"width":500,"height":500,"url":"https:\/\/m.media-amazon.com\/images\/I\/51-Wyq5vc7L._SL500_.jpg","type":"image\/jpeg"}],"twitter_card":"summary_large_image","twitter_misc":{"Gesch\u00e4tzte Lesezeit":"1\u00a0Minute"},"schema":{"@context":"https:\/\/schema.org","@graph":[{"@type":"WebPage","@id":"https:\/\/marktxxl.de\/markt\/produkt\/aomees-uv-taschenlampe-led-extrem-hell-zoombar-rotlich-und-weisses-licht-cob-arbeitsleuchte-usb-aufladbare-taschenlampe-mit-starke-magnet-7-modi-395nm-uv-fuer-banknoten-urin-mit-18650-akku\/","url":"https:\/\/marktxxl.de\/markt\/produkt\/aomees-uv-taschenlampe-led-extrem-hell-zoombar-rotlich-und-weisses-licht-cob-arbeitsleuchte-usb-aufladbare-taschenlampe-mit-starke-magnet-7-modi-395nm-uv-fuer-banknoten-urin-mit-18650-akku\/","name":"AOMEES UV Taschenlampe LED Extrem Hell, Zoombar, Rotlich und Wei\u00dfes Licht COB Arbeitsleuchte, USB Aufladbare\u2026 - Markt-XXL","isPartOf":{"@id":"https:\/\/marktxxl.de\/markt\/#website"},"primaryImageOfPage":{"@id":"https:\/\/marktxxl.de\/markt\/produkt\/aomees-uv-taschenlampe-led-extrem-hell-zoombar-rotlich-und-weisses-licht-cob-arbeitsleuchte-usb-aufladbare-taschenlampe-mit-starke-magnet-7-modi-395nm-uv-fuer-banknoten-urin-mit-18650-akku\/#primaryimage"},"image":{"@id":"https:\/\/marktxxl.de\/markt\/produkt\/aomees-uv-taschenlampe-led-extrem-hell-zoombar-rotlich-und-weisses-licht-cob-arbeitsleuchte-usb-aufladbare-taschenlampe-mit-starke-magnet-7-modi-395nm-uv-fuer-banknoten-urin-mit-18650-akku\/#primaryimage"},"thumbnailUrl":"https:\/\/m.media-amazon.com\/images\/I\/51-Wyq5vc7L._SL500_.jpg","datePublished":"2021-09-12T20:06:36+00:00","dateModified":"2023-04-10T23:37:16+00:00","description":"Markt-XXL AOMEES UV Taschenlampe LED Extrem Hell, Zoombar, Rotlich und Wei\u00dfes Licht COB Arbeitsleuchte, USB Aufladbare\u2026","breadcrumb":{"@id":"https:\/\/marktxxl.de\/markt\/produkt\/aomees-uv-taschenlampe-led-extrem-hell-zoombar-rotlich-und-weisses-licht-cob-arbeitsleuchte-usb-aufladbare-taschenlampe-mit-starke-magnet-7-modi-395nm-uv-fuer-banknoten-urin-mit-18650-akku\/#breadcrumb"},"inLanguage":"de","potentialAction":[{"@type":"ReadAction","target":["https:\/\/marktxxl.de\/markt\/produkt\/aomees-uv-taschenlampe-led-extrem-hell-zoombar-rotlich-und-weisses-licht-cob-arbeitsleuchte-usb-aufladbare-taschenlampe-mit-starke-magnet-7-modi-395nm-uv-fuer-banknoten-urin-mit-18650-akku\/"]}]},{"@type":"ImageObject","inLanguage":"de","@id":"https:\/\/marktxxl.de\/markt\/produkt\/aomees-uv-taschenlampe-led-extrem-hell-zoombar-rotlich-und-weisses-licht-cob-arbeitsleuchte-usb-aufladbare-taschenlampe-mit-starke-magnet-7-modi-395nm-uv-fuer-banknoten-urin-mit-18650-akku\/#primaryimage","url":"https:\/\/m.media-amazon.com\/images\/I\/51-Wyq5vc7L._SL500_.jpg","contentUrl":"https:\/\/m.media-amazon.com\/images\/I\/51-Wyq5vc7L._SL500_.jpg","width":500,"height":500},{"@type":"BreadcrumbList","@id":"https:\/\/marktxxl.de\/markt\/produkt\/aomees-uv-taschenlampe-led-extrem-hell-zoombar-rotlich-und-weisses-licht-cob-arbeitsleuchte-usb-aufladbare-taschenlampe-mit-starke-magnet-7-modi-395nm-uv-fuer-banknoten-urin-mit-18650-akku\/#breadcrumb","itemListElement":[{"@type":"ListItem","position":1,"name":"Startseite","item":"https:\/\/marktxxl.de\/markt\/"},{"@type":"ListItem","position":2,"name":"Markt","item":"https:\/\/marktxxl.de\/markt\/"},{"@type":"ListItem","position":3,"name":"AOMEES UV Taschenlampe LED Extrem Hell, Zoombar, Rotlich und Wei\u00dfes Licht COB Arbeitsleuchte, USB Aufladbare\u2026"}]},{"@type":"WebSite","@id":"https:\/\/marktxxl.de\/markt\/#website","url":"https:\/\/marktxxl.de\/markt\/","name":"Markt-XXL","description":"Ihr Markt Online","publisher":{"@id":"https:\/\/marktxxl.de\/markt\/#organization"},"potentialAction":[{"@type":"SearchAction","target":{"@type":"EntryPoint","urlTemplate":"https:\/\/marktxxl.de\/markt\/?s={search_term_string}"},"query-input":{"@type":"PropertyValueSpecification","valueRequired":true,"valueName":"search_term_string"}}],"inLanguage":"de"},{"@type":"Organization","@id":"https:\/\/marktxxl.de\/markt\/#organization","name":"Markt-XXL","url":"https:\/\/marktxxl.de\/markt\/","logo":{"@type":"ImageObject","inLanguage":"de","@id":"https:\/\/marktxxl.de\/markt\/#\/schema\/logo\/image\/","url":"https:\/\/marktxxl.de\/markt\/wp-content\/uploads\/sites\/3\/2020\/12\/logo.png","contentUrl":"https:\/\/marktxxl.de\/markt\/wp-content\/uploads\/sites\/3\/2020\/12\/logo.png","width":200,"height":70,"caption":"Markt-XXL"},"image":{"@id":"https:\/\/marktxxl.de\/markt\/#\/schema\/logo\/image\/"}}]}},"_links":{"self":[{"href":"https:\/\/marktxxl.de\/markt\/wp-json\/wp\/v2\/product\/28883","targetHints":{"allow":["GET"]}}],"collection":[{"href":"https:\/\/marktxxl.de\/markt\/wp-json\/wp\/v2\/product"}],"about":[{"href":"https:\/\/marktxxl.de\/markt\/wp-json\/wp\/v2\/types\/product"}],"replies":[{"embeddable":true,"href":"https:\/\/marktxxl.de\/markt\/wp-json\/wp\/v2\/comments?post=28883"}],"wp:featuredmedia":[{"embeddable":true,"href":"https:\/\/marktxxl.de\/markt\/wp-json\/wp\/v2\/media\/28884"}],"wp:attachment":[{"href":"https:\/\/marktxxl.de\/markt\/wp-json\/wp\/v2\/media?parent=28883"}],"wp:term":[{"taxonomy":"product_brand","embeddable":true,"href":"https:\/\/marktxxl.de\/markt\/wp-json\/wp\/v2\/product_brand?post=28883"},{"taxonomy":"product_cat","embeddable":true,"href":"https:\/\/marktxxl.de\/markt\/wp-json\/wp\/v2\/product_cat?post=28883"},{"taxonomy":"product_tag","embeddable":true,"href":"https:\/\/marktxxl.de\/markt\/wp-json\/wp\/v2\/product_tag?post=28883"}],"curies":[{"name":"wp","href":"https:\/\/api.w.org\/{rel}","templated":true}]}}