{"id":28733,"date":"2021-09-12T22:05:09","date_gmt":"2021-09-12T20:05:09","guid":{"rendered":"https:\/\/marktxxl.de\/markt\/produkt\/elefama-cb09-klinge-fuer-silhouette-graphtec-halter-with-30-stueck-klinge-vinyl-cutter-plotter-30-45-60-grad-cb09-cb09u-messerhalter-fuer-silhouette-cameo-1-2-3-portraet-kuriositaet\/"},"modified":"2023-04-11T01:37:13","modified_gmt":"2023-04-10T23:37:13","slug":"elefama-cb09-klinge-fuer-silhouette-graphtec-halter-with-30-stueck-klinge-vinyl-cutter-plotter-30-45-60-grad-cb09-cb09u-messerhalter-fuer-silhouette-cameo-1-2-3-portraet-kuriositaet","status":"publish","type":"product","link":"https:\/\/marktxxl.de\/markt\/produkt\/elefama-cb09-klinge-fuer-silhouette-graphtec-halter-with-30-stueck-klinge-vinyl-cutter-plotter-30-45-60-grad-cb09-cb09u-messerhalter-fuer-silhouette-cameo-1-2-3-portraet-kuriositaet\/","title":{"rendered":"Elefama CB09 Klinge f\u00fcr Silhouette Graphtec Halter with 30 St\u00fcck Klinge Vinyl Cutter Plotter (30\/45\/60 Grad) CB09 CB09u\u2026"},"content":{"rendered":"<p>\u3010Kompatibilit\u00e4t\u3011 -Diese Stoffklingen sind perfekt kompatibel mit Graphtec CB09 CB09U \uff0c k\u00f6nnen ein idealer Ersatz f\u00fcr Silhouette Cameo (1\/2\/3) \/ Portrait \/ Curio und Graphtec 6000 \/ CE 5000 -60 Plotter sein.<br \/>\n\u3010Was du bekommst\u3011-Dieser CB09 Klingenhalter mit 30 St\u00fcck Cricut-Schneidklingen und 30 St\u00fcck Feder. Insgesamt gibt es 30 St\u00fcck Cricut-Schneidklingen, einschlie\u00dflich 10 St\u00fcck 45-Grad-F\u00fcnf-Punkt-Klingen (rote Kappe) + 10 St\u00fcck 60-Grad-Tiefschnittklingen (blaue Kappe) + 10 St\u00fcck 30-Grad-Flachschnitt Klingen (gelbe Kappe).<br \/>\n\u3010Schneide material\u3011-Diese Silhouette Schneidklingen zum Schneiden von Karton, Stoff, W\u00e4rme\u00fcbertragungsmaterial, Transparentfolien, Papier, Pergament, selbstklebendem Vinylmagnetpapier. Eine 30-Grad-Klinge sollte f\u00fcr Stoff, d\u00fcnne Pappe und Leder empfohlen werden. 45-Grad-Klinge f\u00fcr die meisten Allzweckschnitte. wie Vinyl f\u00fcr Verkehrszeichen, Herden usw.; 60-Grad-Klinge macht die kompliziertesten und feinsten Schnitte<br \/>\n\u3010Langlebig und scharf\u3011- Diese CB09-Spitzenklingen aus Hartmetall mit HRA92-H\u00e4rte sind sehr z\u00e4h und langlebig. Sie schneiden die kleinsten komplizierten Details pr\u00e4zise und bleiben trotz des langen Gebrauchs scharf.<br \/>\n\u3010100% Zufriedenheitsgarantie\u3011 -Wenn Sie Probleme mit der Verarbeitung unserer Klinge CB09 f\u00fcr die Silhouette haben, wenden Sie sich bitte direkt an uns. Unsere Mitarbeiter werden hart daran arbeiten, Ihnen bei der L\u00f6sung von Problemen zu helfen.<br \/>\n<div class=\"main-cross-sell\" data-asin=\"B08PBLY1KN\">\n\n\t<div class=\"WooZone-cross-sell-loader\">\n\t\t<div>\n\t\t\t<div id=\"floatingBarsG\">\n\t\t\t\t<div class=\"blockG\" id=\"rotateG_01\"><\/div>\n\t\t\t\t<div class=\"blockG\" id=\"rotateG_02\"><\/div>\n\t\t\t\t<div class=\"blockG\" id=\"rotateG_03\"><\/div>\n\t\t\t\t<div class=\"blockG\" id=\"rotateG_04\"><\/div>\n\t\t\t\t<div class=\"blockG\" id=\"rotateG_05\"><\/div>\n\t\t\t\t<div class=\"blockG\" id=\"rotateG_06\"><\/div>\n\t\t\t\t<div class=\"blockG\" id=\"rotateG_07\"><\/div>\n\t\t\t\t<div class=\"blockG\" id=\"rotateG_08\"><\/div>\n\t\t\t<\/div>\n\t\t\t<div class=\"WooZone-cross-sell-loader-text\"><\/div>\n\t\t<\/div>\n\t<\/div>\n\n\t\t\n<\/div>\n<div style=\"clear:both;\"><\/div><\/p>\n","protected":false},"excerpt":{"rendered":"<p>\u3010Kompatibilit\u00e4t\u3011 -Diese Stoffklingen sind perfekt kompatibel mit Graphtec CB09 CB09U \uff0c k\u00f6nnen ein idealer Ersatz f\u00fcr Silhouette Cameo (1\/2\/3) \/ Portrait \/ Curio und Graphtec 6000 \/ CE 5000 -60 Plotter sein.<br \/>\n\u3010Was du bekommst\u3011-Dieser CB09 Klingenhalter mit 30 St\u00fcck Cricut-Schneidklingen und 30 St\u00fcck Feder. Insgesamt gibt es 30 St\u00fcck Cricut-Schneidklingen, einschlie\u00dflich 10 St\u00fcck 45-Grad-F\u00fcnf-Punkt-Klingen (rote Kappe) + 10 St\u00fcck 60-Grad-Tiefschnittklingen (blaue Kappe) + 10 St\u00fcck 30-Grad-Flachschnitt Klingen (gelbe Kappe).<br \/>\n\u3010Schneide material\u3011-Diese Silhouette Schneidklingen zum Schneiden von Karton, Stoff, W\u00e4rme\u00fcbertragungsmaterial, Transparentfolien, Papier, Pergament, selbstklebendem Vinylmagnetpapier. Eine 30-Grad-Klinge sollte f\u00fcr Stoff, d\u00fcnne Pappe und Leder empfohlen werden. 45-Grad-Klinge f\u00fcr die meisten Allzweckschnitte. wie Vinyl f\u00fcr Verkehrszeichen, Herden usw.; 60-Grad-Klinge macht die kompliziertesten und feinsten Schnitte<\/p>\n","protected":false},"featured_media":28734,"comment_status":"open","ping_status":"closed","template":"","meta":[],"product_brand":[],"product_cat":[1983,10767],"product_tag":[],"class_list":{"0":"post-28733","1":"product","2":"type-product","3":"status-publish","4":"has-post-thumbnail","6":"product_cat-baumarkt","7":"product_cat-baumaschinen-zubehoer","8":"pa_binding-misc","9":"pa_brand-youngneer-elefama","10":"pa_manufacturer-elefama-youngneer","12":"first","13":"instock","14":"shipping-taxable","15":"purchasable","16":"product-type-simple","17":"customify-col","18":"product-has-gallery"},"yoast_head":"<!-- This site is optimized with the Yoast SEO plugin v27.3 - https:\/\/yoast.com\/product\/yoast-seo-wordpress\/ -->\n<title>Elefama CB09 Klinge f\u00fcr Silhouette Graphtec Halter with 30 St\u00fcck Klinge Vinyl Cutter Plotter (30\/45\/60 Grad) CB09 CB09u\u2026 - Markt-XXL<\/title>\n<meta name=\"description\" content=\"Markt-XXL Elefama CB09 Klinge f\u00fcr Silhouette Graphtec Halter with 30 St\u00fcck Klinge Vinyl Cutter Plotter (30\/45\/60 Grad) CB09 CB09u\u2026\" \/>\n<meta name=\"robots\" content=\"index, follow, max-snippet:-1, max-image-preview:large, max-video-preview:-1\" \/>\n<link rel=\"canonical\" href=\"https:\/\/marktxxl.de\/markt\/produkt\/elefama-cb09-klinge-fuer-silhouette-graphtec-halter-with-30-stueck-klinge-vinyl-cutter-plotter-30-45-60-grad-cb09-cb09u-messerhalter-fuer-silhouette-cameo-1-2-3-portraet-kuriositaet\/\" \/>\n<meta property=\"og:locale\" content=\"de_DE\" \/>\n<meta property=\"og:type\" content=\"article\" \/>\n<meta property=\"og:title\" content=\"Elefama CB09 Klinge f\u00fcr Silhouette Graphtec Halter with 30 St\u00fcck Klinge Vinyl Cutter Plotter (30\/45\/60 Grad) CB09 CB09u\u2026 - Markt-XXL\" \/>\n<meta property=\"og:description\" content=\"Markt-XXL Elefama CB09 Klinge f\u00fcr Silhouette Graphtec Halter with 30 St\u00fcck Klinge Vinyl Cutter Plotter (30\/45\/60 Grad) CB09 CB09u\u2026\" \/>\n<meta property=\"og:url\" content=\"https:\/\/marktxxl.de\/markt\/produkt\/elefama-cb09-klinge-fuer-silhouette-graphtec-halter-with-30-stueck-klinge-vinyl-cutter-plotter-30-45-60-grad-cb09-cb09u-messerhalter-fuer-silhouette-cameo-1-2-3-portraet-kuriositaet\/\" \/>\n<meta property=\"og:site_name\" content=\"Markt-XXL\" \/>\n<meta property=\"article:modified_time\" content=\"2023-04-10T23:37:13+00:00\" \/>\n<meta property=\"og:image\" content=\"https:\/\/m.media-amazon.com\/images\/I\/51oE5xwbX8L._SL500_.jpg\" \/>\n\t<meta property=\"og:image:width\" content=\"500\" \/>\n\t<meta property=\"og:image:height\" content=\"500\" \/>\n\t<meta property=\"og:image:type\" content=\"image\/jpeg\" \/>\n<meta name=\"twitter:card\" content=\"summary_large_image\" \/>\n<meta name=\"twitter:label1\" content=\"Gesch\u00e4tzte Lesezeit\" \/>\n\t<meta name=\"twitter:data1\" content=\"1\u00a0Minute\" \/>\n<script type=\"application\/ld+json\" class=\"yoast-schema-graph\">{\"@context\":\"https:\\\/\\\/schema.org\",\"@graph\":[{\"@type\":\"WebPage\",\"@id\":\"https:\\\/\\\/marktxxl.de\\\/markt\\\/produkt\\\/elefama-cb09-klinge-fuer-silhouette-graphtec-halter-with-30-stueck-klinge-vinyl-cutter-plotter-30-45-60-grad-cb09-cb09u-messerhalter-fuer-silhouette-cameo-1-2-3-portraet-kuriositaet\\\/\",\"url\":\"https:\\\/\\\/marktxxl.de\\\/markt\\\/produkt\\\/elefama-cb09-klinge-fuer-silhouette-graphtec-halter-with-30-stueck-klinge-vinyl-cutter-plotter-30-45-60-grad-cb09-cb09u-messerhalter-fuer-silhouette-cameo-1-2-3-portraet-kuriositaet\\\/\",\"name\":\"Elefama CB09 Klinge f\u00fcr Silhouette Graphtec Halter with 30 St\u00fcck Klinge Vinyl Cutter Plotter (30\\\/45\\\/60 Grad) CB09 CB09u\u2026 - Markt-XXL\",\"isPartOf\":{\"@id\":\"https:\\\/\\\/marktxxl.de\\\/markt\\\/#website\"},\"primaryImageOfPage\":{\"@id\":\"https:\\\/\\\/marktxxl.de\\\/markt\\\/produkt\\\/elefama-cb09-klinge-fuer-silhouette-graphtec-halter-with-30-stueck-klinge-vinyl-cutter-plotter-30-45-60-grad-cb09-cb09u-messerhalter-fuer-silhouette-cameo-1-2-3-portraet-kuriositaet\\\/#primaryimage\"},\"image\":{\"@id\":\"https:\\\/\\\/marktxxl.de\\\/markt\\\/produkt\\\/elefama-cb09-klinge-fuer-silhouette-graphtec-halter-with-30-stueck-klinge-vinyl-cutter-plotter-30-45-60-grad-cb09-cb09u-messerhalter-fuer-silhouette-cameo-1-2-3-portraet-kuriositaet\\\/#primaryimage\"},\"thumbnailUrl\":\"https:\\\/\\\/m.media-amazon.com\\\/images\\\/I\\\/51oE5xwbX8L._SL500_.jpg\",\"datePublished\":\"2021-09-12T20:05:09+00:00\",\"dateModified\":\"2023-04-10T23:37:13+00:00\",\"description\":\"Markt-XXL Elefama CB09 Klinge f\u00fcr Silhouette Graphtec Halter with 30 St\u00fcck Klinge Vinyl Cutter Plotter (30\\\/45\\\/60 Grad) CB09 CB09u\u2026\",\"breadcrumb\":{\"@id\":\"https:\\\/\\\/marktxxl.de\\\/markt\\\/produkt\\\/elefama-cb09-klinge-fuer-silhouette-graphtec-halter-with-30-stueck-klinge-vinyl-cutter-plotter-30-45-60-grad-cb09-cb09u-messerhalter-fuer-silhouette-cameo-1-2-3-portraet-kuriositaet\\\/#breadcrumb\"},\"inLanguage\":\"de\",\"potentialAction\":[{\"@type\":\"ReadAction\",\"target\":[\"https:\\\/\\\/marktxxl.de\\\/markt\\\/produkt\\\/elefama-cb09-klinge-fuer-silhouette-graphtec-halter-with-30-stueck-klinge-vinyl-cutter-plotter-30-45-60-grad-cb09-cb09u-messerhalter-fuer-silhouette-cameo-1-2-3-portraet-kuriositaet\\\/\"]}]},{\"@type\":\"ImageObject\",\"inLanguage\":\"de\",\"@id\":\"https:\\\/\\\/marktxxl.de\\\/markt\\\/produkt\\\/elefama-cb09-klinge-fuer-silhouette-graphtec-halter-with-30-stueck-klinge-vinyl-cutter-plotter-30-45-60-grad-cb09-cb09u-messerhalter-fuer-silhouette-cameo-1-2-3-portraet-kuriositaet\\\/#primaryimage\",\"url\":\"https:\\\/\\\/m.media-amazon.com\\\/images\\\/I\\\/51oE5xwbX8L._SL500_.jpg\",\"contentUrl\":\"https:\\\/\\\/m.media-amazon.com\\\/images\\\/I\\\/51oE5xwbX8L._SL500_.jpg\",\"width\":500,\"height\":500},{\"@type\":\"BreadcrumbList\",\"@id\":\"https:\\\/\\\/marktxxl.de\\\/markt\\\/produkt\\\/elefama-cb09-klinge-fuer-silhouette-graphtec-halter-with-30-stueck-klinge-vinyl-cutter-plotter-30-45-60-grad-cb09-cb09u-messerhalter-fuer-silhouette-cameo-1-2-3-portraet-kuriositaet\\\/#breadcrumb\",\"itemListElement\":[{\"@type\":\"ListItem\",\"position\":1,\"name\":\"Startseite\",\"item\":\"https:\\\/\\\/marktxxl.de\\\/markt\\\/\"},{\"@type\":\"ListItem\",\"position\":2,\"name\":\"Markt\",\"item\":\"https:\\\/\\\/marktxxl.de\\\/markt\\\/\"},{\"@type\":\"ListItem\",\"position\":3,\"name\":\"Elefama CB09 Klinge f\u00fcr Silhouette Graphtec Halter with 30 St\u00fcck Klinge Vinyl Cutter Plotter (30\\\/45\\\/60 Grad) CB09 CB09u\u2026\"}]},{\"@type\":\"WebSite\",\"@id\":\"https:\\\/\\\/marktxxl.de\\\/markt\\\/#website\",\"url\":\"https:\\\/\\\/marktxxl.de\\\/markt\\\/\",\"name\":\"Markt-XXL\",\"description\":\"Ihr Markt Online\",\"publisher\":{\"@id\":\"https:\\\/\\\/marktxxl.de\\\/markt\\\/#organization\"},\"potentialAction\":[{\"@type\":\"SearchAction\",\"target\":{\"@type\":\"EntryPoint\",\"urlTemplate\":\"https:\\\/\\\/marktxxl.de\\\/markt\\\/?s={search_term_string}\"},\"query-input\":{\"@type\":\"PropertyValueSpecification\",\"valueRequired\":true,\"valueName\":\"search_term_string\"}}],\"inLanguage\":\"de\"},{\"@type\":\"Organization\",\"@id\":\"https:\\\/\\\/marktxxl.de\\\/markt\\\/#organization\",\"name\":\"Markt-XXL\",\"url\":\"https:\\\/\\\/marktxxl.de\\\/markt\\\/\",\"logo\":{\"@type\":\"ImageObject\",\"inLanguage\":\"de\",\"@id\":\"https:\\\/\\\/marktxxl.de\\\/markt\\\/#\\\/schema\\\/logo\\\/image\\\/\",\"url\":\"https:\\\/\\\/marktxxl.de\\\/markt\\\/wp-content\\\/uploads\\\/sites\\\/3\\\/2020\\\/12\\\/logo.png\",\"contentUrl\":\"https:\\\/\\\/marktxxl.de\\\/markt\\\/wp-content\\\/uploads\\\/sites\\\/3\\\/2020\\\/12\\\/logo.png\",\"width\":200,\"height\":70,\"caption\":\"Markt-XXL\"},\"image\":{\"@id\":\"https:\\\/\\\/marktxxl.de\\\/markt\\\/#\\\/schema\\\/logo\\\/image\\\/\"}}]}<\/script>\n<!-- \/ Yoast SEO plugin. -->","yoast_head_json":{"title":"Elefama CB09 Klinge f\u00fcr Silhouette Graphtec Halter with 30 St\u00fcck Klinge Vinyl Cutter Plotter (30\/45\/60 Grad) CB09 CB09u\u2026 - Markt-XXL","description":"Markt-XXL Elefama CB09 Klinge f\u00fcr Silhouette Graphtec Halter with 30 St\u00fcck Klinge Vinyl Cutter Plotter (30\/45\/60 Grad) CB09 CB09u\u2026","robots":{"index":"index","follow":"follow","max-snippet":"max-snippet:-1","max-image-preview":"max-image-preview:large","max-video-preview":"max-video-preview:-1"},"canonical":"https:\/\/marktxxl.de\/markt\/produkt\/elefama-cb09-klinge-fuer-silhouette-graphtec-halter-with-30-stueck-klinge-vinyl-cutter-plotter-30-45-60-grad-cb09-cb09u-messerhalter-fuer-silhouette-cameo-1-2-3-portraet-kuriositaet\/","og_locale":"de_DE","og_type":"article","og_title":"Elefama CB09 Klinge f\u00fcr Silhouette Graphtec Halter with 30 St\u00fcck Klinge Vinyl Cutter Plotter (30\/45\/60 Grad) CB09 CB09u\u2026 - Markt-XXL","og_description":"Markt-XXL Elefama CB09 Klinge f\u00fcr Silhouette Graphtec Halter with 30 St\u00fcck Klinge Vinyl Cutter Plotter (30\/45\/60 Grad) CB09 CB09u\u2026","og_url":"https:\/\/marktxxl.de\/markt\/produkt\/elefama-cb09-klinge-fuer-silhouette-graphtec-halter-with-30-stueck-klinge-vinyl-cutter-plotter-30-45-60-grad-cb09-cb09u-messerhalter-fuer-silhouette-cameo-1-2-3-portraet-kuriositaet\/","og_site_name":"Markt-XXL","article_modified_time":"2023-04-10T23:37:13+00:00","og_image":[{"width":500,"height":500,"url":"https:\/\/m.media-amazon.com\/images\/I\/51oE5xwbX8L._SL500_.jpg","type":"image\/jpeg"}],"twitter_card":"summary_large_image","twitter_misc":{"Gesch\u00e4tzte Lesezeit":"1\u00a0Minute"},"schema":{"@context":"https:\/\/schema.org","@graph":[{"@type":"WebPage","@id":"https:\/\/marktxxl.de\/markt\/produkt\/elefama-cb09-klinge-fuer-silhouette-graphtec-halter-with-30-stueck-klinge-vinyl-cutter-plotter-30-45-60-grad-cb09-cb09u-messerhalter-fuer-silhouette-cameo-1-2-3-portraet-kuriositaet\/","url":"https:\/\/marktxxl.de\/markt\/produkt\/elefama-cb09-klinge-fuer-silhouette-graphtec-halter-with-30-stueck-klinge-vinyl-cutter-plotter-30-45-60-grad-cb09-cb09u-messerhalter-fuer-silhouette-cameo-1-2-3-portraet-kuriositaet\/","name":"Elefama CB09 Klinge f\u00fcr Silhouette Graphtec Halter with 30 St\u00fcck Klinge Vinyl Cutter Plotter (30\/45\/60 Grad) CB09 CB09u\u2026 - Markt-XXL","isPartOf":{"@id":"https:\/\/marktxxl.de\/markt\/#website"},"primaryImageOfPage":{"@id":"https:\/\/marktxxl.de\/markt\/produkt\/elefama-cb09-klinge-fuer-silhouette-graphtec-halter-with-30-stueck-klinge-vinyl-cutter-plotter-30-45-60-grad-cb09-cb09u-messerhalter-fuer-silhouette-cameo-1-2-3-portraet-kuriositaet\/#primaryimage"},"image":{"@id":"https:\/\/marktxxl.de\/markt\/produkt\/elefama-cb09-klinge-fuer-silhouette-graphtec-halter-with-30-stueck-klinge-vinyl-cutter-plotter-30-45-60-grad-cb09-cb09u-messerhalter-fuer-silhouette-cameo-1-2-3-portraet-kuriositaet\/#primaryimage"},"thumbnailUrl":"https:\/\/m.media-amazon.com\/images\/I\/51oE5xwbX8L._SL500_.jpg","datePublished":"2021-09-12T20:05:09+00:00","dateModified":"2023-04-10T23:37:13+00:00","description":"Markt-XXL Elefama CB09 Klinge f\u00fcr Silhouette Graphtec Halter with 30 St\u00fcck Klinge Vinyl Cutter Plotter (30\/45\/60 Grad) CB09 CB09u\u2026","breadcrumb":{"@id":"https:\/\/marktxxl.de\/markt\/produkt\/elefama-cb09-klinge-fuer-silhouette-graphtec-halter-with-30-stueck-klinge-vinyl-cutter-plotter-30-45-60-grad-cb09-cb09u-messerhalter-fuer-silhouette-cameo-1-2-3-portraet-kuriositaet\/#breadcrumb"},"inLanguage":"de","potentialAction":[{"@type":"ReadAction","target":["https:\/\/marktxxl.de\/markt\/produkt\/elefama-cb09-klinge-fuer-silhouette-graphtec-halter-with-30-stueck-klinge-vinyl-cutter-plotter-30-45-60-grad-cb09-cb09u-messerhalter-fuer-silhouette-cameo-1-2-3-portraet-kuriositaet\/"]}]},{"@type":"ImageObject","inLanguage":"de","@id":"https:\/\/marktxxl.de\/markt\/produkt\/elefama-cb09-klinge-fuer-silhouette-graphtec-halter-with-30-stueck-klinge-vinyl-cutter-plotter-30-45-60-grad-cb09-cb09u-messerhalter-fuer-silhouette-cameo-1-2-3-portraet-kuriositaet\/#primaryimage","url":"https:\/\/m.media-amazon.com\/images\/I\/51oE5xwbX8L._SL500_.jpg","contentUrl":"https:\/\/m.media-amazon.com\/images\/I\/51oE5xwbX8L._SL500_.jpg","width":500,"height":500},{"@type":"BreadcrumbList","@id":"https:\/\/marktxxl.de\/markt\/produkt\/elefama-cb09-klinge-fuer-silhouette-graphtec-halter-with-30-stueck-klinge-vinyl-cutter-plotter-30-45-60-grad-cb09-cb09u-messerhalter-fuer-silhouette-cameo-1-2-3-portraet-kuriositaet\/#breadcrumb","itemListElement":[{"@type":"ListItem","position":1,"name":"Startseite","item":"https:\/\/marktxxl.de\/markt\/"},{"@type":"ListItem","position":2,"name":"Markt","item":"https:\/\/marktxxl.de\/markt\/"},{"@type":"ListItem","position":3,"name":"Elefama CB09 Klinge f\u00fcr Silhouette Graphtec Halter with 30 St\u00fcck Klinge Vinyl Cutter Plotter (30\/45\/60 Grad) CB09 CB09u\u2026"}]},{"@type":"WebSite","@id":"https:\/\/marktxxl.de\/markt\/#website","url":"https:\/\/marktxxl.de\/markt\/","name":"Markt-XXL","description":"Ihr Markt Online","publisher":{"@id":"https:\/\/marktxxl.de\/markt\/#organization"},"potentialAction":[{"@type":"SearchAction","target":{"@type":"EntryPoint","urlTemplate":"https:\/\/marktxxl.de\/markt\/?s={search_term_string}"},"query-input":{"@type":"PropertyValueSpecification","valueRequired":true,"valueName":"search_term_string"}}],"inLanguage":"de"},{"@type":"Organization","@id":"https:\/\/marktxxl.de\/markt\/#organization","name":"Markt-XXL","url":"https:\/\/marktxxl.de\/markt\/","logo":{"@type":"ImageObject","inLanguage":"de","@id":"https:\/\/marktxxl.de\/markt\/#\/schema\/logo\/image\/","url":"https:\/\/marktxxl.de\/markt\/wp-content\/uploads\/sites\/3\/2020\/12\/logo.png","contentUrl":"https:\/\/marktxxl.de\/markt\/wp-content\/uploads\/sites\/3\/2020\/12\/logo.png","width":200,"height":70,"caption":"Markt-XXL"},"image":{"@id":"https:\/\/marktxxl.de\/markt\/#\/schema\/logo\/image\/"}}]}},"_links":{"self":[{"href":"https:\/\/marktxxl.de\/markt\/wp-json\/wp\/v2\/product\/28733","targetHints":{"allow":["GET"]}}],"collection":[{"href":"https:\/\/marktxxl.de\/markt\/wp-json\/wp\/v2\/product"}],"about":[{"href":"https:\/\/marktxxl.de\/markt\/wp-json\/wp\/v2\/types\/product"}],"replies":[{"embeddable":true,"href":"https:\/\/marktxxl.de\/markt\/wp-json\/wp\/v2\/comments?post=28733"}],"wp:featuredmedia":[{"embeddable":true,"href":"https:\/\/marktxxl.de\/markt\/wp-json\/wp\/v2\/media\/28734"}],"wp:attachment":[{"href":"https:\/\/marktxxl.de\/markt\/wp-json\/wp\/v2\/media?parent=28733"}],"wp:term":[{"taxonomy":"product_brand","embeddable":true,"href":"https:\/\/marktxxl.de\/markt\/wp-json\/wp\/v2\/product_brand?post=28733"},{"taxonomy":"product_cat","embeddable":true,"href":"https:\/\/marktxxl.de\/markt\/wp-json\/wp\/v2\/product_cat?post=28733"},{"taxonomy":"product_tag","embeddable":true,"href":"https:\/\/marktxxl.de\/markt\/wp-json\/wp\/v2\/product_tag?post=28733"}],"curies":[{"name":"wp","href":"https:\/\/api.w.org\/{rel}","templated":true}]}}