{"id":28721,"date":"2021-09-12T22:05:07","date_gmt":"2021-09-12T20:05:07","guid":{"rendered":"https:\/\/marktxxl.de\/markt\/produkt\/adapterrahmen-ms-01-schnellwechselrahmen-ms-01-passend-fuer-minibagger-ms01er\/"},"modified":"2023-04-11T01:37:13","modified_gmt":"2023-04-10T23:37:13","slug":"adapterrahmen-ms-01-schnellwechselrahmen-ms-01-passend-fuer-minibagger-ms01er","status":"publish","type":"product","link":"https:\/\/marktxxl.de\/markt\/produkt\/adapterrahmen-ms-01-schnellwechselrahmen-ms-01-passend-fuer-minibagger-ms01er\/","title":{"rendered":"Adapterrahmen MS 01 Schnellwechselrahmen MS 01 passend f\u00fcr Minibagger MS01er"},"content":{"rendered":"<p><b>Schnellwechselrahmen MS01 f\u00fcr Bagger mit Lehnhoff System<\/b><\/p>\n<ul>\n<li>Anschwei\u00dfrahmen 10mm stark<\/li>\n<li>Lasergeschnitten<\/li>\n<li>Aus eigener Produktion in NRW Deutschland<\/li>\n<li>Gro\u00dfe St\u00fcckzahlen ab Lager erh\u00e4ltlich<\/li>\n<li>Ein Video zu der Herstellung finden Sie unter dem Youtube Kanal KREMMPI<\/li>\n<\/ul>\n<p><b>Zustand und Eigenschaften: <\/b><\/p>\n<ul>\n<li>Der Artikel ist neu<\/li>\n<li>Eigene Herstellung<\/li>\n<li>Kein Originalteil<\/li>\n<li>Schnelle Liefer<br \/>\n<div class=\"main-cross-sell\" data-asin=\"B07JK67RDT\">\n\n\t<div class=\"WooZone-cross-sell-loader\">\n\t\t<div>\n\t\t\t<div id=\"floatingBarsG\">\n\t\t\t\t<div class=\"blockG\" id=\"rotateG_01\"><\/div>\n\t\t\t\t<div class=\"blockG\" id=\"rotateG_02\"><\/div>\n\t\t\t\t<div class=\"blockG\" id=\"rotateG_03\"><\/div>\n\t\t\t\t<div class=\"blockG\" id=\"rotateG_04\"><\/div>\n\t\t\t\t<div class=\"blockG\" id=\"rotateG_05\"><\/div>\n\t\t\t\t<div class=\"blockG\" id=\"rotateG_06\"><\/div>\n\t\t\t\t<div class=\"blockG\" id=\"rotateG_07\"><\/div>\n\t\t\t\t<div class=\"blockG\" id=\"rotateG_08\"><\/div>\n\t\t\t<\/div>\n\t\t\t<div class=\"WooZone-cross-sell-loader-text\"><\/div>\n\t\t<\/div>\n\t<\/div>\n\n\t\t\n<\/div>\n<div style=\"clear:both;\"><\/div><\/p>\n","protected":false},"excerpt":{"rendered":"<p>Schnellwechselrahmen MS01 f\u00fcr Bagger mit Lehnhoff System  Anschwei\u00dfrahmen 10mm stark Lasergeschnitten Aus eigener Produktion in NRW Deutschland Gro\u00dfe St\u00fcckzahlen ab Lager erh\u00e4ltlich Ein Video zu der Herstellung finden Sie unter dem Youtube Kanal KREMMPI  Zustand und Eigenschaften:   Der Artikel ist neu Eigene Herstellung Kein Originalteil Schnelle Liefer<\/p>\n","protected":false},"featured_media":28722,"comment_status":"open","ping_status":"closed","template":"","meta":[],"product_brand":[],"product_cat":[1983,10767],"product_tag":[],"class_list":{"0":"post-28721","1":"product","2":"type-product","3":"status-publish","4":"has-post-thumbnail","6":"product_cat-baumarkt","7":"product_cat-baumaschinen-zubehoer","8":"pa_binding-werkzeug","9":"pa_brand-kremmpi","10":"pa_manufacturer-kremmpi","12":"first","13":"instock","14":"shipping-taxable","15":"purchasable","16":"product-type-simple","17":"customify-col","18":"product-has-gallery"},"yoast_head":"<!-- This site is optimized with the Yoast SEO plugin v27.3 - https:\/\/yoast.com\/product\/yoast-seo-wordpress\/ -->\n<title>Adapterrahmen MS 01 Schnellwechselrahmen MS 01 passend f\u00fcr Minibagger MS01er - Markt-XXL<\/title>\n<meta name=\"description\" content=\"Markt-XXL Adapterrahmen MS 01 Schnellwechselrahmen MS 01 passend f\u00fcr Minibagger MS01er\" \/>\n<meta name=\"robots\" content=\"index, follow, max-snippet:-1, max-image-preview:large, max-video-preview:-1\" \/>\n<link rel=\"canonical\" href=\"https:\/\/marktxxl.de\/markt\/produkt\/adapterrahmen-ms-01-schnellwechselrahmen-ms-01-passend-fuer-minibagger-ms01er\/\" \/>\n<meta property=\"og:locale\" content=\"de_DE\" \/>\n<meta property=\"og:type\" content=\"article\" \/>\n<meta property=\"og:title\" content=\"Adapterrahmen MS 01 Schnellwechselrahmen MS 01 passend f\u00fcr Minibagger MS01er - Markt-XXL\" \/>\n<meta property=\"og:description\" content=\"Markt-XXL Adapterrahmen MS 01 Schnellwechselrahmen MS 01 passend f\u00fcr Minibagger MS01er\" \/>\n<meta property=\"og:url\" content=\"https:\/\/marktxxl.de\/markt\/produkt\/adapterrahmen-ms-01-schnellwechselrahmen-ms-01-passend-fuer-minibagger-ms01er\/\" \/>\n<meta property=\"og:site_name\" content=\"Markt-XXL\" \/>\n<meta property=\"article:modified_time\" content=\"2023-04-10T23:37:13+00:00\" \/>\n<meta property=\"og:image\" content=\"https:\/\/m.media-amazon.com\/images\/I\/51-Ub6GzHjL._SL500_.jpg\" \/>\n\t<meta property=\"og:image:width\" content=\"500\" \/>\n\t<meta property=\"og:image:height\" content=\"333\" \/>\n\t<meta property=\"og:image:type\" content=\"image\/jpeg\" \/>\n<meta name=\"twitter:card\" content=\"summary_large_image\" \/>\n<script type=\"application\/ld+json\" class=\"yoast-schema-graph\">{\"@context\":\"https:\\\/\\\/schema.org\",\"@graph\":[{\"@type\":\"WebPage\",\"@id\":\"https:\\\/\\\/marktxxl.de\\\/markt\\\/produkt\\\/adapterrahmen-ms-01-schnellwechselrahmen-ms-01-passend-fuer-minibagger-ms01er\\\/\",\"url\":\"https:\\\/\\\/marktxxl.de\\\/markt\\\/produkt\\\/adapterrahmen-ms-01-schnellwechselrahmen-ms-01-passend-fuer-minibagger-ms01er\\\/\",\"name\":\"Adapterrahmen MS 01 Schnellwechselrahmen MS 01 passend f\u00fcr Minibagger MS01er - Markt-XXL\",\"isPartOf\":{\"@id\":\"https:\\\/\\\/marktxxl.de\\\/markt\\\/#website\"},\"primaryImageOfPage\":{\"@id\":\"https:\\\/\\\/marktxxl.de\\\/markt\\\/produkt\\\/adapterrahmen-ms-01-schnellwechselrahmen-ms-01-passend-fuer-minibagger-ms01er\\\/#primaryimage\"},\"image\":{\"@id\":\"https:\\\/\\\/marktxxl.de\\\/markt\\\/produkt\\\/adapterrahmen-ms-01-schnellwechselrahmen-ms-01-passend-fuer-minibagger-ms01er\\\/#primaryimage\"},\"thumbnailUrl\":\"https:\\\/\\\/m.media-amazon.com\\\/images\\\/I\\\/51-Ub6GzHjL._SL500_.jpg\",\"datePublished\":\"2021-09-12T20:05:07+00:00\",\"dateModified\":\"2023-04-10T23:37:13+00:00\",\"description\":\"Markt-XXL Adapterrahmen MS 01 Schnellwechselrahmen MS 01 passend f\u00fcr Minibagger MS01er\",\"breadcrumb\":{\"@id\":\"https:\\\/\\\/marktxxl.de\\\/markt\\\/produkt\\\/adapterrahmen-ms-01-schnellwechselrahmen-ms-01-passend-fuer-minibagger-ms01er\\\/#breadcrumb\"},\"inLanguage\":\"de\",\"potentialAction\":[{\"@type\":\"ReadAction\",\"target\":[\"https:\\\/\\\/marktxxl.de\\\/markt\\\/produkt\\\/adapterrahmen-ms-01-schnellwechselrahmen-ms-01-passend-fuer-minibagger-ms01er\\\/\"]}]},{\"@type\":\"ImageObject\",\"inLanguage\":\"de\",\"@id\":\"https:\\\/\\\/marktxxl.de\\\/markt\\\/produkt\\\/adapterrahmen-ms-01-schnellwechselrahmen-ms-01-passend-fuer-minibagger-ms01er\\\/#primaryimage\",\"url\":\"https:\\\/\\\/m.media-amazon.com\\\/images\\\/I\\\/51-Ub6GzHjL._SL500_.jpg\",\"contentUrl\":\"https:\\\/\\\/m.media-amazon.com\\\/images\\\/I\\\/51-Ub6GzHjL._SL500_.jpg\",\"width\":500,\"height\":333},{\"@type\":\"BreadcrumbList\",\"@id\":\"https:\\\/\\\/marktxxl.de\\\/markt\\\/produkt\\\/adapterrahmen-ms-01-schnellwechselrahmen-ms-01-passend-fuer-minibagger-ms01er\\\/#breadcrumb\",\"itemListElement\":[{\"@type\":\"ListItem\",\"position\":1,\"name\":\"Startseite\",\"item\":\"https:\\\/\\\/marktxxl.de\\\/markt\\\/\"},{\"@type\":\"ListItem\",\"position\":2,\"name\":\"Markt\",\"item\":\"https:\\\/\\\/marktxxl.de\\\/markt\\\/\"},{\"@type\":\"ListItem\",\"position\":3,\"name\":\"Adapterrahmen MS 01 Schnellwechselrahmen MS 01 passend f\u00fcr Minibagger MS01er\"}]},{\"@type\":\"WebSite\",\"@id\":\"https:\\\/\\\/marktxxl.de\\\/markt\\\/#website\",\"url\":\"https:\\\/\\\/marktxxl.de\\\/markt\\\/\",\"name\":\"Markt-XXL\",\"description\":\"Ihr Markt Online\",\"publisher\":{\"@id\":\"https:\\\/\\\/marktxxl.de\\\/markt\\\/#organization\"},\"potentialAction\":[{\"@type\":\"SearchAction\",\"target\":{\"@type\":\"EntryPoint\",\"urlTemplate\":\"https:\\\/\\\/marktxxl.de\\\/markt\\\/?s={search_term_string}\"},\"query-input\":{\"@type\":\"PropertyValueSpecification\",\"valueRequired\":true,\"valueName\":\"search_term_string\"}}],\"inLanguage\":\"de\"},{\"@type\":\"Organization\",\"@id\":\"https:\\\/\\\/marktxxl.de\\\/markt\\\/#organization\",\"name\":\"Markt-XXL\",\"url\":\"https:\\\/\\\/marktxxl.de\\\/markt\\\/\",\"logo\":{\"@type\":\"ImageObject\",\"inLanguage\":\"de\",\"@id\":\"https:\\\/\\\/marktxxl.de\\\/markt\\\/#\\\/schema\\\/logo\\\/image\\\/\",\"url\":\"https:\\\/\\\/marktxxl.de\\\/markt\\\/wp-content\\\/uploads\\\/sites\\\/3\\\/2020\\\/12\\\/logo.png\",\"contentUrl\":\"https:\\\/\\\/marktxxl.de\\\/markt\\\/wp-content\\\/uploads\\\/sites\\\/3\\\/2020\\\/12\\\/logo.png\",\"width\":200,\"height\":70,\"caption\":\"Markt-XXL\"},\"image\":{\"@id\":\"https:\\\/\\\/marktxxl.de\\\/markt\\\/#\\\/schema\\\/logo\\\/image\\\/\"}}]}<\/script>\n<!-- \/ Yoast SEO plugin. -->","yoast_head_json":{"title":"Adapterrahmen MS 01 Schnellwechselrahmen MS 01 passend f\u00fcr Minibagger MS01er - Markt-XXL","description":"Markt-XXL Adapterrahmen MS 01 Schnellwechselrahmen MS 01 passend f\u00fcr Minibagger MS01er","robots":{"index":"index","follow":"follow","max-snippet":"max-snippet:-1","max-image-preview":"max-image-preview:large","max-video-preview":"max-video-preview:-1"},"canonical":"https:\/\/marktxxl.de\/markt\/produkt\/adapterrahmen-ms-01-schnellwechselrahmen-ms-01-passend-fuer-minibagger-ms01er\/","og_locale":"de_DE","og_type":"article","og_title":"Adapterrahmen MS 01 Schnellwechselrahmen MS 01 passend f\u00fcr Minibagger MS01er - Markt-XXL","og_description":"Markt-XXL Adapterrahmen MS 01 Schnellwechselrahmen MS 01 passend f\u00fcr Minibagger MS01er","og_url":"https:\/\/marktxxl.de\/markt\/produkt\/adapterrahmen-ms-01-schnellwechselrahmen-ms-01-passend-fuer-minibagger-ms01er\/","og_site_name":"Markt-XXL","article_modified_time":"2023-04-10T23:37:13+00:00","og_image":[{"width":500,"height":333,"url":"https:\/\/m.media-amazon.com\/images\/I\/51-Ub6GzHjL._SL500_.jpg","type":"image\/jpeg"}],"twitter_card":"summary_large_image","schema":{"@context":"https:\/\/schema.org","@graph":[{"@type":"WebPage","@id":"https:\/\/marktxxl.de\/markt\/produkt\/adapterrahmen-ms-01-schnellwechselrahmen-ms-01-passend-fuer-minibagger-ms01er\/","url":"https:\/\/marktxxl.de\/markt\/produkt\/adapterrahmen-ms-01-schnellwechselrahmen-ms-01-passend-fuer-minibagger-ms01er\/","name":"Adapterrahmen MS 01 Schnellwechselrahmen MS 01 passend f\u00fcr Minibagger MS01er - Markt-XXL","isPartOf":{"@id":"https:\/\/marktxxl.de\/markt\/#website"},"primaryImageOfPage":{"@id":"https:\/\/marktxxl.de\/markt\/produkt\/adapterrahmen-ms-01-schnellwechselrahmen-ms-01-passend-fuer-minibagger-ms01er\/#primaryimage"},"image":{"@id":"https:\/\/marktxxl.de\/markt\/produkt\/adapterrahmen-ms-01-schnellwechselrahmen-ms-01-passend-fuer-minibagger-ms01er\/#primaryimage"},"thumbnailUrl":"https:\/\/m.media-amazon.com\/images\/I\/51-Ub6GzHjL._SL500_.jpg","datePublished":"2021-09-12T20:05:07+00:00","dateModified":"2023-04-10T23:37:13+00:00","description":"Markt-XXL Adapterrahmen MS 01 Schnellwechselrahmen MS 01 passend f\u00fcr Minibagger MS01er","breadcrumb":{"@id":"https:\/\/marktxxl.de\/markt\/produkt\/adapterrahmen-ms-01-schnellwechselrahmen-ms-01-passend-fuer-minibagger-ms01er\/#breadcrumb"},"inLanguage":"de","potentialAction":[{"@type":"ReadAction","target":["https:\/\/marktxxl.de\/markt\/produkt\/adapterrahmen-ms-01-schnellwechselrahmen-ms-01-passend-fuer-minibagger-ms01er\/"]}]},{"@type":"ImageObject","inLanguage":"de","@id":"https:\/\/marktxxl.de\/markt\/produkt\/adapterrahmen-ms-01-schnellwechselrahmen-ms-01-passend-fuer-minibagger-ms01er\/#primaryimage","url":"https:\/\/m.media-amazon.com\/images\/I\/51-Ub6GzHjL._SL500_.jpg","contentUrl":"https:\/\/m.media-amazon.com\/images\/I\/51-Ub6GzHjL._SL500_.jpg","width":500,"height":333},{"@type":"BreadcrumbList","@id":"https:\/\/marktxxl.de\/markt\/produkt\/adapterrahmen-ms-01-schnellwechselrahmen-ms-01-passend-fuer-minibagger-ms01er\/#breadcrumb","itemListElement":[{"@type":"ListItem","position":1,"name":"Startseite","item":"https:\/\/marktxxl.de\/markt\/"},{"@type":"ListItem","position":2,"name":"Markt","item":"https:\/\/marktxxl.de\/markt\/"},{"@type":"ListItem","position":3,"name":"Adapterrahmen MS 01 Schnellwechselrahmen MS 01 passend f\u00fcr Minibagger MS01er"}]},{"@type":"WebSite","@id":"https:\/\/marktxxl.de\/markt\/#website","url":"https:\/\/marktxxl.de\/markt\/","name":"Markt-XXL","description":"Ihr Markt Online","publisher":{"@id":"https:\/\/marktxxl.de\/markt\/#organization"},"potentialAction":[{"@type":"SearchAction","target":{"@type":"EntryPoint","urlTemplate":"https:\/\/marktxxl.de\/markt\/?s={search_term_string}"},"query-input":{"@type":"PropertyValueSpecification","valueRequired":true,"valueName":"search_term_string"}}],"inLanguage":"de"},{"@type":"Organization","@id":"https:\/\/marktxxl.de\/markt\/#organization","name":"Markt-XXL","url":"https:\/\/marktxxl.de\/markt\/","logo":{"@type":"ImageObject","inLanguage":"de","@id":"https:\/\/marktxxl.de\/markt\/#\/schema\/logo\/image\/","url":"https:\/\/marktxxl.de\/markt\/wp-content\/uploads\/sites\/3\/2020\/12\/logo.png","contentUrl":"https:\/\/marktxxl.de\/markt\/wp-content\/uploads\/sites\/3\/2020\/12\/logo.png","width":200,"height":70,"caption":"Markt-XXL"},"image":{"@id":"https:\/\/marktxxl.de\/markt\/#\/schema\/logo\/image\/"}}]}},"_links":{"self":[{"href":"https:\/\/marktxxl.de\/markt\/wp-json\/wp\/v2\/product\/28721","targetHints":{"allow":["GET"]}}],"collection":[{"href":"https:\/\/marktxxl.de\/markt\/wp-json\/wp\/v2\/product"}],"about":[{"href":"https:\/\/marktxxl.de\/markt\/wp-json\/wp\/v2\/types\/product"}],"replies":[{"embeddable":true,"href":"https:\/\/marktxxl.de\/markt\/wp-json\/wp\/v2\/comments?post=28721"}],"wp:featuredmedia":[{"embeddable":true,"href":"https:\/\/marktxxl.de\/markt\/wp-json\/wp\/v2\/media\/28722"}],"wp:attachment":[{"href":"https:\/\/marktxxl.de\/markt\/wp-json\/wp\/v2\/media?parent=28721"}],"wp:term":[{"taxonomy":"product_brand","embeddable":true,"href":"https:\/\/marktxxl.de\/markt\/wp-json\/wp\/v2\/product_brand?post=28721"},{"taxonomy":"product_cat","embeddable":true,"href":"https:\/\/marktxxl.de\/markt\/wp-json\/wp\/v2\/product_cat?post=28721"},{"taxonomy":"product_tag","embeddable":true,"href":"https:\/\/marktxxl.de\/markt\/wp-json\/wp\/v2\/product_tag?post=28721"}],"curies":[{"name":"wp","href":"https:\/\/api.w.org\/{rel}","templated":true}]}}