{"id":28700,"date":"2021-09-12T22:05:03","date_gmt":"2021-09-12T20:05:03","guid":{"rendered":"https:\/\/marktxxl.de\/markt\/produkt\/schluessel-flaschenoeffner-fuer-hochzeitsgesellschaft-beguenstigt-rustikale-dekoration\/"},"modified":"2023-04-11T01:37:13","modified_gmt":"2023-04-10T23:37:13","slug":"schluessel-flaschenoeffner-fuer-hochzeitsgesellschaft-beguenstigt-rustikale-dekoration","status":"publish","type":"product","link":"https:\/\/marktxxl.de\/markt\/produkt\/schluessel-flaschenoeffner-fuer-hochzeitsgesellschaft-beguenstigt-rustikale-dekoration\/","title":{"rendered":"Schl\u00fcssel Flaschen\u00f6ffner &#8211; 50 St\u00fcck Schl\u00fcssel Flaschen\u00f6ffner mit Kraftpapier Geschenkanh\u00e4nger und Schnur f\u00fcr Hochzeit\u2026"},"content":{"rendered":"<p>Qualitativ hochwertiges Design, jeder Schl\u00fcssel besteht aus einer robusten, hochwertigen Metalllegierung und ist mit einer Antiklackierung versehen, um einen sch\u00f6nen Vintage-Look zu erzielen.<br \/>\nDie Schl\u00fcssel sind niedlich und werden mit Kraftkarten und Bindf\u00e4den geliefert. Sie eignen sich perfekt f\u00fcr Ihre alte Vintage oder rustikale Hochzeit. Es kann ein Schl\u00fcssel f\u00fcr Ihren Sitzplatz auf der Hochzeit oder Party sein oder diesen an einem Baum aufh\u00e4ngen, damit Ihre G\u00e4ste sie sammeln oder in atemberaubenden auff\u00e4lligen Arrangements auf dem Tisch verteilen k\u00f6nnen.<br \/>\nBewahren Sie diese Flaschen\u00f6ffner in Ihrer K\u00fcche oder Bar auf oder h\u00e4ngen Sie sie an Ihren Schl\u00fcsselring. Oder verwenden Sie sie als Dankesch\u00f6n. Ihre G\u00e4ste erinnern sich lange nach Ihrer Hochzeit oder Party an Sie.<br \/>\nVervollkommnen Sie f\u00fcr mehr Gelegenheiten und Themen, wie Brautduschen, Babypartys, Geburtstagsfeier, Abschlussfeier, Hochzeit, Einweihungsparty, Engagement, Weihnachten, Jubil\u00e4um, Weihnachtsfeier, Girls Partiesy, Western-Set, Halloween, Gartendekorationen.<br \/>\nKraft-Tags sind leer, wir k\u00f6nnen die Namen der G\u00e4ste schreiben, danke W\u00f6rter auf den Tags, sodass sie sogar als Namenskarten f\u00fcr die Esstische dienen k\u00f6nnen. Oder Sie k\u00f6nnen kreativ werden, indem Sie eine Briefmarke mit den Namen der Brautpaare + Datum der Hochzeit kaufen und jeden Stempel stempeln.<br \/>\n<div class=\"main-cross-sell\" data-asin=\"B07GSMTZPV\">\n\n\t<div class=\"WooZone-cross-sell-loader\">\n\t\t<div>\n\t\t\t<div id=\"floatingBarsG\">\n\t\t\t\t<div class=\"blockG\" id=\"rotateG_01\"><\/div>\n\t\t\t\t<div class=\"blockG\" id=\"rotateG_02\"><\/div>\n\t\t\t\t<div class=\"blockG\" id=\"rotateG_03\"><\/div>\n\t\t\t\t<div class=\"blockG\" id=\"rotateG_04\"><\/div>\n\t\t\t\t<div class=\"blockG\" id=\"rotateG_05\"><\/div>\n\t\t\t\t<div class=\"blockG\" id=\"rotateG_06\"><\/div>\n\t\t\t\t<div class=\"blockG\" id=\"rotateG_07\"><\/div>\n\t\t\t\t<div class=\"blockG\" id=\"rotateG_08\"><\/div>\n\t\t\t<\/div>\n\t\t\t<div class=\"WooZone-cross-sell-loader-text\"><\/div>\n\t\t<\/div>\n\t<\/div>\n\n\t\t\n<\/div>\n<div style=\"clear:both;\"><\/div><\/p>\n","protected":false},"excerpt":{"rendered":"<p>Qualitativ hochwertiges Design, jeder Schl\u00fcssel besteht aus einer robusten, hochwertigen Metalllegierung und ist mit einer Antiklackierung versehen, um einen sch\u00f6nen Vintage-Look zu erzielen.<br \/>\nDie Schl\u00fcssel sind niedlich und werden mit Kraftkarten und Bindf\u00e4den geliefert. Sie eignen sich perfekt f\u00fcr Ihre alte Vintage oder rustikale Hochzeit. Es kann ein Schl\u00fcssel f\u00fcr Ihren Sitzplatz auf der Hochzeit oder Party sein oder diesen an einem Baum aufh\u00e4ngen, damit Ihre G\u00e4ste sie sammeln oder in atemberaubenden auff\u00e4lligen Arrangements auf dem Tisch verteilen k\u00f6nnen.<br \/>\nBewahren Sie diese Flaschen\u00f6ffner in Ihrer K\u00fcche oder Bar auf oder h\u00e4ngen Sie sie an Ihren Schl\u00fcsselring. Oder verwenden Sie sie als Dankesch\u00f6n. Ihre G\u00e4ste erinnern sich lange nach Ihrer Hochzeit oder Party an Sie.<\/p>\n","protected":false},"featured_media":28704,"comment_status":"open","ping_status":"closed","template":"","meta":[],"product_brand":[],"product_cat":[1983,10767],"product_tag":[],"class_list":{"0":"post-28700","1":"product","2":"type-product","3":"status-publish","4":"has-post-thumbnail","6":"product_cat-baumarkt","7":"product_cat-baumaschinen-zubehoer","8":"pa_brand-xonor","9":"pa_farbe-10-stile-rosegold","10":"pa_farbe-bronze","11":"pa_farbe-kupfer","12":"pa_manufacturer-xonor","13":"pa_size-7263","15":"first","16":"instock","17":"shipping-taxable","18":"purchasable","19":"product-type-variable","20":"customify-col","21":"product-has-gallery"},"yoast_head":"<!-- This site is optimized with the Yoast SEO plugin v27.4 - https:\/\/yoast.com\/product\/yoast-seo-wordpress\/ -->\n<title>Schl\u00fcssel Flaschen\u00f6ffner - 50 St\u00fcck Schl\u00fcssel Flaschen\u00f6ffner mit Kraftpapier Geschenkanh\u00e4nger und Schnur f\u00fcr Hochzeit\u2026 - Markt-XXL<\/title>\n<meta name=\"description\" content=\"Markt-XXL Schl\u00fcssel Flaschen\u00f6ffner - 50 St\u00fcck Schl\u00fcssel Flaschen\u00f6ffner mit Kraftpapier Geschenkanh\u00e4nger und Schnur f\u00fcr Hochzeit\u2026\" \/>\n<meta name=\"robots\" content=\"index, follow, max-snippet:-1, max-image-preview:large, max-video-preview:-1\" \/>\n<link rel=\"canonical\" href=\"https:\/\/marktxxl.de\/markt\/produkt\/schluessel-flaschenoeffner-fuer-hochzeitsgesellschaft-beguenstigt-rustikale-dekoration\/\" \/>\n<meta property=\"og:locale\" content=\"de_DE\" \/>\n<meta property=\"og:type\" content=\"article\" \/>\n<meta property=\"og:title\" content=\"Schl\u00fcssel Flaschen\u00f6ffner - 50 St\u00fcck Schl\u00fcssel Flaschen\u00f6ffner mit Kraftpapier Geschenkanh\u00e4nger und Schnur f\u00fcr Hochzeit\u2026 - Markt-XXL\" \/>\n<meta property=\"og:description\" content=\"Markt-XXL Schl\u00fcssel Flaschen\u00f6ffner - 50 St\u00fcck Schl\u00fcssel Flaschen\u00f6ffner mit Kraftpapier Geschenkanh\u00e4nger und Schnur f\u00fcr Hochzeit\u2026\" \/>\n<meta property=\"og:url\" content=\"https:\/\/marktxxl.de\/markt\/produkt\/schluessel-flaschenoeffner-fuer-hochzeitsgesellschaft-beguenstigt-rustikale-dekoration\/\" \/>\n<meta property=\"og:site_name\" content=\"Markt-XXL\" \/>\n<meta property=\"article:modified_time\" content=\"2023-04-10T23:37:13+00:00\" \/>\n<meta property=\"og:image\" content=\"https:\/\/m.media-amazon.com\/images\/I\/519YruVrJ1L._SL500_.jpg\" \/>\n\t<meta property=\"og:image:width\" content=\"500\" \/>\n\t<meta property=\"og:image:height\" content=\"500\" \/>\n\t<meta property=\"og:image:type\" content=\"image\/jpeg\" \/>\n<meta name=\"twitter:card\" content=\"summary_large_image\" \/>\n<meta name=\"twitter:label1\" content=\"Gesch\u00e4tzte Lesezeit\" \/>\n\t<meta name=\"twitter:data1\" content=\"1\u00a0Minute\" \/>\n<script type=\"application\/ld+json\" class=\"yoast-schema-graph\">{\"@context\":\"https:\\\/\\\/schema.org\",\"@graph\":[{\"@type\":\"WebPage\",\"@id\":\"https:\\\/\\\/marktxxl.de\\\/markt\\\/produkt\\\/schluessel-flaschenoeffner-fuer-hochzeitsgesellschaft-beguenstigt-rustikale-dekoration\\\/\",\"url\":\"https:\\\/\\\/marktxxl.de\\\/markt\\\/produkt\\\/schluessel-flaschenoeffner-fuer-hochzeitsgesellschaft-beguenstigt-rustikale-dekoration\\\/\",\"name\":\"Schl\u00fcssel Flaschen\u00f6ffner - 50 St\u00fcck Schl\u00fcssel Flaschen\u00f6ffner mit Kraftpapier Geschenkanh\u00e4nger und Schnur f\u00fcr Hochzeit\u2026 - Markt-XXL\",\"isPartOf\":{\"@id\":\"https:\\\/\\\/marktxxl.de\\\/markt\\\/#website\"},\"primaryImageOfPage\":{\"@id\":\"https:\\\/\\\/marktxxl.de\\\/markt\\\/produkt\\\/schluessel-flaschenoeffner-fuer-hochzeitsgesellschaft-beguenstigt-rustikale-dekoration\\\/#primaryimage\"},\"image\":{\"@id\":\"https:\\\/\\\/marktxxl.de\\\/markt\\\/produkt\\\/schluessel-flaschenoeffner-fuer-hochzeitsgesellschaft-beguenstigt-rustikale-dekoration\\\/#primaryimage\"},\"thumbnailUrl\":\"https:\\\/\\\/m.media-amazon.com\\\/images\\\/I\\\/519YruVrJ1L._SL500_.jpg\",\"datePublished\":\"2021-09-12T20:05:03+00:00\",\"dateModified\":\"2023-04-10T23:37:13+00:00\",\"description\":\"Markt-XXL Schl\u00fcssel Flaschen\u00f6ffner - 50 St\u00fcck Schl\u00fcssel Flaschen\u00f6ffner mit Kraftpapier Geschenkanh\u00e4nger und Schnur f\u00fcr Hochzeit\u2026\",\"breadcrumb\":{\"@id\":\"https:\\\/\\\/marktxxl.de\\\/markt\\\/produkt\\\/schluessel-flaschenoeffner-fuer-hochzeitsgesellschaft-beguenstigt-rustikale-dekoration\\\/#breadcrumb\"},\"inLanguage\":\"de\",\"potentialAction\":[{\"@type\":\"ReadAction\",\"target\":[\"https:\\\/\\\/marktxxl.de\\\/markt\\\/produkt\\\/schluessel-flaschenoeffner-fuer-hochzeitsgesellschaft-beguenstigt-rustikale-dekoration\\\/\"]}]},{\"@type\":\"ImageObject\",\"inLanguage\":\"de\",\"@id\":\"https:\\\/\\\/marktxxl.de\\\/markt\\\/produkt\\\/schluessel-flaschenoeffner-fuer-hochzeitsgesellschaft-beguenstigt-rustikale-dekoration\\\/#primaryimage\",\"url\":\"https:\\\/\\\/m.media-amazon.com\\\/images\\\/I\\\/519YruVrJ1L._SL500_.jpg\",\"contentUrl\":\"https:\\\/\\\/m.media-amazon.com\\\/images\\\/I\\\/519YruVrJ1L._SL500_.jpg\",\"width\":500,\"height\":500},{\"@type\":\"BreadcrumbList\",\"@id\":\"https:\\\/\\\/marktxxl.de\\\/markt\\\/produkt\\\/schluessel-flaschenoeffner-fuer-hochzeitsgesellschaft-beguenstigt-rustikale-dekoration\\\/#breadcrumb\",\"itemListElement\":[{\"@type\":\"ListItem\",\"position\":1,\"name\":\"Startseite\",\"item\":\"https:\\\/\\\/marktxxl.de\\\/markt\\\/\"},{\"@type\":\"ListItem\",\"position\":2,\"name\":\"Markt\",\"item\":\"https:\\\/\\\/marktxxl.de\\\/markt\\\/\"},{\"@type\":\"ListItem\",\"position\":3,\"name\":\"Schl\u00fcssel Flaschen\u00f6ffner &#8211; 50 St\u00fcck Schl\u00fcssel Flaschen\u00f6ffner mit Kraftpapier Geschenkanh\u00e4nger und Schnur f\u00fcr Hochzeit\u2026\"}]},{\"@type\":\"WebSite\",\"@id\":\"https:\\\/\\\/marktxxl.de\\\/markt\\\/#website\",\"url\":\"https:\\\/\\\/marktxxl.de\\\/markt\\\/\",\"name\":\"Markt-XXL\",\"description\":\"Ihr Markt Online\",\"publisher\":{\"@id\":\"https:\\\/\\\/marktxxl.de\\\/markt\\\/#organization\"},\"potentialAction\":[{\"@type\":\"SearchAction\",\"target\":{\"@type\":\"EntryPoint\",\"urlTemplate\":\"https:\\\/\\\/marktxxl.de\\\/markt\\\/?s={search_term_string}\"},\"query-input\":{\"@type\":\"PropertyValueSpecification\",\"valueRequired\":true,\"valueName\":\"search_term_string\"}}],\"inLanguage\":\"de\"},{\"@type\":\"Organization\",\"@id\":\"https:\\\/\\\/marktxxl.de\\\/markt\\\/#organization\",\"name\":\"Markt-XXL\",\"url\":\"https:\\\/\\\/marktxxl.de\\\/markt\\\/\",\"logo\":{\"@type\":\"ImageObject\",\"inLanguage\":\"de\",\"@id\":\"https:\\\/\\\/marktxxl.de\\\/markt\\\/#\\\/schema\\\/logo\\\/image\\\/\",\"url\":\"https:\\\/\\\/marktxxl.de\\\/markt\\\/wp-content\\\/uploads\\\/sites\\\/3\\\/2020\\\/12\\\/logo.png\",\"contentUrl\":\"https:\\\/\\\/marktxxl.de\\\/markt\\\/wp-content\\\/uploads\\\/sites\\\/3\\\/2020\\\/12\\\/logo.png\",\"width\":200,\"height\":70,\"caption\":\"Markt-XXL\"},\"image\":{\"@id\":\"https:\\\/\\\/marktxxl.de\\\/markt\\\/#\\\/schema\\\/logo\\\/image\\\/\"}}]}<\/script>\n<!-- \/ Yoast SEO plugin. -->","yoast_head_json":{"title":"Schl\u00fcssel Flaschen\u00f6ffner - 50 St\u00fcck Schl\u00fcssel Flaschen\u00f6ffner mit Kraftpapier Geschenkanh\u00e4nger und Schnur f\u00fcr Hochzeit\u2026 - Markt-XXL","description":"Markt-XXL Schl\u00fcssel Flaschen\u00f6ffner - 50 St\u00fcck Schl\u00fcssel Flaschen\u00f6ffner mit Kraftpapier Geschenkanh\u00e4nger und Schnur f\u00fcr Hochzeit\u2026","robots":{"index":"index","follow":"follow","max-snippet":"max-snippet:-1","max-image-preview":"max-image-preview:large","max-video-preview":"max-video-preview:-1"},"canonical":"https:\/\/marktxxl.de\/markt\/produkt\/schluessel-flaschenoeffner-fuer-hochzeitsgesellschaft-beguenstigt-rustikale-dekoration\/","og_locale":"de_DE","og_type":"article","og_title":"Schl\u00fcssel Flaschen\u00f6ffner - 50 St\u00fcck Schl\u00fcssel Flaschen\u00f6ffner mit Kraftpapier Geschenkanh\u00e4nger und Schnur f\u00fcr Hochzeit\u2026 - Markt-XXL","og_description":"Markt-XXL Schl\u00fcssel Flaschen\u00f6ffner - 50 St\u00fcck Schl\u00fcssel Flaschen\u00f6ffner mit Kraftpapier Geschenkanh\u00e4nger und Schnur f\u00fcr Hochzeit\u2026","og_url":"https:\/\/marktxxl.de\/markt\/produkt\/schluessel-flaschenoeffner-fuer-hochzeitsgesellschaft-beguenstigt-rustikale-dekoration\/","og_site_name":"Markt-XXL","article_modified_time":"2023-04-10T23:37:13+00:00","og_image":[{"width":500,"height":500,"url":"https:\/\/m.media-amazon.com\/images\/I\/519YruVrJ1L._SL500_.jpg","type":"image\/jpeg"}],"twitter_card":"summary_large_image","twitter_misc":{"Gesch\u00e4tzte Lesezeit":"1\u00a0Minute"},"schema":{"@context":"https:\/\/schema.org","@graph":[{"@type":"WebPage","@id":"https:\/\/marktxxl.de\/markt\/produkt\/schluessel-flaschenoeffner-fuer-hochzeitsgesellschaft-beguenstigt-rustikale-dekoration\/","url":"https:\/\/marktxxl.de\/markt\/produkt\/schluessel-flaschenoeffner-fuer-hochzeitsgesellschaft-beguenstigt-rustikale-dekoration\/","name":"Schl\u00fcssel Flaschen\u00f6ffner - 50 St\u00fcck Schl\u00fcssel Flaschen\u00f6ffner mit Kraftpapier Geschenkanh\u00e4nger und Schnur f\u00fcr Hochzeit\u2026 - Markt-XXL","isPartOf":{"@id":"https:\/\/marktxxl.de\/markt\/#website"},"primaryImageOfPage":{"@id":"https:\/\/marktxxl.de\/markt\/produkt\/schluessel-flaschenoeffner-fuer-hochzeitsgesellschaft-beguenstigt-rustikale-dekoration\/#primaryimage"},"image":{"@id":"https:\/\/marktxxl.de\/markt\/produkt\/schluessel-flaschenoeffner-fuer-hochzeitsgesellschaft-beguenstigt-rustikale-dekoration\/#primaryimage"},"thumbnailUrl":"https:\/\/m.media-amazon.com\/images\/I\/519YruVrJ1L._SL500_.jpg","datePublished":"2021-09-12T20:05:03+00:00","dateModified":"2023-04-10T23:37:13+00:00","description":"Markt-XXL Schl\u00fcssel Flaschen\u00f6ffner - 50 St\u00fcck Schl\u00fcssel Flaschen\u00f6ffner mit Kraftpapier Geschenkanh\u00e4nger und Schnur f\u00fcr Hochzeit\u2026","breadcrumb":{"@id":"https:\/\/marktxxl.de\/markt\/produkt\/schluessel-flaschenoeffner-fuer-hochzeitsgesellschaft-beguenstigt-rustikale-dekoration\/#breadcrumb"},"inLanguage":"de","potentialAction":[{"@type":"ReadAction","target":["https:\/\/marktxxl.de\/markt\/produkt\/schluessel-flaschenoeffner-fuer-hochzeitsgesellschaft-beguenstigt-rustikale-dekoration\/"]}]},{"@type":"ImageObject","inLanguage":"de","@id":"https:\/\/marktxxl.de\/markt\/produkt\/schluessel-flaschenoeffner-fuer-hochzeitsgesellschaft-beguenstigt-rustikale-dekoration\/#primaryimage","url":"https:\/\/m.media-amazon.com\/images\/I\/519YruVrJ1L._SL500_.jpg","contentUrl":"https:\/\/m.media-amazon.com\/images\/I\/519YruVrJ1L._SL500_.jpg","width":500,"height":500},{"@type":"BreadcrumbList","@id":"https:\/\/marktxxl.de\/markt\/produkt\/schluessel-flaschenoeffner-fuer-hochzeitsgesellschaft-beguenstigt-rustikale-dekoration\/#breadcrumb","itemListElement":[{"@type":"ListItem","position":1,"name":"Startseite","item":"https:\/\/marktxxl.de\/markt\/"},{"@type":"ListItem","position":2,"name":"Markt","item":"https:\/\/marktxxl.de\/markt\/"},{"@type":"ListItem","position":3,"name":"Schl\u00fcssel Flaschen\u00f6ffner &#8211; 50 St\u00fcck Schl\u00fcssel Flaschen\u00f6ffner mit Kraftpapier Geschenkanh\u00e4nger und Schnur f\u00fcr Hochzeit\u2026"}]},{"@type":"WebSite","@id":"https:\/\/marktxxl.de\/markt\/#website","url":"https:\/\/marktxxl.de\/markt\/","name":"Markt-XXL","description":"Ihr Markt Online","publisher":{"@id":"https:\/\/marktxxl.de\/markt\/#organization"},"potentialAction":[{"@type":"SearchAction","target":{"@type":"EntryPoint","urlTemplate":"https:\/\/marktxxl.de\/markt\/?s={search_term_string}"},"query-input":{"@type":"PropertyValueSpecification","valueRequired":true,"valueName":"search_term_string"}}],"inLanguage":"de"},{"@type":"Organization","@id":"https:\/\/marktxxl.de\/markt\/#organization","name":"Markt-XXL","url":"https:\/\/marktxxl.de\/markt\/","logo":{"@type":"ImageObject","inLanguage":"de","@id":"https:\/\/marktxxl.de\/markt\/#\/schema\/logo\/image\/","url":"https:\/\/marktxxl.de\/markt\/wp-content\/uploads\/sites\/3\/2020\/12\/logo.png","contentUrl":"https:\/\/marktxxl.de\/markt\/wp-content\/uploads\/sites\/3\/2020\/12\/logo.png","width":200,"height":70,"caption":"Markt-XXL"},"image":{"@id":"https:\/\/marktxxl.de\/markt\/#\/schema\/logo\/image\/"}}]}},"_links":{"self":[{"href":"https:\/\/marktxxl.de\/markt\/wp-json\/wp\/v2\/product\/28700","targetHints":{"allow":["GET"]}}],"collection":[{"href":"https:\/\/marktxxl.de\/markt\/wp-json\/wp\/v2\/product"}],"about":[{"href":"https:\/\/marktxxl.de\/markt\/wp-json\/wp\/v2\/types\/product"}],"replies":[{"embeddable":true,"href":"https:\/\/marktxxl.de\/markt\/wp-json\/wp\/v2\/comments?post=28700"}],"wp:featuredmedia":[{"embeddable":true,"href":"https:\/\/marktxxl.de\/markt\/wp-json\/wp\/v2\/media\/28704"}],"wp:attachment":[{"href":"https:\/\/marktxxl.de\/markt\/wp-json\/wp\/v2\/media?parent=28700"}],"wp:term":[{"taxonomy":"product_brand","embeddable":true,"href":"https:\/\/marktxxl.de\/markt\/wp-json\/wp\/v2\/product_brand?post=28700"},{"taxonomy":"product_cat","embeddable":true,"href":"https:\/\/marktxxl.de\/markt\/wp-json\/wp\/v2\/product_cat?post=28700"},{"taxonomy":"product_tag","embeddable":true,"href":"https:\/\/marktxxl.de\/markt\/wp-json\/wp\/v2\/product_tag?post=28700"}],"curies":[{"name":"wp","href":"https:\/\/api.w.org\/{rel}","templated":true}]}}