{"id":28605,"date":"2021-09-12T22:03:39","date_gmt":"2021-09-12T20:03:39","guid":{"rendered":"https:\/\/marktxxl.de\/markt\/produkt\/inova-griffmuschel-griff-2er-set-aluminium-silber-60mm-zubehoer-tuer-schiebetuer-selbstklebend\/"},"modified":"2023-04-11T01:37:10","modified_gmt":"2023-04-10T23:37:10","slug":"inova-griffmuschel-griff-2er-set-aluminium-silber-60mm-zubehoer-tuer-schiebetuer-selbstklebend","status":"publish","type":"product","link":"https:\/\/marktxxl.de\/markt\/produkt\/inova-griffmuschel-griff-2er-set-aluminium-silber-60mm-zubehoer-tuer-schiebetuer-selbstklebend\/","title":{"rendered":"inova Griffmuschel Griff 2er Set Aluminium silber 60mm Zubeh\u00f6r T\u00fcr Schiebet\u00fcr selbstklebend"},"content":{"rendered":"<p>Qualit\u00e4t: Hochwertiger und formsch\u00f6ner Aluminium Griff in silber eloxiert und matter Optik<br \/>\nMontage: Die Griffen lassen sich leicht anbringen. Das doppelseitige Klebeband ist bereits angebracht und sitzt \u00e4u\u00dfert fest<br \/>\nEinsatzbereiche: Geeignet f\u00fcr Schiebet\u00fcren, Schwebet\u00fcren und Schrankt\u00fcren aus allen Materialien<br \/>\nPassende Schiebet\u00fcren: In unserem Amazon Shop finden Sie die optimale T\u00fcr &#8211; Klicken Sie oben auf Inova-Store<br \/>\nIm Lieferumfang erhalten Sie zwei Muschelgriff inkl. Klebeband. Es ist kein Bohren notwendig<br \/>\n<div class=\"main-cross-sell\" data-asin=\"B01N2QFHYD\">\n\n\t<div class=\"WooZone-cross-sell-loader\">\n\t\t<div>\n\t\t\t<div id=\"floatingBarsG\">\n\t\t\t\t<div class=\"blockG\" id=\"rotateG_01\"><\/div>\n\t\t\t\t<div class=\"blockG\" id=\"rotateG_02\"><\/div>\n\t\t\t\t<div class=\"blockG\" id=\"rotateG_03\"><\/div>\n\t\t\t\t<div class=\"blockG\" id=\"rotateG_04\"><\/div>\n\t\t\t\t<div class=\"blockG\" id=\"rotateG_05\"><\/div>\n\t\t\t\t<div class=\"blockG\" id=\"rotateG_06\"><\/div>\n\t\t\t\t<div class=\"blockG\" id=\"rotateG_07\"><\/div>\n\t\t\t\t<div class=\"blockG\" id=\"rotateG_08\"><\/div>\n\t\t\t<\/div>\n\t\t\t<div class=\"WooZone-cross-sell-loader-text\"><\/div>\n\t\t<\/div>\n\t<\/div>\n\n\t\t\n<\/div>\n<div style=\"clear:both;\"><\/div><\/p>\n","protected":false},"excerpt":{"rendered":"<p>Qualit\u00e4t: Hochwertiger und formsch\u00f6ner Aluminium Griff in silber eloxiert und matter Optik<br \/>\nMontage: Die Griffen lassen sich leicht anbringen. Das doppelseitige Klebeband ist bereits angebracht und sitzt \u00e4u\u00dfert fest<br \/>\nEinsatzbereiche: Geeignet f\u00fcr Schiebet\u00fcren, Schwebet\u00fcren und Schrankt\u00fcren aus allen Materialien<\/p>\n","protected":false},"featured_media":28606,"comment_status":"open","ping_status":"closed","template":"","meta":[],"product_brand":[],"product_cat":[10704,1983],"product_tag":[],"class_list":{"0":"post-28605","1":"product","2":"type-product","3":"status-publish","4":"has-post-thumbnail","6":"product_cat-baubedarf","7":"product_cat-baumarkt","8":"pa_binding-haushaltswaren","9":"pa_brand-inova","10":"pa_manufacturer-inova","12":"first","13":"instock","14":"shipping-taxable","15":"purchasable","16":"product-type-simple","17":"customify-col","18":"product-has-gallery"},"yoast_head":"<!-- This site is optimized with the Yoast SEO plugin v27.4 - https:\/\/yoast.com\/product\/yoast-seo-wordpress\/ -->\n<title>inova Griffmuschel Griff 2er Set Aluminium silber 60mm Zubeh\u00f6r T\u00fcr Schiebet\u00fcr selbstklebend - Markt-XXL<\/title>\n<meta name=\"description\" content=\"Markt-XXL inova Griffmuschel Griff 2er Set Aluminium silber 60mm Zubeh\u00f6r T\u00fcr Schiebet\u00fcr selbstklebend\" \/>\n<meta name=\"robots\" content=\"index, follow, max-snippet:-1, max-image-preview:large, max-video-preview:-1\" \/>\n<link rel=\"canonical\" href=\"https:\/\/marktxxl.de\/markt\/produkt\/inova-griffmuschel-griff-2er-set-aluminium-silber-60mm-zubehoer-tuer-schiebetuer-selbstklebend\/\" \/>\n<meta property=\"og:locale\" content=\"de_DE\" \/>\n<meta property=\"og:type\" content=\"article\" \/>\n<meta property=\"og:title\" content=\"inova Griffmuschel Griff 2er Set Aluminium silber 60mm Zubeh\u00f6r T\u00fcr Schiebet\u00fcr selbstklebend - Markt-XXL\" \/>\n<meta property=\"og:description\" content=\"Markt-XXL inova Griffmuschel Griff 2er Set Aluminium silber 60mm Zubeh\u00f6r T\u00fcr Schiebet\u00fcr selbstklebend\" \/>\n<meta property=\"og:url\" content=\"https:\/\/marktxxl.de\/markt\/produkt\/inova-griffmuschel-griff-2er-set-aluminium-silber-60mm-zubehoer-tuer-schiebetuer-selbstklebend\/\" \/>\n<meta property=\"og:site_name\" content=\"Markt-XXL\" \/>\n<meta property=\"article:modified_time\" content=\"2023-04-10T23:37:10+00:00\" \/>\n<meta property=\"og:image\" content=\"https:\/\/m.media-amazon.com\/images\/I\/31fdDXcrAgL._SL500_.jpg\" \/>\n\t<meta property=\"og:image:width\" content=\"500\" \/>\n\t<meta property=\"og:image:height\" content=\"266\" \/>\n\t<meta property=\"og:image:type\" content=\"image\/jpeg\" \/>\n<meta name=\"twitter:card\" content=\"summary_large_image\" \/>\n<script type=\"application\/ld+json\" class=\"yoast-schema-graph\">{\"@context\":\"https:\\\/\\\/schema.org\",\"@graph\":[{\"@type\":\"WebPage\",\"@id\":\"https:\\\/\\\/marktxxl.de\\\/markt\\\/produkt\\\/inova-griffmuschel-griff-2er-set-aluminium-silber-60mm-zubehoer-tuer-schiebetuer-selbstklebend\\\/\",\"url\":\"https:\\\/\\\/marktxxl.de\\\/markt\\\/produkt\\\/inova-griffmuschel-griff-2er-set-aluminium-silber-60mm-zubehoer-tuer-schiebetuer-selbstklebend\\\/\",\"name\":\"inova Griffmuschel Griff 2er Set Aluminium silber 60mm Zubeh\u00f6r T\u00fcr Schiebet\u00fcr selbstklebend - Markt-XXL\",\"isPartOf\":{\"@id\":\"https:\\\/\\\/marktxxl.de\\\/markt\\\/#website\"},\"primaryImageOfPage\":{\"@id\":\"https:\\\/\\\/marktxxl.de\\\/markt\\\/produkt\\\/inova-griffmuschel-griff-2er-set-aluminium-silber-60mm-zubehoer-tuer-schiebetuer-selbstklebend\\\/#primaryimage\"},\"image\":{\"@id\":\"https:\\\/\\\/marktxxl.de\\\/markt\\\/produkt\\\/inova-griffmuschel-griff-2er-set-aluminium-silber-60mm-zubehoer-tuer-schiebetuer-selbstklebend\\\/#primaryimage\"},\"thumbnailUrl\":\"https:\\\/\\\/m.media-amazon.com\\\/images\\\/I\\\/31fdDXcrAgL._SL500_.jpg\",\"datePublished\":\"2021-09-12T20:03:39+00:00\",\"dateModified\":\"2023-04-10T23:37:10+00:00\",\"description\":\"Markt-XXL inova Griffmuschel Griff 2er Set Aluminium silber 60mm Zubeh\u00f6r T\u00fcr Schiebet\u00fcr selbstklebend\",\"breadcrumb\":{\"@id\":\"https:\\\/\\\/marktxxl.de\\\/markt\\\/produkt\\\/inova-griffmuschel-griff-2er-set-aluminium-silber-60mm-zubehoer-tuer-schiebetuer-selbstklebend\\\/#breadcrumb\"},\"inLanguage\":\"de\",\"potentialAction\":[{\"@type\":\"ReadAction\",\"target\":[\"https:\\\/\\\/marktxxl.de\\\/markt\\\/produkt\\\/inova-griffmuschel-griff-2er-set-aluminium-silber-60mm-zubehoer-tuer-schiebetuer-selbstklebend\\\/\"]}]},{\"@type\":\"ImageObject\",\"inLanguage\":\"de\",\"@id\":\"https:\\\/\\\/marktxxl.de\\\/markt\\\/produkt\\\/inova-griffmuschel-griff-2er-set-aluminium-silber-60mm-zubehoer-tuer-schiebetuer-selbstklebend\\\/#primaryimage\",\"url\":\"https:\\\/\\\/m.media-amazon.com\\\/images\\\/I\\\/31fdDXcrAgL._SL500_.jpg\",\"contentUrl\":\"https:\\\/\\\/m.media-amazon.com\\\/images\\\/I\\\/31fdDXcrAgL._SL500_.jpg\",\"width\":500,\"height\":266},{\"@type\":\"BreadcrumbList\",\"@id\":\"https:\\\/\\\/marktxxl.de\\\/markt\\\/produkt\\\/inova-griffmuschel-griff-2er-set-aluminium-silber-60mm-zubehoer-tuer-schiebetuer-selbstklebend\\\/#breadcrumb\",\"itemListElement\":[{\"@type\":\"ListItem\",\"position\":1,\"name\":\"Startseite\",\"item\":\"https:\\\/\\\/marktxxl.de\\\/markt\\\/\"},{\"@type\":\"ListItem\",\"position\":2,\"name\":\"Markt\",\"item\":\"https:\\\/\\\/marktxxl.de\\\/markt\\\/\"},{\"@type\":\"ListItem\",\"position\":3,\"name\":\"inova Griffmuschel Griff 2er Set Aluminium silber 60mm Zubeh\u00f6r T\u00fcr Schiebet\u00fcr selbstklebend\"}]},{\"@type\":\"WebSite\",\"@id\":\"https:\\\/\\\/marktxxl.de\\\/markt\\\/#website\",\"url\":\"https:\\\/\\\/marktxxl.de\\\/markt\\\/\",\"name\":\"Markt-XXL\",\"description\":\"Ihr Markt Online\",\"publisher\":{\"@id\":\"https:\\\/\\\/marktxxl.de\\\/markt\\\/#organization\"},\"potentialAction\":[{\"@type\":\"SearchAction\",\"target\":{\"@type\":\"EntryPoint\",\"urlTemplate\":\"https:\\\/\\\/marktxxl.de\\\/markt\\\/?s={search_term_string}\"},\"query-input\":{\"@type\":\"PropertyValueSpecification\",\"valueRequired\":true,\"valueName\":\"search_term_string\"}}],\"inLanguage\":\"de\"},{\"@type\":\"Organization\",\"@id\":\"https:\\\/\\\/marktxxl.de\\\/markt\\\/#organization\",\"name\":\"Markt-XXL\",\"url\":\"https:\\\/\\\/marktxxl.de\\\/markt\\\/\",\"logo\":{\"@type\":\"ImageObject\",\"inLanguage\":\"de\",\"@id\":\"https:\\\/\\\/marktxxl.de\\\/markt\\\/#\\\/schema\\\/logo\\\/image\\\/\",\"url\":\"https:\\\/\\\/marktxxl.de\\\/markt\\\/wp-content\\\/uploads\\\/sites\\\/3\\\/2020\\\/12\\\/logo.png\",\"contentUrl\":\"https:\\\/\\\/marktxxl.de\\\/markt\\\/wp-content\\\/uploads\\\/sites\\\/3\\\/2020\\\/12\\\/logo.png\",\"width\":200,\"height\":70,\"caption\":\"Markt-XXL\"},\"image\":{\"@id\":\"https:\\\/\\\/marktxxl.de\\\/markt\\\/#\\\/schema\\\/logo\\\/image\\\/\"}}]}<\/script>\n<!-- \/ Yoast SEO plugin. -->","yoast_head_json":{"title":"inova Griffmuschel Griff 2er Set Aluminium silber 60mm Zubeh\u00f6r T\u00fcr Schiebet\u00fcr selbstklebend - Markt-XXL","description":"Markt-XXL inova Griffmuschel Griff 2er Set Aluminium silber 60mm Zubeh\u00f6r T\u00fcr Schiebet\u00fcr selbstklebend","robots":{"index":"index","follow":"follow","max-snippet":"max-snippet:-1","max-image-preview":"max-image-preview:large","max-video-preview":"max-video-preview:-1"},"canonical":"https:\/\/marktxxl.de\/markt\/produkt\/inova-griffmuschel-griff-2er-set-aluminium-silber-60mm-zubehoer-tuer-schiebetuer-selbstklebend\/","og_locale":"de_DE","og_type":"article","og_title":"inova Griffmuschel Griff 2er Set Aluminium silber 60mm Zubeh\u00f6r T\u00fcr Schiebet\u00fcr selbstklebend - Markt-XXL","og_description":"Markt-XXL inova Griffmuschel Griff 2er Set Aluminium silber 60mm Zubeh\u00f6r T\u00fcr Schiebet\u00fcr selbstklebend","og_url":"https:\/\/marktxxl.de\/markt\/produkt\/inova-griffmuschel-griff-2er-set-aluminium-silber-60mm-zubehoer-tuer-schiebetuer-selbstklebend\/","og_site_name":"Markt-XXL","article_modified_time":"2023-04-10T23:37:10+00:00","og_image":[{"width":500,"height":266,"url":"https:\/\/m.media-amazon.com\/images\/I\/31fdDXcrAgL._SL500_.jpg","type":"image\/jpeg"}],"twitter_card":"summary_large_image","schema":{"@context":"https:\/\/schema.org","@graph":[{"@type":"WebPage","@id":"https:\/\/marktxxl.de\/markt\/produkt\/inova-griffmuschel-griff-2er-set-aluminium-silber-60mm-zubehoer-tuer-schiebetuer-selbstklebend\/","url":"https:\/\/marktxxl.de\/markt\/produkt\/inova-griffmuschel-griff-2er-set-aluminium-silber-60mm-zubehoer-tuer-schiebetuer-selbstklebend\/","name":"inova Griffmuschel Griff 2er Set Aluminium silber 60mm Zubeh\u00f6r T\u00fcr Schiebet\u00fcr selbstklebend - Markt-XXL","isPartOf":{"@id":"https:\/\/marktxxl.de\/markt\/#website"},"primaryImageOfPage":{"@id":"https:\/\/marktxxl.de\/markt\/produkt\/inova-griffmuschel-griff-2er-set-aluminium-silber-60mm-zubehoer-tuer-schiebetuer-selbstklebend\/#primaryimage"},"image":{"@id":"https:\/\/marktxxl.de\/markt\/produkt\/inova-griffmuschel-griff-2er-set-aluminium-silber-60mm-zubehoer-tuer-schiebetuer-selbstklebend\/#primaryimage"},"thumbnailUrl":"https:\/\/m.media-amazon.com\/images\/I\/31fdDXcrAgL._SL500_.jpg","datePublished":"2021-09-12T20:03:39+00:00","dateModified":"2023-04-10T23:37:10+00:00","description":"Markt-XXL inova Griffmuschel Griff 2er Set Aluminium silber 60mm Zubeh\u00f6r T\u00fcr Schiebet\u00fcr selbstklebend","breadcrumb":{"@id":"https:\/\/marktxxl.de\/markt\/produkt\/inova-griffmuschel-griff-2er-set-aluminium-silber-60mm-zubehoer-tuer-schiebetuer-selbstklebend\/#breadcrumb"},"inLanguage":"de","potentialAction":[{"@type":"ReadAction","target":["https:\/\/marktxxl.de\/markt\/produkt\/inova-griffmuschel-griff-2er-set-aluminium-silber-60mm-zubehoer-tuer-schiebetuer-selbstklebend\/"]}]},{"@type":"ImageObject","inLanguage":"de","@id":"https:\/\/marktxxl.de\/markt\/produkt\/inova-griffmuschel-griff-2er-set-aluminium-silber-60mm-zubehoer-tuer-schiebetuer-selbstklebend\/#primaryimage","url":"https:\/\/m.media-amazon.com\/images\/I\/31fdDXcrAgL._SL500_.jpg","contentUrl":"https:\/\/m.media-amazon.com\/images\/I\/31fdDXcrAgL._SL500_.jpg","width":500,"height":266},{"@type":"BreadcrumbList","@id":"https:\/\/marktxxl.de\/markt\/produkt\/inova-griffmuschel-griff-2er-set-aluminium-silber-60mm-zubehoer-tuer-schiebetuer-selbstklebend\/#breadcrumb","itemListElement":[{"@type":"ListItem","position":1,"name":"Startseite","item":"https:\/\/marktxxl.de\/markt\/"},{"@type":"ListItem","position":2,"name":"Markt","item":"https:\/\/marktxxl.de\/markt\/"},{"@type":"ListItem","position":3,"name":"inova Griffmuschel Griff 2er Set Aluminium silber 60mm Zubeh\u00f6r T\u00fcr Schiebet\u00fcr selbstklebend"}]},{"@type":"WebSite","@id":"https:\/\/marktxxl.de\/markt\/#website","url":"https:\/\/marktxxl.de\/markt\/","name":"Markt-XXL","description":"Ihr Markt Online","publisher":{"@id":"https:\/\/marktxxl.de\/markt\/#organization"},"potentialAction":[{"@type":"SearchAction","target":{"@type":"EntryPoint","urlTemplate":"https:\/\/marktxxl.de\/markt\/?s={search_term_string}"},"query-input":{"@type":"PropertyValueSpecification","valueRequired":true,"valueName":"search_term_string"}}],"inLanguage":"de"},{"@type":"Organization","@id":"https:\/\/marktxxl.de\/markt\/#organization","name":"Markt-XXL","url":"https:\/\/marktxxl.de\/markt\/","logo":{"@type":"ImageObject","inLanguage":"de","@id":"https:\/\/marktxxl.de\/markt\/#\/schema\/logo\/image\/","url":"https:\/\/marktxxl.de\/markt\/wp-content\/uploads\/sites\/3\/2020\/12\/logo.png","contentUrl":"https:\/\/marktxxl.de\/markt\/wp-content\/uploads\/sites\/3\/2020\/12\/logo.png","width":200,"height":70,"caption":"Markt-XXL"},"image":{"@id":"https:\/\/marktxxl.de\/markt\/#\/schema\/logo\/image\/"}}]}},"_links":{"self":[{"href":"https:\/\/marktxxl.de\/markt\/wp-json\/wp\/v2\/product\/28605","targetHints":{"allow":["GET"]}}],"collection":[{"href":"https:\/\/marktxxl.de\/markt\/wp-json\/wp\/v2\/product"}],"about":[{"href":"https:\/\/marktxxl.de\/markt\/wp-json\/wp\/v2\/types\/product"}],"replies":[{"embeddable":true,"href":"https:\/\/marktxxl.de\/markt\/wp-json\/wp\/v2\/comments?post=28605"}],"wp:featuredmedia":[{"embeddable":true,"href":"https:\/\/marktxxl.de\/markt\/wp-json\/wp\/v2\/media\/28606"}],"wp:attachment":[{"href":"https:\/\/marktxxl.de\/markt\/wp-json\/wp\/v2\/media?parent=28605"}],"wp:term":[{"taxonomy":"product_brand","embeddable":true,"href":"https:\/\/marktxxl.de\/markt\/wp-json\/wp\/v2\/product_brand?post=28605"},{"taxonomy":"product_cat","embeddable":true,"href":"https:\/\/marktxxl.de\/markt\/wp-json\/wp\/v2\/product_cat?post=28605"},{"taxonomy":"product_tag","embeddable":true,"href":"https:\/\/marktxxl.de\/markt\/wp-json\/wp\/v2\/product_tag?post=28605"}],"curies":[{"name":"wp","href":"https:\/\/api.w.org\/{rel}","templated":true}]}}