{"id":28583,"date":"2021-09-12T22:03:32","date_gmt":"2021-09-12T20:03:32","guid":{"rendered":"https:\/\/marktxxl.de\/markt\/produkt\/bosch-professional-led-akku-lampe-gli-12v-330-12-v-330-lumen-betreibszeit-180-min-ah-im-karton\/"},"modified":"2023-04-11T01:37:10","modified_gmt":"2023-04-10T23:37:10","slug":"bosch-professional-led-akku-lampe-gli-12v-330-12-v-330-lumen-betreibszeit-180-min-ah-im-karton","status":"publish","type":"product","link":"https:\/\/marktxxl.de\/markt\/produkt\/bosch-professional-led-akku-lampe-gli-12v-330-12-v-330-lumen-betreibszeit-180-min-ah-im-karton\/","title":{"rendered":"Bosch Professional LED Akku Lampe GLI 12V-330 (12 V, 330 Lumen, Betreibszeit: 180 min\/Ah, im Karton) &amp; S\u00e4gehandgriff f\u00fcr\u2026"},"content":{"rendered":"<p>Produkt 1: Die LED Akku Arbeitsleuchte GLI 12V-330 erm\u00f6glicht vielseitiges Arbeitslicht<br \/>\nProdukt 1: Extrem hell: 10 LEDs mit zwei Helligkeitsstufen sorgen f\u00fcr eine ideale Ausleuchtung<br \/>\nProdukt 1: Flexibles und schnelles Aufstellen am Arbeitsplatz durch starken Magnet, Karabiner und Haken<br \/>\nProdukt 1: Professional 12V System. Kompakte Performance. Maximale Freiheit. Alle unsere Akkus sind mit neuen und existierenden Bosch Professional Werkzeugen der gleichen Spannungsklasse kompatibel<br \/>\nProdukt 2: Das 43-teilige Schrauberbitset aus S2-modifiziertem Stahl ist \u00fcberdurchschnittlich hart und passt zu Elektrowerkzeugen von Bosch und anderen Herstellern<br \/>\nProdukt 2: Mit Schnellwechseluniversalhalter und magnetischem Universalhalter sowie Bits und Halter mit Au\u00dfensechskantschaft<br \/>\nProdukt 2: Steckschl\u00fcssel mit Dauermagnet f\u00fcr Sechskantschrauben (6, 8, 10 mm); L\u00e4nge: 48-50 mm<br \/>\nProdukt 2: Abmessungen (L\u00e4nge 35 mm): PH1, (2x) PH2, PH3, PZ1, (2x) PZ2, PZ3, SL3, SL4, SL5, SL6, T10, T15, (2x) T20, T25, T27, T30, T40, T10H, T15H, (2x) T20H, T25H, T27H, T30H, T40H<br \/>\n<div class=\"main-cross-sell\" data-asin=\"B07QHX5JJZ\">\n\n\t<div class=\"WooZone-cross-sell-loader\">\n\t\t<div>\n\t\t\t<div id=\"floatingBarsG\">\n\t\t\t\t<div class=\"blockG\" id=\"rotateG_01\"><\/div>\n\t\t\t\t<div class=\"blockG\" id=\"rotateG_02\"><\/div>\n\t\t\t\t<div class=\"blockG\" id=\"rotateG_03\"><\/div>\n\t\t\t\t<div class=\"blockG\" id=\"rotateG_04\"><\/div>\n\t\t\t\t<div class=\"blockG\" id=\"rotateG_05\"><\/div>\n\t\t\t\t<div class=\"blockG\" id=\"rotateG_06\"><\/div>\n\t\t\t\t<div class=\"blockG\" id=\"rotateG_07\"><\/div>\n\t\t\t\t<div class=\"blockG\" id=\"rotateG_08\"><\/div>\n\t\t\t<\/div>\n\t\t\t<div class=\"WooZone-cross-sell-loader-text\"><\/div>\n\t\t<\/div>\n\t<\/div>\n\n\t\t\n<\/div>\n<div style=\"clear:both;\"><\/div><\/p>\n","protected":false},"excerpt":{"rendered":"<p>Produkt 1: Die LED Akku Arbeitsleuchte GLI 12V-330 erm\u00f6glicht vielseitiges Arbeitslicht<br \/>\nProdukt 1: Extrem hell: 10 LEDs mit zwei Helligkeitsstufen sorgen f\u00fcr eine ideale Ausleuchtung<br \/>\nProdukt 1: Flexibles und schnelles Aufstellen am Arbeitsplatz durch starken Magnet, Karabiner und Haken<\/p>\n","protected":false},"featured_media":28589,"comment_status":"open","ping_status":"closed","template":"","meta":[],"product_brand":[],"product_cat":[10704,1983],"product_tag":[],"class_list":{"0":"post-28583","1":"product","2":"type-product","3":"status-publish","4":"has-post-thumbnail","6":"product_cat-baubedarf","7":"product_cat-baumarkt","8":"pa_binding-werkzeug","9":"pa_stil-bundle-mit-12-v-akku","10":"pa_stil-bundle-mit-12v-system-akku","11":"pa_stil-bundle-mit-3tlg-saegehandgriff","12":"pa_stil-bundle-mit-43tlg-schrauber-bit","13":"pa_stilbezeichnung-single","15":"first","16":"instock","17":"shipping-taxable","18":"purchasable","19":"product-type-variable","20":"customify-col","21":"product-has-gallery"},"yoast_head":"<!-- This site is optimized with the Yoast SEO plugin v27.3 - https:\/\/yoast.com\/product\/yoast-seo-wordpress\/ -->\n<title>Bosch Professional LED Akku Lampe GLI 12V-330 (12 V, 330 Lumen, Betreibszeit: 180 min\/Ah, im Karton) &amp; S\u00e4gehandgriff f\u00fcr\u2026 - Markt-XXL<\/title>\n<meta name=\"description\" content=\"Markt-XXL Bosch Professional LED Akku Lampe GLI 12V-330 (12 V, 330 Lumen, Betreibszeit: 180 min\/Ah, im Karton) &amp; S\u00e4gehandgriff f\u00fcr\u2026\" \/>\n<meta name=\"robots\" content=\"index, follow, max-snippet:-1, max-image-preview:large, max-video-preview:-1\" \/>\n<link rel=\"canonical\" href=\"https:\/\/marktxxl.de\/markt\/produkt\/bosch-professional-led-akku-lampe-gli-12v-330-12-v-330-lumen-betreibszeit-180-min-ah-im-karton\/\" \/>\n<meta property=\"og:locale\" content=\"de_DE\" \/>\n<meta property=\"og:type\" content=\"article\" \/>\n<meta property=\"og:title\" content=\"Bosch Professional LED Akku Lampe GLI 12V-330 (12 V, 330 Lumen, Betreibszeit: 180 min\/Ah, im Karton) &amp; S\u00e4gehandgriff f\u00fcr\u2026 - Markt-XXL\" \/>\n<meta property=\"og:description\" content=\"Markt-XXL Bosch Professional LED Akku Lampe GLI 12V-330 (12 V, 330 Lumen, Betreibszeit: 180 min\/Ah, im Karton) &amp; S\u00e4gehandgriff f\u00fcr\u2026\" \/>\n<meta property=\"og:url\" content=\"https:\/\/marktxxl.de\/markt\/produkt\/bosch-professional-led-akku-lampe-gli-12v-330-12-v-330-lumen-betreibszeit-180-min-ah-im-karton\/\" \/>\n<meta property=\"og:site_name\" content=\"Markt-XXL\" \/>\n<meta property=\"article:modified_time\" content=\"2023-04-10T23:37:10+00:00\" \/>\n<meta property=\"og:image\" content=\"https:\/\/m.media-amazon.com\/images\/I\/31SPv6GR8QL._SL500_.jpg\" \/>\n\t<meta property=\"og:image:width\" content=\"500\" \/>\n\t<meta property=\"og:image:height\" content=\"500\" \/>\n\t<meta property=\"og:image:type\" content=\"image\/jpeg\" \/>\n<meta name=\"twitter:card\" content=\"summary_large_image\" \/>\n<meta name=\"twitter:label1\" content=\"Gesch\u00e4tzte Lesezeit\" \/>\n\t<meta name=\"twitter:data1\" content=\"1\u00a0Minute\" \/>\n<script type=\"application\/ld+json\" class=\"yoast-schema-graph\">{\"@context\":\"https:\\\/\\\/schema.org\",\"@graph\":[{\"@type\":\"WebPage\",\"@id\":\"https:\\\/\\\/marktxxl.de\\\/markt\\\/produkt\\\/bosch-professional-led-akku-lampe-gli-12v-330-12-v-330-lumen-betreibszeit-180-min-ah-im-karton\\\/\",\"url\":\"https:\\\/\\\/marktxxl.de\\\/markt\\\/produkt\\\/bosch-professional-led-akku-lampe-gli-12v-330-12-v-330-lumen-betreibszeit-180-min-ah-im-karton\\\/\",\"name\":\"Bosch Professional LED Akku Lampe GLI 12V-330 (12 V, 330 Lumen, Betreibszeit: 180 min\\\/Ah, im Karton) &amp; S\u00e4gehandgriff f\u00fcr\u2026 - Markt-XXL\",\"isPartOf\":{\"@id\":\"https:\\\/\\\/marktxxl.de\\\/markt\\\/#website\"},\"primaryImageOfPage\":{\"@id\":\"https:\\\/\\\/marktxxl.de\\\/markt\\\/produkt\\\/bosch-professional-led-akku-lampe-gli-12v-330-12-v-330-lumen-betreibszeit-180-min-ah-im-karton\\\/#primaryimage\"},\"image\":{\"@id\":\"https:\\\/\\\/marktxxl.de\\\/markt\\\/produkt\\\/bosch-professional-led-akku-lampe-gli-12v-330-12-v-330-lumen-betreibszeit-180-min-ah-im-karton\\\/#primaryimage\"},\"thumbnailUrl\":\"https:\\\/\\\/m.media-amazon.com\\\/images\\\/I\\\/31SPv6GR8QL._SL500_.jpg\",\"datePublished\":\"2021-09-12T20:03:32+00:00\",\"dateModified\":\"2023-04-10T23:37:10+00:00\",\"description\":\"Markt-XXL Bosch Professional LED Akku Lampe GLI 12V-330 (12 V, 330 Lumen, Betreibszeit: 180 min\\\/Ah, im Karton) &amp; S\u00e4gehandgriff f\u00fcr\u2026\",\"breadcrumb\":{\"@id\":\"https:\\\/\\\/marktxxl.de\\\/markt\\\/produkt\\\/bosch-professional-led-akku-lampe-gli-12v-330-12-v-330-lumen-betreibszeit-180-min-ah-im-karton\\\/#breadcrumb\"},\"inLanguage\":\"de\",\"potentialAction\":[{\"@type\":\"ReadAction\",\"target\":[\"https:\\\/\\\/marktxxl.de\\\/markt\\\/produkt\\\/bosch-professional-led-akku-lampe-gli-12v-330-12-v-330-lumen-betreibszeit-180-min-ah-im-karton\\\/\"]}]},{\"@type\":\"ImageObject\",\"inLanguage\":\"de\",\"@id\":\"https:\\\/\\\/marktxxl.de\\\/markt\\\/produkt\\\/bosch-professional-led-akku-lampe-gli-12v-330-12-v-330-lumen-betreibszeit-180-min-ah-im-karton\\\/#primaryimage\",\"url\":\"https:\\\/\\\/m.media-amazon.com\\\/images\\\/I\\\/31SPv6GR8QL._SL500_.jpg\",\"contentUrl\":\"https:\\\/\\\/m.media-amazon.com\\\/images\\\/I\\\/31SPv6GR8QL._SL500_.jpg\",\"width\":500,\"height\":500},{\"@type\":\"BreadcrumbList\",\"@id\":\"https:\\\/\\\/marktxxl.de\\\/markt\\\/produkt\\\/bosch-professional-led-akku-lampe-gli-12v-330-12-v-330-lumen-betreibszeit-180-min-ah-im-karton\\\/#breadcrumb\",\"itemListElement\":[{\"@type\":\"ListItem\",\"position\":1,\"name\":\"Startseite\",\"item\":\"https:\\\/\\\/marktxxl.de\\\/markt\\\/\"},{\"@type\":\"ListItem\",\"position\":2,\"name\":\"Markt\",\"item\":\"https:\\\/\\\/marktxxl.de\\\/markt\\\/\"},{\"@type\":\"ListItem\",\"position\":3,\"name\":\"Bosch Professional LED Akku Lampe GLI 12V-330 (12 V, 330 Lumen, Betreibszeit: 180 min\\\/Ah, im Karton) &amp; S\u00e4gehandgriff f\u00fcr\u2026\"}]},{\"@type\":\"WebSite\",\"@id\":\"https:\\\/\\\/marktxxl.de\\\/markt\\\/#website\",\"url\":\"https:\\\/\\\/marktxxl.de\\\/markt\\\/\",\"name\":\"Markt-XXL\",\"description\":\"Ihr Markt Online\",\"publisher\":{\"@id\":\"https:\\\/\\\/marktxxl.de\\\/markt\\\/#organization\"},\"potentialAction\":[{\"@type\":\"SearchAction\",\"target\":{\"@type\":\"EntryPoint\",\"urlTemplate\":\"https:\\\/\\\/marktxxl.de\\\/markt\\\/?s={search_term_string}\"},\"query-input\":{\"@type\":\"PropertyValueSpecification\",\"valueRequired\":true,\"valueName\":\"search_term_string\"}}],\"inLanguage\":\"de\"},{\"@type\":\"Organization\",\"@id\":\"https:\\\/\\\/marktxxl.de\\\/markt\\\/#organization\",\"name\":\"Markt-XXL\",\"url\":\"https:\\\/\\\/marktxxl.de\\\/markt\\\/\",\"logo\":{\"@type\":\"ImageObject\",\"inLanguage\":\"de\",\"@id\":\"https:\\\/\\\/marktxxl.de\\\/markt\\\/#\\\/schema\\\/logo\\\/image\\\/\",\"url\":\"https:\\\/\\\/marktxxl.de\\\/markt\\\/wp-content\\\/uploads\\\/sites\\\/3\\\/2020\\\/12\\\/logo.png\",\"contentUrl\":\"https:\\\/\\\/marktxxl.de\\\/markt\\\/wp-content\\\/uploads\\\/sites\\\/3\\\/2020\\\/12\\\/logo.png\",\"width\":200,\"height\":70,\"caption\":\"Markt-XXL\"},\"image\":{\"@id\":\"https:\\\/\\\/marktxxl.de\\\/markt\\\/#\\\/schema\\\/logo\\\/image\\\/\"}}]}<\/script>\n<!-- \/ Yoast SEO plugin. -->","yoast_head_json":{"title":"Bosch Professional LED Akku Lampe GLI 12V-330 (12 V, 330 Lumen, Betreibszeit: 180 min\/Ah, im Karton) &amp; S\u00e4gehandgriff f\u00fcr\u2026 - Markt-XXL","description":"Markt-XXL Bosch Professional LED Akku Lampe GLI 12V-330 (12 V, 330 Lumen, Betreibszeit: 180 min\/Ah, im Karton) &amp; S\u00e4gehandgriff f\u00fcr\u2026","robots":{"index":"index","follow":"follow","max-snippet":"max-snippet:-1","max-image-preview":"max-image-preview:large","max-video-preview":"max-video-preview:-1"},"canonical":"https:\/\/marktxxl.de\/markt\/produkt\/bosch-professional-led-akku-lampe-gli-12v-330-12-v-330-lumen-betreibszeit-180-min-ah-im-karton\/","og_locale":"de_DE","og_type":"article","og_title":"Bosch Professional LED Akku Lampe GLI 12V-330 (12 V, 330 Lumen, Betreibszeit: 180 min\/Ah, im Karton) &amp; S\u00e4gehandgriff f\u00fcr\u2026 - Markt-XXL","og_description":"Markt-XXL Bosch Professional LED Akku Lampe GLI 12V-330 (12 V, 330 Lumen, Betreibszeit: 180 min\/Ah, im Karton) &amp; S\u00e4gehandgriff f\u00fcr\u2026","og_url":"https:\/\/marktxxl.de\/markt\/produkt\/bosch-professional-led-akku-lampe-gli-12v-330-12-v-330-lumen-betreibszeit-180-min-ah-im-karton\/","og_site_name":"Markt-XXL","article_modified_time":"2023-04-10T23:37:10+00:00","og_image":[{"width":500,"height":500,"url":"https:\/\/m.media-amazon.com\/images\/I\/31SPv6GR8QL._SL500_.jpg","type":"image\/jpeg"}],"twitter_card":"summary_large_image","twitter_misc":{"Gesch\u00e4tzte Lesezeit":"1\u00a0Minute"},"schema":{"@context":"https:\/\/schema.org","@graph":[{"@type":"WebPage","@id":"https:\/\/marktxxl.de\/markt\/produkt\/bosch-professional-led-akku-lampe-gli-12v-330-12-v-330-lumen-betreibszeit-180-min-ah-im-karton\/","url":"https:\/\/marktxxl.de\/markt\/produkt\/bosch-professional-led-akku-lampe-gli-12v-330-12-v-330-lumen-betreibszeit-180-min-ah-im-karton\/","name":"Bosch Professional LED Akku Lampe GLI 12V-330 (12 V, 330 Lumen, Betreibszeit: 180 min\/Ah, im Karton) &amp; S\u00e4gehandgriff f\u00fcr\u2026 - Markt-XXL","isPartOf":{"@id":"https:\/\/marktxxl.de\/markt\/#website"},"primaryImageOfPage":{"@id":"https:\/\/marktxxl.de\/markt\/produkt\/bosch-professional-led-akku-lampe-gli-12v-330-12-v-330-lumen-betreibszeit-180-min-ah-im-karton\/#primaryimage"},"image":{"@id":"https:\/\/marktxxl.de\/markt\/produkt\/bosch-professional-led-akku-lampe-gli-12v-330-12-v-330-lumen-betreibszeit-180-min-ah-im-karton\/#primaryimage"},"thumbnailUrl":"https:\/\/m.media-amazon.com\/images\/I\/31SPv6GR8QL._SL500_.jpg","datePublished":"2021-09-12T20:03:32+00:00","dateModified":"2023-04-10T23:37:10+00:00","description":"Markt-XXL Bosch Professional LED Akku Lampe GLI 12V-330 (12 V, 330 Lumen, Betreibszeit: 180 min\/Ah, im Karton) &amp; S\u00e4gehandgriff f\u00fcr\u2026","breadcrumb":{"@id":"https:\/\/marktxxl.de\/markt\/produkt\/bosch-professional-led-akku-lampe-gli-12v-330-12-v-330-lumen-betreibszeit-180-min-ah-im-karton\/#breadcrumb"},"inLanguage":"de","potentialAction":[{"@type":"ReadAction","target":["https:\/\/marktxxl.de\/markt\/produkt\/bosch-professional-led-akku-lampe-gli-12v-330-12-v-330-lumen-betreibszeit-180-min-ah-im-karton\/"]}]},{"@type":"ImageObject","inLanguage":"de","@id":"https:\/\/marktxxl.de\/markt\/produkt\/bosch-professional-led-akku-lampe-gli-12v-330-12-v-330-lumen-betreibszeit-180-min-ah-im-karton\/#primaryimage","url":"https:\/\/m.media-amazon.com\/images\/I\/31SPv6GR8QL._SL500_.jpg","contentUrl":"https:\/\/m.media-amazon.com\/images\/I\/31SPv6GR8QL._SL500_.jpg","width":500,"height":500},{"@type":"BreadcrumbList","@id":"https:\/\/marktxxl.de\/markt\/produkt\/bosch-professional-led-akku-lampe-gli-12v-330-12-v-330-lumen-betreibszeit-180-min-ah-im-karton\/#breadcrumb","itemListElement":[{"@type":"ListItem","position":1,"name":"Startseite","item":"https:\/\/marktxxl.de\/markt\/"},{"@type":"ListItem","position":2,"name":"Markt","item":"https:\/\/marktxxl.de\/markt\/"},{"@type":"ListItem","position":3,"name":"Bosch Professional LED Akku Lampe GLI 12V-330 (12 V, 330 Lumen, Betreibszeit: 180 min\/Ah, im Karton) &amp; S\u00e4gehandgriff f\u00fcr\u2026"}]},{"@type":"WebSite","@id":"https:\/\/marktxxl.de\/markt\/#website","url":"https:\/\/marktxxl.de\/markt\/","name":"Markt-XXL","description":"Ihr Markt Online","publisher":{"@id":"https:\/\/marktxxl.de\/markt\/#organization"},"potentialAction":[{"@type":"SearchAction","target":{"@type":"EntryPoint","urlTemplate":"https:\/\/marktxxl.de\/markt\/?s={search_term_string}"},"query-input":{"@type":"PropertyValueSpecification","valueRequired":true,"valueName":"search_term_string"}}],"inLanguage":"de"},{"@type":"Organization","@id":"https:\/\/marktxxl.de\/markt\/#organization","name":"Markt-XXL","url":"https:\/\/marktxxl.de\/markt\/","logo":{"@type":"ImageObject","inLanguage":"de","@id":"https:\/\/marktxxl.de\/markt\/#\/schema\/logo\/image\/","url":"https:\/\/marktxxl.de\/markt\/wp-content\/uploads\/sites\/3\/2020\/12\/logo.png","contentUrl":"https:\/\/marktxxl.de\/markt\/wp-content\/uploads\/sites\/3\/2020\/12\/logo.png","width":200,"height":70,"caption":"Markt-XXL"},"image":{"@id":"https:\/\/marktxxl.de\/markt\/#\/schema\/logo\/image\/"}}]}},"_links":{"self":[{"href":"https:\/\/marktxxl.de\/markt\/wp-json\/wp\/v2\/product\/28583","targetHints":{"allow":["GET"]}}],"collection":[{"href":"https:\/\/marktxxl.de\/markt\/wp-json\/wp\/v2\/product"}],"about":[{"href":"https:\/\/marktxxl.de\/markt\/wp-json\/wp\/v2\/types\/product"}],"replies":[{"embeddable":true,"href":"https:\/\/marktxxl.de\/markt\/wp-json\/wp\/v2\/comments?post=28583"}],"wp:featuredmedia":[{"embeddable":true,"href":"https:\/\/marktxxl.de\/markt\/wp-json\/wp\/v2\/media\/28589"}],"wp:attachment":[{"href":"https:\/\/marktxxl.de\/markt\/wp-json\/wp\/v2\/media?parent=28583"}],"wp:term":[{"taxonomy":"product_brand","embeddable":true,"href":"https:\/\/marktxxl.de\/markt\/wp-json\/wp\/v2\/product_brand?post=28583"},{"taxonomy":"product_cat","embeddable":true,"href":"https:\/\/marktxxl.de\/markt\/wp-json\/wp\/v2\/product_cat?post=28583"},{"taxonomy":"product_tag","embeddable":true,"href":"https:\/\/marktxxl.de\/markt\/wp-json\/wp\/v2\/product_tag?post=28583"}],"curies":[{"name":"wp","href":"https:\/\/api.w.org\/{rel}","templated":true}]}}