{"id":28567,"date":"2021-09-12T22:03:18","date_gmt":"2021-09-12T20:03:18","guid":{"rendered":"https:\/\/marktxxl.de\/markt\/produkt\/thule-regenverdeck-fuer-coaster-2-sitzer-2017-fahrrad-anhaenger\/"},"modified":"2023-04-11T01:37:09","modified_gmt":"2023-04-10T23:37:09","slug":"thule-regenverdeck-fuer-coaster-2-sitzer-2017-fahrrad-anhaenger","status":"publish","type":"product","link":"https:\/\/marktxxl.de\/markt\/produkt\/thule-regenverdeck-fuer-coaster-2-sitzer-2017-fahrrad-anhaenger\/","title":{"rendered":"Thule Regenverdeck f\u00fcr Coaster 2 Sitzer 2017 Fahrrad Anh\u00e4nger"},"content":{"rendered":"<p>wasserdichtes Regenverdeck f\u00fcr Ihren Thule Fahrradanh\u00e4nger<br \/>\npassgenau f\u00fcr bestm\u00f6glichen Wetterschutz<br \/>\n<div class=\"main-cross-sell\" data-asin=\"B00MB7AAUK\">\n\n\t<div class=\"WooZone-cross-sell-loader\">\n\t\t<div>\n\t\t\t<div id=\"floatingBarsG\">\n\t\t\t\t<div class=\"blockG\" id=\"rotateG_01\"><\/div>\n\t\t\t\t<div class=\"blockG\" id=\"rotateG_02\"><\/div>\n\t\t\t\t<div class=\"blockG\" id=\"rotateG_03\"><\/div>\n\t\t\t\t<div class=\"blockG\" id=\"rotateG_04\"><\/div>\n\t\t\t\t<div class=\"blockG\" id=\"rotateG_05\"><\/div>\n\t\t\t\t<div class=\"blockG\" id=\"rotateG_06\"><\/div>\n\t\t\t\t<div class=\"blockG\" id=\"rotateG_07\"><\/div>\n\t\t\t\t<div class=\"blockG\" id=\"rotateG_08\"><\/div>\n\t\t\t<\/div>\n\t\t\t<div class=\"WooZone-cross-sell-loader-text\"><\/div>\n\t\t<\/div>\n\t<\/div>\n\n\t\t\n<\/div>\n<div style=\"clear:both;\"><\/div><\/p>\n","protected":false},"excerpt":{"rendered":"<p>wasserdichtes Regenverdeck f\u00fcr Ihren Thule Fahrradanh\u00e4nger<br \/>\npassgenau f\u00fcr bestm\u00f6glichen Wetterschutz<\/p>\n","protected":false},"featured_media":28568,"comment_status":"open","ping_status":"closed","template":"","meta":[],"product_brand":[],"product_cat":[21,9245],"product_tag":[],"class_list":{"0":"post-28567","1":"product","2":"type-product","3":"status-publish","4":"has-post-thumbnail","6":"product_cat-baby","7":"product_cat-fahrradanhaenger-zubehoer-baby","8":"pa_binding-ausruestung","9":"pa_brand-thule","10":"pa_color-transparent","11":"pa_height-12-zoll","12":"pa_length-23-zoll","13":"pa_manufacturer-thule","14":"pa_model-13127","15":"pa_width-20-zoll","17":"first","18":"instock","19":"shipping-taxable","20":"purchasable","21":"product-type-simple","22":"customify-col","23":"product-has-gallery"},"yoast_head":"<!-- This site is optimized with the Yoast SEO plugin v27.3 - https:\/\/yoast.com\/product\/yoast-seo-wordpress\/ -->\n<title>Thule Regenverdeck f\u00fcr Coaster 2 Sitzer 2017 Fahrrad Anh\u00e4nger - Markt-XXL<\/title>\n<meta name=\"description\" content=\"Markt-XXL Thule Regenverdeck f\u00fcr Coaster 2 Sitzer 2017 Fahrrad Anh\u00e4nger\" \/>\n<meta name=\"robots\" content=\"index, follow, max-snippet:-1, max-image-preview:large, max-video-preview:-1\" \/>\n<link rel=\"canonical\" href=\"https:\/\/marktxxl.de\/markt\/produkt\/thule-regenverdeck-fuer-coaster-2-sitzer-2017-fahrrad-anhaenger\/\" \/>\n<meta property=\"og:locale\" content=\"de_DE\" \/>\n<meta property=\"og:type\" content=\"article\" \/>\n<meta property=\"og:title\" content=\"Thule Regenverdeck f\u00fcr Coaster 2 Sitzer 2017 Fahrrad Anh\u00e4nger - Markt-XXL\" \/>\n<meta property=\"og:description\" content=\"Markt-XXL Thule Regenverdeck f\u00fcr Coaster 2 Sitzer 2017 Fahrrad Anh\u00e4nger\" \/>\n<meta property=\"og:url\" content=\"https:\/\/marktxxl.de\/markt\/produkt\/thule-regenverdeck-fuer-coaster-2-sitzer-2017-fahrrad-anhaenger\/\" \/>\n<meta property=\"og:site_name\" content=\"Markt-XXL\" \/>\n<meta property=\"article:modified_time\" content=\"2023-04-10T23:37:09+00:00\" \/>\n<meta property=\"og:image\" content=\"https:\/\/m.media-amazon.com\/images\/I\/31q2wn+Mj-L._SL500_.jpg\" \/>\n\t<meta property=\"og:image:width\" content=\"500\" \/>\n\t<meta property=\"og:image:height\" content=\"315\" \/>\n\t<meta property=\"og:image:type\" content=\"image\/jpeg\" \/>\n<meta name=\"twitter:card\" content=\"summary_large_image\" \/>\n<script type=\"application\/ld+json\" class=\"yoast-schema-graph\">{\"@context\":\"https:\\\/\\\/schema.org\",\"@graph\":[{\"@type\":\"WebPage\",\"@id\":\"https:\\\/\\\/marktxxl.de\\\/markt\\\/produkt\\\/thule-regenverdeck-fuer-coaster-2-sitzer-2017-fahrrad-anhaenger\\\/\",\"url\":\"https:\\\/\\\/marktxxl.de\\\/markt\\\/produkt\\\/thule-regenverdeck-fuer-coaster-2-sitzer-2017-fahrrad-anhaenger\\\/\",\"name\":\"Thule Regenverdeck f\u00fcr Coaster 2 Sitzer 2017 Fahrrad Anh\u00e4nger - Markt-XXL\",\"isPartOf\":{\"@id\":\"https:\\\/\\\/marktxxl.de\\\/markt\\\/#website\"},\"primaryImageOfPage\":{\"@id\":\"https:\\\/\\\/marktxxl.de\\\/markt\\\/produkt\\\/thule-regenverdeck-fuer-coaster-2-sitzer-2017-fahrrad-anhaenger\\\/#primaryimage\"},\"image\":{\"@id\":\"https:\\\/\\\/marktxxl.de\\\/markt\\\/produkt\\\/thule-regenverdeck-fuer-coaster-2-sitzer-2017-fahrrad-anhaenger\\\/#primaryimage\"},\"thumbnailUrl\":\"https:\\\/\\\/m.media-amazon.com\\\/images\\\/I\\\/31q2wn+Mj-L._SL500_.jpg\",\"datePublished\":\"2021-09-12T20:03:18+00:00\",\"dateModified\":\"2023-04-10T23:37:09+00:00\",\"description\":\"Markt-XXL Thule Regenverdeck f\u00fcr Coaster 2 Sitzer 2017 Fahrrad Anh\u00e4nger\",\"breadcrumb\":{\"@id\":\"https:\\\/\\\/marktxxl.de\\\/markt\\\/produkt\\\/thule-regenverdeck-fuer-coaster-2-sitzer-2017-fahrrad-anhaenger\\\/#breadcrumb\"},\"inLanguage\":\"de\",\"potentialAction\":[{\"@type\":\"ReadAction\",\"target\":[\"https:\\\/\\\/marktxxl.de\\\/markt\\\/produkt\\\/thule-regenverdeck-fuer-coaster-2-sitzer-2017-fahrrad-anhaenger\\\/\"]}]},{\"@type\":\"ImageObject\",\"inLanguage\":\"de\",\"@id\":\"https:\\\/\\\/marktxxl.de\\\/markt\\\/produkt\\\/thule-regenverdeck-fuer-coaster-2-sitzer-2017-fahrrad-anhaenger\\\/#primaryimage\",\"url\":\"https:\\\/\\\/m.media-amazon.com\\\/images\\\/I\\\/31q2wn+Mj-L._SL500_.jpg\",\"contentUrl\":\"https:\\\/\\\/m.media-amazon.com\\\/images\\\/I\\\/31q2wn+Mj-L._SL500_.jpg\",\"width\":500,\"height\":315},{\"@type\":\"BreadcrumbList\",\"@id\":\"https:\\\/\\\/marktxxl.de\\\/markt\\\/produkt\\\/thule-regenverdeck-fuer-coaster-2-sitzer-2017-fahrrad-anhaenger\\\/#breadcrumb\",\"itemListElement\":[{\"@type\":\"ListItem\",\"position\":1,\"name\":\"Startseite\",\"item\":\"https:\\\/\\\/marktxxl.de\\\/markt\\\/\"},{\"@type\":\"ListItem\",\"position\":2,\"name\":\"Markt\",\"item\":\"https:\\\/\\\/marktxxl.de\\\/markt\\\/\"},{\"@type\":\"ListItem\",\"position\":3,\"name\":\"Thule Regenverdeck f\u00fcr Coaster 2 Sitzer 2017 Fahrrad Anh\u00e4nger\"}]},{\"@type\":\"WebSite\",\"@id\":\"https:\\\/\\\/marktxxl.de\\\/markt\\\/#website\",\"url\":\"https:\\\/\\\/marktxxl.de\\\/markt\\\/\",\"name\":\"Markt-XXL\",\"description\":\"Ihr Markt Online\",\"publisher\":{\"@id\":\"https:\\\/\\\/marktxxl.de\\\/markt\\\/#organization\"},\"potentialAction\":[{\"@type\":\"SearchAction\",\"target\":{\"@type\":\"EntryPoint\",\"urlTemplate\":\"https:\\\/\\\/marktxxl.de\\\/markt\\\/?s={search_term_string}\"},\"query-input\":{\"@type\":\"PropertyValueSpecification\",\"valueRequired\":true,\"valueName\":\"search_term_string\"}}],\"inLanguage\":\"de\"},{\"@type\":\"Organization\",\"@id\":\"https:\\\/\\\/marktxxl.de\\\/markt\\\/#organization\",\"name\":\"Markt-XXL\",\"url\":\"https:\\\/\\\/marktxxl.de\\\/markt\\\/\",\"logo\":{\"@type\":\"ImageObject\",\"inLanguage\":\"de\",\"@id\":\"https:\\\/\\\/marktxxl.de\\\/markt\\\/#\\\/schema\\\/logo\\\/image\\\/\",\"url\":\"https:\\\/\\\/marktxxl.de\\\/markt\\\/wp-content\\\/uploads\\\/sites\\\/3\\\/2020\\\/12\\\/logo.png\",\"contentUrl\":\"https:\\\/\\\/marktxxl.de\\\/markt\\\/wp-content\\\/uploads\\\/sites\\\/3\\\/2020\\\/12\\\/logo.png\",\"width\":200,\"height\":70,\"caption\":\"Markt-XXL\"},\"image\":{\"@id\":\"https:\\\/\\\/marktxxl.de\\\/markt\\\/#\\\/schema\\\/logo\\\/image\\\/\"}}]}<\/script>\n<!-- \/ Yoast SEO plugin. -->","yoast_head_json":{"title":"Thule Regenverdeck f\u00fcr Coaster 2 Sitzer 2017 Fahrrad Anh\u00e4nger - Markt-XXL","description":"Markt-XXL Thule Regenverdeck f\u00fcr Coaster 2 Sitzer 2017 Fahrrad Anh\u00e4nger","robots":{"index":"index","follow":"follow","max-snippet":"max-snippet:-1","max-image-preview":"max-image-preview:large","max-video-preview":"max-video-preview:-1"},"canonical":"https:\/\/marktxxl.de\/markt\/produkt\/thule-regenverdeck-fuer-coaster-2-sitzer-2017-fahrrad-anhaenger\/","og_locale":"de_DE","og_type":"article","og_title":"Thule Regenverdeck f\u00fcr Coaster 2 Sitzer 2017 Fahrrad Anh\u00e4nger - Markt-XXL","og_description":"Markt-XXL Thule Regenverdeck f\u00fcr Coaster 2 Sitzer 2017 Fahrrad Anh\u00e4nger","og_url":"https:\/\/marktxxl.de\/markt\/produkt\/thule-regenverdeck-fuer-coaster-2-sitzer-2017-fahrrad-anhaenger\/","og_site_name":"Markt-XXL","article_modified_time":"2023-04-10T23:37:09+00:00","og_image":[{"width":500,"height":315,"url":"https:\/\/m.media-amazon.com\/images\/I\/31q2wn+Mj-L._SL500_.jpg","type":"image\/jpeg"}],"twitter_card":"summary_large_image","schema":{"@context":"https:\/\/schema.org","@graph":[{"@type":"WebPage","@id":"https:\/\/marktxxl.de\/markt\/produkt\/thule-regenverdeck-fuer-coaster-2-sitzer-2017-fahrrad-anhaenger\/","url":"https:\/\/marktxxl.de\/markt\/produkt\/thule-regenverdeck-fuer-coaster-2-sitzer-2017-fahrrad-anhaenger\/","name":"Thule Regenverdeck f\u00fcr Coaster 2 Sitzer 2017 Fahrrad Anh\u00e4nger - Markt-XXL","isPartOf":{"@id":"https:\/\/marktxxl.de\/markt\/#website"},"primaryImageOfPage":{"@id":"https:\/\/marktxxl.de\/markt\/produkt\/thule-regenverdeck-fuer-coaster-2-sitzer-2017-fahrrad-anhaenger\/#primaryimage"},"image":{"@id":"https:\/\/marktxxl.de\/markt\/produkt\/thule-regenverdeck-fuer-coaster-2-sitzer-2017-fahrrad-anhaenger\/#primaryimage"},"thumbnailUrl":"https:\/\/m.media-amazon.com\/images\/I\/31q2wn+Mj-L._SL500_.jpg","datePublished":"2021-09-12T20:03:18+00:00","dateModified":"2023-04-10T23:37:09+00:00","description":"Markt-XXL Thule Regenverdeck f\u00fcr Coaster 2 Sitzer 2017 Fahrrad Anh\u00e4nger","breadcrumb":{"@id":"https:\/\/marktxxl.de\/markt\/produkt\/thule-regenverdeck-fuer-coaster-2-sitzer-2017-fahrrad-anhaenger\/#breadcrumb"},"inLanguage":"de","potentialAction":[{"@type":"ReadAction","target":["https:\/\/marktxxl.de\/markt\/produkt\/thule-regenverdeck-fuer-coaster-2-sitzer-2017-fahrrad-anhaenger\/"]}]},{"@type":"ImageObject","inLanguage":"de","@id":"https:\/\/marktxxl.de\/markt\/produkt\/thule-regenverdeck-fuer-coaster-2-sitzer-2017-fahrrad-anhaenger\/#primaryimage","url":"https:\/\/m.media-amazon.com\/images\/I\/31q2wn+Mj-L._SL500_.jpg","contentUrl":"https:\/\/m.media-amazon.com\/images\/I\/31q2wn+Mj-L._SL500_.jpg","width":500,"height":315},{"@type":"BreadcrumbList","@id":"https:\/\/marktxxl.de\/markt\/produkt\/thule-regenverdeck-fuer-coaster-2-sitzer-2017-fahrrad-anhaenger\/#breadcrumb","itemListElement":[{"@type":"ListItem","position":1,"name":"Startseite","item":"https:\/\/marktxxl.de\/markt\/"},{"@type":"ListItem","position":2,"name":"Markt","item":"https:\/\/marktxxl.de\/markt\/"},{"@type":"ListItem","position":3,"name":"Thule Regenverdeck f\u00fcr Coaster 2 Sitzer 2017 Fahrrad Anh\u00e4nger"}]},{"@type":"WebSite","@id":"https:\/\/marktxxl.de\/markt\/#website","url":"https:\/\/marktxxl.de\/markt\/","name":"Markt-XXL","description":"Ihr Markt Online","publisher":{"@id":"https:\/\/marktxxl.de\/markt\/#organization"},"potentialAction":[{"@type":"SearchAction","target":{"@type":"EntryPoint","urlTemplate":"https:\/\/marktxxl.de\/markt\/?s={search_term_string}"},"query-input":{"@type":"PropertyValueSpecification","valueRequired":true,"valueName":"search_term_string"}}],"inLanguage":"de"},{"@type":"Organization","@id":"https:\/\/marktxxl.de\/markt\/#organization","name":"Markt-XXL","url":"https:\/\/marktxxl.de\/markt\/","logo":{"@type":"ImageObject","inLanguage":"de","@id":"https:\/\/marktxxl.de\/markt\/#\/schema\/logo\/image\/","url":"https:\/\/marktxxl.de\/markt\/wp-content\/uploads\/sites\/3\/2020\/12\/logo.png","contentUrl":"https:\/\/marktxxl.de\/markt\/wp-content\/uploads\/sites\/3\/2020\/12\/logo.png","width":200,"height":70,"caption":"Markt-XXL"},"image":{"@id":"https:\/\/marktxxl.de\/markt\/#\/schema\/logo\/image\/"}}]}},"_links":{"self":[{"href":"https:\/\/marktxxl.de\/markt\/wp-json\/wp\/v2\/product\/28567","targetHints":{"allow":["GET"]}}],"collection":[{"href":"https:\/\/marktxxl.de\/markt\/wp-json\/wp\/v2\/product"}],"about":[{"href":"https:\/\/marktxxl.de\/markt\/wp-json\/wp\/v2\/types\/product"}],"replies":[{"embeddable":true,"href":"https:\/\/marktxxl.de\/markt\/wp-json\/wp\/v2\/comments?post=28567"}],"wp:featuredmedia":[{"embeddable":true,"href":"https:\/\/marktxxl.de\/markt\/wp-json\/wp\/v2\/media\/28568"}],"wp:attachment":[{"href":"https:\/\/marktxxl.de\/markt\/wp-json\/wp\/v2\/media?parent=28567"}],"wp:term":[{"taxonomy":"product_brand","embeddable":true,"href":"https:\/\/marktxxl.de\/markt\/wp-json\/wp\/v2\/product_brand?post=28567"},{"taxonomy":"product_cat","embeddable":true,"href":"https:\/\/marktxxl.de\/markt\/wp-json\/wp\/v2\/product_cat?post=28567"},{"taxonomy":"product_tag","embeddable":true,"href":"https:\/\/marktxxl.de\/markt\/wp-json\/wp\/v2\/product_tag?post=28567"}],"curies":[{"name":"wp","href":"https:\/\/api.w.org\/{rel}","templated":true}]}}