{"id":28408,"date":"2021-09-12T22:02:02","date_gmt":"2021-09-12T20:02:02","guid":{"rendered":"https:\/\/marktxxl.de\/markt\/produkt\/ruthex-gewindeeinsatz-gewindebuchsen-aus-messing-einpressmutter-fuer-kunststoffteile-durch-waerme-oder-ultraschall-fuer-3d-druck-teile\/"},"modified":"2023-04-11T01:36:36","modified_gmt":"2023-04-10T23:36:36","slug":"ruthex-gewindeeinsatz-gewindebuchsen-aus-messing-einpressmutter-fuer-kunststoffteile-durch-waerme-oder-ultraschall-fuer-3d-druck-teile","status":"publish","type":"product","link":"https:\/\/marktxxl.de\/markt\/produkt\/ruthex-gewindeeinsatz-gewindebuchsen-aus-messing-einpressmutter-fuer-kunststoffteile-durch-waerme-oder-ultraschall-fuer-3d-druck-teile\/","title":{"rendered":"ruthex 1\/4&#8243; Zoll Gewindeeinsatz \u2013 20 St\u00fcck RX-1\/4\u201c-20&#215;12,7 Gewindebuchsen aus Messing \u2013 stabile Einpressmutter \u2013 durch W\u00e4rme in 3D-Druck-Teile aus Kunststoff einsetzbar (Kameragewinde)"},"content":{"rendered":"<p>M2 GEWINDEEINS\u00c4TZE F\u00dcR IHRE 3D-DRUCK-TEILE: Die ruthex Gewindemuttern k\u00f6nnen durch W\u00e4rme oder Ultraschall nachtr\u00e4glich in Teile von 3D-Druckern von z.B. Anycubic, Creality oder Prusa eingesetzt werden. Mithilfe von W\u00e4rme durch einen L\u00f6tkolben oder Ultraschall werden die Einpressmuttern einfach in ein Sack- oder Durchgangsloch eingebettet<br \/>\nFESTER HALT BEI EINFACHER ANWENDUNG: Dank der Geometrie der Gewindeh\u00fclse h\u00e4lt sie fest im Druckteil. Die gegen\u00fcberliegenden spiralf\u00f6rmigen R\u00e4ndelmuttern sorgen f\u00fcr ein ausgewogenes hohes Anzug- und L\u00f6semoment, sowie eine hohe Anzugskraft. Durch die F\u00fchrung ist das Einsetzen wesentlich vereinfacht worden<br \/>\nSTABILE &amp; LANGLEBIGE EINSCHRAUBGEWINDE: Die Eins\u00e4tze mit Innengewinde bestehen aus hochwertigstem Messing, was f\u00fcr eine optimale Korrosionsbest\u00e4ndigkeit und W\u00e4rmeleitf\u00e4higkeit sorgt. Dadurch ist jede Einpressmutter langfristig nutzbar und leicht einzusetzen. Die Wiederverwendbarkeit der Einschraubgewinde ist auch m\u00f6glich durch das vorsichtige Entfernen aus dem Druckteil, wenn dies eventuell nicht mehr ben\u00f6tigt wird<br \/>\nF\u00dcR VERSCHIEDENE KUNSTSTOFFE GEEIGNET: Die Inserts sind f\u00fcr alle thermoplastische Kunststoffe ausgelegt. Die R\u00e4ndelmuttern halten zum Beispiel in PLA, PETG, ABS, PPS, PP und vielen mehr. Sobald der Kunststoff des Teils um die Messingh\u00fclse wieder abk\u00fchlt und aush\u00e4rtet, ist die Innengewindeh\u00fclse fest verankert<br \/>\nPRAKTISCHES GEWINDEEINSATZ-SET: Das ruthex Gewindeeinsatz-Set RX-M2x4 besteht aus 70 St\u00fcck Einpressmuttern mit M2 Innengewinde und einer L\u00e4nge von 4 mm. Die Gewindeh\u00fclsen k\u00f6nnen durch Ultraschall- und W\u00e4rmeeinbettung eingesetzt werden ***Verpackung kann Unterschiede aufweisen***<br \/>\n<div class=\"main-cross-sell\" data-asin=\"B09BMJTJ6N\">\n\n\t<div class=\"WooZone-cross-sell-loader\">\n\t\t<div>\n\t\t\t<div id=\"floatingBarsG\">\n\t\t\t\t<div class=\"blockG\" id=\"rotateG_01\"><\/div>\n\t\t\t\t<div class=\"blockG\" id=\"rotateG_02\"><\/div>\n\t\t\t\t<div class=\"blockG\" id=\"rotateG_03\"><\/div>\n\t\t\t\t<div class=\"blockG\" id=\"rotateG_04\"><\/div>\n\t\t\t\t<div class=\"blockG\" id=\"rotateG_05\"><\/div>\n\t\t\t\t<div class=\"blockG\" id=\"rotateG_06\"><\/div>\n\t\t\t\t<div class=\"blockG\" id=\"rotateG_07\"><\/div>\n\t\t\t\t<div class=\"blockG\" id=\"rotateG_08\"><\/div>\n\t\t\t<\/div>\n\t\t\t<div class=\"WooZone-cross-sell-loader-text\"><\/div>\n\t\t<\/div>\n\t<\/div>\n\n\t\t\n<\/div>\n<div style=\"clear:both;\"><\/div><\/p>\n","protected":false},"excerpt":{"rendered":"<p>M2 GEWINDEEINS\u00c4TZE F\u00dcR IHRE 3D-DRUCK-TEILE: Die ruthex Gewindemuttern k\u00f6nnen durch W\u00e4rme oder Ultraschall nachtr\u00e4glich in Teile von 3D-Druckern von z.B. Anycubic, Creality oder Prusa eingesetzt werden. Mithilfe von W\u00e4rme durch einen L\u00f6tkolben oder Ultraschall werden die Einpressmuttern einfach in ein Sack- oder Durchgangsloch eingebettet<br \/>\nFESTER HALT BEI EINFACHER ANWENDUNG: Dank der Geometrie der Gewindeh\u00fclse h\u00e4lt sie fest im Druckteil. Die gegen\u00fcberliegenden spiralf\u00f6rmigen R\u00e4ndelmuttern sorgen f\u00fcr ein ausgewogenes hohes Anzug- und L\u00f6semoment, sowie eine hohe Anzugskraft. Durch die F\u00fchrung ist das Einsetzen wesentlich vereinfacht worden<br \/>\nSTABILE &amp; LANGLEBIGE EINSCHRAUBGEWINDE: Die Eins\u00e4tze mit Innengewinde bestehen aus hochwertigstem Messing, was f\u00fcr eine optimale Korrosionsbest\u00e4ndigkeit und W\u00e4rmeleitf\u00e4higkeit sorgt. Dadurch ist jede Einpressmutter langfristig nutzbar und leicht einzusetzen. Die Wiederverwendbarkeit der Einschraubgewinde ist auch m\u00f6glich durch das vorsichtige Entfernen aus dem Druckteil, wenn dies eventuell nicht mehr ben\u00f6tigt wird<\/p>\n","protected":false},"featured_media":28418,"comment_status":"open","ping_status":"closed","template":"","meta":[],"product_brand":[],"product_cat":[1983],"product_tag":[],"class_list":{"0":"post-28408","1":"product","2":"type-product","3":"status-publish","4":"has-post-thumbnail","6":"product_cat-baumarkt","7":"pa_brand-ruthex","8":"pa_farbe-gewindeeinsaetze","9":"pa_farbe-loetspitzen","10":"pa_groesse-loetspitzen-set","11":"pa_groesse-m25x5-7-70pcs","12":"pa_groesse-m2x4-70pcs","13":"pa_groesse-m3x5-7-100pcs","14":"pa_groesse-m4x8-1-50pcs","15":"pa_groesse-m5x9-5-50pcs","16":"pa_groesse-m6x12-7-30pcs","17":"pa_groesse-m8x12-7-20pcs","18":"pa_groesse-sortimentskasten-m2-m3-m4-m5-270pcs","19":"pa_manufacturer-ruthex","21":"first","22":"instock","23":"shipping-taxable","24":"purchasable","25":"product-type-variable","26":"customify-col","27":"product-has-gallery"},"yoast_head":"<!-- This site is optimized with the Yoast SEO plugin v27.4 - https:\/\/yoast.com\/product\/yoast-seo-wordpress\/ -->\n<title>ruthex 1\/4&quot; Zoll Gewindeeinsatz \u2013 20 St\u00fcck RX-1\/4\u201c-20x12,7 Gewindebuchsen aus Messing \u2013 stabile Einpressmutter \u2013 durch W\u00e4rme in 3D-Druck-Teile aus Kunststoff einsetzbar (Kameragewinde) - Markt-XXL<\/title>\n<meta name=\"description\" content=\"Markt-XXL ruthex 1\/4&quot; Zoll Gewindeeinsatz \u2013 20 St\u00fcck RX-1\/4\u201c-20x12,7 Gewindebuchsen aus Messing \u2013 stabile Einpressmutter \u2013 durch W\u00e4rme in 3D-Druck-Teile aus Kunststoff einsetzbar (Kameragewinde)\" \/>\n<meta name=\"robots\" content=\"index, follow, max-snippet:-1, max-image-preview:large, max-video-preview:-1\" \/>\n<link rel=\"canonical\" href=\"https:\/\/marktxxl.de\/markt\/produkt\/ruthex-gewindeeinsatz-gewindebuchsen-aus-messing-einpressmutter-fuer-kunststoffteile-durch-waerme-oder-ultraschall-fuer-3d-druck-teile\/\" \/>\n<meta property=\"og:locale\" content=\"de_DE\" \/>\n<meta property=\"og:type\" content=\"article\" \/>\n<meta property=\"og:title\" content=\"ruthex 1\/4&quot; Zoll Gewindeeinsatz \u2013 20 St\u00fcck RX-1\/4\u201c-20x12,7 Gewindebuchsen aus Messing \u2013 stabile Einpressmutter \u2013 durch W\u00e4rme in 3D-Druck-Teile aus Kunststoff einsetzbar (Kameragewinde) - Markt-XXL\" \/>\n<meta property=\"og:description\" content=\"Markt-XXL ruthex 1\/4&quot; Zoll Gewindeeinsatz \u2013 20 St\u00fcck RX-1\/4\u201c-20x12,7 Gewindebuchsen aus Messing \u2013 stabile Einpressmutter \u2013 durch W\u00e4rme in 3D-Druck-Teile aus Kunststoff einsetzbar (Kameragewinde)\" \/>\n<meta property=\"og:url\" content=\"https:\/\/marktxxl.de\/markt\/produkt\/ruthex-gewindeeinsatz-gewindebuchsen-aus-messing-einpressmutter-fuer-kunststoffteile-durch-waerme-oder-ultraschall-fuer-3d-druck-teile\/\" \/>\n<meta property=\"og:site_name\" content=\"Markt-XXL\" \/>\n<meta property=\"article:modified_time\" content=\"2023-04-10T23:36:36+00:00\" \/>\n<meta property=\"og:image\" content=\"https:\/\/m.media-amazon.com\/images\/I\/51XbHUSjBsL._SL500_.jpg\" \/>\n\t<meta property=\"og:image:width\" content=\"500\" \/>\n\t<meta property=\"og:image:height\" content=\"500\" \/>\n\t<meta property=\"og:image:type\" content=\"image\/jpeg\" \/>\n<meta name=\"twitter:card\" content=\"summary_large_image\" \/>\n<meta name=\"twitter:label1\" content=\"Gesch\u00e4tzte Lesezeit\" \/>\n\t<meta name=\"twitter:data1\" content=\"1\u00a0Minute\" \/>\n<script type=\"application\/ld+json\" class=\"yoast-schema-graph\">{\"@context\":\"https:\\\/\\\/schema.org\",\"@graph\":[{\"@type\":\"WebPage\",\"@id\":\"https:\\\/\\\/marktxxl.de\\\/markt\\\/produkt\\\/ruthex-gewindeeinsatz-gewindebuchsen-aus-messing-einpressmutter-fuer-kunststoffteile-durch-waerme-oder-ultraschall-fuer-3d-druck-teile\\\/\",\"url\":\"https:\\\/\\\/marktxxl.de\\\/markt\\\/produkt\\\/ruthex-gewindeeinsatz-gewindebuchsen-aus-messing-einpressmutter-fuer-kunststoffteile-durch-waerme-oder-ultraschall-fuer-3d-druck-teile\\\/\",\"name\":\"ruthex 1\\\/4\\\" Zoll Gewindeeinsatz \u2013 20 St\u00fcck RX-1\\\/4\u201c-20x12,7 Gewindebuchsen aus Messing \u2013 stabile Einpressmutter \u2013 durch W\u00e4rme in 3D-Druck-Teile aus Kunststoff einsetzbar (Kameragewinde) - Markt-XXL\",\"isPartOf\":{\"@id\":\"https:\\\/\\\/marktxxl.de\\\/markt\\\/#website\"},\"primaryImageOfPage\":{\"@id\":\"https:\\\/\\\/marktxxl.de\\\/markt\\\/produkt\\\/ruthex-gewindeeinsatz-gewindebuchsen-aus-messing-einpressmutter-fuer-kunststoffteile-durch-waerme-oder-ultraschall-fuer-3d-druck-teile\\\/#primaryimage\"},\"image\":{\"@id\":\"https:\\\/\\\/marktxxl.de\\\/markt\\\/produkt\\\/ruthex-gewindeeinsatz-gewindebuchsen-aus-messing-einpressmutter-fuer-kunststoffteile-durch-waerme-oder-ultraschall-fuer-3d-druck-teile\\\/#primaryimage\"},\"thumbnailUrl\":\"https:\\\/\\\/m.media-amazon.com\\\/images\\\/I\\\/51XbHUSjBsL._SL500_.jpg\",\"datePublished\":\"2021-09-12T20:02:02+00:00\",\"dateModified\":\"2023-04-10T23:36:36+00:00\",\"description\":\"Markt-XXL ruthex 1\\\/4\\\" Zoll Gewindeeinsatz \u2013 20 St\u00fcck RX-1\\\/4\u201c-20x12,7 Gewindebuchsen aus Messing \u2013 stabile Einpressmutter \u2013 durch W\u00e4rme in 3D-Druck-Teile aus Kunststoff einsetzbar (Kameragewinde)\",\"breadcrumb\":{\"@id\":\"https:\\\/\\\/marktxxl.de\\\/markt\\\/produkt\\\/ruthex-gewindeeinsatz-gewindebuchsen-aus-messing-einpressmutter-fuer-kunststoffteile-durch-waerme-oder-ultraschall-fuer-3d-druck-teile\\\/#breadcrumb\"},\"inLanguage\":\"de\",\"potentialAction\":[{\"@type\":\"ReadAction\",\"target\":[\"https:\\\/\\\/marktxxl.de\\\/markt\\\/produkt\\\/ruthex-gewindeeinsatz-gewindebuchsen-aus-messing-einpressmutter-fuer-kunststoffteile-durch-waerme-oder-ultraschall-fuer-3d-druck-teile\\\/\"]}]},{\"@type\":\"ImageObject\",\"inLanguage\":\"de\",\"@id\":\"https:\\\/\\\/marktxxl.de\\\/markt\\\/produkt\\\/ruthex-gewindeeinsatz-gewindebuchsen-aus-messing-einpressmutter-fuer-kunststoffteile-durch-waerme-oder-ultraschall-fuer-3d-druck-teile\\\/#primaryimage\",\"url\":\"https:\\\/\\\/m.media-amazon.com\\\/images\\\/I\\\/51XbHUSjBsL._SL500_.jpg\",\"contentUrl\":\"https:\\\/\\\/m.media-amazon.com\\\/images\\\/I\\\/51XbHUSjBsL._SL500_.jpg\",\"width\":500,\"height\":500},{\"@type\":\"BreadcrumbList\",\"@id\":\"https:\\\/\\\/marktxxl.de\\\/markt\\\/produkt\\\/ruthex-gewindeeinsatz-gewindebuchsen-aus-messing-einpressmutter-fuer-kunststoffteile-durch-waerme-oder-ultraschall-fuer-3d-druck-teile\\\/#breadcrumb\",\"itemListElement\":[{\"@type\":\"ListItem\",\"position\":1,\"name\":\"Startseite\",\"item\":\"https:\\\/\\\/marktxxl.de\\\/markt\\\/\"},{\"@type\":\"ListItem\",\"position\":2,\"name\":\"Markt\",\"item\":\"https:\\\/\\\/marktxxl.de\\\/markt\\\/\"},{\"@type\":\"ListItem\",\"position\":3,\"name\":\"ruthex 1\\\/4&#8243; Zoll Gewindeeinsatz \u2013 20 St\u00fcck RX-1\\\/4\u201c-20&#215;12,7 Gewindebuchsen aus Messing \u2013 stabile Einpressmutter \u2013 durch W\u00e4rme in 3D-Druck-Teile aus Kunststoff einsetzbar (Kameragewinde)\"}]},{\"@type\":\"WebSite\",\"@id\":\"https:\\\/\\\/marktxxl.de\\\/markt\\\/#website\",\"url\":\"https:\\\/\\\/marktxxl.de\\\/markt\\\/\",\"name\":\"Markt-XXL\",\"description\":\"Ihr Markt Online\",\"publisher\":{\"@id\":\"https:\\\/\\\/marktxxl.de\\\/markt\\\/#organization\"},\"potentialAction\":[{\"@type\":\"SearchAction\",\"target\":{\"@type\":\"EntryPoint\",\"urlTemplate\":\"https:\\\/\\\/marktxxl.de\\\/markt\\\/?s={search_term_string}\"},\"query-input\":{\"@type\":\"PropertyValueSpecification\",\"valueRequired\":true,\"valueName\":\"search_term_string\"}}],\"inLanguage\":\"de\"},{\"@type\":\"Organization\",\"@id\":\"https:\\\/\\\/marktxxl.de\\\/markt\\\/#organization\",\"name\":\"Markt-XXL\",\"url\":\"https:\\\/\\\/marktxxl.de\\\/markt\\\/\",\"logo\":{\"@type\":\"ImageObject\",\"inLanguage\":\"de\",\"@id\":\"https:\\\/\\\/marktxxl.de\\\/markt\\\/#\\\/schema\\\/logo\\\/image\\\/\",\"url\":\"https:\\\/\\\/marktxxl.de\\\/markt\\\/wp-content\\\/uploads\\\/sites\\\/3\\\/2020\\\/12\\\/logo.png\",\"contentUrl\":\"https:\\\/\\\/marktxxl.de\\\/markt\\\/wp-content\\\/uploads\\\/sites\\\/3\\\/2020\\\/12\\\/logo.png\",\"width\":200,\"height\":70,\"caption\":\"Markt-XXL\"},\"image\":{\"@id\":\"https:\\\/\\\/marktxxl.de\\\/markt\\\/#\\\/schema\\\/logo\\\/image\\\/\"}}]}<\/script>\n<!-- \/ Yoast SEO plugin. -->","yoast_head_json":{"title":"ruthex 1\/4\" Zoll Gewindeeinsatz \u2013 20 St\u00fcck RX-1\/4\u201c-20x12,7 Gewindebuchsen aus Messing \u2013 stabile Einpressmutter \u2013 durch W\u00e4rme in 3D-Druck-Teile aus Kunststoff einsetzbar (Kameragewinde) - Markt-XXL","description":"Markt-XXL ruthex 1\/4\" Zoll Gewindeeinsatz \u2013 20 St\u00fcck RX-1\/4\u201c-20x12,7 Gewindebuchsen aus Messing \u2013 stabile Einpressmutter \u2013 durch W\u00e4rme in 3D-Druck-Teile aus Kunststoff einsetzbar (Kameragewinde)","robots":{"index":"index","follow":"follow","max-snippet":"max-snippet:-1","max-image-preview":"max-image-preview:large","max-video-preview":"max-video-preview:-1"},"canonical":"https:\/\/marktxxl.de\/markt\/produkt\/ruthex-gewindeeinsatz-gewindebuchsen-aus-messing-einpressmutter-fuer-kunststoffteile-durch-waerme-oder-ultraschall-fuer-3d-druck-teile\/","og_locale":"de_DE","og_type":"article","og_title":"ruthex 1\/4\" Zoll Gewindeeinsatz \u2013 20 St\u00fcck RX-1\/4\u201c-20x12,7 Gewindebuchsen aus Messing \u2013 stabile Einpressmutter \u2013 durch W\u00e4rme in 3D-Druck-Teile aus Kunststoff einsetzbar (Kameragewinde) - Markt-XXL","og_description":"Markt-XXL ruthex 1\/4\" Zoll Gewindeeinsatz \u2013 20 St\u00fcck RX-1\/4\u201c-20x12,7 Gewindebuchsen aus Messing \u2013 stabile Einpressmutter \u2013 durch W\u00e4rme in 3D-Druck-Teile aus Kunststoff einsetzbar (Kameragewinde)","og_url":"https:\/\/marktxxl.de\/markt\/produkt\/ruthex-gewindeeinsatz-gewindebuchsen-aus-messing-einpressmutter-fuer-kunststoffteile-durch-waerme-oder-ultraschall-fuer-3d-druck-teile\/","og_site_name":"Markt-XXL","article_modified_time":"2023-04-10T23:36:36+00:00","og_image":[{"width":500,"height":500,"url":"https:\/\/m.media-amazon.com\/images\/I\/51XbHUSjBsL._SL500_.jpg","type":"image\/jpeg"}],"twitter_card":"summary_large_image","twitter_misc":{"Gesch\u00e4tzte Lesezeit":"1\u00a0Minute"},"schema":{"@context":"https:\/\/schema.org","@graph":[{"@type":"WebPage","@id":"https:\/\/marktxxl.de\/markt\/produkt\/ruthex-gewindeeinsatz-gewindebuchsen-aus-messing-einpressmutter-fuer-kunststoffteile-durch-waerme-oder-ultraschall-fuer-3d-druck-teile\/","url":"https:\/\/marktxxl.de\/markt\/produkt\/ruthex-gewindeeinsatz-gewindebuchsen-aus-messing-einpressmutter-fuer-kunststoffteile-durch-waerme-oder-ultraschall-fuer-3d-druck-teile\/","name":"ruthex 1\/4\" Zoll Gewindeeinsatz \u2013 20 St\u00fcck RX-1\/4\u201c-20x12,7 Gewindebuchsen aus Messing \u2013 stabile Einpressmutter \u2013 durch W\u00e4rme in 3D-Druck-Teile aus Kunststoff einsetzbar (Kameragewinde) - Markt-XXL","isPartOf":{"@id":"https:\/\/marktxxl.de\/markt\/#website"},"primaryImageOfPage":{"@id":"https:\/\/marktxxl.de\/markt\/produkt\/ruthex-gewindeeinsatz-gewindebuchsen-aus-messing-einpressmutter-fuer-kunststoffteile-durch-waerme-oder-ultraschall-fuer-3d-druck-teile\/#primaryimage"},"image":{"@id":"https:\/\/marktxxl.de\/markt\/produkt\/ruthex-gewindeeinsatz-gewindebuchsen-aus-messing-einpressmutter-fuer-kunststoffteile-durch-waerme-oder-ultraschall-fuer-3d-druck-teile\/#primaryimage"},"thumbnailUrl":"https:\/\/m.media-amazon.com\/images\/I\/51XbHUSjBsL._SL500_.jpg","datePublished":"2021-09-12T20:02:02+00:00","dateModified":"2023-04-10T23:36:36+00:00","description":"Markt-XXL ruthex 1\/4\" Zoll Gewindeeinsatz \u2013 20 St\u00fcck RX-1\/4\u201c-20x12,7 Gewindebuchsen aus Messing \u2013 stabile Einpressmutter \u2013 durch W\u00e4rme in 3D-Druck-Teile aus Kunststoff einsetzbar (Kameragewinde)","breadcrumb":{"@id":"https:\/\/marktxxl.de\/markt\/produkt\/ruthex-gewindeeinsatz-gewindebuchsen-aus-messing-einpressmutter-fuer-kunststoffteile-durch-waerme-oder-ultraschall-fuer-3d-druck-teile\/#breadcrumb"},"inLanguage":"de","potentialAction":[{"@type":"ReadAction","target":["https:\/\/marktxxl.de\/markt\/produkt\/ruthex-gewindeeinsatz-gewindebuchsen-aus-messing-einpressmutter-fuer-kunststoffteile-durch-waerme-oder-ultraschall-fuer-3d-druck-teile\/"]}]},{"@type":"ImageObject","inLanguage":"de","@id":"https:\/\/marktxxl.de\/markt\/produkt\/ruthex-gewindeeinsatz-gewindebuchsen-aus-messing-einpressmutter-fuer-kunststoffteile-durch-waerme-oder-ultraschall-fuer-3d-druck-teile\/#primaryimage","url":"https:\/\/m.media-amazon.com\/images\/I\/51XbHUSjBsL._SL500_.jpg","contentUrl":"https:\/\/m.media-amazon.com\/images\/I\/51XbHUSjBsL._SL500_.jpg","width":500,"height":500},{"@type":"BreadcrumbList","@id":"https:\/\/marktxxl.de\/markt\/produkt\/ruthex-gewindeeinsatz-gewindebuchsen-aus-messing-einpressmutter-fuer-kunststoffteile-durch-waerme-oder-ultraschall-fuer-3d-druck-teile\/#breadcrumb","itemListElement":[{"@type":"ListItem","position":1,"name":"Startseite","item":"https:\/\/marktxxl.de\/markt\/"},{"@type":"ListItem","position":2,"name":"Markt","item":"https:\/\/marktxxl.de\/markt\/"},{"@type":"ListItem","position":3,"name":"ruthex 1\/4&#8243; Zoll Gewindeeinsatz \u2013 20 St\u00fcck RX-1\/4\u201c-20&#215;12,7 Gewindebuchsen aus Messing \u2013 stabile Einpressmutter \u2013 durch W\u00e4rme in 3D-Druck-Teile aus Kunststoff einsetzbar (Kameragewinde)"}]},{"@type":"WebSite","@id":"https:\/\/marktxxl.de\/markt\/#website","url":"https:\/\/marktxxl.de\/markt\/","name":"Markt-XXL","description":"Ihr Markt Online","publisher":{"@id":"https:\/\/marktxxl.de\/markt\/#organization"},"potentialAction":[{"@type":"SearchAction","target":{"@type":"EntryPoint","urlTemplate":"https:\/\/marktxxl.de\/markt\/?s={search_term_string}"},"query-input":{"@type":"PropertyValueSpecification","valueRequired":true,"valueName":"search_term_string"}}],"inLanguage":"de"},{"@type":"Organization","@id":"https:\/\/marktxxl.de\/markt\/#organization","name":"Markt-XXL","url":"https:\/\/marktxxl.de\/markt\/","logo":{"@type":"ImageObject","inLanguage":"de","@id":"https:\/\/marktxxl.de\/markt\/#\/schema\/logo\/image\/","url":"https:\/\/marktxxl.de\/markt\/wp-content\/uploads\/sites\/3\/2020\/12\/logo.png","contentUrl":"https:\/\/marktxxl.de\/markt\/wp-content\/uploads\/sites\/3\/2020\/12\/logo.png","width":200,"height":70,"caption":"Markt-XXL"},"image":{"@id":"https:\/\/marktxxl.de\/markt\/#\/schema\/logo\/image\/"}}]}},"_links":{"self":[{"href":"https:\/\/marktxxl.de\/markt\/wp-json\/wp\/v2\/product\/28408","targetHints":{"allow":["GET"]}}],"collection":[{"href":"https:\/\/marktxxl.de\/markt\/wp-json\/wp\/v2\/product"}],"about":[{"href":"https:\/\/marktxxl.de\/markt\/wp-json\/wp\/v2\/types\/product"}],"replies":[{"embeddable":true,"href":"https:\/\/marktxxl.de\/markt\/wp-json\/wp\/v2\/comments?post=28408"}],"wp:featuredmedia":[{"embeddable":true,"href":"https:\/\/marktxxl.de\/markt\/wp-json\/wp\/v2\/media\/28418"}],"wp:attachment":[{"href":"https:\/\/marktxxl.de\/markt\/wp-json\/wp\/v2\/media?parent=28408"}],"wp:term":[{"taxonomy":"product_brand","embeddable":true,"href":"https:\/\/marktxxl.de\/markt\/wp-json\/wp\/v2\/product_brand?post=28408"},{"taxonomy":"product_cat","embeddable":true,"href":"https:\/\/marktxxl.de\/markt\/wp-json\/wp\/v2\/product_cat?post=28408"},{"taxonomy":"product_tag","embeddable":true,"href":"https:\/\/marktxxl.de\/markt\/wp-json\/wp\/v2\/product_tag?post=28408"}],"curies":[{"name":"wp","href":"https:\/\/api.w.org\/{rel}","templated":true}]}}