{"id":28374,"date":"2021-09-12T22:01:58","date_gmt":"2021-09-12T20:01:58","guid":{"rendered":"https:\/\/marktxxl.de\/markt\/produkt\/fischer-duopower-6-x-30-handliche-runddose-mit-200-universalduebeln-leistungsstarker-2-komponenten-duebel-kunststoffduebel-zur-befestigung-in-beton-ziegeln-stein-gipskarton-uvm\/"},"modified":"2023-04-11T01:36:35","modified_gmt":"2023-04-10T23:36:35","slug":"fischer-duopower-6-x-30-handliche-runddose-mit-200-universalduebeln-leistungsstarker-2-komponenten-duebel-kunststoffduebel-zur-befestigung-in-beton-ziegeln-stein-gipskarton-uvm","status":"publish","type":"product","link":"https:\/\/marktxxl.de\/markt\/produkt\/fischer-duopower-6-x-30-handliche-runddose-mit-200-universalduebeln-leistungsstarker-2-komponenten-duebel-kunststoffduebel-zur-befestigung-in-beton-ziegeln-stein-gipskarton-uvm\/","title":{"rendered":"fischer DUOPOWER 6 x 30, handliche Runddose mit 200 Universald\u00fcbeln, leistungsstarker 2-Komponenten-D\u00fcbel\u2026"},"content":{"rendered":"<p>Unschlagbarer Montagehelfer: Die Dose aus robustem Kunststoff beinhaltet die vielseitig einsetzbaren DUOPOWER Kunststoffd\u00fcbel f\u00fcr starken Halt \u2013 egal, ob Hohlr\u00e4ume oder massive Werkstoffe, Sie haben das richtige Zubeh\u00f6r stets griffbereit.<br \/>\nLeistungsstark bei jeder Montage: Die kompakte Form des Allzweckd\u00fcbels ist f\u00fcr Befestigungen rund um Einzug, Renovierung und Reparaturen bestens geeignet, Sie haben einen deutlich reduzierten Bohraufwand, der schmale Rand des D\u00fcbels verhindert ein Durchrutschen ins Bohrloch und die Mitdrehsicherung verhindert ein Mitdrehen des D\u00fcbels.<br \/>\nEin D\u00fcbel f\u00fcr alle Baustoffe: Der enthaltene DUOPOWER D\u00fcbel ist der erste D\u00fcbel, der selbst entscheidet, ob er spreizt, klappt oder knotet \u2013 so passt er sich automatisch den Erfordernissen aller Baustoffe an, erreicht h\u00f6chste Lastwerte und kann universell verwendet werden.<br \/>\nAnwendungsgebiete: Die kraftvollen Allzweckd\u00fcbel f\u00fcr W\u00e4nde und Decken eignen sich zur Anbringung leichter Gegenst\u00e4nde wie Leuchten, leichter Regale, Bilder, Gardinenschienen uvm. in zahlreichen Baustoffen, wie u. a. Naturstein, Beton, Gipsbauplatten und Spanplatten.<br \/>\nLieferumfang: 1 x Dose DUOPOWER D\u00fcbel (Art.-Nr. 535981), handliche Runddose mit 200 DUOPOWER D\u00fcbeln (200 Stk. 6 x 30) von fischer.<br \/>\n<div class=\"main-cross-sell\" data-asin=\"B07KN2D4M6\">\n\n\t<div class=\"WooZone-cross-sell-loader\">\n\t\t<div>\n\t\t\t<div id=\"floatingBarsG\">\n\t\t\t\t<div class=\"blockG\" id=\"rotateG_01\"><\/div>\n\t\t\t\t<div class=\"blockG\" id=\"rotateG_02\"><\/div>\n\t\t\t\t<div class=\"blockG\" id=\"rotateG_03\"><\/div>\n\t\t\t\t<div class=\"blockG\" id=\"rotateG_04\"><\/div>\n\t\t\t\t<div class=\"blockG\" id=\"rotateG_05\"><\/div>\n\t\t\t\t<div class=\"blockG\" id=\"rotateG_06\"><\/div>\n\t\t\t\t<div class=\"blockG\" id=\"rotateG_07\"><\/div>\n\t\t\t\t<div class=\"blockG\" id=\"rotateG_08\"><\/div>\n\t\t\t<\/div>\n\t\t\t<div class=\"WooZone-cross-sell-loader-text\"><\/div>\n\t\t<\/div>\n\t<\/div>\n\n\t\t\n<\/div>\n<div style=\"clear:both;\"><\/div><\/p>\n","protected":false},"excerpt":{"rendered":"<p>Unschlagbarer Montagehelfer: Die Dose aus robustem Kunststoff beinhaltet die vielseitig einsetzbaren DUOPOWER Kunststoffd\u00fcbel f\u00fcr starken Halt \u2013 egal, ob Hohlr\u00e4ume oder massive Werkstoffe, Sie haben das richtige Zubeh\u00f6r stets griffbereit.<br \/>\nLeistungsstark bei jeder Montage: Die kompakte Form des Allzweckd\u00fcbels ist f\u00fcr Befestigungen rund um Einzug, Renovierung und Reparaturen bestens geeignet, Sie haben einen deutlich reduzierten Bohraufwand, der schmale Rand des D\u00fcbels verhindert ein Durchrutschen ins Bohrloch und die Mitdrehsicherung verhindert ein Mitdrehen des D\u00fcbels.<br \/>\nEin D\u00fcbel f\u00fcr alle Baustoffe: Der enthaltene DUOPOWER D\u00fcbel ist der erste D\u00fcbel, der selbst entscheidet, ob er spreizt, klappt oder knotet \u2013 so passt er sich automatisch den Erfordernissen aller Baustoffe an, erreicht h\u00f6chste Lastwerte und kann universell verwendet werden.<\/p>\n","protected":false},"featured_media":28375,"comment_status":"open","ping_status":"closed","template":"","meta":[],"product_brand":[],"product_cat":[1983],"product_tag":[],"class_list":{"0":"post-28374","1":"product","2":"type-product","3":"status-publish","4":"has-post-thumbnail","6":"product_cat-baumarkt","7":"pa_binding-werkzeug","8":"pa_brand-fischer","9":"pa_color-grau","10":"pa_height-3-937-zoll","11":"pa_length-4-09448-zoll","12":"pa_manufacturer-fischer","13":"pa_model-13060","14":"pa_size-duopower-6x30-200","15":"pa_weight-0-42769678828-pfund","16":"pa_width-4-09448-zoll","18":"first","19":"instock","20":"shipping-taxable","21":"purchasable","22":"product-type-simple","23":"customify-col","24":"product-has-gallery"},"yoast_head":"<!-- This site is optimized with the Yoast SEO plugin v27.3 - https:\/\/yoast.com\/product\/yoast-seo-wordpress\/ -->\n<title>fischer DUOPOWER 6 x 30, handliche Runddose mit 200 Universald\u00fcbeln, leistungsstarker 2-Komponenten-D\u00fcbel\u2026 - Markt-XXL<\/title>\n<meta name=\"description\" content=\"Markt-XXL fischer DUOPOWER 6 x 30, handliche Runddose mit 200 Universald\u00fcbeln, leistungsstarker 2-Komponenten-D\u00fcbel\u2026\" \/>\n<meta name=\"robots\" content=\"index, follow, max-snippet:-1, max-image-preview:large, max-video-preview:-1\" \/>\n<link rel=\"canonical\" href=\"https:\/\/marktxxl.de\/markt\/produkt\/fischer-duopower-6-x-30-handliche-runddose-mit-200-universalduebeln-leistungsstarker-2-komponenten-duebel-kunststoffduebel-zur-befestigung-in-beton-ziegeln-stein-gipskarton-uvm\/\" \/>\n<meta property=\"og:locale\" content=\"de_DE\" \/>\n<meta property=\"og:type\" content=\"article\" \/>\n<meta property=\"og:title\" content=\"fischer DUOPOWER 6 x 30, handliche Runddose mit 200 Universald\u00fcbeln, leistungsstarker 2-Komponenten-D\u00fcbel\u2026 - Markt-XXL\" \/>\n<meta property=\"og:description\" content=\"Markt-XXL fischer DUOPOWER 6 x 30, handliche Runddose mit 200 Universald\u00fcbeln, leistungsstarker 2-Komponenten-D\u00fcbel\u2026\" \/>\n<meta property=\"og:url\" content=\"https:\/\/marktxxl.de\/markt\/produkt\/fischer-duopower-6-x-30-handliche-runddose-mit-200-universalduebeln-leistungsstarker-2-komponenten-duebel-kunststoffduebel-zur-befestigung-in-beton-ziegeln-stein-gipskarton-uvm\/\" \/>\n<meta property=\"og:site_name\" content=\"Markt-XXL\" \/>\n<meta property=\"article:modified_time\" content=\"2023-04-10T23:36:35+00:00\" \/>\n<meta property=\"og:image\" content=\"https:\/\/m.media-amazon.com\/images\/I\/51IgEVcJIUL._SL500_.jpg\" \/>\n\t<meta property=\"og:image:width\" content=\"500\" \/>\n\t<meta property=\"og:image:height\" content=\"500\" \/>\n\t<meta property=\"og:image:type\" content=\"image\/jpeg\" \/>\n<meta name=\"twitter:card\" content=\"summary_large_image\" \/>\n<meta name=\"twitter:label1\" content=\"Gesch\u00e4tzte Lesezeit\" \/>\n\t<meta name=\"twitter:data1\" content=\"1\u00a0Minute\" \/>\n<script type=\"application\/ld+json\" class=\"yoast-schema-graph\">{\"@context\":\"https:\\\/\\\/schema.org\",\"@graph\":[{\"@type\":\"WebPage\",\"@id\":\"https:\\\/\\\/marktxxl.de\\\/markt\\\/produkt\\\/fischer-duopower-6-x-30-handliche-runddose-mit-200-universalduebeln-leistungsstarker-2-komponenten-duebel-kunststoffduebel-zur-befestigung-in-beton-ziegeln-stein-gipskarton-uvm\\\/\",\"url\":\"https:\\\/\\\/marktxxl.de\\\/markt\\\/produkt\\\/fischer-duopower-6-x-30-handliche-runddose-mit-200-universalduebeln-leistungsstarker-2-komponenten-duebel-kunststoffduebel-zur-befestigung-in-beton-ziegeln-stein-gipskarton-uvm\\\/\",\"name\":\"fischer DUOPOWER 6 x 30, handliche Runddose mit 200 Universald\u00fcbeln, leistungsstarker 2-Komponenten-D\u00fcbel\u2026 - Markt-XXL\",\"isPartOf\":{\"@id\":\"https:\\\/\\\/marktxxl.de\\\/markt\\\/#website\"},\"primaryImageOfPage\":{\"@id\":\"https:\\\/\\\/marktxxl.de\\\/markt\\\/produkt\\\/fischer-duopower-6-x-30-handliche-runddose-mit-200-universalduebeln-leistungsstarker-2-komponenten-duebel-kunststoffduebel-zur-befestigung-in-beton-ziegeln-stein-gipskarton-uvm\\\/#primaryimage\"},\"image\":{\"@id\":\"https:\\\/\\\/marktxxl.de\\\/markt\\\/produkt\\\/fischer-duopower-6-x-30-handliche-runddose-mit-200-universalduebeln-leistungsstarker-2-komponenten-duebel-kunststoffduebel-zur-befestigung-in-beton-ziegeln-stein-gipskarton-uvm\\\/#primaryimage\"},\"thumbnailUrl\":\"https:\\\/\\\/m.media-amazon.com\\\/images\\\/I\\\/51IgEVcJIUL._SL500_.jpg\",\"datePublished\":\"2021-09-12T20:01:58+00:00\",\"dateModified\":\"2023-04-10T23:36:35+00:00\",\"description\":\"Markt-XXL fischer DUOPOWER 6 x 30, handliche Runddose mit 200 Universald\u00fcbeln, leistungsstarker 2-Komponenten-D\u00fcbel\u2026\",\"breadcrumb\":{\"@id\":\"https:\\\/\\\/marktxxl.de\\\/markt\\\/produkt\\\/fischer-duopower-6-x-30-handliche-runddose-mit-200-universalduebeln-leistungsstarker-2-komponenten-duebel-kunststoffduebel-zur-befestigung-in-beton-ziegeln-stein-gipskarton-uvm\\\/#breadcrumb\"},\"inLanguage\":\"de\",\"potentialAction\":[{\"@type\":\"ReadAction\",\"target\":[\"https:\\\/\\\/marktxxl.de\\\/markt\\\/produkt\\\/fischer-duopower-6-x-30-handliche-runddose-mit-200-universalduebeln-leistungsstarker-2-komponenten-duebel-kunststoffduebel-zur-befestigung-in-beton-ziegeln-stein-gipskarton-uvm\\\/\"]}]},{\"@type\":\"ImageObject\",\"inLanguage\":\"de\",\"@id\":\"https:\\\/\\\/marktxxl.de\\\/markt\\\/produkt\\\/fischer-duopower-6-x-30-handliche-runddose-mit-200-universalduebeln-leistungsstarker-2-komponenten-duebel-kunststoffduebel-zur-befestigung-in-beton-ziegeln-stein-gipskarton-uvm\\\/#primaryimage\",\"url\":\"https:\\\/\\\/m.media-amazon.com\\\/images\\\/I\\\/51IgEVcJIUL._SL500_.jpg\",\"contentUrl\":\"https:\\\/\\\/m.media-amazon.com\\\/images\\\/I\\\/51IgEVcJIUL._SL500_.jpg\",\"width\":500,\"height\":500},{\"@type\":\"BreadcrumbList\",\"@id\":\"https:\\\/\\\/marktxxl.de\\\/markt\\\/produkt\\\/fischer-duopower-6-x-30-handliche-runddose-mit-200-universalduebeln-leistungsstarker-2-komponenten-duebel-kunststoffduebel-zur-befestigung-in-beton-ziegeln-stein-gipskarton-uvm\\\/#breadcrumb\",\"itemListElement\":[{\"@type\":\"ListItem\",\"position\":1,\"name\":\"Startseite\",\"item\":\"https:\\\/\\\/marktxxl.de\\\/markt\\\/\"},{\"@type\":\"ListItem\",\"position\":2,\"name\":\"Markt\",\"item\":\"https:\\\/\\\/marktxxl.de\\\/markt\\\/\"},{\"@type\":\"ListItem\",\"position\":3,\"name\":\"fischer DUOPOWER 6 x 30, handliche Runddose mit 200 Universald\u00fcbeln, leistungsstarker 2-Komponenten-D\u00fcbel\u2026\"}]},{\"@type\":\"WebSite\",\"@id\":\"https:\\\/\\\/marktxxl.de\\\/markt\\\/#website\",\"url\":\"https:\\\/\\\/marktxxl.de\\\/markt\\\/\",\"name\":\"Markt-XXL\",\"description\":\"Ihr Markt Online\",\"publisher\":{\"@id\":\"https:\\\/\\\/marktxxl.de\\\/markt\\\/#organization\"},\"potentialAction\":[{\"@type\":\"SearchAction\",\"target\":{\"@type\":\"EntryPoint\",\"urlTemplate\":\"https:\\\/\\\/marktxxl.de\\\/markt\\\/?s={search_term_string}\"},\"query-input\":{\"@type\":\"PropertyValueSpecification\",\"valueRequired\":true,\"valueName\":\"search_term_string\"}}],\"inLanguage\":\"de\"},{\"@type\":\"Organization\",\"@id\":\"https:\\\/\\\/marktxxl.de\\\/markt\\\/#organization\",\"name\":\"Markt-XXL\",\"url\":\"https:\\\/\\\/marktxxl.de\\\/markt\\\/\",\"logo\":{\"@type\":\"ImageObject\",\"inLanguage\":\"de\",\"@id\":\"https:\\\/\\\/marktxxl.de\\\/markt\\\/#\\\/schema\\\/logo\\\/image\\\/\",\"url\":\"https:\\\/\\\/marktxxl.de\\\/markt\\\/wp-content\\\/uploads\\\/sites\\\/3\\\/2020\\\/12\\\/logo.png\",\"contentUrl\":\"https:\\\/\\\/marktxxl.de\\\/markt\\\/wp-content\\\/uploads\\\/sites\\\/3\\\/2020\\\/12\\\/logo.png\",\"width\":200,\"height\":70,\"caption\":\"Markt-XXL\"},\"image\":{\"@id\":\"https:\\\/\\\/marktxxl.de\\\/markt\\\/#\\\/schema\\\/logo\\\/image\\\/\"}}]}<\/script>\n<!-- \/ Yoast SEO plugin. -->","yoast_head_json":{"title":"fischer DUOPOWER 6 x 30, handliche Runddose mit 200 Universald\u00fcbeln, leistungsstarker 2-Komponenten-D\u00fcbel\u2026 - Markt-XXL","description":"Markt-XXL fischer DUOPOWER 6 x 30, handliche Runddose mit 200 Universald\u00fcbeln, leistungsstarker 2-Komponenten-D\u00fcbel\u2026","robots":{"index":"index","follow":"follow","max-snippet":"max-snippet:-1","max-image-preview":"max-image-preview:large","max-video-preview":"max-video-preview:-1"},"canonical":"https:\/\/marktxxl.de\/markt\/produkt\/fischer-duopower-6-x-30-handliche-runddose-mit-200-universalduebeln-leistungsstarker-2-komponenten-duebel-kunststoffduebel-zur-befestigung-in-beton-ziegeln-stein-gipskarton-uvm\/","og_locale":"de_DE","og_type":"article","og_title":"fischer DUOPOWER 6 x 30, handliche Runddose mit 200 Universald\u00fcbeln, leistungsstarker 2-Komponenten-D\u00fcbel\u2026 - Markt-XXL","og_description":"Markt-XXL fischer DUOPOWER 6 x 30, handliche Runddose mit 200 Universald\u00fcbeln, leistungsstarker 2-Komponenten-D\u00fcbel\u2026","og_url":"https:\/\/marktxxl.de\/markt\/produkt\/fischer-duopower-6-x-30-handliche-runddose-mit-200-universalduebeln-leistungsstarker-2-komponenten-duebel-kunststoffduebel-zur-befestigung-in-beton-ziegeln-stein-gipskarton-uvm\/","og_site_name":"Markt-XXL","article_modified_time":"2023-04-10T23:36:35+00:00","og_image":[{"width":500,"height":500,"url":"https:\/\/m.media-amazon.com\/images\/I\/51IgEVcJIUL._SL500_.jpg","type":"image\/jpeg"}],"twitter_card":"summary_large_image","twitter_misc":{"Gesch\u00e4tzte Lesezeit":"1\u00a0Minute"},"schema":{"@context":"https:\/\/schema.org","@graph":[{"@type":"WebPage","@id":"https:\/\/marktxxl.de\/markt\/produkt\/fischer-duopower-6-x-30-handliche-runddose-mit-200-universalduebeln-leistungsstarker-2-komponenten-duebel-kunststoffduebel-zur-befestigung-in-beton-ziegeln-stein-gipskarton-uvm\/","url":"https:\/\/marktxxl.de\/markt\/produkt\/fischer-duopower-6-x-30-handliche-runddose-mit-200-universalduebeln-leistungsstarker-2-komponenten-duebel-kunststoffduebel-zur-befestigung-in-beton-ziegeln-stein-gipskarton-uvm\/","name":"fischer DUOPOWER 6 x 30, handliche Runddose mit 200 Universald\u00fcbeln, leistungsstarker 2-Komponenten-D\u00fcbel\u2026 - Markt-XXL","isPartOf":{"@id":"https:\/\/marktxxl.de\/markt\/#website"},"primaryImageOfPage":{"@id":"https:\/\/marktxxl.de\/markt\/produkt\/fischer-duopower-6-x-30-handliche-runddose-mit-200-universalduebeln-leistungsstarker-2-komponenten-duebel-kunststoffduebel-zur-befestigung-in-beton-ziegeln-stein-gipskarton-uvm\/#primaryimage"},"image":{"@id":"https:\/\/marktxxl.de\/markt\/produkt\/fischer-duopower-6-x-30-handliche-runddose-mit-200-universalduebeln-leistungsstarker-2-komponenten-duebel-kunststoffduebel-zur-befestigung-in-beton-ziegeln-stein-gipskarton-uvm\/#primaryimage"},"thumbnailUrl":"https:\/\/m.media-amazon.com\/images\/I\/51IgEVcJIUL._SL500_.jpg","datePublished":"2021-09-12T20:01:58+00:00","dateModified":"2023-04-10T23:36:35+00:00","description":"Markt-XXL fischer DUOPOWER 6 x 30, handliche Runddose mit 200 Universald\u00fcbeln, leistungsstarker 2-Komponenten-D\u00fcbel\u2026","breadcrumb":{"@id":"https:\/\/marktxxl.de\/markt\/produkt\/fischer-duopower-6-x-30-handliche-runddose-mit-200-universalduebeln-leistungsstarker-2-komponenten-duebel-kunststoffduebel-zur-befestigung-in-beton-ziegeln-stein-gipskarton-uvm\/#breadcrumb"},"inLanguage":"de","potentialAction":[{"@type":"ReadAction","target":["https:\/\/marktxxl.de\/markt\/produkt\/fischer-duopower-6-x-30-handliche-runddose-mit-200-universalduebeln-leistungsstarker-2-komponenten-duebel-kunststoffduebel-zur-befestigung-in-beton-ziegeln-stein-gipskarton-uvm\/"]}]},{"@type":"ImageObject","inLanguage":"de","@id":"https:\/\/marktxxl.de\/markt\/produkt\/fischer-duopower-6-x-30-handliche-runddose-mit-200-universalduebeln-leistungsstarker-2-komponenten-duebel-kunststoffduebel-zur-befestigung-in-beton-ziegeln-stein-gipskarton-uvm\/#primaryimage","url":"https:\/\/m.media-amazon.com\/images\/I\/51IgEVcJIUL._SL500_.jpg","contentUrl":"https:\/\/m.media-amazon.com\/images\/I\/51IgEVcJIUL._SL500_.jpg","width":500,"height":500},{"@type":"BreadcrumbList","@id":"https:\/\/marktxxl.de\/markt\/produkt\/fischer-duopower-6-x-30-handliche-runddose-mit-200-universalduebeln-leistungsstarker-2-komponenten-duebel-kunststoffduebel-zur-befestigung-in-beton-ziegeln-stein-gipskarton-uvm\/#breadcrumb","itemListElement":[{"@type":"ListItem","position":1,"name":"Startseite","item":"https:\/\/marktxxl.de\/markt\/"},{"@type":"ListItem","position":2,"name":"Markt","item":"https:\/\/marktxxl.de\/markt\/"},{"@type":"ListItem","position":3,"name":"fischer DUOPOWER 6 x 30, handliche Runddose mit 200 Universald\u00fcbeln, leistungsstarker 2-Komponenten-D\u00fcbel\u2026"}]},{"@type":"WebSite","@id":"https:\/\/marktxxl.de\/markt\/#website","url":"https:\/\/marktxxl.de\/markt\/","name":"Markt-XXL","description":"Ihr Markt Online","publisher":{"@id":"https:\/\/marktxxl.de\/markt\/#organization"},"potentialAction":[{"@type":"SearchAction","target":{"@type":"EntryPoint","urlTemplate":"https:\/\/marktxxl.de\/markt\/?s={search_term_string}"},"query-input":{"@type":"PropertyValueSpecification","valueRequired":true,"valueName":"search_term_string"}}],"inLanguage":"de"},{"@type":"Organization","@id":"https:\/\/marktxxl.de\/markt\/#organization","name":"Markt-XXL","url":"https:\/\/marktxxl.de\/markt\/","logo":{"@type":"ImageObject","inLanguage":"de","@id":"https:\/\/marktxxl.de\/markt\/#\/schema\/logo\/image\/","url":"https:\/\/marktxxl.de\/markt\/wp-content\/uploads\/sites\/3\/2020\/12\/logo.png","contentUrl":"https:\/\/marktxxl.de\/markt\/wp-content\/uploads\/sites\/3\/2020\/12\/logo.png","width":200,"height":70,"caption":"Markt-XXL"},"image":{"@id":"https:\/\/marktxxl.de\/markt\/#\/schema\/logo\/image\/"}}]}},"_links":{"self":[{"href":"https:\/\/marktxxl.de\/markt\/wp-json\/wp\/v2\/product\/28374","targetHints":{"allow":["GET"]}}],"collection":[{"href":"https:\/\/marktxxl.de\/markt\/wp-json\/wp\/v2\/product"}],"about":[{"href":"https:\/\/marktxxl.de\/markt\/wp-json\/wp\/v2\/types\/product"}],"replies":[{"embeddable":true,"href":"https:\/\/marktxxl.de\/markt\/wp-json\/wp\/v2\/comments?post=28374"}],"wp:featuredmedia":[{"embeddable":true,"href":"https:\/\/marktxxl.de\/markt\/wp-json\/wp\/v2\/media\/28375"}],"wp:attachment":[{"href":"https:\/\/marktxxl.de\/markt\/wp-json\/wp\/v2\/media?parent=28374"}],"wp:term":[{"taxonomy":"product_brand","embeddable":true,"href":"https:\/\/marktxxl.de\/markt\/wp-json\/wp\/v2\/product_brand?post=28374"},{"taxonomy":"product_cat","embeddable":true,"href":"https:\/\/marktxxl.de\/markt\/wp-json\/wp\/v2\/product_cat?post=28374"},{"taxonomy":"product_tag","embeddable":true,"href":"https:\/\/marktxxl.de\/markt\/wp-json\/wp\/v2\/product_tag?post=28374"}],"curies":[{"name":"wp","href":"https:\/\/api.w.org\/{rel}","templated":true}]}}