{"id":28249,"date":"2021-09-12T21:56:22","date_gmt":"2021-09-12T19:56:22","guid":{"rendered":"https:\/\/marktxxl.de\/markt\/produkt\/baby-windeltasche-von-bonbino-tragbare-windel-aufbewahrungsbox-mit-austauschbaren-faechern-fuer-zuhause-im-auto-im-kindergarten-organizer-fuer-windeln-und-feuchttuecher-royal\/"},"modified":"2023-04-11T01:36:34","modified_gmt":"2023-04-10T23:36:34","slug":"baby-windeltasche-von-bonbino-tragbare-windel-aufbewahrungsbox-mit-austauschbaren-faechern-fuer-zuhause-im-auto-im-kindergarten-organizer-fuer-windeln-und-feuchttuecher-royal","status":"publish","type":"product","link":"https:\/\/marktxxl.de\/markt\/produkt\/baby-windeltasche-von-bonbino-tragbare-windel-aufbewahrungsbox-mit-austauschbaren-faechern-fuer-zuhause-im-auto-im-kindergarten-organizer-fuer-windeln-und-feuchttuecher-royal\/","title":{"rendered":"Baby-Windeltasche von bonbino \u2013 tragbare Windel-Aufbewahrungsbox mit austauschbaren F\u00e4chern. F\u00fcr Zuhause, im Auto &amp; im\u2026"},"content":{"rendered":"<p>Vielseitig einsetzbar, mit herausnehmbaren Trennw\u00e4nden\u00a0\u2013\u00a0passen Sie die Windeltasche Ihren spezifischen Bed\u00fcrfnissen an. Unsere Trennw\u00e4nde werden mit einem Klettverschluss befestigt, damit Sie sie einfach anbringen und entfernen k\u00f6nnen. Verwenden Sie die Trennw\u00e4nde, um Windeln und Feuchtt\u00fccher an ihrem Platz zu halten, oder entfernen Sie sie f\u00fcr gr\u00f6\u00dfere Gegenst\u00e4nde, wie Decken, Spielzeuge, B\u00fccher usw. Perfekte Gr\u00f6\u00dfe bei 33\u00a0cm x 22,9\u00a0cm x 17,8\u00a0cm mit 8\u00a0Au\u00dfentaschen.<br \/>\nHochwertige Qualit\u00e4t. 100% Filz mit stabilem Futter\u00a0\u2013\u00a0unsere Windeltasche ist aus 100% Filz, welcher der Tasche auch im leeren Zustand Stabilit\u00e4t verleiht. Die Windeltasche ist maschinenwaschbar.<br \/>\nIdeales Geschenk zur Babyparty\u00a0\u2013\u00a0sind Sie auf der Suche nach dem perfekten Geschenk? Die bonbino Windeltasche ist ein tolles Geschenk f\u00fcr werdende M\u00fctter. Plus, sie hat ein super cooles, luxuri\u00f6ses Design und kommt in einer Unisex Farbe.<br \/>\nOrganisiert und vereinfacht Ihr Leben- die bonbino Windeltasche bietet Stauraum f\u00fcr  fast alles, was Sie f\u00fcr das Wohl Ihres Babys ben\u00f6tigen,  an einem tragbaren, gut organisierten Platz. Mit 8\u00a0Au\u00dfentaschen, diese 33\u00a0cm x 22,9\u00a0cm x 17,8\u00a0cm gro\u00dfe Windeltasche ist perfekt zur Aufbewahrung und Organisation all Ihrer Baby-Zubeh\u00f6re. Aufbewahrung von Windeln, Feuchtt\u00fcchern, Spuckt\u00fcchern, Windelcreme, Babypuder, Lotion, Waschlappen, Nagelknipser, K\u00e4mme, Wattest\u00e4bchen, Thermometer\u00a0\u2013\u00a0 und vieles mehr.<br \/>\n&#8211; &#8211;<br \/>\n<div class=\"main-cross-sell\" data-asin=\"B076JJSXL8\">\n\n\t<div class=\"WooZone-cross-sell-loader\">\n\t\t<div>\n\t\t\t<div id=\"floatingBarsG\">\n\t\t\t\t<div class=\"blockG\" id=\"rotateG_01\"><\/div>\n\t\t\t\t<div class=\"blockG\" id=\"rotateG_02\"><\/div>\n\t\t\t\t<div class=\"blockG\" id=\"rotateG_03\"><\/div>\n\t\t\t\t<div class=\"blockG\" id=\"rotateG_04\"><\/div>\n\t\t\t\t<div class=\"blockG\" id=\"rotateG_05\"><\/div>\n\t\t\t\t<div class=\"blockG\" id=\"rotateG_06\"><\/div>\n\t\t\t\t<div class=\"blockG\" id=\"rotateG_07\"><\/div>\n\t\t\t\t<div class=\"blockG\" id=\"rotateG_08\"><\/div>\n\t\t\t<\/div>\n\t\t\t<div class=\"WooZone-cross-sell-loader-text\"><\/div>\n\t\t<\/div>\n\t<\/div>\n\n\t\t\n<\/div>\n<div style=\"clear:both;\"><\/div><\/p>\n","protected":false},"excerpt":{"rendered":"<p>Vielseitig einsetzbar, mit herausnehmbaren Trennw\u00e4nden\u00a0\u2013\u00a0passen Sie die Windeltasche Ihren spezifischen Bed\u00fcrfnissen an. Unsere Trennw\u00e4nde werden mit einem Klettverschluss befestigt, damit Sie sie einfach anbringen und entfernen k\u00f6nnen. Verwenden Sie die Trennw\u00e4nde, um Windeln und Feuchtt\u00fccher an ihrem Platz zu halten, oder entfernen Sie sie f\u00fcr gr\u00f6\u00dfere Gegenst\u00e4nde, wie Decken, Spielzeuge, B\u00fccher usw. Perfekte Gr\u00f6\u00dfe bei 33\u00a0cm x 22,9\u00a0cm x 17,8\u00a0cm mit 8\u00a0Au\u00dfentaschen.<br \/>\nHochwertige Qualit\u00e4t. 100% Filz mit stabilem Futter\u00a0\u2013\u00a0unsere Windeltasche ist aus 100% Filz, welcher der Tasche auch im leeren Zustand Stabilit\u00e4t verleiht. Die Windeltasche ist maschinenwaschbar.<br \/>\nIdeales Geschenk zur Babyparty\u00a0\u2013\u00a0sind Sie auf der Suche nach dem perfekten Geschenk? Die bonbino Windeltasche ist ein tolles Geschenk f\u00fcr werdende M\u00fctter. Plus, sie hat ein super cooles, luxuri\u00f6ses Design und kommt in einer Unisex Farbe.<\/p>\n","protected":false},"featured_media":28250,"comment_status":"open","ping_status":"closed","template":"","meta":[],"product_brand":[],"product_cat":[21,9520],"product_tag":[],"class_list":{"0":"post-28249","1":"product","2":"type-product","3":"status-publish","4":"has-post-thumbnail","6":"product_cat-baby","7":"product_cat-wickeln-baby","8":"pa_binding-elektronik","9":"pa_brand-bonbino","10":"pa_manufacturer-bonbino","12":"first","13":"instock","14":"shipping-taxable","15":"purchasable","16":"product-type-simple","17":"customify-col","18":"product-has-gallery"},"yoast_head":"<!-- This site is optimized with the Yoast SEO plugin v27.4 - https:\/\/yoast.com\/product\/yoast-seo-wordpress\/ -->\n<title>Baby-Windeltasche von bonbino \u2013 tragbare Windel-Aufbewahrungsbox mit austauschbaren F\u00e4chern. F\u00fcr Zuhause, im Auto &amp; im\u2026 - Markt-XXL<\/title>\n<meta name=\"description\" content=\"Markt-XXL Baby-Windeltasche von bonbino \u2013 tragbare Windel-Aufbewahrungsbox mit austauschbaren F\u00e4chern. F\u00fcr Zuhause, im Auto &amp; im\u2026\" \/>\n<meta name=\"robots\" content=\"index, follow, max-snippet:-1, max-image-preview:large, max-video-preview:-1\" \/>\n<link rel=\"canonical\" href=\"https:\/\/marktxxl.de\/markt\/produkt\/baby-windeltasche-von-bonbino-tragbare-windel-aufbewahrungsbox-mit-austauschbaren-faechern-fuer-zuhause-im-auto-im-kindergarten-organizer-fuer-windeln-und-feuchttuecher-royal\/\" \/>\n<meta property=\"og:locale\" content=\"de_DE\" \/>\n<meta property=\"og:type\" content=\"article\" \/>\n<meta property=\"og:title\" content=\"Baby-Windeltasche von bonbino \u2013 tragbare Windel-Aufbewahrungsbox mit austauschbaren F\u00e4chern. F\u00fcr Zuhause, im Auto &amp; im\u2026 - Markt-XXL\" \/>\n<meta property=\"og:description\" content=\"Markt-XXL Baby-Windeltasche von bonbino \u2013 tragbare Windel-Aufbewahrungsbox mit austauschbaren F\u00e4chern. F\u00fcr Zuhause, im Auto &amp; im\u2026\" \/>\n<meta property=\"og:url\" content=\"https:\/\/marktxxl.de\/markt\/produkt\/baby-windeltasche-von-bonbino-tragbare-windel-aufbewahrungsbox-mit-austauschbaren-faechern-fuer-zuhause-im-auto-im-kindergarten-organizer-fuer-windeln-und-feuchttuecher-royal\/\" \/>\n<meta property=\"og:site_name\" content=\"Markt-XXL\" \/>\n<meta property=\"article:modified_time\" content=\"2023-04-10T23:36:34+00:00\" \/>\n<meta property=\"og:image\" content=\"https:\/\/m.media-amazon.com\/images\/I\/51aLWvuw9iL._SL500_.jpg\" \/>\n\t<meta property=\"og:image:width\" content=\"500\" \/>\n\t<meta property=\"og:image:height\" content=\"500\" \/>\n\t<meta property=\"og:image:type\" content=\"image\/jpeg\" \/>\n<meta name=\"twitter:card\" content=\"summary_large_image\" \/>\n<meta name=\"twitter:label1\" content=\"Gesch\u00e4tzte Lesezeit\" \/>\n\t<meta name=\"twitter:data1\" content=\"1\u00a0Minute\" \/>\n<script type=\"application\/ld+json\" class=\"yoast-schema-graph\">{\"@context\":\"https:\\\/\\\/schema.org\",\"@graph\":[{\"@type\":\"WebPage\",\"@id\":\"https:\\\/\\\/marktxxl.de\\\/markt\\\/produkt\\\/baby-windeltasche-von-bonbino-tragbare-windel-aufbewahrungsbox-mit-austauschbaren-faechern-fuer-zuhause-im-auto-im-kindergarten-organizer-fuer-windeln-und-feuchttuecher-royal\\\/\",\"url\":\"https:\\\/\\\/marktxxl.de\\\/markt\\\/produkt\\\/baby-windeltasche-von-bonbino-tragbare-windel-aufbewahrungsbox-mit-austauschbaren-faechern-fuer-zuhause-im-auto-im-kindergarten-organizer-fuer-windeln-und-feuchttuecher-royal\\\/\",\"name\":\"Baby-Windeltasche von bonbino \u2013 tragbare Windel-Aufbewahrungsbox mit austauschbaren F\u00e4chern. F\u00fcr Zuhause, im Auto &amp; im\u2026 - Markt-XXL\",\"isPartOf\":{\"@id\":\"https:\\\/\\\/marktxxl.de\\\/markt\\\/#website\"},\"primaryImageOfPage\":{\"@id\":\"https:\\\/\\\/marktxxl.de\\\/markt\\\/produkt\\\/baby-windeltasche-von-bonbino-tragbare-windel-aufbewahrungsbox-mit-austauschbaren-faechern-fuer-zuhause-im-auto-im-kindergarten-organizer-fuer-windeln-und-feuchttuecher-royal\\\/#primaryimage\"},\"image\":{\"@id\":\"https:\\\/\\\/marktxxl.de\\\/markt\\\/produkt\\\/baby-windeltasche-von-bonbino-tragbare-windel-aufbewahrungsbox-mit-austauschbaren-faechern-fuer-zuhause-im-auto-im-kindergarten-organizer-fuer-windeln-und-feuchttuecher-royal\\\/#primaryimage\"},\"thumbnailUrl\":\"https:\\\/\\\/m.media-amazon.com\\\/images\\\/I\\\/51aLWvuw9iL._SL500_.jpg\",\"datePublished\":\"2021-09-12T19:56:22+00:00\",\"dateModified\":\"2023-04-10T23:36:34+00:00\",\"description\":\"Markt-XXL Baby-Windeltasche von bonbino \u2013 tragbare Windel-Aufbewahrungsbox mit austauschbaren F\u00e4chern. F\u00fcr Zuhause, im Auto &amp; im\u2026\",\"breadcrumb\":{\"@id\":\"https:\\\/\\\/marktxxl.de\\\/markt\\\/produkt\\\/baby-windeltasche-von-bonbino-tragbare-windel-aufbewahrungsbox-mit-austauschbaren-faechern-fuer-zuhause-im-auto-im-kindergarten-organizer-fuer-windeln-und-feuchttuecher-royal\\\/#breadcrumb\"},\"inLanguage\":\"de\",\"potentialAction\":[{\"@type\":\"ReadAction\",\"target\":[\"https:\\\/\\\/marktxxl.de\\\/markt\\\/produkt\\\/baby-windeltasche-von-bonbino-tragbare-windel-aufbewahrungsbox-mit-austauschbaren-faechern-fuer-zuhause-im-auto-im-kindergarten-organizer-fuer-windeln-und-feuchttuecher-royal\\\/\"]}]},{\"@type\":\"ImageObject\",\"inLanguage\":\"de\",\"@id\":\"https:\\\/\\\/marktxxl.de\\\/markt\\\/produkt\\\/baby-windeltasche-von-bonbino-tragbare-windel-aufbewahrungsbox-mit-austauschbaren-faechern-fuer-zuhause-im-auto-im-kindergarten-organizer-fuer-windeln-und-feuchttuecher-royal\\\/#primaryimage\",\"url\":\"https:\\\/\\\/m.media-amazon.com\\\/images\\\/I\\\/51aLWvuw9iL._SL500_.jpg\",\"contentUrl\":\"https:\\\/\\\/m.media-amazon.com\\\/images\\\/I\\\/51aLWvuw9iL._SL500_.jpg\",\"width\":500,\"height\":500},{\"@type\":\"BreadcrumbList\",\"@id\":\"https:\\\/\\\/marktxxl.de\\\/markt\\\/produkt\\\/baby-windeltasche-von-bonbino-tragbare-windel-aufbewahrungsbox-mit-austauschbaren-faechern-fuer-zuhause-im-auto-im-kindergarten-organizer-fuer-windeln-und-feuchttuecher-royal\\\/#breadcrumb\",\"itemListElement\":[{\"@type\":\"ListItem\",\"position\":1,\"name\":\"Startseite\",\"item\":\"https:\\\/\\\/marktxxl.de\\\/markt\\\/\"},{\"@type\":\"ListItem\",\"position\":2,\"name\":\"Markt\",\"item\":\"https:\\\/\\\/marktxxl.de\\\/markt\\\/\"},{\"@type\":\"ListItem\",\"position\":3,\"name\":\"Baby-Windeltasche von bonbino \u2013 tragbare Windel-Aufbewahrungsbox mit austauschbaren F\u00e4chern. F\u00fcr Zuhause, im Auto &amp; im\u2026\"}]},{\"@type\":\"WebSite\",\"@id\":\"https:\\\/\\\/marktxxl.de\\\/markt\\\/#website\",\"url\":\"https:\\\/\\\/marktxxl.de\\\/markt\\\/\",\"name\":\"Markt-XXL\",\"description\":\"Ihr Markt Online\",\"publisher\":{\"@id\":\"https:\\\/\\\/marktxxl.de\\\/markt\\\/#organization\"},\"potentialAction\":[{\"@type\":\"SearchAction\",\"target\":{\"@type\":\"EntryPoint\",\"urlTemplate\":\"https:\\\/\\\/marktxxl.de\\\/markt\\\/?s={search_term_string}\"},\"query-input\":{\"@type\":\"PropertyValueSpecification\",\"valueRequired\":true,\"valueName\":\"search_term_string\"}}],\"inLanguage\":\"de\"},{\"@type\":\"Organization\",\"@id\":\"https:\\\/\\\/marktxxl.de\\\/markt\\\/#organization\",\"name\":\"Markt-XXL\",\"url\":\"https:\\\/\\\/marktxxl.de\\\/markt\\\/\",\"logo\":{\"@type\":\"ImageObject\",\"inLanguage\":\"de\",\"@id\":\"https:\\\/\\\/marktxxl.de\\\/markt\\\/#\\\/schema\\\/logo\\\/image\\\/\",\"url\":\"https:\\\/\\\/marktxxl.de\\\/markt\\\/wp-content\\\/uploads\\\/sites\\\/3\\\/2020\\\/12\\\/logo.png\",\"contentUrl\":\"https:\\\/\\\/marktxxl.de\\\/markt\\\/wp-content\\\/uploads\\\/sites\\\/3\\\/2020\\\/12\\\/logo.png\",\"width\":200,\"height\":70,\"caption\":\"Markt-XXL\"},\"image\":{\"@id\":\"https:\\\/\\\/marktxxl.de\\\/markt\\\/#\\\/schema\\\/logo\\\/image\\\/\"}}]}<\/script>\n<!-- \/ Yoast SEO plugin. -->","yoast_head_json":{"title":"Baby-Windeltasche von bonbino \u2013 tragbare Windel-Aufbewahrungsbox mit austauschbaren F\u00e4chern. F\u00fcr Zuhause, im Auto &amp; im\u2026 - Markt-XXL","description":"Markt-XXL Baby-Windeltasche von bonbino \u2013 tragbare Windel-Aufbewahrungsbox mit austauschbaren F\u00e4chern. F\u00fcr Zuhause, im Auto &amp; im\u2026","robots":{"index":"index","follow":"follow","max-snippet":"max-snippet:-1","max-image-preview":"max-image-preview:large","max-video-preview":"max-video-preview:-1"},"canonical":"https:\/\/marktxxl.de\/markt\/produkt\/baby-windeltasche-von-bonbino-tragbare-windel-aufbewahrungsbox-mit-austauschbaren-faechern-fuer-zuhause-im-auto-im-kindergarten-organizer-fuer-windeln-und-feuchttuecher-royal\/","og_locale":"de_DE","og_type":"article","og_title":"Baby-Windeltasche von bonbino \u2013 tragbare Windel-Aufbewahrungsbox mit austauschbaren F\u00e4chern. F\u00fcr Zuhause, im Auto &amp; im\u2026 - Markt-XXL","og_description":"Markt-XXL Baby-Windeltasche von bonbino \u2013 tragbare Windel-Aufbewahrungsbox mit austauschbaren F\u00e4chern. F\u00fcr Zuhause, im Auto &amp; im\u2026","og_url":"https:\/\/marktxxl.de\/markt\/produkt\/baby-windeltasche-von-bonbino-tragbare-windel-aufbewahrungsbox-mit-austauschbaren-faechern-fuer-zuhause-im-auto-im-kindergarten-organizer-fuer-windeln-und-feuchttuecher-royal\/","og_site_name":"Markt-XXL","article_modified_time":"2023-04-10T23:36:34+00:00","og_image":[{"width":500,"height":500,"url":"https:\/\/m.media-amazon.com\/images\/I\/51aLWvuw9iL._SL500_.jpg","type":"image\/jpeg"}],"twitter_card":"summary_large_image","twitter_misc":{"Gesch\u00e4tzte Lesezeit":"1\u00a0Minute"},"schema":{"@context":"https:\/\/schema.org","@graph":[{"@type":"WebPage","@id":"https:\/\/marktxxl.de\/markt\/produkt\/baby-windeltasche-von-bonbino-tragbare-windel-aufbewahrungsbox-mit-austauschbaren-faechern-fuer-zuhause-im-auto-im-kindergarten-organizer-fuer-windeln-und-feuchttuecher-royal\/","url":"https:\/\/marktxxl.de\/markt\/produkt\/baby-windeltasche-von-bonbino-tragbare-windel-aufbewahrungsbox-mit-austauschbaren-faechern-fuer-zuhause-im-auto-im-kindergarten-organizer-fuer-windeln-und-feuchttuecher-royal\/","name":"Baby-Windeltasche von bonbino \u2013 tragbare Windel-Aufbewahrungsbox mit austauschbaren F\u00e4chern. F\u00fcr Zuhause, im Auto &amp; im\u2026 - Markt-XXL","isPartOf":{"@id":"https:\/\/marktxxl.de\/markt\/#website"},"primaryImageOfPage":{"@id":"https:\/\/marktxxl.de\/markt\/produkt\/baby-windeltasche-von-bonbino-tragbare-windel-aufbewahrungsbox-mit-austauschbaren-faechern-fuer-zuhause-im-auto-im-kindergarten-organizer-fuer-windeln-und-feuchttuecher-royal\/#primaryimage"},"image":{"@id":"https:\/\/marktxxl.de\/markt\/produkt\/baby-windeltasche-von-bonbino-tragbare-windel-aufbewahrungsbox-mit-austauschbaren-faechern-fuer-zuhause-im-auto-im-kindergarten-organizer-fuer-windeln-und-feuchttuecher-royal\/#primaryimage"},"thumbnailUrl":"https:\/\/m.media-amazon.com\/images\/I\/51aLWvuw9iL._SL500_.jpg","datePublished":"2021-09-12T19:56:22+00:00","dateModified":"2023-04-10T23:36:34+00:00","description":"Markt-XXL Baby-Windeltasche von bonbino \u2013 tragbare Windel-Aufbewahrungsbox mit austauschbaren F\u00e4chern. F\u00fcr Zuhause, im Auto &amp; im\u2026","breadcrumb":{"@id":"https:\/\/marktxxl.de\/markt\/produkt\/baby-windeltasche-von-bonbino-tragbare-windel-aufbewahrungsbox-mit-austauschbaren-faechern-fuer-zuhause-im-auto-im-kindergarten-organizer-fuer-windeln-und-feuchttuecher-royal\/#breadcrumb"},"inLanguage":"de","potentialAction":[{"@type":"ReadAction","target":["https:\/\/marktxxl.de\/markt\/produkt\/baby-windeltasche-von-bonbino-tragbare-windel-aufbewahrungsbox-mit-austauschbaren-faechern-fuer-zuhause-im-auto-im-kindergarten-organizer-fuer-windeln-und-feuchttuecher-royal\/"]}]},{"@type":"ImageObject","inLanguage":"de","@id":"https:\/\/marktxxl.de\/markt\/produkt\/baby-windeltasche-von-bonbino-tragbare-windel-aufbewahrungsbox-mit-austauschbaren-faechern-fuer-zuhause-im-auto-im-kindergarten-organizer-fuer-windeln-und-feuchttuecher-royal\/#primaryimage","url":"https:\/\/m.media-amazon.com\/images\/I\/51aLWvuw9iL._SL500_.jpg","contentUrl":"https:\/\/m.media-amazon.com\/images\/I\/51aLWvuw9iL._SL500_.jpg","width":500,"height":500},{"@type":"BreadcrumbList","@id":"https:\/\/marktxxl.de\/markt\/produkt\/baby-windeltasche-von-bonbino-tragbare-windel-aufbewahrungsbox-mit-austauschbaren-faechern-fuer-zuhause-im-auto-im-kindergarten-organizer-fuer-windeln-und-feuchttuecher-royal\/#breadcrumb","itemListElement":[{"@type":"ListItem","position":1,"name":"Startseite","item":"https:\/\/marktxxl.de\/markt\/"},{"@type":"ListItem","position":2,"name":"Markt","item":"https:\/\/marktxxl.de\/markt\/"},{"@type":"ListItem","position":3,"name":"Baby-Windeltasche von bonbino \u2013 tragbare Windel-Aufbewahrungsbox mit austauschbaren F\u00e4chern. F\u00fcr Zuhause, im Auto &amp; im\u2026"}]},{"@type":"WebSite","@id":"https:\/\/marktxxl.de\/markt\/#website","url":"https:\/\/marktxxl.de\/markt\/","name":"Markt-XXL","description":"Ihr Markt Online","publisher":{"@id":"https:\/\/marktxxl.de\/markt\/#organization"},"potentialAction":[{"@type":"SearchAction","target":{"@type":"EntryPoint","urlTemplate":"https:\/\/marktxxl.de\/markt\/?s={search_term_string}"},"query-input":{"@type":"PropertyValueSpecification","valueRequired":true,"valueName":"search_term_string"}}],"inLanguage":"de"},{"@type":"Organization","@id":"https:\/\/marktxxl.de\/markt\/#organization","name":"Markt-XXL","url":"https:\/\/marktxxl.de\/markt\/","logo":{"@type":"ImageObject","inLanguage":"de","@id":"https:\/\/marktxxl.de\/markt\/#\/schema\/logo\/image\/","url":"https:\/\/marktxxl.de\/markt\/wp-content\/uploads\/sites\/3\/2020\/12\/logo.png","contentUrl":"https:\/\/marktxxl.de\/markt\/wp-content\/uploads\/sites\/3\/2020\/12\/logo.png","width":200,"height":70,"caption":"Markt-XXL"},"image":{"@id":"https:\/\/marktxxl.de\/markt\/#\/schema\/logo\/image\/"}}]}},"_links":{"self":[{"href":"https:\/\/marktxxl.de\/markt\/wp-json\/wp\/v2\/product\/28249","targetHints":{"allow":["GET"]}}],"collection":[{"href":"https:\/\/marktxxl.de\/markt\/wp-json\/wp\/v2\/product"}],"about":[{"href":"https:\/\/marktxxl.de\/markt\/wp-json\/wp\/v2\/types\/product"}],"replies":[{"embeddable":true,"href":"https:\/\/marktxxl.de\/markt\/wp-json\/wp\/v2\/comments?post=28249"}],"wp:featuredmedia":[{"embeddable":true,"href":"https:\/\/marktxxl.de\/markt\/wp-json\/wp\/v2\/media\/28250"}],"wp:attachment":[{"href":"https:\/\/marktxxl.de\/markt\/wp-json\/wp\/v2\/media?parent=28249"}],"wp:term":[{"taxonomy":"product_brand","embeddable":true,"href":"https:\/\/marktxxl.de\/markt\/wp-json\/wp\/v2\/product_brand?post=28249"},{"taxonomy":"product_cat","embeddable":true,"href":"https:\/\/marktxxl.de\/markt\/wp-json\/wp\/v2\/product_cat?post=28249"},{"taxonomy":"product_tag","embeddable":true,"href":"https:\/\/marktxxl.de\/markt\/wp-json\/wp\/v2\/product_tag?post=28249"}],"curies":[{"name":"wp","href":"https:\/\/api.w.org\/{rel}","templated":true}]}}