{"id":28221,"date":"2021-09-12T21:56:00","date_gmt":"2021-09-12T19:56:00","guid":{"rendered":"https:\/\/marktxxl.de\/markt\/produkt\/milyfer-wickeltasche-rucksack-grosser-baby-wickelruchsack-wickeltaschen-multifunktional-wasserdichte-babytasche-mit-wickelauflage-schnullerhalter-und-kinderwagengurte-fuer-mama-und-papa-grau\/"},"modified":"2023-04-11T01:36:33","modified_gmt":"2023-04-10T23:36:33","slug":"milyfer-wickeltasche-rucksack-grosser-baby-wickelruchsack-wickeltaschen-multifunktional-wasserdichte-babytasche-mit-wickelauflage-schnullerhalter-und-kinderwagengurte-fuer-mama-und-papa-grau","status":"publish","type":"product","link":"https:\/\/marktxxl.de\/markt\/produkt\/milyfer-wickeltasche-rucksack-grosser-baby-wickelruchsack-wickeltaschen-multifunktional-wasserdichte-babytasche-mit-wickelauflage-schnullerhalter-und-kinderwagengurte-fuer-mama-und-papa-grau\/","title":{"rendered":"MILYFER Baby Wickelrucksack Wickeltasche Rucksack &#8211; Gro\u00dfer Babytaschen, Multifunktions Wickeltaschen mit Wickelauflage\u2026"},"content":{"rendered":"<p>?Was Sie bekommen: Ein Wickeltasche-Rucksack mit gro\u00dfer Kapazit\u00e4t(Gr\u00f6\u00dfe: 13,4 &#8220;x 8&#8243; x 17,3&#8221;), eine leicht abwischbare faltbare Wickelauflage(Gr\u00f6\u00dfe: 23 &#8220;x 15&#8243;), Kinderwagengurte und ein Schnulleretui. Zwei gro\u00dfe Rei\u00dfverschlussf\u00e4cher plus 19 zug\u00e4ngliche, gut dimensionierte Taschen f\u00fcr die meisten Babyutensilien und sehen trotzdem perfekt organisiert und kompakt aus.<br \/>\n?Gut organisierte Struktur: Das Innere unserer Babytasche enth\u00e4lt eine gepolsterte Tasche f\u00fcr Laptop bis 15.6&#8221; , Tasche Organisatoren und andere Organisation Wesentliches Netz Pflegen Sie die Temperatur Ihrer Babyflasche in den isolierten Taschen, ein einfacher Zugang Ihre Schl\u00fcssel und Geldbeutel in. die \u00e4ussersten Tasche, schnell greift eine Windel aus dem Netz Windel Veranstaltern und Anti-Diebstahl-R\u00fcckentasche f\u00fcr die Aufbewahrung von Wertsachen, jedes Element hat seinen Platz.<br \/>\n?Haltbarkeit &amp; Praktikabilit\u00e4t: Unsere Umstandsrucksack-Babytasche sind aus rei\u00dffestem und wasserdichtem Stoff gefertigt. Verbesserte starke und dennoch glatte Rei\u00dfverschl\u00fcsse, die dem langfristigen t\u00e4glichen Gebrauch standhalten, ohne sich zu l\u00f6sen. Verst\u00e4rkungsn\u00e4hte in Schultergurten und Griff sorgen f\u00fcr die Strapazierf\u00e4higkeit dieses Rucksacks, gepolsterte Schultergurte bauen Stress ab und bringen Komfort beim Tragen.<br \/>\n?Bequem und durchdacht &#8211; Dank der extra breiten \u00d6ffnung k\u00f6nnen Sie in diesem Wickelrucksack das Wesentliche mit einer Hand leicht finden. Praktische Kinderwagenclips erm\u00f6glichen es Ihnen, diese Wickeltasche als Rucksack, Handtasche oder an Ihrem Kinderwagen zu tragen.<br \/>\n\u2764\ufe0fMehr als ein Wickeltasche Rucksack: Das stilvolle und unisex-Design macht die Babytasche zu einer guten Wahl f\u00fcr Mama und Papa. Elegantes und praktisches Design macht es f\u00fcr viele Gelegenheiten wie Einkaufen, Reisen usw. geeignet. Es wird sogar ein gro\u00dfartiges St\u00fcck Handgep\u00e4ckrucksack \u00fcber das Kleinkindalter hinaus.<br \/>\n<div class=\"main-cross-sell\" data-asin=\"B095HRJJMV\">\n\n\t<div class=\"WooZone-cross-sell-loader\">\n\t\t<div>\n\t\t\t<div id=\"floatingBarsG\">\n\t\t\t\t<div class=\"blockG\" id=\"rotateG_01\"><\/div>\n\t\t\t\t<div class=\"blockG\" id=\"rotateG_02\"><\/div>\n\t\t\t\t<div class=\"blockG\" id=\"rotateG_03\"><\/div>\n\t\t\t\t<div class=\"blockG\" id=\"rotateG_04\"><\/div>\n\t\t\t\t<div class=\"blockG\" id=\"rotateG_05\"><\/div>\n\t\t\t\t<div class=\"blockG\" id=\"rotateG_06\"><\/div>\n\t\t\t\t<div class=\"blockG\" id=\"rotateG_07\"><\/div>\n\t\t\t\t<div class=\"blockG\" id=\"rotateG_08\"><\/div>\n\t\t\t<\/div>\n\t\t\t<div class=\"WooZone-cross-sell-loader-text\"><\/div>\n\t\t<\/div>\n\t<\/div>\n\n\t\t\n<\/div>\n<div style=\"clear:both;\"><\/div><\/p>\n","protected":false},"excerpt":{"rendered":"<p>?Was Sie bekommen: Ein Wickeltasche-Rucksack mit gro\u00dfer Kapazit\u00e4t(Gr\u00f6\u00dfe: 13,4 &#8220;x 8&#8243; x 17,3&#8221;), eine leicht abwischbare faltbare Wickelauflage(Gr\u00f6\u00dfe: 23 &#8220;x 15&#8243;), Kinderwagengurte und ein Schnulleretui. Zwei gro\u00dfe Rei\u00dfverschlussf\u00e4cher plus 19 zug\u00e4ngliche, gut dimensionierte Taschen f\u00fcr die meisten Babyutensilien und sehen trotzdem perfekt organisiert und kompakt aus.<br \/>\n?Gut organisierte Struktur: Das Innere unserer Babytasche enth\u00e4lt eine gepolsterte Tasche f\u00fcr Laptop bis 15.6&#8221; , Tasche Organisatoren und andere Organisation Wesentliches Netz Pflegen Sie die Temperatur Ihrer Babyflasche in den isolierten Taschen, ein einfacher Zugang Ihre Schl\u00fcssel und Geldbeutel in. die \u00e4ussersten Tasche, schnell greift eine Windel aus dem Netz Windel Veranstaltern und Anti-Diebstahl-R\u00fcckentasche f\u00fcr die Aufbewahrung von Wertsachen, jedes Element hat seinen Platz.<br \/>\n?Haltbarkeit &amp; Praktikabilit\u00e4t: Unsere Umstandsrucksack-Babytasche sind aus rei\u00dffestem und wasserdichtem Stoff gefertigt. Verbesserte starke und dennoch glatte Rei\u00dfverschl\u00fcsse, die dem langfristigen t\u00e4glichen Gebrauch standhalten, ohne sich zu l\u00f6sen. Verst\u00e4rkungsn\u00e4hte in Schultergurten und Griff sorgen f\u00fcr die Strapazierf\u00e4higkeit dieses Rucksacks, gepolsterte Schultergurte bauen Stress ab und bringen Komfort beim Tragen.<\/p>\n","protected":false},"featured_media":28222,"comment_status":"open","ping_status":"closed","template":"","meta":[],"product_brand":[],"product_cat":[21,9520],"product_tag":[],"class_list":{"0":"post-28221","1":"product","2":"type-product","3":"status-publish","4":"has-post-thumbnail","6":"product_cat-baby","7":"product_cat-wickeln-baby","8":"pa_binding-babyartikel","9":"pa_brand-milyfer","10":"pa_color-grau","11":"pa_size-1-stueck-1er-pack","13":"first","14":"instock","15":"shipping-taxable","16":"purchasable","17":"product-type-simple","18":"customify-col","19":"product-has-gallery"},"yoast_head":"<!-- This site is optimized with the Yoast SEO plugin v27.4 - https:\/\/yoast.com\/product\/yoast-seo-wordpress\/ -->\n<title>MILYFER Baby Wickelrucksack Wickeltasche Rucksack - Gro\u00dfer Babytaschen, Multifunktions Wickeltaschen mit Wickelauflage\u2026 - Markt-XXL<\/title>\n<meta name=\"description\" content=\"Markt-XXL MILYFER Baby Wickelrucksack Wickeltasche Rucksack - Gro\u00dfer Babytaschen, Multifunktions Wickeltaschen mit Wickelauflage\u2026\" \/>\n<meta name=\"robots\" content=\"index, follow, max-snippet:-1, max-image-preview:large, max-video-preview:-1\" \/>\n<link rel=\"canonical\" href=\"https:\/\/marktxxl.de\/markt\/produkt\/milyfer-wickeltasche-rucksack-grosser-baby-wickelruchsack-wickeltaschen-multifunktional-wasserdichte-babytasche-mit-wickelauflage-schnullerhalter-und-kinderwagengurte-fuer-mama-und-papa-grau\/\" \/>\n<meta property=\"og:locale\" content=\"de_DE\" \/>\n<meta property=\"og:type\" content=\"article\" \/>\n<meta property=\"og:title\" content=\"MILYFER Baby Wickelrucksack Wickeltasche Rucksack - Gro\u00dfer Babytaschen, Multifunktions Wickeltaschen mit Wickelauflage\u2026 - Markt-XXL\" \/>\n<meta property=\"og:description\" content=\"Markt-XXL MILYFER Baby Wickelrucksack Wickeltasche Rucksack - Gro\u00dfer Babytaschen, Multifunktions Wickeltaschen mit Wickelauflage\u2026\" \/>\n<meta property=\"og:url\" content=\"https:\/\/marktxxl.de\/markt\/produkt\/milyfer-wickeltasche-rucksack-grosser-baby-wickelruchsack-wickeltaschen-multifunktional-wasserdichte-babytasche-mit-wickelauflage-schnullerhalter-und-kinderwagengurte-fuer-mama-und-papa-grau\/\" \/>\n<meta property=\"og:site_name\" content=\"Markt-XXL\" \/>\n<meta property=\"article:modified_time\" content=\"2023-04-10T23:36:33+00:00\" \/>\n<meta property=\"og:image\" content=\"https:\/\/m.media-amazon.com\/images\/I\/51yav0dEVHL._SL500_.jpg\" \/>\n\t<meta property=\"og:image:width\" content=\"500\" \/>\n\t<meta property=\"og:image:height\" content=\"500\" \/>\n\t<meta property=\"og:image:type\" content=\"image\/jpeg\" \/>\n<meta name=\"twitter:card\" content=\"summary_large_image\" \/>\n<meta name=\"twitter:label1\" content=\"Gesch\u00e4tzte Lesezeit\" \/>\n\t<meta name=\"twitter:data1\" content=\"1\u00a0Minute\" \/>\n<script type=\"application\/ld+json\" class=\"yoast-schema-graph\">{\"@context\":\"https:\\\/\\\/schema.org\",\"@graph\":[{\"@type\":\"WebPage\",\"@id\":\"https:\\\/\\\/marktxxl.de\\\/markt\\\/produkt\\\/milyfer-wickeltasche-rucksack-grosser-baby-wickelruchsack-wickeltaschen-multifunktional-wasserdichte-babytasche-mit-wickelauflage-schnullerhalter-und-kinderwagengurte-fuer-mama-und-papa-grau\\\/\",\"url\":\"https:\\\/\\\/marktxxl.de\\\/markt\\\/produkt\\\/milyfer-wickeltasche-rucksack-grosser-baby-wickelruchsack-wickeltaschen-multifunktional-wasserdichte-babytasche-mit-wickelauflage-schnullerhalter-und-kinderwagengurte-fuer-mama-und-papa-grau\\\/\",\"name\":\"MILYFER Baby Wickelrucksack Wickeltasche Rucksack - Gro\u00dfer Babytaschen, Multifunktions Wickeltaschen mit Wickelauflage\u2026 - Markt-XXL\",\"isPartOf\":{\"@id\":\"https:\\\/\\\/marktxxl.de\\\/markt\\\/#website\"},\"primaryImageOfPage\":{\"@id\":\"https:\\\/\\\/marktxxl.de\\\/markt\\\/produkt\\\/milyfer-wickeltasche-rucksack-grosser-baby-wickelruchsack-wickeltaschen-multifunktional-wasserdichte-babytasche-mit-wickelauflage-schnullerhalter-und-kinderwagengurte-fuer-mama-und-papa-grau\\\/#primaryimage\"},\"image\":{\"@id\":\"https:\\\/\\\/marktxxl.de\\\/markt\\\/produkt\\\/milyfer-wickeltasche-rucksack-grosser-baby-wickelruchsack-wickeltaschen-multifunktional-wasserdichte-babytasche-mit-wickelauflage-schnullerhalter-und-kinderwagengurte-fuer-mama-und-papa-grau\\\/#primaryimage\"},\"thumbnailUrl\":\"https:\\\/\\\/m.media-amazon.com\\\/images\\\/I\\\/51yav0dEVHL._SL500_.jpg\",\"datePublished\":\"2021-09-12T19:56:00+00:00\",\"dateModified\":\"2023-04-10T23:36:33+00:00\",\"description\":\"Markt-XXL MILYFER Baby Wickelrucksack Wickeltasche Rucksack - Gro\u00dfer Babytaschen, Multifunktions Wickeltaschen mit Wickelauflage\u2026\",\"breadcrumb\":{\"@id\":\"https:\\\/\\\/marktxxl.de\\\/markt\\\/produkt\\\/milyfer-wickeltasche-rucksack-grosser-baby-wickelruchsack-wickeltaschen-multifunktional-wasserdichte-babytasche-mit-wickelauflage-schnullerhalter-und-kinderwagengurte-fuer-mama-und-papa-grau\\\/#breadcrumb\"},\"inLanguage\":\"de\",\"potentialAction\":[{\"@type\":\"ReadAction\",\"target\":[\"https:\\\/\\\/marktxxl.de\\\/markt\\\/produkt\\\/milyfer-wickeltasche-rucksack-grosser-baby-wickelruchsack-wickeltaschen-multifunktional-wasserdichte-babytasche-mit-wickelauflage-schnullerhalter-und-kinderwagengurte-fuer-mama-und-papa-grau\\\/\"]}]},{\"@type\":\"ImageObject\",\"inLanguage\":\"de\",\"@id\":\"https:\\\/\\\/marktxxl.de\\\/markt\\\/produkt\\\/milyfer-wickeltasche-rucksack-grosser-baby-wickelruchsack-wickeltaschen-multifunktional-wasserdichte-babytasche-mit-wickelauflage-schnullerhalter-und-kinderwagengurte-fuer-mama-und-papa-grau\\\/#primaryimage\",\"url\":\"https:\\\/\\\/m.media-amazon.com\\\/images\\\/I\\\/51yav0dEVHL._SL500_.jpg\",\"contentUrl\":\"https:\\\/\\\/m.media-amazon.com\\\/images\\\/I\\\/51yav0dEVHL._SL500_.jpg\",\"width\":500,\"height\":500},{\"@type\":\"BreadcrumbList\",\"@id\":\"https:\\\/\\\/marktxxl.de\\\/markt\\\/produkt\\\/milyfer-wickeltasche-rucksack-grosser-baby-wickelruchsack-wickeltaschen-multifunktional-wasserdichte-babytasche-mit-wickelauflage-schnullerhalter-und-kinderwagengurte-fuer-mama-und-papa-grau\\\/#breadcrumb\",\"itemListElement\":[{\"@type\":\"ListItem\",\"position\":1,\"name\":\"Startseite\",\"item\":\"https:\\\/\\\/marktxxl.de\\\/markt\\\/\"},{\"@type\":\"ListItem\",\"position\":2,\"name\":\"Markt\",\"item\":\"https:\\\/\\\/marktxxl.de\\\/markt\\\/\"},{\"@type\":\"ListItem\",\"position\":3,\"name\":\"MILYFER Baby Wickelrucksack Wickeltasche Rucksack &#8211; Gro\u00dfer Babytaschen, Multifunktions Wickeltaschen mit Wickelauflage\u2026\"}]},{\"@type\":\"WebSite\",\"@id\":\"https:\\\/\\\/marktxxl.de\\\/markt\\\/#website\",\"url\":\"https:\\\/\\\/marktxxl.de\\\/markt\\\/\",\"name\":\"Markt-XXL\",\"description\":\"Ihr Markt Online\",\"publisher\":{\"@id\":\"https:\\\/\\\/marktxxl.de\\\/markt\\\/#organization\"},\"potentialAction\":[{\"@type\":\"SearchAction\",\"target\":{\"@type\":\"EntryPoint\",\"urlTemplate\":\"https:\\\/\\\/marktxxl.de\\\/markt\\\/?s={search_term_string}\"},\"query-input\":{\"@type\":\"PropertyValueSpecification\",\"valueRequired\":true,\"valueName\":\"search_term_string\"}}],\"inLanguage\":\"de\"},{\"@type\":\"Organization\",\"@id\":\"https:\\\/\\\/marktxxl.de\\\/markt\\\/#organization\",\"name\":\"Markt-XXL\",\"url\":\"https:\\\/\\\/marktxxl.de\\\/markt\\\/\",\"logo\":{\"@type\":\"ImageObject\",\"inLanguage\":\"de\",\"@id\":\"https:\\\/\\\/marktxxl.de\\\/markt\\\/#\\\/schema\\\/logo\\\/image\\\/\",\"url\":\"https:\\\/\\\/marktxxl.de\\\/markt\\\/wp-content\\\/uploads\\\/sites\\\/3\\\/2020\\\/12\\\/logo.png\",\"contentUrl\":\"https:\\\/\\\/marktxxl.de\\\/markt\\\/wp-content\\\/uploads\\\/sites\\\/3\\\/2020\\\/12\\\/logo.png\",\"width\":200,\"height\":70,\"caption\":\"Markt-XXL\"},\"image\":{\"@id\":\"https:\\\/\\\/marktxxl.de\\\/markt\\\/#\\\/schema\\\/logo\\\/image\\\/\"}}]}<\/script>\n<!-- \/ Yoast SEO plugin. -->","yoast_head_json":{"title":"MILYFER Baby Wickelrucksack Wickeltasche Rucksack - Gro\u00dfer Babytaschen, Multifunktions Wickeltaschen mit Wickelauflage\u2026 - Markt-XXL","description":"Markt-XXL MILYFER Baby Wickelrucksack Wickeltasche Rucksack - Gro\u00dfer Babytaschen, Multifunktions Wickeltaschen mit Wickelauflage\u2026","robots":{"index":"index","follow":"follow","max-snippet":"max-snippet:-1","max-image-preview":"max-image-preview:large","max-video-preview":"max-video-preview:-1"},"canonical":"https:\/\/marktxxl.de\/markt\/produkt\/milyfer-wickeltasche-rucksack-grosser-baby-wickelruchsack-wickeltaschen-multifunktional-wasserdichte-babytasche-mit-wickelauflage-schnullerhalter-und-kinderwagengurte-fuer-mama-und-papa-grau\/","og_locale":"de_DE","og_type":"article","og_title":"MILYFER Baby Wickelrucksack Wickeltasche Rucksack - Gro\u00dfer Babytaschen, Multifunktions Wickeltaschen mit Wickelauflage\u2026 - Markt-XXL","og_description":"Markt-XXL MILYFER Baby Wickelrucksack Wickeltasche Rucksack - Gro\u00dfer Babytaschen, Multifunktions Wickeltaschen mit Wickelauflage\u2026","og_url":"https:\/\/marktxxl.de\/markt\/produkt\/milyfer-wickeltasche-rucksack-grosser-baby-wickelruchsack-wickeltaschen-multifunktional-wasserdichte-babytasche-mit-wickelauflage-schnullerhalter-und-kinderwagengurte-fuer-mama-und-papa-grau\/","og_site_name":"Markt-XXL","article_modified_time":"2023-04-10T23:36:33+00:00","og_image":[{"width":500,"height":500,"url":"https:\/\/m.media-amazon.com\/images\/I\/51yav0dEVHL._SL500_.jpg","type":"image\/jpeg"}],"twitter_card":"summary_large_image","twitter_misc":{"Gesch\u00e4tzte Lesezeit":"1\u00a0Minute"},"schema":{"@context":"https:\/\/schema.org","@graph":[{"@type":"WebPage","@id":"https:\/\/marktxxl.de\/markt\/produkt\/milyfer-wickeltasche-rucksack-grosser-baby-wickelruchsack-wickeltaschen-multifunktional-wasserdichte-babytasche-mit-wickelauflage-schnullerhalter-und-kinderwagengurte-fuer-mama-und-papa-grau\/","url":"https:\/\/marktxxl.de\/markt\/produkt\/milyfer-wickeltasche-rucksack-grosser-baby-wickelruchsack-wickeltaschen-multifunktional-wasserdichte-babytasche-mit-wickelauflage-schnullerhalter-und-kinderwagengurte-fuer-mama-und-papa-grau\/","name":"MILYFER Baby Wickelrucksack Wickeltasche Rucksack - Gro\u00dfer Babytaschen, Multifunktions Wickeltaschen mit Wickelauflage\u2026 - Markt-XXL","isPartOf":{"@id":"https:\/\/marktxxl.de\/markt\/#website"},"primaryImageOfPage":{"@id":"https:\/\/marktxxl.de\/markt\/produkt\/milyfer-wickeltasche-rucksack-grosser-baby-wickelruchsack-wickeltaschen-multifunktional-wasserdichte-babytasche-mit-wickelauflage-schnullerhalter-und-kinderwagengurte-fuer-mama-und-papa-grau\/#primaryimage"},"image":{"@id":"https:\/\/marktxxl.de\/markt\/produkt\/milyfer-wickeltasche-rucksack-grosser-baby-wickelruchsack-wickeltaschen-multifunktional-wasserdichte-babytasche-mit-wickelauflage-schnullerhalter-und-kinderwagengurte-fuer-mama-und-papa-grau\/#primaryimage"},"thumbnailUrl":"https:\/\/m.media-amazon.com\/images\/I\/51yav0dEVHL._SL500_.jpg","datePublished":"2021-09-12T19:56:00+00:00","dateModified":"2023-04-10T23:36:33+00:00","description":"Markt-XXL MILYFER Baby Wickelrucksack Wickeltasche Rucksack - Gro\u00dfer Babytaschen, Multifunktions Wickeltaschen mit Wickelauflage\u2026","breadcrumb":{"@id":"https:\/\/marktxxl.de\/markt\/produkt\/milyfer-wickeltasche-rucksack-grosser-baby-wickelruchsack-wickeltaschen-multifunktional-wasserdichte-babytasche-mit-wickelauflage-schnullerhalter-und-kinderwagengurte-fuer-mama-und-papa-grau\/#breadcrumb"},"inLanguage":"de","potentialAction":[{"@type":"ReadAction","target":["https:\/\/marktxxl.de\/markt\/produkt\/milyfer-wickeltasche-rucksack-grosser-baby-wickelruchsack-wickeltaschen-multifunktional-wasserdichte-babytasche-mit-wickelauflage-schnullerhalter-und-kinderwagengurte-fuer-mama-und-papa-grau\/"]}]},{"@type":"ImageObject","inLanguage":"de","@id":"https:\/\/marktxxl.de\/markt\/produkt\/milyfer-wickeltasche-rucksack-grosser-baby-wickelruchsack-wickeltaschen-multifunktional-wasserdichte-babytasche-mit-wickelauflage-schnullerhalter-und-kinderwagengurte-fuer-mama-und-papa-grau\/#primaryimage","url":"https:\/\/m.media-amazon.com\/images\/I\/51yav0dEVHL._SL500_.jpg","contentUrl":"https:\/\/m.media-amazon.com\/images\/I\/51yav0dEVHL._SL500_.jpg","width":500,"height":500},{"@type":"BreadcrumbList","@id":"https:\/\/marktxxl.de\/markt\/produkt\/milyfer-wickeltasche-rucksack-grosser-baby-wickelruchsack-wickeltaschen-multifunktional-wasserdichte-babytasche-mit-wickelauflage-schnullerhalter-und-kinderwagengurte-fuer-mama-und-papa-grau\/#breadcrumb","itemListElement":[{"@type":"ListItem","position":1,"name":"Startseite","item":"https:\/\/marktxxl.de\/markt\/"},{"@type":"ListItem","position":2,"name":"Markt","item":"https:\/\/marktxxl.de\/markt\/"},{"@type":"ListItem","position":3,"name":"MILYFER Baby Wickelrucksack Wickeltasche Rucksack &#8211; Gro\u00dfer Babytaschen, Multifunktions Wickeltaschen mit Wickelauflage\u2026"}]},{"@type":"WebSite","@id":"https:\/\/marktxxl.de\/markt\/#website","url":"https:\/\/marktxxl.de\/markt\/","name":"Markt-XXL","description":"Ihr Markt Online","publisher":{"@id":"https:\/\/marktxxl.de\/markt\/#organization"},"potentialAction":[{"@type":"SearchAction","target":{"@type":"EntryPoint","urlTemplate":"https:\/\/marktxxl.de\/markt\/?s={search_term_string}"},"query-input":{"@type":"PropertyValueSpecification","valueRequired":true,"valueName":"search_term_string"}}],"inLanguage":"de"},{"@type":"Organization","@id":"https:\/\/marktxxl.de\/markt\/#organization","name":"Markt-XXL","url":"https:\/\/marktxxl.de\/markt\/","logo":{"@type":"ImageObject","inLanguage":"de","@id":"https:\/\/marktxxl.de\/markt\/#\/schema\/logo\/image\/","url":"https:\/\/marktxxl.de\/markt\/wp-content\/uploads\/sites\/3\/2020\/12\/logo.png","contentUrl":"https:\/\/marktxxl.de\/markt\/wp-content\/uploads\/sites\/3\/2020\/12\/logo.png","width":200,"height":70,"caption":"Markt-XXL"},"image":{"@id":"https:\/\/marktxxl.de\/markt\/#\/schema\/logo\/image\/"}}]}},"_links":{"self":[{"href":"https:\/\/marktxxl.de\/markt\/wp-json\/wp\/v2\/product\/28221","targetHints":{"allow":["GET"]}}],"collection":[{"href":"https:\/\/marktxxl.de\/markt\/wp-json\/wp\/v2\/product"}],"about":[{"href":"https:\/\/marktxxl.de\/markt\/wp-json\/wp\/v2\/types\/product"}],"replies":[{"embeddable":true,"href":"https:\/\/marktxxl.de\/markt\/wp-json\/wp\/v2\/comments?post=28221"}],"wp:featuredmedia":[{"embeddable":true,"href":"https:\/\/marktxxl.de\/markt\/wp-json\/wp\/v2\/media\/28222"}],"wp:attachment":[{"href":"https:\/\/marktxxl.de\/markt\/wp-json\/wp\/v2\/media?parent=28221"}],"wp:term":[{"taxonomy":"product_brand","embeddable":true,"href":"https:\/\/marktxxl.de\/markt\/wp-json\/wp\/v2\/product_brand?post=28221"},{"taxonomy":"product_cat","embeddable":true,"href":"https:\/\/marktxxl.de\/markt\/wp-json\/wp\/v2\/product_cat?post=28221"},{"taxonomy":"product_tag","embeddable":true,"href":"https:\/\/marktxxl.de\/markt\/wp-json\/wp\/v2\/product_tag?post=28221"}],"curies":[{"name":"wp","href":"https:\/\/api.w.org\/{rel}","templated":true}]}}