{"id":28056,"date":"2021-09-12T21:50:45","date_gmt":"2021-09-12T19:50:45","guid":{"rendered":"https:\/\/marktxxl.de\/markt\/produkt\/angelbliss-grau-2er-pack-tritthocker-fuer-kinderanti-rutsch-trittschemel-2-stufigzweistufiger-tritthocker\/"},"modified":"2023-04-11T01:36:31","modified_gmt":"2023-04-10T23:36:31","slug":"angelbliss-grau-2er-pack-tritthocker-fuer-kinderanti-rutsch-trittschemel-2-stufigzweistufiger-tritthocker","status":"publish","type":"product","link":"https:\/\/marktxxl.de\/markt\/produkt\/angelbliss-grau-2er-pack-tritthocker-fuer-kinderanti-rutsch-trittschemel-2-stufigzweistufiger-tritthocker\/","title":{"rendered":"Angelbliss (Grau 2er Pack) Tritthocker f\u00fcr Kinder, Anti-rutsch Trittschemel-2-Stufig, Zweistufiger Tritthocker"},"content":{"rendered":"<p>Robust und patentiert: Mit starken Anti-Rutsch-Eins\u00e4tzen aus Gummi an allen vier Ecken unserer Tritthocker, um die Stabilit\u00e4t des Hockers zu gew\u00e4hrleisten. Und unsere graue Softgrip-Gummioberfl\u00e4che mit jedem Schritt bietet Ihrem Kind ein zus\u00e4tzliches Ma\u00df an Sicherheit und Komfort. Geben Sie ihnen den n\u00f6tigen Schub mit unserem Tritthocker Angelbliss.<br \/>\nSicheres Material: ungiftig PP material, BPA frei, sicher f\u00fcr babys, erlauben lange zeit verwenden. Unser Baby Steps Hocker ist werksseitig getestet und wir sind sicher, dass Ihr Baby ihn absolut lieben wird.<br \/>\nLanglebig und leicht: Die zweistufigen Hocker von Angelbliss sind tragbar, stapelbar und f\u00fcr eine lange Lebensdauer ausgelegt. Sie verf\u00fcgen \u00fcber eine verst\u00e4rkte Kunststoffbasis, die bis zu 30 kg tragen kann. Der erste Schritt ist 5,5 &#8220;hoch und der zweite Schritt erm\u00f6glicht es Ihrem Kleinen, auf 10,5&#8221; hoch zu steigen. Diese vielseitigen Mehrzweckst\u00fchle k\u00f6nnen \u00fcberall im Haus verwendet werden und geben Ihren Kleinkindern und Kindern den zus\u00e4tzlichen Schub, den sie f\u00fcr viele Jahre ben\u00f6tigen.<br \/>\nMachen Sie Kinder unabh\u00e4ngig: Unser Design mit doppelter H\u00f6he und breiten Stufen, einer der doppelten Stufenhocker, hilft Kindern beim T\u00f6pfchentraining, beim H\u00e4ndewaschen im Waschbecken und ein anderer kann in der K\u00fcche oder im Schrank platziert werden, damit Ihr Kind leicht Gegenst\u00e4nde bekommt , leicht zu Ihrem Kind mehr Unabh\u00e4ngigkeit zu helfen.<br \/>\nHervorragend f\u00fcr das T\u00f6pfchentraining geeignet: In Kombination mit unserem passenden Toilettensitz macht unser Tritthocker das T\u00f6pfchentraining zum Kinderspiel! Dieses Set ist in neutralen Grau- und Wei\u00dft\u00f6nen gehalten und f\u00fcgt sich nahtlos in jedes Badezimmer ein.<br \/>\n<div class=\"main-cross-sell\" data-asin=\"B07VXTCCMG\">\n\n\t<div class=\"WooZone-cross-sell-loader\">\n\t\t<div>\n\t\t\t<div id=\"floatingBarsG\">\n\t\t\t\t<div class=\"blockG\" id=\"rotateG_01\"><\/div>\n\t\t\t\t<div class=\"blockG\" id=\"rotateG_02\"><\/div>\n\t\t\t\t<div class=\"blockG\" id=\"rotateG_03\"><\/div>\n\t\t\t\t<div class=\"blockG\" id=\"rotateG_04\"><\/div>\n\t\t\t\t<div class=\"blockG\" id=\"rotateG_05\"><\/div>\n\t\t\t\t<div class=\"blockG\" id=\"rotateG_06\"><\/div>\n\t\t\t\t<div class=\"blockG\" id=\"rotateG_07\"><\/div>\n\t\t\t\t<div class=\"blockG\" id=\"rotateG_08\"><\/div>\n\t\t\t<\/div>\n\t\t\t<div class=\"WooZone-cross-sell-loader-text\"><\/div>\n\t\t<\/div>\n\t<\/div>\n\n\t\t\n<\/div>\n<div style=\"clear:both;\"><\/div><\/p>\n","protected":false},"excerpt":{"rendered":"<p>Robust und patentiert: Mit starken Anti-Rutsch-Eins\u00e4tzen aus Gummi an allen vier Ecken unserer Tritthocker, um die Stabilit\u00e4t des Hockers zu gew\u00e4hrleisten. Und unsere graue Softgrip-Gummioberfl\u00e4che mit jedem Schritt bietet Ihrem Kind ein zus\u00e4tzliches Ma\u00df an Sicherheit und Komfort. Geben Sie ihnen den n\u00f6tigen Schub mit unserem Tritthocker Angelbliss.<br \/>\nSicheres Material: ungiftig PP material, BPA frei, sicher f\u00fcr babys, erlauben lange zeit verwenden. Unser Baby Steps Hocker ist werksseitig getestet und wir sind sicher, dass Ihr Baby ihn absolut lieben wird.<br \/>\nLanglebig und leicht: Die zweistufigen Hocker von Angelbliss sind tragbar, stapelbar und f\u00fcr eine lange Lebensdauer ausgelegt. Sie verf\u00fcgen \u00fcber eine verst\u00e4rkte Kunststoffbasis, die bis zu 30 kg tragen kann. Der erste Schritt ist 5,5 &#8220;hoch und der zweite Schritt erm\u00f6glicht es Ihrem Kleinen, auf 10,5&#8221; hoch zu steigen. Diese vielseitigen Mehrzweckst\u00fchle k\u00f6nnen \u00fcberall im Haus verwendet werden und geben Ihren Kleinkindern und Kindern den zus\u00e4tzlichen Schub, den sie f\u00fcr viele Jahre ben\u00f6tigen.<\/p>\n","protected":false},"featured_media":28057,"comment_status":"open","ping_status":"closed","template":"","meta":[],"product_brand":[],"product_cat":[21,9437],"product_tag":[],"class_list":{"0":"post-28056","1":"product","2":"type-product","3":"status-publish","4":"has-post-thumbnail","6":"product_cat-baby","7":"product_cat-toepfchen-trittschemel-baby","8":"pa_binding-babyartikel","9":"pa_brand-angelbliss","10":"pa_color-blanc","11":"pa_height-14-56-zoll","12":"pa_length-12-59-zoll","13":"pa_manufacturer-angelbliss","14":"pa_model-12945","15":"pa_size-2-stueck-1er-pack","16":"pa_weight-1-9-pfund","17":"pa_width-10-62-zoll","19":"first","20":"instock","21":"shipping-taxable","22":"purchasable","23":"product-type-simple","24":"customify-col","25":"product-has-gallery"},"yoast_head":"<!-- This site is optimized with the Yoast SEO plugin v27.4 - https:\/\/yoast.com\/product\/yoast-seo-wordpress\/ -->\n<title>Angelbliss (Grau 2er Pack) Tritthocker f\u00fcr Kinder, Anti-rutsch Trittschemel-2-Stufig, Zweistufiger Tritthocker - Markt-XXL<\/title>\n<meta name=\"description\" content=\"Markt-XXL Angelbliss (Grau 2er Pack) Tritthocker f\u00fcr Kinder, Anti-rutsch Trittschemel-2-Stufig, Zweistufiger Tritthocker\" \/>\n<meta name=\"robots\" content=\"index, follow, max-snippet:-1, max-image-preview:large, max-video-preview:-1\" \/>\n<link rel=\"canonical\" href=\"https:\/\/marktxxl.de\/markt\/produkt\/angelbliss-grau-2er-pack-tritthocker-fuer-kinderanti-rutsch-trittschemel-2-stufigzweistufiger-tritthocker\/\" \/>\n<meta property=\"og:locale\" content=\"de_DE\" \/>\n<meta property=\"og:type\" content=\"article\" \/>\n<meta property=\"og:title\" content=\"Angelbliss (Grau 2er Pack) Tritthocker f\u00fcr Kinder, Anti-rutsch Trittschemel-2-Stufig, Zweistufiger Tritthocker - Markt-XXL\" \/>\n<meta property=\"og:description\" content=\"Markt-XXL Angelbliss (Grau 2er Pack) Tritthocker f\u00fcr Kinder, Anti-rutsch Trittschemel-2-Stufig, Zweistufiger Tritthocker\" \/>\n<meta property=\"og:url\" content=\"https:\/\/marktxxl.de\/markt\/produkt\/angelbliss-grau-2er-pack-tritthocker-fuer-kinderanti-rutsch-trittschemel-2-stufigzweistufiger-tritthocker\/\" \/>\n<meta property=\"og:site_name\" content=\"Markt-XXL\" \/>\n<meta property=\"article:modified_time\" content=\"2023-04-10T23:36:31+00:00\" \/>\n<meta property=\"og:image\" content=\"https:\/\/m.media-amazon.com\/images\/I\/31ikQVUMSnL._SL500_.jpg\" \/>\n\t<meta property=\"og:image:width\" content=\"500\" \/>\n\t<meta property=\"og:image:height\" content=\"500\" \/>\n\t<meta property=\"og:image:type\" content=\"image\/jpeg\" \/>\n<meta name=\"twitter:card\" content=\"summary_large_image\" \/>\n<meta name=\"twitter:label1\" content=\"Gesch\u00e4tzte Lesezeit\" \/>\n\t<meta name=\"twitter:data1\" content=\"1\u00a0Minute\" \/>\n<script type=\"application\/ld+json\" class=\"yoast-schema-graph\">{\"@context\":\"https:\\\/\\\/schema.org\",\"@graph\":[{\"@type\":\"WebPage\",\"@id\":\"https:\\\/\\\/marktxxl.de\\\/markt\\\/produkt\\\/angelbliss-grau-2er-pack-tritthocker-fuer-kinderanti-rutsch-trittschemel-2-stufigzweistufiger-tritthocker\\\/\",\"url\":\"https:\\\/\\\/marktxxl.de\\\/markt\\\/produkt\\\/angelbliss-grau-2er-pack-tritthocker-fuer-kinderanti-rutsch-trittschemel-2-stufigzweistufiger-tritthocker\\\/\",\"name\":\"Angelbliss (Grau 2er Pack) Tritthocker f\u00fcr Kinder, Anti-rutsch Trittschemel-2-Stufig, Zweistufiger Tritthocker - Markt-XXL\",\"isPartOf\":{\"@id\":\"https:\\\/\\\/marktxxl.de\\\/markt\\\/#website\"},\"primaryImageOfPage\":{\"@id\":\"https:\\\/\\\/marktxxl.de\\\/markt\\\/produkt\\\/angelbliss-grau-2er-pack-tritthocker-fuer-kinderanti-rutsch-trittschemel-2-stufigzweistufiger-tritthocker\\\/#primaryimage\"},\"image\":{\"@id\":\"https:\\\/\\\/marktxxl.de\\\/markt\\\/produkt\\\/angelbliss-grau-2er-pack-tritthocker-fuer-kinderanti-rutsch-trittschemel-2-stufigzweistufiger-tritthocker\\\/#primaryimage\"},\"thumbnailUrl\":\"https:\\\/\\\/m.media-amazon.com\\\/images\\\/I\\\/31ikQVUMSnL._SL500_.jpg\",\"datePublished\":\"2021-09-12T19:50:45+00:00\",\"dateModified\":\"2023-04-10T23:36:31+00:00\",\"description\":\"Markt-XXL Angelbliss (Grau 2er Pack) Tritthocker f\u00fcr Kinder, Anti-rutsch Trittschemel-2-Stufig, Zweistufiger Tritthocker\",\"breadcrumb\":{\"@id\":\"https:\\\/\\\/marktxxl.de\\\/markt\\\/produkt\\\/angelbliss-grau-2er-pack-tritthocker-fuer-kinderanti-rutsch-trittschemel-2-stufigzweistufiger-tritthocker\\\/#breadcrumb\"},\"inLanguage\":\"de\",\"potentialAction\":[{\"@type\":\"ReadAction\",\"target\":[\"https:\\\/\\\/marktxxl.de\\\/markt\\\/produkt\\\/angelbliss-grau-2er-pack-tritthocker-fuer-kinderanti-rutsch-trittschemel-2-stufigzweistufiger-tritthocker\\\/\"]}]},{\"@type\":\"ImageObject\",\"inLanguage\":\"de\",\"@id\":\"https:\\\/\\\/marktxxl.de\\\/markt\\\/produkt\\\/angelbliss-grau-2er-pack-tritthocker-fuer-kinderanti-rutsch-trittschemel-2-stufigzweistufiger-tritthocker\\\/#primaryimage\",\"url\":\"https:\\\/\\\/m.media-amazon.com\\\/images\\\/I\\\/31ikQVUMSnL._SL500_.jpg\",\"contentUrl\":\"https:\\\/\\\/m.media-amazon.com\\\/images\\\/I\\\/31ikQVUMSnL._SL500_.jpg\",\"width\":500,\"height\":500},{\"@type\":\"BreadcrumbList\",\"@id\":\"https:\\\/\\\/marktxxl.de\\\/markt\\\/produkt\\\/angelbliss-grau-2er-pack-tritthocker-fuer-kinderanti-rutsch-trittschemel-2-stufigzweistufiger-tritthocker\\\/#breadcrumb\",\"itemListElement\":[{\"@type\":\"ListItem\",\"position\":1,\"name\":\"Startseite\",\"item\":\"https:\\\/\\\/marktxxl.de\\\/markt\\\/\"},{\"@type\":\"ListItem\",\"position\":2,\"name\":\"Markt\",\"item\":\"https:\\\/\\\/marktxxl.de\\\/markt\\\/\"},{\"@type\":\"ListItem\",\"position\":3,\"name\":\"Angelbliss (Grau 2er Pack) Tritthocker f\u00fcr Kinder, Anti-rutsch Trittschemel-2-Stufig, Zweistufiger Tritthocker\"}]},{\"@type\":\"WebSite\",\"@id\":\"https:\\\/\\\/marktxxl.de\\\/markt\\\/#website\",\"url\":\"https:\\\/\\\/marktxxl.de\\\/markt\\\/\",\"name\":\"Markt-XXL\",\"description\":\"Ihr Markt Online\",\"publisher\":{\"@id\":\"https:\\\/\\\/marktxxl.de\\\/markt\\\/#organization\"},\"potentialAction\":[{\"@type\":\"SearchAction\",\"target\":{\"@type\":\"EntryPoint\",\"urlTemplate\":\"https:\\\/\\\/marktxxl.de\\\/markt\\\/?s={search_term_string}\"},\"query-input\":{\"@type\":\"PropertyValueSpecification\",\"valueRequired\":true,\"valueName\":\"search_term_string\"}}],\"inLanguage\":\"de\"},{\"@type\":\"Organization\",\"@id\":\"https:\\\/\\\/marktxxl.de\\\/markt\\\/#organization\",\"name\":\"Markt-XXL\",\"url\":\"https:\\\/\\\/marktxxl.de\\\/markt\\\/\",\"logo\":{\"@type\":\"ImageObject\",\"inLanguage\":\"de\",\"@id\":\"https:\\\/\\\/marktxxl.de\\\/markt\\\/#\\\/schema\\\/logo\\\/image\\\/\",\"url\":\"https:\\\/\\\/marktxxl.de\\\/markt\\\/wp-content\\\/uploads\\\/sites\\\/3\\\/2020\\\/12\\\/logo.png\",\"contentUrl\":\"https:\\\/\\\/marktxxl.de\\\/markt\\\/wp-content\\\/uploads\\\/sites\\\/3\\\/2020\\\/12\\\/logo.png\",\"width\":200,\"height\":70,\"caption\":\"Markt-XXL\"},\"image\":{\"@id\":\"https:\\\/\\\/marktxxl.de\\\/markt\\\/#\\\/schema\\\/logo\\\/image\\\/\"}}]}<\/script>\n<!-- \/ Yoast SEO plugin. -->","yoast_head_json":{"title":"Angelbliss (Grau 2er Pack) Tritthocker f\u00fcr Kinder, Anti-rutsch Trittschemel-2-Stufig, Zweistufiger Tritthocker - Markt-XXL","description":"Markt-XXL Angelbliss (Grau 2er Pack) Tritthocker f\u00fcr Kinder, Anti-rutsch Trittschemel-2-Stufig, Zweistufiger Tritthocker","robots":{"index":"index","follow":"follow","max-snippet":"max-snippet:-1","max-image-preview":"max-image-preview:large","max-video-preview":"max-video-preview:-1"},"canonical":"https:\/\/marktxxl.de\/markt\/produkt\/angelbliss-grau-2er-pack-tritthocker-fuer-kinderanti-rutsch-trittschemel-2-stufigzweistufiger-tritthocker\/","og_locale":"de_DE","og_type":"article","og_title":"Angelbliss (Grau 2er Pack) Tritthocker f\u00fcr Kinder, Anti-rutsch Trittschemel-2-Stufig, Zweistufiger Tritthocker - Markt-XXL","og_description":"Markt-XXL Angelbliss (Grau 2er Pack) Tritthocker f\u00fcr Kinder, Anti-rutsch Trittschemel-2-Stufig, Zweistufiger Tritthocker","og_url":"https:\/\/marktxxl.de\/markt\/produkt\/angelbliss-grau-2er-pack-tritthocker-fuer-kinderanti-rutsch-trittschemel-2-stufigzweistufiger-tritthocker\/","og_site_name":"Markt-XXL","article_modified_time":"2023-04-10T23:36:31+00:00","og_image":[{"width":500,"height":500,"url":"https:\/\/m.media-amazon.com\/images\/I\/31ikQVUMSnL._SL500_.jpg","type":"image\/jpeg"}],"twitter_card":"summary_large_image","twitter_misc":{"Gesch\u00e4tzte Lesezeit":"1\u00a0Minute"},"schema":{"@context":"https:\/\/schema.org","@graph":[{"@type":"WebPage","@id":"https:\/\/marktxxl.de\/markt\/produkt\/angelbliss-grau-2er-pack-tritthocker-fuer-kinderanti-rutsch-trittschemel-2-stufigzweistufiger-tritthocker\/","url":"https:\/\/marktxxl.de\/markt\/produkt\/angelbliss-grau-2er-pack-tritthocker-fuer-kinderanti-rutsch-trittschemel-2-stufigzweistufiger-tritthocker\/","name":"Angelbliss (Grau 2er Pack) Tritthocker f\u00fcr Kinder, Anti-rutsch Trittschemel-2-Stufig, Zweistufiger Tritthocker - Markt-XXL","isPartOf":{"@id":"https:\/\/marktxxl.de\/markt\/#website"},"primaryImageOfPage":{"@id":"https:\/\/marktxxl.de\/markt\/produkt\/angelbliss-grau-2er-pack-tritthocker-fuer-kinderanti-rutsch-trittschemel-2-stufigzweistufiger-tritthocker\/#primaryimage"},"image":{"@id":"https:\/\/marktxxl.de\/markt\/produkt\/angelbliss-grau-2er-pack-tritthocker-fuer-kinderanti-rutsch-trittschemel-2-stufigzweistufiger-tritthocker\/#primaryimage"},"thumbnailUrl":"https:\/\/m.media-amazon.com\/images\/I\/31ikQVUMSnL._SL500_.jpg","datePublished":"2021-09-12T19:50:45+00:00","dateModified":"2023-04-10T23:36:31+00:00","description":"Markt-XXL Angelbliss (Grau 2er Pack) Tritthocker f\u00fcr Kinder, Anti-rutsch Trittschemel-2-Stufig, Zweistufiger Tritthocker","breadcrumb":{"@id":"https:\/\/marktxxl.de\/markt\/produkt\/angelbliss-grau-2er-pack-tritthocker-fuer-kinderanti-rutsch-trittschemel-2-stufigzweistufiger-tritthocker\/#breadcrumb"},"inLanguage":"de","potentialAction":[{"@type":"ReadAction","target":["https:\/\/marktxxl.de\/markt\/produkt\/angelbliss-grau-2er-pack-tritthocker-fuer-kinderanti-rutsch-trittschemel-2-stufigzweistufiger-tritthocker\/"]}]},{"@type":"ImageObject","inLanguage":"de","@id":"https:\/\/marktxxl.de\/markt\/produkt\/angelbliss-grau-2er-pack-tritthocker-fuer-kinderanti-rutsch-trittschemel-2-stufigzweistufiger-tritthocker\/#primaryimage","url":"https:\/\/m.media-amazon.com\/images\/I\/31ikQVUMSnL._SL500_.jpg","contentUrl":"https:\/\/m.media-amazon.com\/images\/I\/31ikQVUMSnL._SL500_.jpg","width":500,"height":500},{"@type":"BreadcrumbList","@id":"https:\/\/marktxxl.de\/markt\/produkt\/angelbliss-grau-2er-pack-tritthocker-fuer-kinderanti-rutsch-trittschemel-2-stufigzweistufiger-tritthocker\/#breadcrumb","itemListElement":[{"@type":"ListItem","position":1,"name":"Startseite","item":"https:\/\/marktxxl.de\/markt\/"},{"@type":"ListItem","position":2,"name":"Markt","item":"https:\/\/marktxxl.de\/markt\/"},{"@type":"ListItem","position":3,"name":"Angelbliss (Grau 2er Pack) Tritthocker f\u00fcr Kinder, Anti-rutsch Trittschemel-2-Stufig, Zweistufiger Tritthocker"}]},{"@type":"WebSite","@id":"https:\/\/marktxxl.de\/markt\/#website","url":"https:\/\/marktxxl.de\/markt\/","name":"Markt-XXL","description":"Ihr Markt Online","publisher":{"@id":"https:\/\/marktxxl.de\/markt\/#organization"},"potentialAction":[{"@type":"SearchAction","target":{"@type":"EntryPoint","urlTemplate":"https:\/\/marktxxl.de\/markt\/?s={search_term_string}"},"query-input":{"@type":"PropertyValueSpecification","valueRequired":true,"valueName":"search_term_string"}}],"inLanguage":"de"},{"@type":"Organization","@id":"https:\/\/marktxxl.de\/markt\/#organization","name":"Markt-XXL","url":"https:\/\/marktxxl.de\/markt\/","logo":{"@type":"ImageObject","inLanguage":"de","@id":"https:\/\/marktxxl.de\/markt\/#\/schema\/logo\/image\/","url":"https:\/\/marktxxl.de\/markt\/wp-content\/uploads\/sites\/3\/2020\/12\/logo.png","contentUrl":"https:\/\/marktxxl.de\/markt\/wp-content\/uploads\/sites\/3\/2020\/12\/logo.png","width":200,"height":70,"caption":"Markt-XXL"},"image":{"@id":"https:\/\/marktxxl.de\/markt\/#\/schema\/logo\/image\/"}}]}},"_links":{"self":[{"href":"https:\/\/marktxxl.de\/markt\/wp-json\/wp\/v2\/product\/28056","targetHints":{"allow":["GET"]}}],"collection":[{"href":"https:\/\/marktxxl.de\/markt\/wp-json\/wp\/v2\/product"}],"about":[{"href":"https:\/\/marktxxl.de\/markt\/wp-json\/wp\/v2\/types\/product"}],"replies":[{"embeddable":true,"href":"https:\/\/marktxxl.de\/markt\/wp-json\/wp\/v2\/comments?post=28056"}],"wp:featuredmedia":[{"embeddable":true,"href":"https:\/\/marktxxl.de\/markt\/wp-json\/wp\/v2\/media\/28057"}],"wp:attachment":[{"href":"https:\/\/marktxxl.de\/markt\/wp-json\/wp\/v2\/media?parent=28056"}],"wp:term":[{"taxonomy":"product_brand","embeddable":true,"href":"https:\/\/marktxxl.de\/markt\/wp-json\/wp\/v2\/product_brand?post=28056"},{"taxonomy":"product_cat","embeddable":true,"href":"https:\/\/marktxxl.de\/markt\/wp-json\/wp\/v2\/product_cat?post=28056"},{"taxonomy":"product_tag","embeddable":true,"href":"https:\/\/marktxxl.de\/markt\/wp-json\/wp\/v2\/product_tag?post=28056"}],"curies":[{"name":"wp","href":"https:\/\/api.w.org\/{rel}","templated":true}]}}