{"id":27925,"date":"2021-09-12T21:45:04","date_gmt":"2021-09-12T19:45:04","guid":{"rendered":"https:\/\/marktxxl.de\/markt\/produkt\/baby-meilensteinkarten-fuer-junge-und-maedchen-als-geschenk-zur-geburt-zur-babyparty-fuer-werdende-eltern-mit-40-karten-koennen-mama-papa-meilensteine-im-1-babyjahr-einfangen-ihr-glueck-teilen\/"},"modified":"2023-04-11T01:36:29","modified_gmt":"2023-04-10T23:36:29","slug":"baby-meilensteinkarten-fuer-junge-und-maedchen-als-geschenk-zur-geburt-zur-babyparty-fuer-werdende-eltern-mit-40-karten-koennen-mama-papa-meilensteine-im-1-babyjahr-einfangen-ihr-glueck-teilen","status":"publish","type":"product","link":"https:\/\/marktxxl.de\/markt\/produkt\/baby-meilensteinkarten-fuer-junge-und-maedchen-als-geschenk-zur-geburt-zur-babyparty-fuer-werdende-eltern-mit-40-karten-koennen-mama-papa-meilensteine-im-1-babyjahr-einfangen-ihr-glueck-teilen\/","title":{"rendered":"Baby Meilensteinkarten f\u00fcr Junge und M\u00e4dchen, als Geschenk zur Geburt\/zur Babyparty f\u00fcr werdende Eltern. Mit 40 Karten\u2026"},"content":{"rendered":"<p>\u2665 Jede der 40 Babykarten haben wir MIT VIEL LIEBE selbst gestaltet. Unterschiedliche Tiere, Pflanzen und Federn schm\u00fccken die verspielten Monatskarten und bilden farblich ein harmonisches Set, das von uns handverpackt wurde.<br \/>\n\u2665 Euer BABY ist endlich auf die Welt gekommen. Haltet die KLEINEN MOMENTE f\u00fcr die Ewigkeit fest und teilt sie mit euren Liebsten. Datum und Momente k\u00f6nnen auf der R\u00fcckseite jeder Karte notiert werden.<br \/>\n\u2665 VERSCHENKE MOMENTE &#8211; Eine ganz besondere Geschenkidee zur Schwangerschaft, f\u00fcr die n\u00e4chste Babyparty oder zur Geburt.<br \/>\n\u2665 Meilensteinkarten Baby im Postkarten-FORMAT (DINA6) mit matter, gut beschreibbarer Oberfl\u00e4che, gedruckt auf festem und hochwertigem Material (350g). Hergestellt in Deutschland \u2713<br \/>\n<div class=\"main-cross-sell\" data-asin=\"B07VXPSDH9\">\n\n\t<div class=\"WooZone-cross-sell-loader\">\n\t\t<div>\n\t\t\t<div id=\"floatingBarsG\">\n\t\t\t\t<div class=\"blockG\" id=\"rotateG_01\"><\/div>\n\t\t\t\t<div class=\"blockG\" id=\"rotateG_02\"><\/div>\n\t\t\t\t<div class=\"blockG\" id=\"rotateG_03\"><\/div>\n\t\t\t\t<div class=\"blockG\" id=\"rotateG_04\"><\/div>\n\t\t\t\t<div class=\"blockG\" id=\"rotateG_05\"><\/div>\n\t\t\t\t<div class=\"blockG\" id=\"rotateG_06\"><\/div>\n\t\t\t\t<div class=\"blockG\" id=\"rotateG_07\"><\/div>\n\t\t\t\t<div class=\"blockG\" id=\"rotateG_08\"><\/div>\n\t\t\t<\/div>\n\t\t\t<div class=\"WooZone-cross-sell-loader-text\"><\/div>\n\t\t<\/div>\n\t<\/div>\n\n\t\t\n<\/div>\n<div style=\"clear:both;\"><\/div><\/p>\n","protected":false},"excerpt":{"rendered":"<p>\u2665 Jede der 40 Babykarten haben wir MIT VIEL LIEBE selbst gestaltet. Unterschiedliche Tiere, Pflanzen und Federn schm\u00fccken die verspielten Monatskarten und bilden farblich ein harmonisches Set, das von uns handverpackt wurde.<br \/>\n\u2665 Euer BABY ist endlich auf die Welt gekommen. Haltet die KLEINEN MOMENTE f\u00fcr die Ewigkeit fest und teilt sie mit euren Liebsten. Datum und Momente k\u00f6nnen auf der R\u00fcckseite jeder Karte notiert werden.<br \/>\n\u2665 VERSCHENKE MOMENTE &#8211; Eine ganz besondere Geschenkidee zur Schwangerschaft, f\u00fcr die n\u00e4chste Babyparty oder zur Geburt.<\/p>\n","protected":false},"featured_media":27926,"comment_status":"open","ping_status":"closed","template":"","meta":[],"product_brand":[],"product_cat":[21,8929],"product_tag":[],"class_list":{"0":"post-27925","1":"product","2":"type-product","3":"status-publish","4":"has-post-thumbnail","6":"product_cat-baby","7":"product_cat-babygeschenke-baby","8":"pa_binding-babyartikel","9":"pa_brand-mikito","10":"pa_height-0-003937-zoll","11":"pa_length-5-82676-zoll","12":"pa_manufacturer-veronica-matias-pereira","13":"pa_size-40-stueck-1er-pack","14":"pa_width-4-13385-zoll","16":"first","17":"instock","18":"shipping-taxable","19":"purchasable","20":"product-type-simple","21":"customify-col","22":"product-has-gallery"},"yoast_head":"<!-- This site is optimized with the Yoast SEO plugin v27.3 - https:\/\/yoast.com\/product\/yoast-seo-wordpress\/ -->\n<title>Baby Meilensteinkarten f\u00fcr Junge und M\u00e4dchen, als Geschenk zur Geburt\/zur Babyparty f\u00fcr werdende Eltern. Mit 40 Karten\u2026 - Markt-XXL<\/title>\n<meta name=\"description\" content=\"Markt-XXL Baby Meilensteinkarten f\u00fcr Junge und M\u00e4dchen, als Geschenk zur Geburt\/zur Babyparty f\u00fcr werdende Eltern. Mit 40 Karten\u2026\" \/>\n<meta name=\"robots\" content=\"index, follow, max-snippet:-1, max-image-preview:large, max-video-preview:-1\" \/>\n<link rel=\"canonical\" href=\"https:\/\/marktxxl.de\/markt\/produkt\/baby-meilensteinkarten-fuer-junge-und-maedchen-als-geschenk-zur-geburt-zur-babyparty-fuer-werdende-eltern-mit-40-karten-koennen-mama-papa-meilensteine-im-1-babyjahr-einfangen-ihr-glueck-teilen\/\" \/>\n<meta property=\"og:locale\" content=\"de_DE\" \/>\n<meta property=\"og:type\" content=\"article\" \/>\n<meta property=\"og:title\" content=\"Baby Meilensteinkarten f\u00fcr Junge und M\u00e4dchen, als Geschenk zur Geburt\/zur Babyparty f\u00fcr werdende Eltern. Mit 40 Karten\u2026 - Markt-XXL\" \/>\n<meta property=\"og:description\" content=\"Markt-XXL Baby Meilensteinkarten f\u00fcr Junge und M\u00e4dchen, als Geschenk zur Geburt\/zur Babyparty f\u00fcr werdende Eltern. Mit 40 Karten\u2026\" \/>\n<meta property=\"og:url\" content=\"https:\/\/marktxxl.de\/markt\/produkt\/baby-meilensteinkarten-fuer-junge-und-maedchen-als-geschenk-zur-geburt-zur-babyparty-fuer-werdende-eltern-mit-40-karten-koennen-mama-papa-meilensteine-im-1-babyjahr-einfangen-ihr-glueck-teilen\/\" \/>\n<meta property=\"og:site_name\" content=\"Markt-XXL\" \/>\n<meta property=\"article:modified_time\" content=\"2023-04-10T23:36:29+00:00\" \/>\n<meta property=\"og:image\" content=\"https:\/\/m.media-amazon.com\/images\/I\/51dV-jOu0qL._SL500_.jpg\" \/>\n\t<meta property=\"og:image:width\" content=\"500\" \/>\n\t<meta property=\"og:image:height\" content=\"488\" \/>\n\t<meta property=\"og:image:type\" content=\"image\/jpeg\" \/>\n<meta name=\"twitter:card\" content=\"summary_large_image\" \/>\n<meta name=\"twitter:label1\" content=\"Gesch\u00e4tzte Lesezeit\" \/>\n\t<meta name=\"twitter:data1\" content=\"1\u00a0Minute\" \/>\n<script type=\"application\/ld+json\" class=\"yoast-schema-graph\">{\"@context\":\"https:\\\/\\\/schema.org\",\"@graph\":[{\"@type\":\"WebPage\",\"@id\":\"https:\\\/\\\/marktxxl.de\\\/markt\\\/produkt\\\/baby-meilensteinkarten-fuer-junge-und-maedchen-als-geschenk-zur-geburt-zur-babyparty-fuer-werdende-eltern-mit-40-karten-koennen-mama-papa-meilensteine-im-1-babyjahr-einfangen-ihr-glueck-teilen\\\/\",\"url\":\"https:\\\/\\\/marktxxl.de\\\/markt\\\/produkt\\\/baby-meilensteinkarten-fuer-junge-und-maedchen-als-geschenk-zur-geburt-zur-babyparty-fuer-werdende-eltern-mit-40-karten-koennen-mama-papa-meilensteine-im-1-babyjahr-einfangen-ihr-glueck-teilen\\\/\",\"name\":\"Baby Meilensteinkarten f\u00fcr Junge und M\u00e4dchen, als Geschenk zur Geburt\\\/zur Babyparty f\u00fcr werdende Eltern. Mit 40 Karten\u2026 - Markt-XXL\",\"isPartOf\":{\"@id\":\"https:\\\/\\\/marktxxl.de\\\/markt\\\/#website\"},\"primaryImageOfPage\":{\"@id\":\"https:\\\/\\\/marktxxl.de\\\/markt\\\/produkt\\\/baby-meilensteinkarten-fuer-junge-und-maedchen-als-geschenk-zur-geburt-zur-babyparty-fuer-werdende-eltern-mit-40-karten-koennen-mama-papa-meilensteine-im-1-babyjahr-einfangen-ihr-glueck-teilen\\\/#primaryimage\"},\"image\":{\"@id\":\"https:\\\/\\\/marktxxl.de\\\/markt\\\/produkt\\\/baby-meilensteinkarten-fuer-junge-und-maedchen-als-geschenk-zur-geburt-zur-babyparty-fuer-werdende-eltern-mit-40-karten-koennen-mama-papa-meilensteine-im-1-babyjahr-einfangen-ihr-glueck-teilen\\\/#primaryimage\"},\"thumbnailUrl\":\"https:\\\/\\\/m.media-amazon.com\\\/images\\\/I\\\/51dV-jOu0qL._SL500_.jpg\",\"datePublished\":\"2021-09-12T19:45:04+00:00\",\"dateModified\":\"2023-04-10T23:36:29+00:00\",\"description\":\"Markt-XXL Baby Meilensteinkarten f\u00fcr Junge und M\u00e4dchen, als Geschenk zur Geburt\\\/zur Babyparty f\u00fcr werdende Eltern. Mit 40 Karten\u2026\",\"breadcrumb\":{\"@id\":\"https:\\\/\\\/marktxxl.de\\\/markt\\\/produkt\\\/baby-meilensteinkarten-fuer-junge-und-maedchen-als-geschenk-zur-geburt-zur-babyparty-fuer-werdende-eltern-mit-40-karten-koennen-mama-papa-meilensteine-im-1-babyjahr-einfangen-ihr-glueck-teilen\\\/#breadcrumb\"},\"inLanguage\":\"de\",\"potentialAction\":[{\"@type\":\"ReadAction\",\"target\":[\"https:\\\/\\\/marktxxl.de\\\/markt\\\/produkt\\\/baby-meilensteinkarten-fuer-junge-und-maedchen-als-geschenk-zur-geburt-zur-babyparty-fuer-werdende-eltern-mit-40-karten-koennen-mama-papa-meilensteine-im-1-babyjahr-einfangen-ihr-glueck-teilen\\\/\"]}]},{\"@type\":\"ImageObject\",\"inLanguage\":\"de\",\"@id\":\"https:\\\/\\\/marktxxl.de\\\/markt\\\/produkt\\\/baby-meilensteinkarten-fuer-junge-und-maedchen-als-geschenk-zur-geburt-zur-babyparty-fuer-werdende-eltern-mit-40-karten-koennen-mama-papa-meilensteine-im-1-babyjahr-einfangen-ihr-glueck-teilen\\\/#primaryimage\",\"url\":\"https:\\\/\\\/m.media-amazon.com\\\/images\\\/I\\\/51dV-jOu0qL._SL500_.jpg\",\"contentUrl\":\"https:\\\/\\\/m.media-amazon.com\\\/images\\\/I\\\/51dV-jOu0qL._SL500_.jpg\",\"width\":500,\"height\":488},{\"@type\":\"BreadcrumbList\",\"@id\":\"https:\\\/\\\/marktxxl.de\\\/markt\\\/produkt\\\/baby-meilensteinkarten-fuer-junge-und-maedchen-als-geschenk-zur-geburt-zur-babyparty-fuer-werdende-eltern-mit-40-karten-koennen-mama-papa-meilensteine-im-1-babyjahr-einfangen-ihr-glueck-teilen\\\/#breadcrumb\",\"itemListElement\":[{\"@type\":\"ListItem\",\"position\":1,\"name\":\"Startseite\",\"item\":\"https:\\\/\\\/marktxxl.de\\\/markt\\\/\"},{\"@type\":\"ListItem\",\"position\":2,\"name\":\"Markt\",\"item\":\"https:\\\/\\\/marktxxl.de\\\/markt\\\/\"},{\"@type\":\"ListItem\",\"position\":3,\"name\":\"Baby Meilensteinkarten f\u00fcr Junge und M\u00e4dchen, als Geschenk zur Geburt\\\/zur Babyparty f\u00fcr werdende Eltern. Mit 40 Karten\u2026\"}]},{\"@type\":\"WebSite\",\"@id\":\"https:\\\/\\\/marktxxl.de\\\/markt\\\/#website\",\"url\":\"https:\\\/\\\/marktxxl.de\\\/markt\\\/\",\"name\":\"Markt-XXL\",\"description\":\"Ihr Markt Online\",\"publisher\":{\"@id\":\"https:\\\/\\\/marktxxl.de\\\/markt\\\/#organization\"},\"potentialAction\":[{\"@type\":\"SearchAction\",\"target\":{\"@type\":\"EntryPoint\",\"urlTemplate\":\"https:\\\/\\\/marktxxl.de\\\/markt\\\/?s={search_term_string}\"},\"query-input\":{\"@type\":\"PropertyValueSpecification\",\"valueRequired\":true,\"valueName\":\"search_term_string\"}}],\"inLanguage\":\"de\"},{\"@type\":\"Organization\",\"@id\":\"https:\\\/\\\/marktxxl.de\\\/markt\\\/#organization\",\"name\":\"Markt-XXL\",\"url\":\"https:\\\/\\\/marktxxl.de\\\/markt\\\/\",\"logo\":{\"@type\":\"ImageObject\",\"inLanguage\":\"de\",\"@id\":\"https:\\\/\\\/marktxxl.de\\\/markt\\\/#\\\/schema\\\/logo\\\/image\\\/\",\"url\":\"https:\\\/\\\/marktxxl.de\\\/markt\\\/wp-content\\\/uploads\\\/sites\\\/3\\\/2020\\\/12\\\/logo.png\",\"contentUrl\":\"https:\\\/\\\/marktxxl.de\\\/markt\\\/wp-content\\\/uploads\\\/sites\\\/3\\\/2020\\\/12\\\/logo.png\",\"width\":200,\"height\":70,\"caption\":\"Markt-XXL\"},\"image\":{\"@id\":\"https:\\\/\\\/marktxxl.de\\\/markt\\\/#\\\/schema\\\/logo\\\/image\\\/\"}}]}<\/script>\n<!-- \/ Yoast SEO plugin. -->","yoast_head_json":{"title":"Baby Meilensteinkarten f\u00fcr Junge und M\u00e4dchen, als Geschenk zur Geburt\/zur Babyparty f\u00fcr werdende Eltern. Mit 40 Karten\u2026 - Markt-XXL","description":"Markt-XXL Baby Meilensteinkarten f\u00fcr Junge und M\u00e4dchen, als Geschenk zur Geburt\/zur Babyparty f\u00fcr werdende Eltern. Mit 40 Karten\u2026","robots":{"index":"index","follow":"follow","max-snippet":"max-snippet:-1","max-image-preview":"max-image-preview:large","max-video-preview":"max-video-preview:-1"},"canonical":"https:\/\/marktxxl.de\/markt\/produkt\/baby-meilensteinkarten-fuer-junge-und-maedchen-als-geschenk-zur-geburt-zur-babyparty-fuer-werdende-eltern-mit-40-karten-koennen-mama-papa-meilensteine-im-1-babyjahr-einfangen-ihr-glueck-teilen\/","og_locale":"de_DE","og_type":"article","og_title":"Baby Meilensteinkarten f\u00fcr Junge und M\u00e4dchen, als Geschenk zur Geburt\/zur Babyparty f\u00fcr werdende Eltern. Mit 40 Karten\u2026 - Markt-XXL","og_description":"Markt-XXL Baby Meilensteinkarten f\u00fcr Junge und M\u00e4dchen, als Geschenk zur Geburt\/zur Babyparty f\u00fcr werdende Eltern. Mit 40 Karten\u2026","og_url":"https:\/\/marktxxl.de\/markt\/produkt\/baby-meilensteinkarten-fuer-junge-und-maedchen-als-geschenk-zur-geburt-zur-babyparty-fuer-werdende-eltern-mit-40-karten-koennen-mama-papa-meilensteine-im-1-babyjahr-einfangen-ihr-glueck-teilen\/","og_site_name":"Markt-XXL","article_modified_time":"2023-04-10T23:36:29+00:00","og_image":[{"width":500,"height":488,"url":"https:\/\/m.media-amazon.com\/images\/I\/51dV-jOu0qL._SL500_.jpg","type":"image\/jpeg"}],"twitter_card":"summary_large_image","twitter_misc":{"Gesch\u00e4tzte Lesezeit":"1\u00a0Minute"},"schema":{"@context":"https:\/\/schema.org","@graph":[{"@type":"WebPage","@id":"https:\/\/marktxxl.de\/markt\/produkt\/baby-meilensteinkarten-fuer-junge-und-maedchen-als-geschenk-zur-geburt-zur-babyparty-fuer-werdende-eltern-mit-40-karten-koennen-mama-papa-meilensteine-im-1-babyjahr-einfangen-ihr-glueck-teilen\/","url":"https:\/\/marktxxl.de\/markt\/produkt\/baby-meilensteinkarten-fuer-junge-und-maedchen-als-geschenk-zur-geburt-zur-babyparty-fuer-werdende-eltern-mit-40-karten-koennen-mama-papa-meilensteine-im-1-babyjahr-einfangen-ihr-glueck-teilen\/","name":"Baby Meilensteinkarten f\u00fcr Junge und M\u00e4dchen, als Geschenk zur Geburt\/zur Babyparty f\u00fcr werdende Eltern. Mit 40 Karten\u2026 - Markt-XXL","isPartOf":{"@id":"https:\/\/marktxxl.de\/markt\/#website"},"primaryImageOfPage":{"@id":"https:\/\/marktxxl.de\/markt\/produkt\/baby-meilensteinkarten-fuer-junge-und-maedchen-als-geschenk-zur-geburt-zur-babyparty-fuer-werdende-eltern-mit-40-karten-koennen-mama-papa-meilensteine-im-1-babyjahr-einfangen-ihr-glueck-teilen\/#primaryimage"},"image":{"@id":"https:\/\/marktxxl.de\/markt\/produkt\/baby-meilensteinkarten-fuer-junge-und-maedchen-als-geschenk-zur-geburt-zur-babyparty-fuer-werdende-eltern-mit-40-karten-koennen-mama-papa-meilensteine-im-1-babyjahr-einfangen-ihr-glueck-teilen\/#primaryimage"},"thumbnailUrl":"https:\/\/m.media-amazon.com\/images\/I\/51dV-jOu0qL._SL500_.jpg","datePublished":"2021-09-12T19:45:04+00:00","dateModified":"2023-04-10T23:36:29+00:00","description":"Markt-XXL Baby Meilensteinkarten f\u00fcr Junge und M\u00e4dchen, als Geschenk zur Geburt\/zur Babyparty f\u00fcr werdende Eltern. Mit 40 Karten\u2026","breadcrumb":{"@id":"https:\/\/marktxxl.de\/markt\/produkt\/baby-meilensteinkarten-fuer-junge-und-maedchen-als-geschenk-zur-geburt-zur-babyparty-fuer-werdende-eltern-mit-40-karten-koennen-mama-papa-meilensteine-im-1-babyjahr-einfangen-ihr-glueck-teilen\/#breadcrumb"},"inLanguage":"de","potentialAction":[{"@type":"ReadAction","target":["https:\/\/marktxxl.de\/markt\/produkt\/baby-meilensteinkarten-fuer-junge-und-maedchen-als-geschenk-zur-geburt-zur-babyparty-fuer-werdende-eltern-mit-40-karten-koennen-mama-papa-meilensteine-im-1-babyjahr-einfangen-ihr-glueck-teilen\/"]}]},{"@type":"ImageObject","inLanguage":"de","@id":"https:\/\/marktxxl.de\/markt\/produkt\/baby-meilensteinkarten-fuer-junge-und-maedchen-als-geschenk-zur-geburt-zur-babyparty-fuer-werdende-eltern-mit-40-karten-koennen-mama-papa-meilensteine-im-1-babyjahr-einfangen-ihr-glueck-teilen\/#primaryimage","url":"https:\/\/m.media-amazon.com\/images\/I\/51dV-jOu0qL._SL500_.jpg","contentUrl":"https:\/\/m.media-amazon.com\/images\/I\/51dV-jOu0qL._SL500_.jpg","width":500,"height":488},{"@type":"BreadcrumbList","@id":"https:\/\/marktxxl.de\/markt\/produkt\/baby-meilensteinkarten-fuer-junge-und-maedchen-als-geschenk-zur-geburt-zur-babyparty-fuer-werdende-eltern-mit-40-karten-koennen-mama-papa-meilensteine-im-1-babyjahr-einfangen-ihr-glueck-teilen\/#breadcrumb","itemListElement":[{"@type":"ListItem","position":1,"name":"Startseite","item":"https:\/\/marktxxl.de\/markt\/"},{"@type":"ListItem","position":2,"name":"Markt","item":"https:\/\/marktxxl.de\/markt\/"},{"@type":"ListItem","position":3,"name":"Baby Meilensteinkarten f\u00fcr Junge und M\u00e4dchen, als Geschenk zur Geburt\/zur Babyparty f\u00fcr werdende Eltern. Mit 40 Karten\u2026"}]},{"@type":"WebSite","@id":"https:\/\/marktxxl.de\/markt\/#website","url":"https:\/\/marktxxl.de\/markt\/","name":"Markt-XXL","description":"Ihr Markt Online","publisher":{"@id":"https:\/\/marktxxl.de\/markt\/#organization"},"potentialAction":[{"@type":"SearchAction","target":{"@type":"EntryPoint","urlTemplate":"https:\/\/marktxxl.de\/markt\/?s={search_term_string}"},"query-input":{"@type":"PropertyValueSpecification","valueRequired":true,"valueName":"search_term_string"}}],"inLanguage":"de"},{"@type":"Organization","@id":"https:\/\/marktxxl.de\/markt\/#organization","name":"Markt-XXL","url":"https:\/\/marktxxl.de\/markt\/","logo":{"@type":"ImageObject","inLanguage":"de","@id":"https:\/\/marktxxl.de\/markt\/#\/schema\/logo\/image\/","url":"https:\/\/marktxxl.de\/markt\/wp-content\/uploads\/sites\/3\/2020\/12\/logo.png","contentUrl":"https:\/\/marktxxl.de\/markt\/wp-content\/uploads\/sites\/3\/2020\/12\/logo.png","width":200,"height":70,"caption":"Markt-XXL"},"image":{"@id":"https:\/\/marktxxl.de\/markt\/#\/schema\/logo\/image\/"}}]}},"_links":{"self":[{"href":"https:\/\/marktxxl.de\/markt\/wp-json\/wp\/v2\/product\/27925","targetHints":{"allow":["GET"]}}],"collection":[{"href":"https:\/\/marktxxl.de\/markt\/wp-json\/wp\/v2\/product"}],"about":[{"href":"https:\/\/marktxxl.de\/markt\/wp-json\/wp\/v2\/types\/product"}],"replies":[{"embeddable":true,"href":"https:\/\/marktxxl.de\/markt\/wp-json\/wp\/v2\/comments?post=27925"}],"wp:featuredmedia":[{"embeddable":true,"href":"https:\/\/marktxxl.de\/markt\/wp-json\/wp\/v2\/media\/27926"}],"wp:attachment":[{"href":"https:\/\/marktxxl.de\/markt\/wp-json\/wp\/v2\/media?parent=27925"}],"wp:term":[{"taxonomy":"product_brand","embeddable":true,"href":"https:\/\/marktxxl.de\/markt\/wp-json\/wp\/v2\/product_brand?post=27925"},{"taxonomy":"product_cat","embeddable":true,"href":"https:\/\/marktxxl.de\/markt\/wp-json\/wp\/v2\/product_cat?post=27925"},{"taxonomy":"product_tag","embeddable":true,"href":"https:\/\/marktxxl.de\/markt\/wp-json\/wp\/v2\/product_tag?post=27925"}],"curies":[{"name":"wp","href":"https:\/\/api.w.org\/{rel}","templated":true}]}}