{"id":27915,"date":"2021-09-12T21:45:03","date_gmt":"2021-09-12T19:45:03","guid":{"rendered":"https:\/\/marktxxl.de\/markt\/produkt\/emadele-mutter-schutzhuelle-aus-dem-bauch-mitten-ins-herz-aus-filz-handmade-anthrazit-mutterpass-schutzhuelle-organizer-faecher-fuer-ultraschallbilder-impfpass-huelle-a5-format-fuer-deutschen-mu\/"},"modified":"2023-04-11T01:36:29","modified_gmt":"2023-04-10T23:36:29","slug":"emadele-mutter-schutzhuelle-aus-dem-bauch-mitten-ins-herz-aus-filz-handmade-anthrazit-mutterpass-schutzhuelle-organizer-faecher-fuer-ultraschallbilder-impfpass-huelle-a5-format-fuer-deutschen-mu","status":"publish","type":"product","link":"https:\/\/marktxxl.de\/markt\/produkt\/emadele-mutter-schutzhuelle-aus-dem-bauch-mitten-ins-herz-aus-filz-handmade-anthrazit-mutterpass-schutzhuelle-organizer-faecher-fuer-ultraschallbilder-impfpass-huelle-a5-format-fuer-deutschen-mu\/","title":{"rendered":"Emadele Mutterpassh\u00fclle &#8216;Aus dem Bauch mitten ins Herz&#8217; aus Filz Handmade Anthrazit. Mutterpass Schutzh\u00fclle Organizer\u2026"},"content":{"rendered":"<p>BESONDERES ERINNERUNGSST\u00dcCK &#8211; Der Mutterpass ist der st\u00e4ndige Begleiter Deiner Schwangerschaft und dar\u00fcber hinaus (auch f\u00fcr die zweite Schwangerschaft). Du wirst dich wundern, wie oft Du diesen in den H\u00e4nden halten wirst. Die Handmade Mutterpassh\u00fclle von Emadele macht Deinen Mutterpass und die darin enthaltenen Ultraschallbilder zu einem wundersch\u00f6nen Erinnerungsst\u00fcck an diese spannende Zeit.<br \/>\nS\u00dc\u00dfES MOTIV UND STABILER FILZ &#8211; Das liebevoll und mit Blick f\u00fcrs Detail gestaltete Motiv \u2018Aus dem Bauch &#8211; Mitten ins Herz\u2019 l\u00e4sst alle Mutterherzen h\u00f6her schlagen. Da der sch\u00f6nste Mutterpass Organizer nichts bringt, wenn er den Inhalt nicht ordentlich sch\u00fctzt, haben wir uns f\u00fcr einen hochwertigen, sehr dichten und damit festeren Filz entschieden, der eine h\u00f6here Stabilit\u00e4t und Festigkeit bietet als andere Mutterpass-Schutzh\u00fcllen. Deine Dokumente sind so bestens gesch\u00fctzt.<br \/>\nDURCHDACHTE TASCHEN, DAMIT ALLES SEINEN PLATZ HAT &#8211; Diese H\u00fclle ist exakt auf den deutschen Mutterpass zugeschnitten. Zus\u00e4tzlich passen der Impfpass, die Krankenversicherungskarte oder ein USB Stick, sowie Ultraschallbilder in die Mutterpassh\u00fclle Organizer F\u00e4cher hinein. Der praktische und stabile Druckknopf h\u00e4lt die H\u00fclle immer sicher verschlossen, damit keine Dokumente und Erinnerungsst\u00fccke verloren gehen.<br \/>\nKEINE ZERST\u00d6RTEN ULTRASCHALLBILDER &#8211; Ultraschallbilder haben eine anf\u00e4llige Oberfl\u00e4che und kleben schnell an Plastik-Folien fest. Dadurch l\u00f6st sich die Farbe und das wundersch\u00f6ne Erinnerungsfoto (eines der ersten Bilder des Kindes) ist f\u00fcr immer hin\u00fcber. Diese Erfahrung m\u00f6chten wir dir ersparen, deshalb haben wir bewusst auf transparente Sichtfenster verzichtet. In die diagonale Innentasche passen die US-Bilder hinein, ohne vorher gefaltet oder zugeschnitten werden zu m\u00fcssen.<br \/>\nVON ELTERN F\u00dcR ELTERN ENTWICKELT &#8211; Emadele ist ein deutsches Familienunternehmern. Als Eltern mit Kleinkindern haben wir selbst hohe Anforderungen an die Qualit\u00e4t unserer Produkte. Nat\u00fcrlich ist der Filz schadstofffrei und riecht nicht nach Chemie. Wir vertrauen zu 100% in unsere Qualit\u00e4t. Solltest Du nicht zufrieden sein oder ein anderes Problem mit dem Produkt haben, so schreibe uns einfach pers\u00f6nlich an und wir finden eine L\u00f6sung.<br \/>\n<div class=\"main-cross-sell\" data-asin=\"B07WCV4S3Z\">\n\n\t<div class=\"WooZone-cross-sell-loader\">\n\t\t<div>\n\t\t\t<div id=\"floatingBarsG\">\n\t\t\t\t<div class=\"blockG\" id=\"rotateG_01\"><\/div>\n\t\t\t\t<div class=\"blockG\" id=\"rotateG_02\"><\/div>\n\t\t\t\t<div class=\"blockG\" id=\"rotateG_03\"><\/div>\n\t\t\t\t<div class=\"blockG\" id=\"rotateG_04\"><\/div>\n\t\t\t\t<div class=\"blockG\" id=\"rotateG_05\"><\/div>\n\t\t\t\t<div class=\"blockG\" id=\"rotateG_06\"><\/div>\n\t\t\t\t<div class=\"blockG\" id=\"rotateG_07\"><\/div>\n\t\t\t\t<div class=\"blockG\" id=\"rotateG_08\"><\/div>\n\t\t\t<\/div>\n\t\t\t<div class=\"WooZone-cross-sell-loader-text\"><\/div>\n\t\t<\/div>\n\t<\/div>\n\n\t\t\n<\/div>\n<div style=\"clear:both;\"><\/div><\/p>\n","protected":false},"excerpt":{"rendered":"<p>BESONDERES ERINNERUNGSST\u00dcCK &#8211; Der Mutterpass ist der st\u00e4ndige Begleiter Deiner Schwangerschaft und dar\u00fcber hinaus (auch f\u00fcr die zweite Schwangerschaft). Du wirst dich wundern, wie oft Du diesen in den H\u00e4nden halten wirst. Die Handmade Mutterpassh\u00fclle von Emadele macht Deinen Mutterpass und die darin enthaltenen Ultraschallbilder zu einem wundersch\u00f6nen Erinnerungsst\u00fcck an diese spannende Zeit.<br \/>\nS\u00dc\u00dfES MOTIV UND STABILER FILZ &#8211; Das liebevoll und mit Blick f\u00fcrs Detail gestaltete Motiv \u2018Aus dem Bauch &#8211; Mitten ins Herz\u2019 l\u00e4sst alle Mutterherzen h\u00f6her schlagen. Da der sch\u00f6nste Mutterpass Organizer nichts bringt, wenn er den Inhalt nicht ordentlich sch\u00fctzt, haben wir uns f\u00fcr einen hochwertigen, sehr dichten und damit festeren Filz entschieden, der eine h\u00f6here Stabilit\u00e4t und Festigkeit bietet als andere Mutterpass-Schutzh\u00fcllen. Deine Dokumente sind so bestens gesch\u00fctzt.<br \/>\nDURCHDACHTE TASCHEN, DAMIT ALLES SEINEN PLATZ HAT &#8211; Diese H\u00fclle ist exakt auf den deutschen Mutterpass zugeschnitten. Zus\u00e4tzlich passen der Impfpass, die Krankenversicherungskarte oder ein USB Stick, sowie Ultraschallbilder in die Mutterpassh\u00fclle Organizer F\u00e4cher hinein. Der praktische und stabile Druckknopf h\u00e4lt die H\u00fclle immer sicher verschlossen, damit keine Dokumente und Erinnerungsst\u00fccke verloren gehen.<\/p>\n","protected":false},"featured_media":27916,"comment_status":"open","ping_status":"closed","template":"","meta":[],"product_brand":[],"product_cat":[21,8929],"product_tag":[],"class_list":{"0":"post-27915","1":"product","2":"type-product","3":"status-publish","4":"has-post-thumbnail","6":"product_cat-baby","7":"product_cat-babygeschenke-baby","8":"pa_binding-babyartikel","9":"pa_brand-emadele","10":"pa_color-baer-dunkelgrau","11":"pa_manufacturer-emadele","12":"pa_model-bb-js-100","13":"pa_size-1-stueck-1er-pack","14":"pa_weight-0-110231131-pfund","16":"first","17":"instock","18":"shipping-taxable","19":"purchasable","20":"product-type-simple","21":"customify-col","22":"product-has-gallery"},"yoast_head":"<!-- This site is optimized with the Yoast SEO plugin v27.3 - https:\/\/yoast.com\/product\/yoast-seo-wordpress\/ -->\n<title>Emadele Mutterpassh\u00fclle &#039;Aus dem Bauch mitten ins Herz&#039; aus Filz Handmade Anthrazit. Mutterpass Schutzh\u00fclle Organizer\u2026 - Markt-XXL<\/title>\n<meta name=\"description\" content=\"Markt-XXL Emadele Mutterpassh\u00fclle &#039;Aus dem Bauch mitten ins Herz&#039; aus Filz Handmade Anthrazit. Mutterpass Schutzh\u00fclle Organizer\u2026\" \/>\n<meta name=\"robots\" content=\"index, follow, max-snippet:-1, max-image-preview:large, max-video-preview:-1\" \/>\n<link rel=\"canonical\" href=\"https:\/\/marktxxl.de\/markt\/produkt\/emadele-mutter-schutzhuelle-aus-dem-bauch-mitten-ins-herz-aus-filz-handmade-anthrazit-mutterpass-schutzhuelle-organizer-faecher-fuer-ultraschallbilder-impfpass-huelle-a5-format-fuer-deutschen-mu\/\" \/>\n<meta property=\"og:locale\" content=\"de_DE\" \/>\n<meta property=\"og:type\" content=\"article\" \/>\n<meta property=\"og:title\" content=\"Emadele Mutterpassh\u00fclle &#039;Aus dem Bauch mitten ins Herz&#039; aus Filz Handmade Anthrazit. Mutterpass Schutzh\u00fclle Organizer\u2026 - Markt-XXL\" \/>\n<meta property=\"og:description\" content=\"Markt-XXL Emadele Mutterpassh\u00fclle &#039;Aus dem Bauch mitten ins Herz&#039; aus Filz Handmade Anthrazit. Mutterpass Schutzh\u00fclle Organizer\u2026\" \/>\n<meta property=\"og:url\" content=\"https:\/\/marktxxl.de\/markt\/produkt\/emadele-mutter-schutzhuelle-aus-dem-bauch-mitten-ins-herz-aus-filz-handmade-anthrazit-mutterpass-schutzhuelle-organizer-faecher-fuer-ultraschallbilder-impfpass-huelle-a5-format-fuer-deutschen-mu\/\" \/>\n<meta property=\"og:site_name\" content=\"Markt-XXL\" \/>\n<meta property=\"article:modified_time\" content=\"2023-04-10T23:36:29+00:00\" \/>\n<meta property=\"og:image\" content=\"https:\/\/m.media-amazon.com\/images\/I\/51ihprcYd2L._SL500_.jpg\" \/>\n\t<meta property=\"og:image:width\" content=\"375\" \/>\n\t<meta property=\"og:image:height\" content=\"500\" \/>\n\t<meta property=\"og:image:type\" content=\"image\/jpeg\" \/>\n<meta name=\"twitter:card\" content=\"summary_large_image\" \/>\n<meta name=\"twitter:label1\" content=\"Gesch\u00e4tzte Lesezeit\" \/>\n\t<meta name=\"twitter:data1\" content=\"2\u00a0Minuten\" \/>\n<script type=\"application\/ld+json\" class=\"yoast-schema-graph\">{\"@context\":\"https:\\\/\\\/schema.org\",\"@graph\":[{\"@type\":\"WebPage\",\"@id\":\"https:\\\/\\\/marktxxl.de\\\/markt\\\/produkt\\\/emadele-mutter-schutzhuelle-aus-dem-bauch-mitten-ins-herz-aus-filz-handmade-anthrazit-mutterpass-schutzhuelle-organizer-faecher-fuer-ultraschallbilder-impfpass-huelle-a5-format-fuer-deutschen-mu\\\/\",\"url\":\"https:\\\/\\\/marktxxl.de\\\/markt\\\/produkt\\\/emadele-mutter-schutzhuelle-aus-dem-bauch-mitten-ins-herz-aus-filz-handmade-anthrazit-mutterpass-schutzhuelle-organizer-faecher-fuer-ultraschallbilder-impfpass-huelle-a5-format-fuer-deutschen-mu\\\/\",\"name\":\"Emadele Mutterpassh\u00fclle 'Aus dem Bauch mitten ins Herz' aus Filz Handmade Anthrazit. Mutterpass Schutzh\u00fclle Organizer\u2026 - Markt-XXL\",\"isPartOf\":{\"@id\":\"https:\\\/\\\/marktxxl.de\\\/markt\\\/#website\"},\"primaryImageOfPage\":{\"@id\":\"https:\\\/\\\/marktxxl.de\\\/markt\\\/produkt\\\/emadele-mutter-schutzhuelle-aus-dem-bauch-mitten-ins-herz-aus-filz-handmade-anthrazit-mutterpass-schutzhuelle-organizer-faecher-fuer-ultraschallbilder-impfpass-huelle-a5-format-fuer-deutschen-mu\\\/#primaryimage\"},\"image\":{\"@id\":\"https:\\\/\\\/marktxxl.de\\\/markt\\\/produkt\\\/emadele-mutter-schutzhuelle-aus-dem-bauch-mitten-ins-herz-aus-filz-handmade-anthrazit-mutterpass-schutzhuelle-organizer-faecher-fuer-ultraschallbilder-impfpass-huelle-a5-format-fuer-deutschen-mu\\\/#primaryimage\"},\"thumbnailUrl\":\"https:\\\/\\\/m.media-amazon.com\\\/images\\\/I\\\/51ihprcYd2L._SL500_.jpg\",\"datePublished\":\"2021-09-12T19:45:03+00:00\",\"dateModified\":\"2023-04-10T23:36:29+00:00\",\"description\":\"Markt-XXL Emadele Mutterpassh\u00fclle 'Aus dem Bauch mitten ins Herz' aus Filz Handmade Anthrazit. Mutterpass Schutzh\u00fclle Organizer\u2026\",\"breadcrumb\":{\"@id\":\"https:\\\/\\\/marktxxl.de\\\/markt\\\/produkt\\\/emadele-mutter-schutzhuelle-aus-dem-bauch-mitten-ins-herz-aus-filz-handmade-anthrazit-mutterpass-schutzhuelle-organizer-faecher-fuer-ultraschallbilder-impfpass-huelle-a5-format-fuer-deutschen-mu\\\/#breadcrumb\"},\"inLanguage\":\"de\",\"potentialAction\":[{\"@type\":\"ReadAction\",\"target\":[\"https:\\\/\\\/marktxxl.de\\\/markt\\\/produkt\\\/emadele-mutter-schutzhuelle-aus-dem-bauch-mitten-ins-herz-aus-filz-handmade-anthrazit-mutterpass-schutzhuelle-organizer-faecher-fuer-ultraschallbilder-impfpass-huelle-a5-format-fuer-deutschen-mu\\\/\"]}]},{\"@type\":\"ImageObject\",\"inLanguage\":\"de\",\"@id\":\"https:\\\/\\\/marktxxl.de\\\/markt\\\/produkt\\\/emadele-mutter-schutzhuelle-aus-dem-bauch-mitten-ins-herz-aus-filz-handmade-anthrazit-mutterpass-schutzhuelle-organizer-faecher-fuer-ultraschallbilder-impfpass-huelle-a5-format-fuer-deutschen-mu\\\/#primaryimage\",\"url\":\"https:\\\/\\\/m.media-amazon.com\\\/images\\\/I\\\/51ihprcYd2L._SL500_.jpg\",\"contentUrl\":\"https:\\\/\\\/m.media-amazon.com\\\/images\\\/I\\\/51ihprcYd2L._SL500_.jpg\",\"width\":375,\"height\":500},{\"@type\":\"BreadcrumbList\",\"@id\":\"https:\\\/\\\/marktxxl.de\\\/markt\\\/produkt\\\/emadele-mutter-schutzhuelle-aus-dem-bauch-mitten-ins-herz-aus-filz-handmade-anthrazit-mutterpass-schutzhuelle-organizer-faecher-fuer-ultraschallbilder-impfpass-huelle-a5-format-fuer-deutschen-mu\\\/#breadcrumb\",\"itemListElement\":[{\"@type\":\"ListItem\",\"position\":1,\"name\":\"Startseite\",\"item\":\"https:\\\/\\\/marktxxl.de\\\/markt\\\/\"},{\"@type\":\"ListItem\",\"position\":2,\"name\":\"Markt\",\"item\":\"https:\\\/\\\/marktxxl.de\\\/markt\\\/\"},{\"@type\":\"ListItem\",\"position\":3,\"name\":\"Emadele Mutterpassh\u00fclle &#8216;Aus dem Bauch mitten ins Herz&#8217; aus Filz Handmade Anthrazit. Mutterpass Schutzh\u00fclle Organizer\u2026\"}]},{\"@type\":\"WebSite\",\"@id\":\"https:\\\/\\\/marktxxl.de\\\/markt\\\/#website\",\"url\":\"https:\\\/\\\/marktxxl.de\\\/markt\\\/\",\"name\":\"Markt-XXL\",\"description\":\"Ihr Markt Online\",\"publisher\":{\"@id\":\"https:\\\/\\\/marktxxl.de\\\/markt\\\/#organization\"},\"potentialAction\":[{\"@type\":\"SearchAction\",\"target\":{\"@type\":\"EntryPoint\",\"urlTemplate\":\"https:\\\/\\\/marktxxl.de\\\/markt\\\/?s={search_term_string}\"},\"query-input\":{\"@type\":\"PropertyValueSpecification\",\"valueRequired\":true,\"valueName\":\"search_term_string\"}}],\"inLanguage\":\"de\"},{\"@type\":\"Organization\",\"@id\":\"https:\\\/\\\/marktxxl.de\\\/markt\\\/#organization\",\"name\":\"Markt-XXL\",\"url\":\"https:\\\/\\\/marktxxl.de\\\/markt\\\/\",\"logo\":{\"@type\":\"ImageObject\",\"inLanguage\":\"de\",\"@id\":\"https:\\\/\\\/marktxxl.de\\\/markt\\\/#\\\/schema\\\/logo\\\/image\\\/\",\"url\":\"https:\\\/\\\/marktxxl.de\\\/markt\\\/wp-content\\\/uploads\\\/sites\\\/3\\\/2020\\\/12\\\/logo.png\",\"contentUrl\":\"https:\\\/\\\/marktxxl.de\\\/markt\\\/wp-content\\\/uploads\\\/sites\\\/3\\\/2020\\\/12\\\/logo.png\",\"width\":200,\"height\":70,\"caption\":\"Markt-XXL\"},\"image\":{\"@id\":\"https:\\\/\\\/marktxxl.de\\\/markt\\\/#\\\/schema\\\/logo\\\/image\\\/\"}}]}<\/script>\n<!-- \/ Yoast SEO plugin. -->","yoast_head_json":{"title":"Emadele Mutterpassh\u00fclle 'Aus dem Bauch mitten ins Herz' aus Filz Handmade Anthrazit. Mutterpass Schutzh\u00fclle Organizer\u2026 - Markt-XXL","description":"Markt-XXL Emadele Mutterpassh\u00fclle 'Aus dem Bauch mitten ins Herz' aus Filz Handmade Anthrazit. Mutterpass Schutzh\u00fclle Organizer\u2026","robots":{"index":"index","follow":"follow","max-snippet":"max-snippet:-1","max-image-preview":"max-image-preview:large","max-video-preview":"max-video-preview:-1"},"canonical":"https:\/\/marktxxl.de\/markt\/produkt\/emadele-mutter-schutzhuelle-aus-dem-bauch-mitten-ins-herz-aus-filz-handmade-anthrazit-mutterpass-schutzhuelle-organizer-faecher-fuer-ultraschallbilder-impfpass-huelle-a5-format-fuer-deutschen-mu\/","og_locale":"de_DE","og_type":"article","og_title":"Emadele Mutterpassh\u00fclle 'Aus dem Bauch mitten ins Herz' aus Filz Handmade Anthrazit. Mutterpass Schutzh\u00fclle Organizer\u2026 - Markt-XXL","og_description":"Markt-XXL Emadele Mutterpassh\u00fclle 'Aus dem Bauch mitten ins Herz' aus Filz Handmade Anthrazit. Mutterpass Schutzh\u00fclle Organizer\u2026","og_url":"https:\/\/marktxxl.de\/markt\/produkt\/emadele-mutter-schutzhuelle-aus-dem-bauch-mitten-ins-herz-aus-filz-handmade-anthrazit-mutterpass-schutzhuelle-organizer-faecher-fuer-ultraschallbilder-impfpass-huelle-a5-format-fuer-deutschen-mu\/","og_site_name":"Markt-XXL","article_modified_time":"2023-04-10T23:36:29+00:00","og_image":[{"width":375,"height":500,"url":"https:\/\/m.media-amazon.com\/images\/I\/51ihprcYd2L._SL500_.jpg","type":"image\/jpeg"}],"twitter_card":"summary_large_image","twitter_misc":{"Gesch\u00e4tzte Lesezeit":"2\u00a0Minuten"},"schema":{"@context":"https:\/\/schema.org","@graph":[{"@type":"WebPage","@id":"https:\/\/marktxxl.de\/markt\/produkt\/emadele-mutter-schutzhuelle-aus-dem-bauch-mitten-ins-herz-aus-filz-handmade-anthrazit-mutterpass-schutzhuelle-organizer-faecher-fuer-ultraschallbilder-impfpass-huelle-a5-format-fuer-deutschen-mu\/","url":"https:\/\/marktxxl.de\/markt\/produkt\/emadele-mutter-schutzhuelle-aus-dem-bauch-mitten-ins-herz-aus-filz-handmade-anthrazit-mutterpass-schutzhuelle-organizer-faecher-fuer-ultraschallbilder-impfpass-huelle-a5-format-fuer-deutschen-mu\/","name":"Emadele Mutterpassh\u00fclle 'Aus dem Bauch mitten ins Herz' aus Filz Handmade Anthrazit. Mutterpass Schutzh\u00fclle Organizer\u2026 - Markt-XXL","isPartOf":{"@id":"https:\/\/marktxxl.de\/markt\/#website"},"primaryImageOfPage":{"@id":"https:\/\/marktxxl.de\/markt\/produkt\/emadele-mutter-schutzhuelle-aus-dem-bauch-mitten-ins-herz-aus-filz-handmade-anthrazit-mutterpass-schutzhuelle-organizer-faecher-fuer-ultraschallbilder-impfpass-huelle-a5-format-fuer-deutschen-mu\/#primaryimage"},"image":{"@id":"https:\/\/marktxxl.de\/markt\/produkt\/emadele-mutter-schutzhuelle-aus-dem-bauch-mitten-ins-herz-aus-filz-handmade-anthrazit-mutterpass-schutzhuelle-organizer-faecher-fuer-ultraschallbilder-impfpass-huelle-a5-format-fuer-deutschen-mu\/#primaryimage"},"thumbnailUrl":"https:\/\/m.media-amazon.com\/images\/I\/51ihprcYd2L._SL500_.jpg","datePublished":"2021-09-12T19:45:03+00:00","dateModified":"2023-04-10T23:36:29+00:00","description":"Markt-XXL Emadele Mutterpassh\u00fclle 'Aus dem Bauch mitten ins Herz' aus Filz Handmade Anthrazit. Mutterpass Schutzh\u00fclle Organizer\u2026","breadcrumb":{"@id":"https:\/\/marktxxl.de\/markt\/produkt\/emadele-mutter-schutzhuelle-aus-dem-bauch-mitten-ins-herz-aus-filz-handmade-anthrazit-mutterpass-schutzhuelle-organizer-faecher-fuer-ultraschallbilder-impfpass-huelle-a5-format-fuer-deutschen-mu\/#breadcrumb"},"inLanguage":"de","potentialAction":[{"@type":"ReadAction","target":["https:\/\/marktxxl.de\/markt\/produkt\/emadele-mutter-schutzhuelle-aus-dem-bauch-mitten-ins-herz-aus-filz-handmade-anthrazit-mutterpass-schutzhuelle-organizer-faecher-fuer-ultraschallbilder-impfpass-huelle-a5-format-fuer-deutschen-mu\/"]}]},{"@type":"ImageObject","inLanguage":"de","@id":"https:\/\/marktxxl.de\/markt\/produkt\/emadele-mutter-schutzhuelle-aus-dem-bauch-mitten-ins-herz-aus-filz-handmade-anthrazit-mutterpass-schutzhuelle-organizer-faecher-fuer-ultraschallbilder-impfpass-huelle-a5-format-fuer-deutschen-mu\/#primaryimage","url":"https:\/\/m.media-amazon.com\/images\/I\/51ihprcYd2L._SL500_.jpg","contentUrl":"https:\/\/m.media-amazon.com\/images\/I\/51ihprcYd2L._SL500_.jpg","width":375,"height":500},{"@type":"BreadcrumbList","@id":"https:\/\/marktxxl.de\/markt\/produkt\/emadele-mutter-schutzhuelle-aus-dem-bauch-mitten-ins-herz-aus-filz-handmade-anthrazit-mutterpass-schutzhuelle-organizer-faecher-fuer-ultraschallbilder-impfpass-huelle-a5-format-fuer-deutschen-mu\/#breadcrumb","itemListElement":[{"@type":"ListItem","position":1,"name":"Startseite","item":"https:\/\/marktxxl.de\/markt\/"},{"@type":"ListItem","position":2,"name":"Markt","item":"https:\/\/marktxxl.de\/markt\/"},{"@type":"ListItem","position":3,"name":"Emadele Mutterpassh\u00fclle &#8216;Aus dem Bauch mitten ins Herz&#8217; aus Filz Handmade Anthrazit. Mutterpass Schutzh\u00fclle Organizer\u2026"}]},{"@type":"WebSite","@id":"https:\/\/marktxxl.de\/markt\/#website","url":"https:\/\/marktxxl.de\/markt\/","name":"Markt-XXL","description":"Ihr Markt Online","publisher":{"@id":"https:\/\/marktxxl.de\/markt\/#organization"},"potentialAction":[{"@type":"SearchAction","target":{"@type":"EntryPoint","urlTemplate":"https:\/\/marktxxl.de\/markt\/?s={search_term_string}"},"query-input":{"@type":"PropertyValueSpecification","valueRequired":true,"valueName":"search_term_string"}}],"inLanguage":"de"},{"@type":"Organization","@id":"https:\/\/marktxxl.de\/markt\/#organization","name":"Markt-XXL","url":"https:\/\/marktxxl.de\/markt\/","logo":{"@type":"ImageObject","inLanguage":"de","@id":"https:\/\/marktxxl.de\/markt\/#\/schema\/logo\/image\/","url":"https:\/\/marktxxl.de\/markt\/wp-content\/uploads\/sites\/3\/2020\/12\/logo.png","contentUrl":"https:\/\/marktxxl.de\/markt\/wp-content\/uploads\/sites\/3\/2020\/12\/logo.png","width":200,"height":70,"caption":"Markt-XXL"},"image":{"@id":"https:\/\/marktxxl.de\/markt\/#\/schema\/logo\/image\/"}}]}},"_links":{"self":[{"href":"https:\/\/marktxxl.de\/markt\/wp-json\/wp\/v2\/product\/27915","targetHints":{"allow":["GET"]}}],"collection":[{"href":"https:\/\/marktxxl.de\/markt\/wp-json\/wp\/v2\/product"}],"about":[{"href":"https:\/\/marktxxl.de\/markt\/wp-json\/wp\/v2\/types\/product"}],"replies":[{"embeddable":true,"href":"https:\/\/marktxxl.de\/markt\/wp-json\/wp\/v2\/comments?post=27915"}],"wp:featuredmedia":[{"embeddable":true,"href":"https:\/\/marktxxl.de\/markt\/wp-json\/wp\/v2\/media\/27916"}],"wp:attachment":[{"href":"https:\/\/marktxxl.de\/markt\/wp-json\/wp\/v2\/media?parent=27915"}],"wp:term":[{"taxonomy":"product_brand","embeddable":true,"href":"https:\/\/marktxxl.de\/markt\/wp-json\/wp\/v2\/product_brand?post=27915"},{"taxonomy":"product_cat","embeddable":true,"href":"https:\/\/marktxxl.de\/markt\/wp-json\/wp\/v2\/product_cat?post=27915"},{"taxonomy":"product_tag","embeddable":true,"href":"https:\/\/marktxxl.de\/markt\/wp-json\/wp\/v2\/product_tag?post=27915"}],"curies":[{"name":"wp","href":"https:\/\/api.w.org\/{rel}","templated":true}]}}