{"id":27889,"date":"2021-09-12T21:43:39","date_gmt":"2021-09-12T19:43:39","guid":{"rendered":"https:\/\/marktxxl.de\/markt\/produkt\/babysicherheit-magnetisches-schrankschloss-10-schloesser-mit-2-schluessel-unsichtbare-kindersicherung-fuer-schrank-und-schubladen-ohne-bohren-und-schrauben-norjews\/"},"modified":"2023-04-11T01:36:29","modified_gmt":"2023-04-10T23:36:29","slug":"babysicherheit-magnetisches-schrankschloss-10-schloesser-mit-2-schluessel-unsichtbare-kindersicherung-fuer-schrank-und-schubladen-ohne-bohren-und-schrauben-norjews","status":"publish","type":"product","link":"https:\/\/marktxxl.de\/markt\/produkt\/babysicherheit-magnetisches-schrankschloss-10-schloesser-mit-2-schluessel-unsichtbare-kindersicherung-fuer-schrank-und-schubladen-ohne-bohren-und-schrauben-norjews\/","title":{"rendered":"Babysicherheit Magnetisches Schrankschloss 10 Schl\u00f6sser mit 2 Schl\u00fcssel, unsichtbare Kindersicherung f\u00fcr Schrank und\u2026"},"content":{"rendered":"<p>Sch\u00fctzen Sie ihr baby &#8211; Halten Sie Ihre neugierigen kleinenUnsichtbar von dem Au\u00dfen Kinder weg von den Schubladen und Schr\u00e4nken, die mit gef\u00e4hrlichen Werkzeuge oder Chemikalien gef\u00fcllt werden.<br \/>\nEinfaches Anbringen &#8211; keine Schrauben oder Werkzeug ben\u00f6tigt. Kommt mit Installationshilfen. Die Montage der Kindersicherung Schrank ist kinderleicht und mit Hilfe unserer ausf\u00fchrlichen Anleitung und dem passenden Video zur Installation in wenigen Minuten erledigt.<br \/>\nHalten Sie Ihre M\u00f6bel immer sch\u00f6n &#8211; Aufgrund des inneren Installationsdesigns der Baby Sicherheit Schrank werden Ihre Kleinkinder und G\u00e4ste sie nicht sehen. Dieses unsichtbare Design verhindert nicht nur das Zerbrechen von Babys, sondern bewahrt auch das urspr\u00fcngliche Aussehen Ihrer M\u00f6bel.<br \/>\nPraktisch f\u00fcr den t\u00e4glichen Gebrauch &#8211; Vielleicht m\u00f6chten Sie nicht die Schubladen sperren, wenn Babys nicht in Ihrer N\u00e4he sind. Keine Notwendigkeit, die Schranksicherung Schl\u00f6sser zu entfernen, schalten Sie einfach den normalen \u00f6ffnenden Schalter um, dann bleiben die Verriegelungen unverschlossen.<br \/>\nLeistungsstarke Magnetschl\u00fcssel und schl\u00f6sser &#8211; F\u00e4hig in eine Dicke von 35mm oder 1,38 Zoll innerhalb des Geh\u00e4uses einzudringen. Passen Sie die meisten Schubladen und Schr\u00e4nke.<br \/>\n<div class=\"main-cross-sell\" data-asin=\"B07K1XH1P4\">\n\n\t<div class=\"WooZone-cross-sell-loader\">\n\t\t<div>\n\t\t\t<div id=\"floatingBarsG\">\n\t\t\t\t<div class=\"blockG\" id=\"rotateG_01\"><\/div>\n\t\t\t\t<div class=\"blockG\" id=\"rotateG_02\"><\/div>\n\t\t\t\t<div class=\"blockG\" id=\"rotateG_03\"><\/div>\n\t\t\t\t<div class=\"blockG\" id=\"rotateG_04\"><\/div>\n\t\t\t\t<div class=\"blockG\" id=\"rotateG_05\"><\/div>\n\t\t\t\t<div class=\"blockG\" id=\"rotateG_06\"><\/div>\n\t\t\t\t<div class=\"blockG\" id=\"rotateG_07\"><\/div>\n\t\t\t\t<div class=\"blockG\" id=\"rotateG_08\"><\/div>\n\t\t\t<\/div>\n\t\t\t<div class=\"WooZone-cross-sell-loader-text\"><\/div>\n\t\t<\/div>\n\t<\/div>\n\n\t\t\n<\/div>\n<div style=\"clear:both;\"><\/div><\/p>\n","protected":false},"excerpt":{"rendered":"<p>Sch\u00fctzen Sie ihr baby &#8211; Halten Sie Ihre neugierigen kleinenUnsichtbar von dem Au\u00dfen Kinder weg von den Schubladen und Schr\u00e4nken, die mit gef\u00e4hrlichen Werkzeuge oder Chemikalien gef\u00fcllt werden.<br \/>\nEinfaches Anbringen &#8211; keine Schrauben oder Werkzeug ben\u00f6tigt. Kommt mit Installationshilfen. Die Montage der Kindersicherung Schrank ist kinderleicht und mit Hilfe unserer ausf\u00fchrlichen Anleitung und dem passenden Video zur Installation in wenigen Minuten erledigt.<br \/>\nHalten Sie Ihre M\u00f6bel immer sch\u00f6n &#8211; Aufgrund des inneren Installationsdesigns der Baby Sicherheit Schrank werden Ihre Kleinkinder und G\u00e4ste sie nicht sehen. Dieses unsichtbare Design verhindert nicht nur das Zerbrechen von Babys, sondern bewahrt auch das urspr\u00fcngliche Aussehen Ihrer M\u00f6bel.<\/p>\n","protected":false},"featured_media":27890,"comment_status":"open","ping_status":"closed","template":"","meta":[],"product_brand":[],"product_cat":[21,9378],"product_tag":[],"class_list":{"0":"post-27889","1":"product","2":"type-product","3":"status-publish","4":"has-post-thumbnail","6":"product_cat-baby","7":"product_cat-sicherheit-baby","8":"pa_binding-babyartikel","9":"pa_brand-norjews","10":"pa_color-weisse","11":"pa_manufacturer-norjews","12":"pa_model-tompol-0519-1103-36","13":"pa_size-2x10","15":"first","16":"instock","17":"shipping-taxable","18":"purchasable","19":"product-type-simple","20":"customify-col","21":"product-has-gallery"},"yoast_head":"<!-- This site is optimized with the Yoast SEO plugin v27.4 - https:\/\/yoast.com\/product\/yoast-seo-wordpress\/ -->\n<title>Babysicherheit Magnetisches Schrankschloss 10 Schl\u00f6sser mit 2 Schl\u00fcssel, unsichtbare Kindersicherung f\u00fcr Schrank und\u2026 - Markt-XXL<\/title>\n<meta name=\"description\" content=\"Markt-XXL Babysicherheit Magnetisches Schrankschloss 10 Schl\u00f6sser mit 2 Schl\u00fcssel, unsichtbare Kindersicherung f\u00fcr Schrank und\u2026\" \/>\n<meta name=\"robots\" content=\"index, follow, max-snippet:-1, max-image-preview:large, max-video-preview:-1\" \/>\n<link rel=\"canonical\" href=\"https:\/\/marktxxl.de\/markt\/produkt\/babysicherheit-magnetisches-schrankschloss-10-schloesser-mit-2-schluessel-unsichtbare-kindersicherung-fuer-schrank-und-schubladen-ohne-bohren-und-schrauben-norjews\/\" \/>\n<meta property=\"og:locale\" content=\"de_DE\" \/>\n<meta property=\"og:type\" content=\"article\" \/>\n<meta property=\"og:title\" content=\"Babysicherheit Magnetisches Schrankschloss 10 Schl\u00f6sser mit 2 Schl\u00fcssel, unsichtbare Kindersicherung f\u00fcr Schrank und\u2026 - Markt-XXL\" \/>\n<meta property=\"og:description\" content=\"Markt-XXL Babysicherheit Magnetisches Schrankschloss 10 Schl\u00f6sser mit 2 Schl\u00fcssel, unsichtbare Kindersicherung f\u00fcr Schrank und\u2026\" \/>\n<meta property=\"og:url\" content=\"https:\/\/marktxxl.de\/markt\/produkt\/babysicherheit-magnetisches-schrankschloss-10-schloesser-mit-2-schluessel-unsichtbare-kindersicherung-fuer-schrank-und-schubladen-ohne-bohren-und-schrauben-norjews\/\" \/>\n<meta property=\"og:site_name\" content=\"Markt-XXL\" \/>\n<meta property=\"article:modified_time\" content=\"2023-04-10T23:36:29+00:00\" \/>\n<meta property=\"og:image\" content=\"https:\/\/m.media-amazon.com\/images\/I\/41J3HvpUOUL._SL500_.jpg\" \/>\n\t<meta property=\"og:image:width\" content=\"500\" \/>\n\t<meta property=\"og:image:height\" content=\"361\" \/>\n\t<meta property=\"og:image:type\" content=\"image\/jpeg\" \/>\n<meta name=\"twitter:card\" content=\"summary_large_image\" \/>\n<meta name=\"twitter:label1\" content=\"Gesch\u00e4tzte Lesezeit\" \/>\n\t<meta name=\"twitter:data1\" content=\"1\u00a0Minute\" \/>\n<script type=\"application\/ld+json\" class=\"yoast-schema-graph\">{\"@context\":\"https:\\\/\\\/schema.org\",\"@graph\":[{\"@type\":\"WebPage\",\"@id\":\"https:\\\/\\\/marktxxl.de\\\/markt\\\/produkt\\\/babysicherheit-magnetisches-schrankschloss-10-schloesser-mit-2-schluessel-unsichtbare-kindersicherung-fuer-schrank-und-schubladen-ohne-bohren-und-schrauben-norjews\\\/\",\"url\":\"https:\\\/\\\/marktxxl.de\\\/markt\\\/produkt\\\/babysicherheit-magnetisches-schrankschloss-10-schloesser-mit-2-schluessel-unsichtbare-kindersicherung-fuer-schrank-und-schubladen-ohne-bohren-und-schrauben-norjews\\\/\",\"name\":\"Babysicherheit Magnetisches Schrankschloss 10 Schl\u00f6sser mit 2 Schl\u00fcssel, unsichtbare Kindersicherung f\u00fcr Schrank und\u2026 - Markt-XXL\",\"isPartOf\":{\"@id\":\"https:\\\/\\\/marktxxl.de\\\/markt\\\/#website\"},\"primaryImageOfPage\":{\"@id\":\"https:\\\/\\\/marktxxl.de\\\/markt\\\/produkt\\\/babysicherheit-magnetisches-schrankschloss-10-schloesser-mit-2-schluessel-unsichtbare-kindersicherung-fuer-schrank-und-schubladen-ohne-bohren-und-schrauben-norjews\\\/#primaryimage\"},\"image\":{\"@id\":\"https:\\\/\\\/marktxxl.de\\\/markt\\\/produkt\\\/babysicherheit-magnetisches-schrankschloss-10-schloesser-mit-2-schluessel-unsichtbare-kindersicherung-fuer-schrank-und-schubladen-ohne-bohren-und-schrauben-norjews\\\/#primaryimage\"},\"thumbnailUrl\":\"https:\\\/\\\/m.media-amazon.com\\\/images\\\/I\\\/41J3HvpUOUL._SL500_.jpg\",\"datePublished\":\"2021-09-12T19:43:39+00:00\",\"dateModified\":\"2023-04-10T23:36:29+00:00\",\"description\":\"Markt-XXL Babysicherheit Magnetisches Schrankschloss 10 Schl\u00f6sser mit 2 Schl\u00fcssel, unsichtbare Kindersicherung f\u00fcr Schrank und\u2026\",\"breadcrumb\":{\"@id\":\"https:\\\/\\\/marktxxl.de\\\/markt\\\/produkt\\\/babysicherheit-magnetisches-schrankschloss-10-schloesser-mit-2-schluessel-unsichtbare-kindersicherung-fuer-schrank-und-schubladen-ohne-bohren-und-schrauben-norjews\\\/#breadcrumb\"},\"inLanguage\":\"de\",\"potentialAction\":[{\"@type\":\"ReadAction\",\"target\":[\"https:\\\/\\\/marktxxl.de\\\/markt\\\/produkt\\\/babysicherheit-magnetisches-schrankschloss-10-schloesser-mit-2-schluessel-unsichtbare-kindersicherung-fuer-schrank-und-schubladen-ohne-bohren-und-schrauben-norjews\\\/\"]}]},{\"@type\":\"ImageObject\",\"inLanguage\":\"de\",\"@id\":\"https:\\\/\\\/marktxxl.de\\\/markt\\\/produkt\\\/babysicherheit-magnetisches-schrankschloss-10-schloesser-mit-2-schluessel-unsichtbare-kindersicherung-fuer-schrank-und-schubladen-ohne-bohren-und-schrauben-norjews\\\/#primaryimage\",\"url\":\"https:\\\/\\\/m.media-amazon.com\\\/images\\\/I\\\/41J3HvpUOUL._SL500_.jpg\",\"contentUrl\":\"https:\\\/\\\/m.media-amazon.com\\\/images\\\/I\\\/41J3HvpUOUL._SL500_.jpg\",\"width\":500,\"height\":361},{\"@type\":\"BreadcrumbList\",\"@id\":\"https:\\\/\\\/marktxxl.de\\\/markt\\\/produkt\\\/babysicherheit-magnetisches-schrankschloss-10-schloesser-mit-2-schluessel-unsichtbare-kindersicherung-fuer-schrank-und-schubladen-ohne-bohren-und-schrauben-norjews\\\/#breadcrumb\",\"itemListElement\":[{\"@type\":\"ListItem\",\"position\":1,\"name\":\"Startseite\",\"item\":\"https:\\\/\\\/marktxxl.de\\\/markt\\\/\"},{\"@type\":\"ListItem\",\"position\":2,\"name\":\"Markt\",\"item\":\"https:\\\/\\\/marktxxl.de\\\/markt\\\/\"},{\"@type\":\"ListItem\",\"position\":3,\"name\":\"Babysicherheit Magnetisches Schrankschloss 10 Schl\u00f6sser mit 2 Schl\u00fcssel, unsichtbare Kindersicherung f\u00fcr Schrank und\u2026\"}]},{\"@type\":\"WebSite\",\"@id\":\"https:\\\/\\\/marktxxl.de\\\/markt\\\/#website\",\"url\":\"https:\\\/\\\/marktxxl.de\\\/markt\\\/\",\"name\":\"Markt-XXL\",\"description\":\"Ihr Markt Online\",\"publisher\":{\"@id\":\"https:\\\/\\\/marktxxl.de\\\/markt\\\/#organization\"},\"potentialAction\":[{\"@type\":\"SearchAction\",\"target\":{\"@type\":\"EntryPoint\",\"urlTemplate\":\"https:\\\/\\\/marktxxl.de\\\/markt\\\/?s={search_term_string}\"},\"query-input\":{\"@type\":\"PropertyValueSpecification\",\"valueRequired\":true,\"valueName\":\"search_term_string\"}}],\"inLanguage\":\"de\"},{\"@type\":\"Organization\",\"@id\":\"https:\\\/\\\/marktxxl.de\\\/markt\\\/#organization\",\"name\":\"Markt-XXL\",\"url\":\"https:\\\/\\\/marktxxl.de\\\/markt\\\/\",\"logo\":{\"@type\":\"ImageObject\",\"inLanguage\":\"de\",\"@id\":\"https:\\\/\\\/marktxxl.de\\\/markt\\\/#\\\/schema\\\/logo\\\/image\\\/\",\"url\":\"https:\\\/\\\/marktxxl.de\\\/markt\\\/wp-content\\\/uploads\\\/sites\\\/3\\\/2020\\\/12\\\/logo.png\",\"contentUrl\":\"https:\\\/\\\/marktxxl.de\\\/markt\\\/wp-content\\\/uploads\\\/sites\\\/3\\\/2020\\\/12\\\/logo.png\",\"width\":200,\"height\":70,\"caption\":\"Markt-XXL\"},\"image\":{\"@id\":\"https:\\\/\\\/marktxxl.de\\\/markt\\\/#\\\/schema\\\/logo\\\/image\\\/\"}}]}<\/script>\n<!-- \/ Yoast SEO plugin. -->","yoast_head_json":{"title":"Babysicherheit Magnetisches Schrankschloss 10 Schl\u00f6sser mit 2 Schl\u00fcssel, unsichtbare Kindersicherung f\u00fcr Schrank und\u2026 - Markt-XXL","description":"Markt-XXL Babysicherheit Magnetisches Schrankschloss 10 Schl\u00f6sser mit 2 Schl\u00fcssel, unsichtbare Kindersicherung f\u00fcr Schrank und\u2026","robots":{"index":"index","follow":"follow","max-snippet":"max-snippet:-1","max-image-preview":"max-image-preview:large","max-video-preview":"max-video-preview:-1"},"canonical":"https:\/\/marktxxl.de\/markt\/produkt\/babysicherheit-magnetisches-schrankschloss-10-schloesser-mit-2-schluessel-unsichtbare-kindersicherung-fuer-schrank-und-schubladen-ohne-bohren-und-schrauben-norjews\/","og_locale":"de_DE","og_type":"article","og_title":"Babysicherheit Magnetisches Schrankschloss 10 Schl\u00f6sser mit 2 Schl\u00fcssel, unsichtbare Kindersicherung f\u00fcr Schrank und\u2026 - Markt-XXL","og_description":"Markt-XXL Babysicherheit Magnetisches Schrankschloss 10 Schl\u00f6sser mit 2 Schl\u00fcssel, unsichtbare Kindersicherung f\u00fcr Schrank und\u2026","og_url":"https:\/\/marktxxl.de\/markt\/produkt\/babysicherheit-magnetisches-schrankschloss-10-schloesser-mit-2-schluessel-unsichtbare-kindersicherung-fuer-schrank-und-schubladen-ohne-bohren-und-schrauben-norjews\/","og_site_name":"Markt-XXL","article_modified_time":"2023-04-10T23:36:29+00:00","og_image":[{"width":500,"height":361,"url":"https:\/\/m.media-amazon.com\/images\/I\/41J3HvpUOUL._SL500_.jpg","type":"image\/jpeg"}],"twitter_card":"summary_large_image","twitter_misc":{"Gesch\u00e4tzte Lesezeit":"1\u00a0Minute"},"schema":{"@context":"https:\/\/schema.org","@graph":[{"@type":"WebPage","@id":"https:\/\/marktxxl.de\/markt\/produkt\/babysicherheit-magnetisches-schrankschloss-10-schloesser-mit-2-schluessel-unsichtbare-kindersicherung-fuer-schrank-und-schubladen-ohne-bohren-und-schrauben-norjews\/","url":"https:\/\/marktxxl.de\/markt\/produkt\/babysicherheit-magnetisches-schrankschloss-10-schloesser-mit-2-schluessel-unsichtbare-kindersicherung-fuer-schrank-und-schubladen-ohne-bohren-und-schrauben-norjews\/","name":"Babysicherheit Magnetisches Schrankschloss 10 Schl\u00f6sser mit 2 Schl\u00fcssel, unsichtbare Kindersicherung f\u00fcr Schrank und\u2026 - Markt-XXL","isPartOf":{"@id":"https:\/\/marktxxl.de\/markt\/#website"},"primaryImageOfPage":{"@id":"https:\/\/marktxxl.de\/markt\/produkt\/babysicherheit-magnetisches-schrankschloss-10-schloesser-mit-2-schluessel-unsichtbare-kindersicherung-fuer-schrank-und-schubladen-ohne-bohren-und-schrauben-norjews\/#primaryimage"},"image":{"@id":"https:\/\/marktxxl.de\/markt\/produkt\/babysicherheit-magnetisches-schrankschloss-10-schloesser-mit-2-schluessel-unsichtbare-kindersicherung-fuer-schrank-und-schubladen-ohne-bohren-und-schrauben-norjews\/#primaryimage"},"thumbnailUrl":"https:\/\/m.media-amazon.com\/images\/I\/41J3HvpUOUL._SL500_.jpg","datePublished":"2021-09-12T19:43:39+00:00","dateModified":"2023-04-10T23:36:29+00:00","description":"Markt-XXL Babysicherheit Magnetisches Schrankschloss 10 Schl\u00f6sser mit 2 Schl\u00fcssel, unsichtbare Kindersicherung f\u00fcr Schrank und\u2026","breadcrumb":{"@id":"https:\/\/marktxxl.de\/markt\/produkt\/babysicherheit-magnetisches-schrankschloss-10-schloesser-mit-2-schluessel-unsichtbare-kindersicherung-fuer-schrank-und-schubladen-ohne-bohren-und-schrauben-norjews\/#breadcrumb"},"inLanguage":"de","potentialAction":[{"@type":"ReadAction","target":["https:\/\/marktxxl.de\/markt\/produkt\/babysicherheit-magnetisches-schrankschloss-10-schloesser-mit-2-schluessel-unsichtbare-kindersicherung-fuer-schrank-und-schubladen-ohne-bohren-und-schrauben-norjews\/"]}]},{"@type":"ImageObject","inLanguage":"de","@id":"https:\/\/marktxxl.de\/markt\/produkt\/babysicherheit-magnetisches-schrankschloss-10-schloesser-mit-2-schluessel-unsichtbare-kindersicherung-fuer-schrank-und-schubladen-ohne-bohren-und-schrauben-norjews\/#primaryimage","url":"https:\/\/m.media-amazon.com\/images\/I\/41J3HvpUOUL._SL500_.jpg","contentUrl":"https:\/\/m.media-amazon.com\/images\/I\/41J3HvpUOUL._SL500_.jpg","width":500,"height":361},{"@type":"BreadcrumbList","@id":"https:\/\/marktxxl.de\/markt\/produkt\/babysicherheit-magnetisches-schrankschloss-10-schloesser-mit-2-schluessel-unsichtbare-kindersicherung-fuer-schrank-und-schubladen-ohne-bohren-und-schrauben-norjews\/#breadcrumb","itemListElement":[{"@type":"ListItem","position":1,"name":"Startseite","item":"https:\/\/marktxxl.de\/markt\/"},{"@type":"ListItem","position":2,"name":"Markt","item":"https:\/\/marktxxl.de\/markt\/"},{"@type":"ListItem","position":3,"name":"Babysicherheit Magnetisches Schrankschloss 10 Schl\u00f6sser mit 2 Schl\u00fcssel, unsichtbare Kindersicherung f\u00fcr Schrank und\u2026"}]},{"@type":"WebSite","@id":"https:\/\/marktxxl.de\/markt\/#website","url":"https:\/\/marktxxl.de\/markt\/","name":"Markt-XXL","description":"Ihr Markt Online","publisher":{"@id":"https:\/\/marktxxl.de\/markt\/#organization"},"potentialAction":[{"@type":"SearchAction","target":{"@type":"EntryPoint","urlTemplate":"https:\/\/marktxxl.de\/markt\/?s={search_term_string}"},"query-input":{"@type":"PropertyValueSpecification","valueRequired":true,"valueName":"search_term_string"}}],"inLanguage":"de"},{"@type":"Organization","@id":"https:\/\/marktxxl.de\/markt\/#organization","name":"Markt-XXL","url":"https:\/\/marktxxl.de\/markt\/","logo":{"@type":"ImageObject","inLanguage":"de","@id":"https:\/\/marktxxl.de\/markt\/#\/schema\/logo\/image\/","url":"https:\/\/marktxxl.de\/markt\/wp-content\/uploads\/sites\/3\/2020\/12\/logo.png","contentUrl":"https:\/\/marktxxl.de\/markt\/wp-content\/uploads\/sites\/3\/2020\/12\/logo.png","width":200,"height":70,"caption":"Markt-XXL"},"image":{"@id":"https:\/\/marktxxl.de\/markt\/#\/schema\/logo\/image\/"}}]}},"_links":{"self":[{"href":"https:\/\/marktxxl.de\/markt\/wp-json\/wp\/v2\/product\/27889","targetHints":{"allow":["GET"]}}],"collection":[{"href":"https:\/\/marktxxl.de\/markt\/wp-json\/wp\/v2\/product"}],"about":[{"href":"https:\/\/marktxxl.de\/markt\/wp-json\/wp\/v2\/types\/product"}],"replies":[{"embeddable":true,"href":"https:\/\/marktxxl.de\/markt\/wp-json\/wp\/v2\/comments?post=27889"}],"wp:featuredmedia":[{"embeddable":true,"href":"https:\/\/marktxxl.de\/markt\/wp-json\/wp\/v2\/media\/27890"}],"wp:attachment":[{"href":"https:\/\/marktxxl.de\/markt\/wp-json\/wp\/v2\/media?parent=27889"}],"wp:term":[{"taxonomy":"product_brand","embeddable":true,"href":"https:\/\/marktxxl.de\/markt\/wp-json\/wp\/v2\/product_brand?post=27889"},{"taxonomy":"product_cat","embeddable":true,"href":"https:\/\/marktxxl.de\/markt\/wp-json\/wp\/v2\/product_cat?post=27889"},{"taxonomy":"product_tag","embeddable":true,"href":"https:\/\/marktxxl.de\/markt\/wp-json\/wp\/v2\/product_tag?post=27889"}],"curies":[{"name":"wp","href":"https:\/\/api.w.org\/{rel}","templated":true}]}}