{"id":27880,"date":"2021-09-12T21:43:31","date_gmt":"2021-09-12T19:43:31","guid":{"rendered":"https:\/\/marktxxl.de\/markt\/produkt\/door-buddy-verstellbarer-tuerriemen-verschluss-macht-katzenklos-einfach-hundesicher-keine-haustiertore-oder-katzentueren-mehr-bequemer-zutritt-fuer-katzen-erwachsene-anbringen-ohne-werkzeuge\/"},"modified":"2023-04-11T01:36:29","modified_gmt":"2023-04-10T23:36:29","slug":"door-buddy-verstellbarer-tuerriemen-verschluss-macht-katzenklos-einfach-hundesicher-keine-haustiertore-oder-katzentueren-mehr-bequemer-zutritt-fuer-katzen-erwachsene-anbringen-ohne-werkzeuge","status":"publish","type":"product","link":"https:\/\/marktxxl.de\/markt\/produkt\/door-buddy-verstellbarer-tuerriemen-verschluss-macht-katzenklos-einfach-hundesicher-keine-haustiertore-oder-katzentueren-mehr-bequemer-zutritt-fuer-katzen-erwachsene-anbringen-ohne-werkzeuge\/","title":{"rendered":"Door Buddy Verstellbarer T\u00fcrriemen &amp; Verschluss. Macht Katzenklos einfach hundesicher. Keine Haustiertore oder\u2026"},"content":{"rendered":"<p>DOOR BUDDY \u27a1\ufe0f Ein einfacher T\u00fcrriemen, der deinen Hund (wenn er etwas gr\u00f6\u00dfer als die Katze ist) aus dem Raum mit dem Katzenfutter und dem Katzenklo aussperrt, die Katze aber immer noch problemlos hereinl\u00e4sst.<br \/>\nDIE EINFACHERE ALTERNATIVE \u27a1\ufe0f Der Door Buddy ist zwar einfach, aber er funktioniert! M\u00fch dich nicht mit einem sperrigen Haustiertor ab. S\u00e4ge kein bleibendes Loch f\u00fcr eine Katzent\u00fcr oder Katzenklappe f\u00fcr drinnen in deine T\u00fcr. Zwinge deine Katze nicht, ein Katzenklo mit Eingang oben zu benutzen, in das sie springen muss und in dem sie sich eingesperrt f\u00fchlt. Probier erst den Door Buddy aus und sieh selbst, warum unsere Kunden ihn so LIEBEN!<br \/>\nIN SEKUNDEN ANGEBRACHT UND EINFACH IM GEBRAUCH \u27a1\ufe0f Die starken Klebestreifen von 3M einfach abziehen und auf die T\u00fcr und den T\u00fcrrahmen kleben. Der schlichte Riemen zum Auf- und Zusperren kann von beiden Seiten verwendet werden, sodass du schnell und bequem in das Zimmer kommst.<br \/>\nVERSTELLBAR UND INDIVIDUELL ANPASSBAR \u27a1\ufe0f Nutze den Einsteller auf dem Riemen, um die Breite der T\u00fcr\u00f6ffnung zu vergr\u00f6\u00dfern oder zu verkleinern, sodass er genau richtig f\u00fcr die Gr\u00f6\u00dfe deiner Katze und deines Hundes ist. Geeignet f\u00fcr alle T\u00fcrtypen von Doppelfl\u00fcgelt\u00fcren bis zu versenkbaren Schiebet\u00fcren und sogar Doppelt\u00fcren!<br \/>\nFUNKTIONSWEISE \u27a1\ufe0f Door Buddy macht es m\u00f6glich, die T\u00fcr zu jedem Zimmer innen gerade weit genug zu \u00f6ffnen, dass Katzen einfach hinein- und hinausgehen k\u00f6nnen, und zugleich die \u00d6ffnung schmal genug zu lassen, dass Hunde nicht hineingelangen. Manchmal kann es frustrierend und eine Herausforderung sein, in einem Haushalt mit sowohl Katzen als auch Hunden den Frieden zu wahren. Door Buddy bietet eine einfachere und wenig m\u00fchsame Methode, Katzen ihren eigenen Raum zu geben.<br \/>\n<div class=\"main-cross-sell\" data-asin=\"B016QT678M\">\n\n\t<div class=\"WooZone-cross-sell-loader\">\n\t\t<div>\n\t\t\t<div id=\"floatingBarsG\">\n\t\t\t\t<div class=\"blockG\" id=\"rotateG_01\"><\/div>\n\t\t\t\t<div class=\"blockG\" id=\"rotateG_02\"><\/div>\n\t\t\t\t<div class=\"blockG\" id=\"rotateG_03\"><\/div>\n\t\t\t\t<div class=\"blockG\" id=\"rotateG_04\"><\/div>\n\t\t\t\t<div class=\"blockG\" id=\"rotateG_05\"><\/div>\n\t\t\t\t<div class=\"blockG\" id=\"rotateG_06\"><\/div>\n\t\t\t\t<div class=\"blockG\" id=\"rotateG_07\"><\/div>\n\t\t\t\t<div class=\"blockG\" id=\"rotateG_08\"><\/div>\n\t\t\t<\/div>\n\t\t\t<div class=\"WooZone-cross-sell-loader-text\"><\/div>\n\t\t<\/div>\n\t<\/div>\n\n\t\t\n<\/div>\n<div style=\"clear:both;\"><\/div><\/p>\n","protected":false},"excerpt":{"rendered":"<p>DOOR BUDDY \u27a1\ufe0f Ein einfacher T\u00fcrriemen, der deinen Hund (wenn er etwas gr\u00f6\u00dfer als die Katze ist) aus dem Raum mit dem Katzenfutter und dem Katzenklo aussperrt, die Katze aber immer noch problemlos hereinl\u00e4sst.<br \/>\nDIE EINFACHERE ALTERNATIVE \u27a1\ufe0f Der Door Buddy ist zwar einfach, aber er funktioniert! M\u00fch dich nicht mit einem sperrigen Haustiertor ab. S\u00e4ge kein bleibendes Loch f\u00fcr eine Katzent\u00fcr oder Katzenklappe f\u00fcr drinnen in deine T\u00fcr. Zwinge deine Katze nicht, ein Katzenklo mit Eingang oben zu benutzen, in das sie springen muss und in dem sie sich eingesperrt f\u00fchlt. Probier erst den Door Buddy aus und sieh selbst, warum unsere Kunden ihn so LIEBEN!<br \/>\nIN SEKUNDEN ANGEBRACHT UND EINFACH IM GEBRAUCH \u27a1\ufe0f Die starken Klebestreifen von 3M einfach abziehen und auf die T\u00fcr und den T\u00fcrrahmen kleben. Der schlichte Riemen zum Auf- und Zusperren kann von beiden Seiten verwendet werden, sodass du schnell und bequem in das Zimmer kommst.<\/p>\n","protected":false},"featured_media":27881,"comment_status":"open","ping_status":"closed","template":"","meta":[],"product_brand":[],"product_cat":[21,9378],"product_tag":[],"class_list":{"0":"post-27880","1":"product","2":"type-product","3":"status-publish","4":"has-post-thumbnail","6":"product_cat-baby","7":"product_cat-sicherheit-baby","8":"pa_binding-misc","9":"pa_brand-door-buddy","10":"pa_color-grau","11":"pa_height-9-3-zoll","12":"pa_length-5-2-zoll","13":"pa_manufacturer-door-buddy","14":"pa_model-fba_doo-0843","15":"pa_size-1-stueck-1er-pack","16":"pa_weight-0-075-pfund","17":"pa_width-0-6-zoll","19":"first","20":"instock","21":"shipping-taxable","22":"purchasable","23":"product-type-simple","24":"customify-col","25":"product-has-gallery"},"yoast_head":"<!-- This site is optimized with the Yoast SEO plugin v27.3 - https:\/\/yoast.com\/product\/yoast-seo-wordpress\/ -->\n<title>Door Buddy Verstellbarer T\u00fcrriemen &amp; Verschluss. Macht Katzenklos einfach hundesicher. Keine Haustiertore oder\u2026 - Markt-XXL<\/title>\n<meta name=\"description\" content=\"Markt-XXL Door Buddy Verstellbarer T\u00fcrriemen &amp; Verschluss. Macht Katzenklos einfach hundesicher. Keine Haustiertore oder\u2026\" \/>\n<meta name=\"robots\" content=\"index, follow, max-snippet:-1, max-image-preview:large, max-video-preview:-1\" \/>\n<link rel=\"canonical\" href=\"https:\/\/marktxxl.de\/markt\/produkt\/door-buddy-verstellbarer-tuerriemen-verschluss-macht-katzenklos-einfach-hundesicher-keine-haustiertore-oder-katzentueren-mehr-bequemer-zutritt-fuer-katzen-erwachsene-anbringen-ohne-werkzeuge\/\" \/>\n<meta property=\"og:locale\" content=\"de_DE\" \/>\n<meta property=\"og:type\" content=\"article\" \/>\n<meta property=\"og:title\" content=\"Door Buddy Verstellbarer T\u00fcrriemen &amp; Verschluss. Macht Katzenklos einfach hundesicher. Keine Haustiertore oder\u2026 - Markt-XXL\" \/>\n<meta property=\"og:description\" content=\"Markt-XXL Door Buddy Verstellbarer T\u00fcrriemen &amp; Verschluss. Macht Katzenklos einfach hundesicher. Keine Haustiertore oder\u2026\" \/>\n<meta property=\"og:url\" content=\"https:\/\/marktxxl.de\/markt\/produkt\/door-buddy-verstellbarer-tuerriemen-verschluss-macht-katzenklos-einfach-hundesicher-keine-haustiertore-oder-katzentueren-mehr-bequemer-zutritt-fuer-katzen-erwachsene-anbringen-ohne-werkzeuge\/\" \/>\n<meta property=\"og:site_name\" content=\"Markt-XXL\" \/>\n<meta property=\"article:modified_time\" content=\"2023-04-10T23:36:29+00:00\" \/>\n<meta property=\"og:image\" content=\"https:\/\/m.media-amazon.com\/images\/I\/51eErdjitpL._SL500_.jpg\" \/>\n\t<meta property=\"og:image:width\" content=\"500\" \/>\n\t<meta property=\"og:image:height\" content=\"500\" \/>\n\t<meta property=\"og:image:type\" content=\"image\/jpeg\" \/>\n<meta name=\"twitter:card\" content=\"summary_large_image\" \/>\n<meta name=\"twitter:label1\" content=\"Gesch\u00e4tzte Lesezeit\" \/>\n\t<meta name=\"twitter:data1\" content=\"2\u00a0Minuten\" \/>\n<script type=\"application\/ld+json\" class=\"yoast-schema-graph\">{\"@context\":\"https:\\\/\\\/schema.org\",\"@graph\":[{\"@type\":\"WebPage\",\"@id\":\"https:\\\/\\\/marktxxl.de\\\/markt\\\/produkt\\\/door-buddy-verstellbarer-tuerriemen-verschluss-macht-katzenklos-einfach-hundesicher-keine-haustiertore-oder-katzentueren-mehr-bequemer-zutritt-fuer-katzen-erwachsene-anbringen-ohne-werkzeuge\\\/\",\"url\":\"https:\\\/\\\/marktxxl.de\\\/markt\\\/produkt\\\/door-buddy-verstellbarer-tuerriemen-verschluss-macht-katzenklos-einfach-hundesicher-keine-haustiertore-oder-katzentueren-mehr-bequemer-zutritt-fuer-katzen-erwachsene-anbringen-ohne-werkzeuge\\\/\",\"name\":\"Door Buddy Verstellbarer T\u00fcrriemen &amp; Verschluss. Macht Katzenklos einfach hundesicher. Keine Haustiertore oder\u2026 - Markt-XXL\",\"isPartOf\":{\"@id\":\"https:\\\/\\\/marktxxl.de\\\/markt\\\/#website\"},\"primaryImageOfPage\":{\"@id\":\"https:\\\/\\\/marktxxl.de\\\/markt\\\/produkt\\\/door-buddy-verstellbarer-tuerriemen-verschluss-macht-katzenklos-einfach-hundesicher-keine-haustiertore-oder-katzentueren-mehr-bequemer-zutritt-fuer-katzen-erwachsene-anbringen-ohne-werkzeuge\\\/#primaryimage\"},\"image\":{\"@id\":\"https:\\\/\\\/marktxxl.de\\\/markt\\\/produkt\\\/door-buddy-verstellbarer-tuerriemen-verschluss-macht-katzenklos-einfach-hundesicher-keine-haustiertore-oder-katzentueren-mehr-bequemer-zutritt-fuer-katzen-erwachsene-anbringen-ohne-werkzeuge\\\/#primaryimage\"},\"thumbnailUrl\":\"https:\\\/\\\/m.media-amazon.com\\\/images\\\/I\\\/51eErdjitpL._SL500_.jpg\",\"datePublished\":\"2021-09-12T19:43:31+00:00\",\"dateModified\":\"2023-04-10T23:36:29+00:00\",\"description\":\"Markt-XXL Door Buddy Verstellbarer T\u00fcrriemen &amp; Verschluss. Macht Katzenklos einfach hundesicher. Keine Haustiertore oder\u2026\",\"breadcrumb\":{\"@id\":\"https:\\\/\\\/marktxxl.de\\\/markt\\\/produkt\\\/door-buddy-verstellbarer-tuerriemen-verschluss-macht-katzenklos-einfach-hundesicher-keine-haustiertore-oder-katzentueren-mehr-bequemer-zutritt-fuer-katzen-erwachsene-anbringen-ohne-werkzeuge\\\/#breadcrumb\"},\"inLanguage\":\"de\",\"potentialAction\":[{\"@type\":\"ReadAction\",\"target\":[\"https:\\\/\\\/marktxxl.de\\\/markt\\\/produkt\\\/door-buddy-verstellbarer-tuerriemen-verschluss-macht-katzenklos-einfach-hundesicher-keine-haustiertore-oder-katzentueren-mehr-bequemer-zutritt-fuer-katzen-erwachsene-anbringen-ohne-werkzeuge\\\/\"]}]},{\"@type\":\"ImageObject\",\"inLanguage\":\"de\",\"@id\":\"https:\\\/\\\/marktxxl.de\\\/markt\\\/produkt\\\/door-buddy-verstellbarer-tuerriemen-verschluss-macht-katzenklos-einfach-hundesicher-keine-haustiertore-oder-katzentueren-mehr-bequemer-zutritt-fuer-katzen-erwachsene-anbringen-ohne-werkzeuge\\\/#primaryimage\",\"url\":\"https:\\\/\\\/m.media-amazon.com\\\/images\\\/I\\\/51eErdjitpL._SL500_.jpg\",\"contentUrl\":\"https:\\\/\\\/m.media-amazon.com\\\/images\\\/I\\\/51eErdjitpL._SL500_.jpg\",\"width\":500,\"height\":500},{\"@type\":\"BreadcrumbList\",\"@id\":\"https:\\\/\\\/marktxxl.de\\\/markt\\\/produkt\\\/door-buddy-verstellbarer-tuerriemen-verschluss-macht-katzenklos-einfach-hundesicher-keine-haustiertore-oder-katzentueren-mehr-bequemer-zutritt-fuer-katzen-erwachsene-anbringen-ohne-werkzeuge\\\/#breadcrumb\",\"itemListElement\":[{\"@type\":\"ListItem\",\"position\":1,\"name\":\"Startseite\",\"item\":\"https:\\\/\\\/marktxxl.de\\\/markt\\\/\"},{\"@type\":\"ListItem\",\"position\":2,\"name\":\"Markt\",\"item\":\"https:\\\/\\\/marktxxl.de\\\/markt\\\/\"},{\"@type\":\"ListItem\",\"position\":3,\"name\":\"Door Buddy Verstellbarer T\u00fcrriemen &amp; Verschluss. Macht Katzenklos einfach hundesicher. Keine Haustiertore oder\u2026\"}]},{\"@type\":\"WebSite\",\"@id\":\"https:\\\/\\\/marktxxl.de\\\/markt\\\/#website\",\"url\":\"https:\\\/\\\/marktxxl.de\\\/markt\\\/\",\"name\":\"Markt-XXL\",\"description\":\"Ihr Markt Online\",\"publisher\":{\"@id\":\"https:\\\/\\\/marktxxl.de\\\/markt\\\/#organization\"},\"potentialAction\":[{\"@type\":\"SearchAction\",\"target\":{\"@type\":\"EntryPoint\",\"urlTemplate\":\"https:\\\/\\\/marktxxl.de\\\/markt\\\/?s={search_term_string}\"},\"query-input\":{\"@type\":\"PropertyValueSpecification\",\"valueRequired\":true,\"valueName\":\"search_term_string\"}}],\"inLanguage\":\"de\"},{\"@type\":\"Organization\",\"@id\":\"https:\\\/\\\/marktxxl.de\\\/markt\\\/#organization\",\"name\":\"Markt-XXL\",\"url\":\"https:\\\/\\\/marktxxl.de\\\/markt\\\/\",\"logo\":{\"@type\":\"ImageObject\",\"inLanguage\":\"de\",\"@id\":\"https:\\\/\\\/marktxxl.de\\\/markt\\\/#\\\/schema\\\/logo\\\/image\\\/\",\"url\":\"https:\\\/\\\/marktxxl.de\\\/markt\\\/wp-content\\\/uploads\\\/sites\\\/3\\\/2020\\\/12\\\/logo.png\",\"contentUrl\":\"https:\\\/\\\/marktxxl.de\\\/markt\\\/wp-content\\\/uploads\\\/sites\\\/3\\\/2020\\\/12\\\/logo.png\",\"width\":200,\"height\":70,\"caption\":\"Markt-XXL\"},\"image\":{\"@id\":\"https:\\\/\\\/marktxxl.de\\\/markt\\\/#\\\/schema\\\/logo\\\/image\\\/\"}}]}<\/script>\n<!-- \/ Yoast SEO plugin. -->","yoast_head_json":{"title":"Door Buddy Verstellbarer T\u00fcrriemen &amp; Verschluss. Macht Katzenklos einfach hundesicher. Keine Haustiertore oder\u2026 - Markt-XXL","description":"Markt-XXL Door Buddy Verstellbarer T\u00fcrriemen &amp; Verschluss. Macht Katzenklos einfach hundesicher. Keine Haustiertore oder\u2026","robots":{"index":"index","follow":"follow","max-snippet":"max-snippet:-1","max-image-preview":"max-image-preview:large","max-video-preview":"max-video-preview:-1"},"canonical":"https:\/\/marktxxl.de\/markt\/produkt\/door-buddy-verstellbarer-tuerriemen-verschluss-macht-katzenklos-einfach-hundesicher-keine-haustiertore-oder-katzentueren-mehr-bequemer-zutritt-fuer-katzen-erwachsene-anbringen-ohne-werkzeuge\/","og_locale":"de_DE","og_type":"article","og_title":"Door Buddy Verstellbarer T\u00fcrriemen &amp; Verschluss. Macht Katzenklos einfach hundesicher. Keine Haustiertore oder\u2026 - Markt-XXL","og_description":"Markt-XXL Door Buddy Verstellbarer T\u00fcrriemen &amp; Verschluss. Macht Katzenklos einfach hundesicher. Keine Haustiertore oder\u2026","og_url":"https:\/\/marktxxl.de\/markt\/produkt\/door-buddy-verstellbarer-tuerriemen-verschluss-macht-katzenklos-einfach-hundesicher-keine-haustiertore-oder-katzentueren-mehr-bequemer-zutritt-fuer-katzen-erwachsene-anbringen-ohne-werkzeuge\/","og_site_name":"Markt-XXL","article_modified_time":"2023-04-10T23:36:29+00:00","og_image":[{"width":500,"height":500,"url":"https:\/\/m.media-amazon.com\/images\/I\/51eErdjitpL._SL500_.jpg","type":"image\/jpeg"}],"twitter_card":"summary_large_image","twitter_misc":{"Gesch\u00e4tzte Lesezeit":"2\u00a0Minuten"},"schema":{"@context":"https:\/\/schema.org","@graph":[{"@type":"WebPage","@id":"https:\/\/marktxxl.de\/markt\/produkt\/door-buddy-verstellbarer-tuerriemen-verschluss-macht-katzenklos-einfach-hundesicher-keine-haustiertore-oder-katzentueren-mehr-bequemer-zutritt-fuer-katzen-erwachsene-anbringen-ohne-werkzeuge\/","url":"https:\/\/marktxxl.de\/markt\/produkt\/door-buddy-verstellbarer-tuerriemen-verschluss-macht-katzenklos-einfach-hundesicher-keine-haustiertore-oder-katzentueren-mehr-bequemer-zutritt-fuer-katzen-erwachsene-anbringen-ohne-werkzeuge\/","name":"Door Buddy Verstellbarer T\u00fcrriemen &amp; Verschluss. Macht Katzenklos einfach hundesicher. Keine Haustiertore oder\u2026 - Markt-XXL","isPartOf":{"@id":"https:\/\/marktxxl.de\/markt\/#website"},"primaryImageOfPage":{"@id":"https:\/\/marktxxl.de\/markt\/produkt\/door-buddy-verstellbarer-tuerriemen-verschluss-macht-katzenklos-einfach-hundesicher-keine-haustiertore-oder-katzentueren-mehr-bequemer-zutritt-fuer-katzen-erwachsene-anbringen-ohne-werkzeuge\/#primaryimage"},"image":{"@id":"https:\/\/marktxxl.de\/markt\/produkt\/door-buddy-verstellbarer-tuerriemen-verschluss-macht-katzenklos-einfach-hundesicher-keine-haustiertore-oder-katzentueren-mehr-bequemer-zutritt-fuer-katzen-erwachsene-anbringen-ohne-werkzeuge\/#primaryimage"},"thumbnailUrl":"https:\/\/m.media-amazon.com\/images\/I\/51eErdjitpL._SL500_.jpg","datePublished":"2021-09-12T19:43:31+00:00","dateModified":"2023-04-10T23:36:29+00:00","description":"Markt-XXL Door Buddy Verstellbarer T\u00fcrriemen &amp; Verschluss. Macht Katzenklos einfach hundesicher. Keine Haustiertore oder\u2026","breadcrumb":{"@id":"https:\/\/marktxxl.de\/markt\/produkt\/door-buddy-verstellbarer-tuerriemen-verschluss-macht-katzenklos-einfach-hundesicher-keine-haustiertore-oder-katzentueren-mehr-bequemer-zutritt-fuer-katzen-erwachsene-anbringen-ohne-werkzeuge\/#breadcrumb"},"inLanguage":"de","potentialAction":[{"@type":"ReadAction","target":["https:\/\/marktxxl.de\/markt\/produkt\/door-buddy-verstellbarer-tuerriemen-verschluss-macht-katzenklos-einfach-hundesicher-keine-haustiertore-oder-katzentueren-mehr-bequemer-zutritt-fuer-katzen-erwachsene-anbringen-ohne-werkzeuge\/"]}]},{"@type":"ImageObject","inLanguage":"de","@id":"https:\/\/marktxxl.de\/markt\/produkt\/door-buddy-verstellbarer-tuerriemen-verschluss-macht-katzenklos-einfach-hundesicher-keine-haustiertore-oder-katzentueren-mehr-bequemer-zutritt-fuer-katzen-erwachsene-anbringen-ohne-werkzeuge\/#primaryimage","url":"https:\/\/m.media-amazon.com\/images\/I\/51eErdjitpL._SL500_.jpg","contentUrl":"https:\/\/m.media-amazon.com\/images\/I\/51eErdjitpL._SL500_.jpg","width":500,"height":500},{"@type":"BreadcrumbList","@id":"https:\/\/marktxxl.de\/markt\/produkt\/door-buddy-verstellbarer-tuerriemen-verschluss-macht-katzenklos-einfach-hundesicher-keine-haustiertore-oder-katzentueren-mehr-bequemer-zutritt-fuer-katzen-erwachsene-anbringen-ohne-werkzeuge\/#breadcrumb","itemListElement":[{"@type":"ListItem","position":1,"name":"Startseite","item":"https:\/\/marktxxl.de\/markt\/"},{"@type":"ListItem","position":2,"name":"Markt","item":"https:\/\/marktxxl.de\/markt\/"},{"@type":"ListItem","position":3,"name":"Door Buddy Verstellbarer T\u00fcrriemen &amp; Verschluss. Macht Katzenklos einfach hundesicher. Keine Haustiertore oder\u2026"}]},{"@type":"WebSite","@id":"https:\/\/marktxxl.de\/markt\/#website","url":"https:\/\/marktxxl.de\/markt\/","name":"Markt-XXL","description":"Ihr Markt Online","publisher":{"@id":"https:\/\/marktxxl.de\/markt\/#organization"},"potentialAction":[{"@type":"SearchAction","target":{"@type":"EntryPoint","urlTemplate":"https:\/\/marktxxl.de\/markt\/?s={search_term_string}"},"query-input":{"@type":"PropertyValueSpecification","valueRequired":true,"valueName":"search_term_string"}}],"inLanguage":"de"},{"@type":"Organization","@id":"https:\/\/marktxxl.de\/markt\/#organization","name":"Markt-XXL","url":"https:\/\/marktxxl.de\/markt\/","logo":{"@type":"ImageObject","inLanguage":"de","@id":"https:\/\/marktxxl.de\/markt\/#\/schema\/logo\/image\/","url":"https:\/\/marktxxl.de\/markt\/wp-content\/uploads\/sites\/3\/2020\/12\/logo.png","contentUrl":"https:\/\/marktxxl.de\/markt\/wp-content\/uploads\/sites\/3\/2020\/12\/logo.png","width":200,"height":70,"caption":"Markt-XXL"},"image":{"@id":"https:\/\/marktxxl.de\/markt\/#\/schema\/logo\/image\/"}}]}},"_links":{"self":[{"href":"https:\/\/marktxxl.de\/markt\/wp-json\/wp\/v2\/product\/27880","targetHints":{"allow":["GET"]}}],"collection":[{"href":"https:\/\/marktxxl.de\/markt\/wp-json\/wp\/v2\/product"}],"about":[{"href":"https:\/\/marktxxl.de\/markt\/wp-json\/wp\/v2\/types\/product"}],"replies":[{"embeddable":true,"href":"https:\/\/marktxxl.de\/markt\/wp-json\/wp\/v2\/comments?post=27880"}],"wp:featuredmedia":[{"embeddable":true,"href":"https:\/\/marktxxl.de\/markt\/wp-json\/wp\/v2\/media\/27881"}],"wp:attachment":[{"href":"https:\/\/marktxxl.de\/markt\/wp-json\/wp\/v2\/media?parent=27880"}],"wp:term":[{"taxonomy":"product_brand","embeddable":true,"href":"https:\/\/marktxxl.de\/markt\/wp-json\/wp\/v2\/product_brand?post=27880"},{"taxonomy":"product_cat","embeddable":true,"href":"https:\/\/marktxxl.de\/markt\/wp-json\/wp\/v2\/product_cat?post=27880"},{"taxonomy":"product_tag","embeddable":true,"href":"https:\/\/marktxxl.de\/markt\/wp-json\/wp\/v2\/product_tag?post=27880"}],"curies":[{"name":"wp","href":"https:\/\/api.w.org\/{rel}","templated":true}]}}