{"id":27848,"date":"2021-09-12T21:43:09","date_gmt":"2021-09-12T19:43:09","guid":{"rendered":"https:\/\/marktxxl.de\/markt\/produkt\/wall-nanny-wandschuetzer-fuer-treppengitter-und-babygitter-als-auch-4er-set\/"},"modified":"2023-04-11T01:36:28","modified_gmt":"2023-04-10T23:36:28","slug":"wall-nanny-wandschuetzer-fuer-treppengitter-und-babygitter-als-auch-4er-set","status":"publish","type":"product","link":"https:\/\/marktxxl.de\/markt\/produkt\/wall-nanny-wandschuetzer-fuer-treppengitter-und-babygitter-als-auch-4er-set\/","title":{"rendered":"Wall Nanny \u2013 Wandsch\u00fctzer f\u00fcr Treppengitter und Babygitter als auch (4er-Set)"},"content":{"rendered":"<p>DIE WACHE, DIE SICHER AM UNTEREN SPINDELN FUNKTIONIERT! -Unsere innovative zum Patent angemeldete Baby Tor Wand Besch\u00fctzer der vier war Designedthat am unteren Spindeln der Druck montiert Kind Walk-thru Babygates montiert werden kann. Es funktioniert sogar im Treppenhaus des meisten \u00d6ffnungen oder T\u00fcren Ihres Hauses f\u00fcr maximalen Schutz! Dazu geh\u00f6ren vier Wand Nanny. Funktioniert super mit Hund und Haustier Tore.<br \/>\nEXTREM VIELSEITIG KANN PASSEN FAST \u00dcBERALL! -Kompakt das neue gestaltete Pad erm\u00f6glicht es, extrem vielseitig einstellbar und sicher. Es ist klein genug, um mit fast allen Walkthrough passen und versenkbare Tore unterst\u00fctzt Bereiche in Ihrem Haus wie eine Treppe oder T\u00fcr! Kann perfekt in eine T\u00fcr oder Bereiche mit ein paar Schritten, die Ihre geliebten Menschen wenig Schaden k\u00f6nnen montiert werden. Diese kleine breitschiffgew\u00e4chsh\u00e4user deluxe Chelsea Evenflo super Guard spart Ihr Trim<br \/>\nHALTEN SIE IHRE W\u00c4NDE BESCH\u00c4DIGUNGSFREIE! -Ihr Kind und Haustier und Welpen Schutz sind Ihre erste Priorit\u00e4t, aber Ihre W\u00e4nde Akzente als auch gesch\u00fctzt werden m\u00fcssen! Das ist, warum unsere vier Pack der Wand Nanny Weichgummi Sicherung verhindert Kratzer Schrammen oder Dellen an Ihre Wand\/Trim oder T\u00fcr vom Druck montiert, Schrauben oder Bolzen! Tags: Stock deluxe Multi-Use Zoll Outdoor-Storch Innovationen Walk-thru sch\u00fctzen Sperren Schritt M\u00e4dchen Hund oder Haustier Schild Storch sch\u00fct<br \/>\nEINFACH ZU INSTALLIEREN! -Vergessen Sie Werkzeuge oder gro\u00dfe Teile f\u00fcr die Installation und Montage, wie unsere wandprotektoren mit Ihrem besten Interesse im Auge entworfen wurden, die sie ganz einfach ohne Werkzeug oder Zubeh\u00f6r eingebaut werden k\u00f6nnen! Unser Kinderm\u00e4dchen Wand steht allein, wie es auf den meisten Walkthrough oder Auto Walkthru Metall stehende Riegel Tore funktioniert! erweiterbare Plastikschutz montierbare Playard selbstschlie\u00dfende System kindersicher 44 29 Ersatz ers<br \/>\n<div class=\"main-cross-sell\" data-asin=\"B01N5PTKXS\">\n\n\t<div class=\"WooZone-cross-sell-loader\">\n\t\t<div>\n\t\t\t<div id=\"floatingBarsG\">\n\t\t\t\t<div class=\"blockG\" id=\"rotateG_01\"><\/div>\n\t\t\t\t<div class=\"blockG\" id=\"rotateG_02\"><\/div>\n\t\t\t\t<div class=\"blockG\" id=\"rotateG_03\"><\/div>\n\t\t\t\t<div class=\"blockG\" id=\"rotateG_04\"><\/div>\n\t\t\t\t<div class=\"blockG\" id=\"rotateG_05\"><\/div>\n\t\t\t\t<div class=\"blockG\" id=\"rotateG_06\"><\/div>\n\t\t\t\t<div class=\"blockG\" id=\"rotateG_07\"><\/div>\n\t\t\t\t<div class=\"blockG\" id=\"rotateG_08\"><\/div>\n\t\t\t<\/div>\n\t\t\t<div class=\"WooZone-cross-sell-loader-text\"><\/div>\n\t\t<\/div>\n\t<\/div>\n\n\t\t\n<\/div>\n<div style=\"clear:both;\"><\/div><\/p>\n","protected":false},"excerpt":{"rendered":"<p>DIE WACHE, DIE SICHER AM UNTEREN SPINDELN FUNKTIONIERT! -Unsere innovative zum Patent angemeldete Baby Tor Wand Besch\u00fctzer der vier war Designedthat am unteren Spindeln der Druck montiert Kind Walk-thru Babygates montiert werden kann. Es funktioniert sogar im Treppenhaus des meisten \u00d6ffnungen oder T\u00fcren Ihres Hauses f\u00fcr maximalen Schutz! Dazu geh\u00f6ren vier Wand Nanny. Funktioniert super mit Hund und Haustier Tore.<br \/>\nEXTREM VIELSEITIG KANN PASSEN FAST \u00dcBERALL! -Kompakt das neue gestaltete Pad erm\u00f6glicht es, extrem vielseitig einstellbar und sicher. Es ist klein genug, um mit fast allen Walkthrough passen und versenkbare Tore unterst\u00fctzt Bereiche in Ihrem Haus wie eine Treppe oder T\u00fcr! Kann perfekt in eine T\u00fcr oder Bereiche mit ein paar Schritten, die Ihre geliebten Menschen wenig Schaden k\u00f6nnen montiert werden. Diese kleine breitschiffgew\u00e4chsh\u00e4user deluxe Chelsea Evenflo super Guard spart Ihr Trim<br \/>\nHALTEN SIE IHRE W\u00c4NDE BESCH\u00c4DIGUNGSFREIE! -Ihr Kind und Haustier und Welpen Schutz sind Ihre erste Priorit\u00e4t, aber Ihre W\u00e4nde Akzente als auch gesch\u00fctzt werden m\u00fcssen! Das ist, warum unsere vier Pack der Wand Nanny Weichgummi Sicherung verhindert Kratzer Schrammen oder Dellen an Ihre Wand\/Trim oder T\u00fcr vom Druck montiert, Schrauben oder Bolzen! Tags: Stock deluxe Multi-Use Zoll Outdoor-Storch Innovationen Walk-thru sch\u00fctzen Sperren Schritt M\u00e4dchen Hund oder Haustier Schild Storch sch\u00fct<\/p>\n","protected":false},"featured_media":27849,"comment_status":"open","ping_status":"closed","template":"","meta":[],"product_brand":[],"product_cat":[21,9378],"product_tag":[],"class_list":{"0":"post-27848","1":"product","2":"type-product","3":"status-publish","4":"has-post-thumbnail","6":"product_cat-baby","7":"product_cat-sicherheit-baby","8":"pa_binding-babyartikel","9":"pa_brand-wall-nanny","10":"pa_color-weiss","11":"pa_height-0-8-zoll","12":"pa_length-3-5-zoll","13":"pa_manufacturer-tmw-family-company-llc","14":"pa_model-12878","15":"pa_weight-0-06875-pfund","16":"pa_width-1-8-zoll","18":"first","19":"instock","20":"shipping-taxable","21":"purchasable","22":"product-type-simple","23":"customify-col","24":"product-has-gallery"},"yoast_head":"<!-- This site is optimized with the Yoast SEO plugin v27.4 - https:\/\/yoast.com\/product\/yoast-seo-wordpress\/ -->\n<title>Wall Nanny \u2013 Wandsch\u00fctzer f\u00fcr Treppengitter und Babygitter als auch (4er-Set) - Markt-XXL<\/title>\n<meta name=\"description\" content=\"Markt-XXL Wall Nanny \u2013 Wandsch\u00fctzer f\u00fcr Treppengitter und Babygitter als auch (4er-Set)\" \/>\n<meta name=\"robots\" content=\"index, follow, max-snippet:-1, max-image-preview:large, max-video-preview:-1\" \/>\n<link rel=\"canonical\" href=\"https:\/\/marktxxl.de\/markt\/produkt\/wall-nanny-wandschuetzer-fuer-treppengitter-und-babygitter-als-auch-4er-set\/\" \/>\n<meta property=\"og:locale\" content=\"de_DE\" \/>\n<meta property=\"og:type\" content=\"article\" \/>\n<meta property=\"og:title\" content=\"Wall Nanny \u2013 Wandsch\u00fctzer f\u00fcr Treppengitter und Babygitter als auch (4er-Set) - Markt-XXL\" \/>\n<meta property=\"og:description\" content=\"Markt-XXL Wall Nanny \u2013 Wandsch\u00fctzer f\u00fcr Treppengitter und Babygitter als auch (4er-Set)\" \/>\n<meta property=\"og:url\" content=\"https:\/\/marktxxl.de\/markt\/produkt\/wall-nanny-wandschuetzer-fuer-treppengitter-und-babygitter-als-auch-4er-set\/\" \/>\n<meta property=\"og:site_name\" content=\"Markt-XXL\" \/>\n<meta property=\"article:modified_time\" content=\"2023-04-10T23:36:28+00:00\" \/>\n<meta property=\"og:image\" content=\"https:\/\/m.media-amazon.com\/images\/I\/31i6S+ya3vL._SL500_.jpg\" \/>\n\t<meta property=\"og:image:width\" content=\"500\" \/>\n\t<meta property=\"og:image:height\" content=\"500\" \/>\n\t<meta property=\"og:image:type\" content=\"image\/jpeg\" \/>\n<meta name=\"twitter:card\" content=\"summary_large_image\" \/>\n<meta name=\"twitter:label1\" content=\"Gesch\u00e4tzte Lesezeit\" \/>\n\t<meta name=\"twitter:data1\" content=\"2\u00a0Minuten\" \/>\n<script type=\"application\/ld+json\" class=\"yoast-schema-graph\">{\"@context\":\"https:\\\/\\\/schema.org\",\"@graph\":[{\"@type\":\"WebPage\",\"@id\":\"https:\\\/\\\/marktxxl.de\\\/markt\\\/produkt\\\/wall-nanny-wandschuetzer-fuer-treppengitter-und-babygitter-als-auch-4er-set\\\/\",\"url\":\"https:\\\/\\\/marktxxl.de\\\/markt\\\/produkt\\\/wall-nanny-wandschuetzer-fuer-treppengitter-und-babygitter-als-auch-4er-set\\\/\",\"name\":\"Wall Nanny \u2013 Wandsch\u00fctzer f\u00fcr Treppengitter und Babygitter als auch (4er-Set) - Markt-XXL\",\"isPartOf\":{\"@id\":\"https:\\\/\\\/marktxxl.de\\\/markt\\\/#website\"},\"primaryImageOfPage\":{\"@id\":\"https:\\\/\\\/marktxxl.de\\\/markt\\\/produkt\\\/wall-nanny-wandschuetzer-fuer-treppengitter-und-babygitter-als-auch-4er-set\\\/#primaryimage\"},\"image\":{\"@id\":\"https:\\\/\\\/marktxxl.de\\\/markt\\\/produkt\\\/wall-nanny-wandschuetzer-fuer-treppengitter-und-babygitter-als-auch-4er-set\\\/#primaryimage\"},\"thumbnailUrl\":\"https:\\\/\\\/m.media-amazon.com\\\/images\\\/I\\\/31i6S+ya3vL._SL500_.jpg\",\"datePublished\":\"2021-09-12T19:43:09+00:00\",\"dateModified\":\"2023-04-10T23:36:28+00:00\",\"description\":\"Markt-XXL Wall Nanny \u2013 Wandsch\u00fctzer f\u00fcr Treppengitter und Babygitter als auch (4er-Set)\",\"breadcrumb\":{\"@id\":\"https:\\\/\\\/marktxxl.de\\\/markt\\\/produkt\\\/wall-nanny-wandschuetzer-fuer-treppengitter-und-babygitter-als-auch-4er-set\\\/#breadcrumb\"},\"inLanguage\":\"de\",\"potentialAction\":[{\"@type\":\"ReadAction\",\"target\":[\"https:\\\/\\\/marktxxl.de\\\/markt\\\/produkt\\\/wall-nanny-wandschuetzer-fuer-treppengitter-und-babygitter-als-auch-4er-set\\\/\"]}]},{\"@type\":\"ImageObject\",\"inLanguage\":\"de\",\"@id\":\"https:\\\/\\\/marktxxl.de\\\/markt\\\/produkt\\\/wall-nanny-wandschuetzer-fuer-treppengitter-und-babygitter-als-auch-4er-set\\\/#primaryimage\",\"url\":\"https:\\\/\\\/m.media-amazon.com\\\/images\\\/I\\\/31i6S+ya3vL._SL500_.jpg\",\"contentUrl\":\"https:\\\/\\\/m.media-amazon.com\\\/images\\\/I\\\/31i6S+ya3vL._SL500_.jpg\",\"width\":500,\"height\":500},{\"@type\":\"BreadcrumbList\",\"@id\":\"https:\\\/\\\/marktxxl.de\\\/markt\\\/produkt\\\/wall-nanny-wandschuetzer-fuer-treppengitter-und-babygitter-als-auch-4er-set\\\/#breadcrumb\",\"itemListElement\":[{\"@type\":\"ListItem\",\"position\":1,\"name\":\"Startseite\",\"item\":\"https:\\\/\\\/marktxxl.de\\\/markt\\\/\"},{\"@type\":\"ListItem\",\"position\":2,\"name\":\"Markt\",\"item\":\"https:\\\/\\\/marktxxl.de\\\/markt\\\/\"},{\"@type\":\"ListItem\",\"position\":3,\"name\":\"Wall Nanny \u2013 Wandsch\u00fctzer f\u00fcr Treppengitter und Babygitter als auch (4er-Set)\"}]},{\"@type\":\"WebSite\",\"@id\":\"https:\\\/\\\/marktxxl.de\\\/markt\\\/#website\",\"url\":\"https:\\\/\\\/marktxxl.de\\\/markt\\\/\",\"name\":\"Markt-XXL\",\"description\":\"Ihr Markt Online\",\"publisher\":{\"@id\":\"https:\\\/\\\/marktxxl.de\\\/markt\\\/#organization\"},\"potentialAction\":[{\"@type\":\"SearchAction\",\"target\":{\"@type\":\"EntryPoint\",\"urlTemplate\":\"https:\\\/\\\/marktxxl.de\\\/markt\\\/?s={search_term_string}\"},\"query-input\":{\"@type\":\"PropertyValueSpecification\",\"valueRequired\":true,\"valueName\":\"search_term_string\"}}],\"inLanguage\":\"de\"},{\"@type\":\"Organization\",\"@id\":\"https:\\\/\\\/marktxxl.de\\\/markt\\\/#organization\",\"name\":\"Markt-XXL\",\"url\":\"https:\\\/\\\/marktxxl.de\\\/markt\\\/\",\"logo\":{\"@type\":\"ImageObject\",\"inLanguage\":\"de\",\"@id\":\"https:\\\/\\\/marktxxl.de\\\/markt\\\/#\\\/schema\\\/logo\\\/image\\\/\",\"url\":\"https:\\\/\\\/marktxxl.de\\\/markt\\\/wp-content\\\/uploads\\\/sites\\\/3\\\/2020\\\/12\\\/logo.png\",\"contentUrl\":\"https:\\\/\\\/marktxxl.de\\\/markt\\\/wp-content\\\/uploads\\\/sites\\\/3\\\/2020\\\/12\\\/logo.png\",\"width\":200,\"height\":70,\"caption\":\"Markt-XXL\"},\"image\":{\"@id\":\"https:\\\/\\\/marktxxl.de\\\/markt\\\/#\\\/schema\\\/logo\\\/image\\\/\"}}]}<\/script>\n<!-- \/ Yoast SEO plugin. -->","yoast_head_json":{"title":"Wall Nanny \u2013 Wandsch\u00fctzer f\u00fcr Treppengitter und Babygitter als auch (4er-Set) - Markt-XXL","description":"Markt-XXL Wall Nanny \u2013 Wandsch\u00fctzer f\u00fcr Treppengitter und Babygitter als auch (4er-Set)","robots":{"index":"index","follow":"follow","max-snippet":"max-snippet:-1","max-image-preview":"max-image-preview:large","max-video-preview":"max-video-preview:-1"},"canonical":"https:\/\/marktxxl.de\/markt\/produkt\/wall-nanny-wandschuetzer-fuer-treppengitter-und-babygitter-als-auch-4er-set\/","og_locale":"de_DE","og_type":"article","og_title":"Wall Nanny \u2013 Wandsch\u00fctzer f\u00fcr Treppengitter und Babygitter als auch (4er-Set) - Markt-XXL","og_description":"Markt-XXL Wall Nanny \u2013 Wandsch\u00fctzer f\u00fcr Treppengitter und Babygitter als auch (4er-Set)","og_url":"https:\/\/marktxxl.de\/markt\/produkt\/wall-nanny-wandschuetzer-fuer-treppengitter-und-babygitter-als-auch-4er-set\/","og_site_name":"Markt-XXL","article_modified_time":"2023-04-10T23:36:28+00:00","og_image":[{"width":500,"height":500,"url":"https:\/\/m.media-amazon.com\/images\/I\/31i6S+ya3vL._SL500_.jpg","type":"image\/jpeg"}],"twitter_card":"summary_large_image","twitter_misc":{"Gesch\u00e4tzte Lesezeit":"2\u00a0Minuten"},"schema":{"@context":"https:\/\/schema.org","@graph":[{"@type":"WebPage","@id":"https:\/\/marktxxl.de\/markt\/produkt\/wall-nanny-wandschuetzer-fuer-treppengitter-und-babygitter-als-auch-4er-set\/","url":"https:\/\/marktxxl.de\/markt\/produkt\/wall-nanny-wandschuetzer-fuer-treppengitter-und-babygitter-als-auch-4er-set\/","name":"Wall Nanny \u2013 Wandsch\u00fctzer f\u00fcr Treppengitter und Babygitter als auch (4er-Set) - Markt-XXL","isPartOf":{"@id":"https:\/\/marktxxl.de\/markt\/#website"},"primaryImageOfPage":{"@id":"https:\/\/marktxxl.de\/markt\/produkt\/wall-nanny-wandschuetzer-fuer-treppengitter-und-babygitter-als-auch-4er-set\/#primaryimage"},"image":{"@id":"https:\/\/marktxxl.de\/markt\/produkt\/wall-nanny-wandschuetzer-fuer-treppengitter-und-babygitter-als-auch-4er-set\/#primaryimage"},"thumbnailUrl":"https:\/\/m.media-amazon.com\/images\/I\/31i6S+ya3vL._SL500_.jpg","datePublished":"2021-09-12T19:43:09+00:00","dateModified":"2023-04-10T23:36:28+00:00","description":"Markt-XXL Wall Nanny \u2013 Wandsch\u00fctzer f\u00fcr Treppengitter und Babygitter als auch (4er-Set)","breadcrumb":{"@id":"https:\/\/marktxxl.de\/markt\/produkt\/wall-nanny-wandschuetzer-fuer-treppengitter-und-babygitter-als-auch-4er-set\/#breadcrumb"},"inLanguage":"de","potentialAction":[{"@type":"ReadAction","target":["https:\/\/marktxxl.de\/markt\/produkt\/wall-nanny-wandschuetzer-fuer-treppengitter-und-babygitter-als-auch-4er-set\/"]}]},{"@type":"ImageObject","inLanguage":"de","@id":"https:\/\/marktxxl.de\/markt\/produkt\/wall-nanny-wandschuetzer-fuer-treppengitter-und-babygitter-als-auch-4er-set\/#primaryimage","url":"https:\/\/m.media-amazon.com\/images\/I\/31i6S+ya3vL._SL500_.jpg","contentUrl":"https:\/\/m.media-amazon.com\/images\/I\/31i6S+ya3vL._SL500_.jpg","width":500,"height":500},{"@type":"BreadcrumbList","@id":"https:\/\/marktxxl.de\/markt\/produkt\/wall-nanny-wandschuetzer-fuer-treppengitter-und-babygitter-als-auch-4er-set\/#breadcrumb","itemListElement":[{"@type":"ListItem","position":1,"name":"Startseite","item":"https:\/\/marktxxl.de\/markt\/"},{"@type":"ListItem","position":2,"name":"Markt","item":"https:\/\/marktxxl.de\/markt\/"},{"@type":"ListItem","position":3,"name":"Wall Nanny \u2013 Wandsch\u00fctzer f\u00fcr Treppengitter und Babygitter als auch (4er-Set)"}]},{"@type":"WebSite","@id":"https:\/\/marktxxl.de\/markt\/#website","url":"https:\/\/marktxxl.de\/markt\/","name":"Markt-XXL","description":"Ihr Markt Online","publisher":{"@id":"https:\/\/marktxxl.de\/markt\/#organization"},"potentialAction":[{"@type":"SearchAction","target":{"@type":"EntryPoint","urlTemplate":"https:\/\/marktxxl.de\/markt\/?s={search_term_string}"},"query-input":{"@type":"PropertyValueSpecification","valueRequired":true,"valueName":"search_term_string"}}],"inLanguage":"de"},{"@type":"Organization","@id":"https:\/\/marktxxl.de\/markt\/#organization","name":"Markt-XXL","url":"https:\/\/marktxxl.de\/markt\/","logo":{"@type":"ImageObject","inLanguage":"de","@id":"https:\/\/marktxxl.de\/markt\/#\/schema\/logo\/image\/","url":"https:\/\/marktxxl.de\/markt\/wp-content\/uploads\/sites\/3\/2020\/12\/logo.png","contentUrl":"https:\/\/marktxxl.de\/markt\/wp-content\/uploads\/sites\/3\/2020\/12\/logo.png","width":200,"height":70,"caption":"Markt-XXL"},"image":{"@id":"https:\/\/marktxxl.de\/markt\/#\/schema\/logo\/image\/"}}]}},"_links":{"self":[{"href":"https:\/\/marktxxl.de\/markt\/wp-json\/wp\/v2\/product\/27848","targetHints":{"allow":["GET"]}}],"collection":[{"href":"https:\/\/marktxxl.de\/markt\/wp-json\/wp\/v2\/product"}],"about":[{"href":"https:\/\/marktxxl.de\/markt\/wp-json\/wp\/v2\/types\/product"}],"replies":[{"embeddable":true,"href":"https:\/\/marktxxl.de\/markt\/wp-json\/wp\/v2\/comments?post=27848"}],"wp:featuredmedia":[{"embeddable":true,"href":"https:\/\/marktxxl.de\/markt\/wp-json\/wp\/v2\/media\/27849"}],"wp:attachment":[{"href":"https:\/\/marktxxl.de\/markt\/wp-json\/wp\/v2\/media?parent=27848"}],"wp:term":[{"taxonomy":"product_brand","embeddable":true,"href":"https:\/\/marktxxl.de\/markt\/wp-json\/wp\/v2\/product_brand?post=27848"},{"taxonomy":"product_cat","embeddable":true,"href":"https:\/\/marktxxl.de\/markt\/wp-json\/wp\/v2\/product_cat?post=27848"},{"taxonomy":"product_tag","embeddable":true,"href":"https:\/\/marktxxl.de\/markt\/wp-json\/wp\/v2\/product_tag?post=27848"}],"curies":[{"name":"wp","href":"https:\/\/api.w.org\/{rel}","templated":true}]}}